{"id":62098,"date":"2018-03-21T14:40:08","date_gmt":"2018-03-21T13:40:08","guid":{"rendered":"https:\/\/pule.se\/produkt\/berlin-bankset-premium\/"},"modified":"2026-04-02T14:43:09","modified_gmt":"2026-04-02T12:43:09","slug":"berlin-bankset-premium","status":"publish","type":"product","link":"https:\/\/shop.bjerring-sales.dk\/da\/vare\/berlin-bankset-premium\/","title":{"rendered":"Berlin bord\/b\u00e6nkes\u00e6t \u2013 Premium"},"content":{"rendered":"<div class=\"wpb-content-wrapper\"><div class=\"vc_row wpb_row vc_row-fluid\"><div class=\"wpb_column vc_column_container vc_col-sm-12\"><div class=\"vc_column-inner\"><div class=\"wpb_wrapper\">\n\t<div class=\"wpb_text_column wpb_content_element\" >\n\t\t<div class=\"wpb_wrapper\">\n\t\t\t<p><span style=\"font-size: 24pt\">Berlin bord\/b\u00e6nkes\u00e6t Premium - Bedste kvalitet til en god pris!<\/span><br \/>\nBerlin b\u00e6nks\u00e6t Premium er et b\u00e6nks\u00e6t i fyrretr\u00e6. B\u00e6nks\u00e6ttet er perfekt til events, messer, fester, festivaler og picnic. Basic-versionen f\u00e5s i \u00e9n st\u00f8rrelse og Premium-versionen f\u00e5s i tre st\u00f8rrelser. Bordpladen er udf\u00f8rt i lakeret fyrretr\u00e6 og bord stellet er en gr\u00f8n pulverlakeret st\u00e5lstand.<\/p>\n\n\t\t<\/div>\n\t<\/div>\n<\/div><\/div><\/div><\/div><div class=\"vc_row wpb_row vc_row-fluid\"><div class=\"wpb_column vc_column_container vc_col-sm-6\"><div class=\"vc_column-inner\"><div class=\"wpb_wrapper\">\n\t<div  class=\"wpb_single_image wpb_content_element vc_align_center\">\n\t\t\n\t\t<figure class=\"wpb_wrapper vc_figure\">\n\t\t\t<div class=\"vc_single_image-wrapper vc_box_shadow_border  vc_box_border_grey\"><img loading=\"lazy\" decoding=\"async\" width=\"800\" height=\"550\" src=\"https:\/\/shop.bjerring-sales.dk\/wp-content\/uploads\/2018\/03\/Berlin_x2_800x550.jpg\" class=\"vc_single_image-img attachment-full\" alt=\"\" title=\"Berlin_x2_800x550\" srcset=\"https:\/\/shop.bjerring-sales.dk\/wp-content\/uploads\/2018\/03\/Berlin_x2_800x550.jpg 800w, https:\/\/shop.bjerring-sales.dk\/wp-content\/uploads\/2018\/03\/Berlin_x2_800x550-150x103.jpg 150w, https:\/\/shop.bjerring-sales.dk\/wp-content\/uploads\/2018\/03\/Berlin_x2_800x550-600x413.jpg 600w, https:\/\/shop.bjerring-sales.dk\/wp-content\/uploads\/2018\/03\/Berlin_x2_800x550-300x206.jpg 300w, https:\/\/shop.bjerring-sales.dk\/wp-content\/uploads\/2018\/03\/Berlin_x2_800x550-768x528.jpg 768w\" sizes=\"auto, (max-width: 800px) 100vw, 800px\" \/><\/div>\n\t\t<\/figure>\n\t<\/div>\n<\/div><\/div><\/div><div class=\"wpb_column vc_column_container vc_col-sm-6\"><div class=\"vc_column-inner\"><div class=\"wpb_wrapper\">\n\t<div  class=\"wpb_single_image wpb_content_element vc_align_center\">\n\t\t\n\t\t<figure class=\"wpb_wrapper vc_figure\">\n\t\t\t<div class=\"vc_single_image-wrapper vc_box_shadow_border  vc_box_border_grey\"><img loading=\"lazy\" decoding=\"async\" width=\"800\" height=\"550\" src=\"https:\/\/shop.bjerring-sales.dk\/wp-content\/uploads\/2018\/03\/Berlin_bankset_miljo_800x550.jpg\" class=\"vc_single_image-img attachment-full\" alt=\"\" title=\"Berlin_bankset_environment_800x550\" srcset=\"https:\/\/shop.bjerring-sales.dk\/wp-content\/uploads\/2018\/03\/Berlin_bankset_miljo_800x550.jpg 800w, https:\/\/shop.bjerring-sales.dk\/wp-content\/uploads\/2018\/03\/Berlin_bankset_miljo_800x550-150x103.jpg 150w, https:\/\/shop.bjerring-sales.dk\/wp-content\/uploads\/2018\/03\/Berlin_bankset_miljo_800x550-600x413.jpg 600w, https:\/\/shop.bjerring-sales.dk\/wp-content\/uploads\/2018\/03\/Berlin_bankset_miljo_800x550-300x206.jpg 300w, https:\/\/shop.bjerring-sales.dk\/wp-content\/uploads\/2018\/03\/Berlin_bankset_miljo_800x550-768x528.jpg 768w\" sizes=\"auto, (max-width: 800px) 100vw, 800px\" \/><\/div>\n\t\t<\/figure>\n\t<\/div>\n<\/div><\/div><\/div><\/div><div class=\"vc_row wpb_row vc_row-fluid\"><div class=\"wpb_column vc_column_container vc_col-sm-6\"><div class=\"vc_column-inner\"><div class=\"wpb_wrapper\">\n\t<div class=\"wpb_text_column wpb_content_element\" >\n\t\t<div class=\"wpb_wrapper\">\n\t\t\t<p><span style=\"font-size: 18pt\">Specifikationer<\/span><\/p>\n<ul>\n<li>MOQ 4 stk<\/li>\n<li>Bord og bordplader i fyrretr\u00e6<\/li>\n<li>Bord- og b\u00e6nkes\u00e6t i pulverlakeret st\u00e5l<\/li>\n<li>F\u00e5s ogs\u00e5 i Basic design<\/li>\n<\/ul>\n<p><span style=\"font-size: 18pt\">Dimensioner \/ V\u00e6gt \u2013 180\u00d770 cm<\/span><\/p>\n<ul>\n<li>L\u00e6ngde: 180 cm<\/li>\n<li>Bredde: 70 cm<\/li>\n<li>H\u00f8jde: 76 cm<\/li>\n<li>V\u00e6gt: 48 kg<\/li>\n<\/ul>\n\n\t\t<\/div>\n\t<\/div>\n<\/div><\/div><\/div><div class=\"wpb_column vc_column_container vc_col-sm-6\"><div class=\"vc_column-inner\"><div class=\"wpb_wrapper\">\n\t<div class=\"wpb_text_column wpb_content_element\" >\n\t\t<div class=\"wpb_wrapper\">\n\t\t\t<p><span style=\"font-size: 18pt\">Dimensioner \/ V\u00e6gt \u2013 200\u00d770 cm<\/span><\/p>\n<ul>\n<li>L\u00e6ngde: 200 cm<\/li>\n<li>Bredde: 70 cm<\/li>\n<li>H\u00f8jde: 76 cm<\/li>\n<li>V\u00e6gt: 51 kg<\/li>\n<\/ul>\n<p><span style=\"font-size: 18pt\">Dimensioner \/ V\u00e6gt \u2013 220\u00d770 cm<\/span><\/p>\n<ul>\n<li>L\u00e6ngde: 220 cm<\/li>\n<li>Bredde: 70 cm<\/li>\n<li>H\u00f8jde: 76 cm<\/li>\n<li>V\u00e6gt: 54 kg<\/li>\n<\/ul>\n\n\t\t<\/div>\n\t<\/div>\n<\/div><\/div><\/div><\/div>\n<\/div>","protected":false},"excerpt":{"rendered":"<p>Berlin er et b\u00e6nks\u00e6t i fyrretr\u00e6, der f\u00e5s i to forskellige designs, Basic og Premium. MOQ 4 stk. Basic-designet f\u00e5s i \u00e9n st\u00f8rrelse og Premium-designet f\u00e5s i tre st\u00f8rrelser.<\/p>","protected":false},"featured_media":98135,"template":"","meta":{"iawp_total_views":98},"product_brand":[],"product_cat":[5880,6345,5862,6304,5883],"product_tag":[6154,6155,6364],"class_list":{"0":"post-62098","1":"product","2":"type-product","3":"status-publish","4":"has-post-thumbnail","6":"product_cat-bankset","7":"product_cat-bankset-utomhus","8":"product_cat-paketprodukter","9":"product_cat-utemobler","10":"product_cat-paket-med-bord","11":"product_tag-fallbart-bankset","12":"product_tag-berlin-bankset","13":"product_tag-bankset-premium","15":"first","16":"instock","17":"taxable","18":"shipping-taxable","19":"purchasable","20":"product-type-variable"},"yoast_head":"<!-- This site is optimized with the Yoast SEO plugin v27.0 - https:\/\/yoast.com\/product\/yoast-seo-wordpress\/ -->\n<title>Berlin b\u00e4nkset - Premium - Bjerring-Sales<\/title>\n<meta name=\"description\" content=\"B\u00e4nksetet passar perfekt till evenemang, m\u00e4ssor, fester, festivaler och picknickar. B\u00e5de b\u00e4nk och bord kan k\u00f6pas separat. Basic utf\u00f6randet finns i en storlek och Premium utf\u00f6randet finns i tre storlekar.\" \/>\n<meta name=\"robots\" content=\"index, follow, max-snippet:-1, max-image-preview:large, max-video-preview:-1\" \/>\n<link rel=\"canonical\" href=\"https:\/\/shop.bjerring-sales.dk\/da\/vare\/berlin-bankset-premium\/\" \/>\n<meta property=\"og:locale\" content=\"da_DK\" \/>\n<meta property=\"og:type\" content=\"article\" \/>\n<meta property=\"og:title\" content=\"Berlin b\u00e4nkset Premium - B\u00e4sta kvalitet till bra pris!\" \/>\n<meta property=\"og:description\" content=\"Berlin b\u00e4nkset Premium \u00e4r ett b\u00e4nkset i furu. B\u00e4nksetet passar perfekt till evenemang, m\u00e4ssor, fester, festivaler och picknickar. B\u00e5de b\u00e4nk och bord kan k\u00f6pas separat.\" \/>\n<meta property=\"og:url\" content=\"https:\/\/shop.bjerring-sales.dk\/da\/vare\/berlin-bankset-premium\/\" \/>\n<meta property=\"og:site_name\" content=\"Bjerring-Sales\" \/>\n<meta property=\"article:modified_time\" content=\"2026-04-02T12:43:09+00:00\" \/>\n<meta property=\"og:image\" content=\"https:\/\/shop.bjerring-sales.dk\/wp-content\/uploads\/2018\/03\/Berlin_bankset_miljo_800x550.jpg\" \/>\n\t<meta property=\"og:image:width\" content=\"800\" \/>\n\t<meta property=\"og:image:height\" content=\"550\" \/>\n\t<meta property=\"og:image:type\" content=\"image\/jpeg\" \/>\n<meta name=\"twitter:card\" content=\"summary_large_image\" \/>\n<meta name=\"twitter:title\" content=\"Berlin b\u00e4nkset Premium - B\u00e4sta kvalitet till bra pris!\" \/>\n<meta name=\"twitter:description\" content=\"Berlin b\u00e4nkset Premium \u00e4r ett b\u00e4nkset i furu. B\u00e4nksetet passar perfekt till evenemang, m\u00e4ssor, fester, festivaler och picknickar. B\u00e5de b\u00e4nk och bord kan k\u00f6pas separat.\" \/>\n<meta name=\"twitter:image\" content=\"https:\/\/shop.bjerring-sales.dk\/wp-content\/uploads\/2018\/03\/Berlin_bankset_miljo_800x550.jpg\" \/>\n<meta name=\"twitter:label1\" content=\"Estimeret l\u00e6setid\" \/>\n\t<meta name=\"twitter:data1\" content=\"1 minut\" \/>\n<script type=\"application\/ld+json\" class=\"yoast-schema-graph\">{\"@context\":\"https:\/\/schema.org\",\"@graph\":[{\"@type\":\"WebPage\",\"@id\":\"https:\/\/shop.bjerring-sales.dk\/sv\/produkt\/berlin-bankset-premium\/\",\"url\":\"https:\/\/shop.bjerring-sales.dk\/sv\/produkt\/berlin-bankset-premium\/\",\"name\":\"Berlin b\u00e4nkset - Premium - Bjerring-Sales\",\"isPartOf\":{\"@id\":\"https:\/\/shop.bjerring-sales.dk\/#website\"},\"primaryImageOfPage\":{\"@id\":\"https:\/\/shop.bjerring-sales.dk\/sv\/produkt\/berlin-bankset-premium\/#primaryimage\"},\"image\":{\"@id\":\"https:\/\/shop.bjerring-sales.dk\/sv\/produkt\/berlin-bankset-premium\/#primaryimage\"},\"thumbnailUrl\":\"https:\/\/shop.bjerring-sales.dk\/wp-content\/uploads\/2024\/08\/webb-berlinbankset.jpg\",\"datePublished\":\"2018-03-21T13:40:08+00:00\",\"dateModified\":\"2026-04-02T12:43:09+00:00\",\"description\":\"B\u00e4nksetet passar perfekt till evenemang, m\u00e4ssor, fester, festivaler och picknickar. B\u00e5de b\u00e4nk och bord kan k\u00f6pas separat. Basic utf\u00f6randet finns i en storlek och Premium utf\u00f6randet finns i tre storlekar.\",\"breadcrumb\":{\"@id\":\"https:\/\/shop.bjerring-sales.dk\/sv\/produkt\/berlin-bankset-premium\/#breadcrumb\"},\"inLanguage\":\"da-DK\",\"potentialAction\":[{\"@type\":\"ReadAction\",\"target\":[\"https:\/\/shop.bjerring-sales.dk\/sv\/produkt\/berlin-bankset-premium\/\"]}]},{\"@type\":\"ImageObject\",\"inLanguage\":\"da-DK\",\"@id\":\"https:\/\/shop.bjerring-sales.dk\/sv\/produkt\/berlin-bankset-premium\/#primaryimage\",\"url\":\"https:\/\/shop.bjerring-sales.dk\/wp-content\/uploads\/2024\/08\/webb-berlinbankset.jpg\",\"contentUrl\":\"https:\/\/shop.bjerring-sales.dk\/wp-content\/uploads\/2024\/08\/webb-berlinbankset.jpg\",\"width\":800,\"height\":800},{\"@type\":\"BreadcrumbList\",\"@id\":\"https:\/\/shop.bjerring-sales.dk\/sv\/produkt\/berlin-bankset-premium\/#breadcrumb\",\"itemListElement\":[{\"@type\":\"ListItem\",\"position\":1,\"name\":\"Hem\",\"item\":\"https:\/\/shop.bjerring-sales.dk\/\"},{\"@type\":\"ListItem\",\"position\":2,\"name\":\"Webbutik\",\"item\":\"https:\/\/shop.bjerring-sales.dk\/butik\/\"},{\"@type\":\"ListItem\",\"position\":3,\"name\":\"Berlin b\u00e4nkset &#8211; Premium\"}]},{\"@type\":\"WebSite\",\"@id\":\"https:\/\/shop.bjerring-sales.dk\/#website\",\"url\":\"https:\/\/shop.bjerring-sales.dk\/\",\"name\":\"Bjerring-Sales\",\"description\":\"M\u00f6bler f\u00f6r teatrar, skolor, kontor och k\u00f6pcentrum\",\"publisher\":{\"@id\":\"https:\/\/shop.bjerring-sales.dk\/#organization\"},\"potentialAction\":[{\"@type\":\"SearchAction\",\"target\":{\"@type\":\"EntryPoint\",\"urlTemplate\":\"https:\/\/shop.bjerring-sales.dk\/?s={search_term_string}\"},\"query-input\":{\"@type\":\"PropertyValueSpecification\",\"valueRequired\":true,\"valueName\":\"search_term_string\"}}],\"inLanguage\":\"da-DK\"},{\"@type\":\"Organization\",\"@id\":\"https:\/\/shop.bjerring-sales.dk\/#organization\",\"name\":\"Bjerring-Sales\",\"url\":\"https:\/\/shop.bjerring-sales.dk\/\",\"logo\":{\"@type\":\"ImageObject\",\"inLanguage\":\"da-DK\",\"@id\":\"https:\/\/shop.bjerring-sales.dk\/#\/schema\/logo\/image\/\",\"url\":\"https:\/\/shop.bjerring-sales.dk\/wp-content\/uploads\/2023\/01\/logo_sv.png\",\"contentUrl\":\"https:\/\/shop.bjerring-sales.dk\/wp-content\/uploads\/2023\/01\/logo_sv.png\",\"width\":195,\"height\":68,\"caption\":\"Bjerring-Sales\"},\"image\":{\"@id\":\"https:\/\/shop.bjerring-sales.dk\/#\/schema\/logo\/image\/\"}}]}<\/script>\n<!-- \/ Yoast SEO plugin. -->","yoast_head_json":{"title":"Berlin b\u00e4nkset - Premium - Bjerring-Sales","description":"B\u00e4nksetet passar perfekt till evenemang, m\u00e4ssor, fester, festivaler och picknickar. B\u00e5de b\u00e4nk och bord kan k\u00f6pas separat. Basic utf\u00f6randet finns i en storlek och Premium utf\u00f6randet finns i tre storlekar.","robots":{"index":"index","follow":"follow","max-snippet":"max-snippet:-1","max-image-preview":"max-image-preview:large","max-video-preview":"max-video-preview:-1"},"canonical":"https:\/\/shop.bjerring-sales.dk\/da\/vare\/berlin-bankset-premium\/","og_locale":"da_DK","og_type":"article","og_title":"Berlin b\u00e4nkset Premium - B\u00e4sta kvalitet till bra pris!","og_description":"Berlin b\u00e4nkset Premium \u00e4r ett b\u00e4nkset i furu. B\u00e4nksetet passar perfekt till evenemang, m\u00e4ssor, fester, festivaler och picknickar. B\u00e5de b\u00e4nk och bord kan k\u00f6pas separat.","og_url":"https:\/\/shop.bjerring-sales.dk\/da\/vare\/berlin-bankset-premium\/","og_site_name":"Bjerring-Sales","article_modified_time":"2026-04-02T12:43:09+00:00","og_image":[{"width":800,"height":550,"url":"https:\/\/shop.bjerring-sales.dk\/wp-content\/uploads\/2018\/03\/Berlin_bankset_miljo_800x550.jpg","type":"image\/jpeg"}],"twitter_card":"summary_large_image","twitter_title":"Berlin b\u00e4nkset Premium - B\u00e4sta kvalitet till bra pris!","twitter_description":"Berlin b\u00e4nkset Premium \u00e4r ett b\u00e4nkset i furu. B\u00e4nksetet passar perfekt till evenemang, m\u00e4ssor, fester, festivaler och picknickar. B\u00e5de b\u00e4nk och bord kan k\u00f6pas separat.","twitter_image":"https:\/\/shop.bjerring-sales.dk\/wp-content\/uploads\/2018\/03\/Berlin_bankset_miljo_800x550.jpg","twitter_misc":{"Estimeret l\u00e6setid":"1 minut"},"schema":{"@context":"https:\/\/schema.org","@graph":[{"@type":"WebPage","@id":"https:\/\/shop.bjerring-sales.dk\/sv\/produkt\/berlin-bankset-premium\/","url":"https:\/\/shop.bjerring-sales.dk\/sv\/produkt\/berlin-bankset-premium\/","name":"Berlin b\u00e4nkset - Premium - Bjerring-Sales","isPartOf":{"@id":"https:\/\/shop.bjerring-sales.dk\/#website"},"primaryImageOfPage":{"@id":"https:\/\/shop.bjerring-sales.dk\/sv\/produkt\/berlin-bankset-premium\/#primaryimage"},"image":{"@id":"https:\/\/shop.bjerring-sales.dk\/sv\/produkt\/berlin-bankset-premium\/#primaryimage"},"thumbnailUrl":"https:\/\/shop.bjerring-sales.dk\/wp-content\/uploads\/2024\/08\/webb-berlinbankset.jpg","datePublished":"2018-03-21T13:40:08+00:00","dateModified":"2026-04-02T12:43:09+00:00","description":"B\u00e4nksetet passar perfekt till evenemang, m\u00e4ssor, fester, festivaler och picknickar. B\u00e5de b\u00e4nk och bord kan k\u00f6pas separat. Basic utf\u00f6randet finns i en storlek och Premium utf\u00f6randet finns i tre storlekar.","breadcrumb":{"@id":"https:\/\/shop.bjerring-sales.dk\/sv\/produkt\/berlin-bankset-premium\/#breadcrumb"},"inLanguage":"da-DK","potentialAction":[{"@type":"ReadAction","target":["https:\/\/shop.bjerring-sales.dk\/sv\/produkt\/berlin-bankset-premium\/"]}]},{"@type":"ImageObject","inLanguage":"da-DK","@id":"https:\/\/shop.bjerring-sales.dk\/sv\/produkt\/berlin-bankset-premium\/#primaryimage","url":"https:\/\/shop.bjerring-sales.dk\/wp-content\/uploads\/2024\/08\/webb-berlinbankset.jpg","contentUrl":"https:\/\/shop.bjerring-sales.dk\/wp-content\/uploads\/2024\/08\/webb-berlinbankset.jpg","width":800,"height":800},{"@type":"BreadcrumbList","@id":"https:\/\/shop.bjerring-sales.dk\/sv\/produkt\/berlin-bankset-premium\/#breadcrumb","itemListElement":[{"@type":"ListItem","position":1,"name":"Hem","item":"https:\/\/shop.bjerring-sales.dk\/"},{"@type":"ListItem","position":2,"name":"Webbutik","item":"https:\/\/shop.bjerring-sales.dk\/butik\/"},{"@type":"ListItem","position":3,"name":"Berlin b\u00e4nkset &#8211; Premium"}]},{"@type":"WebSite","@id":"https:\/\/shop.bjerring-sales.dk\/#website","url":"https:\/\/shop.bjerring-sales.dk\/","name":"Bjerring-Salg","description":"M\u00f8bler til teatre, skoler, kontorer og indk\u00f8bscentre","publisher":{"@id":"https:\/\/shop.bjerring-sales.dk\/#organization"},"potentialAction":[{"@type":"SearchAction","target":{"@type":"EntryPoint","urlTemplate":"https:\/\/shop.bjerring-sales.dk\/?s={search_term_string}"},"query-input":{"@type":"PropertyValueSpecification","valueRequired":true,"valueName":"search_term_string"}}],"inLanguage":"da-DK"},{"@type":"Organization","@id":"https:\/\/shop.bjerring-sales.dk\/#organization","name":"Bjerring-Salg","url":"https:\/\/shop.bjerring-sales.dk\/","logo":{"@type":"ImageObject","inLanguage":"da-DK","@id":"https:\/\/shop.bjerring-sales.dk\/#\/schema\/logo\/image\/","url":"https:\/\/shop.bjerring-sales.dk\/wp-content\/uploads\/2023\/01\/logo_sv.png","contentUrl":"https:\/\/shop.bjerring-sales.dk\/wp-content\/uploads\/2023\/01\/logo_sv.png","width":195,"height":68,"caption":"Bjerring-Sales"},"image":{"@id":"https:\/\/shop.bjerring-sales.dk\/#\/schema\/logo\/image\/"}}]}},"_links":{"self":[{"href":"https:\/\/shop.bjerring-sales.dk\/da\/wp-json\/wp\/v2\/product\/62098","targetHints":{"allow":["GET"]}}],"collection":[{"href":"https:\/\/shop.bjerring-sales.dk\/da\/wp-json\/wp\/v2\/product"}],"about":[{"href":"https:\/\/shop.bjerring-sales.dk\/da\/wp-json\/wp\/v2\/types\/product"}],"wp:featuredmedia":[{"embeddable":true,"href":"https:\/\/shop.bjerring-sales.dk\/da\/wp-json\/wp\/v2\/media\/98135"}],"wp:attachment":[{"href":"https:\/\/shop.bjerring-sales.dk\/da\/wp-json\/wp\/v2\/media?parent=62098"}],"wp:term":[{"taxonomy":"product_brand","embeddable":true,"href":"https:\/\/shop.bjerring-sales.dk\/da\/wp-json\/wp\/v2\/product_brand?post=62098"},{"taxonomy":"product_cat","embeddable":true,"href":"https:\/\/shop.bjerring-sales.dk\/da\/wp-json\/wp\/v2\/product_cat?post=62098"},{"taxonomy":"product_tag","embeddable":true,"href":"https:\/\/shop.bjerring-sales.dk\/da\/wp-json\/wp\/v2\/product_tag?post=62098"}],"curies":[{"name":"wp","href":"https:\/\/api.w.org\/{rel}","templated":true}]}}