{"id":62068,"date":"2018-03-21T16:02:02","date_gmt":"2018-03-21T15:02:02","guid":{"rendered":"https:\/\/pule.se\/produkt\/flip-runda\/"},"modified":"2023-11-11T16:08:40","modified_gmt":"2023-11-11T15:08:40","slug":"flip-runda","status":"publish","type":"product","link":"https:\/\/shop.bjerring-sales.dk\/da\/vare\/flip-runda\/","title":{"rendered":"Flip"},"content":{"rendered":"<div class=\"wpb-content-wrapper\"><div class=\"vc_row wpb_row vc_row-fluid\"><div class=\"wpb_column vc_column_container vc_col-sm-12\"><div class=\"vc_column-inner\"><div class=\"wpb_wrapper\">\n\t<div class=\"wpb_text_column wpb_content_element\" >\n\t\t<div class=\"wpb_wrapper\">\n\t\t\t<p><span style=\"font-size: 24pt;\">Flip er et robust og stabilt sammenklappeligt st\u00e5bord<\/span><br \/>\nOplev Flip, som et p\u00e5lideligt st\u00e5ende skrivebord til lejligheder, hvor bev\u00e6gelse og holdbarhed er p\u00e5kr\u00e6vet. Dette sammenklappelige st\u00e5bord er en alsidig l\u00f8sning, der er perfekt til events, konferencer, i frokostlokaler, restauranter og selvf\u00f8lgelig til mingle. Flip f\u00e5s med to elegante bordplader at v\u00e6lge imellem: en stilfuld hvid marmoreret plade eller en stilfuld antracitgr\u00e5 variant. For at passe ind i forskellige milj\u00f8er tilbyder vi tre forskellige muligheder for bordstel: s\u00f8lvgr\u00e5, sort hammerlak eller galvaniseret stel<\/p>\n\n\t\t<\/div>\n\t<\/div>\n<\/div><\/div><\/div><\/div><div class=\"vc_row wpb_row vc_row-fluid\"><div class=\"wpb_column vc_column_container vc_col-sm-12\"><div class=\"vc_column-inner\"><div class=\"wpb_wrapper\"><div class=\"vc_separator wpb_content_element vc_separator_align_center vc_sep_width_100 vc_sep_pos_align_center vc_separator_no_text vc_sep_color_grey\" ><span class=\"vc_sep_holder vc_sep_holder_l\"><span class=\"vc_sep_line\"><\/span><\/span><span class=\"vc_sep_holder vc_sep_holder_r\"><span class=\"vc_sep_line\"><\/span><\/span>\n<\/div><\/div><\/div><\/div><\/div><div class=\"vc_row wpb_row vc_row-fluid\"><div class=\"wpb_column vc_column_container vc_col-sm-6\"><div class=\"vc_column-inner\"><div class=\"wpb_wrapper\">\n\t<div class=\"wpb_text_column wpb_content_element\" >\n\t\t<div class=\"wpb_wrapper\">\n\t\t\t<p><span style=\"font-size: 18pt;\">Anvendelsesomr\u00e5de<br \/>\n<\/span>Med sin robuste konstruktion og muligheden for at folde den sammen for nem transport og opbevaring, er Flip den perfekte l\u00f8sning til dynamiske milj\u00f8er, hvor mennesker bev\u00e6ger sig frit omkring. Skab en praktisk og stilfuld atmosf\u00e6re med Flip. Suppler gerne Flip bordene med stilfulde st\u00e5bord stel, der f\u00e5s i forskellige farver, de er perfekte til arrangementer og live  festligheder op.<\/p>\n<p><span style=\"font-size: 18pt;\">Fordele<\/span><\/p>\n<ul>\n<li>UV-beskyttelse og er vandafvisende<\/li>\n<li>Vogn til Flip-bordet rummer 10-15 stk. alt efter om de er placeret i h\u00f8jden, lodret eller bredden<\/li>\n<li>V\u00e6lg mellem forskellige farver af st\u00e5ende bordstel<\/li>\n<li>Passer perfekt til Manacor barstol<\/li>\n<\/ul>\n<p><span style=\"font-size: 18pt;\">Farver<\/span><\/p>\n<ul>\n<li>Bordpladen i slidst\u00e6rk plast f\u00e5s i hvidmarmoreret eller antracitgr\u00e5<\/li>\n<li>Bordstellet f\u00e5s i s\u00f8lvgr\u00e5, galvaniseret st\u00e5l eller sort hammerlak<\/li>\n<\/ul>\n\n\t\t<\/div>\n\t<\/div>\n<\/div><\/div><\/div><div class=\"wpb_column vc_column_container vc_col-sm-6\"><div class=\"vc_column-inner\"><div class=\"wpb_wrapper\">\n\t<div class=\"wpb_text_column wpb_content_element\" >\n\t\t<div class=\"wpb_wrapper\">\n\t\t\t<p><span style=\"font-size: 18pt;\">M\u00e5l\/v\u00e6gt Flip \u00d870 cm<\/span><\/p>\n<ul>\n<li>Bordplade diameter: \u00d870 cm<\/li>\n<li>H\u00f8jde: 105 cm<\/li>\n<li>M\u00e5l sammenklappet bord: H\u00f8jde: 130 cm | Bredde: 70 cm | Tykkelse: 9 cm<\/li>\n<li>V\u00e6gt: 11,3 kg<\/li>\n<\/ul>\n<p><span style=\"font-size: 18pt;\">M\u00e5l\/v\u00e6gt Flip \u00d880 cm<\/span><\/p>\n<ul>\n<li>Bordplade diameter: \u00d880 cm<\/li>\n<li>H\u00f8jde: 105 cm<\/li>\n<li>M\u00e5l sammenklappet bord: H\u00f8jde: 137,5 cm | Bredde: 85 cm | Tykkelse: 9 cm<\/li>\n<li>V\u00e6gt: 13,5 kg<\/li>\n<\/ul>\n\n\t\t<\/div>\n\t<\/div>\n<\/div><\/div><\/div><\/div>\n<\/div>","protected":false},"excerpt":{"rendered":"<p>Flip er et slidst\u00e6rkt og stabilt sammenklappeligt st\u00e5bord. Velegnet til brug hvor mange mennesker f\u00e6rdes.<\/p>","protected":false},"featured_media":75387,"template":"","meta":{"iawp_total_views":0},"product_brand":[],"product_cat":[5787,5897],"product_tag":[6013,6076,6087],"class_list":{"0":"post-62068","1":"product","2":"type-product","3":"status-publish","4":"has-post-thumbnail","6":"product_cat-bord","7":"product_cat-barbord","8":"product_tag-stabord","9":"product_tag-flip-bordet","10":"product_tag-fallbart-barbord","12":"first","13":"instock","14":"taxable","15":"shipping-taxable","16":"purchasable","17":"product-type-variable"},"yoast_head":"<!-- This site is optimized with the Yoast SEO plugin v27.0 - https:\/\/yoast.com\/product\/yoast-seo-wordpress\/ -->\n<title>Flip runda - Bjerring-Sales<\/title>\n<meta name=\"description\" content=\"Flip \u00e4r ett t\u00e5ligt och stabilt f\u00e4llbart barbord. L\u00e4mpligt att anv\u00e4nda d\u00e4r mycket folk r\u00f6r sig.\" \/>\n<meta name=\"robots\" content=\"index, follow, max-snippet:-1, max-image-preview:large, max-video-preview:-1\" \/>\n<link rel=\"canonical\" href=\"https:\/\/shop.bjerring-sales.dk\/da\/vare\/flip-runda\/\" \/>\n<meta property=\"og:locale\" content=\"da_DK\" \/>\n<meta property=\"og:type\" content=\"article\" \/>\n<meta property=\"og:title\" content=\"Flip runda - Bjerring-Sales\" \/>\n<meta property=\"og:description\" content=\"Flip \u00e4r ett t\u00e5ligt och stabilt f\u00e4llbart barbord. L\u00e4mpligt att anv\u00e4nda d\u00e4r mycket folk r\u00f6r sig.\" \/>\n<meta property=\"og:url\" content=\"https:\/\/shop.bjerring-sales.dk\/da\/vare\/flip-runda\/\" \/>\n<meta property=\"og:site_name\" content=\"Bjerring-Sales\" \/>\n<meta property=\"article:modified_time\" content=\"2023-11-11T15:08:40+00:00\" \/>\n<meta property=\"og:image\" content=\"https:\/\/shop.bjerring-sales.dk\/wp-content\/uploads\/2018\/03\/Elj_FL8510512_800x800-2.jpg\" \/>\n\t<meta property=\"og:image:width\" content=\"800\" \/>\n\t<meta property=\"og:image:height\" content=\"800\" \/>\n\t<meta property=\"og:image:type\" content=\"image\/jpeg\" \/>\n<meta name=\"twitter:card\" content=\"summary_large_image\" \/>\n<meta name=\"twitter:label1\" content=\"Estimeret l\u00e6setid\" \/>\n\t<meta name=\"twitter:data1\" content=\"2 minutter\" \/>\n<script type=\"application\/ld+json\" class=\"yoast-schema-graph\">{\"@context\":\"https:\/\/schema.org\",\"@graph\":[{\"@type\":\"WebPage\",\"@id\":\"https:\/\/shop.bjerring-sales.dk\/sv\/produkt\/flip-runda\/\",\"url\":\"https:\/\/shop.bjerring-sales.dk\/sv\/produkt\/flip-runda\/\",\"name\":\"Flip runda - Bjerring-Sales\",\"isPartOf\":{\"@id\":\"https:\/\/shop.bjerring-sales.dk\/#website\"},\"primaryImageOfPage\":{\"@id\":\"https:\/\/shop.bjerring-sales.dk\/sv\/produkt\/flip-runda\/#primaryimage\"},\"image\":{\"@id\":\"https:\/\/shop.bjerring-sales.dk\/sv\/produkt\/flip-runda\/#primaryimage\"},\"thumbnailUrl\":\"https:\/\/shop.bjerring-sales.dk\/wp-content\/uploads\/2018\/03\/Elj_FL8510512_800x800-2.jpg\",\"datePublished\":\"2018-03-21T15:02:02+00:00\",\"dateModified\":\"2023-11-11T15:08:40+00:00\",\"description\":\"Flip \u00e4r ett t\u00e5ligt och stabilt f\u00e4llbart barbord. L\u00e4mpligt att anv\u00e4nda d\u00e4r mycket folk r\u00f6r sig.\",\"breadcrumb\":{\"@id\":\"https:\/\/shop.bjerring-sales.dk\/sv\/produkt\/flip-runda\/#breadcrumb\"},\"inLanguage\":\"da-DK\",\"potentialAction\":[{\"@type\":\"ReadAction\",\"target\":[\"https:\/\/shop.bjerring-sales.dk\/sv\/produkt\/flip-runda\/\"]}]},{\"@type\":\"ImageObject\",\"inLanguage\":\"da-DK\",\"@id\":\"https:\/\/shop.bjerring-sales.dk\/sv\/produkt\/flip-runda\/#primaryimage\",\"url\":\"https:\/\/shop.bjerring-sales.dk\/wp-content\/uploads\/2018\/03\/Elj_FL8510512_800x800-2.jpg\",\"contentUrl\":\"https:\/\/shop.bjerring-sales.dk\/wp-content\/uploads\/2018\/03\/Elj_FL8510512_800x800-2.jpg\",\"width\":800,\"height\":800},{\"@type\":\"BreadcrumbList\",\"@id\":\"https:\/\/shop.bjerring-sales.dk\/sv\/produkt\/flip-runda\/#breadcrumb\",\"itemListElement\":[{\"@type\":\"ListItem\",\"position\":1,\"name\":\"Hem\",\"item\":\"https:\/\/shop.bjerring-sales.dk\/\"},{\"@type\":\"ListItem\",\"position\":2,\"name\":\"Webbutik\",\"item\":\"https:\/\/shop.bjerring-sales.dk\/butik\/\"},{\"@type\":\"ListItem\",\"position\":3,\"name\":\"Flip runda\"}]},{\"@type\":\"WebSite\",\"@id\":\"https:\/\/shop.bjerring-sales.dk\/#website\",\"url\":\"https:\/\/shop.bjerring-sales.dk\/\",\"name\":\"Bjerring-Sales\",\"description\":\"M\u00f6bler f\u00f6r teatrar, skolor, kontor och k\u00f6pcentrum\",\"publisher\":{\"@id\":\"https:\/\/shop.bjerring-sales.dk\/#organization\"},\"potentialAction\":[{\"@type\":\"SearchAction\",\"target\":{\"@type\":\"EntryPoint\",\"urlTemplate\":\"https:\/\/shop.bjerring-sales.dk\/?s={search_term_string}\"},\"query-input\":{\"@type\":\"PropertyValueSpecification\",\"valueRequired\":true,\"valueName\":\"search_term_string\"}}],\"inLanguage\":\"da-DK\"},{\"@type\":\"Organization\",\"@id\":\"https:\/\/shop.bjerring-sales.dk\/#organization\",\"name\":\"Bjerring-Sales\",\"url\":\"https:\/\/shop.bjerring-sales.dk\/\",\"logo\":{\"@type\":\"ImageObject\",\"inLanguage\":\"da-DK\",\"@id\":\"https:\/\/shop.bjerring-sales.dk\/#\/schema\/logo\/image\/\",\"url\":\"https:\/\/shop.bjerring-sales.dk\/wp-content\/uploads\/2023\/01\/logo_sv.png\",\"contentUrl\":\"https:\/\/shop.bjerring-sales.dk\/wp-content\/uploads\/2023\/01\/logo_sv.png\",\"width\":195,\"height\":68,\"caption\":\"Bjerring-Sales\"},\"image\":{\"@id\":\"https:\/\/shop.bjerring-sales.dk\/#\/schema\/logo\/image\/\"}}]}<\/script>\n<!-- \/ Yoast SEO plugin. -->","yoast_head_json":{"title":"Flip runda - Bjerring-Sales","description":"Flip er et slidst\u00e6rkt og stabilt sammenklappeligt st\u00e5bord. Velegnet til brug hvor mange mennesker f\u00e6rdes.","robots":{"index":"index","follow":"follow","max-snippet":"max-snippet:-1","max-image-preview":"max-image-preview:large","max-video-preview":"max-video-preview:-1"},"canonical":"https:\/\/shop.bjerring-sales.dk\/da\/vare\/flip-runda\/","og_locale":"da_DK","og_type":"article","og_title":"Flip runda - Bjerring-Sales","og_description":"Flip \u00e4r ett t\u00e5ligt och stabilt f\u00e4llbart barbord. L\u00e4mpligt att anv\u00e4nda d\u00e4r mycket folk r\u00f6r sig.","og_url":"https:\/\/shop.bjerring-sales.dk\/da\/vare\/flip-runda\/","og_site_name":"Bjerring-Sales","article_modified_time":"2023-11-11T15:08:40+00:00","og_image":[{"width":800,"height":800,"url":"https:\/\/shop.bjerring-sales.dk\/wp-content\/uploads\/2018\/03\/Elj_FL8510512_800x800-2.jpg","type":"image\/jpeg"}],"twitter_card":"summary_large_image","twitter_misc":{"Estimeret l\u00e6setid":"2 minutter"},"schema":{"@context":"https:\/\/schema.org","@graph":[{"@type":"WebPage","@id":"https:\/\/shop.bjerring-sales.dk\/sv\/produkt\/flip-runda\/","url":"https:\/\/shop.bjerring-sales.dk\/sv\/produkt\/flip-runda\/","name":"Flip runda - Bjerring-Sales","isPartOf":{"@id":"https:\/\/shop.bjerring-sales.dk\/#website"},"primaryImageOfPage":{"@id":"https:\/\/shop.bjerring-sales.dk\/sv\/produkt\/flip-runda\/#primaryimage"},"image":{"@id":"https:\/\/shop.bjerring-sales.dk\/sv\/produkt\/flip-runda\/#primaryimage"},"thumbnailUrl":"https:\/\/shop.bjerring-sales.dk\/wp-content\/uploads\/2018\/03\/Elj_FL8510512_800x800-2.jpg","datePublished":"2018-03-21T15:02:02+00:00","dateModified":"2023-11-11T15:08:40+00:00","description":"Flip er et slidst\u00e6rkt og stabilt sammenklappeligt st\u00e5bord. Velegnet til brug hvor mange mennesker f\u00e6rdes.","breadcrumb":{"@id":"https:\/\/shop.bjerring-sales.dk\/sv\/produkt\/flip-runda\/#breadcrumb"},"inLanguage":"da-DK","potentialAction":[{"@type":"ReadAction","target":["https:\/\/shop.bjerring-sales.dk\/sv\/produkt\/flip-runda\/"]}]},{"@type":"ImageObject","inLanguage":"da-DK","@id":"https:\/\/shop.bjerring-sales.dk\/sv\/produkt\/flip-runda\/#primaryimage","url":"https:\/\/shop.bjerring-sales.dk\/wp-content\/uploads\/2018\/03\/Elj_FL8510512_800x800-2.jpg","contentUrl":"https:\/\/shop.bjerring-sales.dk\/wp-content\/uploads\/2018\/03\/Elj_FL8510512_800x800-2.jpg","width":800,"height":800},{"@type":"BreadcrumbList","@id":"https:\/\/shop.bjerring-sales.dk\/sv\/produkt\/flip-runda\/#breadcrumb","itemListElement":[{"@type":"ListItem","position":1,"name":"Hem","item":"https:\/\/shop.bjerring-sales.dk\/"},{"@type":"ListItem","position":2,"name":"Webbutik","item":"https:\/\/shop.bjerring-sales.dk\/butik\/"},{"@type":"ListItem","position":3,"name":"Flip runda"}]},{"@type":"WebSite","@id":"https:\/\/shop.bjerring-sales.dk\/#website","url":"https:\/\/shop.bjerring-sales.dk\/","name":"Bjerring-Salg","description":"M\u00f8bler til teatre, skoler, kontorer og indk\u00f8bscentre","publisher":{"@id":"https:\/\/shop.bjerring-sales.dk\/#organization"},"potentialAction":[{"@type":"SearchAction","target":{"@type":"EntryPoint","urlTemplate":"https:\/\/shop.bjerring-sales.dk\/?s={search_term_string}"},"query-input":{"@type":"PropertyValueSpecification","valueRequired":true,"valueName":"search_term_string"}}],"inLanguage":"da-DK"},{"@type":"Organization","@id":"https:\/\/shop.bjerring-sales.dk\/#organization","name":"Bjerring-Salg","url":"https:\/\/shop.bjerring-sales.dk\/","logo":{"@type":"ImageObject","inLanguage":"da-DK","@id":"https:\/\/shop.bjerring-sales.dk\/#\/schema\/logo\/image\/","url":"https:\/\/shop.bjerring-sales.dk\/wp-content\/uploads\/2023\/01\/logo_sv.png","contentUrl":"https:\/\/shop.bjerring-sales.dk\/wp-content\/uploads\/2023\/01\/logo_sv.png","width":195,"height":68,"caption":"Bjerring-Sales"},"image":{"@id":"https:\/\/shop.bjerring-sales.dk\/#\/schema\/logo\/image\/"}}]}},"_links":{"self":[{"href":"https:\/\/shop.bjerring-sales.dk\/da\/wp-json\/wp\/v2\/product\/62068","targetHints":{"allow":["GET"]}}],"collection":[{"href":"https:\/\/shop.bjerring-sales.dk\/da\/wp-json\/wp\/v2\/product"}],"about":[{"href":"https:\/\/shop.bjerring-sales.dk\/da\/wp-json\/wp\/v2\/types\/product"}],"wp:featuredmedia":[{"embeddable":true,"href":"https:\/\/shop.bjerring-sales.dk\/da\/wp-json\/wp\/v2\/media\/75387"}],"wp:attachment":[{"href":"https:\/\/shop.bjerring-sales.dk\/da\/wp-json\/wp\/v2\/media?parent=62068"}],"wp:term":[{"taxonomy":"product_brand","embeddable":true,"href":"https:\/\/shop.bjerring-sales.dk\/da\/wp-json\/wp\/v2\/product_brand?post=62068"},{"taxonomy":"product_cat","embeddable":true,"href":"https:\/\/shop.bjerring-sales.dk\/da\/wp-json\/wp\/v2\/product_cat?post=62068"},{"taxonomy":"product_tag","embeddable":true,"href":"https:\/\/shop.bjerring-sales.dk\/da\/wp-json\/wp\/v2\/product_tag?post=62068"}],"curies":[{"name":"wp","href":"https:\/\/api.w.org\/{rel}","templated":true}]}}