{"id":61878,"date":"2018-11-09T13:12:33","date_gmt":"2018-11-09T12:12:33","guid":{"rendered":"https:\/\/pule.se\/produkt\/stay-out-gul\/"},"modified":"2023-01-18T10:10:15","modified_gmt":"2023-01-18T09:10:15","slug":"stay-out-gul","status":"publish","type":"product","link":"https:\/\/shop.bjerring-sales.dk\/da\/vare\/stay-out-gul\/","title":{"rendered":"Stay Out! Gul\/sort"},"content":{"rendered":"<p><span style=\"font-size: 24pt\">Stay Out er et komplet afsp\u00e6rringss\u00e6t<\/span><br \/>\nS\u00e6t med 6 s\u00f8jler, 25 m k\u00e6de i gul\/sort plastik og plastikbeholder, som du fylder med sand eller vand for at skabe stabilitet.<\/p>\n<p>Afsp\u00e6rringss\u00e6ttet kan bruges b\u00e5de indend\u00f8rs og udend\u00f8rs og er velegnet til alle store omr\u00e5der, der skal afsp\u00e6rres midlertidigt, da det d\u00e6kker mange meter til en lav pris. Fx midlertidige parkeringspladser, pakhuse, udstillingsomr\u00e5der, badehuse mv.<\/p>","protected":false},"excerpt":{"rendered":"<p>Stay Out er et komplet afsp\u00e6rringss\u00e6t med 6 s\u00f8jler, 25 m k\u00e6de i gul\/sort plastik og plastikbeholder, som du fylder med sand eller vand for at skabe stabilitet.<\/p>","protected":false},"featured_media":75228,"template":"","meta":{"iawp_total_views":5},"product_brand":[],"product_cat":[6346,5817,5913],"product_tag":[],"class_list":{"0":"post-61878","1":"product","2":"type-product","3":"status-publish","4":"has-post-thumbnail","6":"product_cat-avsparrning-utomhus","7":"product_cat-avsparrning","8":"product_cat-avsparrningskit","10":"first","11":"instock","12":"taxable","13":"shipping-taxable","14":"purchasable","15":"product-type-simple"},"yoast_head":"<!-- This site is optimized with the Yoast SEO plugin v27.0 - https:\/\/yoast.com\/product\/yoast-seo-wordpress\/ -->\n<title>Stay Out! Gul\/svart - Bjerring-Sales<\/title>\n<meta name=\"description\" content=\"Stay out \u00e4r ett komplett avsp\u00e4rrningskit med 6 st stolpar, 25 m kedja i gul\/svart plast samt plastbeh\u00e5llare som man fyller med sand eller vatten f\u00f6r att skapa stabilitet.\" \/>\n<meta name=\"robots\" content=\"index, follow, max-snippet:-1, max-image-preview:large, max-video-preview:-1\" \/>\n<link rel=\"canonical\" href=\"https:\/\/shop.bjerring-sales.dk\/da\/vare\/stay-out-gul\/\" \/>\n<meta property=\"og:locale\" content=\"da_DK\" \/>\n<meta property=\"og:type\" content=\"article\" \/>\n<meta property=\"og:title\" content=\"Stay Out! Gul\/svart - Bjerring-Sales\" \/>\n<meta property=\"og:description\" content=\"Stay out \u00e4r ett komplett avsp\u00e4rrningskit med 6 st stolpar, 25 m kedja i gul\/svart plast samt plastbeh\u00e5llare som man fyller med sand eller vatten f\u00f6r att skapa stabilitet.\" \/>\n<meta property=\"og:url\" content=\"https:\/\/shop.bjerring-sales.dk\/da\/vare\/stay-out-gul\/\" \/>\n<meta property=\"og:site_name\" content=\"Bjerring-Sales\" \/>\n<meta property=\"article:modified_time\" content=\"2023-01-18T09:10:15+00:00\" \/>\n<meta property=\"og:image\" content=\"https:\/\/pule.se\/wp-content\/uploads\/2018\/11\/elj-stay-out-gulsvart1-1.jpg\" \/>\n\t<meta property=\"og:image:width\" content=\"800\" \/>\n\t<meta property=\"og:image:height\" content=\"800\" \/>\n\t<meta property=\"og:image:type\" content=\"image\/jpeg\" \/>\n<meta name=\"twitter:card\" content=\"summary_large_image\" \/>\n<meta name=\"twitter:label1\" content=\"Estimeret l\u00e6setid\" \/>\n\t<meta name=\"twitter:data1\" content=\"1 minut\" \/>\n<script type=\"application\/ld+json\" class=\"yoast-schema-graph\">{\"@context\":\"https:\/\/schema.org\",\"@graph\":[{\"@type\":\"WebPage\",\"@id\":\"https:\/\/shop.bjerring-sales.dk\/sv\/produkt\/stay-out-gul\/\",\"url\":\"https:\/\/shop.bjerring-sales.dk\/sv\/produkt\/stay-out-gul\/\",\"name\":\"Stay Out! Gul\/svart - Bjerring-Sales\",\"isPartOf\":{\"@id\":\"https:\/\/shop.bjerring-sales.dk\/#website\"},\"primaryImageOfPage\":{\"@id\":\"https:\/\/shop.bjerring-sales.dk\/sv\/produkt\/stay-out-gul\/#primaryimage\"},\"image\":{\"@id\":\"https:\/\/shop.bjerring-sales.dk\/sv\/produkt\/stay-out-gul\/#primaryimage\"},\"thumbnailUrl\":\"https:\/\/shop.bjerring-sales.dk\/wp-content\/uploads\/2018\/11\/elj-stay-out-gulsvart1-1.jpg\",\"datePublished\":\"2018-11-09T12:12:33+00:00\",\"dateModified\":\"2023-01-18T09:10:15+00:00\",\"description\":\"Stay out \u00e4r ett komplett avsp\u00e4rrningskit med 6 st stolpar, 25 m kedja i gul\/svart plast samt plastbeh\u00e5llare som man fyller med sand eller vatten f\u00f6r att skapa stabilitet.\",\"breadcrumb\":{\"@id\":\"https:\/\/shop.bjerring-sales.dk\/sv\/produkt\/stay-out-gul\/#breadcrumb\"},\"inLanguage\":\"da-DK\",\"potentialAction\":[{\"@type\":\"ReadAction\",\"target\":[\"https:\/\/shop.bjerring-sales.dk\/sv\/produkt\/stay-out-gul\/\"]}]},{\"@type\":\"ImageObject\",\"inLanguage\":\"da-DK\",\"@id\":\"https:\/\/shop.bjerring-sales.dk\/sv\/produkt\/stay-out-gul\/#primaryimage\",\"url\":\"https:\/\/shop.bjerring-sales.dk\/wp-content\/uploads\/2018\/11\/elj-stay-out-gulsvart1-1.jpg\",\"contentUrl\":\"https:\/\/shop.bjerring-sales.dk\/wp-content\/uploads\/2018\/11\/elj-stay-out-gulsvart1-1.jpg\",\"width\":800,\"height\":800},{\"@type\":\"BreadcrumbList\",\"@id\":\"https:\/\/shop.bjerring-sales.dk\/sv\/produkt\/stay-out-gul\/#breadcrumb\",\"itemListElement\":[{\"@type\":\"ListItem\",\"position\":1,\"name\":\"Hem\",\"item\":\"https:\/\/shop.bjerring-sales.dk\/\"},{\"@type\":\"ListItem\",\"position\":2,\"name\":\"Webbutik\",\"item\":\"https:\/\/shop.bjerring-sales.dk\/butik\/\"},{\"@type\":\"ListItem\",\"position\":3,\"name\":\"Stay Out! Gul\/svart\"}]},{\"@type\":\"WebSite\",\"@id\":\"https:\/\/shop.bjerring-sales.dk\/#website\",\"url\":\"https:\/\/shop.bjerring-sales.dk\/\",\"name\":\"Bjerring-Sales\",\"description\":\"M\u00f6bler f\u00f6r teatrar, skolor, kontor och k\u00f6pcentrum\",\"publisher\":{\"@id\":\"https:\/\/shop.bjerring-sales.dk\/#organization\"},\"potentialAction\":[{\"@type\":\"SearchAction\",\"target\":{\"@type\":\"EntryPoint\",\"urlTemplate\":\"https:\/\/shop.bjerring-sales.dk\/?s={search_term_string}\"},\"query-input\":{\"@type\":\"PropertyValueSpecification\",\"valueRequired\":true,\"valueName\":\"search_term_string\"}}],\"inLanguage\":\"da-DK\"},{\"@type\":\"Organization\",\"@id\":\"https:\/\/shop.bjerring-sales.dk\/#organization\",\"name\":\"Bjerring-Sales\",\"url\":\"https:\/\/shop.bjerring-sales.dk\/\",\"logo\":{\"@type\":\"ImageObject\",\"inLanguage\":\"da-DK\",\"@id\":\"https:\/\/shop.bjerring-sales.dk\/#\/schema\/logo\/image\/\",\"url\":\"https:\/\/shop.bjerring-sales.dk\/wp-content\/uploads\/2023\/01\/logo_sv.png\",\"contentUrl\":\"https:\/\/shop.bjerring-sales.dk\/wp-content\/uploads\/2023\/01\/logo_sv.png\",\"width\":195,\"height\":68,\"caption\":\"Bjerring-Sales\"},\"image\":{\"@id\":\"https:\/\/shop.bjerring-sales.dk\/#\/schema\/logo\/image\/\"}}]}<\/script>\n<!-- \/ Yoast SEO plugin. -->","yoast_head_json":{"title":"Stay Out! Gul\/svart - Bjerring-Sales","description":"Stay Out er et komplet afsp\u00e6rringss\u00e6t med 6 s\u00f8jler, 25 m k\u00e6de i gul\/sort plastik og plastikbeholder, som du fylder med sand eller vand for at skabe stabilitet.","robots":{"index":"index","follow":"follow","max-snippet":"max-snippet:-1","max-image-preview":"max-image-preview:large","max-video-preview":"max-video-preview:-1"},"canonical":"https:\/\/shop.bjerring-sales.dk\/da\/vare\/stay-out-gul\/","og_locale":"da_DK","og_type":"article","og_title":"Stay Out! Gul\/svart - Bjerring-Sales","og_description":"Stay out \u00e4r ett komplett avsp\u00e4rrningskit med 6 st stolpar, 25 m kedja i gul\/svart plast samt plastbeh\u00e5llare som man fyller med sand eller vatten f\u00f6r att skapa stabilitet.","og_url":"https:\/\/shop.bjerring-sales.dk\/da\/vare\/stay-out-gul\/","og_site_name":"Bjerring-Sales","article_modified_time":"2023-01-18T09:10:15+00:00","og_image":[{"width":800,"height":800,"url":"https:\/\/pule.se\/wp-content\/uploads\/2018\/11\/elj-stay-out-gulsvart1-1.jpg","type":"image\/jpeg"}],"twitter_card":"summary_large_image","twitter_misc":{"Estimeret l\u00e6setid":"1 minut"},"schema":{"@context":"https:\/\/schema.org","@graph":[{"@type":"WebPage","@id":"https:\/\/shop.bjerring-sales.dk\/sv\/produkt\/stay-out-gul\/","url":"https:\/\/shop.bjerring-sales.dk\/sv\/produkt\/stay-out-gul\/","name":"Stay Out! Gul\/svart - Bjerring-Sales","isPartOf":{"@id":"https:\/\/shop.bjerring-sales.dk\/#website"},"primaryImageOfPage":{"@id":"https:\/\/shop.bjerring-sales.dk\/sv\/produkt\/stay-out-gul\/#primaryimage"},"image":{"@id":"https:\/\/shop.bjerring-sales.dk\/sv\/produkt\/stay-out-gul\/#primaryimage"},"thumbnailUrl":"https:\/\/shop.bjerring-sales.dk\/wp-content\/uploads\/2018\/11\/elj-stay-out-gulsvart1-1.jpg","datePublished":"2018-11-09T12:12:33+00:00","dateModified":"2023-01-18T09:10:15+00:00","description":"Stay Out er et komplet afsp\u00e6rringss\u00e6t med 6 s\u00f8jler, 25 m k\u00e6de i gul\/sort plastik og plastikbeholder, som du fylder med sand eller vand for at skabe stabilitet.","breadcrumb":{"@id":"https:\/\/shop.bjerring-sales.dk\/sv\/produkt\/stay-out-gul\/#breadcrumb"},"inLanguage":"da-DK","potentialAction":[{"@type":"ReadAction","target":["https:\/\/shop.bjerring-sales.dk\/sv\/produkt\/stay-out-gul\/"]}]},{"@type":"ImageObject","inLanguage":"da-DK","@id":"https:\/\/shop.bjerring-sales.dk\/sv\/produkt\/stay-out-gul\/#primaryimage","url":"https:\/\/shop.bjerring-sales.dk\/wp-content\/uploads\/2018\/11\/elj-stay-out-gulsvart1-1.jpg","contentUrl":"https:\/\/shop.bjerring-sales.dk\/wp-content\/uploads\/2018\/11\/elj-stay-out-gulsvart1-1.jpg","width":800,"height":800},{"@type":"BreadcrumbList","@id":"https:\/\/shop.bjerring-sales.dk\/sv\/produkt\/stay-out-gul\/#breadcrumb","itemListElement":[{"@type":"ListItem","position":1,"name":"Hem","item":"https:\/\/shop.bjerring-sales.dk\/"},{"@type":"ListItem","position":2,"name":"Webbutik","item":"https:\/\/shop.bjerring-sales.dk\/butik\/"},{"@type":"ListItem","position":3,"name":"Stay Out! Gul\/svart"}]},{"@type":"WebSite","@id":"https:\/\/shop.bjerring-sales.dk\/#website","url":"https:\/\/shop.bjerring-sales.dk\/","name":"Bjerring-Salg","description":"M\u00f8bler til teatre, skoler, kontorer og indk\u00f8bscentre","publisher":{"@id":"https:\/\/shop.bjerring-sales.dk\/#organization"},"potentialAction":[{"@type":"SearchAction","target":{"@type":"EntryPoint","urlTemplate":"https:\/\/shop.bjerring-sales.dk\/?s={search_term_string}"},"query-input":{"@type":"PropertyValueSpecification","valueRequired":true,"valueName":"search_term_string"}}],"inLanguage":"da-DK"},{"@type":"Organization","@id":"https:\/\/shop.bjerring-sales.dk\/#organization","name":"Bjerring-Salg","url":"https:\/\/shop.bjerring-sales.dk\/","logo":{"@type":"ImageObject","inLanguage":"da-DK","@id":"https:\/\/shop.bjerring-sales.dk\/#\/schema\/logo\/image\/","url":"https:\/\/shop.bjerring-sales.dk\/wp-content\/uploads\/2023\/01\/logo_sv.png","contentUrl":"https:\/\/shop.bjerring-sales.dk\/wp-content\/uploads\/2023\/01\/logo_sv.png","width":195,"height":68,"caption":"Bjerring-Sales"},"image":{"@id":"https:\/\/shop.bjerring-sales.dk\/#\/schema\/logo\/image\/"}}]}},"_links":{"self":[{"href":"https:\/\/shop.bjerring-sales.dk\/da\/wp-json\/wp\/v2\/product\/61878","targetHints":{"allow":["GET"]}}],"collection":[{"href":"https:\/\/shop.bjerring-sales.dk\/da\/wp-json\/wp\/v2\/product"}],"about":[{"href":"https:\/\/shop.bjerring-sales.dk\/da\/wp-json\/wp\/v2\/types\/product"}],"wp:featuredmedia":[{"embeddable":true,"href":"https:\/\/shop.bjerring-sales.dk\/da\/wp-json\/wp\/v2\/media\/75228"}],"wp:attachment":[{"href":"https:\/\/shop.bjerring-sales.dk\/da\/wp-json\/wp\/v2\/media?parent=61878"}],"wp:term":[{"taxonomy":"product_brand","embeddable":true,"href":"https:\/\/shop.bjerring-sales.dk\/da\/wp-json\/wp\/v2\/product_brand?post=61878"},{"taxonomy":"product_cat","embeddable":true,"href":"https:\/\/shop.bjerring-sales.dk\/da\/wp-json\/wp\/v2\/product_cat?post=61878"},{"taxonomy":"product_tag","embeddable":true,"href":"https:\/\/shop.bjerring-sales.dk\/da\/wp-json\/wp\/v2\/product_tag?post=61878"}],"curies":[{"name":"wp","href":"https:\/\/api.w.org\/{rel}","templated":true}]}}