{"id":61804,"date":"2019-04-01T12:17:27","date_gmt":"2019-04-01T10:17:27","guid":{"rendered":"https:\/\/pule.se\/produkt\/xl-bord-new-classic\/"},"modified":"2026-04-21T10:29:36","modified_gmt":"2026-04-21T08:29:36","slug":"xl-bord-new-classic","status":"publish","type":"product","link":"https:\/\/shop.bjerring-sales.dk\/da\/vare\/xl-bord-new-classic\/","title":{"rendered":"XL Bord \u2013 New classic"},"content":{"rendered":"<div class=\"wpb-content-wrapper\"><div class=\"vc_row wpb_row vc_row-fluid\"><div class=\"wpb_column vc_column_container vc_col-sm-12\"><div class=\"vc_column-inner\"><div class=\"wpb_wrapper\">\n\t<div class=\"wpb_text_column wpb_content_element\" >\n\t\t<div class=\"wpb_wrapper\">\n\t\t\t<p>XL bordene fra new classic er en videreudvikling af foldbare plastik borde fra Zown, som vi tidligere kaldte Event rektangul\u00e6re. Alle borde i den nye klassiske kollektion har f\u00e5et den nye farve Shark Grey. XL bordene har f\u00e5et nyt stel, s\u00e5 brugeren kan sidde komfortabelt selv p\u00e5 den korte side af bordet. Eventbordene har b\u00e5de UV-beskyttelse og er fugtbestandige og f\u00e5s i forskellige st\u00f8rrelser. Bordpladen er produceret i high-density polyethylen og bordstellet er en pulverlakeret st\u00e5lkonstruktion. Bordene har indbygget koblingsbeslag og forbindes nemt p\u00e5 b\u00e5de lang- og kortsiden. Betr\u00e6k i stretchstof f\u00e5s i b\u00e5de sort og hvid.<\/p>\n<p>XL bordene er lige s\u00e5 velegnede indend\u00f8rs som udend\u00f8rs, til fest- og frokostlokaler, konferencer, kontoret eller som opbevaringsborde i garagen.<\/p>\n\n\t\t<\/div>\n\t<\/div>\n<\/div><\/div><\/div><\/div><div class=\"vc_row wpb_row vc_row-fluid\"><div class=\"wpb_column vc_column_container vc_col-sm-12\"><div class=\"vc_column-inner\"><div class=\"wpb_wrapper\"><div class=\"vc_separator wpb_content_element vc_separator_align_center vc_sep_width_100 vc_sep_pos_align_center vc_separator_no_text vc_sep_color_grey\" ><span class=\"vc_sep_holder vc_sep_holder_l\"><span class=\"vc_sep_line\"><\/span><\/span><span class=\"vc_sep_holder vc_sep_holder_r\"><span class=\"vc_sep_line\"><\/span><\/span>\n<\/div><\/div><\/div><\/div><\/div><div class=\"vc_row wpb_row vc_row-fluid\"><div class=\"wpb_column vc_column_container vc_col-sm-6\"><div class=\"vc_column-inner\"><div class=\"wpb_wrapper\">\n\t<div class=\"wpb_text_column wpb_content_element\" >\n\t\t<div class=\"wpb_wrapper\">\n\t\t\t<p><span style=\"font-size: 18pt\">Farve<br \/>\n<\/span>Bordene har en m\u00f8rkegr\u00e5 farve (Shark Grey) p\u00e5 b\u00e5de stel og bordplade.<\/p>\n<p><span style=\"font-size: 18pt\">Dimensioner L\/B\/H<br \/>\n<\/span>XL120 \u2013 1220x760x743 mm<br \/>\nXL150 \u2013 1520x760x743 mm<br \/>\nXL180 \u2013 1830x752x743 mm<\/p>\n<p><span style=\"font-size: 18pt\">Dimensioner af emballage<br \/>\n<\/span>XL120 \u2013 1233x775x57mm<br \/>\nXL150 \u2013 1550x778x63,5 mm<br \/>\nXL180 \u2013 1845x768x57mm<\/p>\n<p><span style=\"font-size: 18pt\">V\u00e6gt<br \/>\n<\/span>XL120 \u2013 10,35 kg<br \/>\nAnbefalet maksimal belastning: 272 kg<br \/>\nKapacitet: 4 personer<\/p>\n<p>XL150 \u2013 11,25 kg<br \/>\nAnbefalet maksimal belastning: 317 kg<br \/>\nKapacitet: ca: 4-6 personer<\/p>\n<p>XL180 \u2013 14 kg<br \/>\nAnbefalet maksimal belastning: 362 kg<br \/>\nKapacitet: ca: 6-8 personer<\/p>\n\n\t\t<\/div>\n\t<\/div>\n<\/div><\/div><\/div><div class=\"wpb_column vc_column_container vc_col-sm-6\"><div class=\"vc_column-inner\"><div class=\"wpb_wrapper\">\n\t<div class=\"wpb_text_column wpb_content_element\" >\n\t\t<div class=\"wpb_wrapper\">\n\t\t\t<p><span style=\"font-size: 18pt\">Materiale<br \/>\n<\/span>Stellet er pulverlakeret og bordpladen er lavet af high-density polyethylen.<\/p>\n<p><span style=\"font-size: 18pt\">Certificeringer<br \/>\n<\/span>EN 581-1\/581-3 kontrakt<br \/>\nEN 15372 L2<\/p>\n<p><span style=\"font-size: 18pt\">Garanti<br \/>\n<\/span>10 \u00e5r<\/p>\n<p><span style=\"font-size: 18pt\">\u00d8vrigt<br \/>\n<\/span>Bordene er foldbare og har indbygget koblingsbeslag p\u00e5 b\u00e5de lang- og kortsiden. Bordene er UV- og vandafvisende og kan bruges udend\u00f8rs.<\/p>\n\n\t\t<\/div>\n\t<\/div>\n<\/div><\/div><\/div><\/div>\n<\/div>","protected":false},"excerpt":{"rendered":"<p>XL bord new classic er en videreudvikling af foldbare plastikborde fra Zown, som vi tidligere kaldte Event rektangul\u00e6re. Bordene er skiftet ud med den nye farve Shark Grey og stellet er udviklet, s\u00e5 du kan sidde komfortabelt selv p\u00e5 den korte side.<\/p>","protected":false},"featured_media":98023,"template":"","meta":{"iawp_total_views":15},"product_brand":[],"product_cat":[5787,5863,6343,6304,6350],"product_tag":[6079,6085,6094,6095,6096],"class_list":{"0":"post-61804","1":"product","2":"type-product","3":"status-publish","4":"has-post-thumbnail","6":"product_cat-bord","7":"product_cat-fallbara-bord","8":"product_cat-bord-utomhus","9":"product_cat-utemobler","10":"product_cat-new-zown-classic","11":"product_tag-new-zown-classic","12":"product_tag-fallbart-bord","13":"product_tag-xl-bord","14":"product_tag-kopplingsbart-bord","15":"product_tag-fallbart-plastbord","17":"first","18":"instock","19":"taxable","20":"shipping-taxable","21":"purchasable","22":"product-type-variable"},"yoast_head":"<!-- This site is optimized with the Yoast SEO plugin v27.0 - https:\/\/yoast.com\/product\/yoast-seo-wordpress\/ -->\n<title>XL Bord - New classic - Bjerring-Sales<\/title>\n<meta name=\"description\" content=\"XL bord new classic \u00e4r en vidareutveckling av f\u00e4llbara plastbord fr\u00e5n Zown, som vi tidigare kallat Event rektangul\u00e4ra.\" \/>\n<meta name=\"robots\" content=\"index, follow, max-snippet:-1, max-image-preview:large, max-video-preview:-1\" \/>\n<link rel=\"canonical\" href=\"https:\/\/shop.bjerring-sales.dk\/da\/vare\/xl-bord-new-classic\/\" \/>\n<meta property=\"og:locale\" content=\"da_DK\" \/>\n<meta property=\"og:type\" content=\"article\" \/>\n<meta property=\"og:title\" content=\"XL Bord - New classic - Bjerring-Sales\" \/>\n<meta property=\"og:description\" content=\"XL bord new classic \u00e4r en vidareutveckling av f\u00e4llbara plastbord fr\u00e5n Zown, som vi tidigare kallat Event rektangul\u00e4ra.\" \/>\n<meta property=\"og:url\" content=\"https:\/\/shop.bjerring-sales.dk\/da\/vare\/xl-bord-new-classic\/\" \/>\n<meta property=\"og:site_name\" content=\"Bjerring-Sales\" \/>\n<meta property=\"article:modified_time\" content=\"2026-04-21T08:29:36+00:00\" \/>\n<meta property=\"og:image\" content=\"https:\/\/shop.bjerring-sales.dk\/wp-content\/uploads\/2024\/06\/XL180-NC_800x800.jpg\" \/>\n\t<meta property=\"og:image:width\" content=\"800\" \/>\n\t<meta property=\"og:image:height\" content=\"800\" \/>\n\t<meta property=\"og:image:type\" content=\"image\/jpeg\" \/>\n<meta name=\"twitter:card\" content=\"summary_large_image\" \/>\n<meta name=\"twitter:label1\" content=\"Estimeret l\u00e6setid\" \/>\n\t<meta name=\"twitter:data1\" content=\"2 minutter\" \/>\n<script type=\"application\/ld+json\" class=\"yoast-schema-graph\">{\"@context\":\"https:\/\/schema.org\",\"@graph\":[{\"@type\":\"WebPage\",\"@id\":\"https:\/\/shop.bjerring-sales.dk\/sv\/produkt\/xl-bord-new-classic\/\",\"url\":\"https:\/\/shop.bjerring-sales.dk\/sv\/produkt\/xl-bord-new-classic\/\",\"name\":\"XL Bord - New classic - Bjerring-Sales\",\"isPartOf\":{\"@id\":\"https:\/\/shop.bjerring-sales.dk\/#website\"},\"primaryImageOfPage\":{\"@id\":\"https:\/\/shop.bjerring-sales.dk\/sv\/produkt\/xl-bord-new-classic\/#primaryimage\"},\"image\":{\"@id\":\"https:\/\/shop.bjerring-sales.dk\/sv\/produkt\/xl-bord-new-classic\/#primaryimage\"},\"thumbnailUrl\":\"https:\/\/shop.bjerring-sales.dk\/wp-content\/uploads\/2024\/06\/XL180-NC_800x800.jpg\",\"datePublished\":\"2019-04-01T10:17:27+00:00\",\"dateModified\":\"2026-04-21T08:29:36+00:00\",\"description\":\"XL bord new classic \u00e4r en vidareutveckling av f\u00e4llbara plastbord fr\u00e5n Zown, som vi tidigare kallat Event rektangul\u00e4ra.\",\"breadcrumb\":{\"@id\":\"https:\/\/shop.bjerring-sales.dk\/sv\/produkt\/xl-bord-new-classic\/#breadcrumb\"},\"inLanguage\":\"da-DK\",\"potentialAction\":[{\"@type\":\"ReadAction\",\"target\":[\"https:\/\/shop.bjerring-sales.dk\/sv\/produkt\/xl-bord-new-classic\/\"]}]},{\"@type\":\"ImageObject\",\"inLanguage\":\"da-DK\",\"@id\":\"https:\/\/shop.bjerring-sales.dk\/sv\/produkt\/xl-bord-new-classic\/#primaryimage\",\"url\":\"https:\/\/shop.bjerring-sales.dk\/wp-content\/uploads\/2024\/06\/XL180-NC_800x800.jpg\",\"contentUrl\":\"https:\/\/shop.bjerring-sales.dk\/wp-content\/uploads\/2024\/06\/XL180-NC_800x800.jpg\",\"width\":800,\"height\":800},{\"@type\":\"BreadcrumbList\",\"@id\":\"https:\/\/shop.bjerring-sales.dk\/sv\/produkt\/xl-bord-new-classic\/#breadcrumb\",\"itemListElement\":[{\"@type\":\"ListItem\",\"position\":1,\"name\":\"Hem\",\"item\":\"https:\/\/shop.bjerring-sales.dk\/\"},{\"@type\":\"ListItem\",\"position\":2,\"name\":\"Webbutik\",\"item\":\"https:\/\/shop.bjerring-sales.dk\/butik\/\"},{\"@type\":\"ListItem\",\"position\":3,\"name\":\"XL Bord &#8211; New classic\"}]},{\"@type\":\"WebSite\",\"@id\":\"https:\/\/shop.bjerring-sales.dk\/#website\",\"url\":\"https:\/\/shop.bjerring-sales.dk\/\",\"name\":\"Bjerring-Sales\",\"description\":\"M\u00f6bler f\u00f6r teatrar, skolor, kontor och k\u00f6pcentrum\",\"publisher\":{\"@id\":\"https:\/\/shop.bjerring-sales.dk\/#organization\"},\"potentialAction\":[{\"@type\":\"SearchAction\",\"target\":{\"@type\":\"EntryPoint\",\"urlTemplate\":\"https:\/\/shop.bjerring-sales.dk\/?s={search_term_string}\"},\"query-input\":{\"@type\":\"PropertyValueSpecification\",\"valueRequired\":true,\"valueName\":\"search_term_string\"}}],\"inLanguage\":\"da-DK\"},{\"@type\":\"Organization\",\"@id\":\"https:\/\/shop.bjerring-sales.dk\/#organization\",\"name\":\"Bjerring-Sales\",\"url\":\"https:\/\/shop.bjerring-sales.dk\/\",\"logo\":{\"@type\":\"ImageObject\",\"inLanguage\":\"da-DK\",\"@id\":\"https:\/\/shop.bjerring-sales.dk\/#\/schema\/logo\/image\/\",\"url\":\"https:\/\/shop.bjerring-sales.dk\/wp-content\/uploads\/2023\/01\/logo_sv.png\",\"contentUrl\":\"https:\/\/shop.bjerring-sales.dk\/wp-content\/uploads\/2023\/01\/logo_sv.png\",\"width\":195,\"height\":68,\"caption\":\"Bjerring-Sales\"},\"image\":{\"@id\":\"https:\/\/shop.bjerring-sales.dk\/#\/schema\/logo\/image\/\"}}]}<\/script>\n<!-- \/ Yoast SEO plugin. -->","yoast_head_json":{"title":"XL Bord - Ny klassiker - Bjerring-Salg","description":"XL-bordet new classic er en videreudvikling af foldbare plastikborde fra Zown, som vi tidligere kaldte Event rectangle.","robots":{"index":"index","follow":"follow","max-snippet":"max-snippet:-1","max-image-preview":"max-image-preview:large","max-video-preview":"max-video-preview:-1"},"canonical":"https:\/\/shop.bjerring-sales.dk\/da\/vare\/xl-bord-new-classic\/","og_locale":"da_DK","og_type":"article","og_title":"XL Bord - New classic - Bjerring-Sales","og_description":"XL bord new classic \u00e4r en vidareutveckling av f\u00e4llbara plastbord fr\u00e5n Zown, som vi tidigare kallat Event rektangul\u00e4ra.","og_url":"https:\/\/shop.bjerring-sales.dk\/da\/vare\/xl-bord-new-classic\/","og_site_name":"Bjerring-Sales","article_modified_time":"2026-04-21T08:29:36+00:00","og_image":[{"width":800,"height":800,"url":"https:\/\/shop.bjerring-sales.dk\/wp-content\/uploads\/2024\/06\/XL180-NC_800x800.jpg","type":"image\/jpeg"}],"twitter_card":"summary_large_image","twitter_misc":{"Estimeret l\u00e6setid":"2 minutter"},"schema":{"@context":"https:\/\/schema.org","@graph":[{"@type":"WebPage","@id":"https:\/\/shop.bjerring-sales.dk\/sv\/produkt\/xl-bord-new-classic\/","url":"https:\/\/shop.bjerring-sales.dk\/sv\/produkt\/xl-bord-new-classic\/","name":"XL Bord - Ny klassiker - Bjerring-Salg","isPartOf":{"@id":"https:\/\/shop.bjerring-sales.dk\/#website"},"primaryImageOfPage":{"@id":"https:\/\/shop.bjerring-sales.dk\/sv\/produkt\/xl-bord-new-classic\/#primaryimage"},"image":{"@id":"https:\/\/shop.bjerring-sales.dk\/sv\/produkt\/xl-bord-new-classic\/#primaryimage"},"thumbnailUrl":"https:\/\/shop.bjerring-sales.dk\/wp-content\/uploads\/2024\/06\/XL180-NC_800x800.jpg","datePublished":"2019-04-01T10:17:27+00:00","dateModified":"2026-04-21T08:29:36+00:00","description":"XL-bordet new classic er en videreudvikling af foldbare plastikborde fra Zown, som vi tidligere kaldte Event rectangle.","breadcrumb":{"@id":"https:\/\/shop.bjerring-sales.dk\/sv\/produkt\/xl-bord-new-classic\/#breadcrumb"},"inLanguage":"da-DK","potentialAction":[{"@type":"ReadAction","target":["https:\/\/shop.bjerring-sales.dk\/sv\/produkt\/xl-bord-new-classic\/"]}]},{"@type":"ImageObject","inLanguage":"da-DK","@id":"https:\/\/shop.bjerring-sales.dk\/sv\/produkt\/xl-bord-new-classic\/#primaryimage","url":"https:\/\/shop.bjerring-sales.dk\/wp-content\/uploads\/2024\/06\/XL180-NC_800x800.jpg","contentUrl":"https:\/\/shop.bjerring-sales.dk\/wp-content\/uploads\/2024\/06\/XL180-NC_800x800.jpg","width":800,"height":800},{"@type":"BreadcrumbList","@id":"https:\/\/shop.bjerring-sales.dk\/sv\/produkt\/xl-bord-new-classic\/#breadcrumb","itemListElement":[{"@type":"ListItem","position":1,"name":"Hem","item":"https:\/\/shop.bjerring-sales.dk\/"},{"@type":"ListItem","position":2,"name":"Webbutik","item":"https:\/\/shop.bjerring-sales.dk\/butik\/"},{"@type":"ListItem","position":3,"name":"XL Bord &#8211; New classic"}]},{"@type":"WebSite","@id":"https:\/\/shop.bjerring-sales.dk\/#website","url":"https:\/\/shop.bjerring-sales.dk\/","name":"Bjerring-Salg","description":"M\u00f8bler til teatre, skoler, kontorer og indk\u00f8bscentre","publisher":{"@id":"https:\/\/shop.bjerring-sales.dk\/#organization"},"potentialAction":[{"@type":"SearchAction","target":{"@type":"EntryPoint","urlTemplate":"https:\/\/shop.bjerring-sales.dk\/?s={search_term_string}"},"query-input":{"@type":"PropertyValueSpecification","valueRequired":true,"valueName":"search_term_string"}}],"inLanguage":"da-DK"},{"@type":"Organization","@id":"https:\/\/shop.bjerring-sales.dk\/#organization","name":"Bjerring-Salg","url":"https:\/\/shop.bjerring-sales.dk\/","logo":{"@type":"ImageObject","inLanguage":"da-DK","@id":"https:\/\/shop.bjerring-sales.dk\/#\/schema\/logo\/image\/","url":"https:\/\/shop.bjerring-sales.dk\/wp-content\/uploads\/2023\/01\/logo_sv.png","contentUrl":"https:\/\/shop.bjerring-sales.dk\/wp-content\/uploads\/2023\/01\/logo_sv.png","width":195,"height":68,"caption":"Bjerring-Sales"},"image":{"@id":"https:\/\/shop.bjerring-sales.dk\/#\/schema\/logo\/image\/"}}]}},"_links":{"self":[{"href":"https:\/\/shop.bjerring-sales.dk\/da\/wp-json\/wp\/v2\/product\/61804","targetHints":{"allow":["GET"]}}],"collection":[{"href":"https:\/\/shop.bjerring-sales.dk\/da\/wp-json\/wp\/v2\/product"}],"about":[{"href":"https:\/\/shop.bjerring-sales.dk\/da\/wp-json\/wp\/v2\/types\/product"}],"wp:featuredmedia":[{"embeddable":true,"href":"https:\/\/shop.bjerring-sales.dk\/da\/wp-json\/wp\/v2\/media\/98023"}],"wp:attachment":[{"href":"https:\/\/shop.bjerring-sales.dk\/da\/wp-json\/wp\/v2\/media?parent=61804"}],"wp:term":[{"taxonomy":"product_brand","embeddable":true,"href":"https:\/\/shop.bjerring-sales.dk\/da\/wp-json\/wp\/v2\/product_brand?post=61804"},{"taxonomy":"product_cat","embeddable":true,"href":"https:\/\/shop.bjerring-sales.dk\/da\/wp-json\/wp\/v2\/product_cat?post=61804"},{"taxonomy":"product_tag","embeddable":true,"href":"https:\/\/shop.bjerring-sales.dk\/da\/wp-json\/wp\/v2\/product_tag?post=61804"}],"curies":[{"name":"wp","href":"https:\/\/api.w.org\/{rel}","templated":true}]}}