{"id":61791,"date":"2019-04-02T10:52:25","date_gmt":"2019-04-02T08:52:25","guid":{"rendered":"https:\/\/pule.se\/produkt\/planet\/"},"modified":"2026-03-29T18:59:11","modified_gmt":"2026-03-29T16:59:11","slug":"planet","status":"publish","type":"product","link":"https:\/\/shop.bjerring-sales.dk\/da\/vare\/planet\/","title":{"rendered":"Planet Bord \u2013 New Classic"},"content":{"rendered":"<div class=\"wpb-content-wrapper\"><div class=\"vc_row wpb_row vc_row-fluid\"><div class=\"wpb_column vc_column_container vc_col-sm-12\"><div class=\"vc_column-inner\"><div class=\"wpb_wrapper\">\n\t<div class=\"wpb_text_column wpb_content_element\" >\n\t\t<div class=\"wpb_wrapper\">\n\t\t\t<p><span style=\"font-size: 24pt\">Popul\u00e6rt bord til events, fester, h\u00f8jtider og konferencer<\/span><br \/>\nPlanet er en videreudvikling af de runde foldeborde fra Zown. Alle borde i New Classic-serien har f\u00e5et den nye farve Shark Grey for at adskille bordene fra konkurrenterne. Det foldbare Planet bord har b\u00e5de UV-beskyttelse og er fugtbestandigt, hvilket g\u00f8r det velegnet til udend\u00f8rs brug. Den runde bordplade er fremstillet i polyethylen med h\u00f8j densitet. Bordstellet er en stabil pulverlakeret st\u00e5lkonstruktion med mange smarte funktioner. Vi har duge og specialfremstillede vogne til alle runde foldeborde. Planet bordene kan bruges b\u00e5de indend\u00f8rs og udend\u00f8rs og er popul\u00e6re til events, fester, h\u00f8jtider og konferencer.<\/p>\n\n\t\t<\/div>\n\t<\/div>\n<\/div><\/div><\/div><\/div><div class=\"vc_row wpb_row vc_row-fluid\"><div class=\"wpb_column vc_column_container vc_col-sm-12\"><div class=\"vc_column-inner\"><div class=\"wpb_wrapper\"><div class=\"vc_separator wpb_content_element vc_separator_align_center vc_sep_width_100 vc_sep_pos_align_center vc_separator_no_text vc_sep_color_grey\" ><span class=\"vc_sep_holder vc_sep_holder_l\"><span class=\"vc_sep_line\"><\/span><\/span><span class=\"vc_sep_holder vc_sep_holder_r\"><span class=\"vc_sep_line\"><\/span><\/span>\n<\/div><\/div><\/div><\/div><\/div><div class=\"vc_row wpb_row vc_row-fluid\"><div class=\"wpb_column vc_column_container vc_col-sm-6\"><div class=\"vc_column-inner\"><div class=\"wpb_wrapper\">\n\t<div class=\"wpb_text_column wpb_content_element\" >\n\t\t<div class=\"wpb_wrapper\">\n\t\t\t<p><span style=\"font-size: 18pt\">Farve<br \/>\n<\/span>Bordene har en m\u00f8rkegr\u00e5 farve (Shark Grey) p\u00e5 b\u00e5de stel og bordplade.<\/p>\n<p><span style=\"font-size: 18pt\">Dimensioner L\/B\/H<br \/>\n<\/span>PL120 \u2013 121,92\u00d774,3 cm<br \/>\nPL150 \u2013 152,4\u00d774,3 cm<br \/>\nPL160 \u2013 160,02\u00d774,3 cm<br \/>\nPL180 \u2013 180,34\u00d774,3 cm<\/p>\n<p><span style=\"font-size: 18pt\">Dimensioner af emballage<br \/>\n<\/span>PL120 \u2013 124,46\u00d7124,46\u00d76,35 cm<br \/>\nPL150 \u2013 154,94\u00d7154,94\u00d77,11 cm<br \/>\nPL160 \u2013 164,47\u00d7165,71\u00d78,23 cm<br \/>\nPL180 \u2013 183,18\u00d7182,88\u00d77,29 cm<\/p>\n<p><span style=\"font-size: 18pt\">V\u00e6gt<br \/>\n<\/span>PL120 \u2013 15,88 kg<br \/>\nRec. Maks. belastning: 340 kg<br \/>\nKapacitet: Plads til 6 personer<\/p>\n<p>PL150 \u2013 22,31 kg<br \/>\nRec. Maks. belastning: 340 kg<br \/>\nKapacitet: Plads til 8 personer<\/p>\n<p>PL160 \u2013 24,3 kg<br \/>\nRec. Maks. belastning: 315 kg<br \/>\nKapacitet: Plads til 8 personer<\/p>\n<p>PL180 \u2013 29,3 kg<br \/>\nRec. Maks. belastning: 350 kg<br \/>\nKapacitet: Plads til 10 personer<\/p>\n\n\t\t<\/div>\n\t<\/div>\n<\/div><\/div><\/div><div class=\"wpb_column vc_column_container vc_col-sm-6\"><div class=\"vc_column-inner\"><div class=\"wpb_wrapper\">\n\t<div class=\"wpb_text_column wpb_content_element\" >\n\t\t<div class=\"wpb_wrapper\">\n\t\t\t<p><span style=\"font-size: 18pt\">Materiale<br \/>\n<\/span>Stellet er pulverlakeret og bordpladen er lavet af high-density polyethylen.<\/p>\n<p><span style=\"font-size: 18pt\">Certificeringer<br \/>\n<\/span>EN 581-1\/581-3 kontrakt<br \/>\nEN 15372 L2<\/p>\n<p><span style=\"font-size: 18pt\">Garanti<br \/>\n<\/span>10 \u00e5r<\/p>\n<p><span style=\"font-size: 18pt\">\u00d8vrigt<br \/>\n<\/span>Bordene er foldbare og UV- og vandafvisende og kan bruges udend\u00f8rs. Vogne og duge er i sortimentet.<\/p>\n\n\t\t<\/div>\n\t<\/div>\n<\/div><\/div><\/div><\/div>\n<\/div>","protected":false},"excerpt":{"rendered":"<p>Planet bord er en videreudvikling af de runde foldebord fra Zown. Planet bordene f\u00e5s i forskellige st\u00f8rrelser.<\/p>","protected":false},"featured_media":98909,"template":"","meta":{"iawp_total_views":9},"product_brand":[],"product_cat":[5787,5863,6343,6304,6350],"product_tag":[6093,6079,6085,6091,6092],"class_list":{"0":"post-61791","1":"product","2":"type-product","3":"status-publish","4":"has-post-thumbnail","6":"product_cat-bord","7":"product_cat-fallbara-bord","8":"product_cat-bord-utomhus","9":"product_cat-utemobler","10":"product_cat-new-zown-classic","11":"product_tag-planet-bord","12":"product_tag-new-zown-classic","13":"product_tag-fallbart-bord","14":"product_tag-fallbart-runt-bord","15":"product_tag-event-bord","17":"first","18":"instock","19":"taxable","20":"shipping-taxable","21":"purchasable","22":"product-type-variable"},"yoast_head":"<!-- This site is optimized with the Yoast SEO plugin v27.0 - https:\/\/yoast.com\/product\/yoast-seo-wordpress\/ -->\n<title>Planet Bord - New Classic - Bjerring-Sales<\/title>\n<meta name=\"description\" content=\"Planet \u00e4r en vidareutveckling av dom runda f\u00e4llbara borden fr\u00e5n Zown. Planet borden finns i olika storlekar.\" \/>\n<meta name=\"robots\" content=\"index, follow, max-snippet:-1, max-image-preview:large, max-video-preview:-1\" \/>\n<link rel=\"canonical\" href=\"https:\/\/shop.bjerring-sales.dk\/da\/vare\/planet\/\" \/>\n<meta property=\"og:locale\" content=\"da_DK\" \/>\n<meta property=\"og:type\" content=\"article\" \/>\n<meta property=\"og:title\" content=\"Planet Bord - New Classic - Bjerring-Sales\" \/>\n<meta property=\"og:description\" content=\"Planet \u00e4r en vidareutveckling av dom runda f\u00e4llbara borden fr\u00e5n Zown. Planet borden finns i olika storlekar.\" \/>\n<meta property=\"og:url\" content=\"https:\/\/shop.bjerring-sales.dk\/da\/vare\/planet\/\" \/>\n<meta property=\"og:site_name\" content=\"Bjerring-Sales\" \/>\n<meta property=\"article:modified_time\" content=\"2026-03-29T16:59:11+00:00\" \/>\n<meta property=\"og:image\" content=\"https:\/\/shop.bjerring-sales.dk\/wp-content\/uploads\/2024\/10\/Planet120_800x800.jpg\" \/>\n\t<meta property=\"og:image:width\" content=\"800\" \/>\n\t<meta property=\"og:image:height\" content=\"800\" \/>\n\t<meta property=\"og:image:type\" content=\"image\/jpeg\" \/>\n<meta name=\"twitter:card\" content=\"summary_large_image\" \/>\n<meta name=\"twitter:label1\" content=\"Estimeret l\u00e6setid\" \/>\n\t<meta name=\"twitter:data1\" content=\"2 minutter\" \/>\n<script type=\"application\/ld+json\" class=\"yoast-schema-graph\">{\"@context\":\"https:\/\/schema.org\",\"@graph\":[{\"@type\":\"WebPage\",\"@id\":\"https:\/\/shop.bjerring-sales.dk\/sv\/produkt\/planet\/\",\"url\":\"https:\/\/shop.bjerring-sales.dk\/sv\/produkt\/planet\/\",\"name\":\"Planet Bord - New Classic - Bjerring-Sales\",\"isPartOf\":{\"@id\":\"https:\/\/shop.bjerring-sales.dk\/#website\"},\"primaryImageOfPage\":{\"@id\":\"https:\/\/shop.bjerring-sales.dk\/sv\/produkt\/planet\/#primaryimage\"},\"image\":{\"@id\":\"https:\/\/shop.bjerring-sales.dk\/sv\/produkt\/planet\/#primaryimage\"},\"thumbnailUrl\":\"https:\/\/shop.bjerring-sales.dk\/wp-content\/uploads\/2024\/10\/Planet120_800x800.jpg\",\"datePublished\":\"2019-04-02T08:52:25+00:00\",\"dateModified\":\"2026-03-29T16:59:11+00:00\",\"description\":\"Planet \u00e4r en vidareutveckling av dom runda f\u00e4llbara borden fr\u00e5n Zown. Planet borden finns i olika storlekar.\",\"breadcrumb\":{\"@id\":\"https:\/\/shop.bjerring-sales.dk\/sv\/produkt\/planet\/#breadcrumb\"},\"inLanguage\":\"da-DK\",\"potentialAction\":[{\"@type\":\"ReadAction\",\"target\":[\"https:\/\/shop.bjerring-sales.dk\/sv\/produkt\/planet\/\"]}]},{\"@type\":\"ImageObject\",\"inLanguage\":\"da-DK\",\"@id\":\"https:\/\/shop.bjerring-sales.dk\/sv\/produkt\/planet\/#primaryimage\",\"url\":\"https:\/\/shop.bjerring-sales.dk\/wp-content\/uploads\/2024\/10\/Planet120_800x800.jpg\",\"contentUrl\":\"https:\/\/shop.bjerring-sales.dk\/wp-content\/uploads\/2024\/10\/Planet120_800x800.jpg\",\"width\":800,\"height\":800},{\"@type\":\"BreadcrumbList\",\"@id\":\"https:\/\/shop.bjerring-sales.dk\/sv\/produkt\/planet\/#breadcrumb\",\"itemListElement\":[{\"@type\":\"ListItem\",\"position\":1,\"name\":\"Hem\",\"item\":\"https:\/\/shop.bjerring-sales.dk\/\"},{\"@type\":\"ListItem\",\"position\":2,\"name\":\"Webbutik\",\"item\":\"https:\/\/shop.bjerring-sales.dk\/butik\/\"},{\"@type\":\"ListItem\",\"position\":3,\"name\":\"Planet Bord &#8211; New Classic\"}]},{\"@type\":\"WebSite\",\"@id\":\"https:\/\/shop.bjerring-sales.dk\/#website\",\"url\":\"https:\/\/shop.bjerring-sales.dk\/\",\"name\":\"Bjerring-Sales\",\"description\":\"M\u00f6bler f\u00f6r teatrar, skolor, kontor och k\u00f6pcentrum\",\"publisher\":{\"@id\":\"https:\/\/shop.bjerring-sales.dk\/#organization\"},\"potentialAction\":[{\"@type\":\"SearchAction\",\"target\":{\"@type\":\"EntryPoint\",\"urlTemplate\":\"https:\/\/shop.bjerring-sales.dk\/?s={search_term_string}\"},\"query-input\":{\"@type\":\"PropertyValueSpecification\",\"valueRequired\":true,\"valueName\":\"search_term_string\"}}],\"inLanguage\":\"da-DK\"},{\"@type\":\"Organization\",\"@id\":\"https:\/\/shop.bjerring-sales.dk\/#organization\",\"name\":\"Bjerring-Sales\",\"url\":\"https:\/\/shop.bjerring-sales.dk\/\",\"logo\":{\"@type\":\"ImageObject\",\"inLanguage\":\"da-DK\",\"@id\":\"https:\/\/shop.bjerring-sales.dk\/#\/schema\/logo\/image\/\",\"url\":\"https:\/\/shop.bjerring-sales.dk\/wp-content\/uploads\/2023\/01\/logo_sv.png\",\"contentUrl\":\"https:\/\/shop.bjerring-sales.dk\/wp-content\/uploads\/2023\/01\/logo_sv.png\",\"width\":195,\"height\":68,\"caption\":\"Bjerring-Sales\"},\"image\":{\"@id\":\"https:\/\/shop.bjerring-sales.dk\/#\/schema\/logo\/image\/\"}}]}<\/script>\n<!-- \/ Yoast SEO plugin. -->","yoast_head_json":{"title":"Planetbord - Ny Klassiker - Bjerring-Salg","description":"Planet bord er en videreudvikling af de runde foldebord fra Zown. Planet bordene f\u00e5s i forskellige st\u00f8rrelser.","robots":{"index":"index","follow":"follow","max-snippet":"max-snippet:-1","max-image-preview":"max-image-preview:large","max-video-preview":"max-video-preview:-1"},"canonical":"https:\/\/shop.bjerring-sales.dk\/da\/vare\/planet\/","og_locale":"da_DK","og_type":"article","og_title":"Planet Bord - New Classic - Bjerring-Sales","og_description":"Planet \u00e4r en vidareutveckling av dom runda f\u00e4llbara borden fr\u00e5n Zown. Planet borden finns i olika storlekar.","og_url":"https:\/\/shop.bjerring-sales.dk\/da\/vare\/planet\/","og_site_name":"Bjerring-Sales","article_modified_time":"2026-03-29T16:59:11+00:00","og_image":[{"width":800,"height":800,"url":"https:\/\/shop.bjerring-sales.dk\/wp-content\/uploads\/2024\/10\/Planet120_800x800.jpg","type":"image\/jpeg"}],"twitter_card":"summary_large_image","twitter_misc":{"Estimeret l\u00e6setid":"2 minutter"},"schema":{"@context":"https:\/\/schema.org","@graph":[{"@type":"WebPage","@id":"https:\/\/shop.bjerring-sales.dk\/sv\/produkt\/planet\/","url":"https:\/\/shop.bjerring-sales.dk\/sv\/produkt\/planet\/","name":"Planetbord - Ny Klassiker - Bjerring-Salg","isPartOf":{"@id":"https:\/\/shop.bjerring-sales.dk\/#website"},"primaryImageOfPage":{"@id":"https:\/\/shop.bjerring-sales.dk\/sv\/produkt\/planet\/#primaryimage"},"image":{"@id":"https:\/\/shop.bjerring-sales.dk\/sv\/produkt\/planet\/#primaryimage"},"thumbnailUrl":"https:\/\/shop.bjerring-sales.dk\/wp-content\/uploads\/2024\/10\/Planet120_800x800.jpg","datePublished":"2019-04-02T08:52:25+00:00","dateModified":"2026-03-29T16:59:11+00:00","description":"Planet bord er en videreudvikling af de runde foldebord fra Zown. Planet bordene f\u00e5s i forskellige st\u00f8rrelser.","breadcrumb":{"@id":"https:\/\/shop.bjerring-sales.dk\/sv\/produkt\/planet\/#breadcrumb"},"inLanguage":"da-DK","potentialAction":[{"@type":"ReadAction","target":["https:\/\/shop.bjerring-sales.dk\/sv\/produkt\/planet\/"]}]},{"@type":"ImageObject","inLanguage":"da-DK","@id":"https:\/\/shop.bjerring-sales.dk\/sv\/produkt\/planet\/#primaryimage","url":"https:\/\/shop.bjerring-sales.dk\/wp-content\/uploads\/2024\/10\/Planet120_800x800.jpg","contentUrl":"https:\/\/shop.bjerring-sales.dk\/wp-content\/uploads\/2024\/10\/Planet120_800x800.jpg","width":800,"height":800},{"@type":"BreadcrumbList","@id":"https:\/\/shop.bjerring-sales.dk\/sv\/produkt\/planet\/#breadcrumb","itemListElement":[{"@type":"ListItem","position":1,"name":"Hem","item":"https:\/\/shop.bjerring-sales.dk\/"},{"@type":"ListItem","position":2,"name":"Webbutik","item":"https:\/\/shop.bjerring-sales.dk\/butik\/"},{"@type":"ListItem","position":3,"name":"Planet Bord &#8211; New Classic"}]},{"@type":"WebSite","@id":"https:\/\/shop.bjerring-sales.dk\/#website","url":"https:\/\/shop.bjerring-sales.dk\/","name":"Bjerring-Salg","description":"M\u00f8bler til teatre, skoler, kontorer og indk\u00f8bscentre","publisher":{"@id":"https:\/\/shop.bjerring-sales.dk\/#organization"},"potentialAction":[{"@type":"SearchAction","target":{"@type":"EntryPoint","urlTemplate":"https:\/\/shop.bjerring-sales.dk\/?s={search_term_string}"},"query-input":{"@type":"PropertyValueSpecification","valueRequired":true,"valueName":"search_term_string"}}],"inLanguage":"da-DK"},{"@type":"Organization","@id":"https:\/\/shop.bjerring-sales.dk\/#organization","name":"Bjerring-Salg","url":"https:\/\/shop.bjerring-sales.dk\/","logo":{"@type":"ImageObject","inLanguage":"da-DK","@id":"https:\/\/shop.bjerring-sales.dk\/#\/schema\/logo\/image\/","url":"https:\/\/shop.bjerring-sales.dk\/wp-content\/uploads\/2023\/01\/logo_sv.png","contentUrl":"https:\/\/shop.bjerring-sales.dk\/wp-content\/uploads\/2023\/01\/logo_sv.png","width":195,"height":68,"caption":"Bjerring-Sales"},"image":{"@id":"https:\/\/shop.bjerring-sales.dk\/#\/schema\/logo\/image\/"}}]}},"_links":{"self":[{"href":"https:\/\/shop.bjerring-sales.dk\/da\/wp-json\/wp\/v2\/product\/61791","targetHints":{"allow":["GET"]}}],"collection":[{"href":"https:\/\/shop.bjerring-sales.dk\/da\/wp-json\/wp\/v2\/product"}],"about":[{"href":"https:\/\/shop.bjerring-sales.dk\/da\/wp-json\/wp\/v2\/types\/product"}],"wp:featuredmedia":[{"embeddable":true,"href":"https:\/\/shop.bjerring-sales.dk\/da\/wp-json\/wp\/v2\/media\/98909"}],"wp:attachment":[{"href":"https:\/\/shop.bjerring-sales.dk\/da\/wp-json\/wp\/v2\/media?parent=61791"}],"wp:term":[{"taxonomy":"product_brand","embeddable":true,"href":"https:\/\/shop.bjerring-sales.dk\/da\/wp-json\/wp\/v2\/product_brand?post=61791"},{"taxonomy":"product_cat","embeddable":true,"href":"https:\/\/shop.bjerring-sales.dk\/da\/wp-json\/wp\/v2\/product_cat?post=61791"},{"taxonomy":"product_tag","embeddable":true,"href":"https:\/\/shop.bjerring-sales.dk\/da\/wp-json\/wp\/v2\/product_tag?post=61791"}],"curies":[{"name":"wp","href":"https:\/\/api.w.org\/{rel}","templated":true}]}}