{"id":61782,"date":"2019-04-02T13:13:54","date_gmt":"2019-04-02T11:13:54","guid":{"rendered":"https:\/\/pule.se\/produkt\/worktop180\/"},"modified":"2026-04-15T14:59:18","modified_gmt":"2026-04-15T12:59:18","slug":"worktop180","status":"publish","type":"product","link":"https:\/\/shop.bjerring-sales.dk\/da\/vare\/worktop180\/","title":{"rendered":"Worktop 180 \u2013 New Classic"},"content":{"rendered":"<div class=\"wpb-content-wrapper\"><div class=\"vc_row wpb_row vc_row-fluid\"><div class=\"wpb_column vc_column_container vc_col-sm-12\"><div class=\"vc_column-inner\"><div class=\"wpb_wrapper\">\n\t<div class=\"wpb_text_column wpb_content_element\" >\n\t\t<div class=\"wpb_wrapper\">\n\t\t\t<div class=\"tab-content\">\n<p><span style=\"font-size: 24pt\">Bordpladen er fremstillet i polyethylen med h\u00f8j densitet<\/span><br \/>\nBordplade 180 er et foldbart og justerbart plastbord fra Zown. Bordet er en videreudvikling af det lige foldbare og justerbare plastbord &quot;Worktop&quot; fra Zown. Alle sammenklappelige plastikborde i New Classic-serien har f\u00e5et den nye farve Shark Grey. Den m\u00f8rkegr\u00e5 farve er udviklet af Zown for at adskille bordene fra alle lignende plastikborde p\u00e5 markedet. Det foldbare og justerbare plastikbord har UV-beskyttelse og er fugtafvisende og er derfor ogs\u00e5 perfekt udend\u00f8rs. Bordpladen er produceret i high-density polyethylen, hvilket g\u00f8r den ekstra slidst\u00e6rk.<\/p>\n<p>Bordstellet, som har 4 forskellige h\u00f8jdepositioner, er en pulverlakeret st\u00e5lkonstruktion. De h\u00f8jere h\u00f8jder er perfekte til st\u00e5ende arbejde. Bordene har indbygget koblingsbeslag p\u00e5 den korte side og kan derfor udvides til lange borde. Alle foldebare plastikborde fra Zown passer godt b\u00e5de indend\u00f8rs og udend\u00f8rs. Fordi Worktop 180 er et justerbart plastikbord, er det ogs\u00e5 blevet popul\u00e6rt i v\u00e6rksteder og garager.<\/p>\n<\/div>\n\n\t\t<\/div>\n\t<\/div>\n<\/div><\/div><\/div><\/div><div class=\"vc_row wpb_row vc_row-fluid\"><div class=\"wpb_column vc_column_container vc_col-sm-12\"><div class=\"vc_column-inner\"><div class=\"wpb_wrapper\"><div class=\"vc_separator wpb_content_element vc_separator_align_center vc_sep_width_100 vc_sep_pos_align_center vc_separator_no_text vc_sep_color_grey\" ><span class=\"vc_sep_holder vc_sep_holder_l\"><span class=\"vc_sep_line\"><\/span><\/span><span class=\"vc_sep_holder vc_sep_holder_r\"><span class=\"vc_sep_line\"><\/span><\/span>\n<\/div><\/div><\/div><\/div><\/div><div class=\"vc_row wpb_row vc_row-fluid\"><div class=\"wpb_column vc_column_container vc_col-sm-6\"><div class=\"vc_column-inner\"><div class=\"wpb_wrapper\">\n\t<div class=\"wpb_text_column wpb_content_element\" >\n\t\t<div class=\"wpb_wrapper\">\n\t\t\t<div class=\"tab-content\">\n<p><span style=\"font-size: 18pt\">Farve<br \/>\n<\/span>Bordet har en m\u00f8rkegr\u00e5 farve (Shark Grey) p\u00e5 b\u00e5de bordstel og bordplade.<\/p>\n<p><span style=\"font-size: 18pt\">Dimensioner L\/B\/H<br \/>\n<\/span>1829x752x743 mm<br \/>\nJusterbare h\u00f8jder: 74, 85, 90 og 94 cm<\/p>\n<p><span style=\"font-size: 18pt\">Dimensioner af emballage<br \/>\n<\/span>1854,2\u00d7777,2\u00d764 mm<\/p>\n<p><span style=\"font-size: 18pt\">Materiale<br \/>\n<\/span>Stellet er en pulverlakeret st\u00e5lkonstruktion, og bordpladen er lavet af high-density polyethylen.<\/p>\n<p><span style=\"font-size: 18pt\">V\u00e6gt<br \/>\n<\/span>9,2 kg<br \/>\nAnbefalet maksimal belastning: 270 kg<\/p>\n<\/div>\n\n\t\t<\/div>\n\t<\/div>\n<\/div><\/div><\/div><div class=\"wpb_column vc_column_container vc_col-sm-6\"><div class=\"vc_column-inner\"><div class=\"wpb_wrapper\">\n\t<div class=\"wpb_text_column wpb_content_element\" >\n\t\t<div class=\"wpb_wrapper\">\n\t\t\t<div class=\"tab-content\">\n<p><span style=\"font-size: 18pt\">Certificeringer<br \/>\n<\/span>EN 581-1\/581-3 kontrakt<br \/>\nEN 15372 L2<\/p>\n<p><span style=\"font-size: 18pt\">Garanti<br \/>\n<\/span>10 \u00e5r<\/p>\n<p><span style=\"font-size: 18pt\">\u00d8vrigt<br \/>\n<\/span>Bordpladen er foldbar og har 4 justerbare h\u00f8jder. Bordet er UV- og vandafvisende og kan bruges b\u00e5de indend\u00f8rs og udend\u00f8rs.<\/p>\n<\/div>\n\n\t\t<\/div>\n\t<\/div>\n<\/div><\/div><\/div><\/div>\n<\/div>","protected":false},"excerpt":{"rendered":"<p>Worktop 180 er en videreudvikling af det foldbare og justerbare Worktop plastbord fra Zown. Et sammenklappeligt plastbord, der kan justeres i 4 forskellige h\u00f8jder.<\/p>","protected":false},"featured_media":94846,"template":"","meta":{"iawp_total_views":11},"product_brand":[],"product_cat":[6343,5787,5863,6304,6350],"product_tag":[6089,6090,6079,6085,6088],"class_list":{"0":"post-61782","1":"product","2":"type-product","3":"status-publish","4":"has-post-thumbnail","6":"product_cat-bord-utomhus","7":"product_cat-bord","8":"product_cat-fallbara-bord","9":"product_cat-utemobler","10":"product_cat-new-zown-classic","11":"product_tag-stallbart-bord","12":"product_tag-hojdjusterbart-bord","13":"product_tag-new-zown-classic","14":"product_tag-fallbart-bord","15":"product_tag-worktop-180","17":"first","18":"instock","19":"taxable","20":"shipping-taxable","21":"purchasable","22":"product-type-simple"},"yoast_head":"<!-- This site is optimized with the Yoast SEO plugin v27.0 - https:\/\/yoast.com\/product\/yoast-seo-wordpress\/ -->\n<title>Worktop 180 - New Classic - Bjerring-Sales<\/title>\n<meta name=\"description\" content=\"Worktop 180 \u00e4r en vidareutveckling av det f\u00e4llbara och st\u00e4llbara plastbordet Worktop fr\u00e5n Zown. Ett f\u00e4llbart plastbord som \u00e4r st\u00e4llbart i 4 olika h\u00f6jder.\" \/>\n<meta name=\"robots\" content=\"index, follow, max-snippet:-1, max-image-preview:large, max-video-preview:-1\" \/>\n<link rel=\"canonical\" href=\"https:\/\/shop.bjerring-sales.dk\/da\/vare\/worktop180\/\" \/>\n<meta property=\"og:locale\" content=\"da_DK\" \/>\n<meta property=\"og:type\" content=\"article\" \/>\n<meta property=\"og:title\" content=\"Worktop 180 - New Classic - Bjerring-Sales\" \/>\n<meta property=\"og:description\" content=\"Worktop 180 \u00e4r en vidareutveckling av det f\u00e4llbara och st\u00e4llbara plastbordet Worktop fr\u00e5n Zown. Ett f\u00e4llbart plastbord som \u00e4r st\u00e4llbart i 4 olika h\u00f6jder.\" \/>\n<meta property=\"og:url\" content=\"https:\/\/shop.bjerring-sales.dk\/da\/vare\/worktop180\/\" \/>\n<meta property=\"og:site_name\" content=\"Bjerring-Sales\" \/>\n<meta property=\"article:modified_time\" content=\"2026-04-15T12:59:18+00:00\" \/>\n<meta property=\"og:image\" content=\"https:\/\/shop.bjerring-sales.dk\/wp-content\/uploads\/2024\/01\/WT180_1.jpg\" \/>\n\t<meta property=\"og:image:width\" content=\"800\" \/>\n\t<meta property=\"og:image:height\" content=\"800\" \/>\n\t<meta property=\"og:image:type\" content=\"image\/jpeg\" \/>\n<meta name=\"twitter:card\" content=\"summary_large_image\" \/>\n<meta name=\"twitter:label1\" content=\"Estimeret l\u00e6setid\" \/>\n\t<meta name=\"twitter:data1\" content=\"2 minutter\" \/>\n<script type=\"application\/ld+json\" class=\"yoast-schema-graph\">{\"@context\":\"https:\/\/schema.org\",\"@graph\":[{\"@type\":\"WebPage\",\"@id\":\"https:\/\/shop.bjerring-sales.dk\/sv\/produkt\/worktop180\/\",\"url\":\"https:\/\/shop.bjerring-sales.dk\/sv\/produkt\/worktop180\/\",\"name\":\"Worktop 180 - New Classic - Bjerring-Sales\",\"isPartOf\":{\"@id\":\"https:\/\/shop.bjerring-sales.dk\/#website\"},\"primaryImageOfPage\":{\"@id\":\"https:\/\/shop.bjerring-sales.dk\/sv\/produkt\/worktop180\/#primaryimage\"},\"image\":{\"@id\":\"https:\/\/shop.bjerring-sales.dk\/sv\/produkt\/worktop180\/#primaryimage\"},\"thumbnailUrl\":\"https:\/\/shop.bjerring-sales.dk\/wp-content\/uploads\/2024\/01\/WT180_1.jpg\",\"datePublished\":\"2019-04-02T11:13:54+00:00\",\"dateModified\":\"2026-04-15T12:59:18+00:00\",\"description\":\"Worktop 180 \u00e4r en vidareutveckling av det f\u00e4llbara och st\u00e4llbara plastbordet Worktop fr\u00e5n Zown. Ett f\u00e4llbart plastbord som \u00e4r st\u00e4llbart i 4 olika h\u00f6jder.\",\"breadcrumb\":{\"@id\":\"https:\/\/shop.bjerring-sales.dk\/sv\/produkt\/worktop180\/#breadcrumb\"},\"inLanguage\":\"da-DK\",\"potentialAction\":[{\"@type\":\"ReadAction\",\"target\":[\"https:\/\/shop.bjerring-sales.dk\/sv\/produkt\/worktop180\/\"]}]},{\"@type\":\"ImageObject\",\"inLanguage\":\"da-DK\",\"@id\":\"https:\/\/shop.bjerring-sales.dk\/sv\/produkt\/worktop180\/#primaryimage\",\"url\":\"https:\/\/shop.bjerring-sales.dk\/wp-content\/uploads\/2024\/01\/WT180_1.jpg\",\"contentUrl\":\"https:\/\/shop.bjerring-sales.dk\/wp-content\/uploads\/2024\/01\/WT180_1.jpg\",\"width\":800,\"height\":800,\"caption\":\"F\u00e4llbart plastbord\"},{\"@type\":\"BreadcrumbList\",\"@id\":\"https:\/\/shop.bjerring-sales.dk\/sv\/produkt\/worktop180\/#breadcrumb\",\"itemListElement\":[{\"@type\":\"ListItem\",\"position\":1,\"name\":\"Hem\",\"item\":\"https:\/\/shop.bjerring-sales.dk\/\"},{\"@type\":\"ListItem\",\"position\":2,\"name\":\"Webbutik\",\"item\":\"https:\/\/shop.bjerring-sales.dk\/butik\/\"},{\"@type\":\"ListItem\",\"position\":3,\"name\":\"Worktop 180 &#8211; New Classic\"}]},{\"@type\":\"WebSite\",\"@id\":\"https:\/\/shop.bjerring-sales.dk\/#website\",\"url\":\"https:\/\/shop.bjerring-sales.dk\/\",\"name\":\"Bjerring-Sales\",\"description\":\"M\u00f6bler f\u00f6r teatrar, skolor, kontor och k\u00f6pcentrum\",\"publisher\":{\"@id\":\"https:\/\/shop.bjerring-sales.dk\/#organization\"},\"potentialAction\":[{\"@type\":\"SearchAction\",\"target\":{\"@type\":\"EntryPoint\",\"urlTemplate\":\"https:\/\/shop.bjerring-sales.dk\/?s={search_term_string}\"},\"query-input\":{\"@type\":\"PropertyValueSpecification\",\"valueRequired\":true,\"valueName\":\"search_term_string\"}}],\"inLanguage\":\"da-DK\"},{\"@type\":\"Organization\",\"@id\":\"https:\/\/shop.bjerring-sales.dk\/#organization\",\"name\":\"Bjerring-Sales\",\"url\":\"https:\/\/shop.bjerring-sales.dk\/\",\"logo\":{\"@type\":\"ImageObject\",\"inLanguage\":\"da-DK\",\"@id\":\"https:\/\/shop.bjerring-sales.dk\/#\/schema\/logo\/image\/\",\"url\":\"https:\/\/shop.bjerring-sales.dk\/wp-content\/uploads\/2023\/01\/logo_sv.png\",\"contentUrl\":\"https:\/\/shop.bjerring-sales.dk\/wp-content\/uploads\/2023\/01\/logo_sv.png\",\"width\":195,\"height\":68,\"caption\":\"Bjerring-Sales\"},\"image\":{\"@id\":\"https:\/\/shop.bjerring-sales.dk\/#\/schema\/logo\/image\/\"}}]}<\/script>\n<!-- \/ Yoast SEO plugin. -->","yoast_head_json":{"title":"Worktop 180 - New Classic - Bjerring-Sales","description":"Worktop 180 er en videreudvikling af det foldbare og justerbare Worktop plastbord fra Zown. Et sammenklappeligt plastbord, der kan justeres i 4 forskellige h\u00f8jder.","robots":{"index":"index","follow":"follow","max-snippet":"max-snippet:-1","max-image-preview":"max-image-preview:large","max-video-preview":"max-video-preview:-1"},"canonical":"https:\/\/shop.bjerring-sales.dk\/da\/vare\/worktop180\/","og_locale":"da_DK","og_type":"article","og_title":"Worktop 180 - New Classic - Bjerring-Sales","og_description":"Worktop 180 \u00e4r en vidareutveckling av det f\u00e4llbara och st\u00e4llbara plastbordet Worktop fr\u00e5n Zown. Ett f\u00e4llbart plastbord som \u00e4r st\u00e4llbart i 4 olika h\u00f6jder.","og_url":"https:\/\/shop.bjerring-sales.dk\/da\/vare\/worktop180\/","og_site_name":"Bjerring-Sales","article_modified_time":"2026-04-15T12:59:18+00:00","og_image":[{"width":800,"height":800,"url":"https:\/\/shop.bjerring-sales.dk\/wp-content\/uploads\/2024\/01\/WT180_1.jpg","type":"image\/jpeg"}],"twitter_card":"summary_large_image","twitter_misc":{"Estimeret l\u00e6setid":"2 minutter"},"schema":{"@context":"https:\/\/schema.org","@graph":[{"@type":"WebPage","@id":"https:\/\/shop.bjerring-sales.dk\/sv\/produkt\/worktop180\/","url":"https:\/\/shop.bjerring-sales.dk\/sv\/produkt\/worktop180\/","name":"Worktop 180 - New Classic - Bjerring-Sales","isPartOf":{"@id":"https:\/\/shop.bjerring-sales.dk\/#website"},"primaryImageOfPage":{"@id":"https:\/\/shop.bjerring-sales.dk\/sv\/produkt\/worktop180\/#primaryimage"},"image":{"@id":"https:\/\/shop.bjerring-sales.dk\/sv\/produkt\/worktop180\/#primaryimage"},"thumbnailUrl":"https:\/\/shop.bjerring-sales.dk\/wp-content\/uploads\/2024\/01\/WT180_1.jpg","datePublished":"2019-04-02T11:13:54+00:00","dateModified":"2026-04-15T12:59:18+00:00","description":"Worktop 180 er en videreudvikling af det foldbare og justerbare Worktop plastbord fra Zown. Et sammenklappeligt plastbord, der kan justeres i 4 forskellige h\u00f8jder.","breadcrumb":{"@id":"https:\/\/shop.bjerring-sales.dk\/sv\/produkt\/worktop180\/#breadcrumb"},"inLanguage":"da-DK","potentialAction":[{"@type":"ReadAction","target":["https:\/\/shop.bjerring-sales.dk\/sv\/produkt\/worktop180\/"]}]},{"@type":"ImageObject","inLanguage":"da-DK","@id":"https:\/\/shop.bjerring-sales.dk\/sv\/produkt\/worktop180\/#primaryimage","url":"https:\/\/shop.bjerring-sales.dk\/wp-content\/uploads\/2024\/01\/WT180_1.jpg","contentUrl":"https:\/\/shop.bjerring-sales.dk\/wp-content\/uploads\/2024\/01\/WT180_1.jpg","width":800,"height":800,"caption":"F\u00e4llbart plastbord"},{"@type":"BreadcrumbList","@id":"https:\/\/shop.bjerring-sales.dk\/sv\/produkt\/worktop180\/#breadcrumb","itemListElement":[{"@type":"ListItem","position":1,"name":"Hem","item":"https:\/\/shop.bjerring-sales.dk\/"},{"@type":"ListItem","position":2,"name":"Webbutik","item":"https:\/\/shop.bjerring-sales.dk\/butik\/"},{"@type":"ListItem","position":3,"name":"Worktop 180 &#8211; New Classic"}]},{"@type":"WebSite","@id":"https:\/\/shop.bjerring-sales.dk\/#website","url":"https:\/\/shop.bjerring-sales.dk\/","name":"Bjerring-Salg","description":"M\u00f8bler til teatre, skoler, kontorer og indk\u00f8bscentre","publisher":{"@id":"https:\/\/shop.bjerring-sales.dk\/#organization"},"potentialAction":[{"@type":"SearchAction","target":{"@type":"EntryPoint","urlTemplate":"https:\/\/shop.bjerring-sales.dk\/?s={search_term_string}"},"query-input":{"@type":"PropertyValueSpecification","valueRequired":true,"valueName":"search_term_string"}}],"inLanguage":"da-DK"},{"@type":"Organization","@id":"https:\/\/shop.bjerring-sales.dk\/#organization","name":"Bjerring-Salg","url":"https:\/\/shop.bjerring-sales.dk\/","logo":{"@type":"ImageObject","inLanguage":"da-DK","@id":"https:\/\/shop.bjerring-sales.dk\/#\/schema\/logo\/image\/","url":"https:\/\/shop.bjerring-sales.dk\/wp-content\/uploads\/2023\/01\/logo_sv.png","contentUrl":"https:\/\/shop.bjerring-sales.dk\/wp-content\/uploads\/2023\/01\/logo_sv.png","width":195,"height":68,"caption":"Bjerring-Sales"},"image":{"@id":"https:\/\/shop.bjerring-sales.dk\/#\/schema\/logo\/image\/"}}]}},"_links":{"self":[{"href":"https:\/\/shop.bjerring-sales.dk\/da\/wp-json\/wp\/v2\/product\/61782","targetHints":{"allow":["GET"]}}],"collection":[{"href":"https:\/\/shop.bjerring-sales.dk\/da\/wp-json\/wp\/v2\/product"}],"about":[{"href":"https:\/\/shop.bjerring-sales.dk\/da\/wp-json\/wp\/v2\/types\/product"}],"wp:featuredmedia":[{"embeddable":true,"href":"https:\/\/shop.bjerring-sales.dk\/da\/wp-json\/wp\/v2\/media\/94846"}],"wp:attachment":[{"href":"https:\/\/shop.bjerring-sales.dk\/da\/wp-json\/wp\/v2\/media?parent=61782"}],"wp:term":[{"taxonomy":"product_brand","embeddable":true,"href":"https:\/\/shop.bjerring-sales.dk\/da\/wp-json\/wp\/v2\/product_brand?post=61782"},{"taxonomy":"product_cat","embeddable":true,"href":"https:\/\/shop.bjerring-sales.dk\/da\/wp-json\/wp\/v2\/product_cat?post=61782"},{"taxonomy":"product_tag","embeddable":true,"href":"https:\/\/shop.bjerring-sales.dk\/da\/wp-json\/wp\/v2\/product_tag?post=61782"}],"curies":[{"name":"wp","href":"https:\/\/api.w.org\/{rel}","templated":true}]}}