{"id":61720,"date":"2019-10-01T15:51:37","date_gmt":"2019-10-01T13:51:37","guid":{"rendered":"https:\/\/pule.se\/produkt\/petra-stol-med-tyg\/"},"modified":"2026-04-10T16:21:52","modified_gmt":"2026-04-10T14:21:52","slug":"petra-stol-med-tyg","status":"publish","type":"product","link":"https:\/\/shop.bjerring-sales.dk\/da\/vare\/petra-stol-med-tyg\/","title":{"rendered":"Petra \u2013 En stol betrukket med stof"},"content":{"rendered":"<div class=\"wpb-content-wrapper\"><div class=\"vc_row wpb_row vc_row-fluid\"><div class=\"wpb_column vc_column_container vc_col-sm-12\"><div class=\"vc_column-inner\"><div class=\"wpb_wrapper\">\n\t<div class=\"wpb_text_column wpb_content_element\" >\n\t\t<div class=\"wpb_wrapper\">\n\t\t\t<p style=\"text-align: left\"><span style=\"font-size: 24pt\">Petra \u2013 En stofbekl\u00e6dt stol med stil<br \/>\n<\/span>Petra er en stilfuld stol med stof, der lagerf\u00f8res i 3 forskellige farvevarianter. Stolen best\u00e5r af en skal af polypropylenplast med integreret polstring i bl\u00f8de former til b\u00e5de s\u00e6de\/ryg. Polstringen er godt polstret, hvilket g\u00f8r stolen meget behagelig at sidde p\u00e5. At selve skallen er i en kontrastfarve i forhold til stofindtr\u00e6kket skaber en stilfuld og moderne f\u00f8lelse, der passer godt sammen med de sorte ben. Stellet er en omhyggeligt fremstillet st\u00e5lkonstruktion, som derefter er blevet pulverlakeret i sort.<\/p>\n\n\t\t<\/div>\n\t<\/div>\n<\/div><\/div><\/div><\/div><div class=\"vc_row wpb_row vc_row-fluid\"><div class=\"wpb_column vc_column_container vc_col-sm-4\"><div class=\"vc_column-inner\"><div class=\"wpb_wrapper\">\n\t<div  class=\"wpb_single_image wpb_content_element vc_align_center\">\n\t\t\n\t\t<figure class=\"wpb_wrapper vc_figure\">\n\t\t\t<div class=\"vc_single_image-wrapper vc_box_shadow_border  vc_box_border_grey\"><img loading=\"lazy\" decoding=\"async\" width=\"800\" height=\"550\" src=\"https:\/\/shop.bjerring-sales.dk\/wp-content\/uploads\/2019\/10\/Petra_Blue_DarkScene_02_800x550-1.jpg\" class=\"vc_single_image-img attachment-full\" alt=\"\" title=\"Petra_Blue_DarkScene_02_800x550-1\" srcset=\"https:\/\/shop.bjerring-sales.dk\/wp-content\/uploads\/2019\/10\/Petra_Blue_DarkScene_02_800x550-1.jpg 800w, https:\/\/shop.bjerring-sales.dk\/wp-content\/uploads\/2019\/10\/Petra_Blue_DarkScene_02_800x550-1-150x103.jpg 150w, https:\/\/shop.bjerring-sales.dk\/wp-content\/uploads\/2019\/10\/Petra_Blue_DarkScene_02_800x550-1-600x413.jpg 600w, https:\/\/shop.bjerring-sales.dk\/wp-content\/uploads\/2019\/10\/Petra_Blue_DarkScene_02_800x550-1-300x206.jpg 300w, https:\/\/shop.bjerring-sales.dk\/wp-content\/uploads\/2019\/10\/Petra_Blue_DarkScene_02_800x550-1-768x528.jpg 768w\" sizes=\"auto, (max-width: 800px) 100vw, 800px\" \/><\/div>\n\t\t<\/figure>\n\t<\/div>\n<\/div><\/div><\/div><div class=\"wpb_column vc_column_container vc_col-sm-4\"><div class=\"vc_column-inner\"><div class=\"wpb_wrapper\">\n\t<div  class=\"wpb_single_image wpb_content_element vc_align_center\">\n\t\t\n\t\t<figure class=\"wpb_wrapper vc_figure\">\n\t\t\t<div class=\"vc_single_image-wrapper vc_box_shadow_border  vc_box_border_grey\"><img loading=\"lazy\" decoding=\"async\" width=\"800\" height=\"550\" src=\"https:\/\/shop.bjerring-sales.dk\/wp-content\/uploads\/2019\/10\/Petra_Dark_3_800x550-1.jpg\" class=\"vc_single_image-img attachment-full\" alt=\"\" title=\"Petra_M\u00f8rk_3_800x550-1\" srcset=\"https:\/\/shop.bjerring-sales.dk\/wp-content\/uploads\/2019\/10\/Petra_Dark_3_800x550-1.jpg 800w, https:\/\/shop.bjerring-sales.dk\/wp-content\/uploads\/2019\/10\/Petra_Dark_3_800x550-1-150x103.jpg 150w, https:\/\/shop.bjerring-sales.dk\/wp-content\/uploads\/2019\/10\/Petra_Dark_3_800x550-1-600x413.jpg 600w, https:\/\/shop.bjerring-sales.dk\/wp-content\/uploads\/2019\/10\/Petra_Dark_3_800x550-1-300x206.jpg 300w, https:\/\/shop.bjerring-sales.dk\/wp-content\/uploads\/2019\/10\/Petra_Dark_3_800x550-1-768x528.jpg 768w\" sizes=\"auto, (max-width: 800px) 100vw, 800px\" \/><\/div>\n\t\t<\/figure>\n\t<\/div>\n<\/div><\/div><\/div><div class=\"wpb_column vc_column_container vc_col-sm-4\"><div class=\"vc_column-inner\"><div class=\"wpb_wrapper\">\n\t<div  class=\"wpb_single_image wpb_content_element vc_align_center\">\n\t\t\n\t\t<figure class=\"wpb_wrapper vc_figure\">\n\t\t\t<div class=\"vc_single_image-wrapper vc_box_shadow_border  vc_box_border_grey\"><img loading=\"lazy\" decoding=\"async\" width=\"800\" height=\"550\" src=\"https:\/\/shop.bjerring-sales.dk\/wp-content\/uploads\/2019\/10\/Petra_Dark_1_800x550-1.jpg\" class=\"vc_single_image-img attachment-full\" alt=\"\" title=\"Petra_M\u00f8rk_1_800x550\" srcset=\"https:\/\/shop.bjerring-sales.dk\/wp-content\/uploads\/2019\/10\/Petra_Dark_1_800x550-1.jpg 800w, https:\/\/shop.bjerring-sales.dk\/wp-content\/uploads\/2019\/10\/Petra_Dark_1_800x550-1-150x103.jpg 150w, https:\/\/shop.bjerring-sales.dk\/wp-content\/uploads\/2019\/10\/Petra_Dark_1_800x550-1-600x413.jpg 600w, https:\/\/shop.bjerring-sales.dk\/wp-content\/uploads\/2019\/10\/Petra_Dark_1_800x550-1-300x206.jpg 300w, https:\/\/shop.bjerring-sales.dk\/wp-content\/uploads\/2019\/10\/Petra_Dark_1_800x550-1-768x528.jpg 768w\" sizes=\"auto, (max-width: 800px) 100vw, 800px\" \/><\/div>\n\t\t<\/figure>\n\t<\/div>\n<\/div><\/div><\/div><\/div><div class=\"vc_row wpb_row vc_row-fluid\"><div class=\"wpb_column vc_column_container vc_col-sm-6\"><div class=\"vc_column-inner\"><div class=\"wpb_wrapper\">\n\t<div class=\"wpb_text_column wpb_content_element\" >\n\t\t<div class=\"wpb_wrapper\">\n\t\t\t<p style=\"text-align: left\"><span style=\"font-size: 18pt\">Farver<\/span><br \/>\nVi lagerf\u00f8rer lige nu Petra i lysebl\u00e5 skal med lysebl\u00e5t stof, hvid skal med lysegr\u00e5t stof eller sort skal med m\u00f8rkegr\u00e5 stof. Stoffet har 40.000 martindale.<\/p>\n<h3><a href=\"https:\/\/elj.se\/wp-content\/uploads\/2019\/10\/Petra_banner_1200x550.jpg\"><img loading=\"lazy\" decoding=\"async\" class=\"alignnone wp-image-14878 size-large\" src=\"https:\/\/elj.se\/wp-content\/uploads\/2019\/10\/Petra_banner_1200x550-1024x469.jpg\" alt=\"\" width=\"1024\" height=\"469\" \/><\/a><\/h3>\n<p><span style=\"font-size: 18pt\">Anvendelsesomr\u00e5der<br \/>\n<\/span>Hvor passer Petra ind? En stol med stilfuldt stofbetr\u00e6k er velegnet til en r\u00e6kke forskellige omr\u00e5der. Petra g\u00f8r sig s\u00e6rligt godt omkring spisebordet, da den er meget behagelig at sidde p\u00e5 i l\u00e6ngere tid. Stolen passer perfekt ind i forskellige former for kontorlandskab, hvor du gerne vil have et hj\u00f8rne med et caf\u00e9bord til hvileperioder og samtaler. Det er som regel disse steder, at de vigtige og udviklende samtaler tager fart. Ved konferencer og arrangementer, hvor folk m\u00f8des, er der ofte h\u00f8je krav til komfort, s\u00e5 er en stol med polstret polstring som Petra et rigtig godt valg. Vi har ogs\u00e5 bem\u00e6rket, at der er et stort behov for at have en prisbillig stol som alternativ til m\u00f8debordet.<\/p>\n\n\t\t<\/div>\n\t<\/div>\n<\/div><\/div><\/div><div class=\"wpb_column vc_column_container vc_col-sm-6\"><div class=\"vc_column-inner\"><div class=\"wpb_wrapper\">\n\t<div class=\"wpb_text_column wpb_content_element\" >\n\t\t<div class=\"wpb_wrapper\">\n\t\t\t<p><span style=\"font-size: 18pt\">M\u00e5l<br \/>\n<\/span>Petra er pakket 4 i en kasse. Det er selvf\u00f8lgelig fint at bestille stolen enkeltvis. M\u00e5lene p\u00e5 kassen er de samme, uanset om den er 1 eller 4.<\/p>\n<p>Kassem\u00e5l: 71x53x59 cm<\/p>\n<p>Samlet h\u00f8jde: 845 mm<br \/>\nTotal bredde: 490 mm<br \/>\nSamlet dybde: 530 mm<br \/>\nS\u00e6deh\u00f8jde: 450 mm<br \/>\nS\u00e6debredde 490 mm<br \/>\nS\u00e6dedybde: 420 mm<\/p>\n<p>V\u00e6gt: 5,5 kg<\/p>\n<p><span style=\"font-size: 18pt\">Garanti<br \/>\n<\/span>2 \u00e5rs garanti<\/p>\n\n\t\t<\/div>\n\t<\/div>\n<\/div><\/div><\/div><\/div>\n<\/div>","protected":false},"excerpt":{"rendered":"<p><span style=\"color: #ff0000\">Petra i m\u00f6rkgr\u00e5tt \u00e4r tillf\u00e4lligt slut och v\u00e4ntas \u00e5ter i lager i slutet av juni.<\/span> Petra er en polstret stol, som vi lagerf\u00f8rer i 3 forskellige farver. Den er meget behagelig og passer ind i de fleste milj\u00f8er.<\/p>","protected":false},"featured_media":98945,"template":"","meta":{"iawp_total_views":3},"product_brand":[],"product_cat":[5785,5791,5848,5853],"product_tag":[5849,5887,5888],"class_list":{"0":"post-61720","1":"product","2":"type-product","3":"status-publish","4":"has-post-thumbnail","6":"product_cat-hemmakontor","7":"product_cat-stolar","8":"product_cat-kladda-stolar","9":"product_cat-konferensstolar","10":"product_tag-konferensstol","11":"product_tag-matsalsstol","12":"product_tag-loungestol","14":"first","15":"instock","16":"taxable","17":"shipping-taxable","18":"purchasable","19":"product-type-variable"},"yoast_head":"<!-- This site is optimized with the Yoast SEO plugin v27.0 - https:\/\/yoast.com\/product\/yoast-seo-wordpress\/ -->\n<title>Petra - En tygkl\u00e4dd stol - Bjerring-Sales<\/title>\n<meta name=\"description\" content=\"Petra \u00e4r en kl\u00e4dd stol som vi lagerh\u00e5ller i 3 olika f\u00e4rger. Den \u00e4r mycket bekv\u00e4m och passar in i dom flesta milj\u00f6er.\" \/>\n<meta name=\"robots\" content=\"index, follow, max-snippet:-1, max-image-preview:large, max-video-preview:-1\" \/>\n<link rel=\"canonical\" href=\"https:\/\/shop.bjerring-sales.dk\/da\/vare\/petra-stol-med-tyg\/\" \/>\n<meta property=\"og:locale\" content=\"da_DK\" \/>\n<meta property=\"og:type\" content=\"article\" \/>\n<meta property=\"og:title\" content=\"Petra - En tygkl\u00e4dd stol - Bjerring-Sales\" \/>\n<meta property=\"og:description\" content=\"Petra \u00e4r en kl\u00e4dd stol som vi lagerh\u00e5ller i 3 olika f\u00e4rger. Den \u00e4r mycket bekv\u00e4m och passar in i dom flesta milj\u00f6er.\" \/>\n<meta property=\"og:url\" content=\"https:\/\/shop.bjerring-sales.dk\/da\/vare\/petra-stol-med-tyg\/\" \/>\n<meta property=\"og:site_name\" content=\"Bjerring-Sales\" \/>\n<meta property=\"article:modified_time\" content=\"2026-04-10T14:21:52+00:00\" \/>\n<meta property=\"og:image\" content=\"https:\/\/shop.bjerring-sales.dk\/wp-content\/uploads\/2024\/10\/Petra_ljusgra_800x800.jpg\" \/>\n\t<meta property=\"og:image:width\" content=\"800\" \/>\n\t<meta property=\"og:image:height\" content=\"800\" \/>\n\t<meta property=\"og:image:type\" content=\"image\/jpeg\" \/>\n<meta name=\"twitter:card\" content=\"summary_large_image\" \/>\n<meta name=\"twitter:label1\" content=\"Estimeret l\u00e6setid\" \/>\n\t<meta name=\"twitter:data1\" content=\"2 minutter\" \/>\n<script type=\"application\/ld+json\" class=\"yoast-schema-graph\">{\"@context\":\"https:\/\/schema.org\",\"@graph\":[{\"@type\":\"WebPage\",\"@id\":\"https:\/\/shop.bjerring-sales.dk\/sv\/produkt\/petra-stol-med-tyg\/\",\"url\":\"https:\/\/shop.bjerring-sales.dk\/sv\/produkt\/petra-stol-med-tyg\/\",\"name\":\"Petra - En tygkl\u00e4dd stol - Bjerring-Sales\",\"isPartOf\":{\"@id\":\"https:\/\/shop.bjerring-sales.dk\/#website\"},\"primaryImageOfPage\":{\"@id\":\"https:\/\/shop.bjerring-sales.dk\/sv\/produkt\/petra-stol-med-tyg\/#primaryimage\"},\"image\":{\"@id\":\"https:\/\/shop.bjerring-sales.dk\/sv\/produkt\/petra-stol-med-tyg\/#primaryimage\"},\"thumbnailUrl\":\"https:\/\/shop.bjerring-sales.dk\/wp-content\/uploads\/2024\/10\/Petra_ljusgra_800x800.jpg\",\"datePublished\":\"2019-10-01T13:51:37+00:00\",\"dateModified\":\"2026-04-10T14:21:52+00:00\",\"description\":\"Petra \u00e4r en kl\u00e4dd stol som vi lagerh\u00e5ller i 3 olika f\u00e4rger. Den \u00e4r mycket bekv\u00e4m och passar in i dom flesta milj\u00f6er.\",\"breadcrumb\":{\"@id\":\"https:\/\/shop.bjerring-sales.dk\/sv\/produkt\/petra-stol-med-tyg\/#breadcrumb\"},\"inLanguage\":\"da-DK\",\"potentialAction\":[{\"@type\":\"ReadAction\",\"target\":[\"https:\/\/shop.bjerring-sales.dk\/sv\/produkt\/petra-stol-med-tyg\/\"]}]},{\"@type\":\"ImageObject\",\"inLanguage\":\"da-DK\",\"@id\":\"https:\/\/shop.bjerring-sales.dk\/sv\/produkt\/petra-stol-med-tyg\/#primaryimage\",\"url\":\"https:\/\/shop.bjerring-sales.dk\/wp-content\/uploads\/2024\/10\/Petra_ljusgra_800x800.jpg\",\"contentUrl\":\"https:\/\/shop.bjerring-sales.dk\/wp-content\/uploads\/2024\/10\/Petra_ljusgra_800x800.jpg\",\"width\":800,\"height\":800},{\"@type\":\"BreadcrumbList\",\"@id\":\"https:\/\/shop.bjerring-sales.dk\/sv\/produkt\/petra-stol-med-tyg\/#breadcrumb\",\"itemListElement\":[{\"@type\":\"ListItem\",\"position\":1,\"name\":\"Hem\",\"item\":\"https:\/\/shop.bjerring-sales.dk\/\"},{\"@type\":\"ListItem\",\"position\":2,\"name\":\"Webbutik\",\"item\":\"https:\/\/shop.bjerring-sales.dk\/butik\/\"},{\"@type\":\"ListItem\",\"position\":3,\"name\":\"Petra &#8211; En tygkl\u00e4dd stol\"}]},{\"@type\":\"WebSite\",\"@id\":\"https:\/\/shop.bjerring-sales.dk\/#website\",\"url\":\"https:\/\/shop.bjerring-sales.dk\/\",\"name\":\"Bjerring-Sales\",\"description\":\"M\u00f6bler f\u00f6r teatrar, skolor, kontor och k\u00f6pcentrum\",\"publisher\":{\"@id\":\"https:\/\/shop.bjerring-sales.dk\/#organization\"},\"potentialAction\":[{\"@type\":\"SearchAction\",\"target\":{\"@type\":\"EntryPoint\",\"urlTemplate\":\"https:\/\/shop.bjerring-sales.dk\/?s={search_term_string}\"},\"query-input\":{\"@type\":\"PropertyValueSpecification\",\"valueRequired\":true,\"valueName\":\"search_term_string\"}}],\"inLanguage\":\"da-DK\"},{\"@type\":\"Organization\",\"@id\":\"https:\/\/shop.bjerring-sales.dk\/#organization\",\"name\":\"Bjerring-Sales\",\"url\":\"https:\/\/shop.bjerring-sales.dk\/\",\"logo\":{\"@type\":\"ImageObject\",\"inLanguage\":\"da-DK\",\"@id\":\"https:\/\/shop.bjerring-sales.dk\/#\/schema\/logo\/image\/\",\"url\":\"https:\/\/shop.bjerring-sales.dk\/wp-content\/uploads\/2023\/01\/logo_sv.png\",\"contentUrl\":\"https:\/\/shop.bjerring-sales.dk\/wp-content\/uploads\/2023\/01\/logo_sv.png\",\"width\":195,\"height\":68,\"caption\":\"Bjerring-Sales\"},\"image\":{\"@id\":\"https:\/\/shop.bjerring-sales.dk\/#\/schema\/logo\/image\/\"}}]}<\/script>\n<!-- \/ Yoast SEO plugin. -->","yoast_head_json":{"title":"Petra - En tygkl\u00e4dd stol - Bjerring-Sales","description":"Petra er en polstret stol, som vi lagerf\u00f8rer i 3 forskellige farver. Den er meget behagelig og passer ind i de fleste milj\u00f8er.","robots":{"index":"index","follow":"follow","max-snippet":"max-snippet:-1","max-image-preview":"max-image-preview:large","max-video-preview":"max-video-preview:-1"},"canonical":"https:\/\/shop.bjerring-sales.dk\/da\/vare\/petra-stol-med-tyg\/","og_locale":"da_DK","og_type":"article","og_title":"Petra - En tygkl\u00e4dd stol - Bjerring-Sales","og_description":"Petra \u00e4r en kl\u00e4dd stol som vi lagerh\u00e5ller i 3 olika f\u00e4rger. Den \u00e4r mycket bekv\u00e4m och passar in i dom flesta milj\u00f6er.","og_url":"https:\/\/shop.bjerring-sales.dk\/da\/vare\/petra-stol-med-tyg\/","og_site_name":"Bjerring-Sales","article_modified_time":"2026-04-10T14:21:52+00:00","og_image":[{"width":800,"height":800,"url":"https:\/\/shop.bjerring-sales.dk\/wp-content\/uploads\/2024\/10\/Petra_ljusgra_800x800.jpg","type":"image\/jpeg"}],"twitter_card":"summary_large_image","twitter_misc":{"Estimeret l\u00e6setid":"2 minutter"},"schema":{"@context":"https:\/\/schema.org","@graph":[{"@type":"WebPage","@id":"https:\/\/shop.bjerring-sales.dk\/sv\/produkt\/petra-stol-med-tyg\/","url":"https:\/\/shop.bjerring-sales.dk\/sv\/produkt\/petra-stol-med-tyg\/","name":"Petra - En tygkl\u00e4dd stol - Bjerring-Sales","isPartOf":{"@id":"https:\/\/shop.bjerring-sales.dk\/#website"},"primaryImageOfPage":{"@id":"https:\/\/shop.bjerring-sales.dk\/sv\/produkt\/petra-stol-med-tyg\/#primaryimage"},"image":{"@id":"https:\/\/shop.bjerring-sales.dk\/sv\/produkt\/petra-stol-med-tyg\/#primaryimage"},"thumbnailUrl":"https:\/\/shop.bjerring-sales.dk\/wp-content\/uploads\/2024\/10\/Petra_ljusgra_800x800.jpg","datePublished":"2019-10-01T13:51:37+00:00","dateModified":"2026-04-10T14:21:52+00:00","description":"Petra er en polstret stol, som vi lagerf\u00f8rer i 3 forskellige farver. Den er meget behagelig og passer ind i de fleste milj\u00f8er.","breadcrumb":{"@id":"https:\/\/shop.bjerring-sales.dk\/sv\/produkt\/petra-stol-med-tyg\/#breadcrumb"},"inLanguage":"da-DK","potentialAction":[{"@type":"ReadAction","target":["https:\/\/shop.bjerring-sales.dk\/sv\/produkt\/petra-stol-med-tyg\/"]}]},{"@type":"ImageObject","inLanguage":"da-DK","@id":"https:\/\/shop.bjerring-sales.dk\/sv\/produkt\/petra-stol-med-tyg\/#primaryimage","url":"https:\/\/shop.bjerring-sales.dk\/wp-content\/uploads\/2024\/10\/Petra_ljusgra_800x800.jpg","contentUrl":"https:\/\/shop.bjerring-sales.dk\/wp-content\/uploads\/2024\/10\/Petra_ljusgra_800x800.jpg","width":800,"height":800},{"@type":"BreadcrumbList","@id":"https:\/\/shop.bjerring-sales.dk\/sv\/produkt\/petra-stol-med-tyg\/#breadcrumb","itemListElement":[{"@type":"ListItem","position":1,"name":"Hem","item":"https:\/\/shop.bjerring-sales.dk\/"},{"@type":"ListItem","position":2,"name":"Webbutik","item":"https:\/\/shop.bjerring-sales.dk\/butik\/"},{"@type":"ListItem","position":3,"name":"Petra &#8211; En tygkl\u00e4dd stol"}]},{"@type":"WebSite","@id":"https:\/\/shop.bjerring-sales.dk\/#website","url":"https:\/\/shop.bjerring-sales.dk\/","name":"Bjerring-Salg","description":"M\u00f8bler til teatre, skoler, kontorer og indk\u00f8bscentre","publisher":{"@id":"https:\/\/shop.bjerring-sales.dk\/#organization"},"potentialAction":[{"@type":"SearchAction","target":{"@type":"EntryPoint","urlTemplate":"https:\/\/shop.bjerring-sales.dk\/?s={search_term_string}"},"query-input":{"@type":"PropertyValueSpecification","valueRequired":true,"valueName":"search_term_string"}}],"inLanguage":"da-DK"},{"@type":"Organization","@id":"https:\/\/shop.bjerring-sales.dk\/#organization","name":"Bjerring-Salg","url":"https:\/\/shop.bjerring-sales.dk\/","logo":{"@type":"ImageObject","inLanguage":"da-DK","@id":"https:\/\/shop.bjerring-sales.dk\/#\/schema\/logo\/image\/","url":"https:\/\/shop.bjerring-sales.dk\/wp-content\/uploads\/2023\/01\/logo_sv.png","contentUrl":"https:\/\/shop.bjerring-sales.dk\/wp-content\/uploads\/2023\/01\/logo_sv.png","width":195,"height":68,"caption":"Bjerring-Sales"},"image":{"@id":"https:\/\/shop.bjerring-sales.dk\/#\/schema\/logo\/image\/"}}]}},"_links":{"self":[{"href":"https:\/\/shop.bjerring-sales.dk\/da\/wp-json\/wp\/v2\/product\/61720","targetHints":{"allow":["GET"]}}],"collection":[{"href":"https:\/\/shop.bjerring-sales.dk\/da\/wp-json\/wp\/v2\/product"}],"about":[{"href":"https:\/\/shop.bjerring-sales.dk\/da\/wp-json\/wp\/v2\/types\/product"}],"wp:featuredmedia":[{"embeddable":true,"href":"https:\/\/shop.bjerring-sales.dk\/da\/wp-json\/wp\/v2\/media\/98945"}],"wp:attachment":[{"href":"https:\/\/shop.bjerring-sales.dk\/da\/wp-json\/wp\/v2\/media?parent=61720"}],"wp:term":[{"taxonomy":"product_brand","embeddable":true,"href":"https:\/\/shop.bjerring-sales.dk\/da\/wp-json\/wp\/v2\/product_brand?post=61720"},{"taxonomy":"product_cat","embeddable":true,"href":"https:\/\/shop.bjerring-sales.dk\/da\/wp-json\/wp\/v2\/product_cat?post=61720"},{"taxonomy":"product_tag","embeddable":true,"href":"https:\/\/shop.bjerring-sales.dk\/da\/wp-json\/wp\/v2\/product_tag?post=61720"}],"curies":[{"name":"wp","href":"https:\/\/api.w.org\/{rel}","templated":true}]}}