{"id":61639,"date":"2020-06-26T13:05:08","date_gmt":"2020-06-26T11:05:08","guid":{"rendered":"https:\/\/pule.se\/produkt\/lyon-kontorsstol\/"},"modified":"2024-05-30T10:08:10","modified_gmt":"2024-05-30T08:08:10","slug":"lyon-kontorsstol","status":"publish","type":"product","link":"https:\/\/shop.bjerring-sales.dk\/da\/vare\/lyon-kontorsstol\/","title":{"rendered":"Lyon \u2013 En prisvenlig kontorstol"},"content":{"rendered":"<div class=\"wpb-content-wrapper\"><div class=\"vc_row wpb_row vc_row-fluid\"><div class=\"wpb_column vc_column_container vc_col-sm-12\"><div class=\"vc_column-inner\"><div class=\"wpb_wrapper\">\n\t<div class=\"wpb_text_column wpb_content_element\" >\n\t\t<div class=\"wpb_wrapper\">\n\t\t\t<p style=\"text-align: left\"><span style=\"font-size: 24pt\">Lyon \u2013 En prisvenlig kontorstol<br \/>\n<\/span>Lyon er en kontorstol til en overkommelig pris, der giver medarbejderne et behageligt sted at arbejde og sikrer en mere produktiv og sundere arbejdsstilling. N\u00e5r en person sidder behageligt, arbejder de bedre, l\u00e6ngere og med mere arbejdsgl\u00e6de.<\/p>\n\n\t\t<\/div>\n\t<\/div>\n<\/div><\/div><\/div><\/div><div class=\"vc_row wpb_row vc_row-fluid\"><div class=\"wpb_column vc_column_container vc_col-sm-4\"><div class=\"vc_column-inner\"><div class=\"wpb_wrapper\">\n\t<div  class=\"wpb_single_image wpb_content_element vc_align_center\">\n\t\t\n\t\t<figure class=\"wpb_wrapper vc_figure\">\n\t\t\t<div class=\"vc_single_image-wrapper vc_box_shadow_border  vc_box_border_grey\"><img loading=\"lazy\" decoding=\"async\" width=\"800\" height=\"550\" src=\"https:\/\/shop.bjerring-sales.dk\/wp-content\/uploads\/2020\/06\/Lyon-_-01_Post.gif\" class=\"vc_single_image-img attachment-full\" alt=\"\" title=\"Lyon-_-01_Post\" \/><\/div>\n\t\t<\/figure>\n\t<\/div>\n<\/div><\/div><\/div><div class=\"wpb_column vc_column_container vc_col-sm-4\"><div class=\"vc_column-inner\"><div class=\"wpb_wrapper\">\n\t<div  class=\"wpb_single_image wpb_content_element vc_align_center\">\n\t\t\n\t\t<figure class=\"wpb_wrapper vc_figure\">\n\t\t\t<div class=\"vc_single_image-wrapper vc_box_shadow_border  vc_box_border_grey\"><img loading=\"lazy\" decoding=\"async\" width=\"800\" height=\"550\" src=\"https:\/\/shop.bjerring-sales.dk\/wp-content\/uploads\/2020\/06\/Lyon-_-04_Post.gif\" class=\"vc_single_image-img attachment-full\" alt=\"\" title=\"Lyon-_-04_Post\" \/><\/div>\n\t\t<\/figure>\n\t<\/div>\n<\/div><\/div><\/div><div class=\"wpb_column vc_column_container vc_col-sm-4\"><div class=\"vc_column-inner\"><div class=\"wpb_wrapper\">\n\t<div  class=\"wpb_single_image wpb_content_element vc_align_center\">\n\t\t\n\t\t<figure class=\"wpb_wrapper vc_figure\">\n\t\t\t<div class=\"vc_single_image-wrapper vc_box_shadow_border  vc_box_border_grey\"><img loading=\"lazy\" decoding=\"async\" width=\"800\" height=\"550\" src=\"https:\/\/shop.bjerring-sales.dk\/wp-content\/uploads\/2020\/06\/Lyon-_-02_Post.gif\" class=\"vc_single_image-img attachment-full\" alt=\"\" title=\"Lyon-_-02_Post\" \/><\/div>\n\t\t<\/figure>\n\t<\/div>\n<\/div><\/div><\/div><\/div><div class=\"vc_row wpb_row vc_row-fluid\"><div class=\"wpb_column vc_column_container vc_col-sm-6\"><div class=\"vc_column-inner\"><div class=\"wpb_wrapper\">\n\t<div class=\"wpb_text_column wpb_content_element\" >\n\t\t<div class=\"wpb_wrapper\">\n\t\t\t<p style=\"text-align: left\"><span style=\"font-size: 18pt\">Kvalitet<br \/>\n<\/span>Prisen er en vigtig faktor, n\u00e5r du skal v\u00e6lge kontorstol. Prisen er altid relateret til kvaliteten af et produkt. Det er derfor vigtigt, at en stol f\u00f8les solid. Tjek ogs\u00e5 om stellet er lavet af metal eller plastik. En plastik stel vil v\u00e6re mindre holdbart og nedbryde meget hurtigere end en metal, dette afh\u00e6nger selvf\u00f8lgelig ogs\u00e5 af stolens belastning.<\/p>\n<p>Udover kvaliteten af stellet er det ogs\u00e5 vigtigt, at stoffet er af den rigtige kvalitet. Kvaliteten af stoffet kan m\u00e5les ved at se p\u00e5 hvor h\u00f8j Martindale tallet er. Denne stol har 100.000 Martindale. Det er ogs\u00e5 vigtigt, at puden under stoffet er af den rigtige kvalitet.<\/p>\n<p><span style=\"font-size: 18pt\">Rygl\u00e6n<br \/>\n<\/span>Det skal v\u00e6re muligt at dreje kontorstolens rygl\u00e6n bagud, s\u00e5 brugeren kan l\u00e6ne sig mere end 90 grader tilbage. De bedste stole tillader bev\u00e6gelse af ryggen og tilpasser sig brugerens bev\u00e6gelser. V\u00e6lg en kontorstol med et rygl\u00e6n, der er bredt nok til ryggen, og som i hvert fald giver god st\u00f8tte til midten af ryggen. Lyon kontorstolen er udstyret med et h\u00f8jdejusterbart rygl\u00e6n.<\/p>\n<p><span style=\"font-size: 18pt\">Arml\u00e6n<br \/>\n<\/span>N\u00e5r du sidder foran skrivebordet, er det vigtigt, at kroppen har en naturlig holdning. Med justerbare arml\u00e6n kan brugeren l\u00e6gge armene i en 90-graders vinkel p\u00e5 skrivebordet, der ikke kun f\u00f8les naturligt, men ogs\u00e5 opleves som meget mere behageligt. S\u00f8rg derfor for, at arml\u00e6net er justerbart efter armene. Lyon kontorstolen er udstyret med en <span class=\"tlid-translation translation\" lang=\"sv\"><span class=\"\" title=\"\">3D justerbart arml\u00e6n med bl\u00f8d pude.<\/span><\/span><\/p>\n<p><span style=\"font-size: 18pt\">Hjul<br \/>\n<\/span>N\u00e5r du skal v\u00e6lge den rigtige kontorstol, er det ogs\u00e5 vigtigt at v\u00e6re opm\u00e6rksom p\u00e5 hjulene under stolen. Ikke alle typer hjul er velegnede til alle typer underlag. V\u00e6lg derfor om muligt multifunktionelle hjul, s\u00e5 stolen kan bruges optimalt. Lyon kontorstolen er udstyret med 60 mm multifunktionelle hjul.<\/p>\n\n\t\t<\/div>\n\t<\/div>\n<\/div><\/div><\/div><div class=\"wpb_column vc_column_container vc_col-sm-6\"><div class=\"vc_column-inner\"><div class=\"wpb_wrapper\">\n\t<div class=\"wpb_text_column wpb_content_element\" >\n\t\t<div class=\"wpb_wrapper\">\n\t\t\t<p><span style=\"font-size: 18pt\">M\u00e5l<br \/>\n<\/span>H\u00f8jde: 955-1070 mm<br \/>\nS\u00e6deh\u00f8jde: 435-550 mm<br \/>\nBredde: 660 mm<br \/>\nS\u00e6debredde: 460 mm<br \/>\nS\u00e6dedybde: 430 mm<\/p>\n<p><span style=\"font-size: 18pt\">Garanti<br \/>\n<\/span>5 \u00e5rs garanti<\/p>\n<p><span style=\"font-size: 18pt\">Certificeringer<br \/>\n<\/span>Lyon kontorstol er certificeret i henhold til EN1335<\/p>\n<p><span style=\"font-size: 18pt\">\u00d8vrigt<\/span><\/p>\n<ul>\n<li>100.000 Martindale<\/li>\n<li>Stoleryggen kan l\u00e5ses i 4 positioner takket v\u00e6re en klik back funktion.<\/li>\n<li>Udstyret med synkron funktion.<\/li>\n<li>H\u00f8jdejusterbart rygl\u00e6n<\/li>\n<li>3D justerbart arml\u00e6n med bl\u00f8d pude<\/li>\n<li>S\u00e6dedybdejustering<\/li>\n<li>60 mm multifunktionelle hjul<\/li>\n<\/ul>\n\n\t\t<\/div>\n\t<\/div>\n<\/div><\/div><\/div><\/div>\n<\/div>","protected":false},"excerpt":{"rendered":"<p>Lyon er en prisvenlig sort kontorstol, der passer ind i ethvert kontorrum. Kontorstolen har 100.000 martindale og 5 \u00e5rs garanti.<\/p>","protected":false},"featured_media":95888,"template":"","meta":{"iawp_total_views":15},"product_brand":[],"product_cat":[5785,5791,5629,5826,5827],"product_tag":[5793,5875,6032,6075],"class_list":{"0":"post-61639","1":"product","2":"type-product","3":"status-publish","4":"has-post-thumbnail","6":"product_cat-hemmakontor","7":"product_cat-stolar","8":"product_cat-kontorsmobler","9":"product_cat-skrivbordsstolar","10":"product_cat-kontorsstolar","11":"product_tag-ergonomi","12":"product_tag-kontorsstol","13":"product_tag-skrivbordsstol","14":"product_tag-prisvard-kontorsstol","16":"first","17":"instock","18":"taxable","19":"shipping-taxable","20":"purchasable","21":"product-type-simple"},"yoast_head":"<!-- This site is optimized with the Yoast SEO plugin v27.0 - https:\/\/yoast.com\/product\/yoast-seo-wordpress\/ -->\n<title>Lyon - En prisv\u00e4rd kontorsstol - Bjerring-Sales<\/title>\n<meta name=\"description\" content=\"Lyon \u00e4r en prisv\u00e4rd svart kontorsstol som passar in i alla kontorslokaler. Kontorsstolen har 100 000 martindale och 5 \u00e5rs garanti.\" \/>\n<meta name=\"robots\" content=\"index, follow, max-snippet:-1, max-image-preview:large, max-video-preview:-1\" \/>\n<link rel=\"canonical\" href=\"https:\/\/shop.bjerring-sales.dk\/da\/vare\/lyon-kontorsstol\/\" \/>\n<meta property=\"og:locale\" content=\"da_DK\" \/>\n<meta property=\"og:type\" content=\"article\" \/>\n<meta property=\"og:title\" content=\"Lyon - En prisv\u00e4rd kontorsstol - Bjerring-Sales\" \/>\n<meta property=\"og:description\" content=\"Lyon \u00e4r en prisv\u00e4rd svart kontorsstol som passar in i alla kontorslokaler. Kontorsstolen har 100 000 martindale och 5 \u00e5rs garanti.\" \/>\n<meta property=\"og:url\" content=\"https:\/\/shop.bjerring-sales.dk\/da\/vare\/lyon-kontorsstol\/\" \/>\n<meta property=\"og:site_name\" content=\"Bjerring-Sales\" \/>\n<meta property=\"article:modified_time\" content=\"2024-05-30T08:08:10+00:00\" \/>\n<meta property=\"og:image\" content=\"https:\/\/shop.bjerring-sales.dk\/wp-content\/uploads\/2024\/03\/Lyon_1.png\" \/>\n\t<meta property=\"og:image:width\" content=\"800\" \/>\n\t<meta property=\"og:image:height\" content=\"800\" \/>\n\t<meta property=\"og:image:type\" content=\"image\/png\" \/>\n<meta name=\"twitter:card\" content=\"summary_large_image\" \/>\n<meta name=\"twitter:label1\" content=\"Estimeret l\u00e6setid\" \/>\n\t<meta name=\"twitter:data1\" content=\"2 minutter\" \/>\n<script type=\"application\/ld+json\" class=\"yoast-schema-graph\">{\"@context\":\"https:\/\/schema.org\",\"@graph\":[{\"@type\":\"WebPage\",\"@id\":\"https:\/\/shop.bjerring-sales.dk\/sv\/produkt\/lyon-kontorsstol\/\",\"url\":\"https:\/\/shop.bjerring-sales.dk\/sv\/produkt\/lyon-kontorsstol\/\",\"name\":\"Lyon - En prisv\u00e4rd kontorsstol - Bjerring-Sales\",\"isPartOf\":{\"@id\":\"https:\/\/shop.bjerring-sales.dk\/#website\"},\"primaryImageOfPage\":{\"@id\":\"https:\/\/shop.bjerring-sales.dk\/sv\/produkt\/lyon-kontorsstol\/#primaryimage\"},\"image\":{\"@id\":\"https:\/\/shop.bjerring-sales.dk\/sv\/produkt\/lyon-kontorsstol\/#primaryimage\"},\"thumbnailUrl\":\"https:\/\/shop.bjerring-sales.dk\/wp-content\/uploads\/2024\/03\/Lyon_1.png\",\"datePublished\":\"2020-06-26T11:05:08+00:00\",\"dateModified\":\"2024-05-30T08:08:10+00:00\",\"description\":\"Lyon \u00e4r en prisv\u00e4rd svart kontorsstol som passar in i alla kontorslokaler. Kontorsstolen har 100 000 martindale och 5 \u00e5rs garanti.\",\"breadcrumb\":{\"@id\":\"https:\/\/shop.bjerring-sales.dk\/sv\/produkt\/lyon-kontorsstol\/#breadcrumb\"},\"inLanguage\":\"da-DK\",\"potentialAction\":[{\"@type\":\"ReadAction\",\"target\":[\"https:\/\/shop.bjerring-sales.dk\/sv\/produkt\/lyon-kontorsstol\/\"]}]},{\"@type\":\"ImageObject\",\"inLanguage\":\"da-DK\",\"@id\":\"https:\/\/shop.bjerring-sales.dk\/sv\/produkt\/lyon-kontorsstol\/#primaryimage\",\"url\":\"https:\/\/shop.bjerring-sales.dk\/wp-content\/uploads\/2024\/03\/Lyon_1.png\",\"contentUrl\":\"https:\/\/shop.bjerring-sales.dk\/wp-content\/uploads\/2024\/03\/Lyon_1.png\",\"width\":800,\"height\":800},{\"@type\":\"BreadcrumbList\",\"@id\":\"https:\/\/shop.bjerring-sales.dk\/sv\/produkt\/lyon-kontorsstol\/#breadcrumb\",\"itemListElement\":[{\"@type\":\"ListItem\",\"position\":1,\"name\":\"Hem\",\"item\":\"https:\/\/shop.bjerring-sales.dk\/\"},{\"@type\":\"ListItem\",\"position\":2,\"name\":\"Webbutik\",\"item\":\"https:\/\/shop.bjerring-sales.dk\/butik\/\"},{\"@type\":\"ListItem\",\"position\":3,\"name\":\"Lyon &#8211; En prisv\u00e4rd kontorsstol\"}]},{\"@type\":\"WebSite\",\"@id\":\"https:\/\/shop.bjerring-sales.dk\/#website\",\"url\":\"https:\/\/shop.bjerring-sales.dk\/\",\"name\":\"Bjerring-Sales\",\"description\":\"M\u00f6bler f\u00f6r teatrar, skolor, kontor och k\u00f6pcentrum\",\"publisher\":{\"@id\":\"https:\/\/shop.bjerring-sales.dk\/#organization\"},\"potentialAction\":[{\"@type\":\"SearchAction\",\"target\":{\"@type\":\"EntryPoint\",\"urlTemplate\":\"https:\/\/shop.bjerring-sales.dk\/?s={search_term_string}\"},\"query-input\":{\"@type\":\"PropertyValueSpecification\",\"valueRequired\":true,\"valueName\":\"search_term_string\"}}],\"inLanguage\":\"da-DK\"},{\"@type\":\"Organization\",\"@id\":\"https:\/\/shop.bjerring-sales.dk\/#organization\",\"name\":\"Bjerring-Sales\",\"url\":\"https:\/\/shop.bjerring-sales.dk\/\",\"logo\":{\"@type\":\"ImageObject\",\"inLanguage\":\"da-DK\",\"@id\":\"https:\/\/shop.bjerring-sales.dk\/#\/schema\/logo\/image\/\",\"url\":\"https:\/\/shop.bjerring-sales.dk\/wp-content\/uploads\/2023\/01\/logo_sv.png\",\"contentUrl\":\"https:\/\/shop.bjerring-sales.dk\/wp-content\/uploads\/2023\/01\/logo_sv.png\",\"width\":195,\"height\":68,\"caption\":\"Bjerring-Sales\"},\"image\":{\"@id\":\"https:\/\/shop.bjerring-sales.dk\/#\/schema\/logo\/image\/\"}}]}<\/script>\n<!-- \/ Yoast SEO plugin. -->","yoast_head_json":{"title":"Lyon - En prisv\u00e4rd kontorsstol - Bjerring-Sales","description":"Lyon er en prisvenlig sort kontorstol, der passer ind i ethvert kontorrum. Kontorstolen har 100.000 martindale og 5 \u00e5rs garanti.","robots":{"index":"index","follow":"follow","max-snippet":"max-snippet:-1","max-image-preview":"max-image-preview:large","max-video-preview":"max-video-preview:-1"},"canonical":"https:\/\/shop.bjerring-sales.dk\/da\/vare\/lyon-kontorsstol\/","og_locale":"da_DK","og_type":"article","og_title":"Lyon - En prisv\u00e4rd kontorsstol - Bjerring-Sales","og_description":"Lyon \u00e4r en prisv\u00e4rd svart kontorsstol som passar in i alla kontorslokaler. Kontorsstolen har 100 000 martindale och 5 \u00e5rs garanti.","og_url":"https:\/\/shop.bjerring-sales.dk\/da\/vare\/lyon-kontorsstol\/","og_site_name":"Bjerring-Sales","article_modified_time":"2024-05-30T08:08:10+00:00","og_image":[{"width":800,"height":800,"url":"https:\/\/shop.bjerring-sales.dk\/wp-content\/uploads\/2024\/03\/Lyon_1.png","type":"image\/png"}],"twitter_card":"summary_large_image","twitter_misc":{"Estimeret l\u00e6setid":"2 minutter"},"schema":{"@context":"https:\/\/schema.org","@graph":[{"@type":"WebPage","@id":"https:\/\/shop.bjerring-sales.dk\/sv\/produkt\/lyon-kontorsstol\/","url":"https:\/\/shop.bjerring-sales.dk\/sv\/produkt\/lyon-kontorsstol\/","name":"Lyon - En prisv\u00e4rd kontorsstol - Bjerring-Sales","isPartOf":{"@id":"https:\/\/shop.bjerring-sales.dk\/#website"},"primaryImageOfPage":{"@id":"https:\/\/shop.bjerring-sales.dk\/sv\/produkt\/lyon-kontorsstol\/#primaryimage"},"image":{"@id":"https:\/\/shop.bjerring-sales.dk\/sv\/produkt\/lyon-kontorsstol\/#primaryimage"},"thumbnailUrl":"https:\/\/shop.bjerring-sales.dk\/wp-content\/uploads\/2024\/03\/Lyon_1.png","datePublished":"2020-06-26T11:05:08+00:00","dateModified":"2024-05-30T08:08:10+00:00","description":"Lyon er en prisvenlig sort kontorstol, der passer ind i ethvert kontorrum. Kontorstolen har 100.000 martindale og 5 \u00e5rs garanti.","breadcrumb":{"@id":"https:\/\/shop.bjerring-sales.dk\/sv\/produkt\/lyon-kontorsstol\/#breadcrumb"},"inLanguage":"da-DK","potentialAction":[{"@type":"ReadAction","target":["https:\/\/shop.bjerring-sales.dk\/sv\/produkt\/lyon-kontorsstol\/"]}]},{"@type":"ImageObject","inLanguage":"da-DK","@id":"https:\/\/shop.bjerring-sales.dk\/sv\/produkt\/lyon-kontorsstol\/#primaryimage","url":"https:\/\/shop.bjerring-sales.dk\/wp-content\/uploads\/2024\/03\/Lyon_1.png","contentUrl":"https:\/\/shop.bjerring-sales.dk\/wp-content\/uploads\/2024\/03\/Lyon_1.png","width":800,"height":800},{"@type":"BreadcrumbList","@id":"https:\/\/shop.bjerring-sales.dk\/sv\/produkt\/lyon-kontorsstol\/#breadcrumb","itemListElement":[{"@type":"ListItem","position":1,"name":"Hem","item":"https:\/\/shop.bjerring-sales.dk\/"},{"@type":"ListItem","position":2,"name":"Webbutik","item":"https:\/\/shop.bjerring-sales.dk\/butik\/"},{"@type":"ListItem","position":3,"name":"Lyon &#8211; En prisv\u00e4rd kontorsstol"}]},{"@type":"WebSite","@id":"https:\/\/shop.bjerring-sales.dk\/#website","url":"https:\/\/shop.bjerring-sales.dk\/","name":"Bjerring-Salg","description":"M\u00f8bler til teatre, skoler, kontorer og indk\u00f8bscentre","publisher":{"@id":"https:\/\/shop.bjerring-sales.dk\/#organization"},"potentialAction":[{"@type":"SearchAction","target":{"@type":"EntryPoint","urlTemplate":"https:\/\/shop.bjerring-sales.dk\/?s={search_term_string}"},"query-input":{"@type":"PropertyValueSpecification","valueRequired":true,"valueName":"search_term_string"}}],"inLanguage":"da-DK"},{"@type":"Organization","@id":"https:\/\/shop.bjerring-sales.dk\/#organization","name":"Bjerring-Salg","url":"https:\/\/shop.bjerring-sales.dk\/","logo":{"@type":"ImageObject","inLanguage":"da-DK","@id":"https:\/\/shop.bjerring-sales.dk\/#\/schema\/logo\/image\/","url":"https:\/\/shop.bjerring-sales.dk\/wp-content\/uploads\/2023\/01\/logo_sv.png","contentUrl":"https:\/\/shop.bjerring-sales.dk\/wp-content\/uploads\/2023\/01\/logo_sv.png","width":195,"height":68,"caption":"Bjerring-Sales"},"image":{"@id":"https:\/\/shop.bjerring-sales.dk\/#\/schema\/logo\/image\/"}}]}},"_links":{"self":[{"href":"https:\/\/shop.bjerring-sales.dk\/da\/wp-json\/wp\/v2\/product\/61639","targetHints":{"allow":["GET"]}}],"collection":[{"href":"https:\/\/shop.bjerring-sales.dk\/da\/wp-json\/wp\/v2\/product"}],"about":[{"href":"https:\/\/shop.bjerring-sales.dk\/da\/wp-json\/wp\/v2\/types\/product"}],"wp:featuredmedia":[{"embeddable":true,"href":"https:\/\/shop.bjerring-sales.dk\/da\/wp-json\/wp\/v2\/media\/95888"}],"wp:attachment":[{"href":"https:\/\/shop.bjerring-sales.dk\/da\/wp-json\/wp\/v2\/media?parent=61639"}],"wp:term":[{"taxonomy":"product_brand","embeddable":true,"href":"https:\/\/shop.bjerring-sales.dk\/da\/wp-json\/wp\/v2\/product_brand?post=61639"},{"taxonomy":"product_cat","embeddable":true,"href":"https:\/\/shop.bjerring-sales.dk\/da\/wp-json\/wp\/v2\/product_cat?post=61639"},{"taxonomy":"product_tag","embeddable":true,"href":"https:\/\/shop.bjerring-sales.dk\/da\/wp-json\/wp\/v2\/product_tag?post=61639"}],"curies":[{"name":"wp","href":"https:\/\/api.w.org\/{rel}","templated":true}]}}