{"id":61567,"date":"2020-09-30T11:34:22","date_gmt":"2020-09-30T09:34:22","guid":{"rendered":"https:\/\/pule.se\/produkt\/skjutdorrskap-80x72cm-vit\/"},"modified":"2024-04-16T13:37:42","modified_gmt":"2024-04-16T11:37:42","slug":"skjutdorrskap-80x72cm-vit","status":"publish","type":"product","link":"https:\/\/shop.bjerring-sales.dk\/da\/vare\/skjutdorrskap-80x72cm-vit\/","title":{"rendered":"Modify - Skyded\u00f8rsskab 80x40x72cm - hvid"},"content":{"rendered":"<div class=\"wpb-content-wrapper\"><div class=\"vc_row wpb_row vc_row-fluid\"><div class=\"wpb_column vc_column_container vc_col-sm-12\"><div class=\"vc_column-inner\"><div class=\"wpb_wrapper\">\n\t<div class=\"wpb_text_column wpb_content_element\" >\n\t\t<div class=\"wpb_wrapper\">\n\t\t\t<p><span style=\"font-size: 24pt\">Hvidt skab med skydel\u00e5ger 80x40x72 cm - Modify<br \/>\n<\/span>Skabe med skydel\u00e5ger i Modify-serien er designet til kunder, der \u00f8nsker mange muligheder. Vi tilbyder 4 forskellige st\u00f8rrelser skabe med skydel\u00e5ger samt 5 forskellige valg af st\u00e5lben eller hjul: du kan v\u00e6lge enten med eller uden st\u00e5l-\/plastben eller hjul. De forskellige valg af st\u00e5lben\/plastben og hjul f\u00e5s i forskellige farver. V\u00e6lg ogs\u00e5 farven p\u00e5 grebet for at skabe en r\u00e6kke muligheder.<\/p>\n\n\t\t<\/div>\n\t<\/div>\n<\/div><\/div><\/div><\/div><div class=\"vc_row wpb_row vc_row-fluid\"><div class=\"wpb_column vc_column_container vc_col-sm-12\"><div class=\"vc_column-inner\"><div class=\"wpb_wrapper\"><div class=\"vc_separator wpb_content_element vc_separator_align_center vc_sep_width_100 vc_sep_pos_align_center vc_separator_no_text vc_sep_color_grey\" ><span class=\"vc_sep_holder vc_sep_holder_l\"><span class=\"vc_sep_line\"><\/span><\/span><span class=\"vc_sep_holder vc_sep_holder_r\"><span class=\"vc_sep_line\"><\/span><\/span>\n<\/div><\/div><\/div><\/div><\/div><div class=\"vc_row wpb_row vc_row-fluid\"><div class=\"wpb_column vc_column_container vc_col-sm-7\"><div class=\"vc_column-inner\"><div class=\"wpb_wrapper\">\n\t<div class=\"wpb_text_column wpb_content_element\" >\n\t\t<div class=\"wpb_wrapper\">\n\t\t\t<p><span style=\"font-size: 18pt\">Farver<br \/>\n<\/span>Skabe med skydel\u00e5ger f\u00e5s som lager i hvid med forskellige valgmuligheder og farver til understel og greb. P\u00e5 et senere tidspunkt vil vi ogs\u00e5 have skabene i andre farver, fx et hvidt skab med l\u00e5ger i forskellige farver. I \u00f8jeblikket kan vi arrangere specialbestillinger med andre farvekombinationer med 3-5 ugers leveringstid.<\/p>\n<h3><a href=\"https:\/\/elj.se\/wp-content\/uploads\/2020\/10\/Hurts-miljo-3.jpg\"><img loading=\"lazy\" decoding=\"async\" class=\"alignnone wp-image-24892 size-full\" src=\"https:\/\/elj.se\/wp-content\/uploads\/2020\/10\/Hurts-miljo-3.jpg\" alt=\"\" width=\"800\" height=\"550\" \/><\/a><\/h3>\n<p><span style=\"font-size: 18pt\">Anvendelsesomr\u00e5der<br \/>\n<\/span>Skabe med skydel\u00e5ger er et naturligt element p\u00e5 kontoret og i det \u00e5bne kontorlandskab. Skjul opladere, post-it sedler, dokumenter og personlige ting, s\u00e5 skrivebordet forbliver overskueligt og ryddeligt. Der er smarte muligheder for dokumenthylde, s\u00e5 strukturen og overblikket bliver endnu bedre.<\/p>\n<p><span style=\"font-size: 18pt\">M\u00e5l<br \/>\n<\/span>Modify skab med skydel\u00e5ger 80x40x72 cm<br \/>\n<a href=\"https:\/\/elj.se\/wp-content\/uploads\/2020\/10\/skjutdorrskap-80x40x72cm-modeller.png\"><img loading=\"lazy\" decoding=\"async\" class=\"alignnone size-large wp-image-24190\" src=\"https:\/\/elj.se\/wp-content\/uploads\/2020\/10\/skjutdorrskap-80x40x72cm-modeller-1024x255.png\" alt=\"\" width=\"1024\" height=\"255\" \/><\/a><\/p>\n<p><span style=\"font-size: 18pt\">Materiale<\/span><\/p>\n<ul>\n<li>Bagsiden af skyded\u00f8rsskabet er lavet af 18 mm melaminbelagt sp\u00e5nplade.<\/li>\n<li>V\u00e6gge, top\/bund, hylder og l\u00e5ger er udf\u00f8rt i 18 mm melaminbelagt sp\u00e5nplade med 1 mm ABS-kant.<\/li>\n<li>Skydel\u00e5gerne er udf\u00f8rt i 18 mm melaminbelagt sp\u00e5nplade med 1 mm ABS-kant med plastskinner.<\/li>\n<li>Hylderne har en b\u00e6reevne p\u00e5 25 kg.<\/li>\n<\/ul>\n<p><span style=\"font-size: 18pt\">Materialer \u2013 Greb og bund<\/span><\/p>\n<ul>\n<li>Skyded\u00f8rsskabet har fors\u00e6nkede greb (145x42x15 mm) som er lavet af aluminium og derefter pulverlakeret i hvid, s\u00f8lvgr\u00e5 eller sort.<\/li>\n<li>Metalbenene er 80 mm h\u00f8je og lavet med 20\u00d720 mm metalr\u00f8r. Metalbenene er pulverlakerede og har integrerede plastben med h\u00f8jdejustering +10 mm.<\/li>\n<li>Plastbenene er 17 mm h\u00f8je og kan justeres +10 mm i h\u00f8jden. F\u00e5s som standard i sort.<\/li>\n<li>Hjulene er \u00d880 mm og har en b\u00e6reevne p\u00e5 100 kg\/hjul. To ud af fire hjul har stop bremser.<\/li>\n<\/ul>\n<p><span style=\"font-size: 18pt\">Garanti<br \/>\n<\/span>5 \u00e5rs garanti<\/p>\n\n\t\t<\/div>\n\t<\/div>\n<\/div><\/div><\/div><div class=\"wpb_column vc_column_container vc_col-sm-5\"><div class=\"vc_column-inner vc_custom_1524613512965\"><div class=\"wpb_wrapper\">\n\t<div  class=\"wpb_single_image wpb_content_element vc_align_center\">\n\t\t\n\t\t<figure class=\"wpb_wrapper vc_figure\">\n\t\t\t<div class=\"vc_single_image-wrapper   vc_box_border_grey\"><img loading=\"lazy\" decoding=\"async\" width=\"280\" height=\"214\" src=\"https:\/\/shop.bjerring-sales.dk\/wp-content\/uploads\/2020\/10\/prem-280x214-1.jpg\" class=\"vc_single_image-img attachment-full\" alt=\"\" title=\"prem-280x214\" srcset=\"https:\/\/shop.bjerring-sales.dk\/wp-content\/uploads\/2020\/10\/prem-280x214-1.jpg 280w, https:\/\/shop.bjerring-sales.dk\/wp-content\/uploads\/2020\/10\/prem-280x214-1-150x115.jpg 150w\" sizes=\"auto, (max-width: 280px) 100vw, 280px\" \/><\/div>\n\t\t<\/figure>\n\t<\/div>\n\n\t<div  class=\"wpb_single_image wpb_content_element vc_align_center\">\n\t\t\n\t\t<figure class=\"wpb_wrapper vc_figure\">\n\t\t\t<div class=\"vc_single_image-wrapper   vc_box_border_grey\"><img loading=\"lazy\" decoding=\"async\" width=\"701\" height=\"1920\" src=\"https:\/\/shop.bjerring-sales.dk\/wp-content\/uploads\/2020\/09\/elj_asset_modify_med_artikelnummer_0807_vit-scaled-1.jpg\" class=\"vc_single_image-img attachment-full\" alt=\"\" title=\"elj_asset_modify_with_articlenumber_0807_vit-scaled\" srcset=\"https:\/\/shop.bjerring-sales.dk\/wp-content\/uploads\/2020\/09\/elj_asset_modify_med_artikelnummer_0807_vit-scaled-1.jpg 701w, https:\/\/shop.bjerring-sales.dk\/wp-content\/uploads\/2020\/09\/elj_asset_modify_med_artikelnummer_0807_vit-scaled-1-150x411.jpg 150w, https:\/\/shop.bjerring-sales.dk\/wp-content\/uploads\/2020\/09\/elj_asset_modify_med_artikelnummer_0807_vit-scaled-1-600x1643.jpg 600w, https:\/\/shop.bjerring-sales.dk\/wp-content\/uploads\/2020\/09\/elj_asset_modify_med_artikelnummer_0807_vit-scaled-1-110x300.jpg 110w, https:\/\/shop.bjerring-sales.dk\/wp-content\/uploads\/2020\/09\/elj_asset_modify_med_artikelnummer_0807_vit-scaled-1-374x1024.jpg 374w, https:\/\/shop.bjerring-sales.dk\/wp-content\/uploads\/2020\/09\/elj_asset_modify_med_artikelnummer_0807_vit-scaled-1-768x2103.jpg 768w, https:\/\/shop.bjerring-sales.dk\/wp-content\/uploads\/2020\/09\/elj_asset_modify_med_artikelnummer_0807_vit-scaled-1-561x1536.jpg 561w, https:\/\/shop.bjerring-sales.dk\/wp-content\/uploads\/2020\/09\/elj_asset_modify_med_artikelnummer_0807_vit-scaled-1-748x2048.jpg 748w\" sizes=\"auto, (max-width: 701px) 100vw, 701px\" \/><\/div>\n\t\t<\/figure>\n\t<\/div>\n<\/div><\/div><\/div><\/div>\n<\/div>","protected":false},"excerpt":{"rendered":"<p>Hvidt skab med hvide skydel\u00e5ger i Modify-serien er designet til kunder, der \u00f8nsker mange valgmuligheder. Skabet kan rumme 2 r\u00e6kker med ringbind i h\u00f8jden. L\u00e5s med 2 n\u00f8gler medf\u00f8lger.<\/p>","protected":false},"featured_media":74998,"template":"","meta":{"iawp_total_views":0},"product_brand":[],"product_cat":[5854,6358,5690,5858],"product_tag":[],"class_list":{"0":"post-61567","1":"product","2":"type-product","3":"status-publish","4":"has-post-thumbnail","6":"product_cat-skap-skjutdorrar","7":"product_cat-modify","8":"product_cat-forvaring","9":"product_cat-skjutdorrskap-80x72-cm","11":"first","12":"instock","13":"taxable","14":"shipping-taxable","15":"purchasable","16":"product-type-variable"},"yoast_head":"<!-- This site is optimized with the Yoast SEO plugin v27.0 - https:\/\/yoast.com\/product\/yoast-seo-wordpress\/ -->\n<title>Skjutd\u00f6rrsk\u00e5p 80x40x72cm - vit - Bjerring-Sales<\/title>\n<meta name=\"description\" content=\"Vitt sk\u00e5p med vita skjutd\u00f6rrar i Modify serien \u00e4r framtagna f\u00f6r kunder som vill ha m\u00e5nga valm\u00f6jligheter.\" \/>\n<meta name=\"robots\" content=\"index, follow, max-snippet:-1, max-image-preview:large, max-video-preview:-1\" \/>\n<link rel=\"canonical\" href=\"https:\/\/shop.bjerring-sales.dk\/da\/vare\/skjutdorrskap-80x72cm-vit\/\" \/>\n<meta property=\"og:locale\" content=\"da_DK\" \/>\n<meta property=\"og:type\" content=\"article\" \/>\n<meta property=\"og:title\" content=\"Skjutd\u00f6rrsk\u00e5p 80x40x72cm - vit - Bjerring-Sales\" \/>\n<meta property=\"og:description\" content=\"Vitt sk\u00e5p med vita skjutd\u00f6rrar i Modify serien \u00e4r framtagna f\u00f6r kunder som vill ha m\u00e5nga valm\u00f6jligheter.\" \/>\n<meta property=\"og:url\" content=\"https:\/\/shop.bjerring-sales.dk\/da\/vare\/skjutdorrskap-80x72cm-vit\/\" \/>\n<meta property=\"og:site_name\" content=\"Bjerring-Sales\" \/>\n<meta property=\"article:modified_time\" content=\"2024-04-16T11:37:42+00:00\" \/>\n<meta property=\"og:image\" content=\"https:\/\/pule.se\/wp-content\/uploads\/2020\/09\/C2S080-NoLegs-WhiteHandles_800x800-1-3.jpg\" \/>\n\t<meta property=\"og:image:width\" content=\"800\" \/>\n\t<meta property=\"og:image:height\" content=\"800\" \/>\n\t<meta property=\"og:image:type\" content=\"image\/jpeg\" \/>\n<meta name=\"twitter:card\" content=\"summary_large_image\" \/>\n<meta name=\"twitter:label1\" content=\"Estimeret l\u00e6setid\" \/>\n\t<meta name=\"twitter:data1\" content=\"2 minutter\" \/>\n<script type=\"application\/ld+json\" class=\"yoast-schema-graph\">{\"@context\":\"https:\/\/schema.org\",\"@graph\":[{\"@type\":\"WebPage\",\"@id\":\"https:\/\/shop.bjerring-sales.dk\/sv\/produkt\/skjutdorrskap-80x72cm-vit\/\",\"url\":\"https:\/\/shop.bjerring-sales.dk\/sv\/produkt\/skjutdorrskap-80x72cm-vit\/\",\"name\":\"Skjutd\u00f6rrsk\u00e5p 80x40x72cm - vit - Bjerring-Sales\",\"isPartOf\":{\"@id\":\"https:\/\/shop.bjerring-sales.dk\/#website\"},\"primaryImageOfPage\":{\"@id\":\"https:\/\/shop.bjerring-sales.dk\/sv\/produkt\/skjutdorrskap-80x72cm-vit\/#primaryimage\"},\"image\":{\"@id\":\"https:\/\/shop.bjerring-sales.dk\/sv\/produkt\/skjutdorrskap-80x72cm-vit\/#primaryimage\"},\"thumbnailUrl\":\"https:\/\/shop.bjerring-sales.dk\/wp-content\/uploads\/2020\/09\/C2S080-NoLegs-WhiteHandles_800x800-1-3.jpg\",\"datePublished\":\"2020-09-30T09:34:22+00:00\",\"dateModified\":\"2024-04-16T11:37:42+00:00\",\"description\":\"Vitt sk\u00e5p med vita skjutd\u00f6rrar i Modify serien \u00e4r framtagna f\u00f6r kunder som vill ha m\u00e5nga valm\u00f6jligheter.\",\"breadcrumb\":{\"@id\":\"https:\/\/shop.bjerring-sales.dk\/sv\/produkt\/skjutdorrskap-80x72cm-vit\/#breadcrumb\"},\"inLanguage\":\"da-DK\",\"potentialAction\":[{\"@type\":\"ReadAction\",\"target\":[\"https:\/\/shop.bjerring-sales.dk\/sv\/produkt\/skjutdorrskap-80x72cm-vit\/\"]}]},{\"@type\":\"ImageObject\",\"inLanguage\":\"da-DK\",\"@id\":\"https:\/\/shop.bjerring-sales.dk\/sv\/produkt\/skjutdorrskap-80x72cm-vit\/#primaryimage\",\"url\":\"https:\/\/shop.bjerring-sales.dk\/wp-content\/uploads\/2020\/09\/C2S080-NoLegs-WhiteHandles_800x800-1-3.jpg\",\"contentUrl\":\"https:\/\/shop.bjerring-sales.dk\/wp-content\/uploads\/2020\/09\/C2S080-NoLegs-WhiteHandles_800x800-1-3.jpg\",\"width\":800,\"height\":800},{\"@type\":\"BreadcrumbList\",\"@id\":\"https:\/\/shop.bjerring-sales.dk\/sv\/produkt\/skjutdorrskap-80x72cm-vit\/#breadcrumb\",\"itemListElement\":[{\"@type\":\"ListItem\",\"position\":1,\"name\":\"Hem\",\"item\":\"https:\/\/shop.bjerring-sales.dk\/\"},{\"@type\":\"ListItem\",\"position\":2,\"name\":\"Webbutik\",\"item\":\"https:\/\/shop.bjerring-sales.dk\/butik\/\"},{\"@type\":\"ListItem\",\"position\":3,\"name\":\"Skjutd\u00f6rrsk\u00e5p 80x40x72cm &#8211; vit\"}]},{\"@type\":\"WebSite\",\"@id\":\"https:\/\/shop.bjerring-sales.dk\/#website\",\"url\":\"https:\/\/shop.bjerring-sales.dk\/\",\"name\":\"Bjerring-Sales\",\"description\":\"M\u00f6bler f\u00f6r teatrar, skolor, kontor och k\u00f6pcentrum\",\"publisher\":{\"@id\":\"https:\/\/shop.bjerring-sales.dk\/#organization\"},\"potentialAction\":[{\"@type\":\"SearchAction\",\"target\":{\"@type\":\"EntryPoint\",\"urlTemplate\":\"https:\/\/shop.bjerring-sales.dk\/?s={search_term_string}\"},\"query-input\":{\"@type\":\"PropertyValueSpecification\",\"valueRequired\":true,\"valueName\":\"search_term_string\"}}],\"inLanguage\":\"da-DK\"},{\"@type\":\"Organization\",\"@id\":\"https:\/\/shop.bjerring-sales.dk\/#organization\",\"name\":\"Bjerring-Sales\",\"url\":\"https:\/\/shop.bjerring-sales.dk\/\",\"logo\":{\"@type\":\"ImageObject\",\"inLanguage\":\"da-DK\",\"@id\":\"https:\/\/shop.bjerring-sales.dk\/#\/schema\/logo\/image\/\",\"url\":\"https:\/\/shop.bjerring-sales.dk\/wp-content\/uploads\/2023\/01\/logo_sv.png\",\"contentUrl\":\"https:\/\/shop.bjerring-sales.dk\/wp-content\/uploads\/2023\/01\/logo_sv.png\",\"width\":195,\"height\":68,\"caption\":\"Bjerring-Sales\"},\"image\":{\"@id\":\"https:\/\/shop.bjerring-sales.dk\/#\/schema\/logo\/image\/\"}}]}<\/script>\n<!-- \/ Yoast SEO plugin. -->","yoast_head_json":{"title":"Skjutd\u00f6rrsk\u00e5p 80x40x72cm - vit - Bjerring-Sales","description":"Vitt sk\u00e5p med vita skjutd\u00f6rrar i Modify serien \u00e4r framtagna f\u00f6r kunder som vill ha m\u00e5nga valm\u00f6jligheter.","robots":{"index":"index","follow":"follow","max-snippet":"max-snippet:-1","max-image-preview":"max-image-preview:large","max-video-preview":"max-video-preview:-1"},"canonical":"https:\/\/shop.bjerring-sales.dk\/da\/vare\/skjutdorrskap-80x72cm-vit\/","og_locale":"da_DK","og_type":"article","og_title":"Skjutd\u00f6rrsk\u00e5p 80x40x72cm - vit - Bjerring-Sales","og_description":"Vitt sk\u00e5p med vita skjutd\u00f6rrar i Modify serien \u00e4r framtagna f\u00f6r kunder som vill ha m\u00e5nga valm\u00f6jligheter.","og_url":"https:\/\/shop.bjerring-sales.dk\/da\/vare\/skjutdorrskap-80x72cm-vit\/","og_site_name":"Bjerring-Sales","article_modified_time":"2024-04-16T11:37:42+00:00","og_image":[{"width":800,"height":800,"url":"https:\/\/pule.se\/wp-content\/uploads\/2020\/09\/C2S080-NoLegs-WhiteHandles_800x800-1-3.jpg","type":"image\/jpeg"}],"twitter_card":"summary_large_image","twitter_misc":{"Estimeret l\u00e6setid":"2 minutter"},"schema":{"@context":"https:\/\/schema.org","@graph":[{"@type":"WebPage","@id":"https:\/\/shop.bjerring-sales.dk\/sv\/produkt\/skjutdorrskap-80x72cm-vit\/","url":"https:\/\/shop.bjerring-sales.dk\/sv\/produkt\/skjutdorrskap-80x72cm-vit\/","name":"Skjutd\u00f6rrsk\u00e5p 80x40x72cm - vit - Bjerring-Sales","isPartOf":{"@id":"https:\/\/shop.bjerring-sales.dk\/#website"},"primaryImageOfPage":{"@id":"https:\/\/shop.bjerring-sales.dk\/sv\/produkt\/skjutdorrskap-80x72cm-vit\/#primaryimage"},"image":{"@id":"https:\/\/shop.bjerring-sales.dk\/sv\/produkt\/skjutdorrskap-80x72cm-vit\/#primaryimage"},"thumbnailUrl":"https:\/\/shop.bjerring-sales.dk\/wp-content\/uploads\/2020\/09\/C2S080-NoLegs-WhiteHandles_800x800-1-3.jpg","datePublished":"2020-09-30T09:34:22+00:00","dateModified":"2024-04-16T11:37:42+00:00","description":"Vitt sk\u00e5p med vita skjutd\u00f6rrar i Modify serien \u00e4r framtagna f\u00f6r kunder som vill ha m\u00e5nga valm\u00f6jligheter.","breadcrumb":{"@id":"https:\/\/shop.bjerring-sales.dk\/sv\/produkt\/skjutdorrskap-80x72cm-vit\/#breadcrumb"},"inLanguage":"da-DK","potentialAction":[{"@type":"ReadAction","target":["https:\/\/shop.bjerring-sales.dk\/sv\/produkt\/skjutdorrskap-80x72cm-vit\/"]}]},{"@type":"ImageObject","inLanguage":"da-DK","@id":"https:\/\/shop.bjerring-sales.dk\/sv\/produkt\/skjutdorrskap-80x72cm-vit\/#primaryimage","url":"https:\/\/shop.bjerring-sales.dk\/wp-content\/uploads\/2020\/09\/C2S080-NoLegs-WhiteHandles_800x800-1-3.jpg","contentUrl":"https:\/\/shop.bjerring-sales.dk\/wp-content\/uploads\/2020\/09\/C2S080-NoLegs-WhiteHandles_800x800-1-3.jpg","width":800,"height":800},{"@type":"BreadcrumbList","@id":"https:\/\/shop.bjerring-sales.dk\/sv\/produkt\/skjutdorrskap-80x72cm-vit\/#breadcrumb","itemListElement":[{"@type":"ListItem","position":1,"name":"Hem","item":"https:\/\/shop.bjerring-sales.dk\/"},{"@type":"ListItem","position":2,"name":"Webbutik","item":"https:\/\/shop.bjerring-sales.dk\/butik\/"},{"@type":"ListItem","position":3,"name":"Skjutd\u00f6rrsk\u00e5p 80x40x72cm &#8211; vit"}]},{"@type":"WebSite","@id":"https:\/\/shop.bjerring-sales.dk\/#website","url":"https:\/\/shop.bjerring-sales.dk\/","name":"Bjerring-Salg","description":"M\u00f8bler til teatre, skoler, kontorer og indk\u00f8bscentre","publisher":{"@id":"https:\/\/shop.bjerring-sales.dk\/#organization"},"potentialAction":[{"@type":"SearchAction","target":{"@type":"EntryPoint","urlTemplate":"https:\/\/shop.bjerring-sales.dk\/?s={search_term_string}"},"query-input":{"@type":"PropertyValueSpecification","valueRequired":true,"valueName":"search_term_string"}}],"inLanguage":"da-DK"},{"@type":"Organization","@id":"https:\/\/shop.bjerring-sales.dk\/#organization","name":"Bjerring-Salg","url":"https:\/\/shop.bjerring-sales.dk\/","logo":{"@type":"ImageObject","inLanguage":"da-DK","@id":"https:\/\/shop.bjerring-sales.dk\/#\/schema\/logo\/image\/","url":"https:\/\/shop.bjerring-sales.dk\/wp-content\/uploads\/2023\/01\/logo_sv.png","contentUrl":"https:\/\/shop.bjerring-sales.dk\/wp-content\/uploads\/2023\/01\/logo_sv.png","width":195,"height":68,"caption":"Bjerring-Sales"},"image":{"@id":"https:\/\/shop.bjerring-sales.dk\/#\/schema\/logo\/image\/"}}]}},"_links":{"self":[{"href":"https:\/\/shop.bjerring-sales.dk\/da\/wp-json\/wp\/v2\/product\/61567","targetHints":{"allow":["GET"]}}],"collection":[{"href":"https:\/\/shop.bjerring-sales.dk\/da\/wp-json\/wp\/v2\/product"}],"about":[{"href":"https:\/\/shop.bjerring-sales.dk\/da\/wp-json\/wp\/v2\/types\/product"}],"wp:featuredmedia":[{"embeddable":true,"href":"https:\/\/shop.bjerring-sales.dk\/da\/wp-json\/wp\/v2\/media\/74998"}],"wp:attachment":[{"href":"https:\/\/shop.bjerring-sales.dk\/da\/wp-json\/wp\/v2\/media?parent=61567"}],"wp:term":[{"taxonomy":"product_brand","embeddable":true,"href":"https:\/\/shop.bjerring-sales.dk\/da\/wp-json\/wp\/v2\/product_brand?post=61567"},{"taxonomy":"product_cat","embeddable":true,"href":"https:\/\/shop.bjerring-sales.dk\/da\/wp-json\/wp\/v2\/product_cat?post=61567"},{"taxonomy":"product_tag","embeddable":true,"href":"https:\/\/shop.bjerring-sales.dk\/da\/wp-json\/wp\/v2\/product_tag?post=61567"}],"curies":[{"name":"wp","href":"https:\/\/api.w.org\/{rel}","templated":true}]}}