{"id":61425,"date":"2020-10-12T15:47:27","date_gmt":"2020-10-12T13:47:27","guid":{"rendered":"https:\/\/pule.se\/produkt\/direktoren-kontorsstol-med-rygg-i-mesh\/"},"modified":"2026-04-17T07:26:04","modified_gmt":"2026-04-17T05:26:04","slug":"direktoren-kontorsstol-med-rygg-i-mesh","status":"publish","type":"product","link":"https:\/\/shop.bjerring-sales.dk\/da\/vare\/direktoren-kontorsstol-med-rygg-i-mesh\/","title":{"rendered":"The Director \u2013 En kontorstol med mesh ryg"},"content":{"rendered":"<div class=\"wpb-content-wrapper\"><div class=\"vc_row wpb_row vc_row-fluid\"><div class=\"wpb_column vc_column_container vc_col-sm-12\"><div class=\"vc_column-inner\"><div class=\"wpb_wrapper\">\n\t<div class=\"wpb_text_column wpb_content_element\" >\n\t\t<div class=\"wpb_wrapper\">\n\t\t\t<p style=\"text-align: left\"><span style=\"font-size: 24pt\">The Director \u2013 En prisvenlig kontorstol med ryg i sort mesh<br \/>\n<\/span>The Director er en prisvenlig kontorstol, der sikrer, at brugeren sidder behageligt hele dagen!  The Director er en kontorstol med ryg i sort mesh og s\u00e6de i sort stof. Stolen har 50.000 Martindale.<\/p>\n\n\t\t<\/div>\n\t<\/div>\n<\/div><\/div><\/div><\/div><div class=\"vc_row wpb_row vc_row-fluid\"><div class=\"wpb_column vc_column_container vc_col-sm-6\"><div class=\"vc_column-inner\"><div class=\"wpb_wrapper\">\n\t<div  class=\"wpb_single_image wpb_content_element vc_align_center\">\n\t\t\n\t\t<figure class=\"wpb_wrapper vc_figure\">\n\t\t\t<div class=\"vc_single_image-wrapper vc_box_shadow_border  vc_box_border_grey\"><img loading=\"lazy\" decoding=\"async\" width=\"800\" height=\"550\" src=\"https:\/\/shop.bjerring-sales.dk\/wp-content\/uploads\/2020\/10\/hoj-sankbart-skrivbord-towerforvaring-1.jpg\" class=\"vc_single_image-img attachment-full\" alt=\"\" title=\"h\u00f8jde-synkbart-skrivebord-t\u00e5rn-opbevaring\" srcset=\"https:\/\/shop.bjerring-sales.dk\/wp-content\/uploads\/2020\/10\/hoj-sankbart-skrivbord-towerforvaring-1.jpg 800w, https:\/\/shop.bjerring-sales.dk\/wp-content\/uploads\/2020\/10\/hoj-sankbart-skrivbord-towerforvaring-1-150x103.jpg 150w, https:\/\/shop.bjerring-sales.dk\/wp-content\/uploads\/2020\/10\/hoj-sankbart-skrivbord-towerforvaring-1-600x413.jpg 600w, https:\/\/shop.bjerring-sales.dk\/wp-content\/uploads\/2020\/10\/hoj-sankbart-skrivbord-towerforvaring-1-300x206.jpg 300w, https:\/\/shop.bjerring-sales.dk\/wp-content\/uploads\/2020\/10\/hoj-sankbart-skrivbord-towerforvaring-1-768x528.jpg 768w\" sizes=\"auto, (max-width: 800px) 100vw, 800px\" \/><\/div>\n\t\t<\/figure>\n\t<\/div>\n<\/div><\/div><\/div><div class=\"wpb_column vc_column_container vc_col-sm-6\"><div class=\"vc_column-inner\"><div class=\"wpb_wrapper\">\n\t<div  class=\"wpb_single_image wpb_content_element vc_align_center\">\n\t\t\n\t\t<figure class=\"wpb_wrapper vc_figure\">\n\t\t\t<div class=\"vc_single_image-wrapper vc_box_shadow_border  vc_box_border_grey\"><img loading=\"lazy\" decoding=\"async\" width=\"800\" height=\"550\" src=\"https:\/\/shop.bjerring-sales.dk\/wp-content\/uploads\/2020\/10\/Direktoren-kontorsstol-1-1.jpg\" class=\"vc_single_image-img attachment-full\" alt=\"\" title=\"Direkt\u00f8ren-kontorformand-1\" srcset=\"https:\/\/shop.bjerring-sales.dk\/wp-content\/uploads\/2020\/10\/Direktoren-kontorsstol-1-1.jpg 800w, https:\/\/shop.bjerring-sales.dk\/wp-content\/uploads\/2020\/10\/Direktoren-kontorsstol-1-1-150x103.jpg 150w, https:\/\/shop.bjerring-sales.dk\/wp-content\/uploads\/2020\/10\/Direktoren-kontorsstol-1-1-600x413.jpg 600w, https:\/\/shop.bjerring-sales.dk\/wp-content\/uploads\/2020\/10\/Direktoren-kontorsstol-1-1-300x206.jpg 300w, https:\/\/shop.bjerring-sales.dk\/wp-content\/uploads\/2020\/10\/Direktoren-kontorsstol-1-1-768x528.jpg 768w\" sizes=\"auto, (max-width: 800px) 100vw, 800px\" \/><\/div>\n\t\t<\/figure>\n\t<\/div>\n<\/div><\/div><\/div><\/div><div class=\"vc_row wpb_row vc_row-fluid\"><div class=\"wpb_column vc_column_container vc_col-sm-6\"><div class=\"vc_column-inner\"><div class=\"wpb_wrapper\">\n\t<div class=\"wpb_text_column wpb_content_element\" >\n\t\t<div class=\"wpb_wrapper\">\n\t\t\t<p><span style=\"font-size: 18pt\">Rygl\u00e6n<br \/>\n<\/span>Det er muligt at dreje kontorstolens rygl\u00e6n bagud, s\u00e5 brugeren kan l\u00e6ne sig mere end 90 grader tilbage. Det er kun de bedste stole tillader bev\u00e6gelse af ryggen og tilpasser sig brugerens bev\u00e6gelser. V\u00e6lg en kontorstol med et rygl\u00e6n, der er bredt nok til ryggen, og som i hvert fald giver god st\u00f8tte til midten af ryggen. The Director kontorstolen er udstyret med en h\u00f8jdejusterbar l\u00e6ndest\u00f8tte.<\/p>\n<p><span style=\"font-size: 18pt\">Arml\u00e6n<br \/>\n<\/span>N\u00e5r du sidder foran skrivebordet, er det vigtigt, at kroppen har en naturlig holdning. <span class=\"tlid-translation translation\" lang=\"sv\"><span class=\"\" title=\"\">P\u00e5 The Director kontorstolen v\u00e6lger du, om du vil have stolen med eller uden arml\u00e6n.<br \/>\n<\/span><\/span><\/p>\n<p><span style=\"font-size: 18pt\">Nakkest\u00f8tte<br \/>\n<\/span>For at g\u00f8re denne kontorstol endnu bedre til et behageligt arbejdsmilj\u00f8, har vi nu inkluderet en nakkest\u00f8tte.\u00a0<span class=\"tlid-translation translation\" lang=\"sv\"><span class=\"\" title=\"\">Med Director-kontorstolen v\u00e6lger du, om du vil have stolen med eller uden nakkest\u00f8tte.<\/span><\/span><\/p>\n\n\t\t<\/div>\n\t<\/div>\n<\/div><\/div><\/div><div class=\"wpb_column vc_column_container vc_col-sm-6\"><div class=\"vc_column-inner\"><div class=\"wpb_wrapper\">\n\t<div class=\"wpb_text_column wpb_content_element\" >\n\t\t<div class=\"wpb_wrapper\">\n\t\t\t<p><span style=\"font-size: 18pt\">M\u00e5l<br \/>\n<\/span>Bredde: 66 cm<br \/>\nDybde: 65 cm<br \/>\nH\u00f8jde: 96,5-108 cm<br \/>\nS\u00e6deh\u00f8jde: 48,3-59,8 cm<\/p>\n<p><span style=\"font-size: 18pt\">Garanti<br \/>\n<\/span>5 \u00e5rs garanti<\/p>\n<p><span style=\"font-size: 18pt\">\u00d8vrigt<\/span><\/p>\n<ul>\n<li>50.000 Martindale<\/li>\n<li>Kontorstolen kan l\u00e5ses i 3 forskellige positioner<\/li>\n<\/ul>\n\n\t\t<\/div>\n\t<\/div>\n<\/div><\/div><\/div><\/div>\n<\/div>","protected":false},"excerpt":{"rendered":"<p>Director er en prisvenlig kontorstol med sort netryg. V\u00e6lg om du vil have stolen med eller uden arml\u00e6n, og nu ogs\u00e5 med nakkest\u00f8tte.<\/p>","protected":false},"featured_media":101254,"template":"","meta":{"iawp_total_views":16},"product_brand":[],"product_cat":[5785,5791,5629,5826,5827],"product_tag":[5875,6399],"class_list":{"0":"post-61425","1":"product","2":"type-product","3":"status-publish","4":"has-post-thumbnail","6":"product_cat-hemmakontor","7":"product_cat-stolar","8":"product_cat-kontorsmobler","9":"product_cat-skrivbordsstolar","10":"product_cat-kontorsstolar","11":"product_tag-kontorsstol","12":"product_tag-kontorsstol-med-meshrygg","14":"first","15":"instock","16":"taxable","17":"shipping-taxable","18":"purchasable","19":"product-type-variable"},"yoast_head":"<!-- This site is optimized with the Yoast SEO plugin v27.0 - https:\/\/yoast.com\/product\/yoast-seo-wordpress\/ -->\n<title>Direkt\u00f6ren - En kontorsstol med rygg i mesh - Bjerring-Sales<\/title>\n<meta name=\"description\" content=\"Direkt\u00f6ren \u00e4r en prisv\u00e4rd kontorsstol med rygg i svart mesh. V\u00e4lj om du vill ha stolen med eller utan armst\u00f6d.\" \/>\n<meta name=\"robots\" content=\"index, follow, max-snippet:-1, max-image-preview:large, max-video-preview:-1\" \/>\n<link rel=\"canonical\" href=\"https:\/\/shop.bjerring-sales.dk\/da\/vare\/direktoren-kontorsstol-med-rygg-i-mesh\/\" \/>\n<meta property=\"og:locale\" content=\"da_DK\" \/>\n<meta property=\"og:type\" content=\"article\" \/>\n<meta property=\"og:title\" content=\"Direkt\u00f6ren - En kontorsstol med rygg i mesh - Bjerring-Sales\" \/>\n<meta property=\"og:description\" content=\"Direkt\u00f6ren \u00e4r en prisv\u00e4rd kontorsstol med rygg i svart mesh. V\u00e4lj om du vill ha stolen med eller utan armst\u00f6d.\" \/>\n<meta property=\"og:url\" content=\"https:\/\/shop.bjerring-sales.dk\/da\/vare\/direktoren-kontorsstol-med-rygg-i-mesh\/\" \/>\n<meta property=\"og:site_name\" content=\"Bjerring-Sales\" \/>\n<meta property=\"article:modified_time\" content=\"2026-04-17T05:26:04+00:00\" \/>\n<meta property=\"og:image\" content=\"https:\/\/shop.bjerring-sales.dk\/wp-content\/uploads\/2026\/02\/elj-kontorsstolar-direktoren-3-varianter.jpg\" \/>\n\t<meta property=\"og:image:width\" content=\"800\" \/>\n\t<meta property=\"og:image:height\" content=\"800\" \/>\n\t<meta property=\"og:image:type\" content=\"image\/jpeg\" \/>\n<meta name=\"twitter:card\" content=\"summary_large_image\" \/>\n<meta name=\"twitter:label1\" content=\"Estimeret l\u00e6setid\" \/>\n\t<meta name=\"twitter:data1\" content=\"2 minutter\" \/>\n<script type=\"application\/ld+json\" class=\"yoast-schema-graph\">{\"@context\":\"https:\/\/schema.org\",\"@graph\":[{\"@type\":\"WebPage\",\"@id\":\"https:\/\/shop.bjerring-sales.dk\/sv\/produkt\/direktoren-kontorsstol-med-rygg-i-mesh\/\",\"url\":\"https:\/\/shop.bjerring-sales.dk\/sv\/produkt\/direktoren-kontorsstol-med-rygg-i-mesh\/\",\"name\":\"Direkt\u00f6ren - En kontorsstol med rygg i mesh - Bjerring-Sales\",\"isPartOf\":{\"@id\":\"https:\/\/shop.bjerring-sales.dk\/#website\"},\"primaryImageOfPage\":{\"@id\":\"https:\/\/shop.bjerring-sales.dk\/sv\/produkt\/direktoren-kontorsstol-med-rygg-i-mesh\/#primaryimage\"},\"image\":{\"@id\":\"https:\/\/shop.bjerring-sales.dk\/sv\/produkt\/direktoren-kontorsstol-med-rygg-i-mesh\/#primaryimage\"},\"thumbnailUrl\":\"https:\/\/shop.bjerring-sales.dk\/wp-content\/uploads\/2026\/02\/elj-kontorsstolar-direktoren-3-varianter.jpg\",\"datePublished\":\"2020-10-12T13:47:27+00:00\",\"dateModified\":\"2026-04-17T05:26:04+00:00\",\"description\":\"Direkt\u00f6ren \u00e4r en prisv\u00e4rd kontorsstol med rygg i svart mesh. V\u00e4lj om du vill ha stolen med eller utan armst\u00f6d.\",\"breadcrumb\":{\"@id\":\"https:\/\/shop.bjerring-sales.dk\/sv\/produkt\/direktoren-kontorsstol-med-rygg-i-mesh\/#breadcrumb\"},\"inLanguage\":\"da-DK\",\"potentialAction\":[{\"@type\":\"ReadAction\",\"target\":[\"https:\/\/shop.bjerring-sales.dk\/sv\/produkt\/direktoren-kontorsstol-med-rygg-i-mesh\/\"]}]},{\"@type\":\"ImageObject\",\"inLanguage\":\"da-DK\",\"@id\":\"https:\/\/shop.bjerring-sales.dk\/sv\/produkt\/direktoren-kontorsstol-med-rygg-i-mesh\/#primaryimage\",\"url\":\"https:\/\/shop.bjerring-sales.dk\/wp-content\/uploads\/2026\/02\/elj-kontorsstolar-direktoren-3-varianter.jpg\",\"contentUrl\":\"https:\/\/shop.bjerring-sales.dk\/wp-content\/uploads\/2026\/02\/elj-kontorsstolar-direktoren-3-varianter.jpg\",\"width\":800,\"height\":800},{\"@type\":\"BreadcrumbList\",\"@id\":\"https:\/\/shop.bjerring-sales.dk\/sv\/produkt\/direktoren-kontorsstol-med-rygg-i-mesh\/#breadcrumb\",\"itemListElement\":[{\"@type\":\"ListItem\",\"position\":1,\"name\":\"Hem\",\"item\":\"https:\/\/shop.bjerring-sales.dk\/\"},{\"@type\":\"ListItem\",\"position\":2,\"name\":\"Webbutik\",\"item\":\"https:\/\/shop.bjerring-sales.dk\/butik\/\"},{\"@type\":\"ListItem\",\"position\":3,\"name\":\"Direkt\u00f6ren &#8211; En kontorsstol med rygg i mesh\"}]},{\"@type\":\"WebSite\",\"@id\":\"https:\/\/shop.bjerring-sales.dk\/#website\",\"url\":\"https:\/\/shop.bjerring-sales.dk\/\",\"name\":\"Bjerring-Sales\",\"description\":\"M\u00f6bler f\u00f6r teatrar, skolor, kontor och k\u00f6pcentrum\",\"publisher\":{\"@id\":\"https:\/\/shop.bjerring-sales.dk\/#organization\"},\"potentialAction\":[{\"@type\":\"SearchAction\",\"target\":{\"@type\":\"EntryPoint\",\"urlTemplate\":\"https:\/\/shop.bjerring-sales.dk\/?s={search_term_string}\"},\"query-input\":{\"@type\":\"PropertyValueSpecification\",\"valueRequired\":true,\"valueName\":\"search_term_string\"}}],\"inLanguage\":\"da-DK\"},{\"@type\":\"Organization\",\"@id\":\"https:\/\/shop.bjerring-sales.dk\/#organization\",\"name\":\"Bjerring-Sales\",\"url\":\"https:\/\/shop.bjerring-sales.dk\/\",\"logo\":{\"@type\":\"ImageObject\",\"inLanguage\":\"da-DK\",\"@id\":\"https:\/\/shop.bjerring-sales.dk\/#\/schema\/logo\/image\/\",\"url\":\"https:\/\/shop.bjerring-sales.dk\/wp-content\/uploads\/2023\/01\/logo_sv.png\",\"contentUrl\":\"https:\/\/shop.bjerring-sales.dk\/wp-content\/uploads\/2023\/01\/logo_sv.png\",\"width\":195,\"height\":68,\"caption\":\"Bjerring-Sales\"},\"image\":{\"@id\":\"https:\/\/shop.bjerring-sales.dk\/#\/schema\/logo\/image\/\"}}]}<\/script>\n<!-- \/ Yoast SEO plugin. -->","yoast_head_json":{"title":"Direkt\u00f6ren - En kontorsstol med rygg i mesh - Bjerring-Sales","description":"The Director er en prisvenlig kontorstol med ryg i sort mesh. V\u00e6lg om du vil have stolen med eller uden arml\u00e6n.","robots":{"index":"index","follow":"follow","max-snippet":"max-snippet:-1","max-image-preview":"max-image-preview:large","max-video-preview":"max-video-preview:-1"},"canonical":"https:\/\/shop.bjerring-sales.dk\/da\/vare\/direktoren-kontorsstol-med-rygg-i-mesh\/","og_locale":"da_DK","og_type":"article","og_title":"Direkt\u00f6ren - En kontorsstol med rygg i mesh - Bjerring-Sales","og_description":"Direkt\u00f6ren \u00e4r en prisv\u00e4rd kontorsstol med rygg i svart mesh. V\u00e4lj om du vill ha stolen med eller utan armst\u00f6d.","og_url":"https:\/\/shop.bjerring-sales.dk\/da\/vare\/direktoren-kontorsstol-med-rygg-i-mesh\/","og_site_name":"Bjerring-Sales","article_modified_time":"2026-04-17T05:26:04+00:00","og_image":[{"width":800,"height":800,"url":"https:\/\/shop.bjerring-sales.dk\/wp-content\/uploads\/2026\/02\/elj-kontorsstolar-direktoren-3-varianter.jpg","type":"image\/jpeg"}],"twitter_card":"summary_large_image","twitter_misc":{"Estimeret l\u00e6setid":"2 minutter"},"schema":{"@context":"https:\/\/schema.org","@graph":[{"@type":"WebPage","@id":"https:\/\/shop.bjerring-sales.dk\/sv\/produkt\/direktoren-kontorsstol-med-rygg-i-mesh\/","url":"https:\/\/shop.bjerring-sales.dk\/sv\/produkt\/direktoren-kontorsstol-med-rygg-i-mesh\/","name":"Direkt\u00f6ren - En kontorsstol med rygg i mesh - Bjerring-Sales","isPartOf":{"@id":"https:\/\/shop.bjerring-sales.dk\/#website"},"primaryImageOfPage":{"@id":"https:\/\/shop.bjerring-sales.dk\/sv\/produkt\/direktoren-kontorsstol-med-rygg-i-mesh\/#primaryimage"},"image":{"@id":"https:\/\/shop.bjerring-sales.dk\/sv\/produkt\/direktoren-kontorsstol-med-rygg-i-mesh\/#primaryimage"},"thumbnailUrl":"https:\/\/shop.bjerring-sales.dk\/wp-content\/uploads\/2026\/02\/elj-kontorsstolar-direktoren-3-varianter.jpg","datePublished":"2020-10-12T13:47:27+00:00","dateModified":"2026-04-17T05:26:04+00:00","description":"The Director er en prisvenlig kontorstol med ryg i sort mesh. V\u00e6lg om du vil have stolen med eller uden arml\u00e6n.","breadcrumb":{"@id":"https:\/\/shop.bjerring-sales.dk\/sv\/produkt\/direktoren-kontorsstol-med-rygg-i-mesh\/#breadcrumb"},"inLanguage":"da-DK","potentialAction":[{"@type":"ReadAction","target":["https:\/\/shop.bjerring-sales.dk\/sv\/produkt\/direktoren-kontorsstol-med-rygg-i-mesh\/"]}]},{"@type":"ImageObject","inLanguage":"da-DK","@id":"https:\/\/shop.bjerring-sales.dk\/sv\/produkt\/direktoren-kontorsstol-med-rygg-i-mesh\/#primaryimage","url":"https:\/\/shop.bjerring-sales.dk\/wp-content\/uploads\/2026\/02\/elj-kontorsstolar-direktoren-3-varianter.jpg","contentUrl":"https:\/\/shop.bjerring-sales.dk\/wp-content\/uploads\/2026\/02\/elj-kontorsstolar-direktoren-3-varianter.jpg","width":800,"height":800},{"@type":"BreadcrumbList","@id":"https:\/\/shop.bjerring-sales.dk\/sv\/produkt\/direktoren-kontorsstol-med-rygg-i-mesh\/#breadcrumb","itemListElement":[{"@type":"ListItem","position":1,"name":"Hem","item":"https:\/\/shop.bjerring-sales.dk\/"},{"@type":"ListItem","position":2,"name":"Webbutik","item":"https:\/\/shop.bjerring-sales.dk\/butik\/"},{"@type":"ListItem","position":3,"name":"Direkt\u00f6ren &#8211; En kontorsstol med rygg i mesh"}]},{"@type":"WebSite","@id":"https:\/\/shop.bjerring-sales.dk\/#website","url":"https:\/\/shop.bjerring-sales.dk\/","name":"Bjerring-Salg","description":"M\u00f8bler til teatre, skoler, kontorer og indk\u00f8bscentre","publisher":{"@id":"https:\/\/shop.bjerring-sales.dk\/#organization"},"potentialAction":[{"@type":"SearchAction","target":{"@type":"EntryPoint","urlTemplate":"https:\/\/shop.bjerring-sales.dk\/?s={search_term_string}"},"query-input":{"@type":"PropertyValueSpecification","valueRequired":true,"valueName":"search_term_string"}}],"inLanguage":"da-DK"},{"@type":"Organization","@id":"https:\/\/shop.bjerring-sales.dk\/#organization","name":"Bjerring-Salg","url":"https:\/\/shop.bjerring-sales.dk\/","logo":{"@type":"ImageObject","inLanguage":"da-DK","@id":"https:\/\/shop.bjerring-sales.dk\/#\/schema\/logo\/image\/","url":"https:\/\/shop.bjerring-sales.dk\/wp-content\/uploads\/2023\/01\/logo_sv.png","contentUrl":"https:\/\/shop.bjerring-sales.dk\/wp-content\/uploads\/2023\/01\/logo_sv.png","width":195,"height":68,"caption":"Bjerring-Sales"},"image":{"@id":"https:\/\/shop.bjerring-sales.dk\/#\/schema\/logo\/image\/"}}]}},"_links":{"self":[{"href":"https:\/\/shop.bjerring-sales.dk\/da\/wp-json\/wp\/v2\/product\/61425","targetHints":{"allow":["GET"]}}],"collection":[{"href":"https:\/\/shop.bjerring-sales.dk\/da\/wp-json\/wp\/v2\/product"}],"about":[{"href":"https:\/\/shop.bjerring-sales.dk\/da\/wp-json\/wp\/v2\/types\/product"}],"wp:featuredmedia":[{"embeddable":true,"href":"https:\/\/shop.bjerring-sales.dk\/da\/wp-json\/wp\/v2\/media\/101254"}],"wp:attachment":[{"href":"https:\/\/shop.bjerring-sales.dk\/da\/wp-json\/wp\/v2\/media?parent=61425"}],"wp:term":[{"taxonomy":"product_brand","embeddable":true,"href":"https:\/\/shop.bjerring-sales.dk\/da\/wp-json\/wp\/v2\/product_brand?post=61425"},{"taxonomy":"product_cat","embeddable":true,"href":"https:\/\/shop.bjerring-sales.dk\/da\/wp-json\/wp\/v2\/product_cat?post=61425"},{"taxonomy":"product_tag","embeddable":true,"href":"https:\/\/shop.bjerring-sales.dk\/da\/wp-json\/wp\/v2\/product_tag?post=61425"}],"curies":[{"name":"wp","href":"https:\/\/api.w.org\/{rel}","templated":true}]}}