{"id":60901,"date":"2020-11-04T11:33:31","date_gmt":"2020-11-04T10:33:31","guid":{"rendered":"https:\/\/pule.se\/produkt\/styrelse-konferensstol-hog-rygg\/"},"modified":"2024-03-19T21:15:55","modified_gmt":"2024-03-19T20:15:55","slug":"styrelse-konferensstol-hog-rygg","status":"publish","type":"product","link":"https:\/\/shop.bjerring-sales.dk\/da\/vare\/styrelse-konferensstol-hog-rygg\/","title":{"rendered":"Board \u2013 Konference stol og bestyrelses stol"},"content":{"rendered":"<div class=\"wpb-content-wrapper\"><div class=\"vc_row wpb_row vc_row-fluid\"><div class=\"wpb_column vc_column_container vc_col-sm-12\"><div class=\"vc_column-inner\"><div class=\"wpb_wrapper\">\n\t<div class=\"wpb_text_column wpb_content_element\" >\n\t\t<div class=\"wpb_wrapper\">\n\t\t\t<p style=\"text-align: left\"><span style=\"font-size: 24pt\">Board \u2013 Konference stol i poleret aluminium og australsk uld<br \/>\n<\/span>Board er konference stolen i Premium-gruppen. Stolen har arml\u00e6n og fod i poleret aluminium, s\u00e6de og ryg i luksuri\u00f8s australsk uld. Board er en konference stol med rigtig god komfort og et indbydende udseende. Det polerede aluminiumsstel giver stolen en stilfuld karakter, mens den australske uldpolstring skaber en luksuri\u00f8s f\u00f8lelse. Stolen passer perfekt i m\u00f8delokalet men kan ogs\u00e5 bruges som kontorstol ved skrivebordet. S\u00e6det kan h\u00e6ves og s\u00e6nkes, drejes og har vippefunktion, hvilket giver fleksibilitet og ergonomi. Stolen har ogs\u00e5 faste arml\u00e6n.<\/p>\n\n\t\t<\/div>\n\t<\/div>\n<\/div><\/div><\/div><\/div><div class=\"vc_row wpb_row vc_row-fluid\"><div class=\"wpb_column vc_column_container vc_col-sm-6\"><div class=\"vc_column-inner\"><div class=\"wpb_wrapper\">\n\t<div  class=\"wpb_single_image wpb_content_element vc_align_center\">\n\t\t\n\t\t<figure class=\"wpb_wrapper vc_figure\">\n\t\t\t<div class=\"vc_single_image-wrapper vc_box_shadow_border  vc_box_border_grey\"><img loading=\"lazy\" decoding=\"async\" width=\"800\" height=\"550\" src=\"https:\/\/shop.bjerring-sales.dk\/wp-content\/uploads\/2020\/11\/ELJ_Office_Styrelse_01-1.gif\" class=\"vc_single_image-img attachment-full\" alt=\"\" title=\"ELJ_Office_Board_01\" \/><\/div>\n\t\t<\/figure>\n\t<\/div>\n<\/div><\/div><\/div><div class=\"wpb_column vc_column_container vc_col-sm-6\"><div class=\"vc_column-inner\"><div class=\"wpb_wrapper\">\n\t<div  class=\"wpb_single_image wpb_content_element vc_align_center\">\n\t\t\n\t\t<figure class=\"wpb_wrapper vc_figure\">\n\t\t\t<div class=\"vc_single_image-wrapper vc_box_shadow_border  vc_box_border_grey\"><img loading=\"lazy\" decoding=\"async\" width=\"800\" height=\"550\" src=\"https:\/\/shop.bjerring-sales.dk\/wp-content\/uploads\/2020\/11\/styrelse-med-Studio-3-1.gif\" class=\"vc_single_image-img attachment-full\" alt=\"\" title=\"bord-med-Studio-3\" \/><\/div>\n\t\t<\/figure>\n\t<\/div>\n<\/div><\/div><\/div><\/div><div class=\"vc_row wpb_row vc_row-fluid\"><div class=\"wpb_column vc_column_container vc_col-sm-6\"><div class=\"vc_column-inner\"><div class=\"wpb_wrapper\">\n\t<div class=\"wpb_text_column wpb_content_element\" >\n\t\t<div class=\"wpb_wrapper\">\n\t\t\t<p><span style=\"font-size: 18pt\">Anvendelsesomr\u00e5der<br \/>\n<\/span>Det moderne design g\u00f8r Board er konference stolen velegnet som kontorstol p\u00e5 kontoret eller som konference stol i m\u00f8delokalet. Stolen f\u00e5s b\u00e5de med \"medium\" ryg og med \"h\u00f8j\" ryg alt efter brugerens \u00f8nsker.<\/p>\n<p><span style=\"font-size: 18pt\">Hjul<br \/>\n<\/span>Glatte kvalitetshjul giver brugeren en f\u00f8lelse af mobilitet, stolen drejer 360 grader og muligg\u00f8r stabil k\u00f8reegenskab under arbejde og ved m\u00f8der.<\/p>\n<p><span style=\"font-size: 18pt\">M\u00e5l<\/span><\/p>\n<ul>\n<li>Dybde: 63 cm<\/li>\n<li>H\u00f8jde: 103,5-111,5 cm<\/li>\n<li>Arml\u00e6ns bredde: 57 cm<\/li>\n<li>Arml\u00e6nsh\u00f8jde: 67-74,7 cm<\/li>\n<li>S\u00e6debredde: 50 cm<\/li>\n<li>S\u00e6dedybde: 45,5 cm<\/li>\n<li>S\u00e6deh\u00f8jde: 47,3-55 cm<\/li>\n<\/ul>\n\n\t\t<\/div>\n\t<\/div>\n<\/div><\/div><\/div><div class=\"wpb_column vc_column_container vc_col-sm-6\"><div class=\"vc_column-inner\"><div class=\"wpb_wrapper\">\n\t<div class=\"wpb_text_column wpb_content_element\" >\n\t\t<div class=\"wpb_wrapper\">\n\t\t\t<p><span style=\"font-size: 18pt\">Arml\u00e6n<br \/>\n<\/span>Arml\u00e6nene er lavet af aluminium, der er poleret for at give et stilrent look.<\/p>\n<p><span style=\"font-size: 18pt\">Garanti<br \/>\n<\/span>2 \u00e5rs garanti<\/p>\n<p><span style=\"font-size: 18pt\">\u00d8vrigt<\/span><\/p>\n<ul>\n<li>50.000 Martindale<\/li>\n<li>Konferencestolen kan l\u00e5ses i bagerste position.<\/li>\n<li>Ingen kompliceret montering!<\/li>\n<\/ul>\n\n\t\t<\/div>\n\t<\/div>\n<\/div><\/div><\/div><\/div>\n<\/div>","protected":false},"excerpt":{"rendered":"<p>Board med h\u00f8j ryg er en konferencestol i Premium-segmentet. Stolen har arml\u00e6n og fod i poleret aluminium, s\u00e6de og ryg i luksuri\u00f8s australsk uld.<\/p>","protected":false},"featured_media":95921,"template":"","meta":{"iawp_total_views":5},"product_brand":[],"product_cat":[5791,5826,5629,5827,5853],"product_tag":[5874,5875,6032,6067,6068,6069,5849],"class_list":{"0":"post-60901","1":"product","2":"type-product","3":"status-publish","4":"has-post-thumbnail","6":"product_cat-stolar","7":"product_cat-skrivbordsstolar","8":"product_cat-kontorsmobler","9":"product_cat-kontorsstolar","10":"product_cat-konferensstolar","11":"product_tag-arbetsstol","12":"product_tag-kontorsstol","13":"product_tag-skrivbordsstol","14":"product_tag-stilren-stol","15":"product_tag-bekvam-stol","16":"product_tag-stol","17":"product_tag-konferensstol","19":"first","20":"instock","21":"taxable","22":"shipping-taxable","23":"purchasable","24":"product-type-simple"},"yoast_head":"<!-- This site is optimized with the Yoast SEO plugin v27.0 - https:\/\/yoast.com\/product\/yoast-seo-wordpress\/ -->\n<title>Styrelse - Konferensstol med h\u00f6g rygg - Bjerring-Sales<\/title>\n<meta name=\"description\" content=\"Styrelse med h\u00f6g rygg \u00e4r en konferensstol i Premium segmentet. Stolen har armst\u00f6d och underrede i polerad aluminium, sits och rygg i lyxig australiensisk ull.\" \/>\n<meta name=\"robots\" content=\"index, follow, max-snippet:-1, max-image-preview:large, max-video-preview:-1\" \/>\n<link rel=\"canonical\" href=\"https:\/\/shop.bjerring-sales.dk\/da\/vare\/styrelse-konferensstol-hog-rygg\/\" \/>\n<meta property=\"og:locale\" content=\"da_DK\" \/>\n<meta property=\"og:type\" content=\"article\" \/>\n<meta property=\"og:title\" content=\"Styrelse - Konferensstol med h\u00f6g rygg - Bjerring-Sales\" \/>\n<meta property=\"og:description\" content=\"Styrelse med h\u00f6g rygg \u00e4r en konferensstol i Premium segmentet. Stolen har armst\u00f6d och underrede i polerad aluminium, sits och rygg i lyxig australiensisk ull.\" \/>\n<meta property=\"og:url\" content=\"https:\/\/shop.bjerring-sales.dk\/da\/vare\/styrelse-konferensstol-hog-rygg\/\" \/>\n<meta property=\"og:site_name\" content=\"Bjerring-Sales\" \/>\n<meta property=\"article:modified_time\" content=\"2024-03-19T20:15:55+00:00\" \/>\n<meta property=\"og:image\" content=\"https:\/\/shop.bjerring-sales.dk\/wp-content\/uploads\/2024\/03\/Styrelse-highback-dark-grey.gif\" \/>\n\t<meta property=\"og:image:width\" content=\"800\" \/>\n\t<meta property=\"og:image:height\" content=\"800\" \/>\n\t<meta property=\"og:image:type\" content=\"image\/gif\" \/>\n<meta name=\"twitter:card\" content=\"summary_large_image\" \/>\n<meta name=\"twitter:label1\" content=\"Estimeret l\u00e6setid\" \/>\n\t<meta name=\"twitter:data1\" content=\"2 minutter\" \/>\n<script type=\"application\/ld+json\" class=\"yoast-schema-graph\">{\"@context\":\"https:\/\/schema.org\",\"@graph\":[{\"@type\":\"WebPage\",\"@id\":\"https:\/\/shop.bjerring-sales.dk\/sv\/produkt\/styrelse-konferensstol-hog-rygg\/\",\"url\":\"https:\/\/shop.bjerring-sales.dk\/sv\/produkt\/styrelse-konferensstol-hog-rygg\/\",\"name\":\"Styrelse - Konferensstol med h\u00f6g rygg - Bjerring-Sales\",\"isPartOf\":{\"@id\":\"https:\/\/shop.bjerring-sales.dk\/#website\"},\"primaryImageOfPage\":{\"@id\":\"https:\/\/shop.bjerring-sales.dk\/sv\/produkt\/styrelse-konferensstol-hog-rygg\/#primaryimage\"},\"image\":{\"@id\":\"https:\/\/shop.bjerring-sales.dk\/sv\/produkt\/styrelse-konferensstol-hog-rygg\/#primaryimage\"},\"thumbnailUrl\":\"https:\/\/shop.bjerring-sales.dk\/wp-content\/uploads\/2024\/03\/Styrelse-highback-dark-grey.gif\",\"datePublished\":\"2020-11-04T10:33:31+00:00\",\"dateModified\":\"2024-03-19T20:15:55+00:00\",\"description\":\"Styrelse med h\u00f6g rygg \u00e4r en konferensstol i Premium segmentet. Stolen har armst\u00f6d och underrede i polerad aluminium, sits och rygg i lyxig australiensisk ull.\",\"breadcrumb\":{\"@id\":\"https:\/\/shop.bjerring-sales.dk\/sv\/produkt\/styrelse-konferensstol-hog-rygg\/#breadcrumb\"},\"inLanguage\":\"da-DK\",\"potentialAction\":[{\"@type\":\"ReadAction\",\"target\":[\"https:\/\/shop.bjerring-sales.dk\/sv\/produkt\/styrelse-konferensstol-hog-rygg\/\"]}]},{\"@type\":\"ImageObject\",\"inLanguage\":\"da-DK\",\"@id\":\"https:\/\/shop.bjerring-sales.dk\/sv\/produkt\/styrelse-konferensstol-hog-rygg\/#primaryimage\",\"url\":\"https:\/\/shop.bjerring-sales.dk\/wp-content\/uploads\/2024\/03\/Styrelse-highback-dark-grey.gif\",\"contentUrl\":\"https:\/\/shop.bjerring-sales.dk\/wp-content\/uploads\/2024\/03\/Styrelse-highback-dark-grey.gif\",\"width\":800,\"height\":800},{\"@type\":\"BreadcrumbList\",\"@id\":\"https:\/\/shop.bjerring-sales.dk\/sv\/produkt\/styrelse-konferensstol-hog-rygg\/#breadcrumb\",\"itemListElement\":[{\"@type\":\"ListItem\",\"position\":1,\"name\":\"Hem\",\"item\":\"https:\/\/shop.bjerring-sales.dk\/\"},{\"@type\":\"ListItem\",\"position\":2,\"name\":\"Webbutik\",\"item\":\"https:\/\/shop.bjerring-sales.dk\/butik\/\"},{\"@type\":\"ListItem\",\"position\":3,\"name\":\"Styrelse &#8211; Konferensstol med h\u00f6g rygg\"}]},{\"@type\":\"WebSite\",\"@id\":\"https:\/\/shop.bjerring-sales.dk\/#website\",\"url\":\"https:\/\/shop.bjerring-sales.dk\/\",\"name\":\"Bjerring-Sales\",\"description\":\"M\u00f6bler f\u00f6r teatrar, skolor, kontor och k\u00f6pcentrum\",\"publisher\":{\"@id\":\"https:\/\/shop.bjerring-sales.dk\/#organization\"},\"potentialAction\":[{\"@type\":\"SearchAction\",\"target\":{\"@type\":\"EntryPoint\",\"urlTemplate\":\"https:\/\/shop.bjerring-sales.dk\/?s={search_term_string}\"},\"query-input\":{\"@type\":\"PropertyValueSpecification\",\"valueRequired\":true,\"valueName\":\"search_term_string\"}}],\"inLanguage\":\"da-DK\"},{\"@type\":\"Organization\",\"@id\":\"https:\/\/shop.bjerring-sales.dk\/#organization\",\"name\":\"Bjerring-Sales\",\"url\":\"https:\/\/shop.bjerring-sales.dk\/\",\"logo\":{\"@type\":\"ImageObject\",\"inLanguage\":\"da-DK\",\"@id\":\"https:\/\/shop.bjerring-sales.dk\/#\/schema\/logo\/image\/\",\"url\":\"https:\/\/shop.bjerring-sales.dk\/wp-content\/uploads\/2023\/01\/logo_sv.png\",\"contentUrl\":\"https:\/\/shop.bjerring-sales.dk\/wp-content\/uploads\/2023\/01\/logo_sv.png\",\"width\":195,\"height\":68,\"caption\":\"Bjerring-Sales\"},\"image\":{\"@id\":\"https:\/\/shop.bjerring-sales.dk\/#\/schema\/logo\/image\/\"}}]}<\/script>\n<!-- \/ Yoast SEO plugin. -->","yoast_head_json":{"title":"Styrelse - Konferensstol med h\u00f6g rygg - Bjerring-Sales","description":"Board med h\u00f8j ryg er en konferencestol i Premium-segmentet. Stolen har arml\u00e6n og fod i poleret aluminium, s\u00e6de og ryg i luksuri\u00f8s australsk uld.","robots":{"index":"index","follow":"follow","max-snippet":"max-snippet:-1","max-image-preview":"max-image-preview:large","max-video-preview":"max-video-preview:-1"},"canonical":"https:\/\/shop.bjerring-sales.dk\/da\/vare\/styrelse-konferensstol-hog-rygg\/","og_locale":"da_DK","og_type":"article","og_title":"Styrelse - Konferensstol med h\u00f6g rygg - Bjerring-Sales","og_description":"Styrelse med h\u00f6g rygg \u00e4r en konferensstol i Premium segmentet. Stolen har armst\u00f6d och underrede i polerad aluminium, sits och rygg i lyxig australiensisk ull.","og_url":"https:\/\/shop.bjerring-sales.dk\/da\/vare\/styrelse-konferensstol-hog-rygg\/","og_site_name":"Bjerring-Sales","article_modified_time":"2024-03-19T20:15:55+00:00","og_image":[{"width":800,"height":800,"url":"https:\/\/shop.bjerring-sales.dk\/wp-content\/uploads\/2024\/03\/Styrelse-highback-dark-grey.gif","type":"image\/gif"}],"twitter_card":"summary_large_image","twitter_misc":{"Estimeret l\u00e6setid":"2 minutter"},"schema":{"@context":"https:\/\/schema.org","@graph":[{"@type":"WebPage","@id":"https:\/\/shop.bjerring-sales.dk\/sv\/produkt\/styrelse-konferensstol-hog-rygg\/","url":"https:\/\/shop.bjerring-sales.dk\/sv\/produkt\/styrelse-konferensstol-hog-rygg\/","name":"Styrelse - Konferensstol med h\u00f6g rygg - Bjerring-Sales","isPartOf":{"@id":"https:\/\/shop.bjerring-sales.dk\/#website"},"primaryImageOfPage":{"@id":"https:\/\/shop.bjerring-sales.dk\/sv\/produkt\/styrelse-konferensstol-hog-rygg\/#primaryimage"},"image":{"@id":"https:\/\/shop.bjerring-sales.dk\/sv\/produkt\/styrelse-konferensstol-hog-rygg\/#primaryimage"},"thumbnailUrl":"https:\/\/shop.bjerring-sales.dk\/wp-content\/uploads\/2024\/03\/Styrelse-highback-dark-grey.gif","datePublished":"2020-11-04T10:33:31+00:00","dateModified":"2024-03-19T20:15:55+00:00","description":"Board med h\u00f8j ryg er en konferencestol i Premium-segmentet. Stolen har arml\u00e6n og fod i poleret aluminium, s\u00e6de og ryg i luksuri\u00f8s australsk uld.","breadcrumb":{"@id":"https:\/\/shop.bjerring-sales.dk\/sv\/produkt\/styrelse-konferensstol-hog-rygg\/#breadcrumb"},"inLanguage":"da-DK","potentialAction":[{"@type":"ReadAction","target":["https:\/\/shop.bjerring-sales.dk\/sv\/produkt\/styrelse-konferensstol-hog-rygg\/"]}]},{"@type":"ImageObject","inLanguage":"da-DK","@id":"https:\/\/shop.bjerring-sales.dk\/sv\/produkt\/styrelse-konferensstol-hog-rygg\/#primaryimage","url":"https:\/\/shop.bjerring-sales.dk\/wp-content\/uploads\/2024\/03\/Styrelse-highback-dark-grey.gif","contentUrl":"https:\/\/shop.bjerring-sales.dk\/wp-content\/uploads\/2024\/03\/Styrelse-highback-dark-grey.gif","width":800,"height":800},{"@type":"BreadcrumbList","@id":"https:\/\/shop.bjerring-sales.dk\/sv\/produkt\/styrelse-konferensstol-hog-rygg\/#breadcrumb","itemListElement":[{"@type":"ListItem","position":1,"name":"Hem","item":"https:\/\/shop.bjerring-sales.dk\/"},{"@type":"ListItem","position":2,"name":"Webbutik","item":"https:\/\/shop.bjerring-sales.dk\/butik\/"},{"@type":"ListItem","position":3,"name":"Styrelse &#8211; Konferensstol med h\u00f6g rygg"}]},{"@type":"WebSite","@id":"https:\/\/shop.bjerring-sales.dk\/#website","url":"https:\/\/shop.bjerring-sales.dk\/","name":"Bjerring-Salg","description":"M\u00f8bler til teatre, skoler, kontorer og indk\u00f8bscentre","publisher":{"@id":"https:\/\/shop.bjerring-sales.dk\/#organization"},"potentialAction":[{"@type":"SearchAction","target":{"@type":"EntryPoint","urlTemplate":"https:\/\/shop.bjerring-sales.dk\/?s={search_term_string}"},"query-input":{"@type":"PropertyValueSpecification","valueRequired":true,"valueName":"search_term_string"}}],"inLanguage":"da-DK"},{"@type":"Organization","@id":"https:\/\/shop.bjerring-sales.dk\/#organization","name":"Bjerring-Salg","url":"https:\/\/shop.bjerring-sales.dk\/","logo":{"@type":"ImageObject","inLanguage":"da-DK","@id":"https:\/\/shop.bjerring-sales.dk\/#\/schema\/logo\/image\/","url":"https:\/\/shop.bjerring-sales.dk\/wp-content\/uploads\/2023\/01\/logo_sv.png","contentUrl":"https:\/\/shop.bjerring-sales.dk\/wp-content\/uploads\/2023\/01\/logo_sv.png","width":195,"height":68,"caption":"Bjerring-Sales"},"image":{"@id":"https:\/\/shop.bjerring-sales.dk\/#\/schema\/logo\/image\/"}}]}},"_links":{"self":[{"href":"https:\/\/shop.bjerring-sales.dk\/da\/wp-json\/wp\/v2\/product\/60901","targetHints":{"allow":["GET"]}}],"collection":[{"href":"https:\/\/shop.bjerring-sales.dk\/da\/wp-json\/wp\/v2\/product"}],"about":[{"href":"https:\/\/shop.bjerring-sales.dk\/da\/wp-json\/wp\/v2\/types\/product"}],"wp:featuredmedia":[{"embeddable":true,"href":"https:\/\/shop.bjerring-sales.dk\/da\/wp-json\/wp\/v2\/media\/95921"}],"wp:attachment":[{"href":"https:\/\/shop.bjerring-sales.dk\/da\/wp-json\/wp\/v2\/media?parent=60901"}],"wp:term":[{"taxonomy":"product_brand","embeddable":true,"href":"https:\/\/shop.bjerring-sales.dk\/da\/wp-json\/wp\/v2\/product_brand?post=60901"},{"taxonomy":"product_cat","embeddable":true,"href":"https:\/\/shop.bjerring-sales.dk\/da\/wp-json\/wp\/v2\/product_cat?post=60901"},{"taxonomy":"product_tag","embeddable":true,"href":"https:\/\/shop.bjerring-sales.dk\/da\/wp-json\/wp\/v2\/product_tag?post=60901"}],"curies":[{"name":"wp","href":"https:\/\/api.w.org\/{rel}","templated":true}]}}