{"id":60899,"date":"2020-11-05T13:48:52","date_gmt":"2020-11-05T12:48:52","guid":{"rendered":"https:\/\/pule.se\/produkt\/mote-konferensstol\/"},"modified":"2026-01-27T14:19:04","modified_gmt":"2026-01-27T13:19:04","slug":"mote-konferensstol","status":"publish","type":"product","link":"https:\/\/shop.bjerring-sales.dk\/da\/vare\/mote-konferensstol\/","title":{"rendered":"M\u00f6te\u2013 Konference stol med polstring i tysk mesh"},"content":{"rendered":"<div class=\"wpb-content-wrapper\"><div class=\"vc_row wpb_row vc_row-fluid\"><div class=\"wpb_column vc_column_container vc_col-sm-12\"><div class=\"vc_column-inner\"><div class=\"wpb_wrapper\">\n\t<div class=\"wpb_text_column wpb_content_element\" >\n\t\t<div class=\"wpb_wrapper\">\n\t\t\t<p style=\"text-align: left\"><span style=\"font-size: 24pt\">M\u00f6te \u2013 Konference stol med midt bag og sort mesh-stof<br \/>\n<\/span>M\u00f6te er en konference stol designet til mennesker med h\u00f8je krav. En kombination af fleksibilitet og enkelthed g\u00f8r denne stol perfekt egnet som b\u00e5de kontorstol til skrivebordet, s\u00e5vel som konference stol til konference lokalet. Stolen har faste arml\u00e6n og hjul, som bidrager til dens fleksibilitet og ergonomi. Polstring i tysk mesh giver en behagelig pasform og er af h\u00f8j kvalitet. M\u00f6te-stolen kan h\u00e6ves og s\u00e6nkes, drejes og har en vippefunktion til at vippe stolen bagud.<\/p>\n\n\t\t<\/div>\n\t<\/div>\n<\/div><\/div><\/div><\/div><div class=\"vc_row wpb_row vc_row-fluid\"><div class=\"wpb_column vc_column_container vc_col-sm-4\"><div class=\"vc_column-inner\"><div class=\"wpb_wrapper\">\n\t<div  class=\"wpb_single_image wpb_content_element vc_align_center\">\n\t\t\n\t\t<figure class=\"wpb_wrapper vc_figure\">\n\t\t\t<div class=\"vc_single_image-wrapper vc_box_shadow_border  vc_box_border_grey\"><img loading=\"lazy\" decoding=\"async\" width=\"800\" height=\"550\" src=\"https:\/\/shop.bjerring-sales.dk\/wp-content\/uploads\/2020\/11\/Mote-miljo-2-1.gif\" class=\"vc_single_image-img attachment-full\" alt=\"\" title=\"Mode-milj\u00f8-2\" \/><\/div>\n\t\t<\/figure>\n\t<\/div>\n<\/div><\/div><\/div><div class=\"wpb_column vc_column_container vc_col-sm-4\"><div class=\"vc_column-inner\"><div class=\"wpb_wrapper\">\n\t<div  class=\"wpb_single_image wpb_content_element vc_align_center\">\n\t\t\n\t\t<figure class=\"wpb_wrapper vc_figure\">\n\t\t\t<div class=\"vc_single_image-wrapper vc_box_shadow_border  vc_box_border_grey\"><img loading=\"lazy\" decoding=\"async\" width=\"800\" height=\"550\" src=\"https:\/\/shop.bjerring-sales.dk\/wp-content\/uploads\/2020\/11\/svart-studio-med-vit-skiva-och-svart-Mote-1.gif\" class=\"vc_single_image-img attachment-full\" alt=\"\" title=\"sort-studie-med-hvid-skive-og-sort-Mote\" \/><\/div>\n\t\t<\/figure>\n\t<\/div>\n<\/div><\/div><\/div><div class=\"wpb_column vc_column_container vc_col-sm-4\"><div class=\"vc_column-inner\"><div class=\"wpb_wrapper\">\n\t<div  class=\"wpb_single_image wpb_content_element vc_align_center\">\n\t\t\n\t\t<figure class=\"wpb_wrapper vc_figure\">\n\t\t\t<div class=\"vc_single_image-wrapper vc_box_shadow_border  vc_box_border_grey\"><img loading=\"lazy\" decoding=\"async\" width=\"800\" height=\"550\" src=\"https:\/\/shop.bjerring-sales.dk\/wp-content\/uploads\/2020\/11\/Mote-miljo-1-1.gif\" class=\"vc_single_image-img attachment-full\" alt=\"\" title=\"Mode-milj\u00f8-1\" \/><\/div>\n\t\t<\/figure>\n\t<\/div>\n<\/div><\/div><\/div><\/div><div class=\"vc_row wpb_row vc_row-fluid\"><div class=\"wpb_column vc_column_container vc_col-sm-6\"><div class=\"vc_column-inner\"><div class=\"wpb_wrapper\">\n\t<div class=\"wpb_text_column wpb_content_element\" >\n\t\t<div class=\"wpb_wrapper\">\n\t\t\t<p><span style=\"font-size: 18pt\">Anvendelsesomr\u00e5der<br \/>\n<\/span>Det moderne og ukomplicerede design g\u00f8r M\u00f6te-stolen velegnet som kontorstol p\u00e5 kontoret eller som konference stol i konference lokalet. Det fungerer ogs\u00e5 glimrende til studier og tr\u00e6ning. Generelt set har kontorstole &amp; konference stole 3 forskellige muligheder at v\u00e6lge imellem med hensyn til rygh\u00f8jde: lav, medium og h\u00f8j. M\u00f6te stolen har ryg i mesh, hvilket g\u00f8r den behagelig for alle brugere.<\/p>\n<p><span style=\"font-size: 18pt\">Hjul<br \/>\n<\/span>Hjulene er af h\u00f8j kvalitet og giver brugeren fuld mobilitet, stolen drejer 360 grader og muligg\u00f8r stabil k\u00f8reegenskaber p\u00e5 gulvet under arbejde og m\u00f8der.<\/p>\n<p><span style=\"font-size: 18pt\">M\u00e5l<\/span><\/p>\n<ul>\n<li>Dybde: 63,4 cm<\/li>\n<li>H\u00f8jde: 95-102 cm<\/li>\n<li>Arml\u00e6nsbredde: 57,8 cm<\/li>\n<li>Arml\u00e6nsh\u00f8jde: 68,8-75,8 cm<\/li>\n<li>S\u00e6debredde: 48,5 cm<\/li>\n<li>S\u00e6dedybde: 45,7 cm<\/li>\n<li>S\u00e6deh\u00f8jde: 48,3-55,3 cm<\/li>\n<\/ul>\n\n\t\t<\/div>\n\t<\/div>\n<\/div><\/div><\/div><div class=\"wpb_column vc_column_container vc_col-sm-6\"><div class=\"vc_column-inner\"><div class=\"wpb_wrapper\">\n\t<div class=\"wpb_text_column wpb_content_element\" >\n\t\t<div class=\"wpb_wrapper\">\n\t\t\t<p><span style=\"font-size: 18pt\">Arml\u00e6n<br \/>\n<\/span>Arml\u00e6nene er lavet af pulverlakeret aluminium og chassiset bag ryggen er lavet af slidst\u00e6rkt PP plast.<\/p>\n<p><span style=\"font-size: 18pt\">\u00d8vrigt<\/span><\/p>\n<ul>\n<li>50.000 Martindale<\/li>\n<li>Tysk mesh polstring af h\u00f8jeste kvalitet<\/li>\n<li>Vippefunktion til at vippe stolen bagud<\/li>\n<li>Ingen kompliceret montering!<\/li>\n<\/ul>\n<p><span style=\"font-size: 18pt\">Garanti<br \/>\n<\/span>2 \u00e5rs garanti<\/p>\n\n\t\t<\/div>\n\t<\/div>\n<\/div><\/div><\/div><\/div>\n<\/div>","protected":false},"excerpt":{"rendered":"<p>Det moderne og ukomplicerede design g\u00f8r M\u00f6te-stolen velegnet som kontorstol p\u00e5 kontoret eller som konference stol i konferencelokalet. Det fungerer ogs\u00e5 glimrende til studier og undervisning.<\/p>","protected":false},"featured_media":99038,"template":"","meta":{"iawp_total_views":11},"product_brand":[],"product_cat":[5785,5791,5629,5826,5827,5853],"product_tag":[5849,5874,5875,6032,6074],"class_list":{"0":"post-60899","1":"product","2":"type-product","3":"status-publish","4":"has-post-thumbnail","6":"product_cat-hemmakontor","7":"product_cat-stolar","8":"product_cat-kontorsmobler","9":"product_cat-skrivbordsstolar","10":"product_cat-kontorsstolar","11":"product_cat-konferensstolar","12":"product_tag-konferensstol","13":"product_tag-arbetsstol","14":"product_tag-kontorsstol","15":"product_tag-skrivbordsstol","16":"product_tag-stol-med-meshkladsel","18":"first","19":"instock","20":"taxable","21":"shipping-taxable","22":"purchasable","23":"product-type-simple"},"yoast_head":"<!-- This site is optimized with the Yoast SEO plugin v27.0 - https:\/\/yoast.com\/product\/yoast-seo-wordpress\/ -->\n<title>M\u00f6te - Konferensstol med kl\u00e4dsel i tysk mesh - Bjerring-Sales<\/title>\n<meta name=\"description\" content=\"Den moderna och okomplicerade designen g\u00f6r att M\u00f6te stolen passar bra som kontorsstol i kontoret eller som konferensstol i konferensrummet.\" \/>\n<meta name=\"robots\" content=\"index, follow, max-snippet:-1, max-image-preview:large, max-video-preview:-1\" \/>\n<link rel=\"canonical\" href=\"https:\/\/shop.bjerring-sales.dk\/da\/vare\/mote-konferensstol\/\" \/>\n<meta property=\"og:locale\" content=\"da_DK\" \/>\n<meta property=\"og:type\" content=\"article\" \/>\n<meta property=\"og:title\" content=\"M\u00f6te - Konferensstol med kl\u00e4dsel i tysk mesh - Bjerring-Sales\" \/>\n<meta property=\"og:description\" content=\"Den moderna och okomplicerade designen g\u00f6r att M\u00f6te stolen passar bra som kontorsstol i kontoret eller som konferensstol i konferensrummet.\" \/>\n<meta property=\"og:url\" content=\"https:\/\/shop.bjerring-sales.dk\/da\/vare\/mote-konferensstol\/\" \/>\n<meta property=\"og:site_name\" content=\"Bjerring-Sales\" \/>\n<meta property=\"article:modified_time\" content=\"2026-01-27T13:19:04+00:00\" \/>\n<meta property=\"og:image\" content=\"https:\/\/shop.bjerring-sales.dk\/wp-content\/uploads\/2024\/10\/Mote-Svart-kontorsstol.gif\" \/>\n\t<meta property=\"og:image:width\" content=\"800\" \/>\n\t<meta property=\"og:image:height\" content=\"800\" \/>\n\t<meta property=\"og:image:type\" content=\"image\/gif\" \/>\n<meta name=\"twitter:card\" content=\"summary_large_image\" \/>\n<meta name=\"twitter:label1\" content=\"Estimeret l\u00e6setid\" \/>\n\t<meta name=\"twitter:data1\" content=\"2 minutter\" \/>\n<script type=\"application\/ld+json\" class=\"yoast-schema-graph\">{\"@context\":\"https:\/\/schema.org\",\"@graph\":[{\"@type\":\"WebPage\",\"@id\":\"https:\/\/shop.bjerring-sales.dk\/sv\/produkt\/mote-konferensstol\/\",\"url\":\"https:\/\/shop.bjerring-sales.dk\/sv\/produkt\/mote-konferensstol\/\",\"name\":\"M\u00f6te - Konferensstol med kl\u00e4dsel i tysk mesh - Bjerring-Sales\",\"isPartOf\":{\"@id\":\"https:\/\/shop.bjerring-sales.dk\/#website\"},\"primaryImageOfPage\":{\"@id\":\"https:\/\/shop.bjerring-sales.dk\/sv\/produkt\/mote-konferensstol\/#primaryimage\"},\"image\":{\"@id\":\"https:\/\/shop.bjerring-sales.dk\/sv\/produkt\/mote-konferensstol\/#primaryimage\"},\"thumbnailUrl\":\"https:\/\/shop.bjerring-sales.dk\/wp-content\/uploads\/2024\/10\/Mote-Svart-kontorsstol.gif\",\"datePublished\":\"2020-11-05T12:48:52+00:00\",\"dateModified\":\"2026-01-27T13:19:04+00:00\",\"description\":\"Den moderna och okomplicerade designen g\u00f6r att M\u00f6te stolen passar bra som kontorsstol i kontoret eller som konferensstol i konferensrummet.\",\"breadcrumb\":{\"@id\":\"https:\/\/shop.bjerring-sales.dk\/sv\/produkt\/mote-konferensstol\/#breadcrumb\"},\"inLanguage\":\"da-DK\",\"potentialAction\":[{\"@type\":\"ReadAction\",\"target\":[\"https:\/\/shop.bjerring-sales.dk\/sv\/produkt\/mote-konferensstol\/\"]}]},{\"@type\":\"ImageObject\",\"inLanguage\":\"da-DK\",\"@id\":\"https:\/\/shop.bjerring-sales.dk\/sv\/produkt\/mote-konferensstol\/#primaryimage\",\"url\":\"https:\/\/shop.bjerring-sales.dk\/wp-content\/uploads\/2024\/10\/Mote-Svart-kontorsstol.gif\",\"contentUrl\":\"https:\/\/shop.bjerring-sales.dk\/wp-content\/uploads\/2024\/10\/Mote-Svart-kontorsstol.gif\",\"width\":800,\"height\":800},{\"@type\":\"BreadcrumbList\",\"@id\":\"https:\/\/shop.bjerring-sales.dk\/sv\/produkt\/mote-konferensstol\/#breadcrumb\",\"itemListElement\":[{\"@type\":\"ListItem\",\"position\":1,\"name\":\"Hem\",\"item\":\"https:\/\/shop.bjerring-sales.dk\/\"},{\"@type\":\"ListItem\",\"position\":2,\"name\":\"Webbutik\",\"item\":\"https:\/\/shop.bjerring-sales.dk\/butik\/\"},{\"@type\":\"ListItem\",\"position\":3,\"name\":\"M\u00f6te &#8211; Konferensstol med kl\u00e4dsel i tysk mesh\"}]},{\"@type\":\"WebSite\",\"@id\":\"https:\/\/shop.bjerring-sales.dk\/#website\",\"url\":\"https:\/\/shop.bjerring-sales.dk\/\",\"name\":\"Bjerring-Sales\",\"description\":\"M\u00f6bler f\u00f6r teatrar, skolor, kontor och k\u00f6pcentrum\",\"publisher\":{\"@id\":\"https:\/\/shop.bjerring-sales.dk\/#organization\"},\"potentialAction\":[{\"@type\":\"SearchAction\",\"target\":{\"@type\":\"EntryPoint\",\"urlTemplate\":\"https:\/\/shop.bjerring-sales.dk\/?s={search_term_string}\"},\"query-input\":{\"@type\":\"PropertyValueSpecification\",\"valueRequired\":true,\"valueName\":\"search_term_string\"}}],\"inLanguage\":\"da-DK\"},{\"@type\":\"Organization\",\"@id\":\"https:\/\/shop.bjerring-sales.dk\/#organization\",\"name\":\"Bjerring-Sales\",\"url\":\"https:\/\/shop.bjerring-sales.dk\/\",\"logo\":{\"@type\":\"ImageObject\",\"inLanguage\":\"da-DK\",\"@id\":\"https:\/\/shop.bjerring-sales.dk\/#\/schema\/logo\/image\/\",\"url\":\"https:\/\/shop.bjerring-sales.dk\/wp-content\/uploads\/2023\/01\/logo_sv.png\",\"contentUrl\":\"https:\/\/shop.bjerring-sales.dk\/wp-content\/uploads\/2023\/01\/logo_sv.png\",\"width\":195,\"height\":68,\"caption\":\"Bjerring-Sales\"},\"image\":{\"@id\":\"https:\/\/shop.bjerring-sales.dk\/#\/schema\/logo\/image\/\"}}]}<\/script>\n<!-- \/ Yoast SEO plugin. -->","yoast_head_json":{"title":"M\u00f6te - Konferensstol med kl\u00e4dsel i tysk mesh - Bjerring-Sales","description":"Det moderne og ukomplicerede design g\u00f8r M\u00f6te-stolen velegnet som kontorstol p\u00e5 kontoret eller som konferencestol i konferencelokalet.","robots":{"index":"index","follow":"follow","max-snippet":"max-snippet:-1","max-image-preview":"max-image-preview:large","max-video-preview":"max-video-preview:-1"},"canonical":"https:\/\/shop.bjerring-sales.dk\/da\/vare\/mote-konferensstol\/","og_locale":"da_DK","og_type":"article","og_title":"M\u00f6te - Konferensstol med kl\u00e4dsel i tysk mesh - Bjerring-Sales","og_description":"Den moderna och okomplicerade designen g\u00f6r att M\u00f6te stolen passar bra som kontorsstol i kontoret eller som konferensstol i konferensrummet.","og_url":"https:\/\/shop.bjerring-sales.dk\/da\/vare\/mote-konferensstol\/","og_site_name":"Bjerring-Sales","article_modified_time":"2026-01-27T13:19:04+00:00","og_image":[{"width":800,"height":800,"url":"https:\/\/shop.bjerring-sales.dk\/wp-content\/uploads\/2024\/10\/Mote-Svart-kontorsstol.gif","type":"image\/gif"}],"twitter_card":"summary_large_image","twitter_misc":{"Estimeret l\u00e6setid":"2 minutter"},"schema":{"@context":"https:\/\/schema.org","@graph":[{"@type":"WebPage","@id":"https:\/\/shop.bjerring-sales.dk\/sv\/produkt\/mote-konferensstol\/","url":"https:\/\/shop.bjerring-sales.dk\/sv\/produkt\/mote-konferensstol\/","name":"M\u00f6te - Konferensstol med kl\u00e4dsel i tysk mesh - Bjerring-Sales","isPartOf":{"@id":"https:\/\/shop.bjerring-sales.dk\/#website"},"primaryImageOfPage":{"@id":"https:\/\/shop.bjerring-sales.dk\/sv\/produkt\/mote-konferensstol\/#primaryimage"},"image":{"@id":"https:\/\/shop.bjerring-sales.dk\/sv\/produkt\/mote-konferensstol\/#primaryimage"},"thumbnailUrl":"https:\/\/shop.bjerring-sales.dk\/wp-content\/uploads\/2024\/10\/Mote-Svart-kontorsstol.gif","datePublished":"2020-11-05T12:48:52+00:00","dateModified":"2026-01-27T13:19:04+00:00","description":"Det moderne og ukomplicerede design g\u00f8r M\u00f6te-stolen velegnet som kontorstol p\u00e5 kontoret eller som konferencestol i konferencelokalet.","breadcrumb":{"@id":"https:\/\/shop.bjerring-sales.dk\/sv\/produkt\/mote-konferensstol\/#breadcrumb"},"inLanguage":"da-DK","potentialAction":[{"@type":"ReadAction","target":["https:\/\/shop.bjerring-sales.dk\/sv\/produkt\/mote-konferensstol\/"]}]},{"@type":"ImageObject","inLanguage":"da-DK","@id":"https:\/\/shop.bjerring-sales.dk\/sv\/produkt\/mote-konferensstol\/#primaryimage","url":"https:\/\/shop.bjerring-sales.dk\/wp-content\/uploads\/2024\/10\/Mote-Svart-kontorsstol.gif","contentUrl":"https:\/\/shop.bjerring-sales.dk\/wp-content\/uploads\/2024\/10\/Mote-Svart-kontorsstol.gif","width":800,"height":800},{"@type":"BreadcrumbList","@id":"https:\/\/shop.bjerring-sales.dk\/sv\/produkt\/mote-konferensstol\/#breadcrumb","itemListElement":[{"@type":"ListItem","position":1,"name":"Hem","item":"https:\/\/shop.bjerring-sales.dk\/"},{"@type":"ListItem","position":2,"name":"Webbutik","item":"https:\/\/shop.bjerring-sales.dk\/butik\/"},{"@type":"ListItem","position":3,"name":"M\u00f6te &#8211; Konferensstol med kl\u00e4dsel i tysk mesh"}]},{"@type":"WebSite","@id":"https:\/\/shop.bjerring-sales.dk\/#website","url":"https:\/\/shop.bjerring-sales.dk\/","name":"Bjerring-Salg","description":"M\u00f8bler til teatre, skoler, kontorer og indk\u00f8bscentre","publisher":{"@id":"https:\/\/shop.bjerring-sales.dk\/#organization"},"potentialAction":[{"@type":"SearchAction","target":{"@type":"EntryPoint","urlTemplate":"https:\/\/shop.bjerring-sales.dk\/?s={search_term_string}"},"query-input":{"@type":"PropertyValueSpecification","valueRequired":true,"valueName":"search_term_string"}}],"inLanguage":"da-DK"},{"@type":"Organization","@id":"https:\/\/shop.bjerring-sales.dk\/#organization","name":"Bjerring-Salg","url":"https:\/\/shop.bjerring-sales.dk\/","logo":{"@type":"ImageObject","inLanguage":"da-DK","@id":"https:\/\/shop.bjerring-sales.dk\/#\/schema\/logo\/image\/","url":"https:\/\/shop.bjerring-sales.dk\/wp-content\/uploads\/2023\/01\/logo_sv.png","contentUrl":"https:\/\/shop.bjerring-sales.dk\/wp-content\/uploads\/2023\/01\/logo_sv.png","width":195,"height":68,"caption":"Bjerring-Sales"},"image":{"@id":"https:\/\/shop.bjerring-sales.dk\/#\/schema\/logo\/image\/"}}]}},"_links":{"self":[{"href":"https:\/\/shop.bjerring-sales.dk\/da\/wp-json\/wp\/v2\/product\/60899","targetHints":{"allow":["GET"]}}],"collection":[{"href":"https:\/\/shop.bjerring-sales.dk\/da\/wp-json\/wp\/v2\/product"}],"about":[{"href":"https:\/\/shop.bjerring-sales.dk\/da\/wp-json\/wp\/v2\/types\/product"}],"wp:featuredmedia":[{"embeddable":true,"href":"https:\/\/shop.bjerring-sales.dk\/da\/wp-json\/wp\/v2\/media\/99038"}],"wp:attachment":[{"href":"https:\/\/shop.bjerring-sales.dk\/da\/wp-json\/wp\/v2\/media?parent=60899"}],"wp:term":[{"taxonomy":"product_brand","embeddable":true,"href":"https:\/\/shop.bjerring-sales.dk\/da\/wp-json\/wp\/v2\/product_brand?post=60899"},{"taxonomy":"product_cat","embeddable":true,"href":"https:\/\/shop.bjerring-sales.dk\/da\/wp-json\/wp\/v2\/product_cat?post=60899"},{"taxonomy":"product_tag","embeddable":true,"href":"https:\/\/shop.bjerring-sales.dk\/da\/wp-json\/wp\/v2\/product_tag?post=60899"}],"curies":[{"name":"wp","href":"https:\/\/api.w.org\/{rel}","templated":true}]}}