{"id":60775,"date":"2020-10-28T09:26:14","date_gmt":"2020-10-28T08:26:14","guid":{"rendered":"https:\/\/pule.se\/produkt\/monitorarm-2-skarmar-vit\/"},"modified":"2026-02-09T13:29:00","modified_gmt":"2026-02-09T12:29:00","slug":"monitorarm-2-skarmar-vit","status":"publish","type":"product","link":"https:\/\/shop.bjerring-sales.dk\/da\/vare\/monitorarm-2-skarmar-vit\/","title":{"rendered":"Monitor arm 2 sk\u00e6rme \u2013 hvid"},"content":{"rendered":"<div class=\"wpb-content-wrapper\"><div class=\"vc_row wpb_row vc_row-fluid\"><div class=\"wpb_column vc_column_container vc_col-sm-12\"><div class=\"vc_column-inner\"><div class=\"wpb_wrapper\">\n\t<div class=\"wpb_text_column wpb_content_element vc_custom_1631871908999\" >\n\t\t<div class=\"wpb_wrapper\">\n\t\t\t<p style=\"text-align: left\"><span style=\"font-size: 24pt\">Hvid monitor arm til 2 sk\u00e6rme - Skab en stilfuld arbejdsplads!<\/span><\/p>\n\n\t\t<\/div>\n\t<\/div>\n<\/div><\/div><\/div><\/div><div class=\"vc_row wpb_row vc_row-fluid\"><div class=\"wpb_column vc_column_container vc_col-sm-12\"><div class=\"vc_column-inner\"><div class=\"wpb_wrapper\"><div class=\"vc_separator wpb_content_element vc_separator_align_center vc_sep_width_100 vc_sep_pos_align_center vc_separator_no_text vc_sep_color_grey vc_custom_1631871914963\" ><span class=\"vc_sep_holder vc_sep_holder_l\"><span class=\"vc_sep_line\"><\/span><\/span><span class=\"vc_sep_holder vc_sep_holder_r\"><span class=\"vc_sep_line\"><\/span><\/span>\n<\/div><\/div><\/div><\/div><\/div><div class=\"vc_row wpb_row vc_row-fluid\"><div class=\"wpb_column vc_column_container vc_col-sm-6\"><div class=\"vc_column-inner\"><div class=\"wpb_wrapper\">\n\t<div class=\"wpb_text_column wpb_content_element\" >\n\t\t<div class=\"wpb_wrapper\">\n\t\t\t<p style=\"text-align: left\">Vores sk\u00e6rm arm har 2 forbundne arme til at underst\u00f8tte 2 sk\u00e6rme med en samlet maksimal belastning p\u00e5 16 kg. Sk\u00e6rm armene fungerer godt til sk\u00e6rme, der er 14-32 tommer, hvilket normalt er det mest almindelige st\u00f8rrelsesomr\u00e5de for et almindeligt kontor. En rimelig moderne sk\u00e6rm, der er 32\u2033, vejer lige under 4 kg. Armene kan bev\u00e6ges frem og tilbage med en arml\u00e6ngde p\u00e5 ca 50 cm. Displayholderne kan ogs\u00e5 justeres i h\u00f8jden med et interval p\u00e5 cirka 32 cm. Du s\u00e6tter blot armen fast p\u00e5 bordpladen, den fungerer til de fleste bordplader med en tykkelse p\u00e5 12-48 mm.<\/p>\n<p><span style=\"font-size: 18pt\">Specifikationer<br \/>\n<\/span>Vesa 75\/100 beslag<br \/>\nAnbefalet st\u00f8rrelse p\u00e5 sk\u00e6rm\/sk\u00e6rm 14\u2033 \u2013 32\u2033<br \/>\nMaks. belastning: 8 kg\/holder (16 kg)<br \/>\nArml\u00e6ngde: ca 500mm<br \/>\nH\u00f8jdejusteringsomr\u00e5de ca 320mm<br \/>\nBeslag til bordplade med tykkelse 12-48mm<\/p>\n\n\t\t<\/div>\n\t<\/div>\n<\/div><\/div><\/div><div class=\"wpb_column vc_column_container vc_col-sm-6\"><div class=\"vc_column-inner\"><div class=\"wpb_wrapper\">\n\t<div class=\"wpb_text_column wpb_content_element\" >\n\t\t<div class=\"wpb_wrapper\">\n\t\t\t<p><span style=\"font-size: 18pt\">Anvendelsesomr\u00e5der<br \/>\n<\/span>Vores displayholdere er velegnede til \u00e5bne kontormilj\u00f8er for at spare p\u00e5 bordets st\u00f8rrelse. Den er naturligvis ogs\u00e5 velegnet til andre kontorer og derhjemme for gamere, der \u00f8nsker at \u00f8ge overblikket!<\/p>\n<p><span style=\"font-size: 18pt\">Ergonomi<br \/>\n<\/span>At v\u00e6lge sk\u00e6rmholdere til computersk\u00e6rme i stedet for blot at placere sk\u00e6rmene p\u00e5 bordet g\u00f8r sk\u00e6rmpositionen h\u00f8jere, hvilket igen skaber en mere naturlig position for brugeren. Sk\u00e6rmholderne hj\u00e6lper dig med at skabe en mere ergonomisk arbejdsplads, uanset om du er p\u00e5 kontoret eller hjemme.<\/p>\n\n\t\t<\/div>\n\t<\/div>\n<\/div><\/div><\/div><\/div>\n<\/div>","protected":false},"excerpt":{"rendered":"<p>Hvid monitor arm til at kunne b\u00e6re 2 sk\u00e6rme med i alt max. belastning p\u00e5 8 kg. Sk\u00e6rm armene fungerer godt til sk\u00e6rme, der er 14-32 tommer<\/p>","protected":false},"featured_media":100189,"template":"","meta":{"iawp_total_views":4},"product_brand":[],"product_cat":[5629,5798,5870],"product_tag":[5793,5871,5872],"class_list":{"0":"post-60775","1":"product","2":"type-product","3":"status-publish","4":"has-post-thumbnail","6":"product_cat-kontorsmobler","7":"product_cat-kontorsprodukter","8":"product_cat-monitorarmar","9":"product_tag-ergonomi","10":"product_tag-skarmhallare-dubbel","11":"product_tag-displayhallare-2-skarmar","13":"first","14":"instock","15":"taxable","16":"shipping-taxable","17":"purchasable","18":"product-type-simple"},"yoast_head":"<!-- This site is optimized with the Yoast SEO plugin v27.0 - https:\/\/yoast.com\/product\/yoast-seo-wordpress\/ -->\n<title>Monitorarm 2 sk\u00e4rmar - vit - Bjerring-Sales<\/title>\n<meta name=\"description\" content=\"Vit monitorarm f\u00f6r att kunna b\u00e4ra 2 displaysk\u00e4rmar med en total max. belastning p\u00e5 8 kg. Monitorarmarna fungerar bra till sk\u00e4rmar som \u00e4r 14-32 tum\" \/>\n<meta name=\"robots\" content=\"index, follow, max-snippet:-1, max-image-preview:large, max-video-preview:-1\" \/>\n<link rel=\"canonical\" href=\"https:\/\/shop.bjerring-sales.dk\/da\/vare\/monitorarm-2-skarmar-vit\/\" \/>\n<meta property=\"og:locale\" content=\"da_DK\" \/>\n<meta property=\"og:type\" content=\"article\" \/>\n<meta property=\"og:title\" content=\"Monitorarm 2 sk\u00e4rmar - vit - Bjerring-Sales\" \/>\n<meta property=\"og:description\" content=\"Vit monitorarm f\u00f6r att kunna b\u00e4ra 2 displaysk\u00e4rmar med en total max. belastning p\u00e5 8 kg. Monitorarmarna fungerar bra till sk\u00e4rmar som \u00e4r 14-32 tum\" \/>\n<meta property=\"og:url\" content=\"https:\/\/shop.bjerring-sales.dk\/da\/vare\/monitorarm-2-skarmar-vit\/\" \/>\n<meta property=\"og:site_name\" content=\"Bjerring-Sales\" \/>\n<meta property=\"article:modified_time\" content=\"2026-02-09T12:29:00+00:00\" \/>\n<meta property=\"og:image\" content=\"https:\/\/shop.bjerring-sales.dk\/wp-content\/uploads\/2024\/10\/vita-monitorarmar-dubbel.jpg\" \/>\n\t<meta property=\"og:image:width\" content=\"800\" \/>\n\t<meta property=\"og:image:height\" content=\"800\" \/>\n\t<meta property=\"og:image:type\" content=\"image\/jpeg\" \/>\n<meta name=\"twitter:card\" content=\"summary_large_image\" \/>\n<meta name=\"twitter:label1\" content=\"Estimeret l\u00e6setid\" \/>\n\t<meta name=\"twitter:data1\" content=\"2 minutter\" \/>\n<script type=\"application\/ld+json\" class=\"yoast-schema-graph\">{\"@context\":\"https:\/\/schema.org\",\"@graph\":[{\"@type\":\"WebPage\",\"@id\":\"https:\/\/shop.bjerring-sales.dk\/sv\/produkt\/monitorarm-2-skarmar-vit\/\",\"url\":\"https:\/\/shop.bjerring-sales.dk\/sv\/produkt\/monitorarm-2-skarmar-vit\/\",\"name\":\"Monitorarm 2 sk\u00e4rmar - vit - Bjerring-Sales\",\"isPartOf\":{\"@id\":\"https:\/\/shop.bjerring-sales.dk\/#website\"},\"primaryImageOfPage\":{\"@id\":\"https:\/\/shop.bjerring-sales.dk\/sv\/produkt\/monitorarm-2-skarmar-vit\/#primaryimage\"},\"image\":{\"@id\":\"https:\/\/shop.bjerring-sales.dk\/sv\/produkt\/monitorarm-2-skarmar-vit\/#primaryimage\"},\"thumbnailUrl\":\"https:\/\/shop.bjerring-sales.dk\/wp-content\/uploads\/2024\/10\/vita-monitorarmar-dubbel.jpg\",\"datePublished\":\"2020-10-28T08:26:14+00:00\",\"dateModified\":\"2026-02-09T12:29:00+00:00\",\"description\":\"Vit monitorarm f\u00f6r att kunna b\u00e4ra 2 displaysk\u00e4rmar med en total max. belastning p\u00e5 8 kg. Monitorarmarna fungerar bra till sk\u00e4rmar som \u00e4r 14-32 tum\",\"breadcrumb\":{\"@id\":\"https:\/\/shop.bjerring-sales.dk\/sv\/produkt\/monitorarm-2-skarmar-vit\/#breadcrumb\"},\"inLanguage\":\"da-DK\",\"potentialAction\":[{\"@type\":\"ReadAction\",\"target\":[\"https:\/\/shop.bjerring-sales.dk\/sv\/produkt\/monitorarm-2-skarmar-vit\/\"]}]},{\"@type\":\"ImageObject\",\"inLanguage\":\"da-DK\",\"@id\":\"https:\/\/shop.bjerring-sales.dk\/sv\/produkt\/monitorarm-2-skarmar-vit\/#primaryimage\",\"url\":\"https:\/\/shop.bjerring-sales.dk\/wp-content\/uploads\/2024\/10\/vita-monitorarmar-dubbel.jpg\",\"contentUrl\":\"https:\/\/shop.bjerring-sales.dk\/wp-content\/uploads\/2024\/10\/vita-monitorarmar-dubbel.jpg\",\"width\":800,\"height\":800},{\"@type\":\"BreadcrumbList\",\"@id\":\"https:\/\/shop.bjerring-sales.dk\/sv\/produkt\/monitorarm-2-skarmar-vit\/#breadcrumb\",\"itemListElement\":[{\"@type\":\"ListItem\",\"position\":1,\"name\":\"Hem\",\"item\":\"https:\/\/shop.bjerring-sales.dk\/\"},{\"@type\":\"ListItem\",\"position\":2,\"name\":\"Webbutik\",\"item\":\"https:\/\/shop.bjerring-sales.dk\/butik\/\"},{\"@type\":\"ListItem\",\"position\":3,\"name\":\"Monitorarm 2 sk\u00e4rmar &#8211; vit\"}]},{\"@type\":\"WebSite\",\"@id\":\"https:\/\/shop.bjerring-sales.dk\/#website\",\"url\":\"https:\/\/shop.bjerring-sales.dk\/\",\"name\":\"Bjerring-Sales\",\"description\":\"M\u00f6bler f\u00f6r teatrar, skolor, kontor och k\u00f6pcentrum\",\"publisher\":{\"@id\":\"https:\/\/shop.bjerring-sales.dk\/#organization\"},\"potentialAction\":[{\"@type\":\"SearchAction\",\"target\":{\"@type\":\"EntryPoint\",\"urlTemplate\":\"https:\/\/shop.bjerring-sales.dk\/?s={search_term_string}\"},\"query-input\":{\"@type\":\"PropertyValueSpecification\",\"valueRequired\":true,\"valueName\":\"search_term_string\"}}],\"inLanguage\":\"da-DK\"},{\"@type\":\"Organization\",\"@id\":\"https:\/\/shop.bjerring-sales.dk\/#organization\",\"name\":\"Bjerring-Sales\",\"url\":\"https:\/\/shop.bjerring-sales.dk\/\",\"logo\":{\"@type\":\"ImageObject\",\"inLanguage\":\"da-DK\",\"@id\":\"https:\/\/shop.bjerring-sales.dk\/#\/schema\/logo\/image\/\",\"url\":\"https:\/\/shop.bjerring-sales.dk\/wp-content\/uploads\/2023\/01\/logo_sv.png\",\"contentUrl\":\"https:\/\/shop.bjerring-sales.dk\/wp-content\/uploads\/2023\/01\/logo_sv.png\",\"width\":195,\"height\":68,\"caption\":\"Bjerring-Sales\"},\"image\":{\"@id\":\"https:\/\/shop.bjerring-sales.dk\/#\/schema\/logo\/image\/\"}}]}<\/script>\n<!-- \/ Yoast SEO plugin. -->","yoast_head_json":{"title":"Monitorarm 2 sk\u00e4rmar - vit - Bjerring-Sales","description":"Hvid monitor arm til at kunne b\u00e6re 2 sk\u00e6rme med i alt max. belastning p\u00e5 8 kg. Sk\u00e6rm armene fungerer godt til sk\u00e6rme, der er 14-32 tommer","robots":{"index":"index","follow":"follow","max-snippet":"max-snippet:-1","max-image-preview":"max-image-preview:large","max-video-preview":"max-video-preview:-1"},"canonical":"https:\/\/shop.bjerring-sales.dk\/da\/vare\/monitorarm-2-skarmar-vit\/","og_locale":"da_DK","og_type":"article","og_title":"Monitorarm 2 sk\u00e4rmar - vit - Bjerring-Sales","og_description":"Vit monitorarm f\u00f6r att kunna b\u00e4ra 2 displaysk\u00e4rmar med en total max. belastning p\u00e5 8 kg. Monitorarmarna fungerar bra till sk\u00e4rmar som \u00e4r 14-32 tum","og_url":"https:\/\/shop.bjerring-sales.dk\/da\/vare\/monitorarm-2-skarmar-vit\/","og_site_name":"Bjerring-Sales","article_modified_time":"2026-02-09T12:29:00+00:00","og_image":[{"width":800,"height":800,"url":"https:\/\/shop.bjerring-sales.dk\/wp-content\/uploads\/2024\/10\/vita-monitorarmar-dubbel.jpg","type":"image\/jpeg"}],"twitter_card":"summary_large_image","twitter_misc":{"Estimeret l\u00e6setid":"2 minutter"},"schema":{"@context":"https:\/\/schema.org","@graph":[{"@type":"WebPage","@id":"https:\/\/shop.bjerring-sales.dk\/sv\/produkt\/monitorarm-2-skarmar-vit\/","url":"https:\/\/shop.bjerring-sales.dk\/sv\/produkt\/monitorarm-2-skarmar-vit\/","name":"Monitorarm 2 sk\u00e4rmar - vit - Bjerring-Sales","isPartOf":{"@id":"https:\/\/shop.bjerring-sales.dk\/#website"},"primaryImageOfPage":{"@id":"https:\/\/shop.bjerring-sales.dk\/sv\/produkt\/monitorarm-2-skarmar-vit\/#primaryimage"},"image":{"@id":"https:\/\/shop.bjerring-sales.dk\/sv\/produkt\/monitorarm-2-skarmar-vit\/#primaryimage"},"thumbnailUrl":"https:\/\/shop.bjerring-sales.dk\/wp-content\/uploads\/2024\/10\/vita-monitorarmar-dubbel.jpg","datePublished":"2020-10-28T08:26:14+00:00","dateModified":"2026-02-09T12:29:00+00:00","description":"Hvid monitor arm til at kunne b\u00e6re 2 sk\u00e6rme med i alt max. belastning p\u00e5 8 kg. Sk\u00e6rm armene fungerer godt til sk\u00e6rme, der er 14-32 tommer","breadcrumb":{"@id":"https:\/\/shop.bjerring-sales.dk\/sv\/produkt\/monitorarm-2-skarmar-vit\/#breadcrumb"},"inLanguage":"da-DK","potentialAction":[{"@type":"ReadAction","target":["https:\/\/shop.bjerring-sales.dk\/sv\/produkt\/monitorarm-2-skarmar-vit\/"]}]},{"@type":"ImageObject","inLanguage":"da-DK","@id":"https:\/\/shop.bjerring-sales.dk\/sv\/produkt\/monitorarm-2-skarmar-vit\/#primaryimage","url":"https:\/\/shop.bjerring-sales.dk\/wp-content\/uploads\/2024\/10\/vita-monitorarmar-dubbel.jpg","contentUrl":"https:\/\/shop.bjerring-sales.dk\/wp-content\/uploads\/2024\/10\/vita-monitorarmar-dubbel.jpg","width":800,"height":800},{"@type":"BreadcrumbList","@id":"https:\/\/shop.bjerring-sales.dk\/sv\/produkt\/monitorarm-2-skarmar-vit\/#breadcrumb","itemListElement":[{"@type":"ListItem","position":1,"name":"Hem","item":"https:\/\/shop.bjerring-sales.dk\/"},{"@type":"ListItem","position":2,"name":"Webbutik","item":"https:\/\/shop.bjerring-sales.dk\/butik\/"},{"@type":"ListItem","position":3,"name":"Monitorarm 2 sk\u00e4rmar &#8211; vit"}]},{"@type":"WebSite","@id":"https:\/\/shop.bjerring-sales.dk\/#website","url":"https:\/\/shop.bjerring-sales.dk\/","name":"Bjerring-Salg","description":"M\u00f8bler til teatre, skoler, kontorer og indk\u00f8bscentre","publisher":{"@id":"https:\/\/shop.bjerring-sales.dk\/#organization"},"potentialAction":[{"@type":"SearchAction","target":{"@type":"EntryPoint","urlTemplate":"https:\/\/shop.bjerring-sales.dk\/?s={search_term_string}"},"query-input":{"@type":"PropertyValueSpecification","valueRequired":true,"valueName":"search_term_string"}}],"inLanguage":"da-DK"},{"@type":"Organization","@id":"https:\/\/shop.bjerring-sales.dk\/#organization","name":"Bjerring-Salg","url":"https:\/\/shop.bjerring-sales.dk\/","logo":{"@type":"ImageObject","inLanguage":"da-DK","@id":"https:\/\/shop.bjerring-sales.dk\/#\/schema\/logo\/image\/","url":"https:\/\/shop.bjerring-sales.dk\/wp-content\/uploads\/2023\/01\/logo_sv.png","contentUrl":"https:\/\/shop.bjerring-sales.dk\/wp-content\/uploads\/2023\/01\/logo_sv.png","width":195,"height":68,"caption":"Bjerring-Sales"},"image":{"@id":"https:\/\/shop.bjerring-sales.dk\/#\/schema\/logo\/image\/"}}]}},"_links":{"self":[{"href":"https:\/\/shop.bjerring-sales.dk\/da\/wp-json\/wp\/v2\/product\/60775","targetHints":{"allow":["GET"]}}],"collection":[{"href":"https:\/\/shop.bjerring-sales.dk\/da\/wp-json\/wp\/v2\/product"}],"about":[{"href":"https:\/\/shop.bjerring-sales.dk\/da\/wp-json\/wp\/v2\/types\/product"}],"wp:featuredmedia":[{"embeddable":true,"href":"https:\/\/shop.bjerring-sales.dk\/da\/wp-json\/wp\/v2\/media\/100189"}],"wp:attachment":[{"href":"https:\/\/shop.bjerring-sales.dk\/da\/wp-json\/wp\/v2\/media?parent=60775"}],"wp:term":[{"taxonomy":"product_brand","embeddable":true,"href":"https:\/\/shop.bjerring-sales.dk\/da\/wp-json\/wp\/v2\/product_brand?post=60775"},{"taxonomy":"product_cat","embeddable":true,"href":"https:\/\/shop.bjerring-sales.dk\/da\/wp-json\/wp\/v2\/product_cat?post=60775"},{"taxonomy":"product_tag","embeddable":true,"href":"https:\/\/shop.bjerring-sales.dk\/da\/wp-json\/wp\/v2\/product_tag?post=60775"}],"curies":[{"name":"wp","href":"https:\/\/api.w.org\/{rel}","templated":true}]}}