{"id":60766,"date":"2020-09-22T16:38:52","date_gmt":"2020-09-22T14:38:52","guid":{"rendered":"https:\/\/pule.se\/produkt\/bordsskarm-gra-silencio-premium\/"},"modified":"2024-04-24T12:09:57","modified_gmt":"2024-04-24T10:09:57","slug":"bordsskarm-gra-silencio-premium","status":"publish","type":"product","link":"https:\/\/shop.bjerring-sales.dk\/da\/vare\/bordsskarm-gra-silencio-premium\/","title":{"rendered":"Bordsk\u00e6rm gr\u00e5 \u2013 Silencio Premium"},"content":{"rendered":"<div class=\"wpb-content-wrapper\"><div class=\"vc_row wpb_row vc_row-fluid\"><div class=\"wpb_column vc_column_container vc_col-sm-12\"><div class=\"vc_column-inner\"><div class=\"wpb_wrapper\">\n\t<div class=\"wpb_text_column wpb_content_element\" >\n\t\t<div class=\"wpb_wrapper\">\n\t\t\t<p><span style=\"font-size: 24pt\">Silencio Premium \u2013 Bordsk\u00e6rme<br \/>\n<\/span>Bordsk\u00e6rmene i Silencio-serien er designet med pris, kvalitet og design for \u00f8je. Vi har valgt at producere bordsk\u00e6rmene i b\u00e5de Basic og Premium versioner alt efter kundens \u00f8nsker. Bordsk\u00e6rmene er nemme at samle med gode bef\u00e6stigelser, der medf\u00f8lger. Bordsk\u00e6rmene er certificeret og fremstillet til at passe til alle typer skriveborde. Silencio bordsk\u00e6rme er lagervarer til r\u00e5dighed til omg\u00e5ende levering.<\/p>\n\n\t\t<\/div>\n\t<\/div>\n<\/div><\/div><\/div><\/div><div class=\"vc_row wpb_row vc_row-fluid\"><div class=\"wpb_column vc_column_container vc_col-sm-4\"><div class=\"vc_column-inner\"><div class=\"wpb_wrapper\">\n\t<div  class=\"wpb_single_image wpb_content_element vc_align_center\">\n\t\t\n\t\t<figure class=\"wpb_wrapper vc_figure\">\n\t\t\t<div class=\"vc_single_image-wrapper vc_box_shadow_border  vc_box_border_grey\"><img loading=\"lazy\" decoding=\"async\" width=\"800\" height=\"550\" src=\"https:\/\/shop.bjerring-sales.dk\/wp-content\/uploads\/2020\/10\/Bordsskarm_800x550.jpg\" class=\"vc_single_image-img attachment-full\" alt=\"\" title=\"Bordramme_800x550\" srcset=\"https:\/\/shop.bjerring-sales.dk\/wp-content\/uploads\/2020\/10\/Bordsskarm_800x550.jpg 800w, https:\/\/shop.bjerring-sales.dk\/wp-content\/uploads\/2020\/10\/Bordsskarm_800x550-150x103.jpg 150w, https:\/\/shop.bjerring-sales.dk\/wp-content\/uploads\/2020\/10\/Bordsskarm_800x550-600x413.jpg 600w, https:\/\/shop.bjerring-sales.dk\/wp-content\/uploads\/2020\/10\/Bordsskarm_800x550-300x206.jpg 300w, https:\/\/shop.bjerring-sales.dk\/wp-content\/uploads\/2020\/10\/Bordsskarm_800x550-768x528.jpg 768w\" sizes=\"auto, (max-width: 800px) 100vw, 800px\" \/><\/div>\n\t\t<\/figure>\n\t<\/div>\n<\/div><\/div><\/div><div class=\"wpb_column vc_column_container vc_col-sm-4\"><div class=\"vc_column-inner\"><div class=\"wpb_wrapper\">\n\t<div  class=\"wpb_single_image wpb_content_element vc_align_center\">\n\t\t\n\t\t<figure class=\"wpb_wrapper vc_figure\">\n\t\t\t<div class=\"vc_single_image-wrapper vc_box_shadow_border  vc_box_border_grey\"><img loading=\"lazy\" decoding=\"async\" width=\"800\" height=\"550\" src=\"https:\/\/shop.bjerring-sales.dk\/wp-content\/uploads\/2020\/10\/miljo-bordsskarm-forvaring_800x550.jpg\" class=\"vc_single_image-img attachment-full\" alt=\"\" title=\"milijo-table-screen-storage_800x550\" srcset=\"https:\/\/shop.bjerring-sales.dk\/wp-content\/uploads\/2020\/10\/miljo-bordsskarm-forvaring_800x550.jpg 800w, https:\/\/shop.bjerring-sales.dk\/wp-content\/uploads\/2020\/10\/miljo-bordsskarm-forvaring_800x550-150x103.jpg 150w, https:\/\/shop.bjerring-sales.dk\/wp-content\/uploads\/2020\/10\/miljo-bordsskarm-forvaring_800x550-600x413.jpg 600w, https:\/\/shop.bjerring-sales.dk\/wp-content\/uploads\/2020\/10\/miljo-bordsskarm-forvaring_800x550-300x206.jpg 300w, https:\/\/shop.bjerring-sales.dk\/wp-content\/uploads\/2020\/10\/miljo-bordsskarm-forvaring_800x550-768x528.jpg 768w\" sizes=\"auto, (max-width: 800px) 100vw, 800px\" \/><\/div>\n\t\t<\/figure>\n\t<\/div>\n<\/div><\/div><\/div><div class=\"wpb_column vc_column_container vc_col-sm-4\"><div class=\"vc_column-inner\"><div class=\"wpb_wrapper\">\n\t<div  class=\"wpb_single_image wpb_content_element vc_align_center\">\n\t\t\n\t\t<figure class=\"wpb_wrapper vc_figure\">\n\t\t\t<div class=\"vc_single_image-wrapper vc_box_shadow_border  vc_box_border_grey\"><img loading=\"lazy\" decoding=\"async\" width=\"800\" height=\"550\" src=\"https:\/\/shop.bjerring-sales.dk\/wp-content\/uploads\/2020\/10\/ELJ_Screens-180x51_03_800x550.jpg\" class=\"vc_single_image-img attachment-full\" alt=\"\" title=\"ELJ_Sk\u00e6rm-180x51_03_800x550\" srcset=\"https:\/\/shop.bjerring-sales.dk\/wp-content\/uploads\/2020\/10\/ELJ_Screens-180x51_03_800x550.jpg 800w, https:\/\/shop.bjerring-sales.dk\/wp-content\/uploads\/2020\/10\/ELJ_Screens-180x51_03_800x550-150x103.jpg 150w, https:\/\/shop.bjerring-sales.dk\/wp-content\/uploads\/2020\/10\/ELJ_Screens-180x51_03_800x550-600x413.jpg 600w, https:\/\/shop.bjerring-sales.dk\/wp-content\/uploads\/2020\/10\/ELJ_Screens-180x51_03_800x550-300x206.jpg 300w, https:\/\/shop.bjerring-sales.dk\/wp-content\/uploads\/2020\/10\/ELJ_Screens-180x51_03_800x550-768x528.jpg 768w\" sizes=\"auto, (max-width: 800px) 100vw, 800px\" \/><\/div>\n\t\t<\/figure>\n\t<\/div>\n<\/div><\/div><\/div><\/div><div class=\"vc_row wpb_row vc_row-fluid\"><div class=\"wpb_column vc_column_container vc_col-sm-6\"><div class=\"vc_column-inner\"><div class=\"wpb_wrapper\">\n\t<div class=\"wpb_text_column wpb_content_element\" >\n\t\t<div class=\"wpb_wrapper\">\n\t\t\t<p><span style=\"font-size: 18pt\">Materiale<br \/>\n<\/span>Bordsk\u00e6rme i Premium design har en sp\u00e5nplade p\u00e5 16 mm som er bekl\u00e6dt med 10 mm akustisk skum som derefter bekl\u00e6des med et kvalitetsstof.<\/p>\n<p style=\"text-align: left\"><span style=\"font-size: 18pt\">Farver<\/span><br \/>\nSilencio boresk\u00e6rme i Basic og Premium versioner er i \u00f8jeblikket lagerf\u00f8rt i &quot;Gr\u00e5&quot; som vist p\u00e5 billedet nedenfor. Vi kan specialfremstille bordsk\u00e6rmene i alle farver som vist p\u00e5 billedet nedenfor med 2-3 ugers leveringstid.<\/p>\n<h3><a href=\"https:\/\/elj.se\/wp-content\/uploads\/2020\/09\/farger.jpg\"><img loading=\"lazy\" decoding=\"async\" class=\"alignnone wp-image-23763 size-full\" src=\"https:\/\/elj.se\/wp-content\/uploads\/2020\/09\/farger.jpg\" alt=\"\" width=\"480\" height=\"451\" \/><\/a><\/h3>\n\n\t\t<\/div>\n\t<\/div>\n<\/div><\/div><\/div><div class=\"wpb_column vc_column_container vc_col-sm-6\"><div class=\"vc_column-inner\"><div class=\"wpb_wrapper\">\n\t<div class=\"wpb_text_column wpb_content_element\" >\n\t\t<div class=\"wpb_wrapper\">\n\t\t\t<p><span style=\"font-size: 18pt\">Anvendelsesomr\u00e5der<br \/>\n<\/span>Bordsk\u00e6rme bruges til at d\u00e6mpe og absorbere lyd fra skrivebordet og i kontorlandskabet, samtidig med at de fungerer som afsk\u00e6rmning. Bordsk\u00e6rme er et perfekt supplement til kontorlandskabet for at skabe et p\u00e6nere og mere behageligt arbejdsmilj\u00f8.<\/p>\n<p><span style=\"font-size: 18pt\">M\u00e5l<\/span><\/p>\n<ul>\n<li>Premium 120\u00d759,5\u00d73,6 cm<\/li>\n<li>Premium 140\u00d759,5\u00d73,6 cm<\/li>\n<li>Premium 160\u00d759,5\u00d73,6 cm<\/li>\n<li>Premium 180\u00d759,5\u00d73,6 cm<\/li>\n<\/ul>\n<p><span style=\"font-size: 18pt\">Garanti<br \/>\n<\/span>2 \u00e5rs garanti<\/p>\n<p><span style=\"font-size: 18pt\">Certificeringer<br \/>\n<\/span>EN ISO 354:2004, EN ISO 11654:1998<\/p>\n\n\t\t<\/div>\n\t<\/div>\n<\/div><\/div><\/div><\/div><div class=\"vc_row wpb_row vc_row-fluid\"><div class=\"wpb_column vc_column_container vc_col-sm-12\"><div class=\"vc_column-inner\"><div class=\"wpb_wrapper\"><\/div><\/div><\/div><\/div>\n<\/div>","protected":false},"excerpt":{"rendered":"<p>Bordsk\u00e6rme i Premium design har en sp\u00e5nplade p\u00e5 16 mm, der er bekl\u00e6dt med 10 mm akustisk skum, som derefter bekl\u00e6des med et kvalitetsstof.<\/p>","protected":false},"featured_media":95843,"template":"","meta":{"iawp_total_views":4},"product_brand":[],"product_cat":[5834,5629,5833,6362],"product_tag":[5780,5828,5829,5830],"class_list":{"0":"post-60766","1":"product","2":"type-product","3":"status-publish","4":"has-post-thumbnail","6":"product_cat-bordsskarmar","7":"product_cat-kontorsmobler","8":"product_cat-ljudabsorbenter-avskarmning","9":"product_cat-silencio","10":"product_tag-up-down","11":"product_tag-bordsskarm","12":"product_tag-silencio","13":"product_tag-ljudabsorbent","15":"first","16":"instock","17":"taxable","18":"shipping-taxable","19":"purchasable","20":"product-type-variable"},"yoast_head":"<!-- This site is optimized with the Yoast SEO plugin v27.0 - https:\/\/yoast.com\/product\/yoast-seo-wordpress\/ -->\n<title>Bordssk\u00e4rm gr\u00e5 - Silencio Premium - Bjerring-Sales<\/title>\n<meta name=\"description\" content=\"Bordssk\u00e4rmar i Premium utf\u00f6rande har en sp\u00e5nskiva p\u00e5 16 mm som \u00e4r t\u00e4ckt med 10 mm akustiskt skum, som sedan kl\u00e4tts med ett kvalitativt tyg.\" \/>\n<meta name=\"robots\" content=\"index, follow, max-snippet:-1, max-image-preview:large, max-video-preview:-1\" \/>\n<link rel=\"canonical\" href=\"https:\/\/shop.bjerring-sales.dk\/da\/vare\/bordsskarm-gra-silencio-premium\/\" \/>\n<meta property=\"og:locale\" content=\"da_DK\" \/>\n<meta property=\"og:type\" content=\"article\" \/>\n<meta property=\"og:title\" content=\"Bordssk\u00e4rm gr\u00e5 - Silencio Premium - Bjerring-Sales\" \/>\n<meta property=\"og:description\" content=\"Bordssk\u00e4rmar i Premium utf\u00f6rande har en sp\u00e5nskiva p\u00e5 16 mm som \u00e4r t\u00e4ckt med 10 mm akustiskt skum, som sedan kl\u00e4tts med ett kvalitativt tyg.\" \/>\n<meta property=\"og:url\" content=\"https:\/\/shop.bjerring-sales.dk\/da\/vare\/bordsskarm-gra-silencio-premium\/\" \/>\n<meta property=\"og:site_name\" content=\"Bjerring-Sales\" \/>\n<meta property=\"article:modified_time\" content=\"2024-04-24T10:09:57+00:00\" \/>\n<meta property=\"og:image\" content=\"https:\/\/shop.bjerring-sales.dk\/wp-content\/uploads\/2024\/03\/ELJ-Screens_140.jpg\" \/>\n\t<meta property=\"og:image:width\" content=\"800\" \/>\n\t<meta property=\"og:image:height\" content=\"800\" \/>\n\t<meta property=\"og:image:type\" content=\"image\/jpeg\" \/>\n<meta name=\"twitter:card\" content=\"summary_large_image\" \/>\n<meta name=\"twitter:label1\" content=\"Estimeret l\u00e6setid\" \/>\n\t<meta name=\"twitter:data1\" content=\"2 minutter\" \/>\n<script type=\"application\/ld+json\" class=\"yoast-schema-graph\">{\"@context\":\"https:\/\/schema.org\",\"@graph\":[{\"@type\":\"WebPage\",\"@id\":\"https:\/\/shop.bjerring-sales.dk\/sv\/produkt\/bordsskarm-gra-silencio-premium\/\",\"url\":\"https:\/\/shop.bjerring-sales.dk\/sv\/produkt\/bordsskarm-gra-silencio-premium\/\",\"name\":\"Bordssk\u00e4rm gr\u00e5 - Silencio Premium - Bjerring-Sales\",\"isPartOf\":{\"@id\":\"https:\/\/shop.bjerring-sales.dk\/#website\"},\"primaryImageOfPage\":{\"@id\":\"https:\/\/shop.bjerring-sales.dk\/sv\/produkt\/bordsskarm-gra-silencio-premium\/#primaryimage\"},\"image\":{\"@id\":\"https:\/\/shop.bjerring-sales.dk\/sv\/produkt\/bordsskarm-gra-silencio-premium\/#primaryimage\"},\"thumbnailUrl\":\"https:\/\/shop.bjerring-sales.dk\/wp-content\/uploads\/2024\/03\/ELJ-Screens_140.jpg\",\"datePublished\":\"2020-09-22T14:38:52+00:00\",\"dateModified\":\"2024-04-24T10:09:57+00:00\",\"description\":\"Bordssk\u00e4rmar i Premium utf\u00f6rande har en sp\u00e5nskiva p\u00e5 16 mm som \u00e4r t\u00e4ckt med 10 mm akustiskt skum, som sedan kl\u00e4tts med ett kvalitativt tyg.\",\"breadcrumb\":{\"@id\":\"https:\/\/shop.bjerring-sales.dk\/sv\/produkt\/bordsskarm-gra-silencio-premium\/#breadcrumb\"},\"inLanguage\":\"da-DK\",\"potentialAction\":[{\"@type\":\"ReadAction\",\"target\":[\"https:\/\/shop.bjerring-sales.dk\/sv\/produkt\/bordsskarm-gra-silencio-premium\/\"]}]},{\"@type\":\"ImageObject\",\"inLanguage\":\"da-DK\",\"@id\":\"https:\/\/shop.bjerring-sales.dk\/sv\/produkt\/bordsskarm-gra-silencio-premium\/#primaryimage\",\"url\":\"https:\/\/shop.bjerring-sales.dk\/wp-content\/uploads\/2024\/03\/ELJ-Screens_140.jpg\",\"contentUrl\":\"https:\/\/shop.bjerring-sales.dk\/wp-content\/uploads\/2024\/03\/ELJ-Screens_140.jpg\",\"width\":800,\"height\":800},{\"@type\":\"BreadcrumbList\",\"@id\":\"https:\/\/shop.bjerring-sales.dk\/sv\/produkt\/bordsskarm-gra-silencio-premium\/#breadcrumb\",\"itemListElement\":[{\"@type\":\"ListItem\",\"position\":1,\"name\":\"Hem\",\"item\":\"https:\/\/shop.bjerring-sales.dk\/\"},{\"@type\":\"ListItem\",\"position\":2,\"name\":\"Webbutik\",\"item\":\"https:\/\/shop.bjerring-sales.dk\/butik\/\"},{\"@type\":\"ListItem\",\"position\":3,\"name\":\"Bordssk\u00e4rm gr\u00e5 &#8211; Silencio Premium\"}]},{\"@type\":\"WebSite\",\"@id\":\"https:\/\/shop.bjerring-sales.dk\/#website\",\"url\":\"https:\/\/shop.bjerring-sales.dk\/\",\"name\":\"Bjerring-Sales\",\"description\":\"M\u00f6bler f\u00f6r teatrar, skolor, kontor och k\u00f6pcentrum\",\"publisher\":{\"@id\":\"https:\/\/shop.bjerring-sales.dk\/#organization\"},\"potentialAction\":[{\"@type\":\"SearchAction\",\"target\":{\"@type\":\"EntryPoint\",\"urlTemplate\":\"https:\/\/shop.bjerring-sales.dk\/?s={search_term_string}\"},\"query-input\":{\"@type\":\"PropertyValueSpecification\",\"valueRequired\":true,\"valueName\":\"search_term_string\"}}],\"inLanguage\":\"da-DK\"},{\"@type\":\"Organization\",\"@id\":\"https:\/\/shop.bjerring-sales.dk\/#organization\",\"name\":\"Bjerring-Sales\",\"url\":\"https:\/\/shop.bjerring-sales.dk\/\",\"logo\":{\"@type\":\"ImageObject\",\"inLanguage\":\"da-DK\",\"@id\":\"https:\/\/shop.bjerring-sales.dk\/#\/schema\/logo\/image\/\",\"url\":\"https:\/\/shop.bjerring-sales.dk\/wp-content\/uploads\/2023\/01\/logo_sv.png\",\"contentUrl\":\"https:\/\/shop.bjerring-sales.dk\/wp-content\/uploads\/2023\/01\/logo_sv.png\",\"width\":195,\"height\":68,\"caption\":\"Bjerring-Sales\"},\"image\":{\"@id\":\"https:\/\/shop.bjerring-sales.dk\/#\/schema\/logo\/image\/\"}}]}<\/script>\n<!-- \/ Yoast SEO plugin. -->","yoast_head_json":{"title":"Bordssk\u00e4rm gr\u00e5 - Silencio Premium - Bjerring-Sales","description":"Bordsk\u00e6rme i Premium design har en sp\u00e5nplade p\u00e5 16 mm, der er bekl\u00e6dt med 10 mm akustisk skum, som derefter bekl\u00e6des med et kvalitetsstof.","robots":{"index":"index","follow":"follow","max-snippet":"max-snippet:-1","max-image-preview":"max-image-preview:large","max-video-preview":"max-video-preview:-1"},"canonical":"https:\/\/shop.bjerring-sales.dk\/da\/vare\/bordsskarm-gra-silencio-premium\/","og_locale":"da_DK","og_type":"article","og_title":"Bordssk\u00e4rm gr\u00e5 - Silencio Premium - Bjerring-Sales","og_description":"Bordssk\u00e4rmar i Premium utf\u00f6rande har en sp\u00e5nskiva p\u00e5 16 mm som \u00e4r t\u00e4ckt med 10 mm akustiskt skum, som sedan kl\u00e4tts med ett kvalitativt tyg.","og_url":"https:\/\/shop.bjerring-sales.dk\/da\/vare\/bordsskarm-gra-silencio-premium\/","og_site_name":"Bjerring-Sales","article_modified_time":"2024-04-24T10:09:57+00:00","og_image":[{"width":800,"height":800,"url":"https:\/\/shop.bjerring-sales.dk\/wp-content\/uploads\/2024\/03\/ELJ-Screens_140.jpg","type":"image\/jpeg"}],"twitter_card":"summary_large_image","twitter_misc":{"Estimeret l\u00e6setid":"2 minutter"},"schema":{"@context":"https:\/\/schema.org","@graph":[{"@type":"WebPage","@id":"https:\/\/shop.bjerring-sales.dk\/sv\/produkt\/bordsskarm-gra-silencio-premium\/","url":"https:\/\/shop.bjerring-sales.dk\/sv\/produkt\/bordsskarm-gra-silencio-premium\/","name":"Bordssk\u00e4rm gr\u00e5 - Silencio Premium - Bjerring-Sales","isPartOf":{"@id":"https:\/\/shop.bjerring-sales.dk\/#website"},"primaryImageOfPage":{"@id":"https:\/\/shop.bjerring-sales.dk\/sv\/produkt\/bordsskarm-gra-silencio-premium\/#primaryimage"},"image":{"@id":"https:\/\/shop.bjerring-sales.dk\/sv\/produkt\/bordsskarm-gra-silencio-premium\/#primaryimage"},"thumbnailUrl":"https:\/\/shop.bjerring-sales.dk\/wp-content\/uploads\/2024\/03\/ELJ-Screens_140.jpg","datePublished":"2020-09-22T14:38:52+00:00","dateModified":"2024-04-24T10:09:57+00:00","description":"Bordsk\u00e6rme i Premium design har en sp\u00e5nplade p\u00e5 16 mm, der er bekl\u00e6dt med 10 mm akustisk skum, som derefter bekl\u00e6des med et kvalitetsstof.","breadcrumb":{"@id":"https:\/\/shop.bjerring-sales.dk\/sv\/produkt\/bordsskarm-gra-silencio-premium\/#breadcrumb"},"inLanguage":"da-DK","potentialAction":[{"@type":"ReadAction","target":["https:\/\/shop.bjerring-sales.dk\/sv\/produkt\/bordsskarm-gra-silencio-premium\/"]}]},{"@type":"ImageObject","inLanguage":"da-DK","@id":"https:\/\/shop.bjerring-sales.dk\/sv\/produkt\/bordsskarm-gra-silencio-premium\/#primaryimage","url":"https:\/\/shop.bjerring-sales.dk\/wp-content\/uploads\/2024\/03\/ELJ-Screens_140.jpg","contentUrl":"https:\/\/shop.bjerring-sales.dk\/wp-content\/uploads\/2024\/03\/ELJ-Screens_140.jpg","width":800,"height":800},{"@type":"BreadcrumbList","@id":"https:\/\/shop.bjerring-sales.dk\/sv\/produkt\/bordsskarm-gra-silencio-premium\/#breadcrumb","itemListElement":[{"@type":"ListItem","position":1,"name":"Hem","item":"https:\/\/shop.bjerring-sales.dk\/"},{"@type":"ListItem","position":2,"name":"Webbutik","item":"https:\/\/shop.bjerring-sales.dk\/butik\/"},{"@type":"ListItem","position":3,"name":"Bordssk\u00e4rm gr\u00e5 &#8211; Silencio Premium"}]},{"@type":"WebSite","@id":"https:\/\/shop.bjerring-sales.dk\/#website","url":"https:\/\/shop.bjerring-sales.dk\/","name":"Bjerring-Salg","description":"M\u00f8bler til teatre, skoler, kontorer og indk\u00f8bscentre","publisher":{"@id":"https:\/\/shop.bjerring-sales.dk\/#organization"},"potentialAction":[{"@type":"SearchAction","target":{"@type":"EntryPoint","urlTemplate":"https:\/\/shop.bjerring-sales.dk\/?s={search_term_string}"},"query-input":{"@type":"PropertyValueSpecification","valueRequired":true,"valueName":"search_term_string"}}],"inLanguage":"da-DK"},{"@type":"Organization","@id":"https:\/\/shop.bjerring-sales.dk\/#organization","name":"Bjerring-Salg","url":"https:\/\/shop.bjerring-sales.dk\/","logo":{"@type":"ImageObject","inLanguage":"da-DK","@id":"https:\/\/shop.bjerring-sales.dk\/#\/schema\/logo\/image\/","url":"https:\/\/shop.bjerring-sales.dk\/wp-content\/uploads\/2023\/01\/logo_sv.png","contentUrl":"https:\/\/shop.bjerring-sales.dk\/wp-content\/uploads\/2023\/01\/logo_sv.png","width":195,"height":68,"caption":"Bjerring-Sales"},"image":{"@id":"https:\/\/shop.bjerring-sales.dk\/#\/schema\/logo\/image\/"}}]}},"_links":{"self":[{"href":"https:\/\/shop.bjerring-sales.dk\/da\/wp-json\/wp\/v2\/product\/60766","targetHints":{"allow":["GET"]}}],"collection":[{"href":"https:\/\/shop.bjerring-sales.dk\/da\/wp-json\/wp\/v2\/product"}],"about":[{"href":"https:\/\/shop.bjerring-sales.dk\/da\/wp-json\/wp\/v2\/types\/product"}],"wp:featuredmedia":[{"embeddable":true,"href":"https:\/\/shop.bjerring-sales.dk\/da\/wp-json\/wp\/v2\/media\/95843"}],"wp:attachment":[{"href":"https:\/\/shop.bjerring-sales.dk\/da\/wp-json\/wp\/v2\/media?parent=60766"}],"wp:term":[{"taxonomy":"product_brand","embeddable":true,"href":"https:\/\/shop.bjerring-sales.dk\/da\/wp-json\/wp\/v2\/product_brand?post=60766"},{"taxonomy":"product_cat","embeddable":true,"href":"https:\/\/shop.bjerring-sales.dk\/da\/wp-json\/wp\/v2\/product_cat?post=60766"},{"taxonomy":"product_tag","embeddable":true,"href":"https:\/\/shop.bjerring-sales.dk\/da\/wp-json\/wp\/v2\/product_tag?post=60766"}],"curies":[{"name":"wp","href":"https:\/\/api.w.org\/{rel}","templated":true}]}}