{"id":60731,"date":"2021-09-08T14:44:38","date_gmt":"2021-09-08T12:44:38","guid":{"rendered":"https:\/\/pule.se\/produkt\/royal-basic-svart-stolpe-med-gul-svart-band\/"},"modified":"2023-01-18T14:39:05","modified_gmt":"2023-01-18T13:39:05","slug":"royal-basic-svart-stolpe-med-gul-svart-band","status":"publish","type":"product","link":"https:\/\/shop.bjerring-sales.dk\/da\/vare\/royal-basic-svart-stolpe-med-gul-svart-band\/","title":{"rendered":"Royal Basic \u2013 Sort s\u00f8jler med gul\/sort b\u00e5nd 3m"},"content":{"rendered":"<p><span style=\"font-size: 24pt\">Royal Basic er vores mest prisbeviste afsp\u00e6rringss\u00f8jle<br \/>\n<\/span>Afsp\u00e6rringss\u00f8jlen Royal Basic er en sort s\u00f8jle med gul\/sort b\u00e5nd. Basic s\u00f8jlen er en af vores mest prisvenlige muligheder, n\u00e5r det kommer til afsp\u00e6rringss\u00f8jlen med b\u00e5nd. S\u00f8jlen er udstyret med en integreret b\u00e5ndkassette, der indeholder en 3 meter gul\/sort polyesterb\u00e5nd. Afsp\u00e6rringss\u00f8jlen kan ogs\u00e5 fastg\u00f8res til v\u00e6ggen, men ved hj\u00e6lp af et v\u00e6gbeslag.<\/p>\n<p>Royal er en produktserie med prisvenlige afsp\u00e6rringss\u00f8jler af h\u00f8j kvalitet indenfor afsp\u00e6rring med b\u00e5nd. Vi lagerf\u00f8rer alle afsp\u00e6rringss\u00f8jler og tilbyder ogs\u00e5 et stort udvalg af s\u00f8jler med reb indenfor Casinos produktsortiment.<\/p>\n<ul>\n<li>Afsp\u00e6rringss\u00f8jlen leveres komplet med b\u00e5nd<\/li>\n<li>3 meter gul\/sort b\u00e5nd der kan tr\u00e6kkes ud<\/li>\n<\/ul>","protected":false},"excerpt":{"rendered":"<p>Afsp\u00e6rringss\u00f8jlen Royal Basic er en sort s\u00f8jle med gul\/sort b\u00e5nd. Afsp\u00e6rringss\u00f8jlen en af vores mest prisvenlige muligheder, n\u00e5r det kommer til afsp\u00e6rring.<\/p>","protected":false},"featured_media":73895,"template":"","meta":{"iawp_total_views":13},"product_brand":[],"product_cat":[6354,6355,5818,5817],"product_tag":[5865,5867,5813,5814,5864],"class_list":{"0":"post-60731","1":"product","2":"type-product","3":"status-publish","4":"has-post-thumbnail","6":"product_cat-avsparrning-royal","7":"product_cat-avsparrning-basic","8":"product_cat-kostolpar-band","9":"product_cat-avsparrning","10":"product_tag-avsparrning-med-band","11":"product_tag-svart-stolpe-med-gul-svart-band","12":"product_tag-avsparrningsstolpe","13":"product_tag-kostolpe","14":"product_tag-royal-basic","16":"first","17":"instock","18":"taxable","19":"shipping-taxable","20":"purchasable","21":"product-type-simple"},"yoast_head":"<!-- This site is optimized with the Yoast SEO plugin v27.0 - https:\/\/yoast.com\/product\/yoast-seo-wordpress\/ -->\n<title>Royal Basic \u2013 Svart stolpe med gul\/svart band 3m - Bjerring-Sales<\/title>\n<meta name=\"description\" content=\"Avsp\u00e4rrningsstolpen Royal Basic \u00e4r en svart stolpe med gul\/svart band. Basic stolpen \u00e4r ett v\u00e5rt mest prisv\u00e4rda alternativ n\u00e4r det g\u00e4ller avsp\u00e4rrning med stolpe och band.\" \/>\n<meta name=\"robots\" content=\"index, follow, max-snippet:-1, max-image-preview:large, max-video-preview:-1\" \/>\n<link rel=\"canonical\" href=\"https:\/\/shop.bjerring-sales.dk\/da\/vare\/royal-basic-svart-stolpe-med-gul-svart-band\/\" \/>\n<meta property=\"og:locale\" content=\"da_DK\" \/>\n<meta property=\"og:type\" content=\"article\" \/>\n<meta property=\"og:title\" content=\"Royal Basic \u2013 Svart stolpe med gul\/svart band 3m - Bjerring-Sales\" \/>\n<meta property=\"og:description\" content=\"Avsp\u00e4rrningsstolpen Royal Basic \u00e4r en svart stolpe med gul\/svart band. Basic stolpen \u00e4r ett v\u00e5rt mest prisv\u00e4rda alternativ n\u00e4r det g\u00e4ller avsp\u00e4rrning med stolpe och band.\" \/>\n<meta property=\"og:url\" content=\"https:\/\/shop.bjerring-sales.dk\/da\/vare\/royal-basic-svart-stolpe-med-gul-svart-band\/\" \/>\n<meta property=\"og:site_name\" content=\"Bjerring-Sales\" \/>\n<meta property=\"article:modified_time\" content=\"2023-01-18T13:39:05+00:00\" \/>\n<meta property=\"og:image\" content=\"https:\/\/pule.se\/wp-content\/uploads\/2021\/09\/Basic-svart-stolpe-svart-gul-band-1.jpg\" \/>\n\t<meta property=\"og:image:width\" content=\"800\" \/>\n\t<meta property=\"og:image:height\" content=\"800\" \/>\n\t<meta property=\"og:image:type\" content=\"image\/jpeg\" \/>\n<meta name=\"twitter:card\" content=\"summary_large_image\" \/>\n<meta name=\"twitter:label1\" content=\"Estimeret l\u00e6setid\" \/>\n\t<meta name=\"twitter:data1\" content=\"1 minut\" \/>\n<script type=\"application\/ld+json\" class=\"yoast-schema-graph\">{\"@context\":\"https:\/\/schema.org\",\"@graph\":[{\"@type\":\"WebPage\",\"@id\":\"https:\/\/shop.bjerring-sales.dk\/sv\/produkt\/royal-basic-svart-stolpe-med-gul-svart-band\/\",\"url\":\"https:\/\/shop.bjerring-sales.dk\/sv\/produkt\/royal-basic-svart-stolpe-med-gul-svart-band\/\",\"name\":\"Royal Basic \u2013 Svart stolpe med gul\/svart band 3m - Bjerring-Sales\",\"isPartOf\":{\"@id\":\"https:\/\/shop.bjerring-sales.dk\/#website\"},\"primaryImageOfPage\":{\"@id\":\"https:\/\/shop.bjerring-sales.dk\/sv\/produkt\/royal-basic-svart-stolpe-med-gul-svart-band\/#primaryimage\"},\"image\":{\"@id\":\"https:\/\/shop.bjerring-sales.dk\/sv\/produkt\/royal-basic-svart-stolpe-med-gul-svart-band\/#primaryimage\"},\"thumbnailUrl\":\"https:\/\/shop.bjerring-sales.dk\/wp-content\/uploads\/2021\/09\/Basic-svart-stolpe-svart-gul-band-1.jpg\",\"datePublished\":\"2021-09-08T12:44:38+00:00\",\"dateModified\":\"2023-01-18T13:39:05+00:00\",\"description\":\"Avsp\u00e4rrningsstolpen Royal Basic \u00e4r en svart stolpe med gul\/svart band. Basic stolpen \u00e4r ett v\u00e5rt mest prisv\u00e4rda alternativ n\u00e4r det g\u00e4ller avsp\u00e4rrning med stolpe och band.\",\"breadcrumb\":{\"@id\":\"https:\/\/shop.bjerring-sales.dk\/sv\/produkt\/royal-basic-svart-stolpe-med-gul-svart-band\/#breadcrumb\"},\"inLanguage\":\"da-DK\",\"potentialAction\":[{\"@type\":\"ReadAction\",\"target\":[\"https:\/\/shop.bjerring-sales.dk\/sv\/produkt\/royal-basic-svart-stolpe-med-gul-svart-band\/\"]}]},{\"@type\":\"ImageObject\",\"inLanguage\":\"da-DK\",\"@id\":\"https:\/\/shop.bjerring-sales.dk\/sv\/produkt\/royal-basic-svart-stolpe-med-gul-svart-band\/#primaryimage\",\"url\":\"https:\/\/shop.bjerring-sales.dk\/wp-content\/uploads\/2021\/09\/Basic-svart-stolpe-svart-gul-band-1.jpg\",\"contentUrl\":\"https:\/\/shop.bjerring-sales.dk\/wp-content\/uploads\/2021\/09\/Basic-svart-stolpe-svart-gul-band-1.jpg\",\"width\":800,\"height\":800},{\"@type\":\"BreadcrumbList\",\"@id\":\"https:\/\/shop.bjerring-sales.dk\/sv\/produkt\/royal-basic-svart-stolpe-med-gul-svart-band\/#breadcrumb\",\"itemListElement\":[{\"@type\":\"ListItem\",\"position\":1,\"name\":\"Hem\",\"item\":\"https:\/\/shop.bjerring-sales.dk\/\"},{\"@type\":\"ListItem\",\"position\":2,\"name\":\"Webbutik\",\"item\":\"https:\/\/shop.bjerring-sales.dk\/butik\/\"},{\"@type\":\"ListItem\",\"position\":3,\"name\":\"Royal Basic \u2013 Svart stolpe med gul\/svart band 3m\"}]},{\"@type\":\"WebSite\",\"@id\":\"https:\/\/shop.bjerring-sales.dk\/#website\",\"url\":\"https:\/\/shop.bjerring-sales.dk\/\",\"name\":\"Bjerring-Sales\",\"description\":\"M\u00f6bler f\u00f6r teatrar, skolor, kontor och k\u00f6pcentrum\",\"publisher\":{\"@id\":\"https:\/\/shop.bjerring-sales.dk\/#organization\"},\"potentialAction\":[{\"@type\":\"SearchAction\",\"target\":{\"@type\":\"EntryPoint\",\"urlTemplate\":\"https:\/\/shop.bjerring-sales.dk\/?s={search_term_string}\"},\"query-input\":{\"@type\":\"PropertyValueSpecification\",\"valueRequired\":true,\"valueName\":\"search_term_string\"}}],\"inLanguage\":\"da-DK\"},{\"@type\":\"Organization\",\"@id\":\"https:\/\/shop.bjerring-sales.dk\/#organization\",\"name\":\"Bjerring-Sales\",\"url\":\"https:\/\/shop.bjerring-sales.dk\/\",\"logo\":{\"@type\":\"ImageObject\",\"inLanguage\":\"da-DK\",\"@id\":\"https:\/\/shop.bjerring-sales.dk\/#\/schema\/logo\/image\/\",\"url\":\"https:\/\/shop.bjerring-sales.dk\/wp-content\/uploads\/2023\/01\/logo_sv.png\",\"contentUrl\":\"https:\/\/shop.bjerring-sales.dk\/wp-content\/uploads\/2023\/01\/logo_sv.png\",\"width\":195,\"height\":68,\"caption\":\"Bjerring-Sales\"},\"image\":{\"@id\":\"https:\/\/shop.bjerring-sales.dk\/#\/schema\/logo\/image\/\"}}]}<\/script>\n<!-- \/ Yoast SEO plugin. -->","yoast_head_json":{"title":"Royal Basic \u2013 Svart stolpe med gul\/svart band 3m - Bjerring-Sales","description":"Afsp\u00e6rringss\u00f8jlen Royal Basic er en sort s\u00f8jle med gul\/sort b\u00e5nd. Afsp\u00e6rringss\u00f8jlen en af vores mest prisvenlige muligheder, n\u00e5r det kommer til afsp\u00e6rring.","robots":{"index":"index","follow":"follow","max-snippet":"max-snippet:-1","max-image-preview":"max-image-preview:large","max-video-preview":"max-video-preview:-1"},"canonical":"https:\/\/shop.bjerring-sales.dk\/da\/vare\/royal-basic-svart-stolpe-med-gul-svart-band\/","og_locale":"da_DK","og_type":"article","og_title":"Royal Basic \u2013 Svart stolpe med gul\/svart band 3m - Bjerring-Sales","og_description":"Avsp\u00e4rrningsstolpen Royal Basic \u00e4r en svart stolpe med gul\/svart band. Basic stolpen \u00e4r ett v\u00e5rt mest prisv\u00e4rda alternativ n\u00e4r det g\u00e4ller avsp\u00e4rrning med stolpe och band.","og_url":"https:\/\/shop.bjerring-sales.dk\/da\/vare\/royal-basic-svart-stolpe-med-gul-svart-band\/","og_site_name":"Bjerring-Sales","article_modified_time":"2023-01-18T13:39:05+00:00","og_image":[{"width":800,"height":800,"url":"https:\/\/pule.se\/wp-content\/uploads\/2021\/09\/Basic-svart-stolpe-svart-gul-band-1.jpg","type":"image\/jpeg"}],"twitter_card":"summary_large_image","twitter_misc":{"Estimeret l\u00e6setid":"1 minut"},"schema":{"@context":"https:\/\/schema.org","@graph":[{"@type":"WebPage","@id":"https:\/\/shop.bjerring-sales.dk\/sv\/produkt\/royal-basic-svart-stolpe-med-gul-svart-band\/","url":"https:\/\/shop.bjerring-sales.dk\/sv\/produkt\/royal-basic-svart-stolpe-med-gul-svart-band\/","name":"Royal Basic \u2013 Svart stolpe med gul\/svart band 3m - Bjerring-Sales","isPartOf":{"@id":"https:\/\/shop.bjerring-sales.dk\/#website"},"primaryImageOfPage":{"@id":"https:\/\/shop.bjerring-sales.dk\/sv\/produkt\/royal-basic-svart-stolpe-med-gul-svart-band\/#primaryimage"},"image":{"@id":"https:\/\/shop.bjerring-sales.dk\/sv\/produkt\/royal-basic-svart-stolpe-med-gul-svart-band\/#primaryimage"},"thumbnailUrl":"https:\/\/shop.bjerring-sales.dk\/wp-content\/uploads\/2021\/09\/Basic-svart-stolpe-svart-gul-band-1.jpg","datePublished":"2021-09-08T12:44:38+00:00","dateModified":"2023-01-18T13:39:05+00:00","description":"Afsp\u00e6rringss\u00f8jlen Royal Basic er en sort s\u00f8jle med gul\/sort b\u00e5nd. Afsp\u00e6rringss\u00f8jlen en af vores mest prisvenlige muligheder, n\u00e5r det kommer til afsp\u00e6rring.","breadcrumb":{"@id":"https:\/\/shop.bjerring-sales.dk\/sv\/produkt\/royal-basic-svart-stolpe-med-gul-svart-band\/#breadcrumb"},"inLanguage":"da-DK","potentialAction":[{"@type":"ReadAction","target":["https:\/\/shop.bjerring-sales.dk\/sv\/produkt\/royal-basic-svart-stolpe-med-gul-svart-band\/"]}]},{"@type":"ImageObject","inLanguage":"da-DK","@id":"https:\/\/shop.bjerring-sales.dk\/sv\/produkt\/royal-basic-svart-stolpe-med-gul-svart-band\/#primaryimage","url":"https:\/\/shop.bjerring-sales.dk\/wp-content\/uploads\/2021\/09\/Basic-svart-stolpe-svart-gul-band-1.jpg","contentUrl":"https:\/\/shop.bjerring-sales.dk\/wp-content\/uploads\/2021\/09\/Basic-svart-stolpe-svart-gul-band-1.jpg","width":800,"height":800},{"@type":"BreadcrumbList","@id":"https:\/\/shop.bjerring-sales.dk\/sv\/produkt\/royal-basic-svart-stolpe-med-gul-svart-band\/#breadcrumb","itemListElement":[{"@type":"ListItem","position":1,"name":"Hem","item":"https:\/\/shop.bjerring-sales.dk\/"},{"@type":"ListItem","position":2,"name":"Webbutik","item":"https:\/\/shop.bjerring-sales.dk\/butik\/"},{"@type":"ListItem","position":3,"name":"Royal Basic \u2013 Svart stolpe med gul\/svart band 3m"}]},{"@type":"WebSite","@id":"https:\/\/shop.bjerring-sales.dk\/#website","url":"https:\/\/shop.bjerring-sales.dk\/","name":"Bjerring-Salg","description":"M\u00f8bler til teatre, skoler, kontorer og indk\u00f8bscentre","publisher":{"@id":"https:\/\/shop.bjerring-sales.dk\/#organization"},"potentialAction":[{"@type":"SearchAction","target":{"@type":"EntryPoint","urlTemplate":"https:\/\/shop.bjerring-sales.dk\/?s={search_term_string}"},"query-input":{"@type":"PropertyValueSpecification","valueRequired":true,"valueName":"search_term_string"}}],"inLanguage":"da-DK"},{"@type":"Organization","@id":"https:\/\/shop.bjerring-sales.dk\/#organization","name":"Bjerring-Salg","url":"https:\/\/shop.bjerring-sales.dk\/","logo":{"@type":"ImageObject","inLanguage":"da-DK","@id":"https:\/\/shop.bjerring-sales.dk\/#\/schema\/logo\/image\/","url":"https:\/\/shop.bjerring-sales.dk\/wp-content\/uploads\/2023\/01\/logo_sv.png","contentUrl":"https:\/\/shop.bjerring-sales.dk\/wp-content\/uploads\/2023\/01\/logo_sv.png","width":195,"height":68,"caption":"Bjerring-Sales"},"image":{"@id":"https:\/\/shop.bjerring-sales.dk\/#\/schema\/logo\/image\/"}}]}},"_links":{"self":[{"href":"https:\/\/shop.bjerring-sales.dk\/da\/wp-json\/wp\/v2\/product\/60731","targetHints":{"allow":["GET"]}}],"collection":[{"href":"https:\/\/shop.bjerring-sales.dk\/da\/wp-json\/wp\/v2\/product"}],"about":[{"href":"https:\/\/shop.bjerring-sales.dk\/da\/wp-json\/wp\/v2\/types\/product"}],"wp:featuredmedia":[{"embeddable":true,"href":"https:\/\/shop.bjerring-sales.dk\/da\/wp-json\/wp\/v2\/media\/73895"}],"wp:attachment":[{"href":"https:\/\/shop.bjerring-sales.dk\/da\/wp-json\/wp\/v2\/media?parent=60731"}],"wp:term":[{"taxonomy":"product_brand","embeddable":true,"href":"https:\/\/shop.bjerring-sales.dk\/da\/wp-json\/wp\/v2\/product_brand?post=60731"},{"taxonomy":"product_cat","embeddable":true,"href":"https:\/\/shop.bjerring-sales.dk\/da\/wp-json\/wp\/v2\/product_cat?post=60731"},{"taxonomy":"product_tag","embeddable":true,"href":"https:\/\/shop.bjerring-sales.dk\/da\/wp-json\/wp\/v2\/product_tag?post=60731"}],"curies":[{"name":"wp","href":"https:\/\/api.w.org\/{rel}","templated":true}]}}