{"id":60701,"date":"2018-02-04T01:29:38","date_gmt":"2018-02-04T00:29:38","guid":{"rendered":"https:\/\/pule.se\/produkt\/bankett-style\/"},"modified":"2026-04-24T11:52:15","modified_gmt":"2026-04-24T09:52:15","slug":"bankett-style","status":"publish","type":"product","link":"https:\/\/shop.bjerring-sales.dk\/da\/vare\/bankett-style\/","title":{"rendered":"Bankett Style"},"content":{"rendered":"<p>Bankett  Style er et stilrent og stabilt rundt foldebord, der er perfekt til restauranter, frokostlokaler, hoteller og st\u00f8rre konferencer og events. Bordpladen er en 19 mm tyk laminat i hvid, som i \u00f8jeblikket lagerf\u00f8res i 2 forskellige st\u00f8rrelser. Bordstellet er en flot designet sammens\u00e6tning og f\u00e5s som standard i 3 forskellige designs.<\/p>\n<ul>\n<li>Stel i krom, s\u00f8lvgr\u00e5 eller sort<\/li>\n<li>Bordplade i hvid laminat (19 mm)<\/li>\n<li>F\u00e5s i 2 st\u00f8rrelser<\/li>\n<\/ul>\n<p><span style=\"font-size: 18pt\">V\u00e6gte og m\u00e5l<\/span><\/p>\n<table>\n<tbody>\n<tr>\n<td><strong>L\u00e6ngde<\/strong><\/td>\n<td><strong>Bredde<\/strong><\/td>\n<td><strong>H\u00f8jde<\/strong><\/td>\n<td><strong>V\u00e6gt<\/strong><\/td>\n<\/tr>\n<tr>\n<td>\u00d81600 mm (laminat)<\/td>\n<td>\u00d81600 mm<\/td>\n<td>730 mm<\/td>\n<td>35,5 kg<\/td>\n<\/tr>\n<tr>\n<td>\u00d81600 mm (lydt\u00e6t)<\/td>\n<td>\u00d81600 mm<\/td>\n<td>730 mm<\/td>\n<td>32,5 kg<\/td>\n<\/tr>\n<tr>\n<td>\u00d81700 mm (laminat)<\/td>\n<td>\u00d81700 mm<\/td>\n<td>730 mm<\/td>\n<td>38,5 kg<\/td>\n<\/tr>\n<tr>\n<td>\u00d81800 mm (lydt\u00e6t)<\/td>\n<td>\u00d81800 mm<\/td>\n<td>730 mm<\/td>\n<td>37,5 kg<\/td>\n<\/tr>\n<\/tbody>\n<\/table>","protected":false},"excerpt":{"rendered":"<p>Bankett Style er et stilrent og stabilt rundt foldebord, der er perfekt til restauranter, frokostlokaler, hoteller og st\u00f8rre konferencer og events. Bordpladen er en 19 mm tyk laminat i hvid, som i \u00f8jeblikket lagerf\u00f8res i 2 forskellige st\u00f8rrelser.<\/p>","protected":false},"featured_media":99990,"template":"","meta":{"iawp_total_views":4},"product_brand":[],"product_cat":[5787,5863],"product_tag":[5993,6085,6184,6185],"class_list":{"0":"post-60701","1":"product","2":"type-product","3":"status-publish","4":"has-post-thumbnail","6":"product_cat-bord","7":"product_cat-fallbara-bord","8":"product_tag-matbord","9":"product_tag-fallbart-bord","10":"product_tag-bankett-style","11":"product_tag-runt-bord","13":"first","14":"instock","15":"taxable","16":"shipping-taxable","17":"purchasable","18":"product-type-variable"},"yoast_head":"<!-- This site is optimized with the Yoast SEO plugin v27.0 - https:\/\/yoast.com\/product\/yoast-seo-wordpress\/ -->\n<title>Bankett Style - Bjerring-Sales<\/title>\n<meta name=\"description\" content=\"Bankett Style \u00e4r ett snyggt och stabilt runt f\u00e4llbart bord som passar utm\u00e4rkt till restaurang, lunchrum, hotell och st\u00f6rre konferenser och event.\" \/>\n<meta name=\"robots\" content=\"index, follow, max-snippet:-1, max-image-preview:large, max-video-preview:-1\" \/>\n<link rel=\"canonical\" href=\"https:\/\/shop.bjerring-sales.dk\/da\/vare\/bankett-style\/\" \/>\n<meta property=\"og:locale\" content=\"da_DK\" \/>\n<meta property=\"og:type\" content=\"article\" \/>\n<meta property=\"og:title\" content=\"Bankett Style \u00e4r ett snyggt och stabilt runt f\u00e4llbart bord\" \/>\n<meta property=\"og:description\" content=\"Bankett Style \u00e4r ett snyggt och stabilt runt f\u00e4llbart bord som passar utm\u00e4rkt till restaurang, lunchrum, hotell och st\u00f6rre konferenser och event.\" \/>\n<meta property=\"og:url\" content=\"https:\/\/shop.bjerring-sales.dk\/da\/vare\/bankett-style\/\" \/>\n<meta property=\"og:site_name\" content=\"Bjerring-Sales\" \/>\n<meta property=\"article:modified_time\" content=\"2026-04-24T09:52:15+00:00\" \/>\n<meta property=\"og:image\" content=\"https:\/\/shop.bjerring-sales.dk\/wp-content\/uploads\/2024\/10\/Bankett_style_bord_800px.jpg\" \/>\n\t<meta property=\"og:image:width\" content=\"800\" \/>\n\t<meta property=\"og:image:height\" content=\"800\" \/>\n\t<meta property=\"og:image:type\" content=\"image\/jpeg\" \/>\n<meta name=\"twitter:card\" content=\"summary_large_image\" \/>\n<meta name=\"twitter:title\" content=\"Bankett Style \u00e4r ett snyggt och stabilt runt f\u00e4llbart bord\" \/>\n<meta name=\"twitter:description\" content=\"Bankett Style \u00e4r ett snyggt och stabilt runt f\u00e4llbart bord som passar utm\u00e4rkt till restaurang, lunchrum, hotell och st\u00f6rre konferenser och event.\" \/>\n<meta name=\"twitter:image\" content=\"https:\/\/shop.bjerring-sales.dk\/wp-content\/uploads\/2024\/10\/Bankett_style_bord_800px.jpg\" \/>\n<meta name=\"twitter:label1\" content=\"Estimeret l\u00e6setid\" \/>\n\t<meta name=\"twitter:data1\" content=\"1 minut\" \/>\n<script type=\"application\/ld+json\" class=\"yoast-schema-graph\">{\"@context\":\"https:\/\/schema.org\",\"@graph\":[{\"@type\":\"WebPage\",\"@id\":\"https:\/\/shop.bjerring-sales.dk\/sv\/produkt\/bankett-style\/\",\"url\":\"https:\/\/shop.bjerring-sales.dk\/sv\/produkt\/bankett-style\/\",\"name\":\"Bankett Style - Bjerring-Sales\",\"isPartOf\":{\"@id\":\"https:\/\/shop.bjerring-sales.dk\/#website\"},\"primaryImageOfPage\":{\"@id\":\"https:\/\/shop.bjerring-sales.dk\/sv\/produkt\/bankett-style\/#primaryimage\"},\"image\":{\"@id\":\"https:\/\/shop.bjerring-sales.dk\/sv\/produkt\/bankett-style\/#primaryimage\"},\"thumbnailUrl\":\"https:\/\/shop.bjerring-sales.dk\/wp-content\/uploads\/2024\/10\/webb-bankettstyle1.jpg\",\"datePublished\":\"2018-02-04T00:29:38+00:00\",\"dateModified\":\"2026-04-24T09:52:15+00:00\",\"description\":\"Bankett Style \u00e4r ett snyggt och stabilt runt f\u00e4llbart bord som passar utm\u00e4rkt till restaurang, lunchrum, hotell och st\u00f6rre konferenser och event.\",\"breadcrumb\":{\"@id\":\"https:\/\/shop.bjerring-sales.dk\/sv\/produkt\/bankett-style\/#breadcrumb\"},\"inLanguage\":\"da-DK\",\"potentialAction\":[{\"@type\":\"ReadAction\",\"target\":[\"https:\/\/shop.bjerring-sales.dk\/sv\/produkt\/bankett-style\/\"]}]},{\"@type\":\"ImageObject\",\"inLanguage\":\"da-DK\",\"@id\":\"https:\/\/shop.bjerring-sales.dk\/sv\/produkt\/bankett-style\/#primaryimage\",\"url\":\"https:\/\/shop.bjerring-sales.dk\/wp-content\/uploads\/2024\/10\/webb-bankettstyle1.jpg\",\"contentUrl\":\"https:\/\/shop.bjerring-sales.dk\/wp-content\/uploads\/2024\/10\/webb-bankettstyle1.jpg\",\"width\":800,\"height\":800},{\"@type\":\"BreadcrumbList\",\"@id\":\"https:\/\/shop.bjerring-sales.dk\/sv\/produkt\/bankett-style\/#breadcrumb\",\"itemListElement\":[{\"@type\":\"ListItem\",\"position\":1,\"name\":\"Hem\",\"item\":\"https:\/\/shop.bjerring-sales.dk\/\"},{\"@type\":\"ListItem\",\"position\":2,\"name\":\"Webbutik\",\"item\":\"https:\/\/shop.bjerring-sales.dk\/butik\/\"},{\"@type\":\"ListItem\",\"position\":3,\"name\":\"Bankett Style\"}]},{\"@type\":\"WebSite\",\"@id\":\"https:\/\/shop.bjerring-sales.dk\/#website\",\"url\":\"https:\/\/shop.bjerring-sales.dk\/\",\"name\":\"Bjerring-Sales\",\"description\":\"M\u00f6bler f\u00f6r teatrar, skolor, kontor och k\u00f6pcentrum\",\"publisher\":{\"@id\":\"https:\/\/shop.bjerring-sales.dk\/#organization\"},\"potentialAction\":[{\"@type\":\"SearchAction\",\"target\":{\"@type\":\"EntryPoint\",\"urlTemplate\":\"https:\/\/shop.bjerring-sales.dk\/?s={search_term_string}\"},\"query-input\":{\"@type\":\"PropertyValueSpecification\",\"valueRequired\":true,\"valueName\":\"search_term_string\"}}],\"inLanguage\":\"da-DK\"},{\"@type\":\"Organization\",\"@id\":\"https:\/\/shop.bjerring-sales.dk\/#organization\",\"name\":\"Bjerring-Sales\",\"url\":\"https:\/\/shop.bjerring-sales.dk\/\",\"logo\":{\"@type\":\"ImageObject\",\"inLanguage\":\"da-DK\",\"@id\":\"https:\/\/shop.bjerring-sales.dk\/#\/schema\/logo\/image\/\",\"url\":\"https:\/\/shop.bjerring-sales.dk\/wp-content\/uploads\/2023\/01\/logo_sv.png\",\"contentUrl\":\"https:\/\/shop.bjerring-sales.dk\/wp-content\/uploads\/2023\/01\/logo_sv.png\",\"width\":195,\"height\":68,\"caption\":\"Bjerring-Sales\"},\"image\":{\"@id\":\"https:\/\/shop.bjerring-sales.dk\/#\/schema\/logo\/image\/\"}}]}<\/script>\n<!-- \/ Yoast SEO plugin. -->","yoast_head_json":{"title":"Bankett Style - Bjerring-Sales","description":"Bankett Style \u00e4r ett snyggt och stabilt runt f\u00e4llbart bord som passar utm\u00e4rkt till restaurang, lunchrum, hotell och st\u00f6rre konferenser och event.","robots":{"index":"index","follow":"follow","max-snippet":"max-snippet:-1","max-image-preview":"max-image-preview:large","max-video-preview":"max-video-preview:-1"},"canonical":"https:\/\/shop.bjerring-sales.dk\/da\/vare\/bankett-style\/","og_locale":"da_DK","og_type":"article","og_title":"Bankett Style \u00e4r ett snyggt och stabilt runt f\u00e4llbart bord","og_description":"Bankett Style \u00e4r ett snyggt och stabilt runt f\u00e4llbart bord som passar utm\u00e4rkt till restaurang, lunchrum, hotell och st\u00f6rre konferenser och event.","og_url":"https:\/\/shop.bjerring-sales.dk\/da\/vare\/bankett-style\/","og_site_name":"Bjerring-Sales","article_modified_time":"2026-04-24T09:52:15+00:00","og_image":[{"width":800,"height":800,"url":"https:\/\/shop.bjerring-sales.dk\/wp-content\/uploads\/2024\/10\/Bankett_style_bord_800px.jpg","type":"image\/jpeg"}],"twitter_card":"summary_large_image","twitter_title":"Bankett Style \u00e4r ett snyggt och stabilt runt f\u00e4llbart bord","twitter_description":"Bankett Style \u00e4r ett snyggt och stabilt runt f\u00e4llbart bord som passar utm\u00e4rkt till restaurang, lunchrum, hotell och st\u00f6rre konferenser och event.","twitter_image":"https:\/\/shop.bjerring-sales.dk\/wp-content\/uploads\/2024\/10\/Bankett_style_bord_800px.jpg","twitter_misc":{"Estimeret l\u00e6setid":"1 minut"},"schema":{"@context":"https:\/\/schema.org","@graph":[{"@type":"WebPage","@id":"https:\/\/shop.bjerring-sales.dk\/sv\/produkt\/bankett-style\/","url":"https:\/\/shop.bjerring-sales.dk\/sv\/produkt\/bankett-style\/","name":"Bankett Style - Bjerring-Sales","isPartOf":{"@id":"https:\/\/shop.bjerring-sales.dk\/#website"},"primaryImageOfPage":{"@id":"https:\/\/shop.bjerring-sales.dk\/sv\/produkt\/bankett-style\/#primaryimage"},"image":{"@id":"https:\/\/shop.bjerring-sales.dk\/sv\/produkt\/bankett-style\/#primaryimage"},"thumbnailUrl":"https:\/\/shop.bjerring-sales.dk\/wp-content\/uploads\/2024\/10\/webb-bankettstyle1.jpg","datePublished":"2018-02-04T00:29:38+00:00","dateModified":"2026-04-24T09:52:15+00:00","description":"Bankett Style \u00e4r ett snyggt och stabilt runt f\u00e4llbart bord som passar utm\u00e4rkt till restaurang, lunchrum, hotell och st\u00f6rre konferenser och event.","breadcrumb":{"@id":"https:\/\/shop.bjerring-sales.dk\/sv\/produkt\/bankett-style\/#breadcrumb"},"inLanguage":"da-DK","potentialAction":[{"@type":"ReadAction","target":["https:\/\/shop.bjerring-sales.dk\/sv\/produkt\/bankett-style\/"]}]},{"@type":"ImageObject","inLanguage":"da-DK","@id":"https:\/\/shop.bjerring-sales.dk\/sv\/produkt\/bankett-style\/#primaryimage","url":"https:\/\/shop.bjerring-sales.dk\/wp-content\/uploads\/2024\/10\/webb-bankettstyle1.jpg","contentUrl":"https:\/\/shop.bjerring-sales.dk\/wp-content\/uploads\/2024\/10\/webb-bankettstyle1.jpg","width":800,"height":800},{"@type":"BreadcrumbList","@id":"https:\/\/shop.bjerring-sales.dk\/sv\/produkt\/bankett-style\/#breadcrumb","itemListElement":[{"@type":"ListItem","position":1,"name":"Hem","item":"https:\/\/shop.bjerring-sales.dk\/"},{"@type":"ListItem","position":2,"name":"Webbutik","item":"https:\/\/shop.bjerring-sales.dk\/butik\/"},{"@type":"ListItem","position":3,"name":"Bankett Style"}]},{"@type":"WebSite","@id":"https:\/\/shop.bjerring-sales.dk\/#website","url":"https:\/\/shop.bjerring-sales.dk\/","name":"Bjerring-Salg","description":"M\u00f8bler til teatre, skoler, kontorer og indk\u00f8bscentre","publisher":{"@id":"https:\/\/shop.bjerring-sales.dk\/#organization"},"potentialAction":[{"@type":"SearchAction","target":{"@type":"EntryPoint","urlTemplate":"https:\/\/shop.bjerring-sales.dk\/?s={search_term_string}"},"query-input":{"@type":"PropertyValueSpecification","valueRequired":true,"valueName":"search_term_string"}}],"inLanguage":"da-DK"},{"@type":"Organization","@id":"https:\/\/shop.bjerring-sales.dk\/#organization","name":"Bjerring-Salg","url":"https:\/\/shop.bjerring-sales.dk\/","logo":{"@type":"ImageObject","inLanguage":"da-DK","@id":"https:\/\/shop.bjerring-sales.dk\/#\/schema\/logo\/image\/","url":"https:\/\/shop.bjerring-sales.dk\/wp-content\/uploads\/2023\/01\/logo_sv.png","contentUrl":"https:\/\/shop.bjerring-sales.dk\/wp-content\/uploads\/2023\/01\/logo_sv.png","width":195,"height":68,"caption":"Bjerring-Sales"},"image":{"@id":"https:\/\/shop.bjerring-sales.dk\/#\/schema\/logo\/image\/"}}]}},"_links":{"self":[{"href":"https:\/\/shop.bjerring-sales.dk\/da\/wp-json\/wp\/v2\/product\/60701","targetHints":{"allow":["GET"]}}],"collection":[{"href":"https:\/\/shop.bjerring-sales.dk\/da\/wp-json\/wp\/v2\/product"}],"about":[{"href":"https:\/\/shop.bjerring-sales.dk\/da\/wp-json\/wp\/v2\/types\/product"}],"wp:featuredmedia":[{"embeddable":true,"href":"https:\/\/shop.bjerring-sales.dk\/da\/wp-json\/wp\/v2\/media\/99990"}],"wp:attachment":[{"href":"https:\/\/shop.bjerring-sales.dk\/da\/wp-json\/wp\/v2\/media?parent=60701"}],"wp:term":[{"taxonomy":"product_brand","embeddable":true,"href":"https:\/\/shop.bjerring-sales.dk\/da\/wp-json\/wp\/v2\/product_brand?post=60701"},{"taxonomy":"product_cat","embeddable":true,"href":"https:\/\/shop.bjerring-sales.dk\/da\/wp-json\/wp\/v2\/product_cat?post=60701"},{"taxonomy":"product_tag","embeddable":true,"href":"https:\/\/shop.bjerring-sales.dk\/da\/wp-json\/wp\/v2\/product_tag?post=60701"}],"curies":[{"name":"wp","href":"https:\/\/api.w.org\/{rel}","templated":true}]}}