{"id":59735,"date":"2020-12-11T15:07:32","date_gmt":"2020-12-11T14:07:32","guid":{"rendered":"https:\/\/pule.se\/produkt\/stapelbar-stol-i-plast\/"},"modified":"2026-02-16T14:12:11","modified_gmt":"2026-02-16T13:12:11","slug":"stapelbar-stol-i-plast","status":"publish","type":"product","link":"https:\/\/shop.bjerring-sales.dk\/da\/vare\/stapelbar-stol-i-plast\/","title":{"rendered":"Choice stol - Stabelbar med plast s\u00e6de og ryg"},"content":{"rendered":"<div class=\"wpb-content-wrapper\"><div class=\"vc_row wpb_row vc_row-fluid\"><div class=\"wpb_column vc_column_container vc_col-sm-12\"><div class=\"vc_column-inner\"><div class=\"wpb_wrapper\">\n\t<div class=\"wpb_text_column wpb_content_element\" >\n\t\t<div class=\"wpb_wrapper\">\n\t\t\t<p><span style=\"font-size: 24pt\">Choice-serien. Stabelbar stol med firbenet stel, s\u00e6de og ryg i plast<br \/>\n<\/span>Choice stolen er en stabelbar stol, der lagerf\u00f8res i mange variationer. Her pr\u00e6senterer vi Choice med plast s\u00e6de og ryg og firbenet stel.<\/p>\n<p>Choice med plasts\u00e6de og ryg er den perfekte stol til konferencer, kontorer og undervisningslokaler. Stolen f\u00e5s i mange varianter, hvor kun fantasien s\u00e6tter gr\u00e6nser. V\u00e6lg mellem at have samme farve s\u00e6de\/ryg eller s\u00e6de\/ryg i forskellige farver. Det skaber muligheder for dekorat\u00f8rer, der \u00f8nsker at indrette med m\u00f8bler, der f\u00f8lger en virksomheds grafiske profil, eller mulighed for at kunne variere med forskellige farver omkring et bord eller i et konference lokale. Choice stolen f\u00e5s ogs\u00e5 med s\u00e6de\/ryg i stof eller hvis kunden foretr\u00e6kker et s\u00e6de i stof og ryg i plast. Choice lagerf\u00f8res ogs\u00e5 som en praktisk taburet, der kan bruges ved siden af skrivebordet til kolleger, der gerne vil kunne s\u00e6tte sig hurtigt ned. Choice stolen er unik med mange anvendelsesomr\u00e5der og dens design skaber en behagelig siddestilling, der forhindrer din ryg i at blive tr\u00e6t.<\/p>\n\n\t\t<\/div>\n\t<\/div>\n<\/div><\/div><\/div><\/div><div class=\"vc_row wpb_row vc_row-fluid\"><div class=\"wpb_column vc_column_container vc_col-sm-6\"><div class=\"vc_column-inner\"><div class=\"wpb_wrapper\">\n\t<div  class=\"wpb_single_image wpb_content_element vc_align_center\">\n\t\t\n\t\t<figure class=\"wpb_wrapper vc_figure\">\n\t\t\t<div class=\"vc_single_image-wrapper vc_box_shadow_border  vc_box_border_grey\"><img loading=\"lazy\" decoding=\"async\" width=\"800\" height=\"550\" src=\"https:\/\/shop.bjerring-sales.dk\/wp-content\/uploads\/2021\/02\/Hotel_Conference_Luna_Choice_550px.gif\" class=\"vc_single_image-img attachment-full\" alt=\"\" title=\"Hotel_Konference_Luna_Choice_550px\" \/><\/div>\n\t\t<\/figure>\n\t<\/div>\n<\/div><\/div><\/div><div class=\"wpb_column vc_column_container vc_col-sm-6\"><div class=\"vc_column-inner\"><div class=\"wpb_wrapper\">\n\t<div  class=\"wpb_single_image wpb_content_element vc_align_center\">\n\t\t\n\t\t<figure class=\"wpb_wrapper vc_figure\">\n\t\t\t<div class=\"vc_single_image-wrapper vc_box_shadow_border  vc_box_border_grey\"><img loading=\"lazy\" decoding=\"async\" width=\"800\" height=\"550\" src=\"https:\/\/shop.bjerring-sales.dk\/wp-content\/uploads\/2021\/02\/Hotel_Conference_Luna_Choice_01.gif\" class=\"vc_single_image-img attachment-full\" alt=\"\" title=\"Hotel_Konference_Luna_Choice_01\" \/><\/div>\n\t\t<\/figure>\n\t<\/div>\n<\/div><\/div><\/div><\/div><div class=\"vc_row wpb_row vc_row-fluid\"><div class=\"wpb_column vc_column_container vc_col-sm-6\"><div class=\"vc_column-inner\"><div class=\"wpb_wrapper\">\n\t<div class=\"wpb_text_column wpb_content_element\" >\n\t\t<div class=\"wpb_wrapper\">\n\t\t\t<p><span style=\"font-size: 18pt\">Farver<\/span><\/p>\n<ul>\n<li>S\u00e6de og ryg f\u00e5s i sort, hvid, limegr\u00f8n, orange og m\u00f8rkegr\u00e5<\/li>\n<li>Stellet f\u00e5s i sort, hvid og s\u00f8lvgr\u00e5<\/li>\n<\/ul>\n<p><span style=\"font-size: 18pt\">M\u00e5l<\/span><\/p>\n<ul>\n<li>H\u00f8jde: 800 mm<\/li>\n<li>Dybde: 550 mm<\/li>\n<li>Bredde ved bagben: 500 mm<\/li>\n<li>Bredde ved forben: 470 mm<\/li>\n<li>Rygh\u00f8jde fra s\u00e6det: 335 mm<\/li>\n<li>S\u00e6debredde: 460 mm<\/li>\n<li>S\u00e6dedybde: 450 mm<\/li>\n<li>S\u00e6deh\u00f8jde foran: 480 mm<\/li>\n<li>Siddeh\u00f8jde bagp\u00e5: 465 mm<\/li>\n<\/ul>\n\n\t\t<\/div>\n\t<\/div>\n<\/div><\/div><\/div><div class=\"wpb_column vc_column_container vc_col-sm-6\"><div class=\"vc_column-inner\"><div class=\"wpb_wrapper\">\n\t<div class=\"wpb_text_column wpb_content_element\" >\n\t\t<div class=\"wpb_wrapper\">\n\t\t\t<p><span style=\"font-size: 18pt\">V\u00e6gt<\/span><\/p>\n<ul>\n<li>Choice stolen vejer 6,15 kg<\/li>\n<\/ul>\n<p><span style=\"font-size: 18pt\">Specifikationer<br \/>\n<\/span><\/p>\n<ul>\n<li>Stabelbar, max 8 i h\u00f8jden.<\/li>\n<li>50.000 Martindales<\/li>\n<\/ul>\n<p><span style=\"font-size: 18pt\">Garanti<br \/>\n<\/span>2 \u00e5r<\/p>\n\n\t\t<\/div>\n\t<\/div>\n<\/div><\/div><\/div><\/div><div class=\"vc_row wpb_row vc_row-fluid\"><div class=\"wpb_column vc_column_container vc_col-sm-4\"><div class=\"vc_column-inner\"><div class=\"wpb_wrapper\">\n\t<div  class=\"wpb_single_image wpb_content_element vc_align_center\">\n\t\t\n\t\t<figure class=\"wpb_wrapper vc_figure\">\n\t\t\t<div class=\"vc_single_image-wrapper   vc_box_border_grey\"><img loading=\"lazy\" decoding=\"async\" width=\"732\" height=\"800\" src=\"https:\/\/shop.bjerring-sales.dk\/wp-content\/uploads\/2020\/12\/chof01.jpg\" class=\"vc_single_image-img attachment-full\" alt=\"\" title=\"chef01\" srcset=\"https:\/\/shop.bjerring-sales.dk\/wp-content\/uploads\/2020\/12\/chof01.jpg 732w, https:\/\/shop.bjerring-sales.dk\/wp-content\/uploads\/2020\/12\/chof01-150x164.jpg 150w, https:\/\/shop.bjerring-sales.dk\/wp-content\/uploads\/2020\/12\/chof01-600x656.jpg 600w, https:\/\/shop.bjerring-sales.dk\/wp-content\/uploads\/2020\/12\/chof01-275x300.jpg 275w\" sizes=\"auto, (max-width: 732px) 100vw, 732px\" \/><\/div>\n\t\t<\/figure>\n\t<\/div>\n<\/div><\/div><\/div><div class=\"wpb_column vc_column_container vc_col-sm-4\"><div class=\"vc_column-inner\"><div class=\"wpb_wrapper\">\n\t<div  class=\"wpb_single_image wpb_content_element vc_align_center\">\n\t\t\n\t\t<figure class=\"wpb_wrapper vc_figure\">\n\t\t\t<div class=\"vc_single_image-wrapper   vc_box_border_grey\"><img loading=\"lazy\" decoding=\"async\" width=\"732\" height=\"800\" src=\"https:\/\/shop.bjerring-sales.dk\/wp-content\/uploads\/2020\/12\/chof02.jpg\" class=\"vc_single_image-img attachment-full\" alt=\"\" title=\"chef02\" srcset=\"https:\/\/shop.bjerring-sales.dk\/wp-content\/uploads\/2020\/12\/chof02.jpg 732w, https:\/\/shop.bjerring-sales.dk\/wp-content\/uploads\/2020\/12\/chof02-150x164.jpg 150w, https:\/\/shop.bjerring-sales.dk\/wp-content\/uploads\/2020\/12\/chof02-600x656.jpg 600w, https:\/\/shop.bjerring-sales.dk\/wp-content\/uploads\/2020\/12\/chof02-275x300.jpg 275w\" sizes=\"auto, (max-width: 732px) 100vw, 732px\" \/><\/div>\n\t\t<\/figure>\n\t<\/div>\n<\/div><\/div><\/div><div class=\"wpb_column vc_column_container vc_col-sm-4\"><div class=\"vc_column-inner\"><div class=\"wpb_wrapper\">\n\t<div  class=\"wpb_single_image wpb_content_element vc_align_center\">\n\t\t\n\t\t<figure class=\"wpb_wrapper vc_figure\">\n\t\t\t<div class=\"vc_single_image-wrapper   vc_box_border_grey\"><img loading=\"lazy\" decoding=\"async\" width=\"732\" height=\"800\" src=\"https:\/\/shop.bjerring-sales.dk\/wp-content\/uploads\/2020\/12\/chof03.jpg\" class=\"vc_single_image-img attachment-full\" alt=\"\" title=\"chef03\" srcset=\"https:\/\/shop.bjerring-sales.dk\/wp-content\/uploads\/2020\/12\/chof03.jpg 732w, https:\/\/shop.bjerring-sales.dk\/wp-content\/uploads\/2020\/12\/chof03-150x164.jpg 150w, https:\/\/shop.bjerring-sales.dk\/wp-content\/uploads\/2020\/12\/chof03-600x656.jpg 600w, https:\/\/shop.bjerring-sales.dk\/wp-content\/uploads\/2020\/12\/chof03-275x300.jpg 275w\" sizes=\"auto, (max-width: 732px) 100vw, 732px\" \/><\/div>\n\t\t<\/figure>\n\t<\/div>\n<\/div><\/div><\/div><\/div>\n<\/div>","protected":false},"excerpt":{"rendered":"<p>Choice stolen er en stabelbar stol, der lagerf\u00f8res i mange variationer. Her pr\u00e6senterer vi Choice med plast s\u00e6de og ryg og firbenet stel. Choice med plasts\u00e6de og ryg er den perfekte stol til konferencer, kontorer og undervisningslokaler. MOQ 4 stk<\/p>","protected":false},"featured_media":99225,"template":"","meta":{"iawp_total_views":4},"product_brand":[],"product_cat":[5825,6361,5853],"product_tag":[6068,6069,5849,5850,5887,6047,6066,6067],"class_list":{"0":"post-59735","1":"product","2":"type-product","3":"status-publish","4":"has-post-thumbnail","6":"product_cat-stapelbara-stolar","7":"product_cat-choice","8":"product_cat-konferensstolar","9":"product_tag-bekvam-stol","10":"product_tag-stol","11":"product_tag-konferensstol","12":"product_tag-stapelbar-stol","13":"product_tag-matsalsstol","14":"product_tag-choice-stolen","15":"product_tag-stol-med-fyrbensstativ","16":"product_tag-stilren-stol","18":"first","19":"instock","20":"taxable","21":"shipping-taxable","22":"purchasable","23":"product-type-variable"},"yoast_head":"<!-- This site is optimized with the Yoast SEO plugin v27.0 - https:\/\/yoast.com\/product\/yoast-seo-wordpress\/ -->\n<title>Stapelbar stol med sits och rygg i plast - Choice - Bjerring-Sales<\/title>\n<meta name=\"description\" content=\"Choice stolen \u00e4r en stapelbar stol som lagerh\u00e5lls i v\u00e4ldigt m\u00e5nga variationer. H\u00e4r presenterar vi Choice med sits och rygg i plast och fyrbensstativ.\" \/>\n<meta name=\"robots\" content=\"index, follow, max-snippet:-1, max-image-preview:large, max-video-preview:-1\" \/>\n<link rel=\"canonical\" href=\"https:\/\/shop.bjerring-sales.dk\/da\/vare\/stapelbar-stol-i-plast\/\" \/>\n<meta property=\"og:locale\" content=\"da_DK\" \/>\n<meta property=\"og:type\" content=\"article\" \/>\n<meta property=\"og:title\" content=\"Stapelbar stol med sits och rygg i plast - Choice - Bjerring-Sales\" \/>\n<meta property=\"og:description\" content=\"Choice stolen \u00e4r en stapelbar stol som lagerh\u00e5lls i v\u00e4ldigt m\u00e5nga variationer. H\u00e4r presenterar vi Choice med sits och rygg i plast och fyrbensstativ.\" \/>\n<meta property=\"og:url\" content=\"https:\/\/shop.bjerring-sales.dk\/da\/vare\/stapelbar-stol-i-plast\/\" \/>\n<meta property=\"og:site_name\" content=\"Bjerring-Sales\" \/>\n<meta property=\"article:modified_time\" content=\"2026-02-16T13:12:11+00:00\" \/>\n<meta property=\"og:image\" content=\"https:\/\/shop.bjerring-sales.dk\/wp-content\/uploads\/2024\/10\/Choice_WhiteBack_WhiteLegs_DarkgraySeat-1.png\" \/>\n\t<meta property=\"og:image:width\" content=\"800\" \/>\n\t<meta property=\"og:image:height\" content=\"800\" \/>\n\t<meta property=\"og:image:type\" content=\"image\/png\" \/>\n<meta name=\"twitter:card\" content=\"summary_large_image\" \/>\n<meta name=\"twitter:label1\" content=\"Estimeret l\u00e6setid\" \/>\n\t<meta name=\"twitter:data1\" content=\"2 minutter\" \/>\n<script type=\"application\/ld+json\" class=\"yoast-schema-graph\">{\"@context\":\"https:\/\/schema.org\",\"@graph\":[{\"@type\":\"WebPage\",\"@id\":\"https:\/\/shop.bjerring-sales.dk\/sv\/produkt\/stapelbar-stol-i-plast\/\",\"url\":\"https:\/\/shop.bjerring-sales.dk\/sv\/produkt\/stapelbar-stol-i-plast\/\",\"name\":\"Stapelbar stol med sits och rygg i plast - Choice - Bjerring-Sales\",\"isPartOf\":{\"@id\":\"https:\/\/shop.bjerring-sales.dk\/#website\"},\"primaryImageOfPage\":{\"@id\":\"https:\/\/shop.bjerring-sales.dk\/sv\/produkt\/stapelbar-stol-i-plast\/#primaryimage\"},\"image\":{\"@id\":\"https:\/\/shop.bjerring-sales.dk\/sv\/produkt\/stapelbar-stol-i-plast\/#primaryimage\"},\"thumbnailUrl\":\"https:\/\/shop.bjerring-sales.dk\/wp-content\/uploads\/2024\/10\/Choice_WhiteBack_WhiteLegs_DarkgraySeat-1.png\",\"datePublished\":\"2020-12-11T14:07:32+00:00\",\"dateModified\":\"2026-02-16T13:12:11+00:00\",\"description\":\"Choice stolen \u00e4r en stapelbar stol som lagerh\u00e5lls i v\u00e4ldigt m\u00e5nga variationer. H\u00e4r presenterar vi Choice med sits och rygg i plast och fyrbensstativ.\",\"breadcrumb\":{\"@id\":\"https:\/\/shop.bjerring-sales.dk\/sv\/produkt\/stapelbar-stol-i-plast\/#breadcrumb\"},\"inLanguage\":\"da-DK\",\"potentialAction\":[{\"@type\":\"ReadAction\",\"target\":[\"https:\/\/shop.bjerring-sales.dk\/sv\/produkt\/stapelbar-stol-i-plast\/\"]}]},{\"@type\":\"ImageObject\",\"inLanguage\":\"da-DK\",\"@id\":\"https:\/\/shop.bjerring-sales.dk\/sv\/produkt\/stapelbar-stol-i-plast\/#primaryimage\",\"url\":\"https:\/\/shop.bjerring-sales.dk\/wp-content\/uploads\/2024\/10\/Choice_WhiteBack_WhiteLegs_DarkgraySeat-1.png\",\"contentUrl\":\"https:\/\/shop.bjerring-sales.dk\/wp-content\/uploads\/2024\/10\/Choice_WhiteBack_WhiteLegs_DarkgraySeat-1.png\",\"width\":800,\"height\":800},{\"@type\":\"BreadcrumbList\",\"@id\":\"https:\/\/shop.bjerring-sales.dk\/sv\/produkt\/stapelbar-stol-i-plast\/#breadcrumb\",\"itemListElement\":[{\"@type\":\"ListItem\",\"position\":1,\"name\":\"Hem\",\"item\":\"https:\/\/shop.bjerring-sales.dk\/\"},{\"@type\":\"ListItem\",\"position\":2,\"name\":\"Webbutik\",\"item\":\"https:\/\/shop.bjerring-sales.dk\/butik\/\"},{\"@type\":\"ListItem\",\"position\":3,\"name\":\"Stapelbar stol med sits och rygg i plast &#8211; Choice\"}]},{\"@type\":\"WebSite\",\"@id\":\"https:\/\/shop.bjerring-sales.dk\/#website\",\"url\":\"https:\/\/shop.bjerring-sales.dk\/\",\"name\":\"Bjerring-Sales\",\"description\":\"M\u00f6bler f\u00f6r teatrar, skolor, kontor och k\u00f6pcentrum\",\"publisher\":{\"@id\":\"https:\/\/shop.bjerring-sales.dk\/#organization\"},\"potentialAction\":[{\"@type\":\"SearchAction\",\"target\":{\"@type\":\"EntryPoint\",\"urlTemplate\":\"https:\/\/shop.bjerring-sales.dk\/?s={search_term_string}\"},\"query-input\":{\"@type\":\"PropertyValueSpecification\",\"valueRequired\":true,\"valueName\":\"search_term_string\"}}],\"inLanguage\":\"da-DK\"},{\"@type\":\"Organization\",\"@id\":\"https:\/\/shop.bjerring-sales.dk\/#organization\",\"name\":\"Bjerring-Sales\",\"url\":\"https:\/\/shop.bjerring-sales.dk\/\",\"logo\":{\"@type\":\"ImageObject\",\"inLanguage\":\"da-DK\",\"@id\":\"https:\/\/shop.bjerring-sales.dk\/#\/schema\/logo\/image\/\",\"url\":\"https:\/\/shop.bjerring-sales.dk\/wp-content\/uploads\/2023\/01\/logo_sv.png\",\"contentUrl\":\"https:\/\/shop.bjerring-sales.dk\/wp-content\/uploads\/2023\/01\/logo_sv.png\",\"width\":195,\"height\":68,\"caption\":\"Bjerring-Sales\"},\"image\":{\"@id\":\"https:\/\/shop.bjerring-sales.dk\/#\/schema\/logo\/image\/\"}}]}<\/script>\n<!-- \/ Yoast SEO plugin. -->","yoast_head_json":{"title":"Stapelbar stol med sits och rygg i plast - Choice - Bjerring-Sales","description":"Choice stolen er en stabelbar stol, der lagerf\u00f8res i mange variationer. Her pr\u00e6senterer vi Choice med plast s\u00e6de og ryg og firbenet stel.","robots":{"index":"index","follow":"follow","max-snippet":"max-snippet:-1","max-image-preview":"max-image-preview:large","max-video-preview":"max-video-preview:-1"},"canonical":"https:\/\/shop.bjerring-sales.dk\/da\/vare\/stapelbar-stol-i-plast\/","og_locale":"da_DK","og_type":"article","og_title":"Stapelbar stol med sits och rygg i plast - Choice - Bjerring-Sales","og_description":"Choice stolen \u00e4r en stapelbar stol som lagerh\u00e5lls i v\u00e4ldigt m\u00e5nga variationer. H\u00e4r presenterar vi Choice med sits och rygg i plast och fyrbensstativ.","og_url":"https:\/\/shop.bjerring-sales.dk\/da\/vare\/stapelbar-stol-i-plast\/","og_site_name":"Bjerring-Sales","article_modified_time":"2026-02-16T13:12:11+00:00","og_image":[{"width":800,"height":800,"url":"https:\/\/shop.bjerring-sales.dk\/wp-content\/uploads\/2024\/10\/Choice_WhiteBack_WhiteLegs_DarkgraySeat-1.png","type":"image\/png"}],"twitter_card":"summary_large_image","twitter_misc":{"Estimeret l\u00e6setid":"2 minutter"},"schema":{"@context":"https:\/\/schema.org","@graph":[{"@type":"WebPage","@id":"https:\/\/shop.bjerring-sales.dk\/sv\/produkt\/stapelbar-stol-i-plast\/","url":"https:\/\/shop.bjerring-sales.dk\/sv\/produkt\/stapelbar-stol-i-plast\/","name":"Stapelbar stol med sits och rygg i plast - Choice - Bjerring-Sales","isPartOf":{"@id":"https:\/\/shop.bjerring-sales.dk\/#website"},"primaryImageOfPage":{"@id":"https:\/\/shop.bjerring-sales.dk\/sv\/produkt\/stapelbar-stol-i-plast\/#primaryimage"},"image":{"@id":"https:\/\/shop.bjerring-sales.dk\/sv\/produkt\/stapelbar-stol-i-plast\/#primaryimage"},"thumbnailUrl":"https:\/\/shop.bjerring-sales.dk\/wp-content\/uploads\/2024\/10\/Choice_WhiteBack_WhiteLegs_DarkgraySeat-1.png","datePublished":"2020-12-11T14:07:32+00:00","dateModified":"2026-02-16T13:12:11+00:00","description":"Choice stolen er en stabelbar stol, der lagerf\u00f8res i mange variationer. Her pr\u00e6senterer vi Choice med plast s\u00e6de og ryg og firbenet stel.","breadcrumb":{"@id":"https:\/\/shop.bjerring-sales.dk\/sv\/produkt\/stapelbar-stol-i-plast\/#breadcrumb"},"inLanguage":"da-DK","potentialAction":[{"@type":"ReadAction","target":["https:\/\/shop.bjerring-sales.dk\/sv\/produkt\/stapelbar-stol-i-plast\/"]}]},{"@type":"ImageObject","inLanguage":"da-DK","@id":"https:\/\/shop.bjerring-sales.dk\/sv\/produkt\/stapelbar-stol-i-plast\/#primaryimage","url":"https:\/\/shop.bjerring-sales.dk\/wp-content\/uploads\/2024\/10\/Choice_WhiteBack_WhiteLegs_DarkgraySeat-1.png","contentUrl":"https:\/\/shop.bjerring-sales.dk\/wp-content\/uploads\/2024\/10\/Choice_WhiteBack_WhiteLegs_DarkgraySeat-1.png","width":800,"height":800},{"@type":"BreadcrumbList","@id":"https:\/\/shop.bjerring-sales.dk\/sv\/produkt\/stapelbar-stol-i-plast\/#breadcrumb","itemListElement":[{"@type":"ListItem","position":1,"name":"Hem","item":"https:\/\/shop.bjerring-sales.dk\/"},{"@type":"ListItem","position":2,"name":"Webbutik","item":"https:\/\/shop.bjerring-sales.dk\/butik\/"},{"@type":"ListItem","position":3,"name":"Stapelbar stol med sits och rygg i plast &#8211; Choice"}]},{"@type":"WebSite","@id":"https:\/\/shop.bjerring-sales.dk\/#website","url":"https:\/\/shop.bjerring-sales.dk\/","name":"Bjerring-Salg","description":"M\u00f8bler til teatre, skoler, kontorer og indk\u00f8bscentre","publisher":{"@id":"https:\/\/shop.bjerring-sales.dk\/#organization"},"potentialAction":[{"@type":"SearchAction","target":{"@type":"EntryPoint","urlTemplate":"https:\/\/shop.bjerring-sales.dk\/?s={search_term_string}"},"query-input":{"@type":"PropertyValueSpecification","valueRequired":true,"valueName":"search_term_string"}}],"inLanguage":"da-DK"},{"@type":"Organization","@id":"https:\/\/shop.bjerring-sales.dk\/#organization","name":"Bjerring-Salg","url":"https:\/\/shop.bjerring-sales.dk\/","logo":{"@type":"ImageObject","inLanguage":"da-DK","@id":"https:\/\/shop.bjerring-sales.dk\/#\/schema\/logo\/image\/","url":"https:\/\/shop.bjerring-sales.dk\/wp-content\/uploads\/2023\/01\/logo_sv.png","contentUrl":"https:\/\/shop.bjerring-sales.dk\/wp-content\/uploads\/2023\/01\/logo_sv.png","width":195,"height":68,"caption":"Bjerring-Sales"},"image":{"@id":"https:\/\/shop.bjerring-sales.dk\/#\/schema\/logo\/image\/"}}]}},"_links":{"self":[{"href":"https:\/\/shop.bjerring-sales.dk\/da\/wp-json\/wp\/v2\/product\/59735","targetHints":{"allow":["GET"]}}],"collection":[{"href":"https:\/\/shop.bjerring-sales.dk\/da\/wp-json\/wp\/v2\/product"}],"about":[{"href":"https:\/\/shop.bjerring-sales.dk\/da\/wp-json\/wp\/v2\/types\/product"}],"wp:featuredmedia":[{"embeddable":true,"href":"https:\/\/shop.bjerring-sales.dk\/da\/wp-json\/wp\/v2\/media\/99225"}],"wp:attachment":[{"href":"https:\/\/shop.bjerring-sales.dk\/da\/wp-json\/wp\/v2\/media?parent=59735"}],"wp:term":[{"taxonomy":"product_brand","embeddable":true,"href":"https:\/\/shop.bjerring-sales.dk\/da\/wp-json\/wp\/v2\/product_brand?post=59735"},{"taxonomy":"product_cat","embeddable":true,"href":"https:\/\/shop.bjerring-sales.dk\/da\/wp-json\/wp\/v2\/product_cat?post=59735"},{"taxonomy":"product_tag","embeddable":true,"href":"https:\/\/shop.bjerring-sales.dk\/da\/wp-json\/wp\/v2\/product_tag?post=59735"}],"curies":[{"name":"wp","href":"https:\/\/api.w.org\/{rel}","templated":true}]}}