{"id":59473,"date":"2022-10-10T12:00:55","date_gmt":"2022-10-10T10:00:55","guid":{"rendered":"https:\/\/pule.se\/produkt\/luna-u\/"},"modified":"2026-04-20T10:49:19","modified_gmt":"2026-04-20T08:49:19","slug":"luna-u","status":"publish","type":"product","link":"https:\/\/shop.bjerring-sales.dk\/da\/vare\/luna-u\/","title":{"rendered":"Luna U \u2013 Et stilfuldt bord med faste U-formede ben"},"content":{"rendered":"<div class=\"wpb-content-wrapper\"><div class=\"vc_row wpb_row vc_row-fluid\"><div class=\"wpb_column vc_column_container vc_col-sm-12\"><div class=\"vc_column-inner\"><div class=\"wpb_wrapper\">\n\t<div class=\"wpb_text_column wpb_content_element\" >\n\t\t<div class=\"wpb_wrapper\">\n\t\t\t<p><span style=\"font-size: 24pt\">Et prisbilligt bord med U-stel til alle typer rum \u2013 Luna-serien<br \/>\n<\/span>Luna-serien best\u00e5r af borde med faste ben i forskellige former. Luna U har et U-formet stel og lagerf\u00f8res i 10 st\u00f8rrelser med forskellige valg af bordplader og stel farver. Bordene i Luna-serien er lette, elegante og lavet til det moderne kontor. Takket v\u00e6re et innovativt design og funktionalitet er Luna-borde velegnede som skriveborde til kontorer, m\u00f8deborde til m\u00f8delokaler og konference lokaler, spiseborde til spisestuer mv. Et bord der passer ind overalt!<\/p>\n\n\t\t<\/div>\n\t<\/div>\n<\/div><\/div><\/div><\/div><div class=\"vc_row wpb_row vc_row-fluid\"><div class=\"wpb_column vc_column_container vc_col-sm-4\"><div class=\"vc_column-inner\"><div class=\"wpb_wrapper\">\n\t<div  class=\"wpb_single_image wpb_content_element vc_align_center\">\n\t\t\n\t\t<figure class=\"wpb_wrapper vc_figure\">\n\t\t\t<div class=\"vc_single_image-wrapper vc_box_shadow_border  vc_box_border_grey\"><img loading=\"lazy\" decoding=\"async\" width=\"800\" height=\"550\" src=\"https:\/\/shop.bjerring-sales.dk\/wp-content\/uploads\/2021\/01\/Choice-Luna-Dinning_04-1.gif\" class=\"vc_single_image-img attachment-full\" alt=\"\" title=\"Choice-Luna-Dining_04\" \/><\/div>\n\t\t<\/figure>\n\t<\/div>\n<\/div><\/div><\/div><div class=\"wpb_column vc_column_container vc_col-sm-4\"><div class=\"vc_column-inner\"><div class=\"wpb_wrapper\">\n\t<div  class=\"wpb_single_image wpb_content_element vc_align_center\">\n\t\t\n\t\t<figure class=\"wpb_wrapper vc_figure\">\n\t\t\t<div class=\"vc_single_image-wrapper vc_box_shadow_border  vc_box_border_grey\"><img loading=\"lazy\" decoding=\"async\" width=\"800\" height=\"550\" src=\"https:\/\/shop.bjerring-sales.dk\/wp-content\/uploads\/2021\/01\/Choice-Luna-Dinning-1.gif\" class=\"vc_single_image-img attachment-full\" alt=\"\" title=\"Valg-Luna-Spisning\" \/><\/div>\n\t\t<\/figure>\n\t<\/div>\n<\/div><\/div><\/div><div class=\"wpb_column vc_column_container vc_col-sm-4\"><div class=\"vc_column-inner\"><div class=\"wpb_wrapper\">\n\t<div  class=\"wpb_single_image wpb_content_element vc_align_center\">\n\t\t\n\t\t<figure class=\"wpb_wrapper vc_figure\">\n\t\t\t<div class=\"vc_single_image-wrapper vc_box_shadow_border  vc_box_border_grey\"><img loading=\"lazy\" decoding=\"async\" width=\"800\" height=\"550\" src=\"https:\/\/shop.bjerring-sales.dk\/wp-content\/uploads\/2021\/01\/Chair_Choice_table_Luna_550px.gif\" class=\"vc_single_image-img attachment-full\" alt=\"\" title=\"Chair_Choice_table_Luna_550px\" \/><\/div>\n\t\t<\/figure>\n\t<\/div>\n<\/div><\/div><\/div><\/div><div class=\"vc_row wpb_row vc_row-fluid\"><div class=\"wpb_column vc_column_container vc_col-sm-6\"><div class=\"vc_column-inner\"><div class=\"wpb_wrapper\">\n\t<div class=\"wpb_text_column wpb_content_element\" >\n\t\t<div class=\"wpb_wrapper\">\n\t\t\t<p><span style=\"font-size: 18pt\">Stel<br \/>\n<\/span>Stellet er lavet af metalr\u00f8r med m\u00e5lene: 40x40x2 mm. Stellet er pulverlakeret og har plastf\u00f8dder med h\u00f8jdejustering (+ 10 mm). Der er 10 mm mellemrum mellem ben og skrivebord, hvilket giver en moderne og let effekt. Alle stellene opfylder kravene i LST EN 527-3 standarden.<\/p>\n<p><span style=\"font-size: 18pt\">Montering<br \/>\n<\/span>Luna bordet leveres usamlet, delene til stellet er boret og gevindsk\u00e5ret hvilket g\u00f8r det nemt at samle, der skal kun bruges en 5mm unbrakon\u00f8gle (medf\u00f8lger ikke). Ved bestilling af et komplet bord medf\u00f8lger ogs\u00e5 en selvborende tr\u00e6skrue (PZ 2) til bordpladen, da den ikke er forboret.<\/p>\n<p><img loading=\"lazy\" decoding=\"async\" class=\"alignnone size-full wp-image-72653\" src=\"https:\/\/shop.bjerring-sales.dk\/wp-content\/uploads\/2021\/03\/PDF-doc-16.png\" alt=\"\" width=\"16\" height=\"16\" \/>\u00a0<a href=\"https:\/\/elj.se\/wp-content\/uploads\/2022\/10\/Monteringsanvisning-Luna-A-och-U.pdf\" target=\"_blank\" rel=\"noopener\">Download monteringsvejledning<\/a><\/p>\n<p><span style=\"font-size: 18pt\">Specifikationer<br \/>\n<\/span><\/p>\n<ul>\n<li>Skrivebordsh\u00f8jde \u2013 740 mm<\/li>\n<li>Alle skriveborde opfylder kravene i LST EN 527-3 standarden<\/li>\n<li>Kun \u00e9t v\u00e6rkt\u00f8j til montering (insektn\u00f8gle DIN 911 S5)<\/li>\n<\/ul>\n<p><span style=\"font-size: 18pt\">Farver<\/span><\/p>\n<ul>\n<li>Bordplader f\u00e5s i b\u00f8g, birk, eg, hvid, sort, gr\u00e5 og urban eg<\/li>\n<li>Stellet f\u00e5s i sort, hvid og s\u00f8lvgr\u00e5<\/li>\n<\/ul>\n\n\t\t<\/div>\n\t<\/div>\n<\/div><\/div><\/div><div class=\"wpb_column vc_column_container vc_col-sm-6\"><div class=\"vc_column-inner\"><div class=\"wpb_wrapper\">\n\t<div class=\"wpb_text_column wpb_content_element\" >\n\t\t<div class=\"wpb_wrapper\">\n\t\t\t<p><span style=\"font-size: 18pt\">M\u00e5l<\/span><\/p>\n<ul>\n<li>120\u00d760 cm<\/li>\n<li>120\u00d770 cm<\/li>\n<li>120\u00d780 cm<\/li>\n<li>140\u00d760 cm<\/li>\n<li>140\u00d770 cm<\/li>\n<li>140\u00d780 cm<\/li>\n<li>160\u00d770 cm<\/li>\n<li>160\u00d780 cm<\/li>\n<li>180\u00d770 cm<\/li>\n<li>180\u00d780 cm<\/li>\n<\/ul>\n<p><span style=\"font-size: 18pt\">Garanti<br \/>\n<\/span>2 \u00e5r<\/p>\n\n\t\t<\/div>\n\t<\/div>\n<\/div><\/div><\/div><\/div><div class=\"vc_row wpb_row vc_row-fluid\"><div class=\"wpb_column vc_column_container vc_col-sm-12\"><div class=\"vc_column-inner\"><div class=\"wpb_wrapper\"><div class=\"vc_separator wpb_content_element vc_separator_align_center vc_sep_width_100 vc_sep_pos_align_center vc_separator_no_text vc_sep_color_grey\" ><span class=\"vc_sep_holder vc_sep_holder_l\"><span class=\"vc_sep_line\"><\/span><\/span><span class=\"vc_sep_holder vc_sep_holder_r\"><span class=\"vc_sep_line\"><\/span><\/span>\n<\/div><\/div><\/div><\/div><\/div><div class=\"vc_row wpb_row vc_row-fluid\"><div class=\"wpb_column vc_column_container vc_col-sm-6\"><div class=\"vc_column-inner\"><div class=\"wpb_wrapper\">\n\t<div  class=\"wpb_single_image wpb_content_element vc_align_center\">\n\t\t\n\t\t<figure class=\"wpb_wrapper vc_figure\">\n\t\t\t<div class=\"vc_single_image-wrapper   vc_box_border_grey\"><img loading=\"lazy\" decoding=\"async\" width=\"1920\" height=\"1440\" src=\"https:\/\/shop.bjerring-sales.dk\/wp-content\/uploads\/2021\/01\/Miniatyrer_Luna_U_1.jpg\" class=\"vc_single_image-img attachment-full\" alt=\"\" title=\"Thumbnails_Luna_U_1\" srcset=\"https:\/\/shop.bjerring-sales.dk\/wp-content\/uploads\/2021\/01\/Miniatyrer_Luna_U_1.jpg 1920w, https:\/\/shop.bjerring-sales.dk\/wp-content\/uploads\/2021\/01\/Miniatyrer_Luna_U_1-150x113.jpg 150w, https:\/\/shop.bjerring-sales.dk\/wp-content\/uploads\/2021\/01\/Miniatyrer_Luna_U_1-600x450.jpg 600w, https:\/\/shop.bjerring-sales.dk\/wp-content\/uploads\/2021\/01\/Miniatyrer_Luna_U_1-300x225.jpg 300w, https:\/\/shop.bjerring-sales.dk\/wp-content\/uploads\/2021\/01\/Miniatyrer_Luna_U_1-1024x768.jpg 1024w, https:\/\/shop.bjerring-sales.dk\/wp-content\/uploads\/2021\/01\/Miniatyrer_Luna_U_1-768x576.jpg 768w, https:\/\/shop.bjerring-sales.dk\/wp-content\/uploads\/2021\/01\/Miniatyrer_Luna_U_1-1536x1152.jpg 1536w, https:\/\/shop.bjerring-sales.dk\/wp-content\/uploads\/2021\/01\/Miniatyrer_Luna_U_1-2048x1536.jpg 2048w\" sizes=\"auto, (max-width: 1920px) 100vw, 1920px\" \/><\/div>\n\t\t<\/figure>\n\t<\/div>\n<\/div><\/div><\/div><div class=\"wpb_column vc_column_container vc_col-sm-6\"><div class=\"vc_column-inner\"><div class=\"wpb_wrapper\">\n\t<div  class=\"wpb_single_image wpb_content_element vc_align_center\">\n\t\t\n\t\t<figure class=\"wpb_wrapper vc_figure\">\n\t\t\t<div class=\"vc_single_image-wrapper   vc_box_border_grey\"><img loading=\"lazy\" decoding=\"async\" width=\"1920\" height=\"1440\" src=\"https:\/\/shop.bjerring-sales.dk\/wp-content\/uploads\/2021\/01\/Miniatyrer_Luna_U_2.jpg\" class=\"vc_single_image-img attachment-full\" alt=\"\" title=\"Thumbnails_Luna_U_2\" srcset=\"https:\/\/shop.bjerring-sales.dk\/wp-content\/uploads\/2021\/01\/Miniatyrer_Luna_U_2.jpg 1920w, https:\/\/shop.bjerring-sales.dk\/wp-content\/uploads\/2021\/01\/Miniatyrer_Luna_U_2-150x113.jpg 150w, https:\/\/shop.bjerring-sales.dk\/wp-content\/uploads\/2021\/01\/Miniatyrer_Luna_U_2-600x450.jpg 600w, https:\/\/shop.bjerring-sales.dk\/wp-content\/uploads\/2021\/01\/Miniatyrer_Luna_U_2-300x225.jpg 300w, https:\/\/shop.bjerring-sales.dk\/wp-content\/uploads\/2021\/01\/Miniatyrer_Luna_U_2-1024x768.jpg 1024w, https:\/\/shop.bjerring-sales.dk\/wp-content\/uploads\/2021\/01\/Miniatyrer_Luna_U_2-768x576.jpg 768w, https:\/\/shop.bjerring-sales.dk\/wp-content\/uploads\/2021\/01\/Miniatyrer_Luna_U_2-1536x1152.jpg 1536w, https:\/\/shop.bjerring-sales.dk\/wp-content\/uploads\/2021\/01\/Miniatyrer_Luna_U_2-2048x1536.jpg 2048w\" sizes=\"auto, (max-width: 1920px) 100vw, 1920px\" \/><\/div>\n\t\t<\/figure>\n\t<\/div>\n<\/div><\/div><\/div><\/div><div class=\"vc_row wpb_row vc_row-fluid\"><div class=\"wpb_column vc_column_container vc_col-sm-6\"><div class=\"vc_column-inner\"><div class=\"wpb_wrapper\">\n\t<div  class=\"wpb_single_image wpb_content_element vc_align_center\">\n\t\t\n\t\t<figure class=\"wpb_wrapper vc_figure\">\n\t\t\t<div class=\"vc_single_image-wrapper   vc_box_border_grey\"><img loading=\"lazy\" decoding=\"async\" width=\"1920\" height=\"1440\" src=\"https:\/\/shop.bjerring-sales.dk\/wp-content\/uploads\/2021\/01\/Miniatyrer_Luna_U_3.jpg\" class=\"vc_single_image-img attachment-full\" alt=\"\" title=\"Thumbnails_Luna_U_3\" srcset=\"https:\/\/shop.bjerring-sales.dk\/wp-content\/uploads\/2021\/01\/Miniatyrer_Luna_U_3.jpg 1920w, https:\/\/shop.bjerring-sales.dk\/wp-content\/uploads\/2021\/01\/Miniatyrer_Luna_U_3-150x113.jpg 150w, https:\/\/shop.bjerring-sales.dk\/wp-content\/uploads\/2021\/01\/Miniatyrer_Luna_U_3-600x450.jpg 600w, https:\/\/shop.bjerring-sales.dk\/wp-content\/uploads\/2021\/01\/Miniatyrer_Luna_U_3-300x225.jpg 300w, https:\/\/shop.bjerring-sales.dk\/wp-content\/uploads\/2021\/01\/Miniatyrer_Luna_U_3-1024x768.jpg 1024w, https:\/\/shop.bjerring-sales.dk\/wp-content\/uploads\/2021\/01\/Miniatyrer_Luna_U_3-768x576.jpg 768w, https:\/\/shop.bjerring-sales.dk\/wp-content\/uploads\/2021\/01\/Miniatyrer_Luna_U_3-1536x1152.jpg 1536w, https:\/\/shop.bjerring-sales.dk\/wp-content\/uploads\/2021\/01\/Miniatyrer_Luna_U_3-2048x1536.jpg 2048w\" sizes=\"auto, (max-width: 1920px) 100vw, 1920px\" \/><\/div>\n\t\t<\/figure>\n\t<\/div>\n<\/div><\/div><\/div><div class=\"wpb_column vc_column_container vc_col-sm-6\"><div class=\"vc_column-inner\"><div class=\"wpb_wrapper\">\n\t<div  class=\"wpb_single_image wpb_content_element vc_align_center\">\n\t\t\n\t\t<figure class=\"wpb_wrapper vc_figure\">\n\t\t\t<div class=\"vc_single_image-wrapper   vc_box_border_grey\"><img loading=\"lazy\" decoding=\"async\" width=\"1920\" height=\"1440\" src=\"https:\/\/shop.bjerring-sales.dk\/wp-content\/uploads\/2021\/01\/Miniatyrer_Luna_U_4.jpg\" class=\"vc_single_image-img attachment-full\" alt=\"\" title=\"Thumbnails_Luna_U_4\" srcset=\"https:\/\/shop.bjerring-sales.dk\/wp-content\/uploads\/2021\/01\/Miniatyrer_Luna_U_4.jpg 1920w, https:\/\/shop.bjerring-sales.dk\/wp-content\/uploads\/2021\/01\/Miniatyrer_Luna_U_4-150x113.jpg 150w, https:\/\/shop.bjerring-sales.dk\/wp-content\/uploads\/2021\/01\/Miniatyrer_Luna_U_4-600x450.jpg 600w, https:\/\/shop.bjerring-sales.dk\/wp-content\/uploads\/2021\/01\/Miniatyrer_Luna_U_4-300x225.jpg 300w, https:\/\/shop.bjerring-sales.dk\/wp-content\/uploads\/2021\/01\/Miniatyrer_Luna_U_4-1024x768.jpg 1024w, https:\/\/shop.bjerring-sales.dk\/wp-content\/uploads\/2021\/01\/Miniatyrer_Luna_U_4-768x576.jpg 768w, https:\/\/shop.bjerring-sales.dk\/wp-content\/uploads\/2021\/01\/Miniatyrer_Luna_U_4-1536x1152.jpg 1536w, https:\/\/shop.bjerring-sales.dk\/wp-content\/uploads\/2021\/01\/Miniatyrer_Luna_U_4-2048x1536.jpg 2048w\" sizes=\"auto, (max-width: 1920px) 100vw, 1920px\" \/><\/div>\n\t\t<\/figure>\n\t<\/div>\n<\/div><\/div><\/div><\/div>\n<\/div>","protected":false},"excerpt":{"rendered":"<p>Luna-serien best\u00e5r af borde med faste ben i forskellige former. Luna U har et U-formet stel og lagerf\u00f8res i 10 st\u00f8rrelser med forskellige valg af bordplader og stel farver. Bordene i Luna-serien er lette, elegante og lavet til det moderne kontor.<\/p>","protected":false},"featured_media":100019,"template":"","meta":{"iawp_total_views":89},"product_brand":[],"product_cat":[5786,5787,5785,5821,6359,5820],"product_tag":[5781,5992,5993,6035,6058,6059,6060,6062,6063],"class_list":{"0":"post-59473","1":"product","2":"type-product","3":"status-publish","4":"has-post-thumbnail","6":"product_cat-skrivbord","7":"product_cat-bord","8":"product_cat-hemmakontor","9":"product_cat-utbildningsbord","10":"product_cat-luna","11":"product_cat-konferensbord","12":"product_tag-skrivbord","13":"product_tag-konferensbord","14":"product_tag-matbord","15":"product_tag-bord-med-fast-stativ","16":"product_tag-bord-med-fasta-ben","17":"product_tag-arbetsbord","18":"product_tag-luna-bordet","19":"product_tag-bord","20":"product_tag-bord-med-u-stativ","22":"first","23":"instock","24":"taxable","25":"shipping-taxable","26":"purchasable","27":"product-type-variable"},"yoast_head":"<!-- This site is optimized with the Yoast SEO plugin v27.0 - https:\/\/yoast.com\/product\/yoast-seo-wordpress\/ -->\n<title>Luna U - Ett stilrent bord med fasta ben i U-form - Bjerring-Sales<\/title>\n<meta name=\"description\" content=\"Luna serien best\u00e5r av bord med fasta ben i olika former. Luna U har ett U-format stativ och lagerh\u00e5lls i 10 storlekar med olika val av bordsskivor och f\u00e4rger p\u00e5 stativ.\" \/>\n<meta name=\"robots\" content=\"index, follow, max-snippet:-1, max-image-preview:large, max-video-preview:-1\" \/>\n<link rel=\"canonical\" href=\"https:\/\/shop.bjerring-sales.dk\/da\/vare\/luna-u\/\" \/>\n<meta property=\"og:locale\" content=\"da_DK\" \/>\n<meta property=\"og:type\" content=\"article\" \/>\n<meta property=\"og:title\" content=\"Luna U - Ett stilrent bord med fasta ben i U-form - Bjerring-Sales\" \/>\n<meta property=\"og:description\" content=\"Luna serien best\u00e5r av bord med fasta ben i olika former. Luna U har ett U-format stativ och lagerh\u00e5lls i 10 storlekar med olika val av bordsskivor och f\u00e4rger p\u00e5 stativ.\" \/>\n<meta property=\"og:url\" content=\"https:\/\/shop.bjerring-sales.dk\/da\/vare\/luna-u\/\" \/>\n<meta property=\"og:site_name\" content=\"Bjerring-Sales\" \/>\n<meta property=\"article:modified_time\" content=\"2026-04-20T08:49:19+00:00\" \/>\n<meta property=\"og:image\" content=\"https:\/\/shop.bjerring-sales.dk\/wp-content\/uploads\/2024\/10\/160x80_WhiteLegs_Urban-Oak-1.jpg\" \/>\n\t<meta property=\"og:image:width\" content=\"800\" \/>\n\t<meta property=\"og:image:height\" content=\"800\" \/>\n\t<meta property=\"og:image:type\" content=\"image\/jpeg\" \/>\n<meta name=\"twitter:card\" content=\"summary_large_image\" \/>\n<meta name=\"twitter:label1\" content=\"Estimeret l\u00e6setid\" \/>\n\t<meta name=\"twitter:data1\" content=\"2 minutter\" \/>\n<script type=\"application\/ld+json\" class=\"yoast-schema-graph\">{\"@context\":\"https:\/\/schema.org\",\"@graph\":[{\"@type\":\"WebPage\",\"@id\":\"https:\/\/shop.bjerring-sales.dk\/sv\/produkt\/luna-u\/\",\"url\":\"https:\/\/shop.bjerring-sales.dk\/sv\/produkt\/luna-u\/\",\"name\":\"Luna U - Ett stilrent bord med fasta ben i U-form - Bjerring-Sales\",\"isPartOf\":{\"@id\":\"https:\/\/shop.bjerring-sales.dk\/#website\"},\"primaryImageOfPage\":{\"@id\":\"https:\/\/shop.bjerring-sales.dk\/sv\/produkt\/luna-u\/#primaryimage\"},\"image\":{\"@id\":\"https:\/\/shop.bjerring-sales.dk\/sv\/produkt\/luna-u\/#primaryimage\"},\"thumbnailUrl\":\"https:\/\/shop.bjerring-sales.dk\/wp-content\/uploads\/2024\/10\/160x80_WhiteLegs_Urban-Oak-1.jpg\",\"datePublished\":\"2022-10-10T10:00:55+00:00\",\"dateModified\":\"2026-04-20T08:49:19+00:00\",\"description\":\"Luna serien best\u00e5r av bord med fasta ben i olika former. Luna U har ett U-format stativ och lagerh\u00e5lls i 10 storlekar med olika val av bordsskivor och f\u00e4rger p\u00e5 stativ.\",\"breadcrumb\":{\"@id\":\"https:\/\/shop.bjerring-sales.dk\/sv\/produkt\/luna-u\/#breadcrumb\"},\"inLanguage\":\"da-DK\",\"potentialAction\":[{\"@type\":\"ReadAction\",\"target\":[\"https:\/\/shop.bjerring-sales.dk\/sv\/produkt\/luna-u\/\"]}]},{\"@type\":\"ImageObject\",\"inLanguage\":\"da-DK\",\"@id\":\"https:\/\/shop.bjerring-sales.dk\/sv\/produkt\/luna-u\/#primaryimage\",\"url\":\"https:\/\/shop.bjerring-sales.dk\/wp-content\/uploads\/2024\/10\/160x80_WhiteLegs_Urban-Oak-1.jpg\",\"contentUrl\":\"https:\/\/shop.bjerring-sales.dk\/wp-content\/uploads\/2024\/10\/160x80_WhiteLegs_Urban-Oak-1.jpg\",\"width\":800,\"height\":800},{\"@type\":\"BreadcrumbList\",\"@id\":\"https:\/\/shop.bjerring-sales.dk\/sv\/produkt\/luna-u\/#breadcrumb\",\"itemListElement\":[{\"@type\":\"ListItem\",\"position\":1,\"name\":\"Hem\",\"item\":\"https:\/\/shop.bjerring-sales.dk\/\"},{\"@type\":\"ListItem\",\"position\":2,\"name\":\"Webbutik\",\"item\":\"https:\/\/shop.bjerring-sales.dk\/butik\/\"},{\"@type\":\"ListItem\",\"position\":3,\"name\":\"Luna U &#8211; Ett stilrent bord med fasta ben i U-form\"}]},{\"@type\":\"WebSite\",\"@id\":\"https:\/\/shop.bjerring-sales.dk\/#website\",\"url\":\"https:\/\/shop.bjerring-sales.dk\/\",\"name\":\"Bjerring-Sales\",\"description\":\"M\u00f6bler f\u00f6r teatrar, skolor, kontor och k\u00f6pcentrum\",\"publisher\":{\"@id\":\"https:\/\/shop.bjerring-sales.dk\/#organization\"},\"potentialAction\":[{\"@type\":\"SearchAction\",\"target\":{\"@type\":\"EntryPoint\",\"urlTemplate\":\"https:\/\/shop.bjerring-sales.dk\/?s={search_term_string}\"},\"query-input\":{\"@type\":\"PropertyValueSpecification\",\"valueRequired\":true,\"valueName\":\"search_term_string\"}}],\"inLanguage\":\"da-DK\"},{\"@type\":\"Organization\",\"@id\":\"https:\/\/shop.bjerring-sales.dk\/#organization\",\"name\":\"Bjerring-Sales\",\"url\":\"https:\/\/shop.bjerring-sales.dk\/\",\"logo\":{\"@type\":\"ImageObject\",\"inLanguage\":\"da-DK\",\"@id\":\"https:\/\/shop.bjerring-sales.dk\/#\/schema\/logo\/image\/\",\"url\":\"https:\/\/shop.bjerring-sales.dk\/wp-content\/uploads\/2023\/01\/logo_sv.png\",\"contentUrl\":\"https:\/\/shop.bjerring-sales.dk\/wp-content\/uploads\/2023\/01\/logo_sv.png\",\"width\":195,\"height\":68,\"caption\":\"Bjerring-Sales\"},\"image\":{\"@id\":\"https:\/\/shop.bjerring-sales.dk\/#\/schema\/logo\/image\/\"}}]}<\/script>\n<!-- \/ Yoast SEO plugin. -->","yoast_head_json":{"title":"Luna U - Ett stilrent bord med fasta ben i U-form - Bjerring-Sales","description":"Luna serien best\u00e5r av bord med fasta ben i olika former. Luna U har ett U-format stativ och lagerh\u00e5lls i 10 storlekar med olika val av bordsskivor och f\u00e4rger p\u00e5 stativ.","robots":{"index":"index","follow":"follow","max-snippet":"max-snippet:-1","max-image-preview":"max-image-preview:large","max-video-preview":"max-video-preview:-1"},"canonical":"https:\/\/shop.bjerring-sales.dk\/da\/vare\/luna-u\/","og_locale":"da_DK","og_type":"article","og_title":"Luna U - Ett stilrent bord med fasta ben i U-form - Bjerring-Sales","og_description":"Luna serien best\u00e5r av bord med fasta ben i olika former. Luna U har ett U-format stativ och lagerh\u00e5lls i 10 storlekar med olika val av bordsskivor och f\u00e4rger p\u00e5 stativ.","og_url":"https:\/\/shop.bjerring-sales.dk\/da\/vare\/luna-u\/","og_site_name":"Bjerring-Sales","article_modified_time":"2026-04-20T08:49:19+00:00","og_image":[{"width":800,"height":800,"url":"https:\/\/shop.bjerring-sales.dk\/wp-content\/uploads\/2024\/10\/160x80_WhiteLegs_Urban-Oak-1.jpg","type":"image\/jpeg"}],"twitter_card":"summary_large_image","twitter_misc":{"Estimeret l\u00e6setid":"2 minutter"},"schema":{"@context":"https:\/\/schema.org","@graph":[{"@type":"WebPage","@id":"https:\/\/shop.bjerring-sales.dk\/sv\/produkt\/luna-u\/","url":"https:\/\/shop.bjerring-sales.dk\/sv\/produkt\/luna-u\/","name":"Luna U - Ett stilrent bord med fasta ben i U-form - Bjerring-Sales","isPartOf":{"@id":"https:\/\/shop.bjerring-sales.dk\/#website"},"primaryImageOfPage":{"@id":"https:\/\/shop.bjerring-sales.dk\/sv\/produkt\/luna-u\/#primaryimage"},"image":{"@id":"https:\/\/shop.bjerring-sales.dk\/sv\/produkt\/luna-u\/#primaryimage"},"thumbnailUrl":"https:\/\/shop.bjerring-sales.dk\/wp-content\/uploads\/2024\/10\/160x80_WhiteLegs_Urban-Oak-1.jpg","datePublished":"2022-10-10T10:00:55+00:00","dateModified":"2026-04-20T08:49:19+00:00","description":"Luna serien best\u00e5r av bord med fasta ben i olika former. Luna U har ett U-format stativ och lagerh\u00e5lls i 10 storlekar med olika val av bordsskivor och f\u00e4rger p\u00e5 stativ.","breadcrumb":{"@id":"https:\/\/shop.bjerring-sales.dk\/sv\/produkt\/luna-u\/#breadcrumb"},"inLanguage":"da-DK","potentialAction":[{"@type":"ReadAction","target":["https:\/\/shop.bjerring-sales.dk\/sv\/produkt\/luna-u\/"]}]},{"@type":"ImageObject","inLanguage":"da-DK","@id":"https:\/\/shop.bjerring-sales.dk\/sv\/produkt\/luna-u\/#primaryimage","url":"https:\/\/shop.bjerring-sales.dk\/wp-content\/uploads\/2024\/10\/160x80_WhiteLegs_Urban-Oak-1.jpg","contentUrl":"https:\/\/shop.bjerring-sales.dk\/wp-content\/uploads\/2024\/10\/160x80_WhiteLegs_Urban-Oak-1.jpg","width":800,"height":800},{"@type":"BreadcrumbList","@id":"https:\/\/shop.bjerring-sales.dk\/sv\/produkt\/luna-u\/#breadcrumb","itemListElement":[{"@type":"ListItem","position":1,"name":"Hem","item":"https:\/\/shop.bjerring-sales.dk\/"},{"@type":"ListItem","position":2,"name":"Webbutik","item":"https:\/\/shop.bjerring-sales.dk\/butik\/"},{"@type":"ListItem","position":3,"name":"Luna U &#8211; Ett stilrent bord med fasta ben i U-form"}]},{"@type":"WebSite","@id":"https:\/\/shop.bjerring-sales.dk\/#website","url":"https:\/\/shop.bjerring-sales.dk\/","name":"Bjerring-Salg","description":"M\u00f8bler til teatre, skoler, kontorer og indk\u00f8bscentre","publisher":{"@id":"https:\/\/shop.bjerring-sales.dk\/#organization"},"potentialAction":[{"@type":"SearchAction","target":{"@type":"EntryPoint","urlTemplate":"https:\/\/shop.bjerring-sales.dk\/?s={search_term_string}"},"query-input":{"@type":"PropertyValueSpecification","valueRequired":true,"valueName":"search_term_string"}}],"inLanguage":"da-DK"},{"@type":"Organization","@id":"https:\/\/shop.bjerring-sales.dk\/#organization","name":"Bjerring-Salg","url":"https:\/\/shop.bjerring-sales.dk\/","logo":{"@type":"ImageObject","inLanguage":"da-DK","@id":"https:\/\/shop.bjerring-sales.dk\/#\/schema\/logo\/image\/","url":"https:\/\/shop.bjerring-sales.dk\/wp-content\/uploads\/2023\/01\/logo_sv.png","contentUrl":"https:\/\/shop.bjerring-sales.dk\/wp-content\/uploads\/2023\/01\/logo_sv.png","width":195,"height":68,"caption":"Bjerring-Sales"},"image":{"@id":"https:\/\/shop.bjerring-sales.dk\/#\/schema\/logo\/image\/"}}]}},"_links":{"self":[{"href":"https:\/\/shop.bjerring-sales.dk\/da\/wp-json\/wp\/v2\/product\/59473","targetHints":{"allow":["GET"]}}],"collection":[{"href":"https:\/\/shop.bjerring-sales.dk\/da\/wp-json\/wp\/v2\/product"}],"about":[{"href":"https:\/\/shop.bjerring-sales.dk\/da\/wp-json\/wp\/v2\/types\/product"}],"wp:featuredmedia":[{"embeddable":true,"href":"https:\/\/shop.bjerring-sales.dk\/da\/wp-json\/wp\/v2\/media\/100019"}],"wp:attachment":[{"href":"https:\/\/shop.bjerring-sales.dk\/da\/wp-json\/wp\/v2\/media?parent=59473"}],"wp:term":[{"taxonomy":"product_brand","embeddable":true,"href":"https:\/\/shop.bjerring-sales.dk\/da\/wp-json\/wp\/v2\/product_brand?post=59473"},{"taxonomy":"product_cat","embeddable":true,"href":"https:\/\/shop.bjerring-sales.dk\/da\/wp-json\/wp\/v2\/product_cat?post=59473"},{"taxonomy":"product_tag","embeddable":true,"href":"https:\/\/shop.bjerring-sales.dk\/da\/wp-json\/wp\/v2\/product_tag?post=59473"}],"curies":[{"name":"wp","href":"https:\/\/api.w.org\/{rel}","templated":true}]}}