{"id":58668,"date":"2021-02-04T15:52:56","date_gmt":"2021-02-04T14:52:56","guid":{"rendered":"https:\/\/pule.se\/produkt\/tygkladd-stapelbar-stol-med-armstod\/"},"modified":"2025-12-12T10:03:29","modified_gmt":"2025-12-12T09:03:29","slug":"tygkladd-stapelbar-stol-med-armstod","status":"publish","type":"product","link":"https:\/\/shop.bjerring-sales.dk\/da\/vare\/tygkladd-stapelbar-stol-med-armstod\/","title":{"rendered":"Choice stol - Med arml\u00e6n. Stofbekl\u00e6dt stabelstol med arml\u00e6n."},"content":{"rendered":"<div class=\"wpb-content-wrapper\"><div class=\"vc_row wpb_row vc_row-fluid\"><div class=\"wpb_column vc_column_container vc_col-sm-12\"><div class=\"vc_column-inner\"><div class=\"wpb_wrapper\">\n\t<div class=\"wpb_text_column wpb_content_element\" >\n\t\t<div class=\"wpb_wrapper\">\n\t\t\t<p><span style=\"font-size: 24pt\">Stofbekl\u00e6dt stabelstol med arml\u00e6n &amp; firbenet stel - Choice-serien<br \/>\n<\/span>Choice stolen med arml\u00e6n er en stabelbar stol, der er lagerf\u00f8rt i flere varianter. Her pr\u00e6senterer vi Choice med arml\u00e6n og stofbetr\u00e6k. Stolen er p\u00e5 lager i 48 varianter.<\/p>\n<p>Choice med stofbetr\u00e6k og arml\u00e6n er den perfekte stol til konferencer, kontorer og undervisningslokaler. Stolen f\u00e5s i mange varianter med s\u00e6de og ryg i stofbetr\u00e6k. V\u00e6lg mellem at have samme farve s\u00e6de\/ryg eller s\u00e6de\/ryg i forskellige farver. Det skaber muligheder for dekorat\u00f8rer, der \u00f8nsker at indrette med m\u00f8bler, der f\u00f8lger en virksomheds grafiske profil, eller mulighed for at kunne variere med forskellige farver omkring et bord eller i et konference lokale. Choice stolen f\u00e5s ogs\u00e5 med s\u00e6de\/ryg i plast eller hvis kunden foretr\u00e6kker et s\u00e6de i stof og ryg i plast eller omvendt.<\/p>\n\n\t\t<\/div>\n\t<\/div>\n<\/div><\/div><\/div><\/div><div class=\"vc_row wpb_row vc_row-fluid\"><div class=\"wpb_column vc_column_container vc_col-sm-4\"><div class=\"vc_column-inner\"><div class=\"wpb_wrapper\">\n\t<div  class=\"wpb_single_image wpb_content_element vc_align_center\">\n\t\t\n\t\t<figure class=\"wpb_wrapper vc_figure\">\n\t\t\t<div class=\"vc_single_image-wrapper vc_box_shadow_border  vc_box_border_grey\"><img loading=\"lazy\" decoding=\"async\" width=\"800\" height=\"550\" src=\"https:\/\/shop.bjerring-sales.dk\/wp-content\/uploads\/2021\/02\/ELJ_Choice_ConferenceHall-02_550px-1.gif\" class=\"vc_single_image-img attachment-full\" alt=\"\" title=\"ELJ_Choice_ConferenceHall-02_550px\" \/><\/div>\n\t\t<\/figure>\n\t<\/div>\n<\/div><\/div><\/div><div class=\"wpb_column vc_column_container vc_col-sm-4\"><div class=\"vc_column-inner\"><div class=\"wpb_wrapper\">\n\t<div  class=\"wpb_single_image wpb_content_element vc_align_center\">\n\t\t\n\t\t<figure class=\"wpb_wrapper vc_figure\">\n\t\t\t<div class=\"vc_single_image-wrapper vc_box_shadow_border  vc_box_border_grey\"><img loading=\"lazy\" decoding=\"async\" width=\"800\" height=\"550\" src=\"https:\/\/shop.bjerring-sales.dk\/wp-content\/uploads\/2021\/02\/Choice_tyg_updown1_550px-1.gif\" class=\"vc_single_image-img attachment-full\" alt=\"\" title=\"Choice_fabric_updown1_550px\" \/><\/div>\n\t\t<\/figure>\n\t<\/div>\n<\/div><\/div><\/div><div class=\"wpb_column vc_column_container vc_col-sm-4\"><div class=\"vc_column-inner\"><div class=\"wpb_wrapper\">\n\t<div  class=\"wpb_single_image wpb_content_element vc_align_center\">\n\t\t\n\t\t<figure class=\"wpb_wrapper vc_figure\">\n\t\t\t<div class=\"vc_single_image-wrapper vc_box_shadow_border  vc_box_border_grey\"><img loading=\"lazy\" decoding=\"async\" width=\"800\" height=\"550\" src=\"https:\/\/shop.bjerring-sales.dk\/wp-content\/uploads\/2021\/02\/Choice_updown2_550px-1.gif\" class=\"vc_single_image-img attachment-full\" alt=\"\" title=\"Choice_updown2_550px\" \/><\/div>\n\t\t<\/figure>\n\t<\/div>\n<\/div><\/div><\/div><\/div><div class=\"vc_row wpb_row vc_row-fluid\"><div class=\"wpb_column vc_column_container vc_col-sm-6\"><div class=\"vc_column-inner\"><div class=\"wpb_wrapper\">\n\t<div class=\"wpb_text_column wpb_content_element\" >\n\t\t<div class=\"wpb_wrapper\">\n\t\t\t<p><span style=\"font-size: 18pt\">Farver<br \/>\n<\/span>S\u00e6de og ryg f\u00e5s i farverne sort, bl\u00e5, lysegr\u00e5 og m\u00f8rkegr\u00e5<br \/>\nStellet f\u00e5s i farverne sort, hvid og s\u00f8lvgr\u00e5<\/p>\n<p><span style=\"font-size: 18pt\">M\u00e5l<\/span><\/p>\n<ul>\n<li>H\u00f8jde: 800 mm<\/li>\n<li>Dybde: 550 mm<\/li>\n<li>Bredde ved bagben: 500 mm<\/li>\n<li>Bredde ved forben: 470 mm<\/li>\n<li>S\u00e6debredde: 460 mm<\/li>\n<li>S\u00e6dedybde: 450 mm<\/li>\n<li>S\u00e6deh\u00f8jde foran: 480 mm<\/li>\n<li>Siddeh\u00f8jde bagp\u00e5: 465 mm<\/li>\n<\/ul>\n<p><span style=\"font-size: 18pt\">Specifikationer<br \/>\n<\/span><\/p>\n<ul>\n<li>Stabelbar, max 8 i h\u00f8jden.<\/li>\n<li>50.000 Martindales<\/li>\n<\/ul>\n\n\t\t<\/div>\n\t<\/div>\n<\/div><\/div><\/div><div class=\"wpb_column vc_column_container vc_col-sm-6\"><div class=\"vc_column-inner\"><div class=\"wpb_wrapper\">\n\t<div class=\"wpb_text_column wpb_content_element\" >\n\t\t<div class=\"wpb_wrapper\">\n\t\t\t<p><span style=\"font-size: 18pt\">V\u00e6gt<\/span><\/p>\n<ul>\n<li>Choice stolen vejer 7,45 kg<\/li>\n<\/ul>\n<p><span style=\"font-size: 18pt\">Garanti<\/span><\/p>\n<ul>\n<li>2 \u00e5r<\/li>\n<\/ul>\n<p><span style=\"font-size: 18pt\">\u00d8vrigt<\/span><br \/>\nChoice lagerf\u00f8res ogs\u00e5 som en praktisk taburet, der kan bruges ved siden af skrivebordet til kolleger, der gerne vil kunne s\u00e6tte sig hurtigt ned. Choice stolen er unik med mange anvendelsesomr\u00e5der og dens design skaber en behagelig siddestilling, der forhindrer din ryg i at blive tr\u00e6t.<\/p>\n\n\t\t<\/div>\n\t<\/div>\n<\/div><\/div><\/div><\/div><div class=\"vc_row wpb_row vc_row-fluid\"><div class=\"wpb_column vc_column_container vc_col-sm-6\"><div class=\"vc_column-inner\"><div class=\"wpb_wrapper\">\n\t<div  class=\"wpb_single_image wpb_content_element vc_align_center\">\n\t\t\n\t\t<figure class=\"wpb_wrapper vc_figure\">\n\t\t\t<div class=\"vc_single_image-wrapper   vc_box_border_grey\"><img loading=\"lazy\" decoding=\"async\" width=\"788\" height=\"700\" src=\"https:\/\/shop.bjerring-sales.dk\/wp-content\/uploads\/2021\/02\/chof07.jpg\" class=\"vc_single_image-img attachment-full\" alt=\"\" title=\"chef07\" srcset=\"https:\/\/shop.bjerring-sales.dk\/wp-content\/uploads\/2021\/02\/chof07.jpg 788w, https:\/\/shop.bjerring-sales.dk\/wp-content\/uploads\/2021\/02\/chof07-150x133.jpg 150w, https:\/\/shop.bjerring-sales.dk\/wp-content\/uploads\/2021\/02\/chof07-600x533.jpg 600w, https:\/\/shop.bjerring-sales.dk\/wp-content\/uploads\/2021\/02\/chof07-300x266.jpg 300w, https:\/\/shop.bjerring-sales.dk\/wp-content\/uploads\/2021\/02\/chof07-768x682.jpg 768w\" sizes=\"auto, (max-width: 788px) 100vw, 788px\" \/><\/div>\n\t\t<\/figure>\n\t<\/div>\n<\/div><\/div><\/div><div class=\"wpb_column vc_column_container vc_col-sm-6\"><div class=\"vc_column-inner\"><div class=\"wpb_wrapper\">\n\t<div  class=\"wpb_single_image wpb_content_element vc_align_center\">\n\t\t\n\t\t<figure class=\"wpb_wrapper vc_figure\">\n\t\t\t<div class=\"vc_single_image-wrapper   vc_box_border_grey\"><img loading=\"lazy\" decoding=\"async\" width=\"788\" height=\"700\" src=\"https:\/\/shop.bjerring-sales.dk\/wp-content\/uploads\/2021\/02\/chof06.jpg\" class=\"vc_single_image-img attachment-full\" alt=\"\" title=\"chef06\" srcset=\"https:\/\/shop.bjerring-sales.dk\/wp-content\/uploads\/2021\/02\/chof06.jpg 788w, https:\/\/shop.bjerring-sales.dk\/wp-content\/uploads\/2021\/02\/chof06-150x133.jpg 150w, https:\/\/shop.bjerring-sales.dk\/wp-content\/uploads\/2021\/02\/chof06-600x533.jpg 600w, https:\/\/shop.bjerring-sales.dk\/wp-content\/uploads\/2021\/02\/chof06-300x266.jpg 300w, https:\/\/shop.bjerring-sales.dk\/wp-content\/uploads\/2021\/02\/chof06-768x682.jpg 768w\" sizes=\"auto, (max-width: 788px) 100vw, 788px\" \/><\/div>\n\t\t<\/figure>\n\t<\/div>\n<\/div><\/div><\/div><\/div>\n<\/div>","protected":false},"excerpt":{"rendered":"<p>Choice med arml\u00e6n og stofbetr\u00e6k er den perfekte stol til konferencer, kontorer og undervisningslokaler. Stolen f\u00e5s i mange varianter med s\u00e6de og ryg i stofbetr\u00e6k. V\u00e6lg mellem at have samme farve s\u00e6de\/ryg eller s\u00e6de\/ryg i forskellige farver.<\/p>","protected":false},"featured_media":99102,"template":"","meta":{"iawp_total_views":3},"product_brand":[],"product_cat":[5825,6361,5848,5853],"product_tag":[6043,6047,5850,5981,5982],"class_list":{"0":"post-58668","1":"product","2":"type-product","3":"status-publish","4":"has-post-thumbnail","6":"product_cat-stapelbara-stolar","7":"product_cat-choice","8":"product_cat-kladda-stolar","9":"product_cat-konferensstolar","10":"product_tag-tygkladd-stol","11":"product_tag-choice-stolen","12":"product_tag-stapelbar-stol","13":"product_tag-karmstol","14":"product_tag-stol-med-armstod","16":"first","17":"instock","18":"taxable","19":"shipping-taxable","20":"purchasable","21":"product-type-variable"},"yoast_head":"<!-- This site is optimized with the Yoast SEO plugin v27.0 - https:\/\/yoast.com\/product\/yoast-seo-wordpress\/ -->\n<title>Tygkl\u00e4dd stapelbar stol med armst\u00f6d - Choice - Bjerring-Sales<\/title>\n<meta name=\"description\" content=\"Choice med armst\u00f6d och tygkl\u00e4dsel \u00e4r den perfekta stolen f\u00f6r konferenser, kontor och utbildningsrum. Stolen finns i m\u00e5nga variationer med sits och rygg i tygkl\u00e4dsel.\" \/>\n<meta name=\"robots\" content=\"index, follow, max-snippet:-1, max-image-preview:large, max-video-preview:-1\" \/>\n<link rel=\"canonical\" href=\"https:\/\/shop.bjerring-sales.dk\/da\/vare\/tygkladd-stapelbar-stol-med-armstod\/\" \/>\n<meta property=\"og:locale\" content=\"da_DK\" \/>\n<meta property=\"og:type\" content=\"article\" \/>\n<meta property=\"og:title\" content=\"Tygkl\u00e4dd stapelbar stol med armst\u00f6d - Choice - Bjerring-Sales\" \/>\n<meta property=\"og:description\" content=\"Choice med armst\u00f6d och tygkl\u00e4dsel \u00e4r den perfekta stolen f\u00f6r konferenser, kontor och utbildningsrum. Stolen finns i m\u00e5nga variationer med sits och rygg i tygkl\u00e4dsel.\" \/>\n<meta property=\"og:url\" content=\"https:\/\/shop.bjerring-sales.dk\/da\/vare\/tygkladd-stapelbar-stol-med-armstod\/\" \/>\n<meta property=\"og:site_name\" content=\"Bjerring-Sales\" \/>\n<meta property=\"article:modified_time\" content=\"2025-12-12T09:03:29+00:00\" \/>\n<meta property=\"og:image\" content=\"https:\/\/shop.bjerring-sales.dk\/wp-content\/uploads\/2024\/10\/Choice_WhiteFrame_BlueSeat.png\" \/>\n\t<meta property=\"og:image:width\" content=\"800\" \/>\n\t<meta property=\"og:image:height\" content=\"800\" \/>\n\t<meta property=\"og:image:type\" content=\"image\/png\" \/>\n<meta name=\"twitter:card\" content=\"summary_large_image\" \/>\n<meta name=\"twitter:label1\" content=\"Estimeret l\u00e6setid\" \/>\n\t<meta name=\"twitter:data1\" content=\"2 minutter\" \/>\n<script type=\"application\/ld+json\" class=\"yoast-schema-graph\">{\"@context\":\"https:\/\/schema.org\",\"@graph\":[{\"@type\":\"WebPage\",\"@id\":\"https:\/\/shop.bjerring-sales.dk\/sv\/produkt\/tygkladd-stapelbar-stol-med-armstod\/\",\"url\":\"https:\/\/shop.bjerring-sales.dk\/sv\/produkt\/tygkladd-stapelbar-stol-med-armstod\/\",\"name\":\"Tygkl\u00e4dd stapelbar stol med armst\u00f6d - Choice - Bjerring-Sales\",\"isPartOf\":{\"@id\":\"https:\/\/shop.bjerring-sales.dk\/#website\"},\"primaryImageOfPage\":{\"@id\":\"https:\/\/shop.bjerring-sales.dk\/sv\/produkt\/tygkladd-stapelbar-stol-med-armstod\/#primaryimage\"},\"image\":{\"@id\":\"https:\/\/shop.bjerring-sales.dk\/sv\/produkt\/tygkladd-stapelbar-stol-med-armstod\/#primaryimage\"},\"thumbnailUrl\":\"https:\/\/shop.bjerring-sales.dk\/wp-content\/uploads\/2024\/10\/Choice_WhiteFrame_BlueSeat.png\",\"datePublished\":\"2021-02-04T14:52:56+00:00\",\"dateModified\":\"2025-12-12T09:03:29+00:00\",\"description\":\"Choice med armst\u00f6d och tygkl\u00e4dsel \u00e4r den perfekta stolen f\u00f6r konferenser, kontor och utbildningsrum. Stolen finns i m\u00e5nga variationer med sits och rygg i tygkl\u00e4dsel.\",\"breadcrumb\":{\"@id\":\"https:\/\/shop.bjerring-sales.dk\/sv\/produkt\/tygkladd-stapelbar-stol-med-armstod\/#breadcrumb\"},\"inLanguage\":\"da-DK\",\"potentialAction\":[{\"@type\":\"ReadAction\",\"target\":[\"https:\/\/shop.bjerring-sales.dk\/sv\/produkt\/tygkladd-stapelbar-stol-med-armstod\/\"]}]},{\"@type\":\"ImageObject\",\"inLanguage\":\"da-DK\",\"@id\":\"https:\/\/shop.bjerring-sales.dk\/sv\/produkt\/tygkladd-stapelbar-stol-med-armstod\/#primaryimage\",\"url\":\"https:\/\/shop.bjerring-sales.dk\/wp-content\/uploads\/2024\/10\/Choice_WhiteFrame_BlueSeat.png\",\"contentUrl\":\"https:\/\/shop.bjerring-sales.dk\/wp-content\/uploads\/2024\/10\/Choice_WhiteFrame_BlueSeat.png\",\"width\":800,\"height\":800},{\"@type\":\"BreadcrumbList\",\"@id\":\"https:\/\/shop.bjerring-sales.dk\/sv\/produkt\/tygkladd-stapelbar-stol-med-armstod\/#breadcrumb\",\"itemListElement\":[{\"@type\":\"ListItem\",\"position\":1,\"name\":\"Hem\",\"item\":\"https:\/\/shop.bjerring-sales.dk\/\"},{\"@type\":\"ListItem\",\"position\":2,\"name\":\"Webbutik\",\"item\":\"https:\/\/shop.bjerring-sales.dk\/butik\/\"},{\"@type\":\"ListItem\",\"position\":3,\"name\":\"Tygkl\u00e4dd stapelbar stol med armst\u00f6d &#8211; Choice\"}]},{\"@type\":\"WebSite\",\"@id\":\"https:\/\/shop.bjerring-sales.dk\/#website\",\"url\":\"https:\/\/shop.bjerring-sales.dk\/\",\"name\":\"Bjerring-Sales\",\"description\":\"M\u00f6bler f\u00f6r teatrar, skolor, kontor och k\u00f6pcentrum\",\"publisher\":{\"@id\":\"https:\/\/shop.bjerring-sales.dk\/#organization\"},\"potentialAction\":[{\"@type\":\"SearchAction\",\"target\":{\"@type\":\"EntryPoint\",\"urlTemplate\":\"https:\/\/shop.bjerring-sales.dk\/?s={search_term_string}\"},\"query-input\":{\"@type\":\"PropertyValueSpecification\",\"valueRequired\":true,\"valueName\":\"search_term_string\"}}],\"inLanguage\":\"da-DK\"},{\"@type\":\"Organization\",\"@id\":\"https:\/\/shop.bjerring-sales.dk\/#organization\",\"name\":\"Bjerring-Sales\",\"url\":\"https:\/\/shop.bjerring-sales.dk\/\",\"logo\":{\"@type\":\"ImageObject\",\"inLanguage\":\"da-DK\",\"@id\":\"https:\/\/shop.bjerring-sales.dk\/#\/schema\/logo\/image\/\",\"url\":\"https:\/\/shop.bjerring-sales.dk\/wp-content\/uploads\/2023\/01\/logo_sv.png\",\"contentUrl\":\"https:\/\/shop.bjerring-sales.dk\/wp-content\/uploads\/2023\/01\/logo_sv.png\",\"width\":195,\"height\":68,\"caption\":\"Bjerring-Sales\"},\"image\":{\"@id\":\"https:\/\/shop.bjerring-sales.dk\/#\/schema\/logo\/image\/\"}}]}<\/script>\n<!-- \/ Yoast SEO plugin. -->","yoast_head_json":{"title":"Tygkl\u00e4dd stapelbar stol med armst\u00f6d - Choice - Bjerring-Sales","description":"Choice med armst\u00f6d och tygkl\u00e4dsel \u00e4r den perfekta stolen f\u00f6r konferenser, kontor och utbildningsrum. Stolen finns i m\u00e5nga variationer med sits och rygg i tygkl\u00e4dsel.","robots":{"index":"index","follow":"follow","max-snippet":"max-snippet:-1","max-image-preview":"max-image-preview:large","max-video-preview":"max-video-preview:-1"},"canonical":"https:\/\/shop.bjerring-sales.dk\/da\/vare\/tygkladd-stapelbar-stol-med-armstod\/","og_locale":"da_DK","og_type":"article","og_title":"Tygkl\u00e4dd stapelbar stol med armst\u00f6d - Choice - Bjerring-Sales","og_description":"Choice med armst\u00f6d och tygkl\u00e4dsel \u00e4r den perfekta stolen f\u00f6r konferenser, kontor och utbildningsrum. Stolen finns i m\u00e5nga variationer med sits och rygg i tygkl\u00e4dsel.","og_url":"https:\/\/shop.bjerring-sales.dk\/da\/vare\/tygkladd-stapelbar-stol-med-armstod\/","og_site_name":"Bjerring-Sales","article_modified_time":"2025-12-12T09:03:29+00:00","og_image":[{"width":800,"height":800,"url":"https:\/\/shop.bjerring-sales.dk\/wp-content\/uploads\/2024\/10\/Choice_WhiteFrame_BlueSeat.png","type":"image\/png"}],"twitter_card":"summary_large_image","twitter_misc":{"Estimeret l\u00e6setid":"2 minutter"},"schema":{"@context":"https:\/\/schema.org","@graph":[{"@type":"WebPage","@id":"https:\/\/shop.bjerring-sales.dk\/sv\/produkt\/tygkladd-stapelbar-stol-med-armstod\/","url":"https:\/\/shop.bjerring-sales.dk\/sv\/produkt\/tygkladd-stapelbar-stol-med-armstod\/","name":"Tygkl\u00e4dd stapelbar stol med armst\u00f6d - Choice - Bjerring-Sales","isPartOf":{"@id":"https:\/\/shop.bjerring-sales.dk\/#website"},"primaryImageOfPage":{"@id":"https:\/\/shop.bjerring-sales.dk\/sv\/produkt\/tygkladd-stapelbar-stol-med-armstod\/#primaryimage"},"image":{"@id":"https:\/\/shop.bjerring-sales.dk\/sv\/produkt\/tygkladd-stapelbar-stol-med-armstod\/#primaryimage"},"thumbnailUrl":"https:\/\/shop.bjerring-sales.dk\/wp-content\/uploads\/2024\/10\/Choice_WhiteFrame_BlueSeat.png","datePublished":"2021-02-04T14:52:56+00:00","dateModified":"2025-12-12T09:03:29+00:00","description":"Choice med armst\u00f6d och tygkl\u00e4dsel \u00e4r den perfekta stolen f\u00f6r konferenser, kontor och utbildningsrum. Stolen finns i m\u00e5nga variationer med sits och rygg i tygkl\u00e4dsel.","breadcrumb":{"@id":"https:\/\/shop.bjerring-sales.dk\/sv\/produkt\/tygkladd-stapelbar-stol-med-armstod\/#breadcrumb"},"inLanguage":"da-DK","potentialAction":[{"@type":"ReadAction","target":["https:\/\/shop.bjerring-sales.dk\/sv\/produkt\/tygkladd-stapelbar-stol-med-armstod\/"]}]},{"@type":"ImageObject","inLanguage":"da-DK","@id":"https:\/\/shop.bjerring-sales.dk\/sv\/produkt\/tygkladd-stapelbar-stol-med-armstod\/#primaryimage","url":"https:\/\/shop.bjerring-sales.dk\/wp-content\/uploads\/2024\/10\/Choice_WhiteFrame_BlueSeat.png","contentUrl":"https:\/\/shop.bjerring-sales.dk\/wp-content\/uploads\/2024\/10\/Choice_WhiteFrame_BlueSeat.png","width":800,"height":800},{"@type":"BreadcrumbList","@id":"https:\/\/shop.bjerring-sales.dk\/sv\/produkt\/tygkladd-stapelbar-stol-med-armstod\/#breadcrumb","itemListElement":[{"@type":"ListItem","position":1,"name":"Hem","item":"https:\/\/shop.bjerring-sales.dk\/"},{"@type":"ListItem","position":2,"name":"Webbutik","item":"https:\/\/shop.bjerring-sales.dk\/butik\/"},{"@type":"ListItem","position":3,"name":"Tygkl\u00e4dd stapelbar stol med armst\u00f6d &#8211; Choice"}]},{"@type":"WebSite","@id":"https:\/\/shop.bjerring-sales.dk\/#website","url":"https:\/\/shop.bjerring-sales.dk\/","name":"Bjerring-Salg","description":"M\u00f8bler til teatre, skoler, kontorer og indk\u00f8bscentre","publisher":{"@id":"https:\/\/shop.bjerring-sales.dk\/#organization"},"potentialAction":[{"@type":"SearchAction","target":{"@type":"EntryPoint","urlTemplate":"https:\/\/shop.bjerring-sales.dk\/?s={search_term_string}"},"query-input":{"@type":"PropertyValueSpecification","valueRequired":true,"valueName":"search_term_string"}}],"inLanguage":"da-DK"},{"@type":"Organization","@id":"https:\/\/shop.bjerring-sales.dk\/#organization","name":"Bjerring-Salg","url":"https:\/\/shop.bjerring-sales.dk\/","logo":{"@type":"ImageObject","inLanguage":"da-DK","@id":"https:\/\/shop.bjerring-sales.dk\/#\/schema\/logo\/image\/","url":"https:\/\/shop.bjerring-sales.dk\/wp-content\/uploads\/2023\/01\/logo_sv.png","contentUrl":"https:\/\/shop.bjerring-sales.dk\/wp-content\/uploads\/2023\/01\/logo_sv.png","width":195,"height":68,"caption":"Bjerring-Sales"},"image":{"@id":"https:\/\/shop.bjerring-sales.dk\/#\/schema\/logo\/image\/"}}]}},"_links":{"self":[{"href":"https:\/\/shop.bjerring-sales.dk\/da\/wp-json\/wp\/v2\/product\/58668","targetHints":{"allow":["GET"]}}],"collection":[{"href":"https:\/\/shop.bjerring-sales.dk\/da\/wp-json\/wp\/v2\/product"}],"about":[{"href":"https:\/\/shop.bjerring-sales.dk\/da\/wp-json\/wp\/v2\/types\/product"}],"wp:featuredmedia":[{"embeddable":true,"href":"https:\/\/shop.bjerring-sales.dk\/da\/wp-json\/wp\/v2\/media\/99102"}],"wp:attachment":[{"href":"https:\/\/shop.bjerring-sales.dk\/da\/wp-json\/wp\/v2\/media?parent=58668"}],"wp:term":[{"taxonomy":"product_brand","embeddable":true,"href":"https:\/\/shop.bjerring-sales.dk\/da\/wp-json\/wp\/v2\/product_brand?post=58668"},{"taxonomy":"product_cat","embeddable":true,"href":"https:\/\/shop.bjerring-sales.dk\/da\/wp-json\/wp\/v2\/product_cat?post=58668"},{"taxonomy":"product_tag","embeddable":true,"href":"https:\/\/shop.bjerring-sales.dk\/da\/wp-json\/wp\/v2\/product_tag?post=58668"}],"curies":[{"name":"wp","href":"https:\/\/api.w.org\/{rel}","templated":true}]}}