{"id":58599,"date":"2021-03-09T14:29:46","date_gmt":"2021-03-09T13:29:46","guid":{"rendered":"https:\/\/pule.se\/produkt\/klamfasten-till-bordsskarm\/"},"modified":"2024-04-26T11:21:19","modified_gmt":"2024-04-26T09:21:19","slug":"klamfasten-till-bordsskarm","status":"publish","type":"product","link":"https:\/\/shop.bjerring-sales.dk\/da\/vare\/klamfasten-till-bordsskarm\/","title":{"rendered":"Clip\/klemme beslag til bordsk\u00e6rm - Silencio"},"content":{"rendered":"<div class=\"wpb-content-wrapper\"><div class=\"vc_row wpb_row vc_row-fluid\"><div class=\"wpb_column vc_column_container vc_col-sm-12\"><div class=\"vc_column-inner\"><div class=\"wpb_wrapper\">\n\t<div class=\"wpb_text_column wpb_content_element\" >\n\t\t<div class=\"wpb_wrapper\">\n\t\t\t<p><span style=\"font-size: 24pt\">Clip\/klemme beslag til Silencio bordsk\u00e6rme<br \/>\n<\/span>Clip\/klemme belag til Silencio bordsk\u00e6rme til at fastg\u00f8re sk\u00e6rmen til skrivebordet. Der bruges 2 beslag til sk\u00e6rme der m\u00e5ler 70-140 cm, 3 beslag bruges til +160 cm sk\u00e6rme. Klemmen s\u00e6lges enkeltvis.<\/p>\n\n\t\t<\/div>\n\t<\/div>\n<\/div><\/div><\/div><\/div><div class=\"vc_row wpb_row vc_row-fluid\"><div class=\"wpb_column vc_column_container vc_col-sm-4\"><div class=\"vc_column-inner\"><div class=\"wpb_wrapper\">\n\t<div  class=\"wpb_single_image wpb_content_element vc_align_center\">\n\t\t\n\t\t<figure class=\"wpb_wrapper vc_figure\">\n\t\t\t<div class=\"vc_single_image-wrapper vc_box_shadow_border  vc_box_border_grey\"><img loading=\"lazy\" decoding=\"async\" width=\"800\" height=\"550\" src=\"https:\/\/shop.bjerring-sales.dk\/wp-content\/uploads\/2021\/03\/faste_vit_skrivbord_550.jpg\" class=\"vc_single_image-img attachment-full\" alt=\"\" title=\"faste_vit_skrivbord_550\" srcset=\"https:\/\/shop.bjerring-sales.dk\/wp-content\/uploads\/2021\/03\/faste_vit_skrivbord_550.jpg 800w, https:\/\/shop.bjerring-sales.dk\/wp-content\/uploads\/2021\/03\/faste_vit_skrivbord_550-150x103.jpg 150w, https:\/\/shop.bjerring-sales.dk\/wp-content\/uploads\/2021\/03\/faste_vit_skrivbord_550-600x413.jpg 600w, https:\/\/shop.bjerring-sales.dk\/wp-content\/uploads\/2021\/03\/faste_vit_skrivbord_550-300x206.jpg 300w, https:\/\/shop.bjerring-sales.dk\/wp-content\/uploads\/2021\/03\/faste_vit_skrivbord_550-768x528.jpg 768w\" sizes=\"auto, (max-width: 800px) 100vw, 800px\" \/><\/div>\n\t\t<\/figure>\n\t<\/div>\n<\/div><\/div><\/div><div class=\"wpb_column vc_column_container vc_col-sm-4\"><div class=\"vc_column-inner\"><div class=\"wpb_wrapper\">\n\t<div  class=\"wpb_single_image wpb_content_element vc_align_center\">\n\t\t\n\t\t<figure class=\"wpb_wrapper vc_figure\">\n\t\t\t<div class=\"vc_single_image-wrapper vc_box_shadow_border  vc_box_border_grey\"><img loading=\"lazy\" decoding=\"async\" width=\"800\" height=\"550\" src=\"https:\/\/shop.bjerring-sales.dk\/wp-content\/uploads\/2021\/03\/faste_svart_skrivbord_550.jpg\" class=\"vc_single_image-img attachment-full\" alt=\"\" title=\"fixed_sort_skrivbord_550\" srcset=\"https:\/\/shop.bjerring-sales.dk\/wp-content\/uploads\/2021\/03\/faste_svart_skrivbord_550.jpg 800w, https:\/\/shop.bjerring-sales.dk\/wp-content\/uploads\/2021\/03\/faste_svart_skrivbord_550-150x103.jpg 150w, https:\/\/shop.bjerring-sales.dk\/wp-content\/uploads\/2021\/03\/faste_svart_skrivbord_550-600x413.jpg 600w, https:\/\/shop.bjerring-sales.dk\/wp-content\/uploads\/2021\/03\/faste_svart_skrivbord_550-300x206.jpg 300w, https:\/\/shop.bjerring-sales.dk\/wp-content\/uploads\/2021\/03\/faste_svart_skrivbord_550-768x528.jpg 768w\" sizes=\"auto, (max-width: 800px) 100vw, 800px\" \/><\/div>\n\t\t<\/figure>\n\t<\/div>\n<\/div><\/div><\/div><div class=\"wpb_column vc_column_container vc_col-sm-4\"><div class=\"vc_column-inner\"><div class=\"wpb_wrapper\">\n\t<div  class=\"wpb_single_image wpb_content_element vc_align_center\">\n\t\t\n\t\t<figure class=\"wpb_wrapper vc_figure\">\n\t\t\t<div class=\"vc_single_image-wrapper vc_box_shadow_border  vc_box_border_grey\"><img loading=\"lazy\" decoding=\"async\" width=\"800\" height=\"550\" src=\"https:\/\/shop.bjerring-sales.dk\/wp-content\/uploads\/2021\/03\/Faste_gra_skrivbord_550.jpg\" class=\"vc_single_image-img attachment-full\" alt=\"\" title=\"Faste_gra_skrivbord_550\" srcset=\"https:\/\/shop.bjerring-sales.dk\/wp-content\/uploads\/2021\/03\/Faste_gra_skrivbord_550.jpg 800w, https:\/\/shop.bjerring-sales.dk\/wp-content\/uploads\/2021\/03\/Faste_gra_skrivbord_550-150x103.jpg 150w, https:\/\/shop.bjerring-sales.dk\/wp-content\/uploads\/2021\/03\/Faste_gra_skrivbord_550-600x413.jpg 600w, https:\/\/shop.bjerring-sales.dk\/wp-content\/uploads\/2021\/03\/Faste_gra_skrivbord_550-300x206.jpg 300w, https:\/\/shop.bjerring-sales.dk\/wp-content\/uploads\/2021\/03\/Faste_gra_skrivbord_550-768x528.jpg 768w\" sizes=\"auto, (max-width: 800px) 100vw, 800px\" \/><\/div>\n\t\t<\/figure>\n\t<\/div>\n<\/div><\/div><\/div><\/div><div class=\"vc_row wpb_row vc_row-fluid\"><div class=\"wpb_column vc_column_container vc_col-sm-6\"><div class=\"vc_column-inner\"><div class=\"wpb_wrapper\">\n\t<div class=\"wpb_text_column wpb_content_element\" >\n\t\t<div class=\"wpb_wrapper\">\n\t\t\t<p><span style=\"font-size: 18pt\">Anvendelsesomr\u00e5der<br \/>\n<\/span>Beslaget passer til vores bordsk\u00e6rme i Silencio serien men fungerer ogs\u00e5 med andre st\u00f8rrelser, dobbelttjek m\u00e5l inden bestilling for at v\u00e6re p\u00e5 den sikre side.<\/p>\n<p><span style=\"font-size: 18pt\">Garanti<br \/>\n<\/span>2 \u00e5r<\/p>\n\n\t\t<\/div>\n\t<\/div>\n<\/div><\/div><\/div><div class=\"wpb_column vc_column_container vc_col-sm-6\"><div class=\"vc_column-inner\"><div class=\"wpb_wrapper\">\n\t<div class=\"wpb_text_column wpb_content_element\" >\n\t\t<div class=\"wpb_wrapper\">\n\t\t\t<p><span style=\"font-size: 18pt\">Farver<br \/>\n<\/span>Beslagene til bordsk\u00e6rme f\u00e5s i sort, hvid og s\u00f8lvgr\u00e5.<\/p>\n\n\t\t<\/div>\n\t<\/div>\n<\/div><\/div><\/div><\/div>\n<\/div>","protected":false},"excerpt":{"rendered":"<p>Clip\/klemme beslag til Silencio bordsk\u00e6rme til at fast\u00e6tte sk\u00e6rmen til skrivebordet. Der bruges 2 beslag til 70-140 cm sk\u00e6rme og 3 beslag til +160 cm sk\u00e6rme. Klemmerne f\u00e5s i sort, hvid og s\u00f8lvgr\u00e5 og s\u00e6lges enkeltvis.<\/p>","protected":false},"featured_media":95832,"template":"","meta":{"iawp_total_views":5},"product_brand":[],"product_cat":[5834,5785,5847,6362],"product_tag":[5829,5845,5846],"class_list":{"0":"post-58599","1":"product","2":"type-product","3":"status-publish","4":"has-post-thumbnail","6":"product_cat-bordsskarmar","7":"product_cat-hemmakontor","8":"product_cat-tillbehor-till-skarmar","9":"product_cat-silencio","10":"product_tag-silencio","11":"product_tag-bordsskarmar","12":"product_tag-klamfaste","14":"first","15":"instock","16":"taxable","17":"shipping-taxable","18":"purchasable","19":"product-type-variable"},"yoast_head":"<!-- This site is optimized with the Yoast SEO plugin v27.0 - https:\/\/yoast.com\/product\/yoast-seo-wordpress\/ -->\n<title>Kl\u00e4mf\u00e4sten till bordssk\u00e4rm - Silencio - Bjerring-Sales<\/title>\n<meta name=\"description\" content=\"Kl\u00e4mf\u00e4ste till Silencio bordssk\u00e4rmar f\u00f6r att f\u00f6rankra sk\u00e4rmen mot skrivbordet. Kl\u00e4mf\u00e4stena finns i svart, vitt och silvergr\u00e5tt och s\u00e4ljs styckvis.\" \/>\n<meta name=\"robots\" content=\"index, follow, max-snippet:-1, max-image-preview:large, max-video-preview:-1\" \/>\n<link rel=\"canonical\" href=\"https:\/\/shop.bjerring-sales.dk\/da\/vare\/klamfasten-till-bordsskarm\/\" \/>\n<meta property=\"og:locale\" content=\"da_DK\" \/>\n<meta property=\"og:type\" content=\"article\" \/>\n<meta property=\"og:title\" content=\"Kl\u00e4mf\u00e4sten till bordssk\u00e4rm - Silencio - Bjerring-Sales\" \/>\n<meta property=\"og:description\" content=\"Kl\u00e4mf\u00e4ste till Silencio bordssk\u00e4rmar f\u00f6r att f\u00f6rankra sk\u00e4rmen mot skrivbordet. Kl\u00e4mf\u00e4stena finns i svart, vitt och silvergr\u00e5tt och s\u00e4ljs styckvis.\" \/>\n<meta property=\"og:url\" content=\"https:\/\/shop.bjerring-sales.dk\/da\/vare\/klamfasten-till-bordsskarm\/\" \/>\n<meta property=\"og:site_name\" content=\"Bjerring-Sales\" \/>\n<meta property=\"article:modified_time\" content=\"2024-04-26T09:21:19+00:00\" \/>\n<meta property=\"og:image\" content=\"https:\/\/shop.bjerring-sales.dk\/wp-content\/uploads\/2024\/03\/Vitt_faste_silencio-scaled-1.jpg\" \/>\n\t<meta property=\"og:image:width\" content=\"1920\" \/>\n\t<meta property=\"og:image:height\" content=\"1920\" \/>\n\t<meta property=\"og:image:type\" content=\"image\/jpeg\" \/>\n<meta name=\"twitter:card\" content=\"summary_large_image\" \/>\n<meta name=\"twitter:label1\" content=\"Estimeret l\u00e6setid\" \/>\n\t<meta name=\"twitter:data1\" content=\"1 minut\" \/>\n<script type=\"application\/ld+json\" class=\"yoast-schema-graph\">{\"@context\":\"https:\/\/schema.org\",\"@graph\":[{\"@type\":\"WebPage\",\"@id\":\"https:\/\/shop.bjerring-sales.dk\/sv\/produkt\/klamfasten-till-bordsskarm\/\",\"url\":\"https:\/\/shop.bjerring-sales.dk\/sv\/produkt\/klamfasten-till-bordsskarm\/\",\"name\":\"Kl\u00e4mf\u00e4sten till bordssk\u00e4rm - Silencio - Bjerring-Sales\",\"isPartOf\":{\"@id\":\"https:\/\/shop.bjerring-sales.dk\/#website\"},\"primaryImageOfPage\":{\"@id\":\"https:\/\/shop.bjerring-sales.dk\/sv\/produkt\/klamfasten-till-bordsskarm\/#primaryimage\"},\"image\":{\"@id\":\"https:\/\/shop.bjerring-sales.dk\/sv\/produkt\/klamfasten-till-bordsskarm\/#primaryimage\"},\"thumbnailUrl\":\"https:\/\/shop.bjerring-sales.dk\/wp-content\/uploads\/2024\/03\/Vitt_faste_silencio-scaled-1.jpg\",\"datePublished\":\"2021-03-09T13:29:46+00:00\",\"dateModified\":\"2024-04-26T09:21:19+00:00\",\"description\":\"Kl\u00e4mf\u00e4ste till Silencio bordssk\u00e4rmar f\u00f6r att f\u00f6rankra sk\u00e4rmen mot skrivbordet. Kl\u00e4mf\u00e4stena finns i svart, vitt och silvergr\u00e5tt och s\u00e4ljs styckvis.\",\"breadcrumb\":{\"@id\":\"https:\/\/shop.bjerring-sales.dk\/sv\/produkt\/klamfasten-till-bordsskarm\/#breadcrumb\"},\"inLanguage\":\"da-DK\",\"potentialAction\":[{\"@type\":\"ReadAction\",\"target\":[\"https:\/\/shop.bjerring-sales.dk\/sv\/produkt\/klamfasten-till-bordsskarm\/\"]}]},{\"@type\":\"ImageObject\",\"inLanguage\":\"da-DK\",\"@id\":\"https:\/\/shop.bjerring-sales.dk\/sv\/produkt\/klamfasten-till-bordsskarm\/#primaryimage\",\"url\":\"https:\/\/shop.bjerring-sales.dk\/wp-content\/uploads\/2024\/03\/Vitt_faste_silencio-scaled-1.jpg\",\"contentUrl\":\"https:\/\/shop.bjerring-sales.dk\/wp-content\/uploads\/2024\/03\/Vitt_faste_silencio-scaled-1.jpg\",\"width\":1920,\"height\":1920},{\"@type\":\"BreadcrumbList\",\"@id\":\"https:\/\/shop.bjerring-sales.dk\/sv\/produkt\/klamfasten-till-bordsskarm\/#breadcrumb\",\"itemListElement\":[{\"@type\":\"ListItem\",\"position\":1,\"name\":\"Hem\",\"item\":\"https:\/\/shop.bjerring-sales.dk\/\"},{\"@type\":\"ListItem\",\"position\":2,\"name\":\"Webbutik\",\"item\":\"https:\/\/shop.bjerring-sales.dk\/butik\/\"},{\"@type\":\"ListItem\",\"position\":3,\"name\":\"Kl\u00e4mf\u00e4sten till bordssk\u00e4rm &#8211; Silencio\"}]},{\"@type\":\"WebSite\",\"@id\":\"https:\/\/shop.bjerring-sales.dk\/#website\",\"url\":\"https:\/\/shop.bjerring-sales.dk\/\",\"name\":\"Bjerring-Sales\",\"description\":\"M\u00f6bler f\u00f6r teatrar, skolor, kontor och k\u00f6pcentrum\",\"publisher\":{\"@id\":\"https:\/\/shop.bjerring-sales.dk\/#organization\"},\"potentialAction\":[{\"@type\":\"SearchAction\",\"target\":{\"@type\":\"EntryPoint\",\"urlTemplate\":\"https:\/\/shop.bjerring-sales.dk\/?s={search_term_string}\"},\"query-input\":{\"@type\":\"PropertyValueSpecification\",\"valueRequired\":true,\"valueName\":\"search_term_string\"}}],\"inLanguage\":\"da-DK\"},{\"@type\":\"Organization\",\"@id\":\"https:\/\/shop.bjerring-sales.dk\/#organization\",\"name\":\"Bjerring-Sales\",\"url\":\"https:\/\/shop.bjerring-sales.dk\/\",\"logo\":{\"@type\":\"ImageObject\",\"inLanguage\":\"da-DK\",\"@id\":\"https:\/\/shop.bjerring-sales.dk\/#\/schema\/logo\/image\/\",\"url\":\"https:\/\/shop.bjerring-sales.dk\/wp-content\/uploads\/2023\/01\/logo_sv.png\",\"contentUrl\":\"https:\/\/shop.bjerring-sales.dk\/wp-content\/uploads\/2023\/01\/logo_sv.png\",\"width\":195,\"height\":68,\"caption\":\"Bjerring-Sales\"},\"image\":{\"@id\":\"https:\/\/shop.bjerring-sales.dk\/#\/schema\/logo\/image\/\"}}]}<\/script>\n<!-- \/ Yoast SEO plugin. -->","yoast_head_json":{"title":"Kl\u00e4mf\u00e4sten till bordssk\u00e4rm - Silencio - Bjerring-Sales","description":"Kl\u00e4mf\u00e4ste till Silencio bordssk\u00e4rmar f\u00f6r att f\u00f6rankra sk\u00e4rmen mot skrivbordet. Kl\u00e4mf\u00e4stena finns i svart, vitt och silvergr\u00e5tt och s\u00e4ljs styckvis.","robots":{"index":"index","follow":"follow","max-snippet":"max-snippet:-1","max-image-preview":"max-image-preview:large","max-video-preview":"max-video-preview:-1"},"canonical":"https:\/\/shop.bjerring-sales.dk\/da\/vare\/klamfasten-till-bordsskarm\/","og_locale":"da_DK","og_type":"article","og_title":"Kl\u00e4mf\u00e4sten till bordssk\u00e4rm - Silencio - Bjerring-Sales","og_description":"Kl\u00e4mf\u00e4ste till Silencio bordssk\u00e4rmar f\u00f6r att f\u00f6rankra sk\u00e4rmen mot skrivbordet. Kl\u00e4mf\u00e4stena finns i svart, vitt och silvergr\u00e5tt och s\u00e4ljs styckvis.","og_url":"https:\/\/shop.bjerring-sales.dk\/da\/vare\/klamfasten-till-bordsskarm\/","og_site_name":"Bjerring-Sales","article_modified_time":"2024-04-26T09:21:19+00:00","og_image":[{"width":1920,"height":1920,"url":"https:\/\/shop.bjerring-sales.dk\/wp-content\/uploads\/2024\/03\/Vitt_faste_silencio-scaled-1.jpg","type":"image\/jpeg"}],"twitter_card":"summary_large_image","twitter_misc":{"Estimeret l\u00e6setid":"1 minut"},"schema":{"@context":"https:\/\/schema.org","@graph":[{"@type":"WebPage","@id":"https:\/\/shop.bjerring-sales.dk\/sv\/produkt\/klamfasten-till-bordsskarm\/","url":"https:\/\/shop.bjerring-sales.dk\/sv\/produkt\/klamfasten-till-bordsskarm\/","name":"Kl\u00e4mf\u00e4sten till bordssk\u00e4rm - Silencio - Bjerring-Sales","isPartOf":{"@id":"https:\/\/shop.bjerring-sales.dk\/#website"},"primaryImageOfPage":{"@id":"https:\/\/shop.bjerring-sales.dk\/sv\/produkt\/klamfasten-till-bordsskarm\/#primaryimage"},"image":{"@id":"https:\/\/shop.bjerring-sales.dk\/sv\/produkt\/klamfasten-till-bordsskarm\/#primaryimage"},"thumbnailUrl":"https:\/\/shop.bjerring-sales.dk\/wp-content\/uploads\/2024\/03\/Vitt_faste_silencio-scaled-1.jpg","datePublished":"2021-03-09T13:29:46+00:00","dateModified":"2024-04-26T09:21:19+00:00","description":"Kl\u00e4mf\u00e4ste till Silencio bordssk\u00e4rmar f\u00f6r att f\u00f6rankra sk\u00e4rmen mot skrivbordet. Kl\u00e4mf\u00e4stena finns i svart, vitt och silvergr\u00e5tt och s\u00e4ljs styckvis.","breadcrumb":{"@id":"https:\/\/shop.bjerring-sales.dk\/sv\/produkt\/klamfasten-till-bordsskarm\/#breadcrumb"},"inLanguage":"da-DK","potentialAction":[{"@type":"ReadAction","target":["https:\/\/shop.bjerring-sales.dk\/sv\/produkt\/klamfasten-till-bordsskarm\/"]}]},{"@type":"ImageObject","inLanguage":"da-DK","@id":"https:\/\/shop.bjerring-sales.dk\/sv\/produkt\/klamfasten-till-bordsskarm\/#primaryimage","url":"https:\/\/shop.bjerring-sales.dk\/wp-content\/uploads\/2024\/03\/Vitt_faste_silencio-scaled-1.jpg","contentUrl":"https:\/\/shop.bjerring-sales.dk\/wp-content\/uploads\/2024\/03\/Vitt_faste_silencio-scaled-1.jpg","width":1920,"height":1920},{"@type":"BreadcrumbList","@id":"https:\/\/shop.bjerring-sales.dk\/sv\/produkt\/klamfasten-till-bordsskarm\/#breadcrumb","itemListElement":[{"@type":"ListItem","position":1,"name":"Hem","item":"https:\/\/shop.bjerring-sales.dk\/"},{"@type":"ListItem","position":2,"name":"Webbutik","item":"https:\/\/shop.bjerring-sales.dk\/butik\/"},{"@type":"ListItem","position":3,"name":"Kl\u00e4mf\u00e4sten till bordssk\u00e4rm &#8211; Silencio"}]},{"@type":"WebSite","@id":"https:\/\/shop.bjerring-sales.dk\/#website","url":"https:\/\/shop.bjerring-sales.dk\/","name":"Bjerring-Salg","description":"M\u00f8bler til teatre, skoler, kontorer og indk\u00f8bscentre","publisher":{"@id":"https:\/\/shop.bjerring-sales.dk\/#organization"},"potentialAction":[{"@type":"SearchAction","target":{"@type":"EntryPoint","urlTemplate":"https:\/\/shop.bjerring-sales.dk\/?s={search_term_string}"},"query-input":{"@type":"PropertyValueSpecification","valueRequired":true,"valueName":"search_term_string"}}],"inLanguage":"da-DK"},{"@type":"Organization","@id":"https:\/\/shop.bjerring-sales.dk\/#organization","name":"Bjerring-Salg","url":"https:\/\/shop.bjerring-sales.dk\/","logo":{"@type":"ImageObject","inLanguage":"da-DK","@id":"https:\/\/shop.bjerring-sales.dk\/#\/schema\/logo\/image\/","url":"https:\/\/shop.bjerring-sales.dk\/wp-content\/uploads\/2023\/01\/logo_sv.png","contentUrl":"https:\/\/shop.bjerring-sales.dk\/wp-content\/uploads\/2023\/01\/logo_sv.png","width":195,"height":68,"caption":"Bjerring-Sales"},"image":{"@id":"https:\/\/shop.bjerring-sales.dk\/#\/schema\/logo\/image\/"}}]}},"_links":{"self":[{"href":"https:\/\/shop.bjerring-sales.dk\/da\/wp-json\/wp\/v2\/product\/58599","targetHints":{"allow":["GET"]}}],"collection":[{"href":"https:\/\/shop.bjerring-sales.dk\/da\/wp-json\/wp\/v2\/product"}],"about":[{"href":"https:\/\/shop.bjerring-sales.dk\/da\/wp-json\/wp\/v2\/types\/product"}],"wp:featuredmedia":[{"embeddable":true,"href":"https:\/\/shop.bjerring-sales.dk\/da\/wp-json\/wp\/v2\/media\/95832"}],"wp:attachment":[{"href":"https:\/\/shop.bjerring-sales.dk\/da\/wp-json\/wp\/v2\/media?parent=58599"}],"wp:term":[{"taxonomy":"product_brand","embeddable":true,"href":"https:\/\/shop.bjerring-sales.dk\/da\/wp-json\/wp\/v2\/product_brand?post=58599"},{"taxonomy":"product_cat","embeddable":true,"href":"https:\/\/shop.bjerring-sales.dk\/da\/wp-json\/wp\/v2\/product_cat?post=58599"},{"taxonomy":"product_tag","embeddable":true,"href":"https:\/\/shop.bjerring-sales.dk\/da\/wp-json\/wp\/v2\/product_tag?post=58599"}],"curies":[{"name":"wp","href":"https:\/\/api.w.org\/{rel}","templated":true}]}}