{"id":58542,"date":"2021-04-01T14:27:48","date_gmt":"2021-04-01T12:27:48","guid":{"rendered":"https:\/\/pule.se\/produkt\/montpellier-en-bekvam-kontorsstol\/"},"modified":"2026-03-04T17:08:16","modified_gmt":"2026-03-04T16:08:16","slug":"montpellier-en-bekvam-kontorsstol","status":"publish","type":"product","link":"https:\/\/shop.bjerring-sales.dk\/da\/vare\/montpellier-en-bekvam-kontorsstol\/","title":{"rendered":"Montpellier \u2013 En komfortabel kontorstol med h\u00f8j ryg"},"content":{"rendered":"<div class=\"wpb-content-wrapper\"><div class=\"vc_row wpb_row vc_row-fluid\"><div class=\"wpb_column vc_column_container vc_col-sm-12\"><div class=\"vc_column-inner\"><div class=\"wpb_wrapper\">\n\t<div class=\"wpb_text_column wpb_content_element\" >\n\t\t<div class=\"wpb_wrapper\">\n\t\t\t<p style=\"text-align: left\"><span style=\"font-size: 24pt\">Montpellier \u2013 En komfortabel kontorstol med h\u00f8j ryg og nakkest\u00f8tte<br \/>\n<\/span>Montpellier er en komfortabel kontorstol, der passer ind i ethvert kontor. Denne kontorstol er ogs\u00e5 perfekt til hjemmekontoret. Kontorstolen har en justerbar ryg, der kan l\u00e5ses i 7 forskellige positioner. S\u00e6de og ryg er polstret med formbart skum og betrukket med slidst\u00e6rkt stof. Kontorstolen har en synkroniseret vippemekanisme, nem at justere rygsp\u00e6nding for \u00f8get komfort og mulighed for at skubbe s\u00e6det frem\/bagud med 5 cm. Kraftige gode hjul holder stolen stabil og giver nem bev\u00e6gelse.<\/p>\n\n\t\t<\/div>\n\t<\/div>\n<\/div><\/div><\/div><\/div><div class=\"vc_row wpb_row vc_row-fluid\"><div class=\"wpb_column vc_column_container vc_col-sm-6\"><div class=\"vc_column-inner\"><div class=\"wpb_wrapper\">\n\t<div  class=\"wpb_single_image wpb_content_element vc_align_center\">\n\t\t\n\t\t<figure class=\"wpb_wrapper vc_figure\">\n\t\t\t<div class=\"vc_single_image-wrapper vc_box_shadow_border  vc_box_border_grey\"><img loading=\"lazy\" decoding=\"async\" width=\"800\" height=\"550\" src=\"https:\/\/shop.bjerring-sales.dk\/wp-content\/uploads\/2021\/04\/Miljo-Montpellier-2-1.jpg\" class=\"vc_single_image-img attachment-full\" alt=\"\" title=\"Milj\u00f8-Montpellier-2-1\" srcset=\"https:\/\/shop.bjerring-sales.dk\/wp-content\/uploads\/2021\/04\/Miljo-Montpellier-2-1.jpg 800w, https:\/\/shop.bjerring-sales.dk\/wp-content\/uploads\/2021\/04\/Miljo-Montpellier-2-1-150x103.jpg 150w, https:\/\/shop.bjerring-sales.dk\/wp-content\/uploads\/2021\/04\/Miljo-Montpellier-2-1-600x413.jpg 600w, https:\/\/shop.bjerring-sales.dk\/wp-content\/uploads\/2021\/04\/Miljo-Montpellier-2-1-300x206.jpg 300w, https:\/\/shop.bjerring-sales.dk\/wp-content\/uploads\/2021\/04\/Miljo-Montpellier-2-1-768x528.jpg 768w\" sizes=\"auto, (max-width: 800px) 100vw, 800px\" \/><\/div>\n\t\t<\/figure>\n\t<\/div>\n<\/div><\/div><\/div><div class=\"wpb_column vc_column_container vc_col-sm-6\"><div class=\"vc_column-inner\"><div class=\"wpb_wrapper\">\n\t<div  class=\"wpb_single_image wpb_content_element vc_align_center\">\n\t\t\n\t\t<figure class=\"wpb_wrapper vc_figure\">\n\t\t\t<div class=\"vc_single_image-wrapper vc_box_shadow_border  vc_box_border_grey\"><img loading=\"lazy\" decoding=\"async\" width=\"800\" height=\"550\" src=\"https:\/\/shop.bjerring-sales.dk\/wp-content\/uploads\/2021\/04\/Miljo-Montpellier-1-1.jpg\" class=\"vc_single_image-img attachment-full\" alt=\"\" title=\"Milj\u00f8-Montpellier-1-1\" srcset=\"https:\/\/shop.bjerring-sales.dk\/wp-content\/uploads\/2021\/04\/Miljo-Montpellier-1-1.jpg 800w, https:\/\/shop.bjerring-sales.dk\/wp-content\/uploads\/2021\/04\/Miljo-Montpellier-1-1-150x103.jpg 150w, https:\/\/shop.bjerring-sales.dk\/wp-content\/uploads\/2021\/04\/Miljo-Montpellier-1-1-600x413.jpg 600w, https:\/\/shop.bjerring-sales.dk\/wp-content\/uploads\/2021\/04\/Miljo-Montpellier-1-1-300x206.jpg 300w, https:\/\/shop.bjerring-sales.dk\/wp-content\/uploads\/2021\/04\/Miljo-Montpellier-1-1-768x528.jpg 768w\" sizes=\"auto, (max-width: 800px) 100vw, 800px\" \/><\/div>\n\t\t<\/figure>\n\t<\/div>\n<\/div><\/div><\/div><\/div><div class=\"vc_row wpb_row vc_row-fluid\"><div class=\"wpb_column vc_column_container vc_col-sm-6\"><div class=\"vc_column-inner\"><div class=\"wpb_wrapper\">\n\t<div class=\"wpb_text_column wpb_content_element\" >\n\t\t<div class=\"wpb_wrapper\">\n\t\t\t<p><span style=\"font-size: 18pt\">Anvendelsesomr\u00e5der<br \/>\n<\/span>Kontorstol er velegnet b\u00e5de til kontoret og til hjemmekontoret.<\/p>\n<p><span style=\"font-size: 18pt\">Specifikationer<\/span><\/p>\n<ul>\n<li>150.000 Martindale<\/li>\n<li>2D arml\u00e6n<\/li>\n<li>Justerbar ryg som kan l\u00e5ses i 7 positioner<\/li>\n<li>Synkroniseret vippemekanisme<\/li>\n<li>Anti-chok system til ryggen<\/li>\n<li>Justerbar rygst\u00f8tte<\/li>\n<li>Justerbart s\u00e6de 0-5 cm<\/li>\n<li>\u00d8 68 cm stel (5 eger) med \u00d8 65 mm hjul<\/li>\n<li>Hjulene fungerer p\u00e5 b\u00e5de bl\u00f8de og h\u00e5rde gulve<\/li>\n<\/ul>\n<p><span style=\"font-size: 18pt\">M\u00e5l<\/span><\/p>\n<ul>\n<li>Totalh\u00f8jde: 970-1150 mm<\/li>\n<li>Total bredde: 630 mm<\/li>\n<li>Samlet dybde: 700 mm<\/li>\n<li>S\u00e6deh\u00f8jde: 470-580 mm<\/li>\n<li>S\u00e6debredde: 495 mm<\/li>\n<li>S\u00e6dedybde: 470 mm<\/li>\n<\/ul>\n\n\t\t<\/div>\n\t<\/div>\n<\/div><\/div><\/div><div class=\"wpb_column vc_column_container vc_col-sm-6\"><div class=\"vc_column-inner\"><div class=\"wpb_wrapper\">\n\t<div class=\"wpb_text_column wpb_content_element\" >\n\t\t<div class=\"wpb_wrapper\">\n\t\t\t<p><span style=\"font-size: 18pt\">Dimensioner af emballage<\/span><\/p>\n<ul>\n<li>Samlede m\u00e5l: 795 x 320 x 375 mm<\/li>\n<li>Volumen: 0,176 m3<\/li>\n<li>Bruttov\u00e6gt: 21,4 kg<\/li>\n<\/ul>\n<p><span style=\"font-size: 18pt\">V\u00e6gt<\/span><\/p>\n<ul>\n<li>19,3 kg<\/li>\n<\/ul>\n<p><span style=\"font-size: 18pt\">Garanti<\/span><\/p>\n<ul>\n<li>3 \u00e5rs garanti<\/li>\n<\/ul>\n\n\t\t<\/div>\n\t<\/div>\n<\/div><\/div><\/div><\/div>\n<\/div>","protected":false},"excerpt":{"rendered":"<p>Montpellier er en komfortabel kontorstol, der passer ind i ethvert kontor. Denne kontorstol er ogs\u00e5 perfekt til hjemmekontoret. Kontorstolen har en justerbar ryg, der kan l\u00e5ses i 7 forskellige positioner.<\/p>","protected":false},"featured_media":100907,"template":"","meta":{"iawp_total_views":14},"product_brand":[],"product_cat":[5785,5791,5629,5826,5827],"product_tag":[5874,5875,6032,6041],"class_list":{"0":"post-58542","1":"product","2":"type-product","3":"status-publish","4":"has-post-thumbnail","6":"product_cat-hemmakontor","7":"product_cat-stolar","8":"product_cat-kontorsmobler","9":"product_cat-skrivbordsstolar","10":"product_cat-kontorsstolar","11":"product_tag-arbetsstol","12":"product_tag-kontorsstol","13":"product_tag-skrivbordsstol","14":"product_tag-montpellier","16":"first","17":"instock","18":"taxable","19":"shipping-taxable","20":"purchasable","21":"product-type-simple"},"yoast_head":"<!-- This site is optimized with the Yoast SEO plugin v27.0 - https:\/\/yoast.com\/product\/yoast-seo-wordpress\/ -->\n<title>Montpellier - En bekv\u00e4m kontorsstol med h\u00f6g rygg - Bjerring-Sales<\/title>\n<meta name=\"description\" content=\"Montpellier \u00e4r en bekv\u00e4m kontorsstol som passar in p\u00e5 alla kontor. Denna kontorsstol passar \u00e4ven utm\u00e4rkt till hemmakontoret. Stolen har en justerbar rygg\" \/>\n<meta name=\"robots\" content=\"index, follow, max-snippet:-1, max-image-preview:large, max-video-preview:-1\" \/>\n<link rel=\"canonical\" href=\"https:\/\/shop.bjerring-sales.dk\/da\/vare\/montpellier-en-bekvam-kontorsstol\/\" \/>\n<meta property=\"og:locale\" content=\"da_DK\" \/>\n<meta property=\"og:type\" content=\"article\" \/>\n<meta property=\"og:title\" content=\"Montpellier - En bekv\u00e4m kontorsstol med h\u00f6g rygg - Bjerring-Sales\" \/>\n<meta property=\"og:description\" content=\"Montpellier \u00e4r en bekv\u00e4m kontorsstol som passar in p\u00e5 alla kontor. Denna kontorsstol passar \u00e4ven utm\u00e4rkt till hemmakontoret. Stolen har en justerbar rygg\" \/>\n<meta property=\"og:url\" content=\"https:\/\/shop.bjerring-sales.dk\/da\/vare\/montpellier-en-bekvam-kontorsstol\/\" \/>\n<meta property=\"og:site_name\" content=\"Bjerring-Sales\" \/>\n<meta property=\"article:modified_time\" content=\"2026-03-04T16:08:16+00:00\" \/>\n<meta property=\"og:image\" content=\"https:\/\/shop.bjerring-sales.dk\/wp-content\/uploads\/2025\/10\/Montpellier-1-1.jpg\" \/>\n\t<meta property=\"og:image:width\" content=\"800\" \/>\n\t<meta property=\"og:image:height\" content=\"800\" \/>\n\t<meta property=\"og:image:type\" content=\"image\/jpeg\" \/>\n<meta name=\"twitter:card\" content=\"summary_large_image\" \/>\n<meta name=\"twitter:label1\" content=\"Estimeret l\u00e6setid\" \/>\n\t<meta name=\"twitter:data1\" content=\"1 minut\" \/>\n<script type=\"application\/ld+json\" class=\"yoast-schema-graph\">{\"@context\":\"https:\/\/schema.org\",\"@graph\":[{\"@type\":\"WebPage\",\"@id\":\"https:\/\/shop.bjerring-sales.dk\/sv\/produkt\/montpellier-en-bekvam-kontorsstol\/\",\"url\":\"https:\/\/shop.bjerring-sales.dk\/sv\/produkt\/montpellier-en-bekvam-kontorsstol\/\",\"name\":\"Montpellier - En bekv\u00e4m kontorsstol med h\u00f6g rygg - Bjerring-Sales\",\"isPartOf\":{\"@id\":\"https:\/\/shop.bjerring-sales.dk\/#website\"},\"primaryImageOfPage\":{\"@id\":\"https:\/\/shop.bjerring-sales.dk\/sv\/produkt\/montpellier-en-bekvam-kontorsstol\/#primaryimage\"},\"image\":{\"@id\":\"https:\/\/shop.bjerring-sales.dk\/sv\/produkt\/montpellier-en-bekvam-kontorsstol\/#primaryimage\"},\"thumbnailUrl\":\"https:\/\/shop.bjerring-sales.dk\/wp-content\/uploads\/2025\/10\/Montpellier-1-1.jpg\",\"datePublished\":\"2021-04-01T12:27:48+00:00\",\"dateModified\":\"2026-03-04T16:08:16+00:00\",\"description\":\"Montpellier \u00e4r en bekv\u00e4m kontorsstol som passar in p\u00e5 alla kontor. Denna kontorsstol passar \u00e4ven utm\u00e4rkt till hemmakontoret. Stolen har en justerbar rygg\",\"breadcrumb\":{\"@id\":\"https:\/\/shop.bjerring-sales.dk\/sv\/produkt\/montpellier-en-bekvam-kontorsstol\/#breadcrumb\"},\"inLanguage\":\"da-DK\",\"potentialAction\":[{\"@type\":\"ReadAction\",\"target\":[\"https:\/\/shop.bjerring-sales.dk\/sv\/produkt\/montpellier-en-bekvam-kontorsstol\/\"]}]},{\"@type\":\"ImageObject\",\"inLanguage\":\"da-DK\",\"@id\":\"https:\/\/shop.bjerring-sales.dk\/sv\/produkt\/montpellier-en-bekvam-kontorsstol\/#primaryimage\",\"url\":\"https:\/\/shop.bjerring-sales.dk\/wp-content\/uploads\/2025\/10\/Montpellier-1-1.jpg\",\"contentUrl\":\"https:\/\/shop.bjerring-sales.dk\/wp-content\/uploads\/2025\/10\/Montpellier-1-1.jpg\",\"width\":800,\"height\":800},{\"@type\":\"BreadcrumbList\",\"@id\":\"https:\/\/shop.bjerring-sales.dk\/sv\/produkt\/montpellier-en-bekvam-kontorsstol\/#breadcrumb\",\"itemListElement\":[{\"@type\":\"ListItem\",\"position\":1,\"name\":\"Hem\",\"item\":\"https:\/\/shop.bjerring-sales.dk\/\"},{\"@type\":\"ListItem\",\"position\":2,\"name\":\"Webbutik\",\"item\":\"https:\/\/shop.bjerring-sales.dk\/butik\/\"},{\"@type\":\"ListItem\",\"position\":3,\"name\":\"Montpellier &#8211; En bekv\u00e4m kontorsstol med h\u00f6g rygg\"}]},{\"@type\":\"WebSite\",\"@id\":\"https:\/\/shop.bjerring-sales.dk\/#website\",\"url\":\"https:\/\/shop.bjerring-sales.dk\/\",\"name\":\"Bjerring-Sales\",\"description\":\"M\u00f6bler f\u00f6r teatrar, skolor, kontor och k\u00f6pcentrum\",\"publisher\":{\"@id\":\"https:\/\/shop.bjerring-sales.dk\/#organization\"},\"potentialAction\":[{\"@type\":\"SearchAction\",\"target\":{\"@type\":\"EntryPoint\",\"urlTemplate\":\"https:\/\/shop.bjerring-sales.dk\/?s={search_term_string}\"},\"query-input\":{\"@type\":\"PropertyValueSpecification\",\"valueRequired\":true,\"valueName\":\"search_term_string\"}}],\"inLanguage\":\"da-DK\"},{\"@type\":\"Organization\",\"@id\":\"https:\/\/shop.bjerring-sales.dk\/#organization\",\"name\":\"Bjerring-Sales\",\"url\":\"https:\/\/shop.bjerring-sales.dk\/\",\"logo\":{\"@type\":\"ImageObject\",\"inLanguage\":\"da-DK\",\"@id\":\"https:\/\/shop.bjerring-sales.dk\/#\/schema\/logo\/image\/\",\"url\":\"https:\/\/shop.bjerring-sales.dk\/wp-content\/uploads\/2023\/01\/logo_sv.png\",\"contentUrl\":\"https:\/\/shop.bjerring-sales.dk\/wp-content\/uploads\/2023\/01\/logo_sv.png\",\"width\":195,\"height\":68,\"caption\":\"Bjerring-Sales\"},\"image\":{\"@id\":\"https:\/\/shop.bjerring-sales.dk\/#\/schema\/logo\/image\/\"}}]}<\/script>\n<!-- \/ Yoast SEO plugin. -->","yoast_head_json":{"title":"Montpellier - En bekv\u00e4m kontorsstol med h\u00f6g rygg - Bjerring-Sales","description":"Montpellier \u00e4r en bekv\u00e4m kontorsstol som passar in p\u00e5 alla kontor. Denna kontorsstol passar \u00e4ven utm\u00e4rkt till hemmakontoret. Stolen har en justerbar rygg","robots":{"index":"index","follow":"follow","max-snippet":"max-snippet:-1","max-image-preview":"max-image-preview:large","max-video-preview":"max-video-preview:-1"},"canonical":"https:\/\/shop.bjerring-sales.dk\/da\/vare\/montpellier-en-bekvam-kontorsstol\/","og_locale":"da_DK","og_type":"article","og_title":"Montpellier - En bekv\u00e4m kontorsstol med h\u00f6g rygg - Bjerring-Sales","og_description":"Montpellier \u00e4r en bekv\u00e4m kontorsstol som passar in p\u00e5 alla kontor. Denna kontorsstol passar \u00e4ven utm\u00e4rkt till hemmakontoret. Stolen har en justerbar rygg","og_url":"https:\/\/shop.bjerring-sales.dk\/da\/vare\/montpellier-en-bekvam-kontorsstol\/","og_site_name":"Bjerring-Sales","article_modified_time":"2026-03-04T16:08:16+00:00","og_image":[{"width":800,"height":800,"url":"https:\/\/shop.bjerring-sales.dk\/wp-content\/uploads\/2025\/10\/Montpellier-1-1.jpg","type":"image\/jpeg"}],"twitter_card":"summary_large_image","twitter_misc":{"Estimeret l\u00e6setid":"1 minut"},"schema":{"@context":"https:\/\/schema.org","@graph":[{"@type":"WebPage","@id":"https:\/\/shop.bjerring-sales.dk\/sv\/produkt\/montpellier-en-bekvam-kontorsstol\/","url":"https:\/\/shop.bjerring-sales.dk\/sv\/produkt\/montpellier-en-bekvam-kontorsstol\/","name":"Montpellier - En bekv\u00e4m kontorsstol med h\u00f6g rygg - Bjerring-Sales","isPartOf":{"@id":"https:\/\/shop.bjerring-sales.dk\/#website"},"primaryImageOfPage":{"@id":"https:\/\/shop.bjerring-sales.dk\/sv\/produkt\/montpellier-en-bekvam-kontorsstol\/#primaryimage"},"image":{"@id":"https:\/\/shop.bjerring-sales.dk\/sv\/produkt\/montpellier-en-bekvam-kontorsstol\/#primaryimage"},"thumbnailUrl":"https:\/\/shop.bjerring-sales.dk\/wp-content\/uploads\/2025\/10\/Montpellier-1-1.jpg","datePublished":"2021-04-01T12:27:48+00:00","dateModified":"2026-03-04T16:08:16+00:00","description":"Montpellier \u00e4r en bekv\u00e4m kontorsstol som passar in p\u00e5 alla kontor. Denna kontorsstol passar \u00e4ven utm\u00e4rkt till hemmakontoret. Stolen har en justerbar rygg","breadcrumb":{"@id":"https:\/\/shop.bjerring-sales.dk\/sv\/produkt\/montpellier-en-bekvam-kontorsstol\/#breadcrumb"},"inLanguage":"da-DK","potentialAction":[{"@type":"ReadAction","target":["https:\/\/shop.bjerring-sales.dk\/sv\/produkt\/montpellier-en-bekvam-kontorsstol\/"]}]},{"@type":"ImageObject","inLanguage":"da-DK","@id":"https:\/\/shop.bjerring-sales.dk\/sv\/produkt\/montpellier-en-bekvam-kontorsstol\/#primaryimage","url":"https:\/\/shop.bjerring-sales.dk\/wp-content\/uploads\/2025\/10\/Montpellier-1-1.jpg","contentUrl":"https:\/\/shop.bjerring-sales.dk\/wp-content\/uploads\/2025\/10\/Montpellier-1-1.jpg","width":800,"height":800},{"@type":"BreadcrumbList","@id":"https:\/\/shop.bjerring-sales.dk\/sv\/produkt\/montpellier-en-bekvam-kontorsstol\/#breadcrumb","itemListElement":[{"@type":"ListItem","position":1,"name":"Hem","item":"https:\/\/shop.bjerring-sales.dk\/"},{"@type":"ListItem","position":2,"name":"Webbutik","item":"https:\/\/shop.bjerring-sales.dk\/butik\/"},{"@type":"ListItem","position":3,"name":"Montpellier &#8211; En bekv\u00e4m kontorsstol med h\u00f6g rygg"}]},{"@type":"WebSite","@id":"https:\/\/shop.bjerring-sales.dk\/#website","url":"https:\/\/shop.bjerring-sales.dk\/","name":"Bjerring-Salg","description":"M\u00f8bler til teatre, skoler, kontorer og indk\u00f8bscentre","publisher":{"@id":"https:\/\/shop.bjerring-sales.dk\/#organization"},"potentialAction":[{"@type":"SearchAction","target":{"@type":"EntryPoint","urlTemplate":"https:\/\/shop.bjerring-sales.dk\/?s={search_term_string}"},"query-input":{"@type":"PropertyValueSpecification","valueRequired":true,"valueName":"search_term_string"}}],"inLanguage":"da-DK"},{"@type":"Organization","@id":"https:\/\/shop.bjerring-sales.dk\/#organization","name":"Bjerring-Salg","url":"https:\/\/shop.bjerring-sales.dk\/","logo":{"@type":"ImageObject","inLanguage":"da-DK","@id":"https:\/\/shop.bjerring-sales.dk\/#\/schema\/logo\/image\/","url":"https:\/\/shop.bjerring-sales.dk\/wp-content\/uploads\/2023\/01\/logo_sv.png","contentUrl":"https:\/\/shop.bjerring-sales.dk\/wp-content\/uploads\/2023\/01\/logo_sv.png","width":195,"height":68,"caption":"Bjerring-Sales"},"image":{"@id":"https:\/\/shop.bjerring-sales.dk\/#\/schema\/logo\/image\/"}}]}},"_links":{"self":[{"href":"https:\/\/shop.bjerring-sales.dk\/da\/wp-json\/wp\/v2\/product\/58542","targetHints":{"allow":["GET"]}}],"collection":[{"href":"https:\/\/shop.bjerring-sales.dk\/da\/wp-json\/wp\/v2\/product"}],"about":[{"href":"https:\/\/shop.bjerring-sales.dk\/da\/wp-json\/wp\/v2\/types\/product"}],"wp:featuredmedia":[{"embeddable":true,"href":"https:\/\/shop.bjerring-sales.dk\/da\/wp-json\/wp\/v2\/media\/100907"}],"wp:attachment":[{"href":"https:\/\/shop.bjerring-sales.dk\/da\/wp-json\/wp\/v2\/media?parent=58542"}],"wp:term":[{"taxonomy":"product_brand","embeddable":true,"href":"https:\/\/shop.bjerring-sales.dk\/da\/wp-json\/wp\/v2\/product_brand?post=58542"},{"taxonomy":"product_cat","embeddable":true,"href":"https:\/\/shop.bjerring-sales.dk\/da\/wp-json\/wp\/v2\/product_cat?post=58542"},{"taxonomy":"product_tag","embeddable":true,"href":"https:\/\/shop.bjerring-sales.dk\/da\/wp-json\/wp\/v2\/product_tag?post=58542"}],"curies":[{"name":"wp","href":"https:\/\/api.w.org\/{rel}","templated":true}]}}