{"id":58502,"date":"2023-04-19T16:00:59","date_gmt":"2023-04-19T14:00:59","guid":{"rendered":"https:\/\/pule.se\/produkt\/kryss-stativ-50x48-cm\/"},"modified":"2026-04-08T12:38:50","modified_gmt":"2026-04-08T10:38:50","slug":"kryss-stativ-50cm","status":"publish","type":"product","link":"https:\/\/shop.bjerring-sales.dk\/da\/vare\/kryss-stativ-50cm\/","title":{"rendered":"Krydsstel 50 cm \u2013 4 forskellige h\u00f8jder"},"content":{"rendered":"<div class=\"wpb-content-wrapper\"><div class=\"vc_row wpb_row vc_row-fluid\"><div class=\"wpb_column vc_column_container vc_col-sm-12\"><div class=\"vc_column-inner\"><div class=\"wpb_wrapper\">\n\t<div class=\"wpb_text_column wpb_content_element\" >\n\t\t<div class=\"wpb_wrapper\">\n\t\t\t<p><span style=\"font-size: 24pt\">Krydsstel med krydsfod 50 cm - F\u00e5s i 4 forskellige h\u00f8jder<br \/>\n<\/span>Krydsstellet fra Studio-serien er et bordstel med krydsfod, der kan bruges til de fleste typer bordplader. Bordstellet kan udvides med mulighed for at skabe fx konferenceborde, spiseborde og m\u00f8deborde. B\u00e5de fod og s\u00f8jle er pulverlakerede st\u00e5lkonstruktioner. Stellet har justerbare f\u00f8dder, som g\u00f8r det nemt og bekvemt at stabilisere bordstellet, n\u00e5r det er n\u00f8dvendigt. Stellet er beregnet til indend\u00f8rs brug.<\/p>\n\n\t\t<\/div>\n\t<\/div>\n<\/div><\/div><\/div><\/div><div class=\"vc_row wpb_row vc_row-fluid\"><div class=\"wpb_column vc_column_container vc_col-sm-4\"><div class=\"vc_column-inner\"><div class=\"wpb_wrapper\">\n\t<div  class=\"wpb_single_image wpb_content_element vc_align_center\">\n\t\t\n\t\t<figure class=\"wpb_wrapper vc_figure\">\n\t\t\t<div class=\"vc_single_image-wrapper vc_box_shadow_border  vc_box_border_grey\"><img loading=\"lazy\" decoding=\"async\" width=\"800\" height=\"550\" src=\"https:\/\/shop.bjerring-sales.dk\/wp-content\/uploads\/2021\/04\/Studio-Table-Choice-7X-1.jpg\" class=\"vc_single_image-img attachment-full\" alt=\"\" title=\"Studio-Table-Choice-7X-1\" srcset=\"https:\/\/shop.bjerring-sales.dk\/wp-content\/uploads\/2021\/04\/Studio-Table-Choice-7X-1.jpg 800w, https:\/\/shop.bjerring-sales.dk\/wp-content\/uploads\/2021\/04\/Studio-Table-Choice-7X-1-150x103.jpg 150w, https:\/\/shop.bjerring-sales.dk\/wp-content\/uploads\/2021\/04\/Studio-Table-Choice-7X-1-600x413.jpg 600w, https:\/\/shop.bjerring-sales.dk\/wp-content\/uploads\/2021\/04\/Studio-Table-Choice-7X-1-300x206.jpg 300w, https:\/\/shop.bjerring-sales.dk\/wp-content\/uploads\/2021\/04\/Studio-Table-Choice-7X-1-768x528.jpg 768w\" sizes=\"auto, (max-width: 800px) 100vw, 800px\" \/><\/div>\n\t\t<\/figure>\n\t<\/div>\n<\/div><\/div><\/div><div class=\"wpb_column vc_column_container vc_col-sm-4\"><div class=\"vc_column-inner\"><div class=\"wpb_wrapper\">\n\t<div  class=\"wpb_single_image wpb_content_element vc_align_center\">\n\t\t\n\t\t<figure class=\"wpb_wrapper vc_figure\">\n\t\t\t<div class=\"vc_single_image-wrapper vc_box_shadow_border  vc_box_border_grey\"><img loading=\"lazy\" decoding=\"async\" width=\"800\" height=\"550\" src=\"https:\/\/shop.bjerring-sales.dk\/wp-content\/uploads\/2021\/04\/Studio-Table-Choice-8X-1.jpg\" class=\"vc_single_image-img attachment-full\" alt=\"\" title=\"Studio-Table-Choice-8X-1\" srcset=\"https:\/\/shop.bjerring-sales.dk\/wp-content\/uploads\/2021\/04\/Studio-Table-Choice-8X-1.jpg 800w, https:\/\/shop.bjerring-sales.dk\/wp-content\/uploads\/2021\/04\/Studio-Table-Choice-8X-1-150x103.jpg 150w, https:\/\/shop.bjerring-sales.dk\/wp-content\/uploads\/2021\/04\/Studio-Table-Choice-8X-1-600x413.jpg 600w, https:\/\/shop.bjerring-sales.dk\/wp-content\/uploads\/2021\/04\/Studio-Table-Choice-8X-1-300x206.jpg 300w, https:\/\/shop.bjerring-sales.dk\/wp-content\/uploads\/2021\/04\/Studio-Table-Choice-8X-1-768x528.jpg 768w\" sizes=\"auto, (max-width: 800px) 100vw, 800px\" \/><\/div>\n\t\t<\/figure>\n\t<\/div>\n<\/div><\/div><\/div><div class=\"wpb_column vc_column_container vc_col-sm-4\"><div class=\"vc_column-inner\"><div class=\"wpb_wrapper\">\n\t<div  class=\"wpb_single_image wpb_content_element vc_align_center\">\n\t\t\n\t\t<figure class=\"wpb_wrapper vc_figure\">\n\t\t\t<div class=\"vc_single_image-wrapper vc_box_shadow_border  vc_box_border_grey\"><img loading=\"lazy\" decoding=\"async\" width=\"800\" height=\"550\" src=\"https:\/\/shop.bjerring-sales.dk\/wp-content\/uploads\/2021\/04\/Studio-Table-Choice-6X.jpg\" class=\"vc_single_image-img attachment-full\" alt=\"\" title=\"Studio-Table-Choice-6X\" srcset=\"https:\/\/shop.bjerring-sales.dk\/wp-content\/uploads\/2021\/04\/Studio-Table-Choice-6X.jpg 800w, https:\/\/shop.bjerring-sales.dk\/wp-content\/uploads\/2021\/04\/Studio-Table-Choice-6X-150x103.jpg 150w, https:\/\/shop.bjerring-sales.dk\/wp-content\/uploads\/2021\/04\/Studio-Table-Choice-6X-600x413.jpg 600w, https:\/\/shop.bjerring-sales.dk\/wp-content\/uploads\/2021\/04\/Studio-Table-Choice-6X-300x206.jpg 300w, https:\/\/shop.bjerring-sales.dk\/wp-content\/uploads\/2021\/04\/Studio-Table-Choice-6X-768x528.jpg 768w\" sizes=\"auto, (max-width: 800px) 100vw, 800px\" \/><\/div>\n\t\t<\/figure>\n\t<\/div>\n<\/div><\/div><\/div><\/div><div class=\"vc_row wpb_row vc_row-fluid\"><div class=\"wpb_column vc_column_container vc_col-sm-6\"><div class=\"vc_column-inner\"><div class=\"wpb_wrapper\">\n\t<div class=\"wpb_text_column wpb_content_element\" >\n\t\t<div class=\"wpb_wrapper\">\n\t\t\t<p><span style=\"font-size: 18pt\">X50x48 cm<\/span><\/p>\n<ul>\n<li>1 stel passer til st\u00f8rrelserne: \u00d850-80cm, 50x50cm, 60x60cm, 60x70cm, 70x70cm<\/li>\n<li>2 stel passer til st\u00f8rrelserne: 100x50cm, 100x60cm, 100x70cm, 120x50cm, 120x60cm, 120x70cm, 140x50cm, 140x60cm, 140x70cm, 160x70cm, 160x70cm, 160x70cm, 160x70cm<\/li>\n<\/ul>\n<p><span style=\"font-size: 18pt\">X50x72 cm<\/span><\/p>\n<ul>\n<li>1 stel passer til st\u00f8rrelserne: \u00d850-70cm, 50x50cm, 60x60cm, 60x70cm, 70x70cm<\/li>\n<li>2 stel passer til st\u00f8rrelserne: 100x50cm, 100x60cm, 100x70cm, 120x50cm, 120x60cm, 120x70cm, 140x50cm, 140x60cm, 140x70cm, 160x70cm, 160x70cm, 160x70cm, 160x70cm<\/li>\n<\/ul>\n<p><span style=\"font-size: 18pt\">X50x88 cm<\/span><\/p>\n<ul>\n<li>1 stel passer til st\u00f8rrelserne: \u00d850-60cm, 50x50cm, 60x60cm<\/li>\n<li>2 stel passer til st\u00f8rrelserne: 100x50cm, 100x60cm, 120x50cm, 120x60cm, 140x50cm, 140x60cm, 160x50cm, 160x60cm<\/li>\n<\/ul>\n<p><span style=\"font-size: 18pt\">X50x108 cm<\/span><\/p>\n<ul>\n<li>1 stel passer til st\u00f8rrelserne: \u00d850-60cm, 50x50cm, 60x60cm<\/li>\n<li>2 stel passer til st\u00f8rrelserne: 100x50cm, 100x60cm, 120x50cm, 120x60cm, 140x50cm, 140x60cm, 160x50cm, 160x60cm<\/li>\n<\/ul>\n\n\t\t<\/div>\n\t<\/div>\n<\/div><\/div><\/div><div class=\"wpb_column vc_column_container vc_col-sm-6\"><div class=\"vc_column-inner\"><div class=\"wpb_wrapper\">\n\t<div class=\"wpb_text_column wpb_content_element\" >\n\t\t<div class=\"wpb_wrapper\">\n\t\t\t<p><span style=\"font-size: 18pt\">Farver<\/span><\/p>\n<ul>\n<li>Stellet f\u00e5s i sort, s\u00f8lvgr\u00e5 og poleret rustfrit st\u00e5l.<\/li>\n<\/ul>\n<p><span style=\"font-size: 18pt\">M\u00e5l<\/span><\/p>\n<ul>\n<li>X50x48 cm<\/li>\n<li>X50x72 cm<\/li>\n<li>X50x88 cm<\/li>\n<li>X50x108 cm<\/li>\n<\/ul>\n<p><span style=\"font-size: 18pt\">V\u00e6gt<\/span><\/p>\n<ul>\n<li>X50x48 cm - 8,5 kg<\/li>\n<li>X50x72 cm - 9,2 kg<\/li>\n<li>X50x88 cm - 9,6 kg<\/li>\n<li>X50x108 cm - 10 kg<\/li>\n<\/ul>\n<p><span style=\"font-size: 18pt\">Garanti<br \/>\n<\/span>2 \u00e5r<\/p>\n\n\t\t<\/div>\n\t<\/div>\n<\/div><\/div><\/div><\/div><div class=\"vc_row wpb_row vc_row-fluid\"><div class=\"wpb_column vc_column_container vc_col-sm-4\"><div class=\"vc_column-inner\"><div class=\"wpb_wrapper\">\n\t<div  class=\"wpb_single_image wpb_content_element vc_align_center\">\n\t\t\n\t\t<figure class=\"wpb_wrapper vc_figure\">\n\t\t\t<div class=\"vc_single_image-wrapper   vc_box_border_grey\"><img loading=\"lazy\" decoding=\"async\" width=\"800\" height=\"800\" src=\"https:\/\/shop.bjerring-sales.dk\/wp-content\/uploads\/2021\/04\/ELJ_PRISLISTA_2021-Studio-Stativ-X-fot-3-1.jpg\" class=\"vc_single_image-img attachment-full\" alt=\"\" title=\"ELJ_PRISLISTA_2021-Studio-Stand-X-foot-3-1\" srcset=\"https:\/\/shop.bjerring-sales.dk\/wp-content\/uploads\/2021\/04\/ELJ_PRISLISTA_2021-Studio-Stativ-X-fot-3-1.jpg 800w, https:\/\/shop.bjerring-sales.dk\/wp-content\/uploads\/2021\/04\/ELJ_PRISLISTA_2021-Studio-Stativ-X-fot-3-1-300x300.jpg 300w, https:\/\/shop.bjerring-sales.dk\/wp-content\/uploads\/2021\/04\/ELJ_PRISLISTA_2021-Studio-Stativ-X-fot-3-1-150x150.jpg 150w, https:\/\/shop.bjerring-sales.dk\/wp-content\/uploads\/2021\/04\/ELJ_PRISLISTA_2021-Studio-Stativ-X-fot-3-1-600x600.jpg 600w, https:\/\/shop.bjerring-sales.dk\/wp-content\/uploads\/2021\/04\/ELJ_PRISLISTA_2021-Studio-Stativ-X-fot-3-1-768x768.jpg 768w\" sizes=\"auto, (max-width: 800px) 100vw, 800px\" \/><\/div>\n\t\t<\/figure>\n\t<\/div>\n<\/div><\/div><\/div><div class=\"wpb_column vc_column_container vc_col-sm-4\"><div class=\"vc_column-inner\"><div class=\"wpb_wrapper\">\n\t<div  class=\"wpb_single_image wpb_content_element vc_align_center\">\n\t\t\n\t\t<figure class=\"wpb_wrapper vc_figure\">\n\t\t\t<div class=\"vc_single_image-wrapper   vc_box_border_grey\"><img loading=\"lazy\" decoding=\"async\" width=\"800\" height=\"800\" src=\"https:\/\/shop.bjerring-sales.dk\/wp-content\/uploads\/2021\/04\/ELJ_PRISLISTA_2021-Studio-Stativ-X-fot-2.jpg\" class=\"vc_single_image-img attachment-full\" alt=\"\" title=\"ELJ_PRISLISTA_2021-Studio-Stand-X-foot-2\" srcset=\"https:\/\/shop.bjerring-sales.dk\/wp-content\/uploads\/2021\/04\/ELJ_PRISLISTA_2021-Studio-Stativ-X-fot-2.jpg 800w, https:\/\/shop.bjerring-sales.dk\/wp-content\/uploads\/2021\/04\/ELJ_PRISLISTA_2021-Studio-Stativ-X-fot-2-300x300.jpg 300w, https:\/\/shop.bjerring-sales.dk\/wp-content\/uploads\/2021\/04\/ELJ_PRISLISTA_2021-Studio-Stativ-X-fot-2-150x150.jpg 150w, https:\/\/shop.bjerring-sales.dk\/wp-content\/uploads\/2021\/04\/ELJ_PRISLISTA_2021-Studio-Stativ-X-fot-2-600x600.jpg 600w, https:\/\/shop.bjerring-sales.dk\/wp-content\/uploads\/2021\/04\/ELJ_PRISLISTA_2021-Studio-Stativ-X-fot-2-768x768.jpg 768w\" sizes=\"auto, (max-width: 800px) 100vw, 800px\" \/><\/div>\n\t\t<\/figure>\n\t<\/div>\n<\/div><\/div><\/div><div class=\"wpb_column vc_column_container vc_col-sm-4\"><div class=\"vc_column-inner\"><div class=\"wpb_wrapper\">\n\t<div  class=\"wpb_single_image wpb_content_element vc_align_center\">\n\t\t\n\t\t<figure class=\"wpb_wrapper vc_figure\">\n\t\t\t<div class=\"vc_single_image-wrapper   vc_box_border_grey\"><img loading=\"lazy\" decoding=\"async\" width=\"800\" height=\"800\" src=\"https:\/\/shop.bjerring-sales.dk\/wp-content\/uploads\/2021\/04\/ELJ_PRISLISTA_2021-Studio-Stativ-X-fot-1.jpg\" class=\"vc_single_image-img attachment-full\" alt=\"\" title=\"ELJ_PRISLISTA_2021-Studio-Stand-X-foot-1\" srcset=\"https:\/\/shop.bjerring-sales.dk\/wp-content\/uploads\/2021\/04\/ELJ_PRISLISTA_2021-Studio-Stativ-X-fot-1.jpg 800w, https:\/\/shop.bjerring-sales.dk\/wp-content\/uploads\/2021\/04\/ELJ_PRISLISTA_2021-Studio-Stativ-X-fot-1-300x300.jpg 300w, https:\/\/shop.bjerring-sales.dk\/wp-content\/uploads\/2021\/04\/ELJ_PRISLISTA_2021-Studio-Stativ-X-fot-1-150x150.jpg 150w, https:\/\/shop.bjerring-sales.dk\/wp-content\/uploads\/2021\/04\/ELJ_PRISLISTA_2021-Studio-Stativ-X-fot-1-600x600.jpg 600w, https:\/\/shop.bjerring-sales.dk\/wp-content\/uploads\/2021\/04\/ELJ_PRISLISTA_2021-Studio-Stativ-X-fot-1-768x768.jpg 768w\" sizes=\"auto, (max-width: 800px) 100vw, 800px\" \/><\/div>\n\t\t<\/figure>\n\t<\/div>\n<\/div><\/div><\/div><\/div>\n<\/div>","protected":false},"excerpt":{"rendered":"<p>Krydsstellet fra Studio-serien er et bordstel med krydsfod 50\u00d748 cm, der kan bruges til de fleste typer bordplader. Bordstellet kan udvides med mulighed for at skabe fx konferenceborde, spiseborde og m\u00f8deborde.<\/p>","protected":false},"featured_media":102362,"template":"","meta":{"iawp_total_views":3},"product_brand":[],"product_cat":[6363,5819],"product_tag":[5824],"class_list":{"0":"post-58502","1":"product","2":"type-product","3":"status-publish","4":"has-post-thumbnail","6":"product_cat-studio","7":"product_cat-bordsstativ","8":"product_tag-kryss-stativ","10":"first","11":"instock","12":"taxable","13":"shipping-taxable","14":"purchasable","15":"product-type-variable"},"yoast_head":"<!-- This site is optimized with the Yoast SEO plugin v27.0 - https:\/\/yoast.com\/product\/yoast-seo-wordpress\/ -->\n<title>Kryss stativ 50 cm - 4 olika h\u00f6jder - Bjerring-Sales<\/title>\n<meta name=\"description\" content=\"Kryss-stativet fr\u00e5n Studio serien \u00e4r ett bordsstativ med kryss-fot som kan anv\u00e4ndas f\u00f6r dom flesta typer av bordsskivor. Bordsstativet kan byggas ut med m\u00f6jligheten att skapa exempelvis konferensbord, matbord och m\u00f6tesbord.\" \/>\n<meta name=\"robots\" content=\"index, follow, max-snippet:-1, max-image-preview:large, max-video-preview:-1\" \/>\n<link rel=\"canonical\" href=\"https:\/\/shop.bjerring-sales.dk\/da\/vare\/kryss-stativ-50cm\/\" \/>\n<meta property=\"og:locale\" content=\"da_DK\" \/>\n<meta property=\"og:type\" content=\"article\" \/>\n<meta property=\"og:title\" content=\"Kryss stativ med kryss-fot 50 cm - Finns i 4 olika h\u00f6jder\" \/>\n<meta property=\"og:description\" content=\"Kryss-stativet fr\u00e5n Studio serien \u00e4r ett bordsstativ med kryss-fot som kan anv\u00e4ndas f\u00f6r dom flesta typer av bordsskivor. Bordsstativet kan byggas ut med m\u00f6jligheten att skapa exempelvis konferensbord, matbord och m\u00f6tesbord.\" \/>\n<meta property=\"og:url\" content=\"https:\/\/shop.bjerring-sales.dk\/da\/vare\/kryss-stativ-50cm\/\" \/>\n<meta property=\"og:site_name\" content=\"Bjerring-Sales\" \/>\n<meta property=\"article:modified_time\" content=\"2026-04-08T10:38:50+00:00\" \/>\n<meta property=\"og:image\" content=\"https:\/\/shop.bjerring-sales.dk\/wp-content\/uploads\/2021\/04\/Studio-Table-Choice-7X-1.jpg\" \/>\n\t<meta property=\"og:image:width\" content=\"800\" \/>\n\t<meta property=\"og:image:height\" content=\"550\" \/>\n\t<meta property=\"og:image:type\" content=\"image\/jpeg\" \/>\n<meta name=\"twitter:card\" content=\"summary_large_image\" \/>\n<meta name=\"twitter:title\" content=\"Kryss stativ med kryss-fot 50 cm - Finns i 4 olika h\u00f6jder\" \/>\n<meta name=\"twitter:description\" content=\"Kryss-stativet fr\u00e5n Studio serien \u00e4r ett bordsstativ med kryss-fot som kan anv\u00e4ndas f\u00f6r dom flesta typer av bordsskivor. Bordsstativet kan byggas ut med m\u00f6jligheten att skapa exempelvis konferensbord, matbord och m\u00f6tesbord.\" \/>\n<meta name=\"twitter:image\" content=\"https:\/\/shop.bjerring-sales.dk\/wp-content\/uploads\/2021\/04\/Studio-Table-Choice-7X-1.jpg\" \/>\n<meta name=\"twitter:label1\" content=\"Estimeret l\u00e6setid\" \/>\n\t<meta name=\"twitter:data1\" content=\"2 minutter\" \/>\n<script type=\"application\/ld+json\" class=\"yoast-schema-graph\">{\"@context\":\"https:\/\/schema.org\",\"@graph\":[{\"@type\":\"WebPage\",\"@id\":\"https:\/\/shop.bjerring-sales.dk\/sv\/produkt\/kryss-stativ-50cm\/\",\"url\":\"https:\/\/shop.bjerring-sales.dk\/sv\/produkt\/kryss-stativ-50cm\/\",\"name\":\"Kryss stativ 50 cm - 4 olika h\u00f6jder - Bjerring-Sales\",\"isPartOf\":{\"@id\":\"https:\/\/shop.bjerring-sales.dk\/#website\"},\"primaryImageOfPage\":{\"@id\":\"https:\/\/shop.bjerring-sales.dk\/sv\/produkt\/kryss-stativ-50cm\/#primaryimage\"},\"image\":{\"@id\":\"https:\/\/shop.bjerring-sales.dk\/sv\/produkt\/kryss-stativ-50cm\/#primaryimage\"},\"thumbnailUrl\":\"https:\/\/shop.bjerring-sales.dk\/wp-content\/uploads\/2026\/03\/50xH_all_sizes_variation_mtl_frames.jpg\",\"datePublished\":\"2023-04-19T14:00:59+00:00\",\"dateModified\":\"2026-04-08T10:38:50+00:00\",\"description\":\"Kryss-stativet fr\u00e5n Studio serien \u00e4r ett bordsstativ med kryss-fot som kan anv\u00e4ndas f\u00f6r dom flesta typer av bordsskivor. Bordsstativet kan byggas ut med m\u00f6jligheten att skapa exempelvis konferensbord, matbord och m\u00f6tesbord.\",\"breadcrumb\":{\"@id\":\"https:\/\/shop.bjerring-sales.dk\/sv\/produkt\/kryss-stativ-50cm\/#breadcrumb\"},\"inLanguage\":\"da-DK\",\"potentialAction\":[{\"@type\":\"ReadAction\",\"target\":[\"https:\/\/shop.bjerring-sales.dk\/sv\/produkt\/kryss-stativ-50cm\/\"]}]},{\"@type\":\"ImageObject\",\"inLanguage\":\"da-DK\",\"@id\":\"https:\/\/shop.bjerring-sales.dk\/sv\/produkt\/kryss-stativ-50cm\/#primaryimage\",\"url\":\"https:\/\/shop.bjerring-sales.dk\/wp-content\/uploads\/2026\/03\/50xH_all_sizes_variation_mtl_frames.jpg\",\"contentUrl\":\"https:\/\/shop.bjerring-sales.dk\/wp-content\/uploads\/2026\/03\/50xH_all_sizes_variation_mtl_frames.jpg\",\"width\":800,\"height\":800},{\"@type\":\"BreadcrumbList\",\"@id\":\"https:\/\/shop.bjerring-sales.dk\/sv\/produkt\/kryss-stativ-50cm\/#breadcrumb\",\"itemListElement\":[{\"@type\":\"ListItem\",\"position\":1,\"name\":\"Hem\",\"item\":\"https:\/\/shop.bjerring-sales.dk\/\"},{\"@type\":\"ListItem\",\"position\":2,\"name\":\"Webbutik\",\"item\":\"https:\/\/shop.bjerring-sales.dk\/butik\/\"},{\"@type\":\"ListItem\",\"position\":3,\"name\":\"Kryss stativ 50 cm &#8211; 4 olika h\u00f6jder\"}]},{\"@type\":\"WebSite\",\"@id\":\"https:\/\/shop.bjerring-sales.dk\/#website\",\"url\":\"https:\/\/shop.bjerring-sales.dk\/\",\"name\":\"Bjerring-Sales\",\"description\":\"M\u00f6bler f\u00f6r teatrar, skolor, kontor och k\u00f6pcentrum\",\"publisher\":{\"@id\":\"https:\/\/shop.bjerring-sales.dk\/#organization\"},\"potentialAction\":[{\"@type\":\"SearchAction\",\"target\":{\"@type\":\"EntryPoint\",\"urlTemplate\":\"https:\/\/shop.bjerring-sales.dk\/?s={search_term_string}\"},\"query-input\":{\"@type\":\"PropertyValueSpecification\",\"valueRequired\":true,\"valueName\":\"search_term_string\"}}],\"inLanguage\":\"da-DK\"},{\"@type\":\"Organization\",\"@id\":\"https:\/\/shop.bjerring-sales.dk\/#organization\",\"name\":\"Bjerring-Sales\",\"url\":\"https:\/\/shop.bjerring-sales.dk\/\",\"logo\":{\"@type\":\"ImageObject\",\"inLanguage\":\"da-DK\",\"@id\":\"https:\/\/shop.bjerring-sales.dk\/#\/schema\/logo\/image\/\",\"url\":\"https:\/\/shop.bjerring-sales.dk\/wp-content\/uploads\/2023\/01\/logo_sv.png\",\"contentUrl\":\"https:\/\/shop.bjerring-sales.dk\/wp-content\/uploads\/2023\/01\/logo_sv.png\",\"width\":195,\"height\":68,\"caption\":\"Bjerring-Sales\"},\"image\":{\"@id\":\"https:\/\/shop.bjerring-sales.dk\/#\/schema\/logo\/image\/\"}}]}<\/script>\n<!-- \/ Yoast SEO plugin. -->","yoast_head_json":{"title":"Kryss stativ 50 cm - 4 olika h\u00f6jder - Bjerring-Sales","description":"Kryds stel fra Studio-serien er et bordstel med krydsfod, der kan bruges til de fleste typer bordplader. Bordstellet kan udvides med mulighed for at skabe fx konferenceborde, spiseborde og m\u00f8deborde.","robots":{"index":"index","follow":"follow","max-snippet":"max-snippet:-1","max-image-preview":"max-image-preview:large","max-video-preview":"max-video-preview:-1"},"canonical":"https:\/\/shop.bjerring-sales.dk\/da\/vare\/kryss-stativ-50cm\/","og_locale":"da_DK","og_type":"article","og_title":"Kryss stativ med kryss-fot 50 cm - Finns i 4 olika h\u00f6jder","og_description":"Kryss-stativet fr\u00e5n Studio serien \u00e4r ett bordsstativ med kryss-fot som kan anv\u00e4ndas f\u00f6r dom flesta typer av bordsskivor. Bordsstativet kan byggas ut med m\u00f6jligheten att skapa exempelvis konferensbord, matbord och m\u00f6tesbord.","og_url":"https:\/\/shop.bjerring-sales.dk\/da\/vare\/kryss-stativ-50cm\/","og_site_name":"Bjerring-Sales","article_modified_time":"2026-04-08T10:38:50+00:00","og_image":[{"width":800,"height":550,"url":"https:\/\/shop.bjerring-sales.dk\/wp-content\/uploads\/2021\/04\/Studio-Table-Choice-7X-1.jpg","type":"image\/jpeg"}],"twitter_card":"summary_large_image","twitter_title":"Kryss stativ med kryss-fot 50 cm - Finns i 4 olika h\u00f6jder","twitter_description":"Kryss-stativet fr\u00e5n Studio serien \u00e4r ett bordsstativ med kryss-fot som kan anv\u00e4ndas f\u00f6r dom flesta typer av bordsskivor. Bordsstativet kan byggas ut med m\u00f6jligheten att skapa exempelvis konferensbord, matbord och m\u00f6tesbord.","twitter_image":"https:\/\/shop.bjerring-sales.dk\/wp-content\/uploads\/2021\/04\/Studio-Table-Choice-7X-1.jpg","twitter_misc":{"Estimeret l\u00e6setid":"2 minutter"},"schema":{"@context":"https:\/\/schema.org","@graph":[{"@type":"WebPage","@id":"https:\/\/shop.bjerring-sales.dk\/sv\/produkt\/kryss-stativ-50cm\/","url":"https:\/\/shop.bjerring-sales.dk\/sv\/produkt\/kryss-stativ-50cm\/","name":"Kryss stativ 50 cm - 4 olika h\u00f6jder - Bjerring-Sales","isPartOf":{"@id":"https:\/\/shop.bjerring-sales.dk\/#website"},"primaryImageOfPage":{"@id":"https:\/\/shop.bjerring-sales.dk\/sv\/produkt\/kryss-stativ-50cm\/#primaryimage"},"image":{"@id":"https:\/\/shop.bjerring-sales.dk\/sv\/produkt\/kryss-stativ-50cm\/#primaryimage"},"thumbnailUrl":"https:\/\/shop.bjerring-sales.dk\/wp-content\/uploads\/2026\/03\/50xH_all_sizes_variation_mtl_frames.jpg","datePublished":"2023-04-19T14:00:59+00:00","dateModified":"2026-04-08T10:38:50+00:00","description":"Kryds stel fra Studio-serien er et bordstel med krydsfod, der kan bruges til de fleste typer bordplader. Bordstellet kan udvides med mulighed for at skabe fx konferenceborde, spiseborde og m\u00f8deborde.","breadcrumb":{"@id":"https:\/\/shop.bjerring-sales.dk\/sv\/produkt\/kryss-stativ-50cm\/#breadcrumb"},"inLanguage":"da-DK","potentialAction":[{"@type":"ReadAction","target":["https:\/\/shop.bjerring-sales.dk\/sv\/produkt\/kryss-stativ-50cm\/"]}]},{"@type":"ImageObject","inLanguage":"da-DK","@id":"https:\/\/shop.bjerring-sales.dk\/sv\/produkt\/kryss-stativ-50cm\/#primaryimage","url":"https:\/\/shop.bjerring-sales.dk\/wp-content\/uploads\/2026\/03\/50xH_all_sizes_variation_mtl_frames.jpg","contentUrl":"https:\/\/shop.bjerring-sales.dk\/wp-content\/uploads\/2026\/03\/50xH_all_sizes_variation_mtl_frames.jpg","width":800,"height":800},{"@type":"BreadcrumbList","@id":"https:\/\/shop.bjerring-sales.dk\/sv\/produkt\/kryss-stativ-50cm\/#breadcrumb","itemListElement":[{"@type":"ListItem","position":1,"name":"Hem","item":"https:\/\/shop.bjerring-sales.dk\/"},{"@type":"ListItem","position":2,"name":"Webbutik","item":"https:\/\/shop.bjerring-sales.dk\/butik\/"},{"@type":"ListItem","position":3,"name":"Kryss stativ 50 cm &#8211; 4 olika h\u00f6jder"}]},{"@type":"WebSite","@id":"https:\/\/shop.bjerring-sales.dk\/#website","url":"https:\/\/shop.bjerring-sales.dk\/","name":"Bjerring-Salg","description":"M\u00f8bler til teatre, skoler, kontorer og indk\u00f8bscentre","publisher":{"@id":"https:\/\/shop.bjerring-sales.dk\/#organization"},"potentialAction":[{"@type":"SearchAction","target":{"@type":"EntryPoint","urlTemplate":"https:\/\/shop.bjerring-sales.dk\/?s={search_term_string}"},"query-input":{"@type":"PropertyValueSpecification","valueRequired":true,"valueName":"search_term_string"}}],"inLanguage":"da-DK"},{"@type":"Organization","@id":"https:\/\/shop.bjerring-sales.dk\/#organization","name":"Bjerring-Salg","url":"https:\/\/shop.bjerring-sales.dk\/","logo":{"@type":"ImageObject","inLanguage":"da-DK","@id":"https:\/\/shop.bjerring-sales.dk\/#\/schema\/logo\/image\/","url":"https:\/\/shop.bjerring-sales.dk\/wp-content\/uploads\/2023\/01\/logo_sv.png","contentUrl":"https:\/\/shop.bjerring-sales.dk\/wp-content\/uploads\/2023\/01\/logo_sv.png","width":195,"height":68,"caption":"Bjerring-Sales"},"image":{"@id":"https:\/\/shop.bjerring-sales.dk\/#\/schema\/logo\/image\/"}}]}},"_links":{"self":[{"href":"https:\/\/shop.bjerring-sales.dk\/da\/wp-json\/wp\/v2\/product\/58502","targetHints":{"allow":["GET"]}}],"collection":[{"href":"https:\/\/shop.bjerring-sales.dk\/da\/wp-json\/wp\/v2\/product"}],"about":[{"href":"https:\/\/shop.bjerring-sales.dk\/da\/wp-json\/wp\/v2\/types\/product"}],"wp:featuredmedia":[{"embeddable":true,"href":"https:\/\/shop.bjerring-sales.dk\/da\/wp-json\/wp\/v2\/media\/102362"}],"wp:attachment":[{"href":"https:\/\/shop.bjerring-sales.dk\/da\/wp-json\/wp\/v2\/media?parent=58502"}],"wp:term":[{"taxonomy":"product_brand","embeddable":true,"href":"https:\/\/shop.bjerring-sales.dk\/da\/wp-json\/wp\/v2\/product_brand?post=58502"},{"taxonomy":"product_cat","embeddable":true,"href":"https:\/\/shop.bjerring-sales.dk\/da\/wp-json\/wp\/v2\/product_cat?post=58502"},{"taxonomy":"product_tag","embeddable":true,"href":"https:\/\/shop.bjerring-sales.dk\/da\/wp-json\/wp\/v2\/product_tag?post=58502"}],"curies":[{"name":"wp","href":"https:\/\/api.w.org\/{rel}","templated":true}]}}