{"id":58478,"date":"2023-04-24T10:44:12","date_gmt":"2023-04-24T08:44:12","guid":{"rendered":"https:\/\/pule.se\/produkt\/kryss-stativ-65x48-cm\/"},"modified":"2026-04-10T13:08:43","modified_gmt":"2026-04-10T11:08:43","slug":"kryss-stativ-65cm","status":"publish","type":"product","link":"https:\/\/shop.bjerring-sales.dk\/da\/vare\/kryss-stativ-65cm\/","title":{"rendered":"Krydsstel 65 cm \u2013 4 forskellige h\u00f8jder"},"content":{"rendered":"<div class=\"wpb-content-wrapper\"><div class=\"vc_row wpb_row vc_row-fluid wd-rs-644307f7be0da\"><div class=\"wpb_column vc_column_container vc_col-sm-12\"><div class=\"vc_column-inner\"><div class=\"wpb_wrapper\">\n\t<div class=\"wpb_text_column wpb_content_element\" >\n\t\t<div class=\"wpb_wrapper\">\n\t\t\t<p><span style=\"font-size: 24pt\">Krydsstel med krydsfod 65 cm - F\u00e5s i 4 forskellige h\u00f8jder<br \/>\n<\/span>Krydsstellet fra Studio-serien er et bordstel med krydsfod, der kan bruges til de fleste typer bordplader. Bordstellet kan udvides med mulighed for at skabe fx konferenceborde, spiseborde og m\u00f8deborde. B\u00e5de fod og s\u00f8jle er pulverlakerede st\u00e5lkonstruktioner. Stellet har justerbare f\u00f8dder, som g\u00f8r det nemt og bekvemt at stabilisere bordstellet, n\u00e5r det er n\u00f8dvendigt. Stellet er beregnet til indend\u00f8rs brug.<\/p>\n\n\t\t<\/div>\n\t<\/div>\n<\/div><\/div><\/div><\/div><div class=\"vc_row wpb_row vc_row-fluid wd-rs-644307f7be0da\"><div class=\"wpb_column vc_column_container vc_col-sm-12\"><div class=\"vc_column-inner\"><div class=\"wpb_wrapper\"><div class=\"vc_separator wpb_content_element vc_separator_align_center vc_sep_width_100 vc_sep_pos_align_center vc_separator_no_text vc_sep_color_grey\" ><span class=\"vc_sep_holder vc_sep_holder_l\"><span class=\"vc_sep_line\"><\/span><\/span><span class=\"vc_sep_holder vc_sep_holder_r\"><span class=\"vc_sep_line\"><\/span><\/span>\n<\/div><\/div><\/div><\/div><\/div><div class=\"vc_row wpb_row vc_row-fluid vc_custom_1524649438036\"><div class=\"wpb_column vc_column_container vc_col-sm-6\"><div class=\"vc_column-inner\"><div class=\"wpb_wrapper\">\n\t<div class=\"wpb_text_column wpb_content_element\" >\n\t\t<div class=\"wpb_wrapper\">\n\t\t\t<p><span style=\"font-size: 18pt\">\u00d865\u00d748 cm<\/span><\/p>\n<ul>\n<li>1 stel passer til st\u00f8rrelserne: \u00d870-90cm, 70x70cm, 80x80cm<\/li>\n<li>2 stel passer til st\u00f8rrelserne: 140x70cm, 140x80cm, 160x70cm, 160x80cm, 180x70cm, 180x80cm<\/li>\n<\/ul>\n<p><span style=\"font-size: 18pt\">\u00d865\u00d772 cm<\/span><\/p>\n<ul>\n<li>1 stel passer til st\u00f8rrelserne: \u00d870-80cm, 70x70cm, 80x80cm<\/li>\n<li>2 stel passer til st\u00f8rrelserne: 140x70cm, 140x80cm, 160x70cm, 160x80cm, 180x70cm, 180x80cm<\/li>\n<\/ul>\n<p><span style=\"font-size: 18pt\">\u00d865\u00d788 cm<\/span><\/p>\n<ul>\n<li>1 stel passer til st\u00f8rrelserne: \u00d870cm, 70x70cm<\/li>\n<li>2 stel passer til st\u00f8rrelserne: 140x70cm, 160x70cm, 180x70cm<\/li>\n<\/ul>\n<p><span style=\"font-size: 18pt\">\u00d865\u00d7108 cm<\/span><\/p>\n<ul>\n<li>1 stel passer til st\u00f8rrelserne: \u00d870cm, 70x70cm<\/li>\n<li>2 stel passer til st\u00f8rrelserne: 140x70cm, 160x70cm, 180x70cm<\/li>\n<\/ul>\n\n\t\t<\/div>\n\t<\/div>\n<\/div><\/div><\/div><div class=\"wpb_column vc_column_container vc_col-sm-6\"><div class=\"vc_column-inner\"><div class=\"wpb_wrapper\">\n\t<div class=\"wpb_text_column wpb_content_element\" >\n\t\t<div class=\"wpb_wrapper\">\n\t\t\t<p><span style=\"font-size: 18pt\">Farver<br \/>\n<\/span>S\u00f8jlestellet f\u00e5s i sort, s\u00f8lvgr\u00e5 og poleret rustfrit st\u00e5l.<\/p>\n<p><span style=\"font-size: 18pt\">M\u00e5l<\/span><\/p>\n<ul>\n<li>X65x48 cm<\/li>\n<li>X65x72 cm<\/li>\n<li>X65x88 cm<\/li>\n<li>X65x108 cm<\/li>\n<\/ul>\n<p><span style=\"font-size: 18pt\">V\u00e6gt<\/span><\/p>\n<ul>\n<li>X65x48 cm - 10,4 kg<\/li>\n<li>X65x72 cm - 11,1 kg<\/li>\n<li>X65x88 cm - 11,6 kg<\/li>\n<li>X65x108 cm - 12 kg<\/li>\n<\/ul>\n<p><span style=\"font-size: 18pt\">Garanti<br \/>\n<\/span>2 \u00e5r<\/p>\n\n\t\t<\/div>\n\t<\/div>\n<\/div><\/div><\/div><\/div>\n<\/div>","protected":false},"excerpt":{"rendered":"<p><span style=\"color: #ff0000\">Det rustfrie 65 cm krydsstativ er midlertidigt udg\u00e5et af sortimentet.<\/span>\u00a0 Kryds stel fra Studio-serien er et bordstel med krydsfod, der kan bruges til de fleste typer bordplader. Bordstellet kan udvides med mulighed for at skabe fx konferenceborde, spiseborde og m\u00f8deborde.<\/p>","protected":false},"featured_media":101285,"template":"","meta":{"iawp_total_views":1},"product_brand":[],"product_cat":[6363,5819],"product_tag":[5824,6384],"class_list":{"0":"post-58478","1":"product","2":"type-product","3":"status-publish","4":"has-post-thumbnail","6":"product_cat-studio","7":"product_cat-bordsstativ","8":"product_tag-kryss-stativ","9":"product_tag-kryss-stativ-65cm","11":"first","12":"instock","13":"taxable","14":"shipping-taxable","15":"purchasable","16":"product-type-variable"},"yoast_head":"<!-- This site is optimized with the Yoast SEO plugin v27.0 - https:\/\/yoast.com\/product\/yoast-seo-wordpress\/ -->\n<title>Kryss stativ 65 cm - 4 olika h\u00f6jder - Bjerring-Sales<\/title>\n<meta name=\"description\" content=\"Kryss-stativet fr\u00e5n Studio serien \u00e4r ett bordsstativ med kryss-fot som kan anv\u00e4ndas f\u00f6r dom flesta typer av bordsskivor.\" \/>\n<meta name=\"robots\" content=\"index, follow, max-snippet:-1, max-image-preview:large, max-video-preview:-1\" \/>\n<link rel=\"canonical\" href=\"https:\/\/shop.bjerring-sales.dk\/da\/vare\/kryss-stativ-65cm\/\" \/>\n<meta property=\"og:locale\" content=\"da_DK\" \/>\n<meta property=\"og:type\" content=\"article\" \/>\n<meta property=\"og:title\" content=\"Kryss stativ med kryss-fot 65 cm\" \/>\n<meta property=\"og:description\" content=\"Kryss-stativet fr\u00e5n Studio serien \u00e4r ett bordsstativ med kryss-fot som kan anv\u00e4ndas f\u00f6r dom flesta typer av bordsskivor.\" \/>\n<meta property=\"og:url\" content=\"https:\/\/shop.bjerring-sales.dk\/da\/vare\/kryss-stativ-65cm\/\" \/>\n<meta property=\"og:site_name\" content=\"Bjerring-Sales\" \/>\n<meta property=\"article:modified_time\" content=\"2026-04-10T11:08:43+00:00\" \/>\n<meta property=\"og:image\" content=\"https:\/\/shop.bjerring-sales.dk\/wp-content\/uploads\/2023\/04\/65_chrome.jpg\" \/>\n\t<meta property=\"og:image:width\" content=\"800\" \/>\n\t<meta property=\"og:image:height\" content=\"800\" \/>\n\t<meta property=\"og:image:type\" content=\"image\/jpeg\" \/>\n<meta name=\"twitter:card\" content=\"summary_large_image\" \/>\n<meta name=\"twitter:title\" content=\"Kryss stativ med kryss-fot 65 cm\" \/>\n<meta name=\"twitter:description\" content=\"Kryss-stativet fr\u00e5n Studio serien \u00e4r ett bordsstativ med kryss-fot som kan anv\u00e4ndas f\u00f6r dom flesta typer av bordsskivor.\" \/>\n<meta name=\"twitter:image\" content=\"https:\/\/shop.bjerring-sales.dk\/wp-content\/uploads\/2023\/04\/65_chrome.jpg\" \/>\n<meta name=\"twitter:label1\" content=\"Estimeret l\u00e6setid\" \/>\n\t<meta name=\"twitter:data1\" content=\"1 minut\" \/>\n<script type=\"application\/ld+json\" class=\"yoast-schema-graph\">{\"@context\":\"https:\/\/schema.org\",\"@graph\":[{\"@type\":\"WebPage\",\"@id\":\"https:\/\/shop.bjerring-sales.dk\/sv\/produkt\/kryss-stativ-65cm\/\",\"url\":\"https:\/\/shop.bjerring-sales.dk\/sv\/produkt\/kryss-stativ-65cm\/\",\"name\":\"Kryss stativ 65 cm - 4 olika h\u00f6jder - Bjerring-Sales\",\"isPartOf\":{\"@id\":\"https:\/\/shop.bjerring-sales.dk\/#website\"},\"primaryImageOfPage\":{\"@id\":\"https:\/\/shop.bjerring-sales.dk\/sv\/produkt\/kryss-stativ-65cm\/#primaryimage\"},\"image\":{\"@id\":\"https:\/\/shop.bjerring-sales.dk\/sv\/produkt\/kryss-stativ-65cm\/#primaryimage\"},\"thumbnailUrl\":\"https:\/\/shop.bjerring-sales.dk\/wp-content\/uploads\/2026\/03\/65xH_all_sizes_variation_mtl_frames-1.jpg\",\"datePublished\":\"2023-04-24T08:44:12+00:00\",\"dateModified\":\"2026-04-10T11:08:43+00:00\",\"description\":\"Kryss-stativet fr\u00e5n Studio serien \u00e4r ett bordsstativ med kryss-fot som kan anv\u00e4ndas f\u00f6r dom flesta typer av bordsskivor.\",\"breadcrumb\":{\"@id\":\"https:\/\/shop.bjerring-sales.dk\/sv\/produkt\/kryss-stativ-65cm\/#breadcrumb\"},\"inLanguage\":\"da-DK\",\"potentialAction\":[{\"@type\":\"ReadAction\",\"target\":[\"https:\/\/shop.bjerring-sales.dk\/sv\/produkt\/kryss-stativ-65cm\/\"]}]},{\"@type\":\"ImageObject\",\"inLanguage\":\"da-DK\",\"@id\":\"https:\/\/shop.bjerring-sales.dk\/sv\/produkt\/kryss-stativ-65cm\/#primaryimage\",\"url\":\"https:\/\/shop.bjerring-sales.dk\/wp-content\/uploads\/2026\/03\/65xH_all_sizes_variation_mtl_frames-1.jpg\",\"contentUrl\":\"https:\/\/shop.bjerring-sales.dk\/wp-content\/uploads\/2026\/03\/65xH_all_sizes_variation_mtl_frames-1.jpg\",\"width\":800,\"height\":800},{\"@type\":\"BreadcrumbList\",\"@id\":\"https:\/\/shop.bjerring-sales.dk\/sv\/produkt\/kryss-stativ-65cm\/#breadcrumb\",\"itemListElement\":[{\"@type\":\"ListItem\",\"position\":1,\"name\":\"Hem\",\"item\":\"https:\/\/shop.bjerring-sales.dk\/\"},{\"@type\":\"ListItem\",\"position\":2,\"name\":\"Webbutik\",\"item\":\"https:\/\/shop.bjerring-sales.dk\/butik\/\"},{\"@type\":\"ListItem\",\"position\":3,\"name\":\"Kryss stativ 65 cm &#8211; 4 olika h\u00f6jder\"}]},{\"@type\":\"WebSite\",\"@id\":\"https:\/\/shop.bjerring-sales.dk\/#website\",\"url\":\"https:\/\/shop.bjerring-sales.dk\/\",\"name\":\"Bjerring-Sales\",\"description\":\"M\u00f6bler f\u00f6r teatrar, skolor, kontor och k\u00f6pcentrum\",\"publisher\":{\"@id\":\"https:\/\/shop.bjerring-sales.dk\/#organization\"},\"potentialAction\":[{\"@type\":\"SearchAction\",\"target\":{\"@type\":\"EntryPoint\",\"urlTemplate\":\"https:\/\/shop.bjerring-sales.dk\/?s={search_term_string}\"},\"query-input\":{\"@type\":\"PropertyValueSpecification\",\"valueRequired\":true,\"valueName\":\"search_term_string\"}}],\"inLanguage\":\"da-DK\"},{\"@type\":\"Organization\",\"@id\":\"https:\/\/shop.bjerring-sales.dk\/#organization\",\"name\":\"Bjerring-Sales\",\"url\":\"https:\/\/shop.bjerring-sales.dk\/\",\"logo\":{\"@type\":\"ImageObject\",\"inLanguage\":\"da-DK\",\"@id\":\"https:\/\/shop.bjerring-sales.dk\/#\/schema\/logo\/image\/\",\"url\":\"https:\/\/shop.bjerring-sales.dk\/wp-content\/uploads\/2023\/01\/logo_sv.png\",\"contentUrl\":\"https:\/\/shop.bjerring-sales.dk\/wp-content\/uploads\/2023\/01\/logo_sv.png\",\"width\":195,\"height\":68,\"caption\":\"Bjerring-Sales\"},\"image\":{\"@id\":\"https:\/\/shop.bjerring-sales.dk\/#\/schema\/logo\/image\/\"}}]}<\/script>\n<!-- \/ Yoast SEO plugin. -->","yoast_head_json":{"title":"Kryss stativ 65 cm - 4 olika h\u00f6jder - Bjerring-Sales","description":"Kryss-stativet fr\u00e5n Studio serien \u00e4r ett bordsstativ med kryss-fot som kan anv\u00e4ndas f\u00f6r dom flesta typer av bordsskivor.","robots":{"index":"index","follow":"follow","max-snippet":"max-snippet:-1","max-image-preview":"max-image-preview:large","max-video-preview":"max-video-preview:-1"},"canonical":"https:\/\/shop.bjerring-sales.dk\/da\/vare\/kryss-stativ-65cm\/","og_locale":"da_DK","og_type":"article","og_title":"Kryss stativ med kryss-fot 65 cm","og_description":"Kryss-stativet fr\u00e5n Studio serien \u00e4r ett bordsstativ med kryss-fot som kan anv\u00e4ndas f\u00f6r dom flesta typer av bordsskivor.","og_url":"https:\/\/shop.bjerring-sales.dk\/da\/vare\/kryss-stativ-65cm\/","og_site_name":"Bjerring-Sales","article_modified_time":"2026-04-10T11:08:43+00:00","og_image":[{"width":800,"height":800,"url":"https:\/\/shop.bjerring-sales.dk\/wp-content\/uploads\/2023\/04\/65_chrome.jpg","type":"image\/jpeg"}],"twitter_card":"summary_large_image","twitter_title":"Kryss stativ med kryss-fot 65 cm","twitter_description":"Kryss-stativet fr\u00e5n Studio serien \u00e4r ett bordsstativ med kryss-fot som kan anv\u00e4ndas f\u00f6r dom flesta typer av bordsskivor.","twitter_image":"https:\/\/shop.bjerring-sales.dk\/wp-content\/uploads\/2023\/04\/65_chrome.jpg","twitter_misc":{"Estimeret l\u00e6setid":"1 minut"},"schema":{"@context":"https:\/\/schema.org","@graph":[{"@type":"WebPage","@id":"https:\/\/shop.bjerring-sales.dk\/sv\/produkt\/kryss-stativ-65cm\/","url":"https:\/\/shop.bjerring-sales.dk\/sv\/produkt\/kryss-stativ-65cm\/","name":"Kryss stativ 65 cm - 4 olika h\u00f6jder - Bjerring-Sales","isPartOf":{"@id":"https:\/\/shop.bjerring-sales.dk\/#website"},"primaryImageOfPage":{"@id":"https:\/\/shop.bjerring-sales.dk\/sv\/produkt\/kryss-stativ-65cm\/#primaryimage"},"image":{"@id":"https:\/\/shop.bjerring-sales.dk\/sv\/produkt\/kryss-stativ-65cm\/#primaryimage"},"thumbnailUrl":"https:\/\/shop.bjerring-sales.dk\/wp-content\/uploads\/2026\/03\/65xH_all_sizes_variation_mtl_frames-1.jpg","datePublished":"2023-04-24T08:44:12+00:00","dateModified":"2026-04-10T11:08:43+00:00","description":"Kryss-stativet fr\u00e5n Studio serien \u00e4r ett bordsstativ med kryss-fot som kan anv\u00e4ndas f\u00f6r dom flesta typer av bordsskivor.","breadcrumb":{"@id":"https:\/\/shop.bjerring-sales.dk\/sv\/produkt\/kryss-stativ-65cm\/#breadcrumb"},"inLanguage":"da-DK","potentialAction":[{"@type":"ReadAction","target":["https:\/\/shop.bjerring-sales.dk\/sv\/produkt\/kryss-stativ-65cm\/"]}]},{"@type":"ImageObject","inLanguage":"da-DK","@id":"https:\/\/shop.bjerring-sales.dk\/sv\/produkt\/kryss-stativ-65cm\/#primaryimage","url":"https:\/\/shop.bjerring-sales.dk\/wp-content\/uploads\/2026\/03\/65xH_all_sizes_variation_mtl_frames-1.jpg","contentUrl":"https:\/\/shop.bjerring-sales.dk\/wp-content\/uploads\/2026\/03\/65xH_all_sizes_variation_mtl_frames-1.jpg","width":800,"height":800},{"@type":"BreadcrumbList","@id":"https:\/\/shop.bjerring-sales.dk\/sv\/produkt\/kryss-stativ-65cm\/#breadcrumb","itemListElement":[{"@type":"ListItem","position":1,"name":"Hem","item":"https:\/\/shop.bjerring-sales.dk\/"},{"@type":"ListItem","position":2,"name":"Webbutik","item":"https:\/\/shop.bjerring-sales.dk\/butik\/"},{"@type":"ListItem","position":3,"name":"Kryss stativ 65 cm &#8211; 4 olika h\u00f6jder"}]},{"@type":"WebSite","@id":"https:\/\/shop.bjerring-sales.dk\/#website","url":"https:\/\/shop.bjerring-sales.dk\/","name":"Bjerring-Salg","description":"M\u00f8bler til teatre, skoler, kontorer og indk\u00f8bscentre","publisher":{"@id":"https:\/\/shop.bjerring-sales.dk\/#organization"},"potentialAction":[{"@type":"SearchAction","target":{"@type":"EntryPoint","urlTemplate":"https:\/\/shop.bjerring-sales.dk\/?s={search_term_string}"},"query-input":{"@type":"PropertyValueSpecification","valueRequired":true,"valueName":"search_term_string"}}],"inLanguage":"da-DK"},{"@type":"Organization","@id":"https:\/\/shop.bjerring-sales.dk\/#organization","name":"Bjerring-Salg","url":"https:\/\/shop.bjerring-sales.dk\/","logo":{"@type":"ImageObject","inLanguage":"da-DK","@id":"https:\/\/shop.bjerring-sales.dk\/#\/schema\/logo\/image\/","url":"https:\/\/shop.bjerring-sales.dk\/wp-content\/uploads\/2023\/01\/logo_sv.png","contentUrl":"https:\/\/shop.bjerring-sales.dk\/wp-content\/uploads\/2023\/01\/logo_sv.png","width":195,"height":68,"caption":"Bjerring-Sales"},"image":{"@id":"https:\/\/shop.bjerring-sales.dk\/#\/schema\/logo\/image\/"}}]}},"_links":{"self":[{"href":"https:\/\/shop.bjerring-sales.dk\/da\/wp-json\/wp\/v2\/product\/58478","targetHints":{"allow":["GET"]}}],"collection":[{"href":"https:\/\/shop.bjerring-sales.dk\/da\/wp-json\/wp\/v2\/product"}],"about":[{"href":"https:\/\/shop.bjerring-sales.dk\/da\/wp-json\/wp\/v2\/types\/product"}],"wp:featuredmedia":[{"embeddable":true,"href":"https:\/\/shop.bjerring-sales.dk\/da\/wp-json\/wp\/v2\/media\/101285"}],"wp:attachment":[{"href":"https:\/\/shop.bjerring-sales.dk\/da\/wp-json\/wp\/v2\/media?parent=58478"}],"wp:term":[{"taxonomy":"product_brand","embeddable":true,"href":"https:\/\/shop.bjerring-sales.dk\/da\/wp-json\/wp\/v2\/product_brand?post=58478"},{"taxonomy":"product_cat","embeddable":true,"href":"https:\/\/shop.bjerring-sales.dk\/da\/wp-json\/wp\/v2\/product_cat?post=58478"},{"taxonomy":"product_tag","embeddable":true,"href":"https:\/\/shop.bjerring-sales.dk\/da\/wp-json\/wp\/v2\/product_tag?post=58478"}],"curies":[{"name":"wp","href":"https:\/\/api.w.org\/{rel}","templated":true}]}}