{"id":58260,"date":"2023-07-03T12:00:26","date_gmt":"2023-07-03T10:00:26","guid":{"rendered":"https:\/\/pule.se\/produkt\/tellus-small\/"},"modified":"2026-03-16T18:24:14","modified_gmt":"2026-03-16T17:24:14","slug":"tellus-small","status":"publish","type":"product","link":"https:\/\/shop.bjerring-sales.dk\/da\/vare\/tellus-small\/","title":{"rendered":"Tellus bord \u2013 Small"},"content":{"rendered":"<div class=\"wpb-content-wrapper\"><div class=\"vc_row wpb_row vc_row-fluid\"><div class=\"wpb_column vc_column_container vc_col-sm-12\"><div class=\"vc_column-inner\"><div class=\"wpb_wrapper\">\n\t<div class=\"wpb_text_column wpb_content_element\" >\n\t\t<div class=\"wpb_wrapper\">\n\t\t\t<p><span style=\"font-size: 24pt\">Et elegant bord med T-stel \u2013 Tellus-serien<br \/>\n<\/span>Tellus-serien best\u00e5r af borde med faste T-stel i forskellige farver og st\u00f8rrelser. Tellus bordet er lagerf\u00f8rt i en r\u00e6kke st\u00f8rrelser med forskellige valg af bordplader og standardfarver. Bordene i Tellus-serien er lette, elegante og lavet til det moderne kontor. Tellus stellene s\u00e6lges ogs\u00e5 separat og vi kan ogs\u00e5 specialfremstille bordplader i andre farver og st\u00f8rrelser.<\/p>\n\n\t\t<\/div>\n\t<\/div>\n<\/div><\/div><\/div><\/div><div class=\"vc_row wpb_row vc_row-fluid\"><div class=\"wpb_column vc_column_container vc_col-sm-4\"><div class=\"vc_column-inner\"><div class=\"wpb_wrapper\">\n\t<div  class=\"wpb_single_image wpb_content_element vc_align_center\">\n\t\t\n\t\t<figure class=\"wpb_wrapper vc_figure\">\n\t\t\t<div class=\"vc_single_image-wrapper vc_box_shadow_border  vc_box_border_grey\"><img loading=\"lazy\" decoding=\"async\" width=\"800\" height=\"550\" src=\"https:\/\/shop.bjerring-sales.dk\/wp-content\/uploads\/2021\/05\/Tellus_Choice4-1.jpg\" class=\"vc_single_image-img attachment-full\" alt=\"\" title=\"Tellus_Choice4-1\" srcset=\"https:\/\/shop.bjerring-sales.dk\/wp-content\/uploads\/2021\/05\/Tellus_Choice4-1.jpg 800w, https:\/\/shop.bjerring-sales.dk\/wp-content\/uploads\/2021\/05\/Tellus_Choice4-1-150x103.jpg 150w, https:\/\/shop.bjerring-sales.dk\/wp-content\/uploads\/2021\/05\/Tellus_Choice4-1-600x413.jpg 600w, https:\/\/shop.bjerring-sales.dk\/wp-content\/uploads\/2021\/05\/Tellus_Choice4-1-300x206.jpg 300w, https:\/\/shop.bjerring-sales.dk\/wp-content\/uploads\/2021\/05\/Tellus_Choice4-1-768x528.jpg 768w\" sizes=\"auto, (max-width: 800px) 100vw, 800px\" \/><\/div>\n\t\t<\/figure>\n\t<\/div>\n<\/div><\/div><\/div><div class=\"wpb_column vc_column_container vc_col-sm-4\"><div class=\"vc_column-inner\"><div class=\"wpb_wrapper\">\n\t<div  class=\"wpb_single_image wpb_content_element vc_align_center\">\n\t\t\n\t\t<figure class=\"wpb_wrapper vc_figure\">\n\t\t\t<div class=\"vc_single_image-wrapper vc_box_shadow_border  vc_box_border_grey\"><img loading=\"lazy\" decoding=\"async\" width=\"800\" height=\"550\" src=\"https:\/\/shop.bjerring-sales.dk\/wp-content\/uploads\/2021\/05\/Tellus_Choice1_Post-1.jpg\" class=\"vc_single_image-img attachment-full\" alt=\"\" title=\"Tellus_Choice1_Post-1\" srcset=\"https:\/\/shop.bjerring-sales.dk\/wp-content\/uploads\/2021\/05\/Tellus_Choice1_Post-1.jpg 800w, https:\/\/shop.bjerring-sales.dk\/wp-content\/uploads\/2021\/05\/Tellus_Choice1_Post-1-150x103.jpg 150w, https:\/\/shop.bjerring-sales.dk\/wp-content\/uploads\/2021\/05\/Tellus_Choice1_Post-1-600x413.jpg 600w, https:\/\/shop.bjerring-sales.dk\/wp-content\/uploads\/2021\/05\/Tellus_Choice1_Post-1-300x206.jpg 300w, https:\/\/shop.bjerring-sales.dk\/wp-content\/uploads\/2021\/05\/Tellus_Choice1_Post-1-768x528.jpg 768w\" sizes=\"auto, (max-width: 800px) 100vw, 800px\" \/><\/div>\n\t\t<\/figure>\n\t<\/div>\n<\/div><\/div><\/div><div class=\"wpb_column vc_column_container vc_col-sm-4\"><div class=\"vc_column-inner\"><div class=\"wpb_wrapper\">\n\t<div  class=\"wpb_single_image wpb_content_element vc_align_center\">\n\t\t\n\t\t<figure class=\"wpb_wrapper vc_figure\">\n\t\t\t<div class=\"vc_single_image-wrapper vc_box_shadow_border  vc_box_border_grey\"><img loading=\"lazy\" decoding=\"async\" width=\"800\" height=\"550\" src=\"https:\/\/shop.bjerring-sales.dk\/wp-content\/uploads\/2021\/05\/Tellus_Choice2-1.jpg\" class=\"vc_single_image-img attachment-full\" alt=\"\" title=\"Tellus_Choice2-1\" srcset=\"https:\/\/shop.bjerring-sales.dk\/wp-content\/uploads\/2021\/05\/Tellus_Choice2-1.jpg 800w, https:\/\/shop.bjerring-sales.dk\/wp-content\/uploads\/2021\/05\/Tellus_Choice2-1-150x103.jpg 150w, https:\/\/shop.bjerring-sales.dk\/wp-content\/uploads\/2021\/05\/Tellus_Choice2-1-600x413.jpg 600w, https:\/\/shop.bjerring-sales.dk\/wp-content\/uploads\/2021\/05\/Tellus_Choice2-1-300x206.jpg 300w, https:\/\/shop.bjerring-sales.dk\/wp-content\/uploads\/2021\/05\/Tellus_Choice2-1-768x528.jpg 768w\" sizes=\"auto, (max-width: 800px) 100vw, 800px\" \/><\/div>\n\t\t<\/figure>\n\t<\/div>\n<\/div><\/div><\/div><\/div><div class=\"vc_row wpb_row vc_row-fluid\"><div class=\"wpb_column vc_column_container vc_col-sm-6\"><div class=\"vc_column-inner\"><div class=\"wpb_wrapper\">\n\t<div class=\"wpb_text_column wpb_content_element\" >\n\t\t<div class=\"wpb_wrapper\">\n\t\t\t<p><span style=\"font-size: 18pt\">Stel<br \/>\n<\/span>Stellet er lavet af pulverlakerede metalr\u00f8r. Stellet opfylder kravene i EN 527-3 standarden.<\/p>\n<ul>\n<li>Vandret firkantr\u00f8r \u2013 40\u00d740 mm<\/li>\n<li>Lodret firkantr\u00f8r \u2013 40\u00d720 mm<\/li>\n<li>Benene er firkantede r\u00f8r 70\u00d730 mm med svejset stel som giver stabilitet<\/li>\n<li>Plastf\u00f8dder med h\u00f8jdekompensation (+10 mm)<\/li>\n<\/ul>\n<p><span style=\"font-size: 18pt\">M\u00e5l<\/span><\/p>\n<ul>\n<li>140\u00d770 cm<\/li>\n<li>140\u00d780 cm<\/li>\n<li>160\u00d770 cm<\/li>\n<li>160\u00d780 cm<\/li>\n<li>180\u00d770 cm<\/li>\n<li>180\u00d780 cm<\/li>\n<li>200\u00d7100 cm<\/li>\n<li>200\u00d7100\/80 cm (b\u00e5dformet)<\/li>\n<\/ul>\n<p><span style=\"font-size: 18pt\">Specifikationer<\/span><\/p>\n<ul>\n<li>Skrivebordsh\u00f8jde \u2013 740 mm<\/li>\n<li>Opfylder kravene i EN 527-3 standarden.<\/li>\n<\/ul>\n\n\t\t<\/div>\n\t<\/div>\n<\/div><\/div><\/div><div class=\"wpb_column vc_column_container vc_col-sm-6\"><div class=\"vc_column-inner\"><div class=\"wpb_wrapper\">\n\t<div class=\"wpb_text_column wpb_content_element\" >\n\t\t<div class=\"wpb_wrapper\">\n\t\t\t<p><span style=\"font-size: 18pt\">Montering<br \/>\n<\/span>Tellus borde kan leveres b\u00e5de som borde og stel med eller uden plade. Ved bestilling af bord kr\u00e6ves lettere montage hos kunden. Se installationsvejledningen nedenfor.<\/p>\n<p><img loading=\"lazy\" decoding=\"async\" class=\"alignnone size-full wp-image-72653\" src=\"https:\/\/shop.bjerring-sales.dk\/wp-content\/uploads\/2021\/03\/PDF-doc-16.png\" alt=\"\" width=\"16\" height=\"16\" \/>\u00a0<a href=\"https:\/\/elj.se\/wp-content\/uploads\/2022\/10\/Monteringsanvisning-Tellus-ingen-logo.pdf\" target=\"_blank\" rel=\"noopener\">Download monteringsvejledning<\/a><\/p>\n<p><span style=\"font-size: 18pt\">Farver<\/span><\/p>\n<ul>\n<li>Bordplader f\u00e5s i b\u00f8g, birk, eg, hvid, sort, gr\u00e5 og urban eg<\/li>\n<li>Stellet f\u00e5s i sort, hvid og s\u00f8lvgr\u00e5<\/li>\n<\/ul>\n<p><span style=\"font-size: 18pt\">Garanti<br \/>\n<\/span>2 \u00e5r<\/p>\n\n\t\t<\/div>\n\t<\/div>\n<\/div><\/div><\/div><\/div><div class=\"vc_row wpb_row vc_row-fluid\"><div class=\"wpb_column vc_column_container vc_col-sm-6\"><div class=\"vc_column-inner\"><div class=\"wpb_wrapper\">\n\t<div  class=\"wpb_single_image wpb_content_element vc_align_left\">\n\t\t\n\t\t<figure class=\"wpb_wrapper vc_figure\">\n\t\t\t<div class=\"vc_single_image-wrapper   vc_box_border_grey\"><img loading=\"lazy\" decoding=\"async\" width=\"800\" height=\"600\" src=\"https:\/\/shop.bjerring-sales.dk\/wp-content\/uploads\/2021\/05\/Tellus-miniatyrer2.jpg\" class=\"vc_single_image-img attachment-full\" alt=\"\" title=\"Tellus miniaturer 2\" srcset=\"https:\/\/shop.bjerring-sales.dk\/wp-content\/uploads\/2021\/05\/Tellus-miniatyrer2.jpg 800w, https:\/\/shop.bjerring-sales.dk\/wp-content\/uploads\/2021\/05\/Tellus-miniatyrer2-150x113.jpg 150w, https:\/\/shop.bjerring-sales.dk\/wp-content\/uploads\/2021\/05\/Tellus-miniatyrer2-600x450.jpg 600w, https:\/\/shop.bjerring-sales.dk\/wp-content\/uploads\/2021\/05\/Tellus-miniatyrer2-300x225.jpg 300w, https:\/\/shop.bjerring-sales.dk\/wp-content\/uploads\/2021\/05\/Tellus-miniatyrer2-768x576.jpg 768w\" sizes=\"auto, (max-width: 800px) 100vw, 800px\" \/><\/div>\n\t\t<\/figure>\n\t<\/div>\n<\/div><\/div><\/div><div class=\"wpb_column vc_column_container vc_col-sm-6\"><div class=\"vc_column-inner\"><div class=\"wpb_wrapper\">\n\t<div  class=\"wpb_single_image wpb_content_element vc_align_left\">\n\t\t\n\t\t<figure class=\"wpb_wrapper vc_figure\">\n\t\t\t<div class=\"vc_single_image-wrapper   vc_box_border_grey\"><img loading=\"lazy\" decoding=\"async\" width=\"800\" height=\"600\" src=\"https:\/\/shop.bjerring-sales.dk\/wp-content\/uploads\/2021\/05\/Tellus-miniatyrer_1.jpg\" class=\"vc_single_image-img attachment-full\" alt=\"\" title=\"Tellus Thumbnails_1\" srcset=\"https:\/\/shop.bjerring-sales.dk\/wp-content\/uploads\/2021\/05\/Tellus-miniatyrer_1.jpg 800w, https:\/\/shop.bjerring-sales.dk\/wp-content\/uploads\/2021\/05\/Tellus-miniatyrer_1-150x113.jpg 150w, https:\/\/shop.bjerring-sales.dk\/wp-content\/uploads\/2021\/05\/Tellus-miniatyrer_1-600x450.jpg 600w, https:\/\/shop.bjerring-sales.dk\/wp-content\/uploads\/2021\/05\/Tellus-miniatyrer_1-300x225.jpg 300w, https:\/\/shop.bjerring-sales.dk\/wp-content\/uploads\/2021\/05\/Tellus-miniatyrer_1-768x576.jpg 768w\" sizes=\"auto, (max-width: 800px) 100vw, 800px\" \/><\/div>\n\t\t<\/figure>\n\t<\/div>\n<\/div><\/div><\/div><\/div>\n<\/div>","protected":false},"excerpt":{"rendered":"<p>Tellus-serien best\u00e5r af borde med faste T-stel i forskellige farver og st\u00f8rrelser. Tellus bordet er lagerf\u00f8rt i en r\u00e6kke st\u00f8rrelser med forskellige valg af bordplader og standardfarver.<\/p>","protected":false},"featured_media":96754,"template":"","meta":{"iawp_total_views":9},"product_brand":[],"product_cat":[5786,5787,5785,5821,5820],"product_tag":[6036,6037,6038,5781,5993,6035],"class_list":{"0":"post-58260","1":"product","2":"type-product","3":"status-publish","4":"has-post-thumbnail","6":"product_cat-skrivbord","7":"product_cat-bord","8":"product_cat-hemmakontor","9":"product_cat-utbildningsbord","10":"product_cat-konferensbord","11":"product_tag-tellus","12":"product_tag-prisvart-bord","13":"product_tag-bord-med-t-stativ","14":"product_tag-skrivbord","15":"product_tag-matbord","16":"product_tag-bord-med-fast-stativ","18":"first","19":"instock","20":"taxable","21":"shipping-taxable","22":"purchasable","23":"product-type-variable"},"yoast_head":"<!-- This site is optimized with the Yoast SEO plugin v27.0 - https:\/\/yoast.com\/product\/yoast-seo-wordpress\/ -->\n<title>Tellus bord - Small - Bjerring-Sales<\/title>\n<meta name=\"description\" content=\"Tellus serien best\u00e5r av bord med fasta T-stativ i olika f\u00e4rger och storlekar. Tellus bordet lagerh\u00e5lls i en m\u00e4ngd olika storlekar med olika val av bordsskivor och f\u00e4rger p\u00e5 stativ.\" \/>\n<meta name=\"robots\" content=\"index, follow, max-snippet:-1, max-image-preview:large, max-video-preview:-1\" \/>\n<link rel=\"canonical\" href=\"https:\/\/shop.bjerring-sales.dk\/da\/vare\/tellus-small\/\" \/>\n<meta property=\"og:locale\" content=\"da_DK\" \/>\n<meta property=\"og:type\" content=\"article\" \/>\n<meta property=\"og:title\" content=\"Tellus bord - Small - Bjerring-Sales\" \/>\n<meta property=\"og:description\" content=\"Tellus serien best\u00e5r av bord med fasta T-stativ i olika f\u00e4rger och storlekar. Tellus bordet lagerh\u00e5lls i en m\u00e4ngd olika storlekar med olika val av bordsskivor och f\u00e4rger p\u00e5 stativ.\" \/>\n<meta property=\"og:url\" content=\"https:\/\/shop.bjerring-sales.dk\/da\/vare\/tellus-small\/\" \/>\n<meta property=\"og:site_name\" content=\"Bjerring-Sales\" \/>\n<meta property=\"article:modified_time\" content=\"2026-03-16T17:24:14+00:00\" \/>\n<meta property=\"og:image\" content=\"https:\/\/shop.bjerring-sales.dk\/wp-content\/uploads\/2024\/03\/180x70_WhiteLegs_Urban-Oak-2.jpg\" \/>\n\t<meta property=\"og:image:width\" content=\"800\" \/>\n\t<meta property=\"og:image:height\" content=\"800\" \/>\n\t<meta property=\"og:image:type\" content=\"image\/jpeg\" \/>\n<meta name=\"twitter:card\" content=\"summary_large_image\" \/>\n<meta name=\"twitter:label1\" content=\"Estimeret l\u00e6setid\" \/>\n\t<meta name=\"twitter:data1\" content=\"2 minutter\" \/>\n<script type=\"application\/ld+json\" class=\"yoast-schema-graph\">{\"@context\":\"https:\/\/schema.org\",\"@graph\":[{\"@type\":\"WebPage\",\"@id\":\"https:\/\/shop.bjerring-sales.dk\/sv\/produkt\/tellus-small\/\",\"url\":\"https:\/\/shop.bjerring-sales.dk\/sv\/produkt\/tellus-small\/\",\"name\":\"Tellus bord - Small - Bjerring-Sales\",\"isPartOf\":{\"@id\":\"https:\/\/shop.bjerring-sales.dk\/#website\"},\"primaryImageOfPage\":{\"@id\":\"https:\/\/shop.bjerring-sales.dk\/sv\/produkt\/tellus-small\/#primaryimage\"},\"image\":{\"@id\":\"https:\/\/shop.bjerring-sales.dk\/sv\/produkt\/tellus-small\/#primaryimage\"},\"thumbnailUrl\":\"https:\/\/shop.bjerring-sales.dk\/wp-content\/uploads\/2024\/03\/180x70_WhiteLegs_Urban-Oak-2.jpg\",\"datePublished\":\"2023-07-03T10:00:26+00:00\",\"dateModified\":\"2026-03-16T17:24:14+00:00\",\"description\":\"Tellus serien best\u00e5r av bord med fasta T-stativ i olika f\u00e4rger och storlekar. Tellus bordet lagerh\u00e5lls i en m\u00e4ngd olika storlekar med olika val av bordsskivor och f\u00e4rger p\u00e5 stativ.\",\"breadcrumb\":{\"@id\":\"https:\/\/shop.bjerring-sales.dk\/sv\/produkt\/tellus-small\/#breadcrumb\"},\"inLanguage\":\"da-DK\",\"potentialAction\":[{\"@type\":\"ReadAction\",\"target\":[\"https:\/\/shop.bjerring-sales.dk\/sv\/produkt\/tellus-small\/\"]}]},{\"@type\":\"ImageObject\",\"inLanguage\":\"da-DK\",\"@id\":\"https:\/\/shop.bjerring-sales.dk\/sv\/produkt\/tellus-small\/#primaryimage\",\"url\":\"https:\/\/shop.bjerring-sales.dk\/wp-content\/uploads\/2024\/03\/180x70_WhiteLegs_Urban-Oak-2.jpg\",\"contentUrl\":\"https:\/\/shop.bjerring-sales.dk\/wp-content\/uploads\/2024\/03\/180x70_WhiteLegs_Urban-Oak-2.jpg\",\"width\":800,\"height\":800},{\"@type\":\"BreadcrumbList\",\"@id\":\"https:\/\/shop.bjerring-sales.dk\/sv\/produkt\/tellus-small\/#breadcrumb\",\"itemListElement\":[{\"@type\":\"ListItem\",\"position\":1,\"name\":\"Hem\",\"item\":\"https:\/\/shop.bjerring-sales.dk\/\"},{\"@type\":\"ListItem\",\"position\":2,\"name\":\"Webbutik\",\"item\":\"https:\/\/shop.bjerring-sales.dk\/butik\/\"},{\"@type\":\"ListItem\",\"position\":3,\"name\":\"Tellus bord &#8211; Small\"}]},{\"@type\":\"WebSite\",\"@id\":\"https:\/\/shop.bjerring-sales.dk\/#website\",\"url\":\"https:\/\/shop.bjerring-sales.dk\/\",\"name\":\"Bjerring-Sales\",\"description\":\"M\u00f6bler f\u00f6r teatrar, skolor, kontor och k\u00f6pcentrum\",\"publisher\":{\"@id\":\"https:\/\/shop.bjerring-sales.dk\/#organization\"},\"potentialAction\":[{\"@type\":\"SearchAction\",\"target\":{\"@type\":\"EntryPoint\",\"urlTemplate\":\"https:\/\/shop.bjerring-sales.dk\/?s={search_term_string}\"},\"query-input\":{\"@type\":\"PropertyValueSpecification\",\"valueRequired\":true,\"valueName\":\"search_term_string\"}}],\"inLanguage\":\"da-DK\"},{\"@type\":\"Organization\",\"@id\":\"https:\/\/shop.bjerring-sales.dk\/#organization\",\"name\":\"Bjerring-Sales\",\"url\":\"https:\/\/shop.bjerring-sales.dk\/\",\"logo\":{\"@type\":\"ImageObject\",\"inLanguage\":\"da-DK\",\"@id\":\"https:\/\/shop.bjerring-sales.dk\/#\/schema\/logo\/image\/\",\"url\":\"https:\/\/shop.bjerring-sales.dk\/wp-content\/uploads\/2023\/01\/logo_sv.png\",\"contentUrl\":\"https:\/\/shop.bjerring-sales.dk\/wp-content\/uploads\/2023\/01\/logo_sv.png\",\"width\":195,\"height\":68,\"caption\":\"Bjerring-Sales\"},\"image\":{\"@id\":\"https:\/\/shop.bjerring-sales.dk\/#\/schema\/logo\/image\/\"}}]}<\/script>\n<!-- \/ Yoast SEO plugin. -->","yoast_head_json":{"title":"Tellus bord - Small - Bjerring-Sales","description":"Tellus-serien best\u00e5r af borde med faste T-stel i forskellige farver og st\u00f8rrelser. Tellus bordet er lagerf\u00f8rt i en r\u00e6kke st\u00f8rrelser med forskellige valg af bordplader og standardfarver.","robots":{"index":"index","follow":"follow","max-snippet":"max-snippet:-1","max-image-preview":"max-image-preview:large","max-video-preview":"max-video-preview:-1"},"canonical":"https:\/\/shop.bjerring-sales.dk\/da\/vare\/tellus-small\/","og_locale":"da_DK","og_type":"article","og_title":"Tellus bord - Small - Bjerring-Sales","og_description":"Tellus serien best\u00e5r av bord med fasta T-stativ i olika f\u00e4rger och storlekar. Tellus bordet lagerh\u00e5lls i en m\u00e4ngd olika storlekar med olika val av bordsskivor och f\u00e4rger p\u00e5 stativ.","og_url":"https:\/\/shop.bjerring-sales.dk\/da\/vare\/tellus-small\/","og_site_name":"Bjerring-Sales","article_modified_time":"2026-03-16T17:24:14+00:00","og_image":[{"width":800,"height":800,"url":"https:\/\/shop.bjerring-sales.dk\/wp-content\/uploads\/2024\/03\/180x70_WhiteLegs_Urban-Oak-2.jpg","type":"image\/jpeg"}],"twitter_card":"summary_large_image","twitter_misc":{"Estimeret l\u00e6setid":"2 minutter"},"schema":{"@context":"https:\/\/schema.org","@graph":[{"@type":"WebPage","@id":"https:\/\/shop.bjerring-sales.dk\/sv\/produkt\/tellus-small\/","url":"https:\/\/shop.bjerring-sales.dk\/sv\/produkt\/tellus-small\/","name":"Tellus bord - Small - Bjerring-Sales","isPartOf":{"@id":"https:\/\/shop.bjerring-sales.dk\/#website"},"primaryImageOfPage":{"@id":"https:\/\/shop.bjerring-sales.dk\/sv\/produkt\/tellus-small\/#primaryimage"},"image":{"@id":"https:\/\/shop.bjerring-sales.dk\/sv\/produkt\/tellus-small\/#primaryimage"},"thumbnailUrl":"https:\/\/shop.bjerring-sales.dk\/wp-content\/uploads\/2024\/03\/180x70_WhiteLegs_Urban-Oak-2.jpg","datePublished":"2023-07-03T10:00:26+00:00","dateModified":"2026-03-16T17:24:14+00:00","description":"Tellus-serien best\u00e5r af borde med faste T-stel i forskellige farver og st\u00f8rrelser. Tellus bordet er lagerf\u00f8rt i en r\u00e6kke st\u00f8rrelser med forskellige valg af bordplader og standardfarver.","breadcrumb":{"@id":"https:\/\/shop.bjerring-sales.dk\/sv\/produkt\/tellus-small\/#breadcrumb"},"inLanguage":"da-DK","potentialAction":[{"@type":"ReadAction","target":["https:\/\/shop.bjerring-sales.dk\/sv\/produkt\/tellus-small\/"]}]},{"@type":"ImageObject","inLanguage":"da-DK","@id":"https:\/\/shop.bjerring-sales.dk\/sv\/produkt\/tellus-small\/#primaryimage","url":"https:\/\/shop.bjerring-sales.dk\/wp-content\/uploads\/2024\/03\/180x70_WhiteLegs_Urban-Oak-2.jpg","contentUrl":"https:\/\/shop.bjerring-sales.dk\/wp-content\/uploads\/2024\/03\/180x70_WhiteLegs_Urban-Oak-2.jpg","width":800,"height":800},{"@type":"BreadcrumbList","@id":"https:\/\/shop.bjerring-sales.dk\/sv\/produkt\/tellus-small\/#breadcrumb","itemListElement":[{"@type":"ListItem","position":1,"name":"Hem","item":"https:\/\/shop.bjerring-sales.dk\/"},{"@type":"ListItem","position":2,"name":"Webbutik","item":"https:\/\/shop.bjerring-sales.dk\/butik\/"},{"@type":"ListItem","position":3,"name":"Tellus bord &#8211; Small"}]},{"@type":"WebSite","@id":"https:\/\/shop.bjerring-sales.dk\/#website","url":"https:\/\/shop.bjerring-sales.dk\/","name":"Bjerring-Salg","description":"M\u00f8bler til teatre, skoler, kontorer og indk\u00f8bscentre","publisher":{"@id":"https:\/\/shop.bjerring-sales.dk\/#organization"},"potentialAction":[{"@type":"SearchAction","target":{"@type":"EntryPoint","urlTemplate":"https:\/\/shop.bjerring-sales.dk\/?s={search_term_string}"},"query-input":{"@type":"PropertyValueSpecification","valueRequired":true,"valueName":"search_term_string"}}],"inLanguage":"da-DK"},{"@type":"Organization","@id":"https:\/\/shop.bjerring-sales.dk\/#organization","name":"Bjerring-Salg","url":"https:\/\/shop.bjerring-sales.dk\/","logo":{"@type":"ImageObject","inLanguage":"da-DK","@id":"https:\/\/shop.bjerring-sales.dk\/#\/schema\/logo\/image\/","url":"https:\/\/shop.bjerring-sales.dk\/wp-content\/uploads\/2023\/01\/logo_sv.png","contentUrl":"https:\/\/shop.bjerring-sales.dk\/wp-content\/uploads\/2023\/01\/logo_sv.png","width":195,"height":68,"caption":"Bjerring-Sales"},"image":{"@id":"https:\/\/shop.bjerring-sales.dk\/#\/schema\/logo\/image\/"}}]}},"_links":{"self":[{"href":"https:\/\/shop.bjerring-sales.dk\/da\/wp-json\/wp\/v2\/product\/58260","targetHints":{"allow":["GET"]}}],"collection":[{"href":"https:\/\/shop.bjerring-sales.dk\/da\/wp-json\/wp\/v2\/product"}],"about":[{"href":"https:\/\/shop.bjerring-sales.dk\/da\/wp-json\/wp\/v2\/types\/product"}],"wp:featuredmedia":[{"embeddable":true,"href":"https:\/\/shop.bjerring-sales.dk\/da\/wp-json\/wp\/v2\/media\/96754"}],"wp:attachment":[{"href":"https:\/\/shop.bjerring-sales.dk\/da\/wp-json\/wp\/v2\/media?parent=58260"}],"wp:term":[{"taxonomy":"product_brand","embeddable":true,"href":"https:\/\/shop.bjerring-sales.dk\/da\/wp-json\/wp\/v2\/product_brand?post=58260"},{"taxonomy":"product_cat","embeddable":true,"href":"https:\/\/shop.bjerring-sales.dk\/da\/wp-json\/wp\/v2\/product_cat?post=58260"},{"taxonomy":"product_tag","embeddable":true,"href":"https:\/\/shop.bjerring-sales.dk\/da\/wp-json\/wp\/v2\/product_tag?post=58260"}],"curies":[{"name":"wp","href":"https:\/\/api.w.org\/{rel}","templated":true}]}}