{"id":58234,"date":"2021-06-16T11:39:44","date_gmt":"2021-06-16T09:39:44","guid":{"rendered":"https:\/\/pule.se\/produkt\/royal-basic-rostfri-bla\/"},"modified":"2025-04-07T13:38:40","modified_gmt":"2025-04-07T11:38:40","slug":"royal-basic-rostfri-bla","status":"publish","type":"product","link":"https:\/\/shop.bjerring-sales.dk\/da\/vare\/royal-basic-rostfri-bla\/","title":{"rendered":"Royal Basic \u2013 Rustfri\/Bl\u00e5 3m"},"content":{"rendered":"<div class=\"wpb-content-wrapper\"><div class=\"vc_row wpb_row vc_row-fluid\"><div class=\"wpb_column vc_column_container vc_col-sm-12\"><div class=\"vc_column-inner\"><div class=\"wpb_wrapper\">\n\t<div class=\"wpb_text_column wpb_content_element\" >\n\t\t<div class=\"wpb_wrapper\">\n\t\t\t<p><span style=\"font-size: 24pt\">Royal Basic er vores mest prisbeviste afsp\u00e6rringss\u00f8jler med b\u00e5nd<br \/>\n<\/span>Afsp\u00e6rringss\u00f8jlen Royal Basic er en rustfri st\u00e5ls\u00f8jle med bl\u00e5t b\u00e5nd. Basic s\u00f8jlen er en af vores mest prisvenlige muligheder, n\u00e5r det kommer til afsp\u00e6rring med s\u00f8jle og b\u00e5nd. S\u00f8jlen er udstyret med en integreret b\u00e5ndkassette, der indeholder en 3 meter bl\u00e5 polyesterb\u00e5nd. Afsp\u00e6rringss\u00f8jlen kan ogs\u00e5 fastg\u00f8res til v\u00e6ggen, men ved hj\u00e6lp af et v\u00e6gbeslag.<\/p>\n<p>Royal er en produktserie indenfor afsp\u00e6rringss\u00f8jler. Serien indeholder prisvenlige og h\u00f8jkvalitets stolper inden for afsp\u00e6rringss\u00f8jler. Vi lagerf\u00f8rer alle afsp\u00e6rrings produkter og tilbyder ogs\u00e5 et stort udvalg af s\u00f8jler med reb indenfor Casinos produktsortiment.<\/p>\n<ul>\n<li>Afsp\u00e6rringss\u00f8jlen leveres komplet med b\u00e5nd<\/li>\n<li>3 meter udtr\u00e6kbart bl\u00e5t b\u00e5nd<\/li>\n<\/ul>\n\n\t\t<\/div>\n\t<\/div>\n<\/div><\/div><\/div><\/div>\n<\/div>","protected":false},"excerpt":{"rendered":"<p>Afsp\u00e6rringss\u00f8jlen Royal Basic er en rustfri st\u00e5ls\u00f8jle med bl\u00e5t b\u00e5nd. Basic s\u00f8jlen er en af vores mest prisvenlige muligheder, n\u00e5r det kommer til afsp\u00e6rring med s\u00f8jle og b\u00e5nd. S\u00f8jlen er udstyret med en integreret b\u00e5ndkassette, der indeholder en 3 meter bl\u00e5 polyesterb\u00e5nd.<\/p>","protected":false},"featured_media":98141,"template":"","meta":{"iawp_total_views":1},"product_brand":[],"product_cat":[6354,5818,6355,5817],"product_tag":[5813,5814,5815,5816],"class_list":{"0":"post-58234","1":"product","2":"type-product","3":"status-publish","4":"has-post-thumbnail","6":"product_cat-avsparrning-royal","7":"product_cat-kostolpar-band","8":"product_cat-avsparrning-basic","9":"product_cat-avsparrning","10":"product_tag-avsparrningsstolpe","11":"product_tag-kostolpe","12":"product_tag-rostfri-stolpe-med-band","13":"product_tag-royal","15":"first","16":"instock","17":"taxable","18":"shipping-taxable","19":"purchasable","20":"product-type-simple"},"yoast_head":"<!-- This site is optimized with the Yoast SEO plugin v27.0 - https:\/\/yoast.com\/product\/yoast-seo-wordpress\/ -->\n<title>Royal Basic - Rostfri\/Bl\u00e5 3m - Bjerring-Sales<\/title>\n<meta name=\"robots\" content=\"index, follow, max-snippet:-1, max-image-preview:large, max-video-preview:-1\" \/>\n<link rel=\"canonical\" href=\"https:\/\/shop.bjerring-sales.dk\/da\/vare\/royal-basic-rostfri-bla\/\" \/>\n<meta property=\"og:locale\" content=\"da_DK\" \/>\n<meta property=\"og:type\" content=\"article\" \/>\n<meta property=\"og:title\" content=\"Royal Basic - Rostfri\/Bl\u00e5 3m - Bjerring-Sales\" \/>\n<meta property=\"og:description\" content=\"Avsp\u00e4rrningsstolpen Royal Basic \u00e4r en rostfri stolpe med bl\u00e5tt band. Basic stolpen \u00e4r ett v\u00e5rt mest prisv\u00e4rda alternativ n\u00e4r det g\u00e4ller avsp\u00e4rrning med stolpe och band. Stolpen \u00e4r utrustad med en integrerad bandkassett som inneh\u00e5ller ett 3 meters bl\u00e5tt band i polyester.\" \/>\n<meta property=\"og:url\" content=\"https:\/\/shop.bjerring-sales.dk\/da\/vare\/royal-basic-rostfri-bla\/\" \/>\n<meta property=\"og:site_name\" content=\"Bjerring-Sales\" \/>\n<meta property=\"article:modified_time\" content=\"2025-04-07T11:38:40+00:00\" \/>\n<meta property=\"og:image\" content=\"https:\/\/shop.bjerring-sales.dk\/wp-content\/uploads\/2024\/08\/Basic-rostfri-stolpe-bla-band.jpg\" \/>\n\t<meta property=\"og:image:width\" content=\"800\" \/>\n\t<meta property=\"og:image:height\" content=\"800\" \/>\n\t<meta property=\"og:image:type\" content=\"image\/jpeg\" \/>\n<meta name=\"twitter:card\" content=\"summary_large_image\" \/>\n<meta name=\"twitter:label1\" content=\"Estimeret l\u00e6setid\" \/>\n\t<meta name=\"twitter:data1\" content=\"1 minut\" \/>\n<script type=\"application\/ld+json\" class=\"yoast-schema-graph\">{\"@context\":\"https:\/\/schema.org\",\"@graph\":[{\"@type\":\"WebPage\",\"@id\":\"https:\/\/shop.bjerring-sales.dk\/sv\/produkt\/royal-basic-rostfri-bla\/\",\"url\":\"https:\/\/shop.bjerring-sales.dk\/sv\/produkt\/royal-basic-rostfri-bla\/\",\"name\":\"Royal Basic - Rostfri\/Bl\u00e5 3m - Bjerring-Sales\",\"isPartOf\":{\"@id\":\"https:\/\/shop.bjerring-sales.dk\/#website\"},\"primaryImageOfPage\":{\"@id\":\"https:\/\/shop.bjerring-sales.dk\/sv\/produkt\/royal-basic-rostfri-bla\/#primaryimage\"},\"image\":{\"@id\":\"https:\/\/shop.bjerring-sales.dk\/sv\/produkt\/royal-basic-rostfri-bla\/#primaryimage\"},\"thumbnailUrl\":\"https:\/\/shop.bjerring-sales.dk\/wp-content\/uploads\/2024\/08\/Basic-rostfri-stolpe-bla-band.jpg\",\"datePublished\":\"2021-06-16T09:39:44+00:00\",\"dateModified\":\"2025-04-07T11:38:40+00:00\",\"breadcrumb\":{\"@id\":\"https:\/\/shop.bjerring-sales.dk\/sv\/produkt\/royal-basic-rostfri-bla\/#breadcrumb\"},\"inLanguage\":\"da-DK\",\"potentialAction\":[{\"@type\":\"ReadAction\",\"target\":[\"https:\/\/shop.bjerring-sales.dk\/sv\/produkt\/royal-basic-rostfri-bla\/\"]}]},{\"@type\":\"ImageObject\",\"inLanguage\":\"da-DK\",\"@id\":\"https:\/\/shop.bjerring-sales.dk\/sv\/produkt\/royal-basic-rostfri-bla\/#primaryimage\",\"url\":\"https:\/\/shop.bjerring-sales.dk\/wp-content\/uploads\/2024\/08\/Basic-rostfri-stolpe-bla-band.jpg\",\"contentUrl\":\"https:\/\/shop.bjerring-sales.dk\/wp-content\/uploads\/2024\/08\/Basic-rostfri-stolpe-bla-band.jpg\",\"width\":800,\"height\":800},{\"@type\":\"BreadcrumbList\",\"@id\":\"https:\/\/shop.bjerring-sales.dk\/sv\/produkt\/royal-basic-rostfri-bla\/#breadcrumb\",\"itemListElement\":[{\"@type\":\"ListItem\",\"position\":1,\"name\":\"Hem\",\"item\":\"https:\/\/shop.bjerring-sales.dk\/\"},{\"@type\":\"ListItem\",\"position\":2,\"name\":\"Webbutik\",\"item\":\"https:\/\/shop.bjerring-sales.dk\/butik\/\"},{\"@type\":\"ListItem\",\"position\":3,\"name\":\"Royal Basic &#8211; Rostfri\/Bl\u00e5 3m\"}]},{\"@type\":\"WebSite\",\"@id\":\"https:\/\/shop.bjerring-sales.dk\/#website\",\"url\":\"https:\/\/shop.bjerring-sales.dk\/\",\"name\":\"Bjerring-Sales\",\"description\":\"M\u00f6bler f\u00f6r teatrar, skolor, kontor och k\u00f6pcentrum\",\"publisher\":{\"@id\":\"https:\/\/shop.bjerring-sales.dk\/#organization\"},\"potentialAction\":[{\"@type\":\"SearchAction\",\"target\":{\"@type\":\"EntryPoint\",\"urlTemplate\":\"https:\/\/shop.bjerring-sales.dk\/?s={search_term_string}\"},\"query-input\":{\"@type\":\"PropertyValueSpecification\",\"valueRequired\":true,\"valueName\":\"search_term_string\"}}],\"inLanguage\":\"da-DK\"},{\"@type\":\"Organization\",\"@id\":\"https:\/\/shop.bjerring-sales.dk\/#organization\",\"name\":\"Bjerring-Sales\",\"url\":\"https:\/\/shop.bjerring-sales.dk\/\",\"logo\":{\"@type\":\"ImageObject\",\"inLanguage\":\"da-DK\",\"@id\":\"https:\/\/shop.bjerring-sales.dk\/#\/schema\/logo\/image\/\",\"url\":\"https:\/\/shop.bjerring-sales.dk\/wp-content\/uploads\/2023\/01\/logo_sv.png\",\"contentUrl\":\"https:\/\/shop.bjerring-sales.dk\/wp-content\/uploads\/2023\/01\/logo_sv.png\",\"width\":195,\"height\":68,\"caption\":\"Bjerring-Sales\"},\"image\":{\"@id\":\"https:\/\/shop.bjerring-sales.dk\/#\/schema\/logo\/image\/\"}}]}<\/script>\n<!-- \/ Yoast SEO plugin. -->","yoast_head_json":{"title":"Royal Basic - Rostfri\/Bl\u00e5 3m - Bjerring-Sales","robots":{"index":"index","follow":"follow","max-snippet":"max-snippet:-1","max-image-preview":"max-image-preview:large","max-video-preview":"max-video-preview:-1"},"canonical":"https:\/\/shop.bjerring-sales.dk\/da\/vare\/royal-basic-rostfri-bla\/","og_locale":"da_DK","og_type":"article","og_title":"Royal Basic - Rostfri\/Bl\u00e5 3m - Bjerring-Sales","og_description":"Avsp\u00e4rrningsstolpen Royal Basic \u00e4r en rostfri stolpe med bl\u00e5tt band. Basic stolpen \u00e4r ett v\u00e5rt mest prisv\u00e4rda alternativ n\u00e4r det g\u00e4ller avsp\u00e4rrning med stolpe och band. Stolpen \u00e4r utrustad med en integrerad bandkassett som inneh\u00e5ller ett 3 meters bl\u00e5tt band i polyester.","og_url":"https:\/\/shop.bjerring-sales.dk\/da\/vare\/royal-basic-rostfri-bla\/","og_site_name":"Bjerring-Sales","article_modified_time":"2025-04-07T11:38:40+00:00","og_image":[{"width":800,"height":800,"url":"https:\/\/shop.bjerring-sales.dk\/wp-content\/uploads\/2024\/08\/Basic-rostfri-stolpe-bla-band.jpg","type":"image\/jpeg"}],"twitter_card":"summary_large_image","twitter_misc":{"Estimeret l\u00e6setid":"1 minut"},"schema":{"@context":"https:\/\/schema.org","@graph":[{"@type":"WebPage","@id":"https:\/\/shop.bjerring-sales.dk\/sv\/produkt\/royal-basic-rostfri-bla\/","url":"https:\/\/shop.bjerring-sales.dk\/sv\/produkt\/royal-basic-rostfri-bla\/","name":"Royal Basic - Rostfri\/Bl\u00e5 3m - Bjerring-Sales","isPartOf":{"@id":"https:\/\/shop.bjerring-sales.dk\/#website"},"primaryImageOfPage":{"@id":"https:\/\/shop.bjerring-sales.dk\/sv\/produkt\/royal-basic-rostfri-bla\/#primaryimage"},"image":{"@id":"https:\/\/shop.bjerring-sales.dk\/sv\/produkt\/royal-basic-rostfri-bla\/#primaryimage"},"thumbnailUrl":"https:\/\/shop.bjerring-sales.dk\/wp-content\/uploads\/2024\/08\/Basic-rostfri-stolpe-bla-band.jpg","datePublished":"2021-06-16T09:39:44+00:00","dateModified":"2025-04-07T11:38:40+00:00","breadcrumb":{"@id":"https:\/\/shop.bjerring-sales.dk\/sv\/produkt\/royal-basic-rostfri-bla\/#breadcrumb"},"inLanguage":"da-DK","potentialAction":[{"@type":"ReadAction","target":["https:\/\/shop.bjerring-sales.dk\/sv\/produkt\/royal-basic-rostfri-bla\/"]}]},{"@type":"ImageObject","inLanguage":"da-DK","@id":"https:\/\/shop.bjerring-sales.dk\/sv\/produkt\/royal-basic-rostfri-bla\/#primaryimage","url":"https:\/\/shop.bjerring-sales.dk\/wp-content\/uploads\/2024\/08\/Basic-rostfri-stolpe-bla-band.jpg","contentUrl":"https:\/\/shop.bjerring-sales.dk\/wp-content\/uploads\/2024\/08\/Basic-rostfri-stolpe-bla-band.jpg","width":800,"height":800},{"@type":"BreadcrumbList","@id":"https:\/\/shop.bjerring-sales.dk\/sv\/produkt\/royal-basic-rostfri-bla\/#breadcrumb","itemListElement":[{"@type":"ListItem","position":1,"name":"Hem","item":"https:\/\/shop.bjerring-sales.dk\/"},{"@type":"ListItem","position":2,"name":"Webbutik","item":"https:\/\/shop.bjerring-sales.dk\/butik\/"},{"@type":"ListItem","position":3,"name":"Royal Basic &#8211; Rostfri\/Bl\u00e5 3m"}]},{"@type":"WebSite","@id":"https:\/\/shop.bjerring-sales.dk\/#website","url":"https:\/\/shop.bjerring-sales.dk\/","name":"Bjerring-Salg","description":"M\u00f8bler til teatre, skoler, kontorer og indk\u00f8bscentre","publisher":{"@id":"https:\/\/shop.bjerring-sales.dk\/#organization"},"potentialAction":[{"@type":"SearchAction","target":{"@type":"EntryPoint","urlTemplate":"https:\/\/shop.bjerring-sales.dk\/?s={search_term_string}"},"query-input":{"@type":"PropertyValueSpecification","valueRequired":true,"valueName":"search_term_string"}}],"inLanguage":"da-DK"},{"@type":"Organization","@id":"https:\/\/shop.bjerring-sales.dk\/#organization","name":"Bjerring-Salg","url":"https:\/\/shop.bjerring-sales.dk\/","logo":{"@type":"ImageObject","inLanguage":"da-DK","@id":"https:\/\/shop.bjerring-sales.dk\/#\/schema\/logo\/image\/","url":"https:\/\/shop.bjerring-sales.dk\/wp-content\/uploads\/2023\/01\/logo_sv.png","contentUrl":"https:\/\/shop.bjerring-sales.dk\/wp-content\/uploads\/2023\/01\/logo_sv.png","width":195,"height":68,"caption":"Bjerring-Sales"},"image":{"@id":"https:\/\/shop.bjerring-sales.dk\/#\/schema\/logo\/image\/"}}]}},"_links":{"self":[{"href":"https:\/\/shop.bjerring-sales.dk\/da\/wp-json\/wp\/v2\/product\/58234","targetHints":{"allow":["GET"]}}],"collection":[{"href":"https:\/\/shop.bjerring-sales.dk\/da\/wp-json\/wp\/v2\/product"}],"about":[{"href":"https:\/\/shop.bjerring-sales.dk\/da\/wp-json\/wp\/v2\/types\/product"}],"wp:featuredmedia":[{"embeddable":true,"href":"https:\/\/shop.bjerring-sales.dk\/da\/wp-json\/wp\/v2\/media\/98141"}],"wp:attachment":[{"href":"https:\/\/shop.bjerring-sales.dk\/da\/wp-json\/wp\/v2\/media?parent=58234"}],"wp:term":[{"taxonomy":"product_brand","embeddable":true,"href":"https:\/\/shop.bjerring-sales.dk\/da\/wp-json\/wp\/v2\/product_brand?post=58234"},{"taxonomy":"product_cat","embeddable":true,"href":"https:\/\/shop.bjerring-sales.dk\/da\/wp-json\/wp\/v2\/product_cat?post=58234"},{"taxonomy":"product_tag","embeddable":true,"href":"https:\/\/shop.bjerring-sales.dk\/da\/wp-json\/wp\/v2\/product_tag?post=58234"}],"curies":[{"name":"wp","href":"https:\/\/api.w.org\/{rel}","templated":true}]}}