{"id":58203,"date":"2020-10-22T09:07:27","date_gmt":"2020-10-22T07:07:27","guid":{"rendered":"https:\/\/pule.se\/produkt\/hurts-basic-vit\/"},"modified":"2026-04-15T11:33:51","modified_gmt":"2026-04-15T09:33:51","slug":"hurts-basic-vit","status":"publish","type":"product","link":"https:\/\/shop.bjerring-sales.dk\/da\/vare\/hurts-basic-vit\/","title":{"rendered":"Hurts Basic 41,5x50x51 cm - hvid"},"content":{"rendered":"<div class=\"wpb-content-wrapper\"><div class=\"vc_row wpb_row vc_row-fluid\"><div class=\"wpb_column vc_column_container vc_col-sm-12\"><div class=\"vc_column-inner\"><div class=\"wpb_wrapper\">\n\t<div class=\"wpb_text_column wpb_content_element\" >\n\t\t<div class=\"wpb_wrapper\">\n\t\t\t<p><span style=\"font-size: 24pt;\">Hvid Hurts Basic skuffekassette med 3 skuffer 41,5x50x51 cm - Modify<br \/>\n<\/span>Hurts Basic designet indenfor Modify-serien er produceret med pris og udseende for \u00f8je. Hurts Basic giver brugeren masser af plads til personlige ejendele og dokumenter uden at fylde for meget p\u00e5 kontoret eller i det \u00e5bne kontorlandskab. Med andre ord er en Hurts \"smart opbevaring\". Den kommer med n\u00f8gle og l\u00e5s til d\u00f8ren, som skaber et trygt rum. L\u00e5sen l\u00e5ser alle skuffer i skuffekassetten p\u00e5 samme tid. V\u00e6lg farven p\u00e5 grebet, s\u00e5 det passer til skrivebordet og skyded\u00f8rsskabet. L\u00e5s med 2 n\u00f8gler medf\u00f8lger.<\/p>\n<p><span style=\"font-size: 18pt;\">Farver<br \/>\n<\/span>Hurts Basic design f\u00e5s som lager i hvid med forskellige farver p\u00e5 grebene. Fremover vil vi ogs\u00e5 have Hurts i Premium design med anden understel og farver. I \u00f8jeblikket kan vi arrangere specialbestillinger med andre farvekombinationer med 3-5 ugers leveringstid.<\/p>\n\n\t\t<\/div>\n\t<\/div>\n<\/div><\/div><\/div><\/div><div class=\"vc_row wpb_row vc_row-fluid\"><div class=\"wpb_column vc_column_container vc_col-sm-4\"><div class=\"vc_column-inner\"><div class=\"wpb_wrapper\">\n\t<div  class=\"wpb_single_image wpb_content_element vc_align_center\">\n\t\t\n\t\t<figure class=\"wpb_wrapper vc_figure\">\n\t\t\t<div class=\"vc_single_image-wrapper vc_box_shadow_border  vc_box_border_grey\"><img loading=\"lazy\" decoding=\"async\" width=\"800\" height=\"550\" src=\"https:\/\/shop.bjerring-sales.dk\/wp-content\/uploads\/2021\/02\/Hurts-miljo-3.jpg\" class=\"vc_single_image-img attachment-full\" alt=\"\" title=\"Skader-milj\u00f8-3\" srcset=\"https:\/\/shop.bjerring-sales.dk\/wp-content\/uploads\/2021\/02\/Hurts-miljo-3.jpg 800w, https:\/\/shop.bjerring-sales.dk\/wp-content\/uploads\/2021\/02\/Hurts-miljo-3-150x103.jpg 150w, https:\/\/shop.bjerring-sales.dk\/wp-content\/uploads\/2021\/02\/Hurts-miljo-3-600x413.jpg 600w, https:\/\/shop.bjerring-sales.dk\/wp-content\/uploads\/2021\/02\/Hurts-miljo-3-300x206.jpg 300w, https:\/\/shop.bjerring-sales.dk\/wp-content\/uploads\/2021\/02\/Hurts-miljo-3-768x528.jpg 768w\" sizes=\"auto, (max-width: 800px) 100vw, 800px\" \/><\/div>\n\t\t<\/figure>\n\t<\/div>\n<\/div><\/div><\/div><div class=\"wpb_column vc_column_container vc_col-sm-4\"><div class=\"vc_column-inner\"><div class=\"wpb_wrapper\">\n\t<div  class=\"wpb_single_image wpb_content_element vc_align_center\">\n\t\t\n\t\t<figure class=\"wpb_wrapper vc_figure\">\n\t\t\t<div class=\"vc_single_image-wrapper vc_box_shadow_border  vc_box_border_grey\"><img loading=\"lazy\" decoding=\"async\" width=\"800\" height=\"550\" src=\"https:\/\/shop.bjerring-sales.dk\/wp-content\/uploads\/2021\/02\/Hurts-miljo-2-800x550-1.jpg\" class=\"vc_single_image-img attachment-full\" alt=\"\" title=\"Skader-milj\u00f8-2-800x550-1\" srcset=\"https:\/\/shop.bjerring-sales.dk\/wp-content\/uploads\/2021\/02\/Hurts-miljo-2-800x550-1.jpg 800w, https:\/\/shop.bjerring-sales.dk\/wp-content\/uploads\/2021\/02\/Hurts-miljo-2-800x550-1-150x103.jpg 150w, https:\/\/shop.bjerring-sales.dk\/wp-content\/uploads\/2021\/02\/Hurts-miljo-2-800x550-1-600x413.jpg 600w, https:\/\/shop.bjerring-sales.dk\/wp-content\/uploads\/2021\/02\/Hurts-miljo-2-800x550-1-300x206.jpg 300w, https:\/\/shop.bjerring-sales.dk\/wp-content\/uploads\/2021\/02\/Hurts-miljo-2-800x550-1-768x528.jpg 768w\" sizes=\"auto, (max-width: 800px) 100vw, 800px\" \/><\/div>\n\t\t<\/figure>\n\t<\/div>\n<\/div><\/div><\/div><div class=\"wpb_column vc_column_container vc_col-sm-4\"><div class=\"vc_column-inner\"><div class=\"wpb_wrapper\">\n\t<div  class=\"wpb_single_image wpb_content_element vc_align_center\">\n\t\t\n\t\t<figure class=\"wpb_wrapper vc_figure\">\n\t\t\t<div class=\"vc_single_image-wrapper vc_box_shadow_border  vc_box_border_grey\"><img loading=\"lazy\" decoding=\"async\" width=\"800\" height=\"550\" src=\"https:\/\/shop.bjerring-sales.dk\/wp-content\/uploads\/2021\/02\/Hurts-miljo-1-800x550-2.jpg\" class=\"vc_single_image-img attachment-full\" alt=\"\" title=\"Skader-milj\u00f8-1-800x550-2\" srcset=\"https:\/\/shop.bjerring-sales.dk\/wp-content\/uploads\/2021\/02\/Hurts-miljo-1-800x550-2.jpg 800w, https:\/\/shop.bjerring-sales.dk\/wp-content\/uploads\/2021\/02\/Hurts-miljo-1-800x550-2-150x103.jpg 150w, https:\/\/shop.bjerring-sales.dk\/wp-content\/uploads\/2021\/02\/Hurts-miljo-1-800x550-2-600x413.jpg 600w, https:\/\/shop.bjerring-sales.dk\/wp-content\/uploads\/2021\/02\/Hurts-miljo-1-800x550-2-300x206.jpg 300w, https:\/\/shop.bjerring-sales.dk\/wp-content\/uploads\/2021\/02\/Hurts-miljo-1-800x550-2-768x528.jpg 768w\" sizes=\"auto, (max-width: 800px) 100vw, 800px\" \/><\/div>\n\t\t<\/figure>\n\t<\/div>\n<\/div><\/div><\/div><\/div><div class=\"vc_row wpb_row vc_row-fluid\"><div class=\"wpb_column vc_column_container vc_col-sm-6\"><div class=\"vc_column-inner\"><div class=\"wpb_wrapper\">\n\t<div class=\"wpb_text_column wpb_content_element\" >\n\t\t<div class=\"wpb_wrapper\">\n\t\t\t<p><span style=\"font-size: 18pt;\">Anvendelsesomr\u00e5der<br \/>\n<\/span>Hurts Basic er et naturligt element p\u00e5 kontoret og i det \u00e5bne kontorlandskab. Skjul opladere og post-it sedler, dokumenter og personlige ting, s\u00e5 skrivebordet forbliver overskueligt og ryddeligt. Hurts Basic har kvalitetshjul, som g\u00f8r det nemt at flytte den, n\u00e5r det er n\u00f8dvendigt.<\/p>\n<p><span style=\"font-size: 18pt;\">M\u00e5l<br \/>\n<\/span>Hurts Basic   41,5x50x51 cm<br \/>\nBredde: 41,5 cm<br \/>\nH\u00f8jde: 51 cm<br \/>\nDybde: 50 cm<\/p>\n<p><span style=\"font-size: 18pt;\">Dimensioner af emballage<br \/>\n<\/span>Bredde: 42,5 cm<br \/>\nH\u00f8jde: 52 cm<br \/>\nDybde: 51 cm<\/p>\n<p><span style=\"font-size: 18pt;\">Hurts Basic  - Materiale<\/span><\/p>\n<ul>\n<li>Den \u00f8verste del af kabinettet er lavet af 16 mm MFC (melamin) med 1 mm ABS kant.<\/li>\n<li>Den nederste del er lavet af en hvid 4 mm fiberplade.<\/li>\n<li>Skufferne er folieindpakket med siderne af en hvid 12 mm MFC (melamin) plade.<\/li>\n<li>Skufferne har max. belastning p\u00e5 15 kg.<\/li>\n<\/ul>\n<p><span style=\"font-size: 18pt;\">Hurts Basic  \u2013 Greb, hjul og l\u00e5s<br \/>\n<\/span><\/p>\n<ul>\n<li>Grebene er lavet af aluminium og derefter pulverlakeret i hvid, s\u00f8lvgr\u00e5 eller sort.<\/li>\n<li>Hjulene er \u00d837 mm og har en lasteevne p\u00e5 50 kg\/hjul.<\/li>\n<li>L\u00e5sen der er monteret p\u00e5 \u00f8verste skuffe er en centrall\u00e5s der l\u00e5ser alle skuffer.<\/li>\n<\/ul>\n<p><span style=\"font-size: 18pt;\">Certificeringer<br \/>\n<\/span>LST EN 14073-1:2004 | LST EN 14073-2:2004 | LST EN 14073-3:2004 | LST EN 14074-2004<\/p>\n<p><span style=\"font-size: 18pt;\">Garanti<br \/>\n<\/span>5 \u00e5r<\/p>\n\n\t\t<\/div>\n\t<\/div>\n<\/div><\/div><\/div><div class=\"wpb_column vc_column_container vc_col-sm-6\"><div class=\"vc_column-inner\"><div class=\"wpb_wrapper\">\n\t<div  class=\"wpb_single_image wpb_content_element vc_align_center\">\n\t\t\n\t\t<figure class=\"wpb_wrapper vc_figure\">\n\t\t\t<div class=\"vc_single_image-wrapper   vc_box_border_grey\"><img loading=\"lazy\" decoding=\"async\" width=\"1080\" height=\"1400\" src=\"https:\/\/shop.bjerring-sales.dk\/wp-content\/uploads\/2021\/02\/ELJ-Miniatyrer-Hurts-bigger-1.jpg\" class=\"vc_single_image-img attachment-full\" alt=\"\" title=\"ELJ-Miniaturer-G\u00f8r ondt-st\u00f8rre\" srcset=\"https:\/\/shop.bjerring-sales.dk\/wp-content\/uploads\/2021\/02\/ELJ-Miniatyrer-Hurts-bigger-1.jpg 1080w, https:\/\/shop.bjerring-sales.dk\/wp-content\/uploads\/2021\/02\/ELJ-Miniatyrer-Hurts-bigger-1-150x194.jpg 150w, https:\/\/shop.bjerring-sales.dk\/wp-content\/uploads\/2021\/02\/ELJ-Miniatyrer-Hurts-bigger-1-600x778.jpg 600w, https:\/\/shop.bjerring-sales.dk\/wp-content\/uploads\/2021\/02\/ELJ-Miniatyrer-Hurts-bigger-1-231x300.jpg 231w, https:\/\/shop.bjerring-sales.dk\/wp-content\/uploads\/2021\/02\/ELJ-Miniatyrer-Hurts-bigger-1-790x1024.jpg 790w, https:\/\/shop.bjerring-sales.dk\/wp-content\/uploads\/2021\/02\/ELJ-Miniatyrer-Hurts-bigger-1-768x996.jpg 768w\" sizes=\"auto, (max-width: 1080px) 100vw, 1080px\" \/><\/div>\n\t\t<\/figure>\n\t<\/div>\n<\/div><\/div><\/div><\/div>\n<\/div>","protected":false},"excerpt":{"rendered":"<p>Hurts Basic designet indenfor Modify-serien er produceret med pris og udseende for \u00f8je. Hurts Basic giver brugeren masser af plads til personlige ejendele og dokumenter uden at fylde for meget p\u00e5 kontoret eller i det \u00e5bne kontorlandskab. Med andre ord er en Hurts \"smart opbevaring\".<\/p>","protected":false},"featured_media":100332,"template":"","meta":{"iawp_total_views":3},"product_brand":[],"product_cat":[5785,6358,5810,5690],"product_tag":[],"class_list":{"0":"post-58203","1":"product","2":"type-product","3":"status-publish","4":"has-post-thumbnail","6":"product_cat-hemmakontor","7":"product_cat-modify","8":"product_cat-hurtsar","9":"product_cat-forvaring","11":"first","12":"instock","13":"taxable","14":"shipping-taxable","15":"purchasable","16":"product-type-variable"},"yoast_head":"<!-- This site is optimized with the Yoast SEO plugin v27.0 - https:\/\/yoast.com\/product\/yoast-seo-wordpress\/ -->\n<title>Hurts Basic 41,5x50x51 cm - vit - Bjerring-Sales<\/title>\n<meta name=\"robots\" content=\"index, follow, max-snippet:-1, max-image-preview:large, max-video-preview:-1\" \/>\n<link rel=\"canonical\" href=\"https:\/\/shop.bjerring-sales.dk\/da\/product\/hurts-basic-vit\/\" \/>\n<meta property=\"og:locale\" content=\"da_DK\" \/>\n<meta property=\"og:type\" content=\"article\" \/>\n<meta property=\"og:title\" content=\"Hurts Basic 41,5x50x51 cm - vit - Bjerring-Sales\" \/>\n<meta property=\"og:description\" content=\"Hurtsar i Basic utf\u00f6rande inom Modify serien \u00e4r framtagna med pris och utseende i \u00e5tanke. Hurtsar ger anv\u00e4ndaren mycket plats f\u00f6r personliga f\u00f6rem\u00e5l och dokument utan att ta f\u00f6r mycket plats i kontoret, eller i det \u00f6ppna kontorslandskapet. En hurts \u00e4r med andra ord \u201dsmart f\u00f6rvaring\u201d.\" \/>\n<meta property=\"og:url\" content=\"https:\/\/shop.bjerring-sales.dk\/da\/product\/hurts-basic-vit\/\" \/>\n<meta property=\"og:site_name\" content=\"Bjerring-Sales\" \/>\n<meta property=\"article:modified_time\" content=\"2026-04-15T09:33:51+00:00\" \/>\n<meta property=\"og:image\" content=\"https:\/\/shop.bjerring-sales.dk\/wp-content\/uploads\/2025\/01\/Vit-hurts-vita-handtag.jpg\" \/>\n\t<meta property=\"og:image:width\" content=\"800\" \/>\n\t<meta property=\"og:image:height\" content=\"800\" \/>\n\t<meta property=\"og:image:type\" content=\"image\/jpeg\" \/>\n<meta name=\"twitter:card\" content=\"summary_large_image\" \/>\n<meta name=\"twitter:label1\" content=\"Estimeret l\u00e6setid\" \/>\n\t<meta name=\"twitter:data1\" content=\"2 minutter\" \/>\n<script type=\"application\/ld+json\" class=\"yoast-schema-graph\">{\"@context\":\"https:\/\/schema.org\",\"@graph\":[{\"@type\":\"WebPage\",\"@id\":\"https:\/\/shop.bjerring-sales.dk\/product\/hurts-basic-vit\/\",\"url\":\"https:\/\/shop.bjerring-sales.dk\/product\/hurts-basic-vit\/\",\"name\":\"Hurts Basic 41,5x50x51 cm - vit - Bjerring-Sales\",\"isPartOf\":{\"@id\":\"https:\/\/shop.bjerring-sales.dk\/#website\"},\"primaryImageOfPage\":{\"@id\":\"https:\/\/shop.bjerring-sales.dk\/product\/hurts-basic-vit\/#primaryimage\"},\"image\":{\"@id\":\"https:\/\/shop.bjerring-sales.dk\/product\/hurts-basic-vit\/#primaryimage\"},\"thumbnailUrl\":\"https:\/\/shop.bjerring-sales.dk\/wp-content\/uploads\/2025\/01\/Vit-hurts-vita-handtag.jpg\",\"datePublished\":\"2020-10-22T07:07:27+00:00\",\"dateModified\":\"2026-04-15T09:33:51+00:00\",\"breadcrumb\":{\"@id\":\"https:\/\/shop.bjerring-sales.dk\/product\/hurts-basic-vit\/#breadcrumb\"},\"inLanguage\":\"da-DK\",\"potentialAction\":[{\"@type\":\"ReadAction\",\"target\":[\"https:\/\/shop.bjerring-sales.dk\/product\/hurts-basic-vit\/\"]}]},{\"@type\":\"ImageObject\",\"inLanguage\":\"da-DK\",\"@id\":\"https:\/\/shop.bjerring-sales.dk\/product\/hurts-basic-vit\/#primaryimage\",\"url\":\"https:\/\/shop.bjerring-sales.dk\/wp-content\/uploads\/2025\/01\/Vit-hurts-vita-handtag.jpg\",\"contentUrl\":\"https:\/\/shop.bjerring-sales.dk\/wp-content\/uploads\/2025\/01\/Vit-hurts-vita-handtag.jpg\",\"width\":800,\"height\":800},{\"@type\":\"BreadcrumbList\",\"@id\":\"https:\/\/shop.bjerring-sales.dk\/product\/hurts-basic-vit\/#breadcrumb\",\"itemListElement\":[{\"@type\":\"ListItem\",\"position\":1,\"name\":\"Hem\",\"item\":\"https:\/\/shop.bjerring-sales.dk\/\"},{\"@type\":\"ListItem\",\"position\":2,\"name\":\"Webbutik\",\"item\":\"https:\/\/shop.bjerring-sales.dk\/butik\/\"},{\"@type\":\"ListItem\",\"position\":3,\"name\":\"Hurts Basic 41,5x50x51 cm &#8211; vit\"}]},{\"@type\":\"WebSite\",\"@id\":\"https:\/\/shop.bjerring-sales.dk\/#website\",\"url\":\"https:\/\/shop.bjerring-sales.dk\/\",\"name\":\"Bjerring-Sales\",\"description\":\"M\u00f6bler f\u00f6r teatrar, skolor, kontor och k\u00f6pcentrum\",\"publisher\":{\"@id\":\"https:\/\/shop.bjerring-sales.dk\/#organization\"},\"potentialAction\":[{\"@type\":\"SearchAction\",\"target\":{\"@type\":\"EntryPoint\",\"urlTemplate\":\"https:\/\/shop.bjerring-sales.dk\/?s={search_term_string}\"},\"query-input\":{\"@type\":\"PropertyValueSpecification\",\"valueRequired\":true,\"valueName\":\"search_term_string\"}}],\"inLanguage\":\"da-DK\"},{\"@type\":\"Organization\",\"@id\":\"https:\/\/shop.bjerring-sales.dk\/#organization\",\"name\":\"Bjerring-Sales\",\"url\":\"https:\/\/shop.bjerring-sales.dk\/\",\"logo\":{\"@type\":\"ImageObject\",\"inLanguage\":\"da-DK\",\"@id\":\"https:\/\/shop.bjerring-sales.dk\/#\/schema\/logo\/image\/\",\"url\":\"https:\/\/shop.bjerring-sales.dk\/wp-content\/uploads\/2023\/01\/logo_sv.png\",\"contentUrl\":\"https:\/\/shop.bjerring-sales.dk\/wp-content\/uploads\/2023\/01\/logo_sv.png\",\"width\":195,\"height\":68,\"caption\":\"Bjerring-Sales\"},\"image\":{\"@id\":\"https:\/\/shop.bjerring-sales.dk\/#\/schema\/logo\/image\/\"}}]}<\/script>\n<!-- \/ Yoast SEO plugin. -->","yoast_head_json":{"title":"Hurts Basic 41,5x50x51 cm - vit - Bjerring-Sales","robots":{"index":"index","follow":"follow","max-snippet":"max-snippet:-1","max-image-preview":"max-image-preview:large","max-video-preview":"max-video-preview:-1"},"canonical":"https:\/\/shop.bjerring-sales.dk\/da\/product\/hurts-basic-vit\/","og_locale":"da_DK","og_type":"article","og_title":"Hurts Basic 41,5x50x51 cm - vit - Bjerring-Sales","og_description":"Hurtsar i Basic utf\u00f6rande inom Modify serien \u00e4r framtagna med pris och utseende i \u00e5tanke. Hurtsar ger anv\u00e4ndaren mycket plats f\u00f6r personliga f\u00f6rem\u00e5l och dokument utan att ta f\u00f6r mycket plats i kontoret, eller i det \u00f6ppna kontorslandskapet. En hurts \u00e4r med andra ord \u201dsmart f\u00f6rvaring\u201d.","og_url":"https:\/\/shop.bjerring-sales.dk\/da\/product\/hurts-basic-vit\/","og_site_name":"Bjerring-Sales","article_modified_time":"2026-04-15T09:33:51+00:00","og_image":[{"width":800,"height":800,"url":"https:\/\/shop.bjerring-sales.dk\/wp-content\/uploads\/2025\/01\/Vit-hurts-vita-handtag.jpg","type":"image\/jpeg"}],"twitter_card":"summary_large_image","twitter_misc":{"Estimeret l\u00e6setid":"2 minutter"},"schema":{"@context":"https:\/\/schema.org","@graph":[{"@type":"WebPage","@id":"https:\/\/shop.bjerring-sales.dk\/product\/hurts-basic-vit\/","url":"https:\/\/shop.bjerring-sales.dk\/product\/hurts-basic-vit\/","name":"Hurts Basic 41,5x50x51 cm - vit - Bjerring-Sales","isPartOf":{"@id":"https:\/\/shop.bjerring-sales.dk\/#website"},"primaryImageOfPage":{"@id":"https:\/\/shop.bjerring-sales.dk\/product\/hurts-basic-vit\/#primaryimage"},"image":{"@id":"https:\/\/shop.bjerring-sales.dk\/product\/hurts-basic-vit\/#primaryimage"},"thumbnailUrl":"https:\/\/shop.bjerring-sales.dk\/wp-content\/uploads\/2025\/01\/Vit-hurts-vita-handtag.jpg","datePublished":"2020-10-22T07:07:27+00:00","dateModified":"2026-04-15T09:33:51+00:00","breadcrumb":{"@id":"https:\/\/shop.bjerring-sales.dk\/product\/hurts-basic-vit\/#breadcrumb"},"inLanguage":"da-DK","potentialAction":[{"@type":"ReadAction","target":["https:\/\/shop.bjerring-sales.dk\/product\/hurts-basic-vit\/"]}]},{"@type":"ImageObject","inLanguage":"da-DK","@id":"https:\/\/shop.bjerring-sales.dk\/product\/hurts-basic-vit\/#primaryimage","url":"https:\/\/shop.bjerring-sales.dk\/wp-content\/uploads\/2025\/01\/Vit-hurts-vita-handtag.jpg","contentUrl":"https:\/\/shop.bjerring-sales.dk\/wp-content\/uploads\/2025\/01\/Vit-hurts-vita-handtag.jpg","width":800,"height":800},{"@type":"BreadcrumbList","@id":"https:\/\/shop.bjerring-sales.dk\/product\/hurts-basic-vit\/#breadcrumb","itemListElement":[{"@type":"ListItem","position":1,"name":"Hem","item":"https:\/\/shop.bjerring-sales.dk\/"},{"@type":"ListItem","position":2,"name":"Webbutik","item":"https:\/\/shop.bjerring-sales.dk\/butik\/"},{"@type":"ListItem","position":3,"name":"Hurts Basic 41,5x50x51 cm &#8211; vit"}]},{"@type":"WebSite","@id":"https:\/\/shop.bjerring-sales.dk\/#website","url":"https:\/\/shop.bjerring-sales.dk\/","name":"Bjerring-Salg","description":"M\u00f8bler til teatre, skoler, kontorer og indk\u00f8bscentre","publisher":{"@id":"https:\/\/shop.bjerring-sales.dk\/#organization"},"potentialAction":[{"@type":"SearchAction","target":{"@type":"EntryPoint","urlTemplate":"https:\/\/shop.bjerring-sales.dk\/?s={search_term_string}"},"query-input":{"@type":"PropertyValueSpecification","valueRequired":true,"valueName":"search_term_string"}}],"inLanguage":"da-DK"},{"@type":"Organization","@id":"https:\/\/shop.bjerring-sales.dk\/#organization","name":"Bjerring-Salg","url":"https:\/\/shop.bjerring-sales.dk\/","logo":{"@type":"ImageObject","inLanguage":"da-DK","@id":"https:\/\/shop.bjerring-sales.dk\/#\/schema\/logo\/image\/","url":"https:\/\/shop.bjerring-sales.dk\/wp-content\/uploads\/2023\/01\/logo_sv.png","contentUrl":"https:\/\/shop.bjerring-sales.dk\/wp-content\/uploads\/2023\/01\/logo_sv.png","width":195,"height":68,"caption":"Bjerring-Sales"},"image":{"@id":"https:\/\/shop.bjerring-sales.dk\/#\/schema\/logo\/image\/"}}]}},"_links":{"self":[{"href":"https:\/\/shop.bjerring-sales.dk\/da\/wp-json\/wp\/v2\/product\/58203","targetHints":{"allow":["GET"]}}],"collection":[{"href":"https:\/\/shop.bjerring-sales.dk\/da\/wp-json\/wp\/v2\/product"}],"about":[{"href":"https:\/\/shop.bjerring-sales.dk\/da\/wp-json\/wp\/v2\/types\/product"}],"wp:featuredmedia":[{"embeddable":true,"href":"https:\/\/shop.bjerring-sales.dk\/da\/wp-json\/wp\/v2\/media\/100332"}],"wp:attachment":[{"href":"https:\/\/shop.bjerring-sales.dk\/da\/wp-json\/wp\/v2\/media?parent=58203"}],"wp:term":[{"taxonomy":"product_brand","embeddable":true,"href":"https:\/\/shop.bjerring-sales.dk\/da\/wp-json\/wp\/v2\/product_brand?post=58203"},{"taxonomy":"product_cat","embeddable":true,"href":"https:\/\/shop.bjerring-sales.dk\/da\/wp-json\/wp\/v2\/product_cat?post=58203"},{"taxonomy":"product_tag","embeddable":true,"href":"https:\/\/shop.bjerring-sales.dk\/da\/wp-json\/wp\/v2\/product_tag?post=58203"}],"curies":[{"name":"wp","href":"https:\/\/api.w.org\/{rel}","templated":true}]}}