{"id":58187,"date":"2020-10-05T15:11:56","date_gmt":"2020-10-05T13:11:56","guid":{"rendered":"https:\/\/pule.se\/produkt\/towerskap-hoger-80x42x120cm-vit\/"},"modified":"2024-03-20T10:22:38","modified_gmt":"2024-03-20T09:22:38","slug":"towerskap-hoger-80x42x120cm-vit","status":"publish","type":"product","link":"https:\/\/shop.bjerring-sales.dk\/da\/vare\/towerskap-hoger-80x42x120cm-vit\/","title":{"rendered":"Modify -T\u00e5rnskab h\u00f8jre 80x42x120cm \u2013 hvid"},"content":{"rendered":"<div class=\"wpb-content-wrapper\"><div class=\"vc_row wpb_row vc_row-fluid\"><div class=\"wpb_column vc_column_container vc_col-sm-12\"><div class=\"vc_column-inner\"><div class=\"wpb_wrapper\">\n\t<div class=\"wpb_text_column wpb_content_element\" >\n\t\t<div class=\"wpb_wrapper\">\n\t\t\t<p><span style=\"font-size: 24pt\">Hvidt t\u00e5rnskab - 80x42x120 cm - Modify<br \/>\n<\/span>Hvidt t\u00e5rnskab (h\u00f8jre) i Modify-serien er et Premium-produkt designet til det moderne kontor. Modify - T\u00e5rnskab giver brugeren en masse plads til personlige ejendele og dokumenter uden at fylde for meget p\u00e5 kontoret eller i det \u00e5bne kontorlandskab, med andre ord \"smart opbevaring\". Sideskabet f\u00e5s med 3 forskellige farver greb og mulighed for at v\u00e6lge om skabet skal have opbevaring i h\u00f8jre eller venstre side. P\u00e5 \u00f8verste hylde af skabet er der en blyantbakke.<\/p>\n\n\t\t<\/div>\n\t<\/div>\n<\/div><\/div><\/div><\/div><div class=\"vc_row wpb_row vc_row-fluid\"><div class=\"wpb_column vc_column_container vc_col-sm-12\"><div class=\"vc_column-inner\"><div class=\"wpb_wrapper\"><div class=\"vc_separator wpb_content_element vc_separator_align_center vc_sep_width_100 vc_sep_pos_align_center vc_separator_no_text vc_sep_color_grey\" ><span class=\"vc_sep_holder vc_sep_holder_l\"><span class=\"vc_sep_line\"><\/span><\/span><span class=\"vc_sep_holder vc_sep_holder_r\"><span class=\"vc_sep_line\"><\/span><\/span>\n<\/div><\/div><\/div><\/div><\/div><div class=\"vc_row wpb_row vc_row-fluid\"><div class=\"wpb_column vc_column_container vc_col-sm-7\"><div class=\"vc_column-inner\"><div class=\"wpb_wrapper\">\n\t<div class=\"wpb_text_column wpb_content_element\" >\n\t\t<div class=\"wpb_wrapper\">\n\t\t\t<p><span style=\"font-size: 18pt\">Farver<br \/>\n<\/span>T\u00e5rnskab Premium f\u00e5s som lager i hvid med forskellige farver p\u00e5 greb. P\u00e5 et senere tidspunkt vil vi ogs\u00e5 have skabene i andre farver, fx et hvidt skab med l\u00e5ger i forskellige farver. I \u00f8jeblikket kan vi arrangere specialbestillinger med andre farvekombinationer med 3-5 ugers leveringstid. Kontakt BJERRING, hvis du har sp\u00f8rgsm\u00e5l!<\/p>\n<h3><a href=\"https:\/\/elj.se\/wp-content\/uploads\/2020\/10\/hoj-sankbart-skrivbord-towerforvaring.jpg\"><img loading=\"lazy\" decoding=\"async\" class=\"alignnone wp-image-24066 size-full\" src=\"https:\/\/elj.se\/wp-content\/uploads\/2020\/10\/hoj-sankbart-skrivbord-towerforvaring.jpg\" alt=\"\" width=\"800\" height=\"550\" \/><\/a><\/h3>\n<p><span style=\"font-size: 18pt\">Anvendelsesomr\u00e5der<br \/>\n<\/span>Sideskabe eller t\u00e5rnskabe er et naturligt element p\u00e5 kontoret og i det \u00e5bne kontorlandskab. Den er ogs\u00e5 velegnet til andre steder, hvor disse opbevaringsfaciliteter er et krav.<\/p>\n<p><span style=\"font-size: 18pt\">Materiale<br \/>\n<\/span>Ramme, hylde og l\u00e5ge er lavet af 18 mm melaminbelagt sp\u00e5nplade, med 1 mm ABS kant. Rec. maksimal belastning fordelt p\u00e5 alle hylder er 50 kg. Skabet kan klare mere v\u00e6gt end det, men det bliver tungere at tr\u00e6kke ud\/s\u00e6tte i selve skabet og \u00f8get belastning af h\u00e5ndtaget. Skabet har 4 justerbare f\u00f8dder, der kan justeres 0-10mm.<\/p>\n<p><span style=\"font-size: 18pt\">M\u00e5l<br \/>\n<\/span>Premium t\u00e5rnskab fra Modify-serien - 80x42x120 cm.<br \/>\nBredde: 42 cm<br \/>\nH\u00f8jde: 120 cm<br \/>\nDybde: 80 cm<\/p>\n<p><span style=\"font-size: 18pt\">Dimensioner af emballage<br \/>\n<\/span>Bredde: 43 cm<br \/>\nH\u00f8jde: 121 cm<br \/>\nDybde: 81 cm<\/p>\n<p><span style=\"font-size: 18pt\">Garanti<br \/>\n<\/span>2 \u00e5r<\/p>\n\n\t\t<\/div>\n\t<\/div>\n<\/div><\/div><\/div><div class=\"wpb_column vc_column_container vc_col-sm-5\"><div class=\"vc_column-inner vc_custom_1524613512965\"><div class=\"wpb_wrapper\">\n\t<div  class=\"wpb_single_image wpb_content_element vc_align_center\">\n\t\t\n\t\t<figure class=\"wpb_wrapper vc_figure\">\n\t\t\t<div class=\"vc_single_image-wrapper   vc_box_border_grey\"><img loading=\"lazy\" decoding=\"async\" width=\"280\" height=\"214\" src=\"https:\/\/shop.bjerring-sales.dk\/wp-content\/uploads\/2020\/10\/prem-280x214-1.jpg\" class=\"vc_single_image-img attachment-full\" alt=\"\" title=\"prem-280x214\" srcset=\"https:\/\/shop.bjerring-sales.dk\/wp-content\/uploads\/2020\/10\/prem-280x214-1.jpg 280w, https:\/\/shop.bjerring-sales.dk\/wp-content\/uploads\/2020\/10\/prem-280x214-1-150x115.jpg 150w\" sizes=\"auto, (max-width: 280px) 100vw, 280px\" \/><\/div>\n\t\t<\/figure>\n\t<\/div>\n\n\t<div  class=\"wpb_single_image wpb_content_element vc_align_center\">\n\t\t\n\t\t<figure class=\"wpb_wrapper vc_figure\">\n\t\t\t<div class=\"vc_single_image-wrapper   vc_box_border_grey\"><img decoding=\"async\" class=\"vc_single_image-img\" src=\"https:\/\/shop.bjerring-sales.dk\/wp-content\/uploads\/2020\/10\/Towerskap-hoger-vita-handtag-1-250x250.jpg\" width=\"250\" height=\"250\" alt=\"Towerskap-hoger-vita-handtag-1\" title=\"T\u00e5rnskab-hoger-hvide-h\u00e5ndtag-1\" loading=\"lazy\" \/><\/div>\n\t\t<\/figure>\n\t<\/div>\n\n\t<div  class=\"wpb_single_image wpb_content_element vc_align_center\">\n\t\t\n\t\t<figure class=\"wpb_wrapper vc_figure\">\n\t\t\t<div class=\"vc_single_image-wrapper   vc_box_border_grey\"><img decoding=\"async\" class=\"vc_single_image-img\" src=\"https:\/\/shop.bjerring-sales.dk\/wp-content\/uploads\/2020\/10\/Towerskap-hoger-silvergra-handtag-1-250x250.jpg\" width=\"250\" height=\"250\" alt=\"Towerskap-hoger-silvergra-handtag-1\" title=\"T\u00e5rnskab-hoger-s\u00f8lvgra-h\u00e5ndtag-1\" loading=\"lazy\" \/><\/div>\n\t\t<\/figure>\n\t<\/div>\n\n\t<div  class=\"wpb_single_image wpb_content_element vc_align_center\">\n\t\t\n\t\t<figure class=\"wpb_wrapper vc_figure\">\n\t\t\t<div class=\"vc_single_image-wrapper   vc_box_border_grey\"><img decoding=\"async\" class=\"vc_single_image-img\" src=\"https:\/\/shop.bjerring-sales.dk\/wp-content\/uploads\/2020\/10\/Towerskap-hoger-svarta-handtag-1-250x250.jpg\" width=\"250\" height=\"250\" alt=\"Towerskap-hoger-svarta-handtag-1\" title=\"T\u00e5rnskab-hoger-sorte-h\u00e5ndtag-1\" loading=\"lazy\" \/><\/div>\n\t\t<\/figure>\n\t<\/div>\n<\/div><\/div><\/div><\/div>\n<\/div>","protected":false},"excerpt":{"rendered":"<p>Hvidt t\u00e5rnskab (h\u00f8jre) i Modify-serien er et Premium-produkt designet til det moderne kontor. L\u00e5s med 2 n\u00f8gler medf\u00f8lger til skabet.<\/p>","protected":false},"featured_media":97210,"template":"","meta":{"iawp_total_views":2},"product_brand":[],"product_cat":[5812,6358,5690],"product_tag":[],"class_list":{"0":"post-58187","1":"product","2":"type-product","3":"status-publish","4":"has-post-thumbnail","6":"product_cat-towerforvaring","7":"product_cat-modify","8":"product_cat-forvaring","10":"first","11":"instock","12":"taxable","13":"shipping-taxable","14":"purchasable","15":"product-type-variable"},"yoast_head":"<!-- This site is optimized with the Yoast SEO plugin v27.0 - https:\/\/yoast.com\/product\/yoast-seo-wordpress\/ -->\n<title>Towersk\u00e5p h\u00f6ger 80x42x120cm - vit - Bjerring-Sales<\/title>\n<meta name=\"description\" content=\"Vitt towersk\u00e5p (h\u00f6ger) i Modify serien \u00e4r en Premium produkt som \u00e4r framtagen f\u00f6r det moderna kontoret.\" \/>\n<meta name=\"robots\" content=\"index, follow, max-snippet:-1, max-image-preview:large, max-video-preview:-1\" \/>\n<link rel=\"canonical\" href=\"https:\/\/shop.bjerring-sales.dk\/da\/vare\/towerskap-hoger-80x42x120cm-vit\/\" \/>\n<meta property=\"og:locale\" content=\"da_DK\" \/>\n<meta property=\"og:type\" content=\"article\" \/>\n<meta property=\"og:title\" content=\"Towersk\u00e5p h\u00f6ger 80x42x120cm - vit - Bjerring-Sales\" \/>\n<meta property=\"og:description\" content=\"Vitt towersk\u00e5p (h\u00f6ger) i Modify serien \u00e4r en Premium produkt som \u00e4r framtagen f\u00f6r det moderna kontoret.\" \/>\n<meta property=\"og:url\" content=\"https:\/\/shop.bjerring-sales.dk\/da\/vare\/towerskap-hoger-80x42x120cm-vit\/\" \/>\n<meta property=\"og:site_name\" content=\"Bjerring-Sales\" \/>\n<meta property=\"article:modified_time\" content=\"2024-03-20T09:22:38+00:00\" \/>\n<meta property=\"og:image\" content=\"https:\/\/shop.bjerring-sales.dk\/wp-content\/uploads\/2024\/03\/Towerskap-hoger-svarta-handtag.jpg\" \/>\n\t<meta property=\"og:image:width\" content=\"800\" \/>\n\t<meta property=\"og:image:height\" content=\"800\" \/>\n\t<meta property=\"og:image:type\" content=\"image\/jpeg\" \/>\n<meta name=\"twitter:card\" content=\"summary_large_image\" \/>\n<meta name=\"twitter:label1\" content=\"Estimeret l\u00e6setid\" \/>\n\t<meta name=\"twitter:data1\" content=\"2 minutter\" \/>\n<script type=\"application\/ld+json\" class=\"yoast-schema-graph\">{\"@context\":\"https:\/\/schema.org\",\"@graph\":[{\"@type\":\"WebPage\",\"@id\":\"https:\/\/shop.bjerring-sales.dk\/sv\/produkt\/towerskap-hoger-80x42x120cm-vit\/\",\"url\":\"https:\/\/shop.bjerring-sales.dk\/sv\/produkt\/towerskap-hoger-80x42x120cm-vit\/\",\"name\":\"Towersk\u00e5p h\u00f6ger 80x42x120cm - vit - Bjerring-Sales\",\"isPartOf\":{\"@id\":\"https:\/\/shop.bjerring-sales.dk\/#website\"},\"primaryImageOfPage\":{\"@id\":\"https:\/\/shop.bjerring-sales.dk\/sv\/produkt\/towerskap-hoger-80x42x120cm-vit\/#primaryimage\"},\"image\":{\"@id\":\"https:\/\/shop.bjerring-sales.dk\/sv\/produkt\/towerskap-hoger-80x42x120cm-vit\/#primaryimage\"},\"thumbnailUrl\":\"https:\/\/shop.bjerring-sales.dk\/wp-content\/uploads\/2024\/03\/Towerskap-hoger-svarta-handtag.jpg\",\"datePublished\":\"2020-10-05T13:11:56+00:00\",\"dateModified\":\"2024-03-20T09:22:38+00:00\",\"description\":\"Vitt towersk\u00e5p (h\u00f6ger) i Modify serien \u00e4r en Premium produkt som \u00e4r framtagen f\u00f6r det moderna kontoret.\",\"breadcrumb\":{\"@id\":\"https:\/\/shop.bjerring-sales.dk\/sv\/produkt\/towerskap-hoger-80x42x120cm-vit\/#breadcrumb\"},\"inLanguage\":\"da-DK\",\"potentialAction\":[{\"@type\":\"ReadAction\",\"target\":[\"https:\/\/shop.bjerring-sales.dk\/sv\/produkt\/towerskap-hoger-80x42x120cm-vit\/\"]}]},{\"@type\":\"ImageObject\",\"inLanguage\":\"da-DK\",\"@id\":\"https:\/\/shop.bjerring-sales.dk\/sv\/produkt\/towerskap-hoger-80x42x120cm-vit\/#primaryimage\",\"url\":\"https:\/\/shop.bjerring-sales.dk\/wp-content\/uploads\/2024\/03\/Towerskap-hoger-svarta-handtag.jpg\",\"contentUrl\":\"https:\/\/shop.bjerring-sales.dk\/wp-content\/uploads\/2024\/03\/Towerskap-hoger-svarta-handtag.jpg\",\"width\":800,\"height\":800},{\"@type\":\"BreadcrumbList\",\"@id\":\"https:\/\/shop.bjerring-sales.dk\/sv\/produkt\/towerskap-hoger-80x42x120cm-vit\/#breadcrumb\",\"itemListElement\":[{\"@type\":\"ListItem\",\"position\":1,\"name\":\"Hem\",\"item\":\"https:\/\/shop.bjerring-sales.dk\/\"},{\"@type\":\"ListItem\",\"position\":2,\"name\":\"Webbutik\",\"item\":\"https:\/\/shop.bjerring-sales.dk\/butik\/\"},{\"@type\":\"ListItem\",\"position\":3,\"name\":\"Towersk\u00e5p h\u00f6ger 80x42x120cm &#8211; vit\"}]},{\"@type\":\"WebSite\",\"@id\":\"https:\/\/shop.bjerring-sales.dk\/#website\",\"url\":\"https:\/\/shop.bjerring-sales.dk\/\",\"name\":\"Bjerring-Sales\",\"description\":\"M\u00f6bler f\u00f6r teatrar, skolor, kontor och k\u00f6pcentrum\",\"publisher\":{\"@id\":\"https:\/\/shop.bjerring-sales.dk\/#organization\"},\"potentialAction\":[{\"@type\":\"SearchAction\",\"target\":{\"@type\":\"EntryPoint\",\"urlTemplate\":\"https:\/\/shop.bjerring-sales.dk\/?s={search_term_string}\"},\"query-input\":{\"@type\":\"PropertyValueSpecification\",\"valueRequired\":true,\"valueName\":\"search_term_string\"}}],\"inLanguage\":\"da-DK\"},{\"@type\":\"Organization\",\"@id\":\"https:\/\/shop.bjerring-sales.dk\/#organization\",\"name\":\"Bjerring-Sales\",\"url\":\"https:\/\/shop.bjerring-sales.dk\/\",\"logo\":{\"@type\":\"ImageObject\",\"inLanguage\":\"da-DK\",\"@id\":\"https:\/\/shop.bjerring-sales.dk\/#\/schema\/logo\/image\/\",\"url\":\"https:\/\/shop.bjerring-sales.dk\/wp-content\/uploads\/2023\/01\/logo_sv.png\",\"contentUrl\":\"https:\/\/shop.bjerring-sales.dk\/wp-content\/uploads\/2023\/01\/logo_sv.png\",\"width\":195,\"height\":68,\"caption\":\"Bjerring-Sales\"},\"image\":{\"@id\":\"https:\/\/shop.bjerring-sales.dk\/#\/schema\/logo\/image\/\"}}]}<\/script>\n<!-- \/ Yoast SEO plugin. -->","yoast_head_json":{"title":"Towersk\u00e5p h\u00f6ger 80x42x120cm - vit - Bjerring-Sales","description":"Vitt towersk\u00e5p (h\u00f6ger) i Modify serien \u00e4r en Premium produkt som \u00e4r framtagen f\u00f6r det moderna kontoret.","robots":{"index":"index","follow":"follow","max-snippet":"max-snippet:-1","max-image-preview":"max-image-preview:large","max-video-preview":"max-video-preview:-1"},"canonical":"https:\/\/shop.bjerring-sales.dk\/da\/vare\/towerskap-hoger-80x42x120cm-vit\/","og_locale":"da_DK","og_type":"article","og_title":"Towersk\u00e5p h\u00f6ger 80x42x120cm - vit - Bjerring-Sales","og_description":"Vitt towersk\u00e5p (h\u00f6ger) i Modify serien \u00e4r en Premium produkt som \u00e4r framtagen f\u00f6r det moderna kontoret.","og_url":"https:\/\/shop.bjerring-sales.dk\/da\/vare\/towerskap-hoger-80x42x120cm-vit\/","og_site_name":"Bjerring-Sales","article_modified_time":"2024-03-20T09:22:38+00:00","og_image":[{"width":800,"height":800,"url":"https:\/\/shop.bjerring-sales.dk\/wp-content\/uploads\/2024\/03\/Towerskap-hoger-svarta-handtag.jpg","type":"image\/jpeg"}],"twitter_card":"summary_large_image","twitter_misc":{"Estimeret l\u00e6setid":"2 minutter"},"schema":{"@context":"https:\/\/schema.org","@graph":[{"@type":"WebPage","@id":"https:\/\/shop.bjerring-sales.dk\/sv\/produkt\/towerskap-hoger-80x42x120cm-vit\/","url":"https:\/\/shop.bjerring-sales.dk\/sv\/produkt\/towerskap-hoger-80x42x120cm-vit\/","name":"Towersk\u00e5p h\u00f6ger 80x42x120cm - vit - Bjerring-Sales","isPartOf":{"@id":"https:\/\/shop.bjerring-sales.dk\/#website"},"primaryImageOfPage":{"@id":"https:\/\/shop.bjerring-sales.dk\/sv\/produkt\/towerskap-hoger-80x42x120cm-vit\/#primaryimage"},"image":{"@id":"https:\/\/shop.bjerring-sales.dk\/sv\/produkt\/towerskap-hoger-80x42x120cm-vit\/#primaryimage"},"thumbnailUrl":"https:\/\/shop.bjerring-sales.dk\/wp-content\/uploads\/2024\/03\/Towerskap-hoger-svarta-handtag.jpg","datePublished":"2020-10-05T13:11:56+00:00","dateModified":"2024-03-20T09:22:38+00:00","description":"Vitt towersk\u00e5p (h\u00f6ger) i Modify serien \u00e4r en Premium produkt som \u00e4r framtagen f\u00f6r det moderna kontoret.","breadcrumb":{"@id":"https:\/\/shop.bjerring-sales.dk\/sv\/produkt\/towerskap-hoger-80x42x120cm-vit\/#breadcrumb"},"inLanguage":"da-DK","potentialAction":[{"@type":"ReadAction","target":["https:\/\/shop.bjerring-sales.dk\/sv\/produkt\/towerskap-hoger-80x42x120cm-vit\/"]}]},{"@type":"ImageObject","inLanguage":"da-DK","@id":"https:\/\/shop.bjerring-sales.dk\/sv\/produkt\/towerskap-hoger-80x42x120cm-vit\/#primaryimage","url":"https:\/\/shop.bjerring-sales.dk\/wp-content\/uploads\/2024\/03\/Towerskap-hoger-svarta-handtag.jpg","contentUrl":"https:\/\/shop.bjerring-sales.dk\/wp-content\/uploads\/2024\/03\/Towerskap-hoger-svarta-handtag.jpg","width":800,"height":800},{"@type":"BreadcrumbList","@id":"https:\/\/shop.bjerring-sales.dk\/sv\/produkt\/towerskap-hoger-80x42x120cm-vit\/#breadcrumb","itemListElement":[{"@type":"ListItem","position":1,"name":"Hem","item":"https:\/\/shop.bjerring-sales.dk\/"},{"@type":"ListItem","position":2,"name":"Webbutik","item":"https:\/\/shop.bjerring-sales.dk\/butik\/"},{"@type":"ListItem","position":3,"name":"Towersk\u00e5p h\u00f6ger 80x42x120cm &#8211; vit"}]},{"@type":"WebSite","@id":"https:\/\/shop.bjerring-sales.dk\/#website","url":"https:\/\/shop.bjerring-sales.dk\/","name":"Bjerring-Salg","description":"M\u00f8bler til teatre, skoler, kontorer og indk\u00f8bscentre","publisher":{"@id":"https:\/\/shop.bjerring-sales.dk\/#organization"},"potentialAction":[{"@type":"SearchAction","target":{"@type":"EntryPoint","urlTemplate":"https:\/\/shop.bjerring-sales.dk\/?s={search_term_string}"},"query-input":{"@type":"PropertyValueSpecification","valueRequired":true,"valueName":"search_term_string"}}],"inLanguage":"da-DK"},{"@type":"Organization","@id":"https:\/\/shop.bjerring-sales.dk\/#organization","name":"Bjerring-Salg","url":"https:\/\/shop.bjerring-sales.dk\/","logo":{"@type":"ImageObject","inLanguage":"da-DK","@id":"https:\/\/shop.bjerring-sales.dk\/#\/schema\/logo\/image\/","url":"https:\/\/shop.bjerring-sales.dk\/wp-content\/uploads\/2023\/01\/logo_sv.png","contentUrl":"https:\/\/shop.bjerring-sales.dk\/wp-content\/uploads\/2023\/01\/logo_sv.png","width":195,"height":68,"caption":"Bjerring-Sales"},"image":{"@id":"https:\/\/shop.bjerring-sales.dk\/#\/schema\/logo\/image\/"}}]}},"_links":{"self":[{"href":"https:\/\/shop.bjerring-sales.dk\/da\/wp-json\/wp\/v2\/product\/58187","targetHints":{"allow":["GET"]}}],"collection":[{"href":"https:\/\/shop.bjerring-sales.dk\/da\/wp-json\/wp\/v2\/product"}],"about":[{"href":"https:\/\/shop.bjerring-sales.dk\/da\/wp-json\/wp\/v2\/types\/product"}],"wp:featuredmedia":[{"embeddable":true,"href":"https:\/\/shop.bjerring-sales.dk\/da\/wp-json\/wp\/v2\/media\/97210"}],"wp:attachment":[{"href":"https:\/\/shop.bjerring-sales.dk\/da\/wp-json\/wp\/v2\/media?parent=58187"}],"wp:term":[{"taxonomy":"product_brand","embeddable":true,"href":"https:\/\/shop.bjerring-sales.dk\/da\/wp-json\/wp\/v2\/product_brand?post=58187"},{"taxonomy":"product_cat","embeddable":true,"href":"https:\/\/shop.bjerring-sales.dk\/da\/wp-json\/wp\/v2\/product_cat?post=58187"},{"taxonomy":"product_tag","embeddable":true,"href":"https:\/\/shop.bjerring-sales.dk\/da\/wp-json\/wp\/v2\/product_tag?post=58187"}],"curies":[{"name":"wp","href":"https:\/\/api.w.org\/{rel}","templated":true}]}}