{"id":58165,"date":"2021-02-16T13:38:59","date_gmt":"2021-02-16T12:38:59","guid":{"rendered":"https:\/\/pule.se\/produkt\/hurts-basic-41x50x51-gra\/"},"modified":"2026-02-24T14:28:06","modified_gmt":"2026-02-24T13:28:06","slug":"hurts-basic-41x50x51-gra","status":"publish","type":"product","link":"https:\/\/shop.bjerring-sales.dk\/da\/vare\/hurts-basic-41x50x51-gra\/","title":{"rendered":"Hurts Basic 41,5x50x51 cm \u2013 gr\u00e5"},"content":{"rendered":"<div class=\"wpb-content-wrapper\"><div class=\"vc_row wpb_row vc_row-fluid\"><div class=\"wpb_column vc_column_container vc_col-sm-12\"><div class=\"vc_column-inner\"><div class=\"wpb_wrapper\">\n\t<div class=\"wpb_text_column wpb_content_element\" >\n\t\t<div class=\"wpb_wrapper\">\n\t\t\t<p><span style=\"font-size: 24pt;\">Gr\u00e5 Hurts med 3 skuffer 41,5x50x51 cm - Modify Basic<br \/>\n<\/span>Hurts Basic versionen i Modify-serien er produceret med pris og udseende for \u00f8je. Hurts Basic giver brugeren masser af plads til personlige ejendele og dokumenter uden at fylde for meget p\u00e5 kontoret eller i det \u00e5bne kontorlandskab. Med andre ord er en Hurts \"smart opbevaring\". Den kommer med n\u00f8gle og l\u00e5s til skuffen, som skaber et trygt rum. L\u00e5sen l\u00e5ser alle skuffer i kufferten p\u00e5 samme tid. L\u00e5s med 2 stk. n\u00f8gler medf\u00f8lger.<\/p>\n<p><span style=\"font-size: 18pt;\">Farver<br \/>\n<\/span>Hurts Basic design f\u00e5s som lager i hvid, gr\u00e5 &amp; urban eg med forskellige farver p\u00e5 grebet. Fremover vil vi ogs\u00e5 have Hurts i Premium design med andre understel og farver. I \u00f8jeblikket kan vi arrangere specialbestillinger med andre farvekombinationer med 3-5 ugers leveringstid.<\/p>\n\n\t\t<\/div>\n\t<\/div>\n<\/div><\/div><\/div><\/div><div class=\"vc_row wpb_row vc_row-fluid\"><div class=\"wpb_column vc_column_container vc_col-sm-4\"><div class=\"vc_column-inner\"><div class=\"wpb_wrapper\">\n\t<div  class=\"wpb_single_image wpb_content_element vc_align_center\">\n\t\t\n\t\t<figure class=\"wpb_wrapper vc_figure\">\n\t\t\t<div class=\"vc_single_image-wrapper vc_box_shadow_border  vc_box_border_grey\"><img loading=\"lazy\" decoding=\"async\" width=\"800\" height=\"550\" src=\"https:\/\/shop.bjerring-sales.dk\/wp-content\/uploads\/2021\/02\/Hurts-miljo-3.jpg\" class=\"vc_single_image-img attachment-full\" alt=\"\" title=\"Skader-milj\u00f8-3\" srcset=\"https:\/\/shop.bjerring-sales.dk\/wp-content\/uploads\/2021\/02\/Hurts-miljo-3.jpg 800w, https:\/\/shop.bjerring-sales.dk\/wp-content\/uploads\/2021\/02\/Hurts-miljo-3-150x103.jpg 150w, https:\/\/shop.bjerring-sales.dk\/wp-content\/uploads\/2021\/02\/Hurts-miljo-3-600x413.jpg 600w, https:\/\/shop.bjerring-sales.dk\/wp-content\/uploads\/2021\/02\/Hurts-miljo-3-300x206.jpg 300w, https:\/\/shop.bjerring-sales.dk\/wp-content\/uploads\/2021\/02\/Hurts-miljo-3-768x528.jpg 768w\" sizes=\"auto, (max-width: 800px) 100vw, 800px\" \/><\/div>\n\t\t<\/figure>\n\t<\/div>\n<\/div><\/div><\/div><div class=\"wpb_column vc_column_container vc_col-sm-4\"><div class=\"vc_column-inner\"><div class=\"wpb_wrapper\">\n\t<div  class=\"wpb_single_image wpb_content_element vc_align_center\">\n\t\t\n\t\t<figure class=\"wpb_wrapper vc_figure\">\n\t\t\t<div class=\"vc_single_image-wrapper vc_box_shadow_border  vc_box_border_grey\"><img loading=\"lazy\" decoding=\"async\" width=\"800\" height=\"550\" src=\"https:\/\/shop.bjerring-sales.dk\/wp-content\/uploads\/2021\/02\/Hurts-miljo-2-800x550-1.jpg\" class=\"vc_single_image-img attachment-full\" alt=\"\" title=\"Skader-milj\u00f8-2-800x550-1\" srcset=\"https:\/\/shop.bjerring-sales.dk\/wp-content\/uploads\/2021\/02\/Hurts-miljo-2-800x550-1.jpg 800w, https:\/\/shop.bjerring-sales.dk\/wp-content\/uploads\/2021\/02\/Hurts-miljo-2-800x550-1-150x103.jpg 150w, https:\/\/shop.bjerring-sales.dk\/wp-content\/uploads\/2021\/02\/Hurts-miljo-2-800x550-1-600x413.jpg 600w, https:\/\/shop.bjerring-sales.dk\/wp-content\/uploads\/2021\/02\/Hurts-miljo-2-800x550-1-300x206.jpg 300w, https:\/\/shop.bjerring-sales.dk\/wp-content\/uploads\/2021\/02\/Hurts-miljo-2-800x550-1-768x528.jpg 768w\" sizes=\"auto, (max-width: 800px) 100vw, 800px\" \/><\/div>\n\t\t<\/figure>\n\t<\/div>\n<\/div><\/div><\/div><div class=\"wpb_column vc_column_container vc_col-sm-4\"><div class=\"vc_column-inner\"><div class=\"wpb_wrapper\">\n\t<div  class=\"wpb_single_image wpb_content_element vc_align_center\">\n\t\t\n\t\t<figure class=\"wpb_wrapper vc_figure\">\n\t\t\t<div class=\"vc_single_image-wrapper vc_box_shadow_border  vc_box_border_grey\"><img loading=\"lazy\" decoding=\"async\" width=\"800\" height=\"550\" src=\"https:\/\/shop.bjerring-sales.dk\/wp-content\/uploads\/2021\/02\/Hurts-miljo-1-800x550-2.jpg\" class=\"vc_single_image-img attachment-full\" alt=\"\" title=\"Skader-milj\u00f8-1-800x550-2\" srcset=\"https:\/\/shop.bjerring-sales.dk\/wp-content\/uploads\/2021\/02\/Hurts-miljo-1-800x550-2.jpg 800w, https:\/\/shop.bjerring-sales.dk\/wp-content\/uploads\/2021\/02\/Hurts-miljo-1-800x550-2-150x103.jpg 150w, https:\/\/shop.bjerring-sales.dk\/wp-content\/uploads\/2021\/02\/Hurts-miljo-1-800x550-2-600x413.jpg 600w, https:\/\/shop.bjerring-sales.dk\/wp-content\/uploads\/2021\/02\/Hurts-miljo-1-800x550-2-300x206.jpg 300w, https:\/\/shop.bjerring-sales.dk\/wp-content\/uploads\/2021\/02\/Hurts-miljo-1-800x550-2-768x528.jpg 768w\" sizes=\"auto, (max-width: 800px) 100vw, 800px\" \/><\/div>\n\t\t<\/figure>\n\t<\/div>\n<\/div><\/div><\/div><\/div><div class=\"vc_row wpb_row vc_row-fluid\"><div class=\"wpb_column vc_column_container vc_col-sm-6\"><div class=\"vc_column-inner\"><div class=\"wpb_wrapper\">\n\t<div class=\"wpb_text_column wpb_content_element\" >\n\t\t<div class=\"wpb_wrapper\">\n\t\t\t<p><span style=\"font-size: 18pt;\">Anvendelsesomr\u00e5der<br \/>\n<\/span>Hurts Basic er et naturligt element p\u00e5 kontoret og i det \u00e5bne kontorlandskab. Skjul opladere og post-it sedler, dokumenter og personlige ting, s\u00e5 skrivebordet forbliver overskueligt og ryddeligt. Hurts Basic har kvalitetshjul, som g\u00f8r det nemt at flytte den, n\u00e5r det er n\u00f8dvendigt.<\/p>\n<p><span style=\"font-size: 18pt;\">M\u00e5l<br \/>\n<\/span>Hurts Basic   41,5x50x51 cm<br \/>\nBredde: 41,5 cm<br \/>\nH\u00f8jde: 51 cm<br \/>\nDybde: 50 cm<\/p>\n<p><span style=\"font-size: 18pt;\">Dimensioner af emballage<br \/>\n<\/span>Bredde: 42,5 cm<br \/>\nH\u00f8jde: 52 cm<br \/>\nDybde: 51 cm<\/p>\n<p><span style=\"font-size: 18pt;\">Hurts Basic  - Materiale<\/span><\/p>\n<ul>\n<li>Den \u00f8verste del af kabinettet er lavet af 16 mm MFC (melamin) med 1 mm ABS kant.<\/li>\n<li>Den nederste del er lavet af en hvid 4 mm fiberplade.<\/li>\n<li>Skufferne er folieindpakket med siderne af en hvid 12 mm MFC (melamin) plade.<\/li>\n<li>Skufferne har max. belastning p\u00e5 15 kg.<\/li>\n<\/ul>\n<p><span style=\"font-size: 18pt;\">Hurts Basic  \u2013 Greb, hjul og l\u00e5s<br \/>\n<\/span><\/p>\n<ul>\n<li>Grebene er lavet af aluminium og derefter pulverlakeret i hvid, s\u00f8lvgr\u00e5 eller sort.<\/li>\n<li>Hjulene er \u00d837 mm og har en lasteevne p\u00e5 50 kg\/hjul.<\/li>\n<li>L\u00e5sen der er monteret p\u00e5 \u00f8verste skuffe er en centrall\u00e5s der l\u00e5ser alle skuffer.<\/li>\n<\/ul>\n<p><span style=\"font-size: 18pt;\">Certificeringer<br \/>\n<\/span>LST EN 14073-1:2004 | LST EN 14073-2:2004 | LST EN 14073-3:2004 | LST EN 14074-2004<\/p>\n<p><span style=\"font-size: 18pt;\">Garanti<br \/>\n<\/span>5 \u00e5r<\/p>\n\n\t\t<\/div>\n\t<\/div>\n<\/div><\/div><\/div><div class=\"wpb_column vc_column_container vc_col-sm-6\"><div class=\"vc_column-inner\"><div class=\"wpb_wrapper\">\n\t<div  class=\"wpb_single_image wpb_content_element vc_align_center\">\n\t\t\n\t\t<figure class=\"wpb_wrapper vc_figure\">\n\t\t\t<div class=\"vc_single_image-wrapper   vc_box_border_grey\"><img loading=\"lazy\" decoding=\"async\" width=\"1080\" height=\"1400\" src=\"https:\/\/shop.bjerring-sales.dk\/wp-content\/uploads\/2021\/02\/ELJ-Miniatyrer-Hurts-bigger-1.jpg\" class=\"vc_single_image-img attachment-full\" alt=\"\" title=\"ELJ-Miniaturer-G\u00f8r ondt-st\u00f8rre\" srcset=\"https:\/\/shop.bjerring-sales.dk\/wp-content\/uploads\/2021\/02\/ELJ-Miniatyrer-Hurts-bigger-1.jpg 1080w, https:\/\/shop.bjerring-sales.dk\/wp-content\/uploads\/2021\/02\/ELJ-Miniatyrer-Hurts-bigger-1-150x194.jpg 150w, https:\/\/shop.bjerring-sales.dk\/wp-content\/uploads\/2021\/02\/ELJ-Miniatyrer-Hurts-bigger-1-600x778.jpg 600w, https:\/\/shop.bjerring-sales.dk\/wp-content\/uploads\/2021\/02\/ELJ-Miniatyrer-Hurts-bigger-1-231x300.jpg 231w, https:\/\/shop.bjerring-sales.dk\/wp-content\/uploads\/2021\/02\/ELJ-Miniatyrer-Hurts-bigger-1-790x1024.jpg 790w, https:\/\/shop.bjerring-sales.dk\/wp-content\/uploads\/2021\/02\/ELJ-Miniatyrer-Hurts-bigger-1-768x996.jpg 768w\" sizes=\"auto, (max-width: 1080px) 100vw, 1080px\" \/><\/div>\n\t\t<\/figure>\n\t<\/div>\n<\/div><\/div><\/div><\/div>\n<\/div>","protected":false},"excerpt":{"rendered":"<p>Grey Hurts Basic fra Modify-serien er designet med pris og udseende i tankerne. Hurts Basic  giver brugeren masser af plads til personlige ejendele og dokumenter uden at fylde for meget p\u00e5 kontoret eller i det \u00e5bne kontorlandskab. Med andre ord er en Hurts \"smart opbevaring\".<\/p>","protected":false},"featured_media":100329,"template":"","meta":{"iawp_total_views":9},"product_brand":[],"product_cat":[5785,6358,5810,5690],"product_tag":[5807,5808,5811],"class_list":{"0":"post-58165","1":"product","2":"type-product","3":"status-publish","4":"has-post-thumbnail","6":"product_cat-hemmakontor","7":"product_cat-modify","8":"product_cat-hurtsar","9":"product_cat-forvaring","10":"product_tag-forvaring","11":"product_tag-hurts","12":"product_tag-gra-hurts","14":"first","15":"instock","16":"taxable","17":"shipping-taxable","18":"purchasable","19":"product-type-variable"},"yoast_head":"<!-- This site is optimized with the Yoast SEO plugin v27.0 - https:\/\/yoast.com\/product\/yoast-seo-wordpress\/ -->\n<title>Hurts Basic 41,5x50x51 cm - gr\u00e5 - Bjerring-Sales<\/title>\n<meta name=\"robots\" content=\"index, follow, max-snippet:-1, max-image-preview:large, max-video-preview:-1\" \/>\n<link rel=\"canonical\" href=\"https:\/\/shop.bjerring-sales.dk\/da\/product\/hurts-basic-41x50x51-gra\/\" \/>\n<meta property=\"og:locale\" content=\"da_DK\" \/>\n<meta property=\"og:type\" content=\"article\" \/>\n<meta property=\"og:title\" content=\"Hurts Basic 41,5x50x51 cm - gr\u00e5 - Bjerring-Sales\" \/>\n<meta property=\"og:description\" content=\"Gr\u00e5 Hurts Basic fr\u00e5n Modify serien \u00e4r framtagen med pris och utseende i \u00e5tanke. Hurtsen ger anv\u00e4ndaren mycket plats f\u00f6r personliga f\u00f6rem\u00e5l och dokument utan att ta f\u00f6r mycket plats i kontoret, eller i det \u00f6ppna kontorslandskapet. En hurts \u00e4r med andra ord \u201dsmart f\u00f6rvaring\u201d.\" \/>\n<meta property=\"og:url\" content=\"https:\/\/shop.bjerring-sales.dk\/da\/product\/hurts-basic-41x50x51-gra\/\" \/>\n<meta property=\"og:site_name\" content=\"Bjerring-Sales\" \/>\n<meta property=\"article:modified_time\" content=\"2026-02-24T13:28:06+00:00\" \/>\n<meta property=\"og:image\" content=\"https:\/\/shop.bjerring-sales.dk\/wp-content\/uploads\/2025\/01\/PSR532_Gray_Black-handles_1.png\" \/>\n\t<meta property=\"og:image:width\" content=\"800\" \/>\n\t<meta property=\"og:image:height\" content=\"800\" \/>\n\t<meta property=\"og:image:type\" content=\"image\/png\" \/>\n<meta name=\"twitter:card\" content=\"summary_large_image\" \/>\n<meta name=\"twitter:label1\" content=\"Estimeret l\u00e6setid\" \/>\n\t<meta name=\"twitter:data1\" content=\"2 minutter\" \/>\n<script type=\"application\/ld+json\" class=\"yoast-schema-graph\">{\"@context\":\"https:\/\/schema.org\",\"@graph\":[{\"@type\":\"WebPage\",\"@id\":\"https:\/\/shop.bjerring-sales.dk\/product\/hurts-basic-41x50x51-gra\/\",\"url\":\"https:\/\/shop.bjerring-sales.dk\/product\/hurts-basic-41x50x51-gra\/\",\"name\":\"Hurts Basic 41,5x50x51 cm - gr\u00e5 - Bjerring-Sales\",\"isPartOf\":{\"@id\":\"https:\/\/shop.bjerring-sales.dk\/#website\"},\"primaryImageOfPage\":{\"@id\":\"https:\/\/shop.bjerring-sales.dk\/product\/hurts-basic-41x50x51-gra\/#primaryimage\"},\"image\":{\"@id\":\"https:\/\/shop.bjerring-sales.dk\/product\/hurts-basic-41x50x51-gra\/#primaryimage\"},\"thumbnailUrl\":\"https:\/\/shop.bjerring-sales.dk\/wp-content\/uploads\/2025\/01\/PSR532_Gray_Black-handles_1.png\",\"datePublished\":\"2021-02-16T12:38:59+00:00\",\"dateModified\":\"2026-02-24T13:28:06+00:00\",\"breadcrumb\":{\"@id\":\"https:\/\/shop.bjerring-sales.dk\/product\/hurts-basic-41x50x51-gra\/#breadcrumb\"},\"inLanguage\":\"da-DK\",\"potentialAction\":[{\"@type\":\"ReadAction\",\"target\":[\"https:\/\/shop.bjerring-sales.dk\/product\/hurts-basic-41x50x51-gra\/\"]}]},{\"@type\":\"ImageObject\",\"inLanguage\":\"da-DK\",\"@id\":\"https:\/\/shop.bjerring-sales.dk\/product\/hurts-basic-41x50x51-gra\/#primaryimage\",\"url\":\"https:\/\/shop.bjerring-sales.dk\/wp-content\/uploads\/2025\/01\/PSR532_Gray_Black-handles_1.png\",\"contentUrl\":\"https:\/\/shop.bjerring-sales.dk\/wp-content\/uploads\/2025\/01\/PSR532_Gray_Black-handles_1.png\",\"width\":800,\"height\":800},{\"@type\":\"BreadcrumbList\",\"@id\":\"https:\/\/shop.bjerring-sales.dk\/product\/hurts-basic-41x50x51-gra\/#breadcrumb\",\"itemListElement\":[{\"@type\":\"ListItem\",\"position\":1,\"name\":\"Hem\",\"item\":\"https:\/\/shop.bjerring-sales.dk\/\"},{\"@type\":\"ListItem\",\"position\":2,\"name\":\"Webbutik\",\"item\":\"https:\/\/shop.bjerring-sales.dk\/butik\/\"},{\"@type\":\"ListItem\",\"position\":3,\"name\":\"Hurts Basic 41,5x50x51 cm &#8211; gr\u00e5\"}]},{\"@type\":\"WebSite\",\"@id\":\"https:\/\/shop.bjerring-sales.dk\/#website\",\"url\":\"https:\/\/shop.bjerring-sales.dk\/\",\"name\":\"Bjerring-Sales\",\"description\":\"M\u00f6bler f\u00f6r teatrar, skolor, kontor och k\u00f6pcentrum\",\"publisher\":{\"@id\":\"https:\/\/shop.bjerring-sales.dk\/#organization\"},\"potentialAction\":[{\"@type\":\"SearchAction\",\"target\":{\"@type\":\"EntryPoint\",\"urlTemplate\":\"https:\/\/shop.bjerring-sales.dk\/?s={search_term_string}\"},\"query-input\":{\"@type\":\"PropertyValueSpecification\",\"valueRequired\":true,\"valueName\":\"search_term_string\"}}],\"inLanguage\":\"da-DK\"},{\"@type\":\"Organization\",\"@id\":\"https:\/\/shop.bjerring-sales.dk\/#organization\",\"name\":\"Bjerring-Sales\",\"url\":\"https:\/\/shop.bjerring-sales.dk\/\",\"logo\":{\"@type\":\"ImageObject\",\"inLanguage\":\"da-DK\",\"@id\":\"https:\/\/shop.bjerring-sales.dk\/#\/schema\/logo\/image\/\",\"url\":\"https:\/\/shop.bjerring-sales.dk\/wp-content\/uploads\/2023\/01\/logo_sv.png\",\"contentUrl\":\"https:\/\/shop.bjerring-sales.dk\/wp-content\/uploads\/2023\/01\/logo_sv.png\",\"width\":195,\"height\":68,\"caption\":\"Bjerring-Sales\"},\"image\":{\"@id\":\"https:\/\/shop.bjerring-sales.dk\/#\/schema\/logo\/image\/\"}}]}<\/script>\n<!-- \/ Yoast SEO plugin. -->","yoast_head_json":{"title":"Hurts Basic 41,5x50x51 cm - gr\u00e5 - Bjerring-Sales","robots":{"index":"index","follow":"follow","max-snippet":"max-snippet:-1","max-image-preview":"max-image-preview:large","max-video-preview":"max-video-preview:-1"},"canonical":"https:\/\/shop.bjerring-sales.dk\/da\/product\/hurts-basic-41x50x51-gra\/","og_locale":"da_DK","og_type":"article","og_title":"Hurts Basic 41,5x50x51 cm - gr\u00e5 - Bjerring-Sales","og_description":"Gr\u00e5 Hurts Basic fr\u00e5n Modify serien \u00e4r framtagen med pris och utseende i \u00e5tanke. Hurtsen ger anv\u00e4ndaren mycket plats f\u00f6r personliga f\u00f6rem\u00e5l och dokument utan att ta f\u00f6r mycket plats i kontoret, eller i det \u00f6ppna kontorslandskapet. En hurts \u00e4r med andra ord \u201dsmart f\u00f6rvaring\u201d.","og_url":"https:\/\/shop.bjerring-sales.dk\/da\/product\/hurts-basic-41x50x51-gra\/","og_site_name":"Bjerring-Sales","article_modified_time":"2026-02-24T13:28:06+00:00","og_image":[{"width":800,"height":800,"url":"https:\/\/shop.bjerring-sales.dk\/wp-content\/uploads\/2025\/01\/PSR532_Gray_Black-handles_1.png","type":"image\/png"}],"twitter_card":"summary_large_image","twitter_misc":{"Estimeret l\u00e6setid":"2 minutter"},"schema":{"@context":"https:\/\/schema.org","@graph":[{"@type":"WebPage","@id":"https:\/\/shop.bjerring-sales.dk\/product\/hurts-basic-41x50x51-gra\/","url":"https:\/\/shop.bjerring-sales.dk\/product\/hurts-basic-41x50x51-gra\/","name":"Hurts Basic 41,5x50x51 cm - gr\u00e5 - Bjerring-Sales","isPartOf":{"@id":"https:\/\/shop.bjerring-sales.dk\/#website"},"primaryImageOfPage":{"@id":"https:\/\/shop.bjerring-sales.dk\/product\/hurts-basic-41x50x51-gra\/#primaryimage"},"image":{"@id":"https:\/\/shop.bjerring-sales.dk\/product\/hurts-basic-41x50x51-gra\/#primaryimage"},"thumbnailUrl":"https:\/\/shop.bjerring-sales.dk\/wp-content\/uploads\/2025\/01\/PSR532_Gray_Black-handles_1.png","datePublished":"2021-02-16T12:38:59+00:00","dateModified":"2026-02-24T13:28:06+00:00","breadcrumb":{"@id":"https:\/\/shop.bjerring-sales.dk\/product\/hurts-basic-41x50x51-gra\/#breadcrumb"},"inLanguage":"da-DK","potentialAction":[{"@type":"ReadAction","target":["https:\/\/shop.bjerring-sales.dk\/product\/hurts-basic-41x50x51-gra\/"]}]},{"@type":"ImageObject","inLanguage":"da-DK","@id":"https:\/\/shop.bjerring-sales.dk\/product\/hurts-basic-41x50x51-gra\/#primaryimage","url":"https:\/\/shop.bjerring-sales.dk\/wp-content\/uploads\/2025\/01\/PSR532_Gray_Black-handles_1.png","contentUrl":"https:\/\/shop.bjerring-sales.dk\/wp-content\/uploads\/2025\/01\/PSR532_Gray_Black-handles_1.png","width":800,"height":800},{"@type":"BreadcrumbList","@id":"https:\/\/shop.bjerring-sales.dk\/product\/hurts-basic-41x50x51-gra\/#breadcrumb","itemListElement":[{"@type":"ListItem","position":1,"name":"Hem","item":"https:\/\/shop.bjerring-sales.dk\/"},{"@type":"ListItem","position":2,"name":"Webbutik","item":"https:\/\/shop.bjerring-sales.dk\/butik\/"},{"@type":"ListItem","position":3,"name":"Hurts Basic 41,5x50x51 cm &#8211; gr\u00e5"}]},{"@type":"WebSite","@id":"https:\/\/shop.bjerring-sales.dk\/#website","url":"https:\/\/shop.bjerring-sales.dk\/","name":"Bjerring-Salg","description":"M\u00f8bler til teatre, skoler, kontorer og indk\u00f8bscentre","publisher":{"@id":"https:\/\/shop.bjerring-sales.dk\/#organization"},"potentialAction":[{"@type":"SearchAction","target":{"@type":"EntryPoint","urlTemplate":"https:\/\/shop.bjerring-sales.dk\/?s={search_term_string}"},"query-input":{"@type":"PropertyValueSpecification","valueRequired":true,"valueName":"search_term_string"}}],"inLanguage":"da-DK"},{"@type":"Organization","@id":"https:\/\/shop.bjerring-sales.dk\/#organization","name":"Bjerring-Salg","url":"https:\/\/shop.bjerring-sales.dk\/","logo":{"@type":"ImageObject","inLanguage":"da-DK","@id":"https:\/\/shop.bjerring-sales.dk\/#\/schema\/logo\/image\/","url":"https:\/\/shop.bjerring-sales.dk\/wp-content\/uploads\/2023\/01\/logo_sv.png","contentUrl":"https:\/\/shop.bjerring-sales.dk\/wp-content\/uploads\/2023\/01\/logo_sv.png","width":195,"height":68,"caption":"Bjerring-Sales"},"image":{"@id":"https:\/\/shop.bjerring-sales.dk\/#\/schema\/logo\/image\/"}}]}},"_links":{"self":[{"href":"https:\/\/shop.bjerring-sales.dk\/da\/wp-json\/wp\/v2\/product\/58165","targetHints":{"allow":["GET"]}}],"collection":[{"href":"https:\/\/shop.bjerring-sales.dk\/da\/wp-json\/wp\/v2\/product"}],"about":[{"href":"https:\/\/shop.bjerring-sales.dk\/da\/wp-json\/wp\/v2\/types\/product"}],"wp:featuredmedia":[{"embeddable":true,"href":"https:\/\/shop.bjerring-sales.dk\/da\/wp-json\/wp\/v2\/media\/100329"}],"wp:attachment":[{"href":"https:\/\/shop.bjerring-sales.dk\/da\/wp-json\/wp\/v2\/media?parent=58165"}],"wp:term":[{"taxonomy":"product_brand","embeddable":true,"href":"https:\/\/shop.bjerring-sales.dk\/da\/wp-json\/wp\/v2\/product_brand?post=58165"},{"taxonomy":"product_cat","embeddable":true,"href":"https:\/\/shop.bjerring-sales.dk\/da\/wp-json\/wp\/v2\/product_cat?post=58165"},{"taxonomy":"product_tag","embeddable":true,"href":"https:\/\/shop.bjerring-sales.dk\/da\/wp-json\/wp\/v2\/product_tag?post=58165"}],"curies":[{"name":"wp","href":"https:\/\/api.w.org\/{rel}","templated":true}]}}