{"id":57837,"date":"2021-08-24T12:42:07","date_gmt":"2021-08-24T10:42:07","guid":{"rendered":"https:\/\/pule.se\/produkt\/stabordsoverdrag-deluxe\/"},"modified":"2026-03-06T13:48:26","modified_gmt":"2026-03-06T12:48:26","slug":"stabordsoverdrag-deluxe","status":"publish","type":"product","link":"https:\/\/shop.bjerring-sales.dk\/da\/vare\/stabordsoverdrag-deluxe\/","title":{"rendered":"St\u00e5bord dug Deluxe"},"content":{"rendered":"<div class=\"wpb-content-wrapper\"><div class=\"vc_row wpb_row vc_row-fluid\"><div class=\"wpb_column vc_column_container vc_col-sm-12\"><div class=\"vc_column-inner\"><div class=\"wpb_wrapper\">\n\t<div class=\"wpb_text_column wpb_content_element\" >\n\t\t<div class=\"wpb_wrapper\">\n\t\t\t<p><span style=\"font-size: 24pt\">St\u00e5bord dug Deluxe i stretchstof til arrangementer og fester<br \/>\n<\/span>St\u00e5bord dug Deluxe er lidt anderledes end vores andre st\u00e5bord dug. Med Deluxe h\u00e6nger dugene p\u00e5 en stilfuld m\u00e5de i stedet for at blive strakt langs benene. De er perfekte til arrangementer, bryllupper, hoteller, feststeder mv. Sortimentet omfatter ogs\u00e5 stretch betr\u00e6k i forskellige farver, der kan tages p\u00e5 for at skabe et anderledes look.<\/p>\n\n\t\t<\/div>\n\t<\/div>\n<\/div><\/div><\/div><\/div><div class=\"vc_row wpb_row vc_row-fluid\"><div class=\"wpb_column vc_column_container vc_col-sm-4\"><div class=\"vc_column-inner\"><div class=\"wpb_wrapper\">\n\t<div  class=\"wpb_single_image wpb_content_element vc_align_center\">\n\t\t\n\t\t<figure class=\"wpb_wrapper vc_figure\">\n\t\t\t<div class=\"vc_single_image-wrapper vc_box_shadow_border  vc_box_border_grey\"><img loading=\"lazy\" decoding=\"async\" width=\"800\" height=\"800\" src=\"https:\/\/shop.bjerring-sales.dk\/wp-content\/uploads\/2021\/08\/cocktail-table-red-black.jpg\" class=\"vc_single_image-img attachment-full\" alt=\"\" title=\"cocktail-bord-r\u00f8d-sort\" srcset=\"https:\/\/shop.bjerring-sales.dk\/wp-content\/uploads\/2021\/08\/cocktail-table-red-black.jpg 800w, https:\/\/shop.bjerring-sales.dk\/wp-content\/uploads\/2021\/08\/cocktail-table-red-black-300x300.jpg 300w, https:\/\/shop.bjerring-sales.dk\/wp-content\/uploads\/2021\/08\/cocktail-table-red-black-150x150.jpg 150w, https:\/\/shop.bjerring-sales.dk\/wp-content\/uploads\/2021\/08\/cocktail-table-red-black-600x600.jpg 600w, https:\/\/shop.bjerring-sales.dk\/wp-content\/uploads\/2021\/08\/cocktail-table-red-black-768x768.jpg 768w\" sizes=\"auto, (max-width: 800px) 100vw, 800px\" \/><\/div>\n\t\t<\/figure>\n\t<\/div>\n<\/div><\/div><\/div><div class=\"wpb_column vc_column_container vc_col-sm-4\"><div class=\"vc_column-inner\"><div class=\"wpb_wrapper\">\n\t<div  class=\"wpb_single_image wpb_content_element vc_align_center\">\n\t\t\n\t\t<figure class=\"wpb_wrapper vc_figure\">\n\t\t\t<div class=\"vc_single_image-wrapper vc_box_shadow_border  vc_box_border_grey\"><img loading=\"lazy\" decoding=\"async\" width=\"800\" height=\"800\" src=\"https:\/\/shop.bjerring-sales.dk\/wp-content\/uploads\/2021\/08\/cocktail-table-7.jpg\" class=\"vc_single_image-img attachment-full\" alt=\"\" title=\"cocktail-bord-7\" srcset=\"https:\/\/shop.bjerring-sales.dk\/wp-content\/uploads\/2021\/08\/cocktail-table-7.jpg 800w, https:\/\/shop.bjerring-sales.dk\/wp-content\/uploads\/2021\/08\/cocktail-table-7-300x300.jpg 300w, https:\/\/shop.bjerring-sales.dk\/wp-content\/uploads\/2021\/08\/cocktail-table-7-150x150.jpg 150w, https:\/\/shop.bjerring-sales.dk\/wp-content\/uploads\/2021\/08\/cocktail-table-7-600x600.jpg 600w, https:\/\/shop.bjerring-sales.dk\/wp-content\/uploads\/2021\/08\/cocktail-table-7-768x768.jpg 768w\" sizes=\"auto, (max-width: 800px) 100vw, 800px\" \/><\/div>\n\t\t<\/figure>\n\t<\/div>\n<\/div><\/div><\/div><div class=\"wpb_column vc_column_container vc_col-sm-4\"><div class=\"vc_column-inner\"><div class=\"wpb_wrapper\">\n\t<div  class=\"wpb_single_image wpb_content_element vc_align_center\">\n\t\t\n\t\t<figure class=\"wpb_wrapper vc_figure\">\n\t\t\t<div class=\"vc_single_image-wrapper vc_box_shadow_border  vc_box_border_grey\"><img loading=\"lazy\" decoding=\"async\" width=\"800\" height=\"800\" src=\"https:\/\/shop.bjerring-sales.dk\/wp-content\/uploads\/2021\/08\/cocktail-table-blackwhite.jpg\" class=\"vc_single_image-img attachment-full\" alt=\"\" title=\"cocktail-bord-sorthvid\" srcset=\"https:\/\/shop.bjerring-sales.dk\/wp-content\/uploads\/2021\/08\/cocktail-table-blackwhite.jpg 800w, https:\/\/shop.bjerring-sales.dk\/wp-content\/uploads\/2021\/08\/cocktail-table-blackwhite-300x300.jpg 300w, https:\/\/shop.bjerring-sales.dk\/wp-content\/uploads\/2021\/08\/cocktail-table-blackwhite-150x150.jpg 150w, https:\/\/shop.bjerring-sales.dk\/wp-content\/uploads\/2021\/08\/cocktail-table-blackwhite-600x600.jpg 600w, https:\/\/shop.bjerring-sales.dk\/wp-content\/uploads\/2021\/08\/cocktail-table-blackwhite-768x768.jpg 768w\" sizes=\"auto, (max-width: 800px) 100vw, 800px\" \/><\/div>\n\t\t<\/figure>\n\t<\/div>\n<\/div><\/div><\/div><\/div><div class=\"vc_row wpb_row vc_row-fluid\"><div class=\"wpb_column vc_column_container vc_col-sm-12\"><div class=\"vc_column-inner\"><div class=\"wpb_wrapper\">\n\t<div class=\"wpb_text_column wpb_content_element vc_custom_1630666260426\" >\n\t\t<div class=\"wpb_wrapper\">\n\t\t\t<p><span style=\"font-size: 18pt\">Specifikationer<\/span><\/p>\n\n\t\t<\/div>\n\t<\/div>\n<div class=\"vc_separator wpb_content_element vc_separator_align_center vc_sep_width_100 vc_sep_pos_align_center vc_separator_no_text vc_sep_color_grey vc_custom_1630666267088\" ><span class=\"vc_sep_holder vc_sep_holder_l\"><span class=\"vc_sep_line\"><\/span><\/span><span class=\"vc_sep_holder vc_sep_holder_r\"><span class=\"vc_sep_line\"><\/span><\/span>\n<\/div><\/div><\/div><\/div><\/div><div class=\"vc_row wpb_row vc_row-fluid\"><div class=\"wpb_column vc_column_container vc_col-sm-6\"><div class=\"vc_column-inner\"><div class=\"wpb_wrapper\">\n\t<div class=\"wpb_text_column wpb_content_element vc_custom_1630666294775\" >\n\t\t<div class=\"wpb_wrapper\">\n\t\t\t<ul>\n<li>F\u00e5s i flere farver<\/li>\n<li>Skr\u00e6ddersyede betr\u00e6k<\/li>\n<li>Fremstillet med 90% polyester og 10% elastan<\/li>\n<\/ul>\n\n\t\t<\/div>\n\t<\/div>\n<\/div><\/div><\/div><div class=\"wpb_column vc_column_container vc_col-sm-6\"><div class=\"vc_column-inner\"><div class=\"wpb_wrapper\">\n\t<div class=\"wpb_text_column wpb_content_element vc_custom_1630666303829\" >\n\t\t<div class=\"wpb_wrapper\">\n\t\t\t<ul>\n<li>Betr\u00e6kkene kan maskinvaskes<\/li>\n<li>Skal IKKE stryges<\/li>\n<li>Yderligere farver og st\u00f8rrelser er tilg\u00e6ngelige med tre ugers levering<\/li>\n<\/ul>\n\n\t\t<\/div>\n\t<\/div>\n<\/div><\/div><\/div><\/div>\n<\/div>","protected":false},"excerpt":{"rendered":"<p>St\u00e5bord dug Deluxe til runde klapborde. De er perfekte til messer, konferencer, hoteller, festlokaler og events. Stretch-dug Deluxe printes med et logo til reklame (tryk kun p\u00e5 hvidt stretchstof).<\/p>","protected":false},"featured_media":99913,"template":"","meta":{"iawp_total_views":0},"product_brand":[],"product_cat":[5803,5804],"product_tag":[],"class_list":{"0":"post-57837","1":"product","2":"type-product","3":"status-publish","4":"has-post-thumbnail","6":"product_cat-dukar-textilier","7":"product_cat-tillbehor-bord","9":"first","10":"instock","11":"taxable","12":"shipping-taxable","13":"purchasable","14":"product-type-variable"},"yoast_head":"<!-- This site is optimized with the Yoast SEO plugin v27.0 - https:\/\/yoast.com\/product\/yoast-seo-wordpress\/ -->\n<title>St\u00e5bords\u00f6verdrag Deluxe - Bjerring-Sales<\/title>\n<meta name=\"description\" content=\"St\u00e5bords\u00f6verdrag som passar perfekt till m\u00e4ssor, konferenser, hotell, festlokaler och event. Stretchtop\u00f6verdrag kan printas med logga f\u00f6r reklam.\" \/>\n<meta name=\"robots\" content=\"index, follow, max-snippet:-1, max-image-preview:large, max-video-preview:-1\" \/>\n<link rel=\"canonical\" href=\"https:\/\/shop.bjerring-sales.dk\/da\/vare\/stabordsoverdrag-deluxe\/\" \/>\n<meta property=\"og:locale\" content=\"da_DK\" \/>\n<meta property=\"og:type\" content=\"article\" \/>\n<meta property=\"og:title\" content=\"St\u00e5bords\u00f6verdrag Deluxe - Bjerring-Sales\" \/>\n<meta property=\"og:description\" content=\"St\u00e5bords\u00f6verdrag som passar perfekt till m\u00e4ssor, konferenser, hotell, festlokaler och event. Stretchtop\u00f6verdrag kan printas med logga f\u00f6r reklam.\" \/>\n<meta property=\"og:url\" content=\"https:\/\/shop.bjerring-sales.dk\/da\/vare\/stabordsoverdrag-deluxe\/\" \/>\n<meta property=\"og:site_name\" content=\"Bjerring-Sales\" \/>\n<meta property=\"article:modified_time\" content=\"2026-03-06T12:48:26+00:00\" \/>\n<meta property=\"og:image\" content=\"https:\/\/shop.bjerring-sales.dk\/wp-content\/uploads\/2024\/10\/Stabordsoverdrag_deluxe_svart.jpg\" \/>\n\t<meta property=\"og:image:width\" content=\"800\" \/>\n\t<meta property=\"og:image:height\" content=\"799\" \/>\n\t<meta property=\"og:image:type\" content=\"image\/jpeg\" \/>\n<meta name=\"twitter:card\" content=\"summary_large_image\" \/>\n<meta name=\"twitter:label1\" content=\"Estimeret l\u00e6setid\" \/>\n\t<meta name=\"twitter:data1\" content=\"1 minut\" \/>\n<script type=\"application\/ld+json\" class=\"yoast-schema-graph\">{\"@context\":\"https:\/\/schema.org\",\"@graph\":[{\"@type\":\"WebPage\",\"@id\":\"https:\/\/shop.bjerring-sales.dk\/sv\/produkt\/stabordsoverdrag-deluxe\/\",\"url\":\"https:\/\/shop.bjerring-sales.dk\/sv\/produkt\/stabordsoverdrag-deluxe\/\",\"name\":\"St\u00e5bords\u00f6verdrag Deluxe - Bjerring-Sales\",\"isPartOf\":{\"@id\":\"https:\/\/shop.bjerring-sales.dk\/#website\"},\"primaryImageOfPage\":{\"@id\":\"https:\/\/shop.bjerring-sales.dk\/sv\/produkt\/stabordsoverdrag-deluxe\/#primaryimage\"},\"image\":{\"@id\":\"https:\/\/shop.bjerring-sales.dk\/sv\/produkt\/stabordsoverdrag-deluxe\/#primaryimage\"},\"thumbnailUrl\":\"https:\/\/shop.bjerring-sales.dk\/wp-content\/uploads\/2024\/10\/Stabordsoverdrag_deluxe_svart.jpg\",\"datePublished\":\"2021-08-24T10:42:07+00:00\",\"dateModified\":\"2026-03-06T12:48:26+00:00\",\"description\":\"St\u00e5bords\u00f6verdrag som passar perfekt till m\u00e4ssor, konferenser, hotell, festlokaler och event. Stretchtop\u00f6verdrag kan printas med logga f\u00f6r reklam.\",\"breadcrumb\":{\"@id\":\"https:\/\/shop.bjerring-sales.dk\/sv\/produkt\/stabordsoverdrag-deluxe\/#breadcrumb\"},\"inLanguage\":\"da-DK\",\"potentialAction\":[{\"@type\":\"ReadAction\",\"target\":[\"https:\/\/shop.bjerring-sales.dk\/sv\/produkt\/stabordsoverdrag-deluxe\/\"]}]},{\"@type\":\"ImageObject\",\"inLanguage\":\"da-DK\",\"@id\":\"https:\/\/shop.bjerring-sales.dk\/sv\/produkt\/stabordsoverdrag-deluxe\/#primaryimage\",\"url\":\"https:\/\/shop.bjerring-sales.dk\/wp-content\/uploads\/2024\/10\/Stabordsoverdrag_deluxe_svart.jpg\",\"contentUrl\":\"https:\/\/shop.bjerring-sales.dk\/wp-content\/uploads\/2024\/10\/Stabordsoverdrag_deluxe_svart.jpg\",\"width\":800,\"height\":799},{\"@type\":\"BreadcrumbList\",\"@id\":\"https:\/\/shop.bjerring-sales.dk\/sv\/produkt\/stabordsoverdrag-deluxe\/#breadcrumb\",\"itemListElement\":[{\"@type\":\"ListItem\",\"position\":1,\"name\":\"Hem\",\"item\":\"https:\/\/shop.bjerring-sales.dk\/\"},{\"@type\":\"ListItem\",\"position\":2,\"name\":\"Webbutik\",\"item\":\"https:\/\/shop.bjerring-sales.dk\/butik\/\"},{\"@type\":\"ListItem\",\"position\":3,\"name\":\"St\u00e5bords\u00f6verdrag Deluxe\"}]},{\"@type\":\"WebSite\",\"@id\":\"https:\/\/shop.bjerring-sales.dk\/#website\",\"url\":\"https:\/\/shop.bjerring-sales.dk\/\",\"name\":\"Bjerring-Sales\",\"description\":\"M\u00f6bler f\u00f6r teatrar, skolor, kontor och k\u00f6pcentrum\",\"publisher\":{\"@id\":\"https:\/\/shop.bjerring-sales.dk\/#organization\"},\"potentialAction\":[{\"@type\":\"SearchAction\",\"target\":{\"@type\":\"EntryPoint\",\"urlTemplate\":\"https:\/\/shop.bjerring-sales.dk\/?s={search_term_string}\"},\"query-input\":{\"@type\":\"PropertyValueSpecification\",\"valueRequired\":true,\"valueName\":\"search_term_string\"}}],\"inLanguage\":\"da-DK\"},{\"@type\":\"Organization\",\"@id\":\"https:\/\/shop.bjerring-sales.dk\/#organization\",\"name\":\"Bjerring-Sales\",\"url\":\"https:\/\/shop.bjerring-sales.dk\/\",\"logo\":{\"@type\":\"ImageObject\",\"inLanguage\":\"da-DK\",\"@id\":\"https:\/\/shop.bjerring-sales.dk\/#\/schema\/logo\/image\/\",\"url\":\"https:\/\/shop.bjerring-sales.dk\/wp-content\/uploads\/2023\/01\/logo_sv.png\",\"contentUrl\":\"https:\/\/shop.bjerring-sales.dk\/wp-content\/uploads\/2023\/01\/logo_sv.png\",\"width\":195,\"height\":68,\"caption\":\"Bjerring-Sales\"},\"image\":{\"@id\":\"https:\/\/shop.bjerring-sales.dk\/#\/schema\/logo\/image\/\"}}]}<\/script>\n<!-- \/ Yoast SEO plugin. -->","yoast_head_json":{"title":"St\u00e5bords\u00f6verdrag Deluxe - Bjerring-Sales","description":"St\u00e5bords\u00f6verdrag som passar perfekt till m\u00e4ssor, konferenser, hotell, festlokaler och event. Stretchtop\u00f6verdrag kan printas med logga f\u00f6r reklam.","robots":{"index":"index","follow":"follow","max-snippet":"max-snippet:-1","max-image-preview":"max-image-preview:large","max-video-preview":"max-video-preview:-1"},"canonical":"https:\/\/shop.bjerring-sales.dk\/da\/vare\/stabordsoverdrag-deluxe\/","og_locale":"da_DK","og_type":"article","og_title":"St\u00e5bords\u00f6verdrag Deluxe - Bjerring-Sales","og_description":"St\u00e5bords\u00f6verdrag som passar perfekt till m\u00e4ssor, konferenser, hotell, festlokaler och event. Stretchtop\u00f6verdrag kan printas med logga f\u00f6r reklam.","og_url":"https:\/\/shop.bjerring-sales.dk\/da\/vare\/stabordsoverdrag-deluxe\/","og_site_name":"Bjerring-Sales","article_modified_time":"2026-03-06T12:48:26+00:00","og_image":[{"width":800,"height":799,"url":"https:\/\/shop.bjerring-sales.dk\/wp-content\/uploads\/2024\/10\/Stabordsoverdrag_deluxe_svart.jpg","type":"image\/jpeg"}],"twitter_card":"summary_large_image","twitter_misc":{"Estimeret l\u00e6setid":"1 minut"},"schema":{"@context":"https:\/\/schema.org","@graph":[{"@type":"WebPage","@id":"https:\/\/shop.bjerring-sales.dk\/sv\/produkt\/stabordsoverdrag-deluxe\/","url":"https:\/\/shop.bjerring-sales.dk\/sv\/produkt\/stabordsoverdrag-deluxe\/","name":"St\u00e5bords\u00f6verdrag Deluxe - Bjerring-Sales","isPartOf":{"@id":"https:\/\/shop.bjerring-sales.dk\/#website"},"primaryImageOfPage":{"@id":"https:\/\/shop.bjerring-sales.dk\/sv\/produkt\/stabordsoverdrag-deluxe\/#primaryimage"},"image":{"@id":"https:\/\/shop.bjerring-sales.dk\/sv\/produkt\/stabordsoverdrag-deluxe\/#primaryimage"},"thumbnailUrl":"https:\/\/shop.bjerring-sales.dk\/wp-content\/uploads\/2024\/10\/Stabordsoverdrag_deluxe_svart.jpg","datePublished":"2021-08-24T10:42:07+00:00","dateModified":"2026-03-06T12:48:26+00:00","description":"St\u00e5bords\u00f6verdrag som passar perfekt till m\u00e4ssor, konferenser, hotell, festlokaler och event. Stretchtop\u00f6verdrag kan printas med logga f\u00f6r reklam.","breadcrumb":{"@id":"https:\/\/shop.bjerring-sales.dk\/sv\/produkt\/stabordsoverdrag-deluxe\/#breadcrumb"},"inLanguage":"da-DK","potentialAction":[{"@type":"ReadAction","target":["https:\/\/shop.bjerring-sales.dk\/sv\/produkt\/stabordsoverdrag-deluxe\/"]}]},{"@type":"ImageObject","inLanguage":"da-DK","@id":"https:\/\/shop.bjerring-sales.dk\/sv\/produkt\/stabordsoverdrag-deluxe\/#primaryimage","url":"https:\/\/shop.bjerring-sales.dk\/wp-content\/uploads\/2024\/10\/Stabordsoverdrag_deluxe_svart.jpg","contentUrl":"https:\/\/shop.bjerring-sales.dk\/wp-content\/uploads\/2024\/10\/Stabordsoverdrag_deluxe_svart.jpg","width":800,"height":799},{"@type":"BreadcrumbList","@id":"https:\/\/shop.bjerring-sales.dk\/sv\/produkt\/stabordsoverdrag-deluxe\/#breadcrumb","itemListElement":[{"@type":"ListItem","position":1,"name":"Hem","item":"https:\/\/shop.bjerring-sales.dk\/"},{"@type":"ListItem","position":2,"name":"Webbutik","item":"https:\/\/shop.bjerring-sales.dk\/butik\/"},{"@type":"ListItem","position":3,"name":"St\u00e5bords\u00f6verdrag Deluxe"}]},{"@type":"WebSite","@id":"https:\/\/shop.bjerring-sales.dk\/#website","url":"https:\/\/shop.bjerring-sales.dk\/","name":"Bjerring-Salg","description":"M\u00f8bler til teatre, skoler, kontorer og indk\u00f8bscentre","publisher":{"@id":"https:\/\/shop.bjerring-sales.dk\/#organization"},"potentialAction":[{"@type":"SearchAction","target":{"@type":"EntryPoint","urlTemplate":"https:\/\/shop.bjerring-sales.dk\/?s={search_term_string}"},"query-input":{"@type":"PropertyValueSpecification","valueRequired":true,"valueName":"search_term_string"}}],"inLanguage":"da-DK"},{"@type":"Organization","@id":"https:\/\/shop.bjerring-sales.dk\/#organization","name":"Bjerring-Salg","url":"https:\/\/shop.bjerring-sales.dk\/","logo":{"@type":"ImageObject","inLanguage":"da-DK","@id":"https:\/\/shop.bjerring-sales.dk\/#\/schema\/logo\/image\/","url":"https:\/\/shop.bjerring-sales.dk\/wp-content\/uploads\/2023\/01\/logo_sv.png","contentUrl":"https:\/\/shop.bjerring-sales.dk\/wp-content\/uploads\/2023\/01\/logo_sv.png","width":195,"height":68,"caption":"Bjerring-Sales"},"image":{"@id":"https:\/\/shop.bjerring-sales.dk\/#\/schema\/logo\/image\/"}}]}},"_links":{"self":[{"href":"https:\/\/shop.bjerring-sales.dk\/da\/wp-json\/wp\/v2\/product\/57837","targetHints":{"allow":["GET"]}}],"collection":[{"href":"https:\/\/shop.bjerring-sales.dk\/da\/wp-json\/wp\/v2\/product"}],"about":[{"href":"https:\/\/shop.bjerring-sales.dk\/da\/wp-json\/wp\/v2\/types\/product"}],"wp:featuredmedia":[{"embeddable":true,"href":"https:\/\/shop.bjerring-sales.dk\/da\/wp-json\/wp\/v2\/media\/99913"}],"wp:attachment":[{"href":"https:\/\/shop.bjerring-sales.dk\/da\/wp-json\/wp\/v2\/media?parent=57837"}],"wp:term":[{"taxonomy":"product_brand","embeddable":true,"href":"https:\/\/shop.bjerring-sales.dk\/da\/wp-json\/wp\/v2\/product_brand?post=57837"},{"taxonomy":"product_cat","embeddable":true,"href":"https:\/\/shop.bjerring-sales.dk\/da\/wp-json\/wp\/v2\/product_cat?post=57837"},{"taxonomy":"product_tag","embeddable":true,"href":"https:\/\/shop.bjerring-sales.dk\/da\/wp-json\/wp\/v2\/product_tag?post=57837"}],"curies":[{"name":"wp","href":"https:\/\/api.w.org\/{rel}","templated":true}]}}