{"id":57177,"date":"2022-07-05T14:52:22","date_gmt":"2022-07-05T12:52:22","guid":{"rendered":"https:\/\/pule.se\/produkt\/easy-hoj-sankbart-skrivbord\/"},"modified":"2026-04-16T09:00:42","modified_gmt":"2026-04-16T07:00:42","slug":"easy-hoj-sankbart-skrivbord","status":"publish","type":"product","link":"https:\/\/shop.bjerring-sales.dk\/da\/vare\/easy-hoj-sankbart-skrivbord\/","title":{"rendered":"EASY \u2013 H\u00e6ve- og s\u00e6nkebord med \u00e9n motor"},"content":{"rendered":"<div class=\"wpb-content-wrapper\"><div class=\"vc_row wpb_row vc_row-fluid\"><div class=\"wpb_column vc_column_container vc_col-sm-12\"><div class=\"vc_column-inner\"><div class=\"wpb_wrapper\">\n\t<div class=\"wpb_text_column wpb_content_element vc_custom_1630497286719\" >\n\t\t<div class=\"wpb_wrapper\">\n\t\t\t<p><span style=\"font-size: 24pt;\">Up &amp; Down EASY \u2013 Et skrivebord, der kan h\u00e6ves og s\u00e6nkes med 1 motor<br \/>\n<\/span>Up &amp; Down EASY er et stilfuldt og prisvenligt skrivebord med 1 motor. EASY er et h\u00f8jdejusterbart skrivebord, der nemt man\u00f8vreres ind i forskellige positioner, s\u00e5 brugeren b\u00e5de kan arbejde i siddende og st\u00e5ende stilling. Med sine forskellige st\u00f8rrelser er Up &amp; Down EASY velegnet til kontoret s\u00e5vel som hjemmekontoret. Bordet er nemt at samle og f\u00e5s i flere farver p\u00e5 b\u00e5de stel og bordplade.<\/p>\n\n\t\t<\/div>\n\t<\/div>\n<\/div><\/div><\/div><\/div><div class=\"vc_row wpb_row vc_row-fluid\"><div class=\"wpb_column vc_column_container vc_col-sm-4\"><div class=\"vc_column-inner\"><div class=\"wpb_wrapper\">\n\t<div  class=\"wpb_single_image wpb_content_element vc_align_center\">\n\t\t\n\t\t<figure class=\"wpb_wrapper vc_figure\">\n\t\t\t<div class=\"vc_single_image-wrapper vc_box_shadow_border  vc_box_border_grey\"><img loading=\"lazy\" decoding=\"async\" width=\"800\" height=\"800\" src=\"https:\/\/shop.bjerring-sales.dk\/wp-content\/uploads\/2021\/06\/UpDown_skrivbord_EASY_scene_07_800px-1.jpg\" class=\"vc_single_image-img attachment-full\" alt=\"\" title=\"UpDown_desktop_EASY_scene_07_800px\" srcset=\"https:\/\/shop.bjerring-sales.dk\/wp-content\/uploads\/2021\/06\/UpDown_skrivbord_EASY_scene_07_800px-1.jpg 800w, https:\/\/shop.bjerring-sales.dk\/wp-content\/uploads\/2021\/06\/UpDown_skrivbord_EASY_scene_07_800px-1-300x300.jpg 300w, https:\/\/shop.bjerring-sales.dk\/wp-content\/uploads\/2021\/06\/UpDown_skrivbord_EASY_scene_07_800px-1-150x150.jpg 150w, https:\/\/shop.bjerring-sales.dk\/wp-content\/uploads\/2021\/06\/UpDown_skrivbord_EASY_scene_07_800px-1-600x600.jpg 600w, https:\/\/shop.bjerring-sales.dk\/wp-content\/uploads\/2021\/06\/UpDown_skrivbord_EASY_scene_07_800px-1-768x768.jpg 768w\" sizes=\"auto, (max-width: 800px) 100vw, 800px\" \/><\/div>\n\t\t<\/figure>\n\t<\/div>\n<\/div><\/div><\/div><div class=\"wpb_column vc_column_container vc_col-sm-4\"><div class=\"vc_column-inner\"><div class=\"wpb_wrapper\">\n\t<div  class=\"wpb_single_image wpb_content_element vc_align_center\">\n\t\t\n\t\t<figure class=\"wpb_wrapper vc_figure\">\n\t\t\t<div class=\"vc_single_image-wrapper vc_box_shadow_border  vc_box_border_grey\"><img loading=\"lazy\" decoding=\"async\" width=\"800\" height=\"800\" src=\"https:\/\/shop.bjerring-sales.dk\/wp-content\/uploads\/2021\/06\/UpDown_skrivbord_EASY_scene_08_800px-1.jpg\" class=\"vc_single_image-img attachment-full\" alt=\"\" title=\"UpDown_desktop_EASY_scene_08_800px\" srcset=\"https:\/\/shop.bjerring-sales.dk\/wp-content\/uploads\/2021\/06\/UpDown_skrivbord_EASY_scene_08_800px-1.jpg 800w, https:\/\/shop.bjerring-sales.dk\/wp-content\/uploads\/2021\/06\/UpDown_skrivbord_EASY_scene_08_800px-1-300x300.jpg 300w, https:\/\/shop.bjerring-sales.dk\/wp-content\/uploads\/2021\/06\/UpDown_skrivbord_EASY_scene_08_800px-1-150x150.jpg 150w, https:\/\/shop.bjerring-sales.dk\/wp-content\/uploads\/2021\/06\/UpDown_skrivbord_EASY_scene_08_800px-1-600x600.jpg 600w, https:\/\/shop.bjerring-sales.dk\/wp-content\/uploads\/2021\/06\/UpDown_skrivbord_EASY_scene_08_800px-1-768x768.jpg 768w\" sizes=\"auto, (max-width: 800px) 100vw, 800px\" \/><\/div>\n\t\t<\/figure>\n\t<\/div>\n<\/div><\/div><\/div><div class=\"wpb_column vc_column_container vc_col-sm-4\"><div class=\"vc_column-inner\"><div class=\"wpb_wrapper\">\n\t<div  class=\"wpb_single_image wpb_content_element vc_align_center\">\n\t\t\n\t\t<figure class=\"wpb_wrapper vc_figure\">\n\t\t\t<div class=\"vc_single_image-wrapper vc_box_shadow_border  vc_box_border_grey\"><img loading=\"lazy\" decoding=\"async\" width=\"800\" height=\"800\" src=\"https:\/\/shop.bjerring-sales.dk\/wp-content\/uploads\/2021\/06\/UpDown_skrivbord_EASY_scene_09_800px-1.jpg\" class=\"vc_single_image-img attachment-full\" alt=\"\" title=\"UpDown_desktop_EASY_scene_09_800px\" srcset=\"https:\/\/shop.bjerring-sales.dk\/wp-content\/uploads\/2021\/06\/UpDown_skrivbord_EASY_scene_09_800px-1.jpg 800w, https:\/\/shop.bjerring-sales.dk\/wp-content\/uploads\/2021\/06\/UpDown_skrivbord_EASY_scene_09_800px-1-300x300.jpg 300w, https:\/\/shop.bjerring-sales.dk\/wp-content\/uploads\/2021\/06\/UpDown_skrivbord_EASY_scene_09_800px-1-150x150.jpg 150w, https:\/\/shop.bjerring-sales.dk\/wp-content\/uploads\/2021\/06\/UpDown_skrivbord_EASY_scene_09_800px-1-600x600.jpg 600w, https:\/\/shop.bjerring-sales.dk\/wp-content\/uploads\/2021\/06\/UpDown_skrivbord_EASY_scene_09_800px-1-768x768.jpg 768w\" sizes=\"auto, (max-width: 800px) 100vw, 800px\" \/><\/div>\n\t\t<\/figure>\n\t<\/div>\n<\/div><\/div><\/div><\/div><div class=\"vc_row wpb_row vc_row-fluid\"><div class=\"wpb_column vc_column_container vc_col-sm-6\"><div class=\"vc_column-inner\"><div class=\"wpb_wrapper\">\n\t<div class=\"wpb_text_column wpb_content_element vc_custom_1735850898570\" >\n\t\t<div class=\"wpb_wrapper\">\n\t\t\t<p><span style=\"font-size: 18pt;\">Anvendelsesomr\u00e5de<br \/>\n<\/span>Up &amp; Down EASY er en del af Up &amp; Down serien, hvor vi ogs\u00e5 lagerf\u00f8rer ECO &amp; Zero bordene med h\u00e5ndsving, Et med 1 motor og To med dobbeltmotorer. Up &amp; Down er en komplet m\u00f8belserie med skriveborde, der kan h\u00e6ves og s\u00e6nkes. M\u00e5let med Up &amp; Down-serien er, at enhver skal kunne have den perfekte arbejdsplads, hvad enten det er arbejdspladsen derhjemme, p\u00e5 kontoret eller i det \u00e5bne kontorlandskab.<\/p>\n<p><span style=\"font-size: 18pt;\">Stel<br \/>\n<\/span>Stellet har et moderne design med lige linjer, hvilket betyder, at skrivebordet passer ind i alle typer kontorlokaler. Bordstellet er bygget med 2-delte rektangul\u00e6re ben, der er blevet pulverlakeret. L\u00f8ftekapaciteten er 70 kg, hvilket betyder, at brugeren nemt kan f\u00e5 plads til 2-3 sk\u00e6rme, dockingstationer, dokumenter mv. Stellet f\u00e5s i farverne hvid, sort og s\u00f8lvgr\u00e5.<\/p>\n<p><span style=\"font-size: 18pt;\">Bordplader<br \/>\n<\/span>Vi har forskellige modeller af bordplader i Up &amp; Down serien. Rektangul\u00e6re 19 mm laminatplader i hvid, sort, gr\u00e5, b\u00f8g, birk, eg og urban eg. Vi lagerf\u00f8rer ogs\u00e5 22 mm laminatplader i hvid med maveudsk\u00e6ring. Vi kan ogs\u00e5 specialfremstille bordplader i forskellige st\u00f8rrelser &amp; materialer, som ikke er inkluderet i vores standardsortiment. Kontakt os for mere information.<\/p>\n<p><span style=\"font-size: 18pt;\">M\u00e5l<\/span><br \/>\n100\u00d760 cm<br \/>\n100\u00d770 cm<br \/>\n120\u00d760 cm<br \/>\n120\u00d770 cm<br \/>\n120\u00d780 cm<br \/>\n140\u00d760 cm<br \/>\n140\u00d770 cm<br \/>\n140\u00d780 cm<br \/>\n160\u00d770 cm<br \/>\n160\u00d780 cm<\/p>\n\n\t\t<\/div>\n\t<\/div>\n<\/div><\/div><\/div><div class=\"wpb_column vc_column_container vc_col-sm-6\"><div class=\"vc_column-inner\"><div class=\"wpb_wrapper\">\n\t<div class=\"wpb_text_column wpb_content_element vc_custom_1735851350468\" >\n\t\t<div class=\"wpb_wrapper\">\n\t\t\t<p><span style=\"font-size: 18pt;\">Specifikationer<br \/>\n<\/span>Bordet har en h\u00e6ve\/s\u00e6nkehastighed p\u00e5 25 mm\/sekund<br \/>\nR\u00f8rm\u00e5l 80\u00d750 mm<br \/>\nH\u00f8jde med bordplade: 730-1230 mm<br \/>\nL\u00e6ngde: 850-1290 mm<br \/>\nBredde: 600 mm<br \/>\nSt\u00f8rrelse p\u00e5 fod: 650\u00d780 mm<br \/>\nStandard l\u00e6ngde: 500 mm<br \/>\nMaksimal belastning: 70 kg<\/p>\n<p><span style=\"font-size: 18pt;\">V\u00e6gt bord med plade<\/span><br \/>\n100\u00d760 cm = 29 kg<br \/>\n100\u00d770 cm = 30 kg<br \/>\n120\u00d760 cm = 30,5 kg<br \/>\n120\u00d770 cm = 31,5 kg<br \/>\n120\u00d780 cm = 33,5 kg<br \/>\n140\u00d760 cm = 32,5 kg<br \/>\n140\u00d770 cm = 34 kg<br \/>\n140\u00d780 cm = 35,5 kg<br \/>\n160\u00d770 cm = 36 kg<br \/>\n160\u00d780 cm = 37,5 kg<\/p>\n<p><span style=\"font-size: 18pt;\">Garanti<br \/>\n<\/span>5 \u00e5rs garanti p\u00e5 hele Up &amp; Down serien.<\/p>\n<p><span style=\"font-size: 18pt;\">brugervejledning<\/span><br \/>\n<a href=\"https:\/\/shop.bjerring-sales.dk\/wp-content\/uploads\/2021\/03\/PDF-doc-16.png\"><img loading=\"lazy\" decoding=\"async\" class=\"alignnone size-full wp-image-72653\" src=\"https:\/\/shop.bjerring-sales.dk\/wp-content\/uploads\/2021\/03\/PDF-doc-16.png\" alt=\"\" width=\"16\" height=\"16\" \/><\/a> <a href=\"https:\/\/elj.se\/wp-content\/uploads\/2021\/11\/Up-Down-EASY-manual-n.pdf\" target=\"_blank\" rel=\"noopener\">brugervejledning<\/a><\/p>\n\n\t\t<\/div>\n\t<\/div>\n<\/div><\/div><\/div><\/div>\n<\/div>","protected":false},"excerpt":{"rendered":"<p>Up &amp; Down EASY er et af vores skriveborde, der drives af 1 motor. Bordet er en del af Up &amp; Down serien, som best\u00e5r af forskellige h\u00f8jdejusterbare skriveborde, der betjenes med 1 motor, 2 motorer eller manuelt med h\u00e5ndsving.<\/p>","protected":false},"featured_media":98701,"template":"","meta":{"iawp_total_views":51},"product_brand":[],"product_cat":[5786,5787,5785,5788,5629,6353],"product_tag":[5778,5779,5780,5781,5782,5783,5784],"class_list":{"0":"post-57177","1":"product","2":"type-product","3":"status-publish","4":"has-post-thumbnail","6":"product_cat-skrivbord","7":"product_cat-bord","8":"product_cat-hemmakontor","9":"product_cat-hoj-sankbara-bord","10":"product_cat-kontorsmobler","11":"product_cat-up-down-easy","12":"product_tag-hoj-och-sankbara-bord","13":"product_tag-hoj-sankbart","14":"product_tag-up-down","15":"product_tag-skrivbord","16":"product_tag-elj-furniture","17":"product_tag-easy","18":"product_tag-enmotorigt-bord","20":"first","21":"instock","22":"taxable","23":"shipping-taxable","24":"purchasable","25":"product-type-variable"},"yoast_head":"<!-- This site is optimized with the Yoast SEO plugin v27.0 - https:\/\/yoast.com\/product\/yoast-seo-wordpress\/ -->\n<title>EASY - H\u00f6j &amp; s\u00e4nkbart enmotorigt skrivbord - Bjerring-Sales<\/title>\n<meta name=\"description\" content=\"Up &amp; Down EASY \u00e4r v\u00e5ra prisv\u00e4rda h\u00f6j och s\u00e4nkbara skrivbord med 1 motor. Vi har \u00e4ven skrivbord med 2 motorer och med vev beroende p\u00e5 \u00e4ndam\u00e5l.\" \/>\n<meta name=\"robots\" content=\"index, follow, max-snippet:-1, max-image-preview:large, max-video-preview:-1\" \/>\n<link rel=\"canonical\" href=\"https:\/\/shop.bjerring-sales.dk\/da\/product\/easy-hoj-sankbart-skrivbord\/\" \/>\n<meta property=\"og:locale\" content=\"da_DK\" \/>\n<meta property=\"og:type\" content=\"article\" \/>\n<meta property=\"og:title\" content=\"EASY - H\u00f6j &amp; s\u00e4nkbart enmotorigt skrivbord - Bjerring-Sales\" \/>\n<meta property=\"og:description\" content=\"Up &amp; Down EASY \u00e4r v\u00e5ra prisv\u00e4rda h\u00f6j och s\u00e4nkbara skrivbord med 1 motor. Vi har \u00e4ven skrivbord med 2 motorer och med vev beroende p\u00e5 \u00e4ndam\u00e5l.\" \/>\n<meta property=\"og:url\" content=\"https:\/\/shop.bjerring-sales.dk\/da\/product\/easy-hoj-sankbart-skrivbord\/\" \/>\n<meta property=\"og:site_name\" content=\"Bjerring-Sales\" \/>\n<meta property=\"article:modified_time\" content=\"2026-04-16T07:00:42+00:00\" \/>\n<meta property=\"og:image\" content=\"https:\/\/shop.bjerring-sales.dk\/wp-content\/uploads\/2024\/09\/Easy_160x70_WhiteLegs_WhiteTop.jpg\" \/>\n\t<meta property=\"og:image:width\" content=\"800\" \/>\n\t<meta property=\"og:image:height\" content=\"800\" \/>\n\t<meta property=\"og:image:type\" content=\"image\/jpeg\" \/>\n<meta name=\"twitter:card\" content=\"summary_large_image\" \/>\n<meta name=\"twitter:label1\" content=\"Estimeret l\u00e6setid\" \/>\n\t<meta name=\"twitter:data1\" content=\"3 minutter\" \/>\n<script type=\"application\/ld+json\" class=\"yoast-schema-graph\">{\"@context\":\"https:\/\/schema.org\",\"@graph\":[{\"@type\":\"WebPage\",\"@id\":\"https:\/\/shop.bjerring-sales.dk\/product\/easy-hoj-sankbart-skrivbord\/\",\"url\":\"https:\/\/shop.bjerring-sales.dk\/product\/easy-hoj-sankbart-skrivbord\/\",\"name\":\"EASY - H\u00f6j &amp; s\u00e4nkbart enmotorigt skrivbord - Bjerring-Sales\",\"isPartOf\":{\"@id\":\"https:\/\/shop.bjerring-sales.dk\/#website\"},\"primaryImageOfPage\":{\"@id\":\"https:\/\/shop.bjerring-sales.dk\/product\/easy-hoj-sankbart-skrivbord\/#primaryimage\"},\"image\":{\"@id\":\"https:\/\/shop.bjerring-sales.dk\/product\/easy-hoj-sankbart-skrivbord\/#primaryimage\"},\"thumbnailUrl\":\"https:\/\/shop.bjerring-sales.dk\/wp-content\/uploads\/2024\/09\/Easy_160x70_WhiteLegs_WhiteTop.jpg\",\"datePublished\":\"2022-07-05T12:52:22+00:00\",\"dateModified\":\"2026-04-16T07:00:42+00:00\",\"description\":\"Up & Down EASY \u00e4r v\u00e5ra prisv\u00e4rda h\u00f6j och s\u00e4nkbara skrivbord med 1 motor. Vi har \u00e4ven skrivbord med 2 motorer och med vev beroende p\u00e5 \u00e4ndam\u00e5l.\",\"breadcrumb\":{\"@id\":\"https:\/\/shop.bjerring-sales.dk\/product\/easy-hoj-sankbart-skrivbord\/#breadcrumb\"},\"inLanguage\":\"da-DK\",\"potentialAction\":[{\"@type\":\"ReadAction\",\"target\":[\"https:\/\/shop.bjerring-sales.dk\/product\/easy-hoj-sankbart-skrivbord\/\"]}]},{\"@type\":\"ImageObject\",\"inLanguage\":\"da-DK\",\"@id\":\"https:\/\/shop.bjerring-sales.dk\/product\/easy-hoj-sankbart-skrivbord\/#primaryimage\",\"url\":\"https:\/\/shop.bjerring-sales.dk\/wp-content\/uploads\/2024\/09\/Easy_160x70_WhiteLegs_WhiteTop.jpg\",\"contentUrl\":\"https:\/\/shop.bjerring-sales.dk\/wp-content\/uploads\/2024\/09\/Easy_160x70_WhiteLegs_WhiteTop.jpg\",\"width\":800,\"height\":800},{\"@type\":\"BreadcrumbList\",\"@id\":\"https:\/\/shop.bjerring-sales.dk\/product\/easy-hoj-sankbart-skrivbord\/#breadcrumb\",\"itemListElement\":[{\"@type\":\"ListItem\",\"position\":1,\"name\":\"Hem\",\"item\":\"https:\/\/shop.bjerring-sales.dk\/\"},{\"@type\":\"ListItem\",\"position\":2,\"name\":\"Webbutik\",\"item\":\"https:\/\/shop.bjerring-sales.dk\/butik\/\"},{\"@type\":\"ListItem\",\"position\":3,\"name\":\"EASY &#8211; H\u00f6j &amp; s\u00e4nkbart enmotorigt skrivbord\"}]},{\"@type\":\"WebSite\",\"@id\":\"https:\/\/shop.bjerring-sales.dk\/#website\",\"url\":\"https:\/\/shop.bjerring-sales.dk\/\",\"name\":\"Bjerring-Sales\",\"description\":\"M\u00f6bler f\u00f6r teatrar, skolor, kontor och k\u00f6pcentrum\",\"publisher\":{\"@id\":\"https:\/\/shop.bjerring-sales.dk\/#organization\"},\"potentialAction\":[{\"@type\":\"SearchAction\",\"target\":{\"@type\":\"EntryPoint\",\"urlTemplate\":\"https:\/\/shop.bjerring-sales.dk\/?s={search_term_string}\"},\"query-input\":{\"@type\":\"PropertyValueSpecification\",\"valueRequired\":true,\"valueName\":\"search_term_string\"}}],\"inLanguage\":\"da-DK\"},{\"@type\":\"Organization\",\"@id\":\"https:\/\/shop.bjerring-sales.dk\/#organization\",\"name\":\"Bjerring-Sales\",\"url\":\"https:\/\/shop.bjerring-sales.dk\/\",\"logo\":{\"@type\":\"ImageObject\",\"inLanguage\":\"da-DK\",\"@id\":\"https:\/\/shop.bjerring-sales.dk\/#\/schema\/logo\/image\/\",\"url\":\"https:\/\/shop.bjerring-sales.dk\/wp-content\/uploads\/2023\/01\/logo_sv.png\",\"contentUrl\":\"https:\/\/shop.bjerring-sales.dk\/wp-content\/uploads\/2023\/01\/logo_sv.png\",\"width\":195,\"height\":68,\"caption\":\"Bjerring-Sales\"},\"image\":{\"@id\":\"https:\/\/shop.bjerring-sales.dk\/#\/schema\/logo\/image\/\"}}]}<\/script>\n<!-- \/ Yoast SEO plugin. -->","yoast_head_json":{"title":"EASY - H\u00f6j &amp; s\u00e4nkbart enmotorigt skrivbord - Bjerring-Sales","description":"Up & Down EASY \u00e4r v\u00e5ra prisv\u00e4rda h\u00f6j och s\u00e4nkbara skrivbord med 1 motor. Vi har \u00e4ven skrivbord med 2 motorer och med vev beroende p\u00e5 \u00e4ndam\u00e5l.","robots":{"index":"index","follow":"follow","max-snippet":"max-snippet:-1","max-image-preview":"max-image-preview:large","max-video-preview":"max-video-preview:-1"},"canonical":"https:\/\/shop.bjerring-sales.dk\/da\/product\/easy-hoj-sankbart-skrivbord\/","og_locale":"da_DK","og_type":"article","og_title":"EASY - H\u00f6j &amp; s\u00e4nkbart enmotorigt skrivbord - Bjerring-Sales","og_description":"Up & Down EASY \u00e4r v\u00e5ra prisv\u00e4rda h\u00f6j och s\u00e4nkbara skrivbord med 1 motor. Vi har \u00e4ven skrivbord med 2 motorer och med vev beroende p\u00e5 \u00e4ndam\u00e5l.","og_url":"https:\/\/shop.bjerring-sales.dk\/da\/product\/easy-hoj-sankbart-skrivbord\/","og_site_name":"Bjerring-Sales","article_modified_time":"2026-04-16T07:00:42+00:00","og_image":[{"width":800,"height":800,"url":"https:\/\/shop.bjerring-sales.dk\/wp-content\/uploads\/2024\/09\/Easy_160x70_WhiteLegs_WhiteTop.jpg","type":"image\/jpeg"}],"twitter_card":"summary_large_image","twitter_misc":{"Estimeret l\u00e6setid":"3 minutter"},"schema":{"@context":"https:\/\/schema.org","@graph":[{"@type":"WebPage","@id":"https:\/\/shop.bjerring-sales.dk\/product\/easy-hoj-sankbart-skrivbord\/","url":"https:\/\/shop.bjerring-sales.dk\/product\/easy-hoj-sankbart-skrivbord\/","name":"EASY - H\u00f6j &amp; s\u00e4nkbart enmotorigt skrivbord - Bjerring-Sales","isPartOf":{"@id":"https:\/\/shop.bjerring-sales.dk\/#website"},"primaryImageOfPage":{"@id":"https:\/\/shop.bjerring-sales.dk\/product\/easy-hoj-sankbart-skrivbord\/#primaryimage"},"image":{"@id":"https:\/\/shop.bjerring-sales.dk\/product\/easy-hoj-sankbart-skrivbord\/#primaryimage"},"thumbnailUrl":"https:\/\/shop.bjerring-sales.dk\/wp-content\/uploads\/2024\/09\/Easy_160x70_WhiteLegs_WhiteTop.jpg","datePublished":"2022-07-05T12:52:22+00:00","dateModified":"2026-04-16T07:00:42+00:00","description":"Up & Down EASY \u00e4r v\u00e5ra prisv\u00e4rda h\u00f6j och s\u00e4nkbara skrivbord med 1 motor. Vi har \u00e4ven skrivbord med 2 motorer och med vev beroende p\u00e5 \u00e4ndam\u00e5l.","breadcrumb":{"@id":"https:\/\/shop.bjerring-sales.dk\/product\/easy-hoj-sankbart-skrivbord\/#breadcrumb"},"inLanguage":"da-DK","potentialAction":[{"@type":"ReadAction","target":["https:\/\/shop.bjerring-sales.dk\/product\/easy-hoj-sankbart-skrivbord\/"]}]},{"@type":"ImageObject","inLanguage":"da-DK","@id":"https:\/\/shop.bjerring-sales.dk\/product\/easy-hoj-sankbart-skrivbord\/#primaryimage","url":"https:\/\/shop.bjerring-sales.dk\/wp-content\/uploads\/2024\/09\/Easy_160x70_WhiteLegs_WhiteTop.jpg","contentUrl":"https:\/\/shop.bjerring-sales.dk\/wp-content\/uploads\/2024\/09\/Easy_160x70_WhiteLegs_WhiteTop.jpg","width":800,"height":800},{"@type":"BreadcrumbList","@id":"https:\/\/shop.bjerring-sales.dk\/product\/easy-hoj-sankbart-skrivbord\/#breadcrumb","itemListElement":[{"@type":"ListItem","position":1,"name":"Hem","item":"https:\/\/shop.bjerring-sales.dk\/"},{"@type":"ListItem","position":2,"name":"Webbutik","item":"https:\/\/shop.bjerring-sales.dk\/butik\/"},{"@type":"ListItem","position":3,"name":"EASY &#8211; H\u00f6j &amp; s\u00e4nkbart enmotorigt skrivbord"}]},{"@type":"WebSite","@id":"https:\/\/shop.bjerring-sales.dk\/#website","url":"https:\/\/shop.bjerring-sales.dk\/","name":"Bjerring-Salg","description":"M\u00f8bler til teatre, skoler, kontorer og indk\u00f8bscentre","publisher":{"@id":"https:\/\/shop.bjerring-sales.dk\/#organization"},"potentialAction":[{"@type":"SearchAction","target":{"@type":"EntryPoint","urlTemplate":"https:\/\/shop.bjerring-sales.dk\/?s={search_term_string}"},"query-input":{"@type":"PropertyValueSpecification","valueRequired":true,"valueName":"search_term_string"}}],"inLanguage":"da-DK"},{"@type":"Organization","@id":"https:\/\/shop.bjerring-sales.dk\/#organization","name":"Bjerring-Salg","url":"https:\/\/shop.bjerring-sales.dk\/","logo":{"@type":"ImageObject","inLanguage":"da-DK","@id":"https:\/\/shop.bjerring-sales.dk\/#\/schema\/logo\/image\/","url":"https:\/\/shop.bjerring-sales.dk\/wp-content\/uploads\/2023\/01\/logo_sv.png","contentUrl":"https:\/\/shop.bjerring-sales.dk\/wp-content\/uploads\/2023\/01\/logo_sv.png","width":195,"height":68,"caption":"Bjerring-Sales"},"image":{"@id":"https:\/\/shop.bjerring-sales.dk\/#\/schema\/logo\/image\/"}}]}},"_links":{"self":[{"href":"https:\/\/shop.bjerring-sales.dk\/da\/wp-json\/wp\/v2\/product\/57177","targetHints":{"allow":["GET"]}}],"collection":[{"href":"https:\/\/shop.bjerring-sales.dk\/da\/wp-json\/wp\/v2\/product"}],"about":[{"href":"https:\/\/shop.bjerring-sales.dk\/da\/wp-json\/wp\/v2\/types\/product"}],"wp:featuredmedia":[{"embeddable":true,"href":"https:\/\/shop.bjerring-sales.dk\/da\/wp-json\/wp\/v2\/media\/98701"}],"wp:attachment":[{"href":"https:\/\/shop.bjerring-sales.dk\/da\/wp-json\/wp\/v2\/media?parent=57177"}],"wp:term":[{"taxonomy":"product_brand","embeddable":true,"href":"https:\/\/shop.bjerring-sales.dk\/da\/wp-json\/wp\/v2\/product_brand?post=57177"},{"taxonomy":"product_cat","embeddable":true,"href":"https:\/\/shop.bjerring-sales.dk\/da\/wp-json\/wp\/v2\/product_cat?post=57177"},{"taxonomy":"product_tag","embeddable":true,"href":"https:\/\/shop.bjerring-sales.dk\/da\/wp-json\/wp\/v2\/product_tag?post=57177"}],"curies":[{"name":"wp","href":"https:\/\/api.w.org\/{rel}","templated":true}]}}