{"id":101760,"date":"2025-08-12T12:00:36","date_gmt":"2025-08-12T10:00:36","guid":{"rendered":"https:\/\/shop.bjerring-sales.dk\/sv\/produkt\/stol-med-tygsits-plastrygg-och-medar-choice\/"},"modified":"2026-03-16T13:06:28","modified_gmt":"2026-03-16T12:06:28","slug":"stol-med-tygsits-plastrygg-och-medar-choice","status":"publish","type":"product","link":"https:\/\/shop.bjerring-sales.dk\/da\/vare\/stol-med-tygsits-plastrygg-och-medar-choice\/","title":{"rendered":"Stol med stofs\u00e6de, plastikryg og glidere \u2013 Choice"},"content":{"rendered":"<div class=\"wpb-content-wrapper\"><div class=\"vc_row wpb_row vc_row-fluid\"><div class=\"wpb_column vc_column_container vc_col-sm-12\"><div class=\"vc_column-inner\"><div class=\"wpb_wrapper\">\n\t<div class=\"wpb_text_column wpb_content_element\" >\n\t\t<div class=\"wpb_wrapper\">\n\t\t\t<p><span style=\"font-size: 24pt;\">Stol med stofs\u00e6de, plastikryg og glidere - Choice-serien<br \/>\n<\/span>Choice-stolen er en stabelbar stol, der f\u00e5s i mange varianter. Her pr\u00e6senterer vi Choice med stofs\u00e6de, plastikryg og glidere. Stolen f\u00e5s i 60 varianter. Choice med stofs\u00e6de og plastikryg er den perfekte stol til konferencer, kontorer og kursuslokaler.<\/p>\n<p>Stolen f\u00e5s i mange variationer, hvor kun fantasien s\u00e6tter gr\u00e6nser. V\u00e6lg mellem at have samme farve p\u00e5 s\u00e6de\/ryg eller s\u00e6de\/ryg i forskellige farver. Dette skaber muligheder for indretningsarkitekter, der \u00f8nsker at indrette med m\u00f8bler, der f\u00f8lger en virksomheds grafiske profil, eller muligheden for at variere med forskellige farver omkring et bord eller i et konferencerum. Choice-stolen f\u00e5s ogs\u00e5 med plastiks\u00e6de\/ryg, eller hvis kunden foretr\u00e6kker et stofs\u00e6de og plastikryg eller omvendt. Choice f\u00e5s ogs\u00e5 som en praktisk skammel, der kan bruges ved siden af skrivebordet til kolleger, der \u00f8nsker at kunne s\u00e6tte sig hurtigt ned. Choice-stolen er unik med mange anvendelsesmuligheder, og dens design skaber en behagelig siddestilling, der forhindrer, at din ryg bliver tr\u00e6t.<\/p>\n\n\t\t<\/div>\n\t<\/div>\n<\/div><\/div><\/div><\/div><div class=\"vc_row wpb_row vc_row-fluid\"><div class=\"wpb_column vc_column_container vc_col-sm-4\"><div class=\"vc_column-inner\"><div class=\"wpb_wrapper\">\n\t<div  class=\"wpb_single_image wpb_content_element vc_align_center\">\n\t\t\n\t\t<figure class=\"wpb_wrapper vc_figure\">\n\t\t\t<div class=\"vc_single_image-wrapper vc_box_shadow_border  vc_box_border_grey\"><img loading=\"lazy\" decoding=\"async\" width=\"800\" height=\"533\" src=\"https:\/\/shop.bjerring-sales.dk\/wp-content\/uploads\/2025\/08\/WhiteBack_LightGray-Fabric-Seat-03-1.jpg\" class=\"vc_single_image-img attachment-full\" alt=\"\" title=\"Hvid Ryg_Lysegr\u00e5-Stof-S\u00e6de-03 (1)\" srcset=\"https:\/\/shop.bjerring-sales.dk\/wp-content\/uploads\/2025\/08\/WhiteBack_LightGray-Fabric-Seat-03-1.jpg 800w, https:\/\/shop.bjerring-sales.dk\/wp-content\/uploads\/2025\/08\/WhiteBack_LightGray-Fabric-Seat-03-1-300x200.jpg 300w, https:\/\/shop.bjerring-sales.dk\/wp-content\/uploads\/2025\/08\/WhiteBack_LightGray-Fabric-Seat-03-1-768x512.jpg 768w, https:\/\/shop.bjerring-sales.dk\/wp-content\/uploads\/2025\/08\/WhiteBack_LightGray-Fabric-Seat-03-1-18x12.jpg 18w, https:\/\/shop.bjerring-sales.dk\/wp-content\/uploads\/2025\/08\/WhiteBack_LightGray-Fabric-Seat-03-1-600x400.jpg 600w, https:\/\/shop.bjerring-sales.dk\/wp-content\/uploads\/2025\/08\/WhiteBack_LightGray-Fabric-Seat-03-1-150x100.jpg 150w\" sizes=\"auto, (max-width: 800px) 100vw, 800px\" \/><\/div>\n\t\t<\/figure>\n\t<\/div>\n<\/div><\/div><\/div><div class=\"wpb_column vc_column_container vc_col-sm-4\"><div class=\"vc_column-inner\"><div class=\"wpb_wrapper\">\n\t<div  class=\"wpb_single_image wpb_content_element vc_align_center\">\n\t\t\n\t\t<figure class=\"wpb_wrapper vc_figure\">\n\t\t\t<div class=\"vc_single_image-wrapper vc_box_shadow_border  vc_box_border_grey\"><img loading=\"lazy\" decoding=\"async\" width=\"800\" height=\"533\" src=\"https:\/\/shop.bjerring-sales.dk\/wp-content\/uploads\/2025\/08\/WhiteBack_LightGray-Fabric-Seat-04.jpg\" class=\"vc_single_image-img attachment-full\" alt=\"\" title=\"Hvid Ryg_Lysegr\u00e5-Stof-S\u00e6de-04\" srcset=\"https:\/\/shop.bjerring-sales.dk\/wp-content\/uploads\/2025\/08\/WhiteBack_LightGray-Fabric-Seat-04.jpg 800w, https:\/\/shop.bjerring-sales.dk\/wp-content\/uploads\/2025\/08\/WhiteBack_LightGray-Fabric-Seat-04-300x200.jpg 300w, https:\/\/shop.bjerring-sales.dk\/wp-content\/uploads\/2025\/08\/WhiteBack_LightGray-Fabric-Seat-04-768x512.jpg 768w, https:\/\/shop.bjerring-sales.dk\/wp-content\/uploads\/2025\/08\/WhiteBack_LightGray-Fabric-Seat-04-18x12.jpg 18w, https:\/\/shop.bjerring-sales.dk\/wp-content\/uploads\/2025\/08\/WhiteBack_LightGray-Fabric-Seat-04-600x400.jpg 600w, https:\/\/shop.bjerring-sales.dk\/wp-content\/uploads\/2025\/08\/WhiteBack_LightGray-Fabric-Seat-04-150x100.jpg 150w\" sizes=\"auto, (max-width: 800px) 100vw, 800px\" \/><\/div>\n\t\t<\/figure>\n\t<\/div>\n<\/div><\/div><\/div><div class=\"wpb_column vc_column_container vc_col-sm-4\"><div class=\"vc_column-inner\"><div class=\"wpb_wrapper\">\n\t<div  class=\"wpb_single_image wpb_content_element vc_align_center\">\n\t\t\n\t\t<figure class=\"wpb_wrapper vc_figure\">\n\t\t\t<div class=\"vc_single_image-wrapper vc_box_shadow_border  vc_box_border_grey\"><img loading=\"lazy\" decoding=\"async\" width=\"800\" height=\"533\" src=\"https:\/\/shop.bjerring-sales.dk\/wp-content\/uploads\/2025\/08\/WhiteBack_LightGray-Fabric-Seat-05.jpg\" class=\"vc_single_image-img attachment-full\" alt=\"\" title=\"Hvid Ryg_Lysegr\u00e5-Stof-S\u00e6de-05\" srcset=\"https:\/\/shop.bjerring-sales.dk\/wp-content\/uploads\/2025\/08\/WhiteBack_LightGray-Fabric-Seat-05.jpg 800w, https:\/\/shop.bjerring-sales.dk\/wp-content\/uploads\/2025\/08\/WhiteBack_LightGray-Fabric-Seat-05-300x200.jpg 300w, https:\/\/shop.bjerring-sales.dk\/wp-content\/uploads\/2025\/08\/WhiteBack_LightGray-Fabric-Seat-05-768x512.jpg 768w, https:\/\/shop.bjerring-sales.dk\/wp-content\/uploads\/2025\/08\/WhiteBack_LightGray-Fabric-Seat-05-18x12.jpg 18w, https:\/\/shop.bjerring-sales.dk\/wp-content\/uploads\/2025\/08\/WhiteBack_LightGray-Fabric-Seat-05-600x400.jpg 600w, https:\/\/shop.bjerring-sales.dk\/wp-content\/uploads\/2025\/08\/WhiteBack_LightGray-Fabric-Seat-05-150x100.jpg 150w\" sizes=\"auto, (max-width: 800px) 100vw, 800px\" \/><\/div>\n\t\t<\/figure>\n\t<\/div>\n<\/div><\/div><\/div><\/div><div class=\"vc_row wpb_row vc_row-fluid\"><div class=\"wpb_column vc_column_container vc_col-sm-6\"><div class=\"vc_column-inner\"><div class=\"wpb_wrapper\">\n\t<div class=\"wpb_text_column wpb_content_element\" >\n\t\t<div class=\"wpb_wrapper\">\n\t\t\t<p><span style=\"font-size: 18pt;\">Farver<\/span><\/p>\n<ul>\n<li>Stoffet til s\u00e6det f\u00e5s i sort, bl\u00e5, lysegr\u00e5 og m\u00f8rkegr\u00e5<\/li>\n<li>Plastbagsiden f\u00e5s i sort, hvid, limegr\u00f8n, orange og m\u00f8rkegr\u00e5<\/li>\n<li>Stellet f\u00e5s i sort, hvid og s\u00f8lvgr\u00e5<\/li>\n<\/ul>\n<p><span style=\"font-size: 18pt;\">M\u00e5l<\/span><\/p>\n<ul>\n<li>H\u00f8jde: 800 mm<\/li>\n<li>Dybde: 550 mm<\/li>\n<li>Bredde ved bagben: 500 mm<\/li>\n<li>Bredde ved forben: 470 mm<\/li>\n<li>Rygh\u00f8jde fra s\u00e6det: 335 mm<\/li>\n<li>S\u00e6debredde: 460 mm<\/li>\n<li>S\u00e6dedybde: 450 mm<\/li>\n<li>S\u00e6deh\u00f8jde foran: 480 mm<\/li>\n<li>Siddeh\u00f8jde bagp\u00e5: 465 mm<\/li>\n<\/ul>\n\n\t\t<\/div>\n\t<\/div>\n<\/div><\/div><\/div><div class=\"wpb_column vc_column_container vc_col-sm-6\"><div class=\"vc_column-inner\"><div class=\"wpb_wrapper\">\n\t<div class=\"wpb_text_column wpb_content_element\" >\n\t\t<div class=\"wpb_wrapper\">\n\t\t\t<p><span style=\"font-size: 18pt;\">Specifikationer<\/span><\/p>\n<ul>\n<li>Stabelbar, max 8 i h\u00f8jden.<\/li>\n<li>50.000 Martindales<\/li>\n<\/ul>\n<p><span style=\"font-size: 18pt;\">MOQ<br \/>\n<\/span>4 stk.<\/p>\n<p><span style=\"font-size: 18pt;\">V\u00e6gt<br \/>\n<\/span>Choice stolen vejer 6,3 kg<\/p>\n<p><span style=\"font-size: 18pt;\">Garanti<br \/>\n<\/span>2 \u00e5r<\/p>\n\n\t\t<\/div>\n\t<\/div>\n<\/div><\/div><\/div><\/div><div class=\"vc_row wpb_row vc_row-fluid\"><div class=\"wpb_column vc_column_container vc_col-sm-4\"><div class=\"vc_column-inner\"><div class=\"wpb_wrapper\">\n\t<div  class=\"wpb_single_image wpb_content_element vc_align_center\">\n\t\t\n\t\t<figure class=\"wpb_wrapper vc_figure\">\n\t\t\t<div class=\"vc_single_image-wrapper vc_box_shadow_border  vc_box_border_grey\"><img loading=\"lazy\" decoding=\"async\" width=\"800\" height=\"533\" src=\"https:\/\/shop.bjerring-sales.dk\/wp-content\/uploads\/2025\/08\/WhiteBack_LightGray-Fabric-Seat-06.jpg\" class=\"vc_single_image-img attachment-full\" alt=\"\" title=\"Hvid Ryg_Lysegr\u00e5-Stof-S\u00e6de-06\" srcset=\"https:\/\/shop.bjerring-sales.dk\/wp-content\/uploads\/2025\/08\/WhiteBack_LightGray-Fabric-Seat-06.jpg 800w, https:\/\/shop.bjerring-sales.dk\/wp-content\/uploads\/2025\/08\/WhiteBack_LightGray-Fabric-Seat-06-300x200.jpg 300w, https:\/\/shop.bjerring-sales.dk\/wp-content\/uploads\/2025\/08\/WhiteBack_LightGray-Fabric-Seat-06-768x512.jpg 768w, https:\/\/shop.bjerring-sales.dk\/wp-content\/uploads\/2025\/08\/WhiteBack_LightGray-Fabric-Seat-06-18x12.jpg 18w, https:\/\/shop.bjerring-sales.dk\/wp-content\/uploads\/2025\/08\/WhiteBack_LightGray-Fabric-Seat-06-600x400.jpg 600w, https:\/\/shop.bjerring-sales.dk\/wp-content\/uploads\/2025\/08\/WhiteBack_LightGray-Fabric-Seat-06-150x100.jpg 150w\" sizes=\"auto, (max-width: 800px) 100vw, 800px\" \/><\/div>\n\t\t<\/figure>\n\t<\/div>\n<\/div><\/div><\/div><div class=\"wpb_column vc_column_container vc_col-sm-4\"><div class=\"vc_column-inner\"><div class=\"wpb_wrapper\">\n\t<div  class=\"wpb_single_image wpb_content_element vc_align_center\">\n\t\t\n\t\t<figure class=\"wpb_wrapper vc_figure\">\n\t\t\t<div class=\"vc_single_image-wrapper vc_box_shadow_border  vc_box_border_grey\"><img loading=\"lazy\" decoding=\"async\" width=\"800\" height=\"533\" src=\"https:\/\/shop.bjerring-sales.dk\/wp-content\/uploads\/2025\/08\/WhiteBack_LightGray-Fabric-Seat-08.jpg\" class=\"vc_single_image-img attachment-full\" alt=\"\" title=\"Hvid Ryg_Lysegr\u00e5-Stof-S\u00e6de-08\" srcset=\"https:\/\/shop.bjerring-sales.dk\/wp-content\/uploads\/2025\/08\/WhiteBack_LightGray-Fabric-Seat-08.jpg 800w, https:\/\/shop.bjerring-sales.dk\/wp-content\/uploads\/2025\/08\/WhiteBack_LightGray-Fabric-Seat-08-300x200.jpg 300w, https:\/\/shop.bjerring-sales.dk\/wp-content\/uploads\/2025\/08\/WhiteBack_LightGray-Fabric-Seat-08-768x512.jpg 768w, https:\/\/shop.bjerring-sales.dk\/wp-content\/uploads\/2025\/08\/WhiteBack_LightGray-Fabric-Seat-08-18x12.jpg 18w, https:\/\/shop.bjerring-sales.dk\/wp-content\/uploads\/2025\/08\/WhiteBack_LightGray-Fabric-Seat-08-600x400.jpg 600w, https:\/\/shop.bjerring-sales.dk\/wp-content\/uploads\/2025\/08\/WhiteBack_LightGray-Fabric-Seat-08-150x100.jpg 150w\" sizes=\"auto, (max-width: 800px) 100vw, 800px\" \/><\/div>\n\t\t<\/figure>\n\t<\/div>\n<\/div><\/div><\/div><div class=\"wpb_column vc_column_container vc_col-sm-4\"><div class=\"vc_column-inner\"><div class=\"wpb_wrapper\">\n\t<div  class=\"wpb_single_image wpb_content_element vc_align_center\">\n\t\t\n\t\t<figure class=\"wpb_wrapper vc_figure\">\n\t\t\t<div class=\"vc_single_image-wrapper vc_box_shadow_border  vc_box_border_grey\"><img loading=\"lazy\" decoding=\"async\" width=\"800\" height=\"533\" src=\"https:\/\/shop.bjerring-sales.dk\/wp-content\/uploads\/2025\/08\/WhiteBack_LightGray-Fabric-Seat-14.jpg\" class=\"vc_single_image-img attachment-full\" alt=\"\" title=\"Hvid Ryg_Lysegr\u00e5-Stof-S\u00e6de-14\" srcset=\"https:\/\/shop.bjerring-sales.dk\/wp-content\/uploads\/2025\/08\/WhiteBack_LightGray-Fabric-Seat-14.jpg 800w, https:\/\/shop.bjerring-sales.dk\/wp-content\/uploads\/2025\/08\/WhiteBack_LightGray-Fabric-Seat-14-300x200.jpg 300w, https:\/\/shop.bjerring-sales.dk\/wp-content\/uploads\/2025\/08\/WhiteBack_LightGray-Fabric-Seat-14-768x512.jpg 768w, https:\/\/shop.bjerring-sales.dk\/wp-content\/uploads\/2025\/08\/WhiteBack_LightGray-Fabric-Seat-14-18x12.jpg 18w, https:\/\/shop.bjerring-sales.dk\/wp-content\/uploads\/2025\/08\/WhiteBack_LightGray-Fabric-Seat-14-600x400.jpg 600w, https:\/\/shop.bjerring-sales.dk\/wp-content\/uploads\/2025\/08\/WhiteBack_LightGray-Fabric-Seat-14-150x100.jpg 150w\" sizes=\"auto, (max-width: 800px) 100vw, 800px\" \/><\/div>\n\t\t<\/figure>\n\t<\/div>\n<\/div><\/div><\/div><\/div>\n<\/div>","protected":false},"excerpt":{"rendered":"<p>Choice med stofs\u00e6de og plastikryg og -glidere er den perfekte stol til konferencer, kontorer og kursuslokaler. V\u00e6lg mellem samme farve p\u00e5 s\u00e6de og ryg eller s\u00e6de og ryg i forskellige farver. Dette skaber muligheder for indretningsarkitekter, der \u00f8nsker at indrette med m\u00f8bler, der f\u00f8lger en virksomheds grafiske profil. MOQ 4 stk.<\/p>","protected":false},"featured_media":101758,"template":"","meta":{"iawp_total_views":6},"product_brand":[],"product_cat":[5785,5825,6361,5848,5853],"product_tag":[5849,5850,5851,5852,5887,6047,6067,6068,6467],"class_list":{"0":"post-101760","1":"product","2":"type-product","3":"status-publish","4":"has-post-thumbnail","6":"product_cat-hemmakontor","7":"product_cat-stapelbara-stolar","8":"product_cat-choice","9":"product_cat-kladda-stolar","10":"product_cat-konferensstolar","11":"product_tag-konferensstol","12":"product_tag-stapelbar-stol","13":"product_tag-stol-med-tygsits","14":"product_tag-stol-med-kladsel","15":"product_tag-matsalsstol","16":"product_tag-choice-stolen","17":"product_tag-stilren-stol","18":"product_tag-bekvam-stol","19":"product_tag-stol-med-medar","21":"first","22":"instock","23":"taxable","24":"shipping-taxable","25":"purchasable","26":"product-type-variable"},"yoast_head":"<!-- This site is optimized with the Yoast SEO plugin v27.0 - https:\/\/yoast.com\/product\/yoast-seo-wordpress\/ -->\n<title>Stol med tygsits, plastrygg och medar - Choice - Bjerring-Sales<\/title>\n<meta name=\"description\" content=\"Choice med tygsits och plastrygg och medar \u00e4r den perfekta stolen f\u00f6r konferenser, kontor och utbildningsrum. V\u00e4lj mellan att ha samma f\u00e4rg p\u00e5 sits &amp; rygg eller sits &amp; rygg i olika f\u00e4rger.\" \/>\n<meta name=\"robots\" content=\"index, follow, max-snippet:-1, max-image-preview:large, max-video-preview:-1\" \/>\n<link rel=\"canonical\" href=\"https:\/\/shop.bjerring-sales.dk\/da\/product\/stol-med-tygsits-plastrygg-och-medar-choice\/\" \/>\n<meta property=\"og:locale\" content=\"da_DK\" \/>\n<meta property=\"og:type\" content=\"article\" \/>\n<meta property=\"og:title\" content=\"Stol med tygsits, plastrygg och medar \u2013 Choice serien\" \/>\n<meta property=\"og:description\" content=\"Choice med tygsits och plastrygg och medar \u00e4r den perfekta stolen f\u00f6r konferenser, kontor och utbildningsrum. V\u00e4lj mellan att ha samma f\u00e4rg p\u00e5 sits &amp; rygg eller sits &amp; rygg i olika f\u00e4rger.\" \/>\n<meta property=\"og:url\" content=\"https:\/\/shop.bjerring-sales.dk\/da\/product\/stol-med-tygsits-plastrygg-och-medar-choice\/\" \/>\n<meta property=\"og:site_name\" content=\"Bjerring-Sales\" \/>\n<meta property=\"article:modified_time\" content=\"2026-03-16T12:06:28+00:00\" \/>\n<meta property=\"og:image\" content=\"https:\/\/shop.bjerring-sales.dk\/wp-content\/uploads\/2025\/08\/WhiteBack_LightGray-Fabric-Seat-14.jpg\" \/>\n\t<meta property=\"og:image:width\" content=\"800\" \/>\n\t<meta property=\"og:image:height\" content=\"533\" \/>\n\t<meta property=\"og:image:type\" content=\"image\/jpeg\" \/>\n<meta name=\"twitter:card\" content=\"summary_large_image\" \/>\n<meta name=\"twitter:title\" content=\"Stol med tygsits, plastrygg och medar \u2013 Choice serien\" \/>\n<meta name=\"twitter:description\" content=\"Choice med tygsits och plastrygg och medar \u00e4r den perfekta stolen f\u00f6r konferenser, kontor och utbildningsrum. V\u00e4lj mellan att ha samma f\u00e4rg p\u00e5 sits &amp; rygg eller sits &amp; rygg i olika f\u00e4rger.\" \/>\n<meta name=\"twitter:image\" content=\"https:\/\/shop.bjerring-sales.dk\/wp-content\/uploads\/2025\/08\/WhiteBack_LightGray-Fabric-Seat-14.jpg\" \/>\n<meta name=\"twitter:label1\" content=\"Estimeret l\u00e6setid\" \/>\n\t<meta name=\"twitter:data1\" content=\"3 minutter\" \/>\n<script type=\"application\/ld+json\" class=\"yoast-schema-graph\">{\"@context\":\"https:\/\/schema.org\",\"@graph\":[{\"@type\":\"WebPage\",\"@id\":\"https:\/\/shop.bjerring-sales.dk\/product\/stol-med-tygsits-plastrygg-och-medar-choice\/\",\"url\":\"https:\/\/shop.bjerring-sales.dk\/product\/stol-med-tygsits-plastrygg-och-medar-choice\/\",\"name\":\"Stol med tygsits, plastrygg och medar - Choice - Bjerring-Sales\",\"isPartOf\":{\"@id\":\"https:\/\/shop.bjerring-sales.dk\/#website\"},\"primaryImageOfPage\":{\"@id\":\"https:\/\/shop.bjerring-sales.dk\/product\/stol-med-tygsits-plastrygg-och-medar-choice\/#primaryimage\"},\"image\":{\"@id\":\"https:\/\/shop.bjerring-sales.dk\/product\/stol-med-tygsits-plastrygg-och-medar-choice\/#primaryimage\"},\"thumbnailUrl\":\"https:\/\/shop.bjerring-sales.dk\/wp-content\/uploads\/2026\/03\/WhitePlastic_WhiteLegs_BlueSeat_chair5.jpg\",\"datePublished\":\"2025-08-12T10:00:36+00:00\",\"dateModified\":\"2026-03-16T12:06:28+00:00\",\"description\":\"Choice med tygsits och plastrygg och medar \u00e4r den perfekta stolen f\u00f6r konferenser, kontor och utbildningsrum. V\u00e4lj mellan att ha samma f\u00e4rg p\u00e5 sits & rygg eller sits & rygg i olika f\u00e4rger.\",\"breadcrumb\":{\"@id\":\"https:\/\/shop.bjerring-sales.dk\/product\/stol-med-tygsits-plastrygg-och-medar-choice\/#breadcrumb\"},\"inLanguage\":\"da-DK\",\"potentialAction\":[{\"@type\":\"ReadAction\",\"target\":[\"https:\/\/shop.bjerring-sales.dk\/product\/stol-med-tygsits-plastrygg-och-medar-choice\/\"]}]},{\"@type\":\"ImageObject\",\"inLanguage\":\"da-DK\",\"@id\":\"https:\/\/shop.bjerring-sales.dk\/product\/stol-med-tygsits-plastrygg-och-medar-choice\/#primaryimage\",\"url\":\"https:\/\/shop.bjerring-sales.dk\/wp-content\/uploads\/2026\/03\/WhitePlastic_WhiteLegs_BlueSeat_chair5.jpg\",\"contentUrl\":\"https:\/\/shop.bjerring-sales.dk\/wp-content\/uploads\/2026\/03\/WhitePlastic_WhiteLegs_BlueSeat_chair5.jpg\",\"width\":800,\"height\":800},{\"@type\":\"BreadcrumbList\",\"@id\":\"https:\/\/shop.bjerring-sales.dk\/product\/stol-med-tygsits-plastrygg-och-medar-choice\/#breadcrumb\",\"itemListElement\":[{\"@type\":\"ListItem\",\"position\":1,\"name\":\"Hem\",\"item\":\"https:\/\/shop.bjerring-sales.dk\/\"},{\"@type\":\"ListItem\",\"position\":2,\"name\":\"Webbutik\",\"item\":\"https:\/\/shop.bjerring-sales.dk\/butik\/\"},{\"@type\":\"ListItem\",\"position\":3,\"name\":\"Stol med tygsits, plastrygg och medar &#8211; Choice\"}]},{\"@type\":\"WebSite\",\"@id\":\"https:\/\/shop.bjerring-sales.dk\/#website\",\"url\":\"https:\/\/shop.bjerring-sales.dk\/\",\"name\":\"Bjerring-Sales\",\"description\":\"M\u00f6bler f\u00f6r teatrar, skolor, kontor och k\u00f6pcentrum\",\"publisher\":{\"@id\":\"https:\/\/shop.bjerring-sales.dk\/#organization\"},\"potentialAction\":[{\"@type\":\"SearchAction\",\"target\":{\"@type\":\"EntryPoint\",\"urlTemplate\":\"https:\/\/shop.bjerring-sales.dk\/?s={search_term_string}\"},\"query-input\":{\"@type\":\"PropertyValueSpecification\",\"valueRequired\":true,\"valueName\":\"search_term_string\"}}],\"inLanguage\":\"da-DK\"},{\"@type\":\"Organization\",\"@id\":\"https:\/\/shop.bjerring-sales.dk\/#organization\",\"name\":\"Bjerring-Sales\",\"url\":\"https:\/\/shop.bjerring-sales.dk\/\",\"logo\":{\"@type\":\"ImageObject\",\"inLanguage\":\"da-DK\",\"@id\":\"https:\/\/shop.bjerring-sales.dk\/#\/schema\/logo\/image\/\",\"url\":\"https:\/\/shop.bjerring-sales.dk\/wp-content\/uploads\/2023\/01\/logo_sv.png\",\"contentUrl\":\"https:\/\/shop.bjerring-sales.dk\/wp-content\/uploads\/2023\/01\/logo_sv.png\",\"width\":195,\"height\":68,\"caption\":\"Bjerring-Sales\"},\"image\":{\"@id\":\"https:\/\/shop.bjerring-sales.dk\/#\/schema\/logo\/image\/\"}}]}<\/script>\n<!-- \/ Yoast SEO plugin. -->","yoast_head_json":{"title":"Stol med tygsits, plastrygg och medar - Choice - Bjerring-Sales","description":"Choice med tygsits och plastrygg och medar \u00e4r den perfekta stolen f\u00f6r konferenser, kontor och utbildningsrum. V\u00e4lj mellan att ha samma f\u00e4rg p\u00e5 sits & rygg eller sits & rygg i olika f\u00e4rger.","robots":{"index":"index","follow":"follow","max-snippet":"max-snippet:-1","max-image-preview":"max-image-preview:large","max-video-preview":"max-video-preview:-1"},"canonical":"https:\/\/shop.bjerring-sales.dk\/da\/product\/stol-med-tygsits-plastrygg-och-medar-choice\/","og_locale":"da_DK","og_type":"article","og_title":"Stol med tygsits, plastrygg och medar \u2013 Choice serien","og_description":"Choice med tygsits och plastrygg och medar \u00e4r den perfekta stolen f\u00f6r konferenser, kontor och utbildningsrum. V\u00e4lj mellan att ha samma f\u00e4rg p\u00e5 sits & rygg eller sits & rygg i olika f\u00e4rger.","og_url":"https:\/\/shop.bjerring-sales.dk\/da\/product\/stol-med-tygsits-plastrygg-och-medar-choice\/","og_site_name":"Bjerring-Sales","article_modified_time":"2026-03-16T12:06:28+00:00","og_image":[{"width":800,"height":533,"url":"https:\/\/shop.bjerring-sales.dk\/wp-content\/uploads\/2025\/08\/WhiteBack_LightGray-Fabric-Seat-14.jpg","type":"image\/jpeg"}],"twitter_card":"summary_large_image","twitter_title":"Stol med tygsits, plastrygg och medar \u2013 Choice serien","twitter_description":"Choice med tygsits och plastrygg och medar \u00e4r den perfekta stolen f\u00f6r konferenser, kontor och utbildningsrum. V\u00e4lj mellan att ha samma f\u00e4rg p\u00e5 sits & rygg eller sits & rygg i olika f\u00e4rger.","twitter_image":"https:\/\/shop.bjerring-sales.dk\/wp-content\/uploads\/2025\/08\/WhiteBack_LightGray-Fabric-Seat-14.jpg","twitter_misc":{"Estimeret l\u00e6setid":"3 minutter"},"schema":{"@context":"https:\/\/schema.org","@graph":[{"@type":"WebPage","@id":"https:\/\/shop.bjerring-sales.dk\/product\/stol-med-tygsits-plastrygg-och-medar-choice\/","url":"https:\/\/shop.bjerring-sales.dk\/product\/stol-med-tygsits-plastrygg-och-medar-choice\/","name":"Stol med tygsits, plastrygg och medar - Choice - Bjerring-Sales","isPartOf":{"@id":"https:\/\/shop.bjerring-sales.dk\/#website"},"primaryImageOfPage":{"@id":"https:\/\/shop.bjerring-sales.dk\/product\/stol-med-tygsits-plastrygg-och-medar-choice\/#primaryimage"},"image":{"@id":"https:\/\/shop.bjerring-sales.dk\/product\/stol-med-tygsits-plastrygg-och-medar-choice\/#primaryimage"},"thumbnailUrl":"https:\/\/shop.bjerring-sales.dk\/wp-content\/uploads\/2026\/03\/WhitePlastic_WhiteLegs_BlueSeat_chair5.jpg","datePublished":"2025-08-12T10:00:36+00:00","dateModified":"2026-03-16T12:06:28+00:00","description":"Choice med tygsits och plastrygg och medar \u00e4r den perfekta stolen f\u00f6r konferenser, kontor och utbildningsrum. V\u00e4lj mellan att ha samma f\u00e4rg p\u00e5 sits & rygg eller sits & rygg i olika f\u00e4rger.","breadcrumb":{"@id":"https:\/\/shop.bjerring-sales.dk\/product\/stol-med-tygsits-plastrygg-och-medar-choice\/#breadcrumb"},"inLanguage":"da-DK","potentialAction":[{"@type":"ReadAction","target":["https:\/\/shop.bjerring-sales.dk\/product\/stol-med-tygsits-plastrygg-och-medar-choice\/"]}]},{"@type":"ImageObject","inLanguage":"da-DK","@id":"https:\/\/shop.bjerring-sales.dk\/product\/stol-med-tygsits-plastrygg-och-medar-choice\/#primaryimage","url":"https:\/\/shop.bjerring-sales.dk\/wp-content\/uploads\/2026\/03\/WhitePlastic_WhiteLegs_BlueSeat_chair5.jpg","contentUrl":"https:\/\/shop.bjerring-sales.dk\/wp-content\/uploads\/2026\/03\/WhitePlastic_WhiteLegs_BlueSeat_chair5.jpg","width":800,"height":800},{"@type":"BreadcrumbList","@id":"https:\/\/shop.bjerring-sales.dk\/product\/stol-med-tygsits-plastrygg-och-medar-choice\/#breadcrumb","itemListElement":[{"@type":"ListItem","position":1,"name":"Hem","item":"https:\/\/shop.bjerring-sales.dk\/"},{"@type":"ListItem","position":2,"name":"Webbutik","item":"https:\/\/shop.bjerring-sales.dk\/butik\/"},{"@type":"ListItem","position":3,"name":"Stol med tygsits, plastrygg och medar &#8211; Choice"}]},{"@type":"WebSite","@id":"https:\/\/shop.bjerring-sales.dk\/#website","url":"https:\/\/shop.bjerring-sales.dk\/","name":"Bjerring-Salg","description":"M\u00f8bler til teatre, skoler, kontorer og indk\u00f8bscentre","publisher":{"@id":"https:\/\/shop.bjerring-sales.dk\/#organization"},"potentialAction":[{"@type":"SearchAction","target":{"@type":"EntryPoint","urlTemplate":"https:\/\/shop.bjerring-sales.dk\/?s={search_term_string}"},"query-input":{"@type":"PropertyValueSpecification","valueRequired":true,"valueName":"search_term_string"}}],"inLanguage":"da-DK"},{"@type":"Organization","@id":"https:\/\/shop.bjerring-sales.dk\/#organization","name":"Bjerring-Salg","url":"https:\/\/shop.bjerring-sales.dk\/","logo":{"@type":"ImageObject","inLanguage":"da-DK","@id":"https:\/\/shop.bjerring-sales.dk\/#\/schema\/logo\/image\/","url":"https:\/\/shop.bjerring-sales.dk\/wp-content\/uploads\/2023\/01\/logo_sv.png","contentUrl":"https:\/\/shop.bjerring-sales.dk\/wp-content\/uploads\/2023\/01\/logo_sv.png","width":195,"height":68,"caption":"Bjerring-Sales"},"image":{"@id":"https:\/\/shop.bjerring-sales.dk\/#\/schema\/logo\/image\/"}}]}},"_links":{"self":[{"href":"https:\/\/shop.bjerring-sales.dk\/da\/wp-json\/wp\/v2\/product\/101760","targetHints":{"allow":["GET"]}}],"collection":[{"href":"https:\/\/shop.bjerring-sales.dk\/da\/wp-json\/wp\/v2\/product"}],"about":[{"href":"https:\/\/shop.bjerring-sales.dk\/da\/wp-json\/wp\/v2\/types\/product"}],"wp:featuredmedia":[{"embeddable":true,"href":"https:\/\/shop.bjerring-sales.dk\/da\/wp-json\/wp\/v2\/media\/101758"}],"wp:attachment":[{"href":"https:\/\/shop.bjerring-sales.dk\/da\/wp-json\/wp\/v2\/media?parent=101760"}],"wp:term":[{"taxonomy":"product_brand","embeddable":true,"href":"https:\/\/shop.bjerring-sales.dk\/da\/wp-json\/wp\/v2\/product_brand?post=101760"},{"taxonomy":"product_cat","embeddable":true,"href":"https:\/\/shop.bjerring-sales.dk\/da\/wp-json\/wp\/v2\/product_cat?post=101760"},{"taxonomy":"product_tag","embeddable":true,"href":"https:\/\/shop.bjerring-sales.dk\/da\/wp-json\/wp\/v2\/product_tag?post=101760"}],"curies":[{"name":"wp","href":"https:\/\/api.w.org\/{rel}","templated":true}]}}