{"id":101391,"date":"2025-08-12T15:19:02","date_gmt":"2025-08-12T13:19:02","guid":{"rendered":"https:\/\/shop.bjerring-sales.dk\/sv\/produkt\/stol-med-medar-och-armstod-tygsits-och-plastrygg-choice\/"},"modified":"2026-03-16T10:53:50","modified_gmt":"2026-03-16T09:53:50","slug":"stol-med-medar-och-armstod-tygsits-och-plastrygg-choice","status":"publish","type":"product","link":"https:\/\/shop.bjerring-sales.dk\/da\/vare\/stol-med-medar-och-armstod-tygsits-och-plastrygg-choice\/","title":{"rendered":"Stol med glidere og arml\u00e6n, stofs\u00e6de og plastikryg - Choice"},"content":{"rendered":"<div class=\"wpb-content-wrapper\"><div class=\"vc_row wpb_row vc_row-fluid\"><div class=\"wpb_column vc_column_container vc_col-sm-12\"><div class=\"vc_column-inner\"><div class=\"wpb_wrapper\">\n\t<div class=\"wpb_text_column wpb_content_element\" >\n\t\t<div class=\"wpb_wrapper\">\n\t\t\t<p><span style=\"font-size: 24pt;\">Stol med armst\u00f6d, tygsits, plastrygg &amp; medar \u2013 Choice serien<br \/>\n<\/span>Choice stolen med armst\u00f6d \u00e4r en stapelbar stol som lagerh\u00e5lls i v\u00e4ldigt m\u00e5nga variationer. H\u00e4r presenterar vi Choice med tygsits, plastrygg och medar. Stolen lagerh\u00e5lls i 60 varianter.<\/p>\n<p>Choice med arml\u00e6n, stofs\u00e6de og plastikryg er den perfekte stol til konferencer, kontorer og undervisningslokaler. Stolen f\u00e5s i mange varianter, hvor kun fantasien s\u00e6tter gr\u00e6nser. V\u00e6lg mellem at have samme farve s\u00e6de\/ryg eller s\u00e6de\/ryg i forskellige farver. Dette skaber muligheder for dekorat\u00f8rer, der \u00f8nsker at indrette med m\u00f8bler, der f\u00f8lger en virksomheds grafiske profil, eller mulighed for at kunne variere med forskellige farver omkring et bord eller i et konferencelokale. Choice stolen f\u00e5s ogs\u00e5 med s\u00e6de\/ryg i plast eller hvis kunden foretr\u00e6kker et s\u00e6de i stof og ryg i plast eller omvendt. Choice lagerf\u00f8res ogs\u00e5 som en praktisk balancestol, der kan bruges ved siden af skrivebordet til kolleger, der gerne vil kunne s\u00e6tte sig hurtigt ned. Choice stolen er unik med mange anvendelsesomr\u00e5der og dens design skaber en behagelig siddestilling, der forhindrer din ryg i at blive tr\u00e6t.<\/p>\n\n\t\t<\/div>\n\t<\/div>\n<\/div><\/div><\/div><\/div><div class=\"vc_row wpb_row vc_row-fluid\"><div class=\"wpb_column vc_column_container vc_col-sm-4\"><div class=\"vc_column-inner\"><div class=\"wpb_wrapper\">\n\t<div  class=\"wpb_single_image wpb_content_element vc_align_center\">\n\t\t\n\t\t<figure class=\"wpb_wrapper vc_figure\">\n\t\t\t<div class=\"vc_single_image-wrapper vc_box_shadow_border  vc_box_border_grey\"><img loading=\"lazy\" decoding=\"async\" width=\"1920\" height=\"1280\" src=\"https:\/\/shop.bjerring-sales.dk\/wp-content\/uploads\/2025\/08\/PlasticDarkGrayBack_BlackSeat-14.jpg\" class=\"vc_single_image-img attachment-full\" alt=\"\" title=\"PlasticDarkGrayBack_BlackSeat-14\" srcset=\"https:\/\/shop.bjerring-sales.dk\/wp-content\/uploads\/2025\/08\/PlasticDarkGrayBack_BlackSeat-14.jpg 1920w, https:\/\/shop.bjerring-sales.dk\/wp-content\/uploads\/2025\/08\/PlasticDarkGrayBack_BlackSeat-14-300x200.jpg 300w, https:\/\/shop.bjerring-sales.dk\/wp-content\/uploads\/2025\/08\/PlasticDarkGrayBack_BlackSeat-14-1024x683.jpg 1024w, https:\/\/shop.bjerring-sales.dk\/wp-content\/uploads\/2025\/08\/PlasticDarkGrayBack_BlackSeat-14-768x512.jpg 768w, https:\/\/shop.bjerring-sales.dk\/wp-content\/uploads\/2025\/08\/PlasticDarkGrayBack_BlackSeat-14-1536x1024.jpg 1536w, https:\/\/shop.bjerring-sales.dk\/wp-content\/uploads\/2025\/08\/PlasticDarkGrayBack_BlackSeat-14-18x12.jpg 18w, https:\/\/shop.bjerring-sales.dk\/wp-content\/uploads\/2025\/08\/PlasticDarkGrayBack_BlackSeat-14-600x400.jpg 600w, https:\/\/shop.bjerring-sales.dk\/wp-content\/uploads\/2025\/08\/PlasticDarkGrayBack_BlackSeat-14-150x100.jpg 150w\" sizes=\"auto, (max-width: 1920px) 100vw, 1920px\" \/><\/div>\n\t\t<\/figure>\n\t<\/div>\n<\/div><\/div><\/div><div class=\"wpb_column vc_column_container vc_col-sm-4\"><div class=\"vc_column-inner\"><div class=\"wpb_wrapper\">\n\t<div  class=\"wpb_single_image wpb_content_element vc_align_center\">\n\t\t\n\t\t<figure class=\"wpb_wrapper vc_figure\">\n\t\t\t<div class=\"vc_single_image-wrapper vc_box_shadow_border  vc_box_border_grey\"><img loading=\"lazy\" decoding=\"async\" width=\"800\" height=\"533\" src=\"https:\/\/shop.bjerring-sales.dk\/wp-content\/uploads\/2025\/08\/PlasticDarkGrayBack_BlackSeat-10.jpg\" class=\"vc_single_image-img attachment-full\" alt=\"\" title=\"PlasticDarkGrayBack_BlackSeat-10\" srcset=\"https:\/\/shop.bjerring-sales.dk\/wp-content\/uploads\/2025\/08\/PlasticDarkGrayBack_BlackSeat-10.jpg 800w, https:\/\/shop.bjerring-sales.dk\/wp-content\/uploads\/2025\/08\/PlasticDarkGrayBack_BlackSeat-10-300x200.jpg 300w, https:\/\/shop.bjerring-sales.dk\/wp-content\/uploads\/2025\/08\/PlasticDarkGrayBack_BlackSeat-10-768x512.jpg 768w, https:\/\/shop.bjerring-sales.dk\/wp-content\/uploads\/2025\/08\/PlasticDarkGrayBack_BlackSeat-10-18x12.jpg 18w, https:\/\/shop.bjerring-sales.dk\/wp-content\/uploads\/2025\/08\/PlasticDarkGrayBack_BlackSeat-10-600x400.jpg 600w, https:\/\/shop.bjerring-sales.dk\/wp-content\/uploads\/2025\/08\/PlasticDarkGrayBack_BlackSeat-10-150x100.jpg 150w\" sizes=\"auto, (max-width: 800px) 100vw, 800px\" \/><\/div>\n\t\t<\/figure>\n\t<\/div>\n<\/div><\/div><\/div><div class=\"wpb_column vc_column_container vc_col-sm-4\"><div class=\"vc_column-inner\"><div class=\"wpb_wrapper\">\n\t<div  class=\"wpb_single_image wpb_content_element vc_align_center\">\n\t\t\n\t\t<figure class=\"wpb_wrapper vc_figure\">\n\t\t\t<div class=\"vc_single_image-wrapper vc_box_shadow_border  vc_box_border_grey\"><img loading=\"lazy\" decoding=\"async\" width=\"800\" height=\"533\" src=\"https:\/\/shop.bjerring-sales.dk\/wp-content\/uploads\/2025\/08\/PlasticDarkGrayBack_BlackSeat-05.jpg\" class=\"vc_single_image-img attachment-full\" alt=\"\" title=\"PlasticDarkGrayBack_BlackSeat-05\" srcset=\"https:\/\/shop.bjerring-sales.dk\/wp-content\/uploads\/2025\/08\/PlasticDarkGrayBack_BlackSeat-05.jpg 800w, https:\/\/shop.bjerring-sales.dk\/wp-content\/uploads\/2025\/08\/PlasticDarkGrayBack_BlackSeat-05-300x200.jpg 300w, https:\/\/shop.bjerring-sales.dk\/wp-content\/uploads\/2025\/08\/PlasticDarkGrayBack_BlackSeat-05-768x512.jpg 768w, https:\/\/shop.bjerring-sales.dk\/wp-content\/uploads\/2025\/08\/PlasticDarkGrayBack_BlackSeat-05-18x12.jpg 18w, https:\/\/shop.bjerring-sales.dk\/wp-content\/uploads\/2025\/08\/PlasticDarkGrayBack_BlackSeat-05-600x400.jpg 600w, https:\/\/shop.bjerring-sales.dk\/wp-content\/uploads\/2025\/08\/PlasticDarkGrayBack_BlackSeat-05-150x100.jpg 150w\" sizes=\"auto, (max-width: 800px) 100vw, 800px\" \/><\/div>\n\t\t<\/figure>\n\t<\/div>\n<\/div><\/div><\/div><\/div><div class=\"vc_row wpb_row vc_row-fluid\"><div class=\"wpb_column vc_column_container vc_col-sm-6\"><div class=\"vc_column-inner\"><div class=\"wpb_wrapper\">\n\t<div class=\"wpb_text_column wpb_content_element\" >\n\t\t<div class=\"wpb_wrapper\">\n\t\t\t<p><span style=\"font-size: 18pt;\">Farver<\/span><\/p>\n<ul>\n<li>Stoffet til s\u00e6det f\u00e5s i sort, bl\u00e5, lysegr\u00e5 og m\u00f8rkegr\u00e5<\/li>\n<li>Plastbagsiden f\u00e5s i sort, hvid, limegr\u00f8n, orange og m\u00f8rkegr\u00e5<\/li>\n<li>Stellet f\u00e5s i sort, hvid og s\u00f8lvgr\u00e5<\/li>\n<\/ul>\n<p><span style=\"font-size: 18pt;\">M\u00e5l<\/span><\/p>\n<ul>\n<li>H\u00f8jde: 800 mm<\/li>\n<li>Dybde: 550 mm<\/li>\n<li>Bredde ved bagben: 500 mm<\/li>\n<li>Bredde ved forben: 470 mm<\/li>\n<li>Rygh\u00f8jde fra s\u00e6det: 335 mm<\/li>\n<li>S\u00e6debredde: 460 mm<\/li>\n<li>S\u00e6dedybde: 450 mm<\/li>\n<li>S\u00e6deh\u00f8jde foran: 480 mm<\/li>\n<li>Siddeh\u00f8jde bagp\u00e5: 465 mm<\/li>\n<\/ul>\n\n\t\t<\/div>\n\t<\/div>\n<\/div><\/div><\/div><div class=\"wpb_column vc_column_container vc_col-sm-6\"><div class=\"vc_column-inner\"><div class=\"wpb_wrapper\">\n\t<div class=\"wpb_text_column wpb_content_element\" >\n\t\t<div class=\"wpb_wrapper\">\n\t\t\t<p><span style=\"font-size: 18pt;\">Specifikationer<\/span><\/p>\n<ul>\n<li>Stabelbar, max 8 i h\u00f8jden.<\/li>\n<li>50.000 Martindales<\/li>\n<\/ul>\n<p><span style=\"font-size: 18pt;\">V\u00e6gt<br \/>\n<\/span>Choice stolen vejer 7,65 kg<\/p>\n<p><span style=\"font-size: 18pt;\">Garanti<br \/>\n<\/span>2 \u00e5r<\/p>\n\n\t\t<\/div>\n\t<\/div>\n<\/div><\/div><\/div><\/div><div class=\"vc_row wpb_row vc_row-fluid\"><div class=\"wpb_column vc_column_container vc_col-sm-4\"><div class=\"vc_column-inner\"><div class=\"wpb_wrapper\">\n\t<div  class=\"wpb_single_image wpb_content_element vc_align_center\">\n\t\t\n\t\t<figure class=\"wpb_wrapper vc_figure\">\n\t\t\t<div class=\"vc_single_image-wrapper vc_box_shadow_border  vc_box_border_grey\"><img loading=\"lazy\" decoding=\"async\" width=\"800\" height=\"533\" src=\"https:\/\/shop.bjerring-sales.dk\/wp-content\/uploads\/2025\/08\/PlasticDarkGrayBack_BlackSeat-04.jpg\" class=\"vc_single_image-img attachment-full\" alt=\"\" title=\"PlasticDarkGrayBack_BlackSeat-04\" srcset=\"https:\/\/shop.bjerring-sales.dk\/wp-content\/uploads\/2025\/08\/PlasticDarkGrayBack_BlackSeat-04.jpg 800w, https:\/\/shop.bjerring-sales.dk\/wp-content\/uploads\/2025\/08\/PlasticDarkGrayBack_BlackSeat-04-300x200.jpg 300w, https:\/\/shop.bjerring-sales.dk\/wp-content\/uploads\/2025\/08\/PlasticDarkGrayBack_BlackSeat-04-768x512.jpg 768w, https:\/\/shop.bjerring-sales.dk\/wp-content\/uploads\/2025\/08\/PlasticDarkGrayBack_BlackSeat-04-18x12.jpg 18w, https:\/\/shop.bjerring-sales.dk\/wp-content\/uploads\/2025\/08\/PlasticDarkGrayBack_BlackSeat-04-600x400.jpg 600w, https:\/\/shop.bjerring-sales.dk\/wp-content\/uploads\/2025\/08\/PlasticDarkGrayBack_BlackSeat-04-150x100.jpg 150w\" sizes=\"auto, (max-width: 800px) 100vw, 800px\" \/><\/div>\n\t\t<\/figure>\n\t<\/div>\n<\/div><\/div><\/div><div class=\"wpb_column vc_column_container vc_col-sm-4\"><div class=\"vc_column-inner\"><div class=\"wpb_wrapper\">\n\t<div  class=\"wpb_single_image wpb_content_element vc_align_center\">\n\t\t\n\t\t<figure class=\"wpb_wrapper vc_figure\">\n\t\t\t<div class=\"vc_single_image-wrapper vc_box_shadow_border  vc_box_border_grey\"><img loading=\"lazy\" decoding=\"async\" width=\"1920\" height=\"1280\" src=\"https:\/\/shop.bjerring-sales.dk\/wp-content\/uploads\/2025\/08\/PlasticDarkGrayBack_BlackSeat-03.jpg\" class=\"vc_single_image-img attachment-full\" alt=\"\" title=\"PlasticDarkGrayBack_BlackSeat-03\" srcset=\"https:\/\/shop.bjerring-sales.dk\/wp-content\/uploads\/2025\/08\/PlasticDarkGrayBack_BlackSeat-03.jpg 1920w, https:\/\/shop.bjerring-sales.dk\/wp-content\/uploads\/2025\/08\/PlasticDarkGrayBack_BlackSeat-03-300x200.jpg 300w, https:\/\/shop.bjerring-sales.dk\/wp-content\/uploads\/2025\/08\/PlasticDarkGrayBack_BlackSeat-03-1024x683.jpg 1024w, https:\/\/shop.bjerring-sales.dk\/wp-content\/uploads\/2025\/08\/PlasticDarkGrayBack_BlackSeat-03-768x512.jpg 768w, https:\/\/shop.bjerring-sales.dk\/wp-content\/uploads\/2025\/08\/PlasticDarkGrayBack_BlackSeat-03-1536x1024.jpg 1536w, https:\/\/shop.bjerring-sales.dk\/wp-content\/uploads\/2025\/08\/PlasticDarkGrayBack_BlackSeat-03-18x12.jpg 18w, https:\/\/shop.bjerring-sales.dk\/wp-content\/uploads\/2025\/08\/PlasticDarkGrayBack_BlackSeat-03-600x400.jpg 600w, https:\/\/shop.bjerring-sales.dk\/wp-content\/uploads\/2025\/08\/PlasticDarkGrayBack_BlackSeat-03-150x100.jpg 150w\" sizes=\"auto, (max-width: 1920px) 100vw, 1920px\" \/><\/div>\n\t\t<\/figure>\n\t<\/div>\n<\/div><\/div><\/div><div class=\"wpb_column vc_column_container vc_col-sm-4\"><div class=\"vc_column-inner\"><div class=\"wpb_wrapper\">\n\t<div  class=\"wpb_single_image wpb_content_element vc_align_center\">\n\t\t\n\t\t<figure class=\"wpb_wrapper vc_figure\">\n\t\t\t<div class=\"vc_single_image-wrapper vc_box_shadow_border  vc_box_border_grey\"><img loading=\"lazy\" decoding=\"async\" width=\"800\" height=\"533\" src=\"https:\/\/shop.bjerring-sales.dk\/wp-content\/uploads\/2025\/08\/PlasticDarkGrayBack_BlackSeat-01.jpg\" class=\"vc_single_image-img attachment-full\" alt=\"\" title=\"PlasticDarkGrayBack_BlackSeat-01\" srcset=\"https:\/\/shop.bjerring-sales.dk\/wp-content\/uploads\/2025\/08\/PlasticDarkGrayBack_BlackSeat-01.jpg 800w, https:\/\/shop.bjerring-sales.dk\/wp-content\/uploads\/2025\/08\/PlasticDarkGrayBack_BlackSeat-01-300x200.jpg 300w, https:\/\/shop.bjerring-sales.dk\/wp-content\/uploads\/2025\/08\/PlasticDarkGrayBack_BlackSeat-01-768x512.jpg 768w, https:\/\/shop.bjerring-sales.dk\/wp-content\/uploads\/2025\/08\/PlasticDarkGrayBack_BlackSeat-01-18x12.jpg 18w, https:\/\/shop.bjerring-sales.dk\/wp-content\/uploads\/2025\/08\/PlasticDarkGrayBack_BlackSeat-01-600x400.jpg 600w, https:\/\/shop.bjerring-sales.dk\/wp-content\/uploads\/2025\/08\/PlasticDarkGrayBack_BlackSeat-01-150x100.jpg 150w\" sizes=\"auto, (max-width: 800px) 100vw, 800px\" \/><\/div>\n\t\t<\/figure>\n\t<\/div>\n<\/div><\/div><\/div><\/div>\n<\/div>","protected":false},"excerpt":{"rendered":"<p>Choice stol med stofs\u00e6de og plastikryg er den perfekte stol til konferencer, kontorer og undervisningslokaler. V\u00e6lg mellem at have samme farve p\u00e5 s\u00e6de\/ryg eller s\u00e6de\/ryg i forskellige farver. Det skaber muligheder for selv s\u00e6tte farverne sammen, som du \u00f8nsker. Der f\u00f8lger en virksomheds grafiske profil med der illustrerer mulighederne for farve sammens\u00e6tning.<\/p>","protected":false},"featured_media":101389,"template":"","meta":{"iawp_total_views":0},"product_brand":[],"product_cat":[5785,5825,6361,5848,5853],"product_tag":[5982,6047,6467,5849,5850,5851,5852,5981],"class_list":{"0":"post-101391","1":"product","2":"type-product","3":"status-publish","4":"has-post-thumbnail","6":"product_cat-hemmakontor","7":"product_cat-stapelbara-stolar","8":"product_cat-choice","9":"product_cat-kladda-stolar","10":"product_cat-konferensstolar","11":"product_tag-stol-med-armstod","12":"product_tag-choice-stolen","13":"product_tag-stol-med-medar","14":"product_tag-konferensstol","15":"product_tag-stapelbar-stol","16":"product_tag-stol-med-tygsits","17":"product_tag-stol-med-kladsel","18":"product_tag-karmstol","20":"first","21":"instock","22":"taxable","23":"shipping-taxable","24":"purchasable","25":"product-type-variable"},"yoast_head":"<!-- This site is optimized with the Yoast SEO plugin v27.0 - https:\/\/yoast.com\/product\/yoast-seo-wordpress\/ -->\n<title>Stol med medar och armst\u00f6d, tygsits och plastrygg - Choice - Bjerring-Sales<\/title>\n<meta name=\"description\" content=\"Choice med tygsits och plastrygg \u00e4r den perfekta stolen f\u00f6r konferenser, kontor och utbildningsrum. V\u00e4lj mellan att ha samma f\u00e4rg p\u00e5 sits &amp; rygg eller sits &amp; rygg i olika f\u00e4rger.\" \/>\n<meta name=\"robots\" content=\"index, follow, max-snippet:-1, max-image-preview:large, max-video-preview:-1\" \/>\n<link rel=\"canonical\" href=\"https:\/\/shop.bjerring-sales.dk\/da\/product\/stol-med-medar-och-armstod-tygsits-och-plastrygg-choice\/\" \/>\n<meta property=\"og:locale\" content=\"da_DK\" \/>\n<meta property=\"og:type\" content=\"article\" \/>\n<meta property=\"og:title\" content=\"Stol med armst\u00f6d, tygsits, plastrygg &amp; medar \u2013 Choice serien\" \/>\n<meta property=\"og:description\" content=\"Choice med tygsits och plastrygg \u00e4r den perfekta stolen f\u00f6r konferenser, kontor och utbildningsrum. V\u00e4lj mellan att ha samma f\u00e4rg p\u00e5 sits &amp; rygg eller sits &amp; rygg i olika f\u00e4rger.\" \/>\n<meta property=\"og:url\" content=\"https:\/\/shop.bjerring-sales.dk\/da\/product\/stol-med-medar-och-armstod-tygsits-och-plastrygg-choice\/\" \/>\n<meta property=\"og:site_name\" content=\"Bjerring-Sales\" \/>\n<meta property=\"article:modified_time\" content=\"2026-03-16T09:53:50+00:00\" \/>\n<meta property=\"og:image\" content=\"https:\/\/shop.bjerring-sales.dk\/wp-content\/uploads\/2025\/08\/PlasticDarkGrayBack_BlackSeat-14.jpg\" \/>\n\t<meta property=\"og:image:width\" content=\"1920\" \/>\n\t<meta property=\"og:image:height\" content=\"1280\" \/>\n\t<meta property=\"og:image:type\" content=\"image\/jpeg\" \/>\n<meta name=\"twitter:card\" content=\"summary_large_image\" \/>\n<meta name=\"twitter:title\" content=\"Stol med armst\u00f6d, tygsits, plastrygg &amp; medar \u2013 Choice serien\" \/>\n<meta name=\"twitter:description\" content=\"Choice med tygsits och plastrygg \u00e4r den perfekta stolen f\u00f6r konferenser, kontor och utbildningsrum. V\u00e4lj mellan att ha samma f\u00e4rg p\u00e5 sits &amp; rygg eller sits &amp; rygg i olika f\u00e4rger.\" \/>\n<meta name=\"twitter:image\" content=\"https:\/\/shop.bjerring-sales.dk\/wp-content\/uploads\/2025\/08\/PlasticDarkGrayBack_BlackSeat-14.jpg\" \/>\n<meta name=\"twitter:label1\" content=\"Estimeret l\u00e6setid\" \/>\n\t<meta name=\"twitter:data1\" content=\"3 minutter\" \/>\n<script type=\"application\/ld+json\" class=\"yoast-schema-graph\">{\"@context\":\"https:\/\/schema.org\",\"@graph\":[{\"@type\":\"WebPage\",\"@id\":\"https:\/\/shop.bjerring-sales.dk\/product\/stol-med-medar-och-armstod-tygsits-och-plastrygg-choice\/\",\"url\":\"https:\/\/shop.bjerring-sales.dk\/product\/stol-med-medar-och-armstod-tygsits-och-plastrygg-choice\/\",\"name\":\"Stol med medar och armst\u00f6d, tygsits och plastrygg - Choice - Bjerring-Sales\",\"isPartOf\":{\"@id\":\"https:\/\/shop.bjerring-sales.dk\/#website\"},\"primaryImageOfPage\":{\"@id\":\"https:\/\/shop.bjerring-sales.dk\/product\/stol-med-medar-och-armstod-tygsits-och-plastrygg-choice\/#primaryimage\"},\"image\":{\"@id\":\"https:\/\/shop.bjerring-sales.dk\/product\/stol-med-medar-och-armstod-tygsits-och-plastrygg-choice\/#primaryimage\"},\"thumbnailUrl\":\"https:\/\/shop.bjerring-sales.dk\/wp-content\/uploads\/2026\/03\/Choice_WhiteFrame_GreenHeadrest_LightGraySeat.jpg\",\"datePublished\":\"2025-08-12T13:19:02+00:00\",\"dateModified\":\"2026-03-16T09:53:50+00:00\",\"description\":\"Choice med tygsits och plastrygg \u00e4r den perfekta stolen f\u00f6r konferenser, kontor och utbildningsrum. V\u00e4lj mellan att ha samma f\u00e4rg p\u00e5 sits & rygg eller sits & rygg i olika f\u00e4rger.\",\"breadcrumb\":{\"@id\":\"https:\/\/shop.bjerring-sales.dk\/product\/stol-med-medar-och-armstod-tygsits-och-plastrygg-choice\/#breadcrumb\"},\"inLanguage\":\"da-DK\",\"potentialAction\":[{\"@type\":\"ReadAction\",\"target\":[\"https:\/\/shop.bjerring-sales.dk\/product\/stol-med-medar-och-armstod-tygsits-och-plastrygg-choice\/\"]}]},{\"@type\":\"ImageObject\",\"inLanguage\":\"da-DK\",\"@id\":\"https:\/\/shop.bjerring-sales.dk\/product\/stol-med-medar-och-armstod-tygsits-och-plastrygg-choice\/#primaryimage\",\"url\":\"https:\/\/shop.bjerring-sales.dk\/wp-content\/uploads\/2026\/03\/Choice_WhiteFrame_GreenHeadrest_LightGraySeat.jpg\",\"contentUrl\":\"https:\/\/shop.bjerring-sales.dk\/wp-content\/uploads\/2026\/03\/Choice_WhiteFrame_GreenHeadrest_LightGraySeat.jpg\",\"width\":800,\"height\":800},{\"@type\":\"BreadcrumbList\",\"@id\":\"https:\/\/shop.bjerring-sales.dk\/product\/stol-med-medar-och-armstod-tygsits-och-plastrygg-choice\/#breadcrumb\",\"itemListElement\":[{\"@type\":\"ListItem\",\"position\":1,\"name\":\"Hem\",\"item\":\"https:\/\/shop.bjerring-sales.dk\/\"},{\"@type\":\"ListItem\",\"position\":2,\"name\":\"Webbutik\",\"item\":\"https:\/\/shop.bjerring-sales.dk\/butik\/\"},{\"@type\":\"ListItem\",\"position\":3,\"name\":\"Stol med medar och armst\u00f6d, tygsits och plastrygg &#8211; Choice\"}]},{\"@type\":\"WebSite\",\"@id\":\"https:\/\/shop.bjerring-sales.dk\/#website\",\"url\":\"https:\/\/shop.bjerring-sales.dk\/\",\"name\":\"Bjerring-Sales\",\"description\":\"M\u00f6bler f\u00f6r teatrar, skolor, kontor och k\u00f6pcentrum\",\"publisher\":{\"@id\":\"https:\/\/shop.bjerring-sales.dk\/#organization\"},\"potentialAction\":[{\"@type\":\"SearchAction\",\"target\":{\"@type\":\"EntryPoint\",\"urlTemplate\":\"https:\/\/shop.bjerring-sales.dk\/?s={search_term_string}\"},\"query-input\":{\"@type\":\"PropertyValueSpecification\",\"valueRequired\":true,\"valueName\":\"search_term_string\"}}],\"inLanguage\":\"da-DK\"},{\"@type\":\"Organization\",\"@id\":\"https:\/\/shop.bjerring-sales.dk\/#organization\",\"name\":\"Bjerring-Sales\",\"url\":\"https:\/\/shop.bjerring-sales.dk\/\",\"logo\":{\"@type\":\"ImageObject\",\"inLanguage\":\"da-DK\",\"@id\":\"https:\/\/shop.bjerring-sales.dk\/#\/schema\/logo\/image\/\",\"url\":\"https:\/\/shop.bjerring-sales.dk\/wp-content\/uploads\/2023\/01\/logo_sv.png\",\"contentUrl\":\"https:\/\/shop.bjerring-sales.dk\/wp-content\/uploads\/2023\/01\/logo_sv.png\",\"width\":195,\"height\":68,\"caption\":\"Bjerring-Sales\"},\"image\":{\"@id\":\"https:\/\/shop.bjerring-sales.dk\/#\/schema\/logo\/image\/\"}}]}<\/script>\n<!-- \/ Yoast SEO plugin. -->","yoast_head_json":{"title":"Stol med medar och armst\u00f6d, tygsits och plastrygg - Choice - Bjerring-Sales","description":"Choice med tygsits och plastrygg \u00e4r den perfekta stolen f\u00f6r konferenser, kontor och utbildningsrum. V\u00e4lj mellan att ha samma f\u00e4rg p\u00e5 sits & rygg eller sits & rygg i olika f\u00e4rger.","robots":{"index":"index","follow":"follow","max-snippet":"max-snippet:-1","max-image-preview":"max-image-preview:large","max-video-preview":"max-video-preview:-1"},"canonical":"https:\/\/shop.bjerring-sales.dk\/da\/product\/stol-med-medar-och-armstod-tygsits-och-plastrygg-choice\/","og_locale":"da_DK","og_type":"article","og_title":"Stol med armst\u00f6d, tygsits, plastrygg & medar \u2013 Choice serien","og_description":"Choice med tygsits och plastrygg \u00e4r den perfekta stolen f\u00f6r konferenser, kontor och utbildningsrum. V\u00e4lj mellan att ha samma f\u00e4rg p\u00e5 sits & rygg eller sits & rygg i olika f\u00e4rger.","og_url":"https:\/\/shop.bjerring-sales.dk\/da\/product\/stol-med-medar-och-armstod-tygsits-och-plastrygg-choice\/","og_site_name":"Bjerring-Sales","article_modified_time":"2026-03-16T09:53:50+00:00","og_image":[{"width":1920,"height":1280,"url":"https:\/\/shop.bjerring-sales.dk\/wp-content\/uploads\/2025\/08\/PlasticDarkGrayBack_BlackSeat-14.jpg","type":"image\/jpeg"}],"twitter_card":"summary_large_image","twitter_title":"Stol med armst\u00f6d, tygsits, plastrygg & medar \u2013 Choice serien","twitter_description":"Choice med tygsits och plastrygg \u00e4r den perfekta stolen f\u00f6r konferenser, kontor och utbildningsrum. V\u00e4lj mellan att ha samma f\u00e4rg p\u00e5 sits & rygg eller sits & rygg i olika f\u00e4rger.","twitter_image":"https:\/\/shop.bjerring-sales.dk\/wp-content\/uploads\/2025\/08\/PlasticDarkGrayBack_BlackSeat-14.jpg","twitter_misc":{"Estimeret l\u00e6setid":"3 minutter"},"schema":{"@context":"https:\/\/schema.org","@graph":[{"@type":"WebPage","@id":"https:\/\/shop.bjerring-sales.dk\/product\/stol-med-medar-och-armstod-tygsits-och-plastrygg-choice\/","url":"https:\/\/shop.bjerring-sales.dk\/product\/stol-med-medar-och-armstod-tygsits-och-plastrygg-choice\/","name":"Stol med medar och armst\u00f6d, tygsits och plastrygg - Choice - Bjerring-Sales","isPartOf":{"@id":"https:\/\/shop.bjerring-sales.dk\/#website"},"primaryImageOfPage":{"@id":"https:\/\/shop.bjerring-sales.dk\/product\/stol-med-medar-och-armstod-tygsits-och-plastrygg-choice\/#primaryimage"},"image":{"@id":"https:\/\/shop.bjerring-sales.dk\/product\/stol-med-medar-och-armstod-tygsits-och-plastrygg-choice\/#primaryimage"},"thumbnailUrl":"https:\/\/shop.bjerring-sales.dk\/wp-content\/uploads\/2026\/03\/Choice_WhiteFrame_GreenHeadrest_LightGraySeat.jpg","datePublished":"2025-08-12T13:19:02+00:00","dateModified":"2026-03-16T09:53:50+00:00","description":"Choice med tygsits och plastrygg \u00e4r den perfekta stolen f\u00f6r konferenser, kontor och utbildningsrum. V\u00e4lj mellan att ha samma f\u00e4rg p\u00e5 sits & rygg eller sits & rygg i olika f\u00e4rger.","breadcrumb":{"@id":"https:\/\/shop.bjerring-sales.dk\/product\/stol-med-medar-och-armstod-tygsits-och-plastrygg-choice\/#breadcrumb"},"inLanguage":"da-DK","potentialAction":[{"@type":"ReadAction","target":["https:\/\/shop.bjerring-sales.dk\/product\/stol-med-medar-och-armstod-tygsits-och-plastrygg-choice\/"]}]},{"@type":"ImageObject","inLanguage":"da-DK","@id":"https:\/\/shop.bjerring-sales.dk\/product\/stol-med-medar-och-armstod-tygsits-och-plastrygg-choice\/#primaryimage","url":"https:\/\/shop.bjerring-sales.dk\/wp-content\/uploads\/2026\/03\/Choice_WhiteFrame_GreenHeadrest_LightGraySeat.jpg","contentUrl":"https:\/\/shop.bjerring-sales.dk\/wp-content\/uploads\/2026\/03\/Choice_WhiteFrame_GreenHeadrest_LightGraySeat.jpg","width":800,"height":800},{"@type":"BreadcrumbList","@id":"https:\/\/shop.bjerring-sales.dk\/product\/stol-med-medar-och-armstod-tygsits-och-plastrygg-choice\/#breadcrumb","itemListElement":[{"@type":"ListItem","position":1,"name":"Hem","item":"https:\/\/shop.bjerring-sales.dk\/"},{"@type":"ListItem","position":2,"name":"Webbutik","item":"https:\/\/shop.bjerring-sales.dk\/butik\/"},{"@type":"ListItem","position":3,"name":"Stol med medar och armst\u00f6d, tygsits och plastrygg &#8211; Choice"}]},{"@type":"WebSite","@id":"https:\/\/shop.bjerring-sales.dk\/#website","url":"https:\/\/shop.bjerring-sales.dk\/","name":"Bjerring-Salg","description":"M\u00f8bler til teatre, skoler, kontorer og indk\u00f8bscentre","publisher":{"@id":"https:\/\/shop.bjerring-sales.dk\/#organization"},"potentialAction":[{"@type":"SearchAction","target":{"@type":"EntryPoint","urlTemplate":"https:\/\/shop.bjerring-sales.dk\/?s={search_term_string}"},"query-input":{"@type":"PropertyValueSpecification","valueRequired":true,"valueName":"search_term_string"}}],"inLanguage":"da-DK"},{"@type":"Organization","@id":"https:\/\/shop.bjerring-sales.dk\/#organization","name":"Bjerring-Salg","url":"https:\/\/shop.bjerring-sales.dk\/","logo":{"@type":"ImageObject","inLanguage":"da-DK","@id":"https:\/\/shop.bjerring-sales.dk\/#\/schema\/logo\/image\/","url":"https:\/\/shop.bjerring-sales.dk\/wp-content\/uploads\/2023\/01\/logo_sv.png","contentUrl":"https:\/\/shop.bjerring-sales.dk\/wp-content\/uploads\/2023\/01\/logo_sv.png","width":195,"height":68,"caption":"Bjerring-Sales"},"image":{"@id":"https:\/\/shop.bjerring-sales.dk\/#\/schema\/logo\/image\/"}}]}},"_links":{"self":[{"href":"https:\/\/shop.bjerring-sales.dk\/da\/wp-json\/wp\/v2\/product\/101391","targetHints":{"allow":["GET"]}}],"collection":[{"href":"https:\/\/shop.bjerring-sales.dk\/da\/wp-json\/wp\/v2\/product"}],"about":[{"href":"https:\/\/shop.bjerring-sales.dk\/da\/wp-json\/wp\/v2\/types\/product"}],"wp:featuredmedia":[{"embeddable":true,"href":"https:\/\/shop.bjerring-sales.dk\/da\/wp-json\/wp\/v2\/media\/101389"}],"wp:attachment":[{"href":"https:\/\/shop.bjerring-sales.dk\/da\/wp-json\/wp\/v2\/media?parent=101391"}],"wp:term":[{"taxonomy":"product_brand","embeddable":true,"href":"https:\/\/shop.bjerring-sales.dk\/da\/wp-json\/wp\/v2\/product_brand?post=101391"},{"taxonomy":"product_cat","embeddable":true,"href":"https:\/\/shop.bjerring-sales.dk\/da\/wp-json\/wp\/v2\/product_cat?post=101391"},{"taxonomy":"product_tag","embeddable":true,"href":"https:\/\/shop.bjerring-sales.dk\/da\/wp-json\/wp\/v2\/product_tag?post=101391"}],"curies":[{"name":"wp","href":"https:\/\/api.w.org\/{rel}","templated":true}]}}