{"id":101272,"date":"2026-02-04T14:18:21","date_gmt":"2026-02-04T13:18:21","guid":{"rendered":"https:\/\/shop.bjerring-sales.dk\/sv\/produkt\/tellus-flex-bordsstativ\/"},"modified":"2026-04-13T14:31:51","modified_gmt":"2026-04-13T12:31:51","slug":"tellus-flex-bordsstativ","status":"publish","type":"product","link":"https:\/\/shop.bjerring-sales.dk\/da\/vare\/tellus-flex-bordsstativ\/","title":{"rendered":"Tellus Flex \u2013 Bordstativ med faste ben og justerbar l\u00e6ngde"},"content":{"rendered":"<div class=\"wpb-content-wrapper\"><div class=\"vc_row wpb_row vc_row-fluid\"><div class=\"wpb_column vc_column_container vc_col-sm-12\"><div class=\"vc_column-inner\"><div class=\"wpb_wrapper\">\n\t<div class=\"wpb_text_column wpb_content_element\" >\n\t\t<div class=\"wpb_wrapper\">\n\t\t\t<p><span style=\"font-size: 24pt\">Et robust bordstel med justerbar l\u00e6ngde og faste ben<br \/>\n<\/span>Tellus Flex-stativet er et bordstativ, der f\u00e5s i sort, hvid og s\u00f8lvgr\u00e5, og som b\u00e5de st\u00e5r og er komplette borde p\u00e5 lager. Det T-formede bordstativ er et kvalitetsprodukt, der tilbyder en p\u00e5lidelig og holdbar l\u00f8sning til en overkommelig pris. Det er et perfekt produkt til detailhandlere, der \u00f8nsker at tilbyde kvalitets- og holdbare m\u00f8bler og interi\u00f8rl\u00f8sninger til deres kunder til en konkurrencedygtig pris. Bordstativet er lavet af pulverlakerede metalr\u00f8r, der giver et stabilt fundament for din bordflade.<\/p>\n\n\t\t<\/div>\n\t<\/div>\n<\/div><\/div><\/div><\/div><div class=\"vc_row wpb_row vc_row-fluid\"><div class=\"wpb_column vc_column_container vc_col-sm-4\"><div class=\"vc_column-inner\"><div class=\"wpb_wrapper\">\n\t<div  class=\"wpb_single_image wpb_content_element vc_align_center\">\n\t\t\n\t\t<figure class=\"wpb_wrapper vc_figure\">\n\t\t\t<div class=\"vc_single_image-wrapper vc_box_shadow_border  vc_box_border_grey\"><img loading=\"lazy\" decoding=\"async\" width=\"1920\" height=\"1200\" src=\"https:\/\/shop.bjerring-sales.dk\/wp-content\/uploads\/2026\/02\/tellusflex001.jpeg\" class=\"vc_single_image-img attachment-full\" alt=\"\" title=\"tellusflex001\" srcset=\"https:\/\/shop.bjerring-sales.dk\/wp-content\/uploads\/2026\/02\/tellusflex001.jpeg 1920w, https:\/\/shop.bjerring-sales.dk\/wp-content\/uploads\/2026\/02\/tellusflex001-300x188.jpeg 300w, https:\/\/shop.bjerring-sales.dk\/wp-content\/uploads\/2026\/02\/tellusflex001-1024x640.jpeg 1024w, https:\/\/shop.bjerring-sales.dk\/wp-content\/uploads\/2026\/02\/tellusflex001-768x480.jpeg 768w, https:\/\/shop.bjerring-sales.dk\/wp-content\/uploads\/2026\/02\/tellusflex001-1536x960.jpeg 1536w, https:\/\/shop.bjerring-sales.dk\/wp-content\/uploads\/2026\/02\/tellusflex001-18x12.jpeg 18w, https:\/\/shop.bjerring-sales.dk\/wp-content\/uploads\/2026\/02\/tellusflex001-600x375.jpeg 600w, https:\/\/shop.bjerring-sales.dk\/wp-content\/uploads\/2026\/02\/tellusflex001-150x94.jpeg 150w\" sizes=\"auto, (max-width: 1920px) 100vw, 1920px\" \/><\/div>\n\t\t<\/figure>\n\t<\/div>\n<\/div><\/div><\/div><div class=\"wpb_column vc_column_container vc_col-sm-4\"><div class=\"vc_column-inner\"><div class=\"wpb_wrapper\">\n\t<div  class=\"wpb_single_image wpb_content_element vc_align_center\">\n\t\t\n\t\t<figure class=\"wpb_wrapper vc_figure\">\n\t\t\t<div class=\"vc_single_image-wrapper vc_box_shadow_border  vc_box_border_grey\"><img loading=\"lazy\" decoding=\"async\" width=\"1920\" height=\"1200\" src=\"https:\/\/shop.bjerring-sales.dk\/wp-content\/uploads\/2026\/02\/tellusflex002.jpeg\" class=\"vc_single_image-img attachment-full\" alt=\"\" title=\"tellusflex002\" srcset=\"https:\/\/shop.bjerring-sales.dk\/wp-content\/uploads\/2026\/02\/tellusflex002.jpeg 1920w, https:\/\/shop.bjerring-sales.dk\/wp-content\/uploads\/2026\/02\/tellusflex002-300x188.jpeg 300w, https:\/\/shop.bjerring-sales.dk\/wp-content\/uploads\/2026\/02\/tellusflex002-1024x640.jpeg 1024w, https:\/\/shop.bjerring-sales.dk\/wp-content\/uploads\/2026\/02\/tellusflex002-768x480.jpeg 768w, https:\/\/shop.bjerring-sales.dk\/wp-content\/uploads\/2026\/02\/tellusflex002-1536x960.jpeg 1536w, https:\/\/shop.bjerring-sales.dk\/wp-content\/uploads\/2026\/02\/tellusflex002-18x12.jpeg 18w, https:\/\/shop.bjerring-sales.dk\/wp-content\/uploads\/2026\/02\/tellusflex002-600x375.jpeg 600w, https:\/\/shop.bjerring-sales.dk\/wp-content\/uploads\/2026\/02\/tellusflex002-150x94.jpeg 150w\" sizes=\"auto, (max-width: 1920px) 100vw, 1920px\" \/><\/div>\n\t\t<\/figure>\n\t<\/div>\n<\/div><\/div><\/div><div class=\"wpb_column vc_column_container vc_col-sm-4\"><div class=\"vc_column-inner\"><div class=\"wpb_wrapper\">\n\t<div  class=\"wpb_single_image wpb_content_element vc_align_center\">\n\t\t\n\t\t<figure class=\"wpb_wrapper vc_figure\">\n\t\t\t<div class=\"vc_single_image-wrapper vc_box_shadow_border  vc_box_border_grey\"><img loading=\"lazy\" decoding=\"async\" width=\"1920\" height=\"1200\" src=\"https:\/\/shop.bjerring-sales.dk\/wp-content\/uploads\/2026\/02\/tellusflex003.jpeg\" class=\"vc_single_image-img attachment-full\" alt=\"\" title=\"tellusflex003\" srcset=\"https:\/\/shop.bjerring-sales.dk\/wp-content\/uploads\/2026\/02\/tellusflex003.jpeg 1920w, https:\/\/shop.bjerring-sales.dk\/wp-content\/uploads\/2026\/02\/tellusflex003-300x188.jpeg 300w, https:\/\/shop.bjerring-sales.dk\/wp-content\/uploads\/2026\/02\/tellusflex003-1024x640.jpeg 1024w, https:\/\/shop.bjerring-sales.dk\/wp-content\/uploads\/2026\/02\/tellusflex003-768x480.jpeg 768w, https:\/\/shop.bjerring-sales.dk\/wp-content\/uploads\/2026\/02\/tellusflex003-1536x960.jpeg 1536w, https:\/\/shop.bjerring-sales.dk\/wp-content\/uploads\/2026\/02\/tellusflex003-18x12.jpeg 18w, https:\/\/shop.bjerring-sales.dk\/wp-content\/uploads\/2026\/02\/tellusflex003-600x375.jpeg 600w, https:\/\/shop.bjerring-sales.dk\/wp-content\/uploads\/2026\/02\/tellusflex003-150x94.jpeg 150w\" sizes=\"auto, (max-width: 1920px) 100vw, 1920px\" \/><\/div>\n\t\t<\/figure>\n\t<\/div>\n<\/div><\/div><\/div><\/div><div class=\"vc_row wpb_row vc_row-fluid\"><div class=\"wpb_column vc_column_container vc_col-sm-6\"><div class=\"vc_column-inner\"><div class=\"wpb_wrapper\">\n\t<div class=\"wpb_text_column wpb_content_element\" >\n\t\t<div class=\"wpb_wrapper\">\n\t\t\t<p><span style=\"font-size: 18pt\">Specifikationer<\/span><\/p>\n<ul>\n<li>Tellus Flex-stativet er egnet til boards med dimensioner p\u00e5 110-200 cm (l\u00e6ngde) og 70-120 cm (bredde).<\/li>\n<li>Stellet er lagerf\u00f8rt i sort, hvid og s\u00f8lvgr\u00e5<\/li>\n<li>Alle stellene opfylder kravene i LST EN 527-3 standarden<\/li>\n<li>Mulighed for indstilling p\u00e5 h\u00f8jden (+10 mm)<\/li>\n<\/ul>\n<p><span style=\"font-size: 18pt\">V\u00e6gt<\/span><\/p>\n<ul>\n<li>V\u00e6gt af stativ uden disk: 21 kg<\/li>\n<li>Anbefalet maks. belastning: 120 kg<\/li>\n<\/ul>\n<p><span style=\"font-size: 18pt\">Stel<\/span><br \/>\nStativet har et stilfuldt design, der g\u00f8r, at bordet passer ind i alle typer kontorlokaler. Bordstativet har rektangul\u00e6re ben, der er pulverlakeret i hvid, sort eller s\u00f8lvgr\u00e5. Stativet har en anbefalet maksimal belastning p\u00e5 120 kg, hvilket er mere end rigeligt for de fleste.<\/p>\n<p><span style=\"font-size: 18pt\">Manualer<br \/>\n<\/span>Tellus Flex kan bestilles som stativ uden bordplade eller som et komplet bord. Se monteringsvejledningen nedenfor.<\/p>\n<p><a href=\"https:\/\/shop.bjerring-sales.dk\/wp-content\/uploads\/2021\/03\/PDF-doc-16.png\"><img loading=\"lazy\" decoding=\"async\" class=\"alignnone size-full wp-image-72653\" src=\"https:\/\/shop.bjerring-sales.dk\/wp-content\/uploads\/2021\/03\/PDF-doc-16.png\" alt=\"\" width=\"16\" height=\"16\" \/><\/a>\u00a0<a href=\"https:\/\/elj.se\/wp-content\/uploads\/2026\/01\/Elevate-2-Technical-Specifications.pdf\" target=\"_blank\" rel=\"noopener\">Specifikationer<\/a><br \/>\n<a href=\"https:\/\/shop.bjerring-sales.dk\/wp-content\/uploads\/2021\/03\/PDF-doc-16.png\"><img loading=\"lazy\" decoding=\"async\" class=\"alignnone size-full wp-image-72653\" src=\"https:\/\/shop.bjerring-sales.dk\/wp-content\/uploads\/2021\/03\/PDF-doc-16.png\" alt=\"\" width=\"16\" height=\"16\" \/><\/a> <a href=\"https:\/\/elj.se\/wp-content\/uploads\/2026\/01\/Elevate-2-Product-Sheet.pdf\" target=\"_blank\" rel=\"noopener\">Produktblad<\/a><br \/>\n<a href=\"https:\/\/shop.bjerring-sales.dk\/wp-content\/uploads\/2021\/03\/PDF-doc-16.png\"><img loading=\"lazy\" decoding=\"async\" class=\"alignnone size-full wp-image-72653\" src=\"https:\/\/shop.bjerring-sales.dk\/wp-content\/uploads\/2021\/03\/PDF-doc-16.png\" alt=\"\" width=\"16\" height=\"16\" \/><\/a> <a href=\"https:\/\/elj.se\/wp-content\/uploads\/2026\/01\/Elevate-2-Assembly-Instructions.pdf\" target=\"_blank\" rel=\"noopener\">Monteringsvejledning<\/a><\/p>\n\n\t\t<\/div>\n\t<\/div>\n<\/div><\/div><\/div><div class=\"wpb_column vc_column_container vc_col-sm-6\"><div class=\"vc_column-inner\"><div class=\"wpb_wrapper\">\n\t<div class=\"wpb_text_column wpb_content_element\" >\n\t\t<div class=\"wpb_wrapper\">\n\t\t\t<p><span style=\"font-size: 18pt\">Specifikationer<\/span><\/p>\n<hr \/>\n\n\t\t<\/div>\n\t<\/div>\n<div class=\"vc_row wpb_row vc_inner vc_row-fluid\"><div class=\"wpb_column vc_column_container vc_col-sm-6\"><div class=\"vc_column-inner\"><div class=\"wpb_wrapper\">\n\t<div class=\"wpb_text_column wpb_content_element\" >\n\t\t<div class=\"wpb_wrapper\">\n\t\t\t<p><strong>Bordpladens dimensioner<\/strong><\/p>\n<ul>\n<li>Bredde: 1200-2000 mm<\/li>\n<li>Dybde: 700-1200 mm<\/li>\n<\/ul>\n<p><strong>H\u00f8jdeinterval<\/strong><\/p>\n<ul>\n<li>S\u00e6de: 700 mm<\/li>\n<li>(Justerbare f\u00f8dder: 1-10 mm)<\/li>\n<\/ul>\n<p><strong>V\u00e6gt<br \/>\n<\/strong>21 kg<\/p>\n<p><strong>Maks. belastning<br \/>\n<\/strong>120 kg<\/p>\n\n\t\t<\/div>\n\t<\/div>\n<\/div><\/div><\/div><div class=\"wpb_column vc_column_container vc_col-sm-6\"><div class=\"vc_column-inner\"><div class=\"wpb_wrapper\">\n\t<div class=\"wpb_text_column wpb_content_element\" >\n\t\t<div class=\"wpb_wrapper\">\n\t\t\t<p><strong>Certificeringer<\/strong><\/p>\n<ul>\n<li>EPD erkl\u00e6ret<\/li>\n<li>EN-527<\/li>\n<li>BIFMA X5.5<\/li>\n<li>UL-962<\/li>\n<\/ul>\n<p><strong>Farveomr\u00e5de<\/strong><\/p>\n<ul>\n<li>Sort: RAL 9005<\/li>\n<li>S\u00f8lv: RAL 9006<\/li>\n<li>Hvid: RAL 9016<\/li>\n<\/ul>\n<p><strong>Garanti<br \/>\n<\/strong>5 \u00e5r<\/p>\n\n\t\t<\/div>\n\t<\/div>\n<\/div><\/div><\/div><\/div><\/div><\/div><\/div><\/div><div class=\"vc_row wpb_row vc_row-fluid\"><div class=\"wpb_column vc_column_container vc_col-sm-4\"><div class=\"vc_column-inner\"><div class=\"wpb_wrapper\">\n\t<div  class=\"wpb_single_image wpb_content_element vc_align_center\">\n\t\t\n\t\t<figure class=\"wpb_wrapper vc_figure\">\n\t\t\t<div class=\"vc_single_image-wrapper vc_box_shadow_border  vc_box_border_grey\"><img loading=\"lazy\" decoding=\"async\" width=\"1920\" height=\"1080\" src=\"https:\/\/shop.bjerring-sales.dk\/wp-content\/uploads\/2026\/02\/tellusflex004.jpeg\" class=\"vc_single_image-img attachment-full\" alt=\"\" title=\"tellusflex004\" srcset=\"https:\/\/shop.bjerring-sales.dk\/wp-content\/uploads\/2026\/02\/tellusflex004.jpeg 1920w, https:\/\/shop.bjerring-sales.dk\/wp-content\/uploads\/2026\/02\/tellusflex004-300x169.jpeg 300w, https:\/\/shop.bjerring-sales.dk\/wp-content\/uploads\/2026\/02\/tellusflex004-1024x576.jpeg 1024w, https:\/\/shop.bjerring-sales.dk\/wp-content\/uploads\/2026\/02\/tellusflex004-768x432.jpeg 768w, https:\/\/shop.bjerring-sales.dk\/wp-content\/uploads\/2026\/02\/tellusflex004-1536x864.jpeg 1536w, https:\/\/shop.bjerring-sales.dk\/wp-content\/uploads\/2026\/02\/tellusflex004-18x10.jpeg 18w, https:\/\/shop.bjerring-sales.dk\/wp-content\/uploads\/2026\/02\/tellusflex004-600x338.jpeg 600w, https:\/\/shop.bjerring-sales.dk\/wp-content\/uploads\/2026\/02\/tellusflex004-150x84.jpeg 150w\" sizes=\"auto, (max-width: 1920px) 100vw, 1920px\" \/><\/div>\n\t\t<\/figure>\n\t<\/div>\n<\/div><\/div><\/div><div class=\"wpb_column vc_column_container vc_col-sm-4\"><div class=\"vc_column-inner\"><div class=\"wpb_wrapper\">\n\t<div  class=\"wpb_single_image wpb_content_element vc_align_center\">\n\t\t\n\t\t<figure class=\"wpb_wrapper vc_figure\">\n\t\t\t<div class=\"vc_single_image-wrapper vc_box_shadow_border  vc_box_border_grey\"><img loading=\"lazy\" decoding=\"async\" width=\"1920\" height=\"1080\" src=\"https:\/\/shop.bjerring-sales.dk\/wp-content\/uploads\/2026\/02\/tellusflex005.jpeg\" class=\"vc_single_image-img attachment-full\" alt=\"\" title=\"tellusflex005\" srcset=\"https:\/\/shop.bjerring-sales.dk\/wp-content\/uploads\/2026\/02\/tellusflex005.jpeg 1920w, https:\/\/shop.bjerring-sales.dk\/wp-content\/uploads\/2026\/02\/tellusflex005-300x169.jpeg 300w, https:\/\/shop.bjerring-sales.dk\/wp-content\/uploads\/2026\/02\/tellusflex005-1024x576.jpeg 1024w, https:\/\/shop.bjerring-sales.dk\/wp-content\/uploads\/2026\/02\/tellusflex005-768x432.jpeg 768w, https:\/\/shop.bjerring-sales.dk\/wp-content\/uploads\/2026\/02\/tellusflex005-1536x864.jpeg 1536w, https:\/\/shop.bjerring-sales.dk\/wp-content\/uploads\/2026\/02\/tellusflex005-18x10.jpeg 18w, https:\/\/shop.bjerring-sales.dk\/wp-content\/uploads\/2026\/02\/tellusflex005-600x338.jpeg 600w, https:\/\/shop.bjerring-sales.dk\/wp-content\/uploads\/2026\/02\/tellusflex005-150x84.jpeg 150w\" sizes=\"auto, (max-width: 1920px) 100vw, 1920px\" \/><\/div>\n\t\t<\/figure>\n\t<\/div>\n<\/div><\/div><\/div><div class=\"wpb_column vc_column_container vc_col-sm-4\"><div class=\"vc_column-inner\"><div class=\"wpb_wrapper\">\n\t<div  class=\"wpb_single_image wpb_content_element vc_align_center\">\n\t\t\n\t\t<figure class=\"wpb_wrapper vc_figure\">\n\t\t\t<div class=\"vc_single_image-wrapper vc_box_shadow_border  vc_box_border_grey\"><img loading=\"lazy\" decoding=\"async\" width=\"1920\" height=\"1080\" src=\"https:\/\/shop.bjerring-sales.dk\/wp-content\/uploads\/2026\/02\/tellusflex006.jpeg\" class=\"vc_single_image-img attachment-full\" alt=\"\" title=\"tellusflex006\" srcset=\"https:\/\/shop.bjerring-sales.dk\/wp-content\/uploads\/2026\/02\/tellusflex006.jpeg 1920w, https:\/\/shop.bjerring-sales.dk\/wp-content\/uploads\/2026\/02\/tellusflex006-300x169.jpeg 300w, https:\/\/shop.bjerring-sales.dk\/wp-content\/uploads\/2026\/02\/tellusflex006-1024x576.jpeg 1024w, https:\/\/shop.bjerring-sales.dk\/wp-content\/uploads\/2026\/02\/tellusflex006-768x432.jpeg 768w, https:\/\/shop.bjerring-sales.dk\/wp-content\/uploads\/2026\/02\/tellusflex006-1536x864.jpeg 1536w, https:\/\/shop.bjerring-sales.dk\/wp-content\/uploads\/2026\/02\/tellusflex006-18x10.jpeg 18w, https:\/\/shop.bjerring-sales.dk\/wp-content\/uploads\/2026\/02\/tellusflex006-600x338.jpeg 600w, https:\/\/shop.bjerring-sales.dk\/wp-content\/uploads\/2026\/02\/tellusflex006-150x84.jpeg 150w\" sizes=\"auto, (max-width: 1920px) 100vw, 1920px\" \/><\/div>\n\t\t<\/figure>\n\t<\/div>\n<\/div><\/div><\/div><\/div>\n<\/div>","protected":false},"excerpt":{"rendered":"<p>Tellus Flex er et bordstativ med justerbar l\u00e6ngde og faste ben. Tellus Flex-stativet f\u00e5s i sort, hvid og s\u00f8lvgr\u00e5 og er p\u00e5 lager b\u00e5de som stativ og som et komplet bord.<\/p>","protected":false},"featured_media":101268,"template":"","meta":{"iawp_total_views":1},"product_brand":[],"product_cat":[6460,5819],"product_tag":[6036,6057,6372,6466],"class_list":{"0":"post-101272","1":"product","2":"type-product","3":"status-publish","4":"has-post-thumbnail","6":"product_cat-elevate","7":"product_cat-bordsstativ","8":"product_tag-tellus","9":"product_tag-bordsstativ-med-fasta-ben","10":"product_tag-bordsstativ-justerbar-langd","11":"product_tag-tellus-flex","13":"first","14":"instock","15":"taxable","16":"shipping-taxable","17":"purchasable","18":"product-type-variable"},"yoast_head":"<!-- This site is optimized with the Yoast SEO plugin v27.0 - https:\/\/yoast.com\/product\/yoast-seo-wordpress\/ -->\n<title>Tellus Flex - Bordsstativ med fasta ben och justerbar l\u00e4ngd - Bjerring-Sales<\/title>\n<meta name=\"description\" content=\"Tellus Flex stativet \u00e4r ett bordsstativ som finns i svart, vit och silvergr\u00e5 kul\u00f6r och lagerh\u00e5lls b\u00e5de som stativ och kompletta bord.\" \/>\n<meta name=\"robots\" content=\"index, follow, max-snippet:-1, max-image-preview:large, max-video-preview:-1\" \/>\n<link rel=\"canonical\" href=\"https:\/\/shop.bjerring-sales.dk\/da\/vare\/tellus-flex-bordsstativ\/\" \/>\n<meta property=\"og:locale\" content=\"da_DK\" \/>\n<meta property=\"og:type\" content=\"article\" \/>\n<meta property=\"og:title\" content=\"Ett robust bordsstativ med justerbar l\u00e4ngd och fasta ben\" \/>\n<meta property=\"og:description\" content=\"Tellus Flex stativet \u00e4r ett bordsstativ som finns i svart, vit och silvergr\u00e5 kul\u00f6r och lagerh\u00e5lls b\u00e5de som stativ och kompletta bord.\" \/>\n<meta property=\"og:url\" content=\"https:\/\/shop.bjerring-sales.dk\/da\/vare\/tellus-flex-bordsstativ\/\" \/>\n<meta property=\"og:site_name\" content=\"Bjerring-Sales\" \/>\n<meta property=\"article:modified_time\" content=\"2026-04-13T12:31:51+00:00\" \/>\n<meta property=\"og:image\" content=\"https:\/\/shop.bjerring-sales.dk\/wp-content\/uploads\/2026\/02\/tellusflex001.jpeg\" \/>\n\t<meta property=\"og:image:width\" content=\"1920\" \/>\n\t<meta property=\"og:image:height\" content=\"1200\" \/>\n\t<meta property=\"og:image:type\" content=\"image\/jpeg\" \/>\n<meta name=\"twitter:card\" content=\"summary_large_image\" \/>\n<meta name=\"twitter:title\" content=\"Ett robust bordsstativ med justerbar l\u00e4ngd och fasta ben\" \/>\n<meta name=\"twitter:description\" content=\"Tellus Flex stativet \u00e4r ett bordsstativ som finns i svart, vit och silvergr\u00e5 kul\u00f6r och lagerh\u00e5lls b\u00e5de som stativ och kompletta bord.\" \/>\n<meta name=\"twitter:image\" content=\"https:\/\/shop.bjerring-sales.dk\/wp-content\/uploads\/2026\/02\/tellusflex001.jpeg\" \/>\n<meta name=\"twitter:label1\" content=\"Estimeret l\u00e6setid\" \/>\n\t<meta name=\"twitter:data1\" content=\"4 minutter\" \/>\n<script type=\"application\/ld+json\" class=\"yoast-schema-graph\">{\"@context\":\"https:\/\/schema.org\",\"@graph\":[{\"@type\":\"WebPage\",\"@id\":\"https:\/\/shop.bjerring-sales.dk\/sv\/produkt\/tellus-flex-bordsstativ\/\",\"url\":\"https:\/\/shop.bjerring-sales.dk\/sv\/produkt\/tellus-flex-bordsstativ\/\",\"name\":\"Tellus Flex - Bordsstativ med fasta ben och justerbar l\u00e4ngd - Bjerring-Sales\",\"isPartOf\":{\"@id\":\"https:\/\/shop.bjerring-sales.dk\/#website\"},\"primaryImageOfPage\":{\"@id\":\"https:\/\/shop.bjerring-sales.dk\/sv\/produkt\/tellus-flex-bordsstativ\/#primaryimage\"},\"image\":{\"@id\":\"https:\/\/shop.bjerring-sales.dk\/sv\/produkt\/tellus-flex-bordsstativ\/#primaryimage\"},\"thumbnailUrl\":\"https:\/\/shop.bjerring-sales.dk\/wp-content\/uploads\/2026\/03\/elj-tellus-flex-stativ-3-varianter.png\",\"datePublished\":\"2026-02-04T13:18:21+00:00\",\"dateModified\":\"2026-04-13T12:31:51+00:00\",\"description\":\"Tellus Flex stativet \u00e4r ett bordsstativ som finns i svart, vit och silvergr\u00e5 kul\u00f6r och lagerh\u00e5lls b\u00e5de som stativ och kompletta bord.\",\"breadcrumb\":{\"@id\":\"https:\/\/shop.bjerring-sales.dk\/sv\/produkt\/tellus-flex-bordsstativ\/#breadcrumb\"},\"inLanguage\":\"da-DK\",\"potentialAction\":[{\"@type\":\"ReadAction\",\"target\":[\"https:\/\/shop.bjerring-sales.dk\/sv\/produkt\/tellus-flex-bordsstativ\/\"]}]},{\"@type\":\"ImageObject\",\"inLanguage\":\"da-DK\",\"@id\":\"https:\/\/shop.bjerring-sales.dk\/sv\/produkt\/tellus-flex-bordsstativ\/#primaryimage\",\"url\":\"https:\/\/shop.bjerring-sales.dk\/wp-content\/uploads\/2026\/03\/elj-tellus-flex-stativ-3-varianter.png\",\"contentUrl\":\"https:\/\/shop.bjerring-sales.dk\/wp-content\/uploads\/2026\/03\/elj-tellus-flex-stativ-3-varianter.png\",\"width\":800,\"height\":800},{\"@type\":\"BreadcrumbList\",\"@id\":\"https:\/\/shop.bjerring-sales.dk\/sv\/produkt\/tellus-flex-bordsstativ\/#breadcrumb\",\"itemListElement\":[{\"@type\":\"ListItem\",\"position\":1,\"name\":\"Hem\",\"item\":\"https:\/\/shop.bjerring-sales.dk\/\"},{\"@type\":\"ListItem\",\"position\":2,\"name\":\"Webbutik\",\"item\":\"https:\/\/shop.bjerring-sales.dk\/butik\/\"},{\"@type\":\"ListItem\",\"position\":3,\"name\":\"Tellus Flex &#8211; Bordsstativ med fasta ben och justerbar l\u00e4ngd\"}]},{\"@type\":\"WebSite\",\"@id\":\"https:\/\/shop.bjerring-sales.dk\/#website\",\"url\":\"https:\/\/shop.bjerring-sales.dk\/\",\"name\":\"Bjerring-Sales\",\"description\":\"M\u00f6bler f\u00f6r teatrar, skolor, kontor och k\u00f6pcentrum\",\"publisher\":{\"@id\":\"https:\/\/shop.bjerring-sales.dk\/#organization\"},\"potentialAction\":[{\"@type\":\"SearchAction\",\"target\":{\"@type\":\"EntryPoint\",\"urlTemplate\":\"https:\/\/shop.bjerring-sales.dk\/?s={search_term_string}\"},\"query-input\":{\"@type\":\"PropertyValueSpecification\",\"valueRequired\":true,\"valueName\":\"search_term_string\"}}],\"inLanguage\":\"da-DK\"},{\"@type\":\"Organization\",\"@id\":\"https:\/\/shop.bjerring-sales.dk\/#organization\",\"name\":\"Bjerring-Sales\",\"url\":\"https:\/\/shop.bjerring-sales.dk\/\",\"logo\":{\"@type\":\"ImageObject\",\"inLanguage\":\"da-DK\",\"@id\":\"https:\/\/shop.bjerring-sales.dk\/#\/schema\/logo\/image\/\",\"url\":\"https:\/\/shop.bjerring-sales.dk\/wp-content\/uploads\/2023\/01\/logo_sv.png\",\"contentUrl\":\"https:\/\/shop.bjerring-sales.dk\/wp-content\/uploads\/2023\/01\/logo_sv.png\",\"width\":195,\"height\":68,\"caption\":\"Bjerring-Sales\"},\"image\":{\"@id\":\"https:\/\/shop.bjerring-sales.dk\/#\/schema\/logo\/image\/\"}}]}<\/script>\n<!-- \/ Yoast SEO plugin. -->","yoast_head_json":{"title":"Tellus Flex - Bordsstativ med fasta ben och justerbar l\u00e4ngd - Bjerring-Sales","description":"Tellus Flex stativet \u00e4r ett bordsstativ som finns i svart, vit och silvergr\u00e5 kul\u00f6r och lagerh\u00e5lls b\u00e5de som stativ och kompletta bord.","robots":{"index":"index","follow":"follow","max-snippet":"max-snippet:-1","max-image-preview":"max-image-preview:large","max-video-preview":"max-video-preview:-1"},"canonical":"https:\/\/shop.bjerring-sales.dk\/da\/vare\/tellus-flex-bordsstativ\/","og_locale":"da_DK","og_type":"article","og_title":"Ett robust bordsstativ med justerbar l\u00e4ngd och fasta ben","og_description":"Tellus Flex stativet \u00e4r ett bordsstativ som finns i svart, vit och silvergr\u00e5 kul\u00f6r och lagerh\u00e5lls b\u00e5de som stativ och kompletta bord.","og_url":"https:\/\/shop.bjerring-sales.dk\/da\/vare\/tellus-flex-bordsstativ\/","og_site_name":"Bjerring-Sales","article_modified_time":"2026-04-13T12:31:51+00:00","og_image":[{"width":1920,"height":1200,"url":"https:\/\/shop.bjerring-sales.dk\/wp-content\/uploads\/2026\/02\/tellusflex001.jpeg","type":"image\/jpeg"}],"twitter_card":"summary_large_image","twitter_title":"Ett robust bordsstativ med justerbar l\u00e4ngd och fasta ben","twitter_description":"Tellus Flex stativet \u00e4r ett bordsstativ som finns i svart, vit och silvergr\u00e5 kul\u00f6r och lagerh\u00e5lls b\u00e5de som stativ och kompletta bord.","twitter_image":"https:\/\/shop.bjerring-sales.dk\/wp-content\/uploads\/2026\/02\/tellusflex001.jpeg","twitter_misc":{"Estimeret l\u00e6setid":"4 minutter"},"schema":{"@context":"https:\/\/schema.org","@graph":[{"@type":"WebPage","@id":"https:\/\/shop.bjerring-sales.dk\/sv\/produkt\/tellus-flex-bordsstativ\/","url":"https:\/\/shop.bjerring-sales.dk\/sv\/produkt\/tellus-flex-bordsstativ\/","name":"Tellus Flex - Bordsstativ med fasta ben och justerbar l\u00e4ngd - Bjerring-Sales","isPartOf":{"@id":"https:\/\/shop.bjerring-sales.dk\/#website"},"primaryImageOfPage":{"@id":"https:\/\/shop.bjerring-sales.dk\/sv\/produkt\/tellus-flex-bordsstativ\/#primaryimage"},"image":{"@id":"https:\/\/shop.bjerring-sales.dk\/sv\/produkt\/tellus-flex-bordsstativ\/#primaryimage"},"thumbnailUrl":"https:\/\/shop.bjerring-sales.dk\/wp-content\/uploads\/2026\/03\/elj-tellus-flex-stativ-3-varianter.png","datePublished":"2026-02-04T13:18:21+00:00","dateModified":"2026-04-13T12:31:51+00:00","description":"Tellus Flex stativet \u00e4r ett bordsstativ som finns i svart, vit och silvergr\u00e5 kul\u00f6r och lagerh\u00e5lls b\u00e5de som stativ och kompletta bord.","breadcrumb":{"@id":"https:\/\/shop.bjerring-sales.dk\/sv\/produkt\/tellus-flex-bordsstativ\/#breadcrumb"},"inLanguage":"da-DK","potentialAction":[{"@type":"ReadAction","target":["https:\/\/shop.bjerring-sales.dk\/sv\/produkt\/tellus-flex-bordsstativ\/"]}]},{"@type":"ImageObject","inLanguage":"da-DK","@id":"https:\/\/shop.bjerring-sales.dk\/sv\/produkt\/tellus-flex-bordsstativ\/#primaryimage","url":"https:\/\/shop.bjerring-sales.dk\/wp-content\/uploads\/2026\/03\/elj-tellus-flex-stativ-3-varianter.png","contentUrl":"https:\/\/shop.bjerring-sales.dk\/wp-content\/uploads\/2026\/03\/elj-tellus-flex-stativ-3-varianter.png","width":800,"height":800},{"@type":"BreadcrumbList","@id":"https:\/\/shop.bjerring-sales.dk\/sv\/produkt\/tellus-flex-bordsstativ\/#breadcrumb","itemListElement":[{"@type":"ListItem","position":1,"name":"Hem","item":"https:\/\/shop.bjerring-sales.dk\/"},{"@type":"ListItem","position":2,"name":"Webbutik","item":"https:\/\/shop.bjerring-sales.dk\/butik\/"},{"@type":"ListItem","position":3,"name":"Tellus Flex &#8211; Bordsstativ med fasta ben och justerbar l\u00e4ngd"}]},{"@type":"WebSite","@id":"https:\/\/shop.bjerring-sales.dk\/#website","url":"https:\/\/shop.bjerring-sales.dk\/","name":"Bjerring-Salg","description":"M\u00f8bler til teatre, skoler, kontorer og indk\u00f8bscentre","publisher":{"@id":"https:\/\/shop.bjerring-sales.dk\/#organization"},"potentialAction":[{"@type":"SearchAction","target":{"@type":"EntryPoint","urlTemplate":"https:\/\/shop.bjerring-sales.dk\/?s={search_term_string}"},"query-input":{"@type":"PropertyValueSpecification","valueRequired":true,"valueName":"search_term_string"}}],"inLanguage":"da-DK"},{"@type":"Organization","@id":"https:\/\/shop.bjerring-sales.dk\/#organization","name":"Bjerring-Salg","url":"https:\/\/shop.bjerring-sales.dk\/","logo":{"@type":"ImageObject","inLanguage":"da-DK","@id":"https:\/\/shop.bjerring-sales.dk\/#\/schema\/logo\/image\/","url":"https:\/\/shop.bjerring-sales.dk\/wp-content\/uploads\/2023\/01\/logo_sv.png","contentUrl":"https:\/\/shop.bjerring-sales.dk\/wp-content\/uploads\/2023\/01\/logo_sv.png","width":195,"height":68,"caption":"Bjerring-Sales"},"image":{"@id":"https:\/\/shop.bjerring-sales.dk\/#\/schema\/logo\/image\/"}}]}},"_links":{"self":[{"href":"https:\/\/shop.bjerring-sales.dk\/da\/wp-json\/wp\/v2\/product\/101272","targetHints":{"allow":["GET"]}}],"collection":[{"href":"https:\/\/shop.bjerring-sales.dk\/da\/wp-json\/wp\/v2\/product"}],"about":[{"href":"https:\/\/shop.bjerring-sales.dk\/da\/wp-json\/wp\/v2\/types\/product"}],"wp:featuredmedia":[{"embeddable":true,"href":"https:\/\/shop.bjerring-sales.dk\/da\/wp-json\/wp\/v2\/media\/101268"}],"wp:attachment":[{"href":"https:\/\/shop.bjerring-sales.dk\/da\/wp-json\/wp\/v2\/media?parent=101272"}],"wp:term":[{"taxonomy":"product_brand","embeddable":true,"href":"https:\/\/shop.bjerring-sales.dk\/da\/wp-json\/wp\/v2\/product_brand?post=101272"},{"taxonomy":"product_cat","embeddable":true,"href":"https:\/\/shop.bjerring-sales.dk\/da\/wp-json\/wp\/v2\/product_cat?post=101272"},{"taxonomy":"product_tag","embeddable":true,"href":"https:\/\/shop.bjerring-sales.dk\/da\/wp-json\/wp\/v2\/product_tag?post=101272"}],"curies":[{"name":"wp","href":"https:\/\/api.w.org\/{rel}","templated":true}]}}