{"id":100717,"date":"2025-04-25T13:07:59","date_gmt":"2025-04-25T11:07:59","guid":{"rendered":"https:\/\/shop.bjerring-sales.dk\/sv\/?post_type=product&#038;p=100717"},"modified":"2026-04-16T15:47:36","modified_gmt":"2026-04-16T13:47:36","slug":"helen-fallbart-bord-60x60cm","status":"publish","type":"product","link":"https:\/\/shop.bjerring-sales.dk\/da\/vare\/helen-fallbart-bord-60x60cm\/","title":{"rendered":"Helen klapbord 60x60cm"},"content":{"rendered":"<div class=\"wpb-content-wrapper\"><div class=\"vc_row wpb_row vc_row-fluid\"><div class=\"wpb_column vc_column_container vc_col-sm-12\"><div class=\"vc_column-inner\"><div class=\"wpb_wrapper\">\n\t<div class=\"wpb_text_column wpb_content_element\" >\n\t\t<div class=\"wpb_wrapper\">\n\t\t\t<p><span style=\"font-size: 24pt\">Et stilrent spisebord, der passer lige s\u00e5 godt indend\u00f8rs som udend\u00f8rs!<br \/>\n<\/span>Helen 60 er et meget robust og holdbart bord, der fungerer godt til b\u00e5de indend\u00f8rs og udend\u00f8rs brug. Bordet er velegnet som spisebord p\u00e5 altanen, i haven, p\u00e5 en restaurant og caf\u00e9.<\/p>\n\n\t\t<\/div>\n\t<\/div>\n<\/div><\/div><\/div><\/div><div class=\"vc_row wpb_row vc_row-fluid\"><div class=\"wpb_column vc_column_container vc_col-sm-4\"><div class=\"vc_column-inner\"><div class=\"wpb_wrapper\">\n\t<div  class=\"wpb_single_image wpb_content_element vc_align_center\">\n\t\t\n\t\t<figure class=\"wpb_wrapper vc_figure\">\n\t\t\t<div class=\"vc_single_image-wrapper vc_box_shadow_border  vc_box_border_grey\"><img loading=\"lazy\" decoding=\"async\" width=\"800\" height=\"609\" src=\"https:\/\/shop.bjerring-sales.dk\/wp-content\/uploads\/2025\/04\/elj-helen-fallbart-bord-60-square-miljobild-02-800px.jpg\" class=\"vc_single_image-img attachment-full\" alt=\"\" title=\"elj-helen-sammenklappeligt-bord-60-kvadratisk-milj\u00f8billede-02-800px\" srcset=\"https:\/\/shop.bjerring-sales.dk\/wp-content\/uploads\/2025\/04\/elj-helen-fallbart-bord-60-square-miljobild-02-800px.jpg 800w, https:\/\/shop.bjerring-sales.dk\/wp-content\/uploads\/2025\/04\/elj-helen-fallbart-bord-60-square-miljobild-02-800px-300x228.jpg 300w, https:\/\/shop.bjerring-sales.dk\/wp-content\/uploads\/2025\/04\/elj-helen-fallbart-bord-60-square-miljobild-02-800px-768x585.jpg 768w, https:\/\/shop.bjerring-sales.dk\/wp-content\/uploads\/2025\/04\/elj-helen-fallbart-bord-60-square-miljobild-02-800px-16x12.jpg 16w, https:\/\/shop.bjerring-sales.dk\/wp-content\/uploads\/2025\/04\/elj-helen-fallbart-bord-60-square-miljobild-02-800px-600x457.jpg 600w, https:\/\/shop.bjerring-sales.dk\/wp-content\/uploads\/2025\/04\/elj-helen-fallbart-bord-60-square-miljobild-02-800px-150x114.jpg 150w\" sizes=\"auto, (max-width: 800px) 100vw, 800px\" \/><\/div>\n\t\t<\/figure>\n\t<\/div>\n<\/div><\/div><\/div><div class=\"wpb_column vc_column_container vc_col-sm-4\"><div class=\"vc_column-inner\"><div class=\"wpb_wrapper\">\n\t<div  class=\"wpb_single_image wpb_content_element vc_align_center\">\n\t\t\n\t\t<figure class=\"wpb_wrapper vc_figure\">\n\t\t\t<div class=\"vc_single_image-wrapper vc_box_shadow_border  vc_box_border_grey\"><img loading=\"lazy\" decoding=\"async\" width=\"800\" height=\"609\" src=\"https:\/\/shop.bjerring-sales.dk\/wp-content\/uploads\/2025\/04\/elj-helen-fallbart-bord-60-square-miljobild-03-800px.jpg\" class=\"vc_single_image-img attachment-full\" alt=\"\" title=\"elj-helen-sammenklappeligt-bord-60-kvadratisk-milj\u00f8billede-03-800px\" srcset=\"https:\/\/shop.bjerring-sales.dk\/wp-content\/uploads\/2025\/04\/elj-helen-fallbart-bord-60-square-miljobild-03-800px.jpg 800w, https:\/\/shop.bjerring-sales.dk\/wp-content\/uploads\/2025\/04\/elj-helen-fallbart-bord-60-square-miljobild-03-800px-300x228.jpg 300w, https:\/\/shop.bjerring-sales.dk\/wp-content\/uploads\/2025\/04\/elj-helen-fallbart-bord-60-square-miljobild-03-800px-768x585.jpg 768w, https:\/\/shop.bjerring-sales.dk\/wp-content\/uploads\/2025\/04\/elj-helen-fallbart-bord-60-square-miljobild-03-800px-16x12.jpg 16w, https:\/\/shop.bjerring-sales.dk\/wp-content\/uploads\/2025\/04\/elj-helen-fallbart-bord-60-square-miljobild-03-800px-600x457.jpg 600w, https:\/\/shop.bjerring-sales.dk\/wp-content\/uploads\/2025\/04\/elj-helen-fallbart-bord-60-square-miljobild-03-800px-150x114.jpg 150w\" sizes=\"auto, (max-width: 800px) 100vw, 800px\" \/><\/div>\n\t\t<\/figure>\n\t<\/div>\n<\/div><\/div><\/div><div class=\"wpb_column vc_column_container vc_col-sm-4\"><div class=\"vc_column-inner\"><div class=\"wpb_wrapper\">\n\t<div  class=\"wpb_single_image wpb_content_element vc_align_center\">\n\t\t\n\t\t<figure class=\"wpb_wrapper vc_figure\">\n\t\t\t<div class=\"vc_single_image-wrapper vc_box_shadow_border  vc_box_border_grey\"><img loading=\"lazy\" decoding=\"async\" width=\"800\" height=\"609\" src=\"https:\/\/shop.bjerring-sales.dk\/wp-content\/uploads\/2025\/04\/elj-helen-fallbart-bord-60-square-miljobild-04-800px.jpg\" class=\"vc_single_image-img attachment-full\" alt=\"\" title=\"elj-helen-sammenklappeligt-bord-60-kvadratisk-milj\u00f8billede-04-800px\" srcset=\"https:\/\/shop.bjerring-sales.dk\/wp-content\/uploads\/2025\/04\/elj-helen-fallbart-bord-60-square-miljobild-04-800px.jpg 800w, https:\/\/shop.bjerring-sales.dk\/wp-content\/uploads\/2025\/04\/elj-helen-fallbart-bord-60-square-miljobild-04-800px-300x228.jpg 300w, https:\/\/shop.bjerring-sales.dk\/wp-content\/uploads\/2025\/04\/elj-helen-fallbart-bord-60-square-miljobild-04-800px-768x585.jpg 768w, https:\/\/shop.bjerring-sales.dk\/wp-content\/uploads\/2025\/04\/elj-helen-fallbart-bord-60-square-miljobild-04-800px-16x12.jpg 16w, https:\/\/shop.bjerring-sales.dk\/wp-content\/uploads\/2025\/04\/elj-helen-fallbart-bord-60-square-miljobild-04-800px-600x457.jpg 600w, https:\/\/shop.bjerring-sales.dk\/wp-content\/uploads\/2025\/04\/elj-helen-fallbart-bord-60-square-miljobild-04-800px-150x114.jpg 150w\" sizes=\"auto, (max-width: 800px) 100vw, 800px\" \/><\/div>\n\t\t<\/figure>\n\t<\/div>\n<\/div><\/div><\/div><\/div><div class=\"vc_row wpb_row vc_row-fluid\"><div class=\"wpb_column vc_column_container vc_col-sm-6\"><div class=\"vc_column-inner\"><div class=\"wpb_wrapper\">\n\t<div class=\"wpb_text_column wpb_content_element\" >\n\t\t<div class=\"wpb_wrapper\">\n\t\t\t<p><span style=\"font-size: 18pt\">Design<\/span><br \/>\nP\u00e5 grund af sit stilfulde design passer Helen 60 ind i de fleste milj\u00f8er. Helen-bordet er lavet af polypropylen, der er forst\u00e6rket med glasfiber. Bordet er designet til at modst\u00e5 vejrforhold og har aftagelige ben, hvilket g\u00f8r det nemt at transportere og opbevare.<\/p>\n<p><span style=\"font-size: 18pt\">Farver<\/span><br \/>\nHelen 60-bordet f\u00e5s i sort, m\u00f8rkegr\u00e5, taupe, olivengr\u00f8n, marasal og opalgr\u00f8n.<\/p>\n<p><span style=\"font-size: 18pt\"><a href=\"https:\/\/shop.bjerring-sales.dk\/wp-content\/uploads\/2025\/04\/helene60-60allafargerh.jpg\"><img loading=\"lazy\" decoding=\"async\" class=\"alignnone size-full wp-image-100856\" src=\"https:\/\/shop.bjerring-sales.dk\/wp-content\/uploads\/2025\/04\/helene60-60allafargerh.jpg\" alt=\"\" width=\"1507\" height=\"268\" srcset=\"https:\/\/shop.bjerring-sales.dk\/wp-content\/uploads\/2025\/04\/helene60-60allafargerh.jpg 1507w, https:\/\/shop.bjerring-sales.dk\/wp-content\/uploads\/2025\/04\/helene60-60allafargerh-300x53.jpg 300w, https:\/\/shop.bjerring-sales.dk\/wp-content\/uploads\/2025\/04\/helene60-60allafargerh-1024x182.jpg 1024w, https:\/\/shop.bjerring-sales.dk\/wp-content\/uploads\/2025\/04\/helene60-60allafargerh-768x137.jpg 768w, https:\/\/shop.bjerring-sales.dk\/wp-content\/uploads\/2025\/04\/helene60-60allafargerh-18x3.jpg 18w, https:\/\/shop.bjerring-sales.dk\/wp-content\/uploads\/2025\/04\/helene60-60allafargerh-600x107.jpg 600w, https:\/\/shop.bjerring-sales.dk\/wp-content\/uploads\/2025\/04\/helene60-60allafargerh-150x27.jpg 150w\" sizes=\"auto, (max-width: 1507px) 100vw, 1507px\" \/><\/a><\/span><\/p>\n<p><span style=\"font-size: 18pt\">Specifikationer<\/span><\/p>\n<ul>\n<li>Enkel og hurtig montering\/afmontering<\/li>\n<li>Plads til 4 personer<\/li>\n<li>Polypropylen forst\u00e6rket med glasfiber<\/li>\n<li>Robust<\/li>\n<li>Velegnet til b\u00e5de indend\u00f8rs og udend\u00f8rs<\/li>\n<li>UV-bestandig og vandafvisende<\/li>\n<li>Fremstillet i Europa<\/li>\n<\/ul>\n<p><span style=\"font-size: 18pt\">M\u00e5l<\/span><\/p>\n<ul>\n<li>H\u00f8jde: 74 cm<\/li>\n<li>Diameter: 60 cm<\/li>\n<li>L\u00e6ngde: 60 cm<\/li>\n<\/ul>\n\n\t\t<\/div>\n\t<\/div>\n<\/div><\/div><\/div><div class=\"wpb_column vc_column_container vc_col-sm-6\"><div class=\"vc_column-inner\"><div class=\"wpb_wrapper\">\n\t<div class=\"wpb_text_column wpb_content_element\" >\n\t\t<div class=\"wpb_wrapper\">\n\t\t\t<p><span style=\"font-size: 18pt\">V\u00e6gt<\/span><\/p>\n<ul>\n<li>5,5 kg<\/li>\n<\/ul>\n\n\t\t<\/div>\n\t<\/div>\n\n\t<div class=\"wpb_text_column wpb_content_element vc_custom_1748615447687\" >\n\t\t<div class=\"wpb_wrapper\">\n\t\t\t<p><span style=\"font-size: 18pt\">Video<\/span><\/p>\n\n\t\t<\/div>\n\t<\/div>\n\n\t<div class=\"wpb_video_widget wpb_content_element vc_clearfix vc_video-aspect-ratio-169 vc_video-el-width-100 vc_video-align-left wd-rs-683ad28b00e90\" >\n\t\t<div class=\"wpb_wrapper\">\n\t\t\t\n\t\t\t<div class=\"wpb_video_wrapper\"><iframe loading=\"lazy\" title=\"Siesta Eksklusiv | Helen Klapbord 60\" width=\"500\" height=\"281\" src=\"https:\/\/www.youtube.com\/embed\/h_AWw4w_wC0?feature=oembed\" frameborder=\"0\" allow=\"accelerometer; autoplay; clipboard-write; encrypted-media; gyroscope; picture-in-picture; web-share\" referrerpolicy=\"strict-origin-when-cross-origin\" allowfullscreen><\/iframe><\/div>\n\t\t<\/div>\n\t<\/div>\n\n\t<div class=\"wpb_text_column wpb_content_element\" >\n\t\t<div class=\"wpb_wrapper\">\n\t\t\t<p><span style=\"font-size: 18pt\">Dokument<\/span><br \/>\n<a href=\"https:\/\/shop.bjerring-sales.dk\/wp-content\/uploads\/2021\/03\/PDF-doc-16.png\"><img loading=\"lazy\" decoding=\"async\" class=\"alignnone size-full wp-image-72653\" src=\"https:\/\/shop.bjerring-sales.dk\/wp-content\/uploads\/2021\/03\/PDF-doc-16.png\" alt=\"\" width=\"16\" height=\"16\" \/><\/a> <a href=\"https:\/\/elj.se\/wp-content\/uploads\/2025\/04\/helen-60-fyrkantig-monteringsanvisning.pdf\" target=\"_blank\" rel=\"noopener\">Download monteringsvejledning<\/a><br \/>\n<a href=\"https:\/\/shop.bjerring-sales.dk\/wp-content\/uploads\/2021\/03\/PDF-doc-16.png\"><img loading=\"lazy\" decoding=\"async\" class=\"alignnone size-full wp-image-72653\" src=\"https:\/\/shop.bjerring-sales.dk\/wp-content\/uploads\/2021\/03\/PDF-doc-16.png\" alt=\"\" width=\"16\" height=\"16\" \/><\/a> <a href=\"https:\/\/elj.se\/wp-content\/uploads\/2025\/04\/helen-60-fyrkantig-produktblad.pdf\" target=\"_blank\" rel=\"noopener\">Download produktblad<\/a><\/p>\n\n\t\t<\/div>\n\t<\/div>\n<\/div><\/div><\/div><\/div>\n<\/div>","protected":false},"excerpt":{"rendered":"<p>Helen firkantede klapbord er lavet af slidst\u00e6rk, vejrbestandig nonwood. Det vil aldrig plette, ruste eller forfalde. Bordet er UV-beskyttet, hvilket betyder, at farverne bevarer deres glans over tid. Velegnet til b\u00e5de indend\u00f8rs og udend\u00f8rs brug.<\/p>","protected":false},"featured_media":100714,"template":"","meta":{"iawp_total_views":26},"product_brand":[],"product_cat":[5863,6343,6357,6304,5911],"product_tag":[6091,6169],"class_list":{"0":"post-100717","1":"product","2":"type-product","3":"status-publish","4":"has-post-thumbnail","6":"product_cat-fallbara-bord","7":"product_cat-bord-utomhus","8":"product_cat-siesta-exclusive","9":"product_cat-utemobler","10":"product_cat-cafebord","11":"product_tag-fallbart-runt-bord","12":"product_tag-fallbart-cafebord","14":"first","15":"instock","16":"taxable","17":"shipping-taxable","18":"purchasable","19":"product-type-variable"},"yoast_head":"<!-- This site is optimized with the Yoast SEO plugin v27.0 - https:\/\/yoast.com\/product\/yoast-seo-wordpress\/ -->\n<title>Helen f\u00e4llbart bord 60x60cm - Bjerring-Sales<\/title>\n<meta name=\"description\" content=\"Helen fyrkantigt f\u00e4llbord \u00e4r tillverkat av slitstark, v\u00e4derbest\u00e4ndig resin. Det kommer aldrig att fl\u00e4cka, rosta eller f\u00f6rfalla.\" \/>\n<meta name=\"robots\" content=\"index, follow, max-snippet:-1, max-image-preview:large, max-video-preview:-1\" \/>\n<link rel=\"canonical\" href=\"https:\/\/shop.bjerring-sales.dk\/da\/vare\/helen-fallbart-bord-60x60cm\/\" \/>\n<meta property=\"og:locale\" content=\"da_DK\" \/>\n<meta property=\"og:type\" content=\"article\" \/>\n<meta property=\"og:title\" content=\"Ett stilrent matbord som passar lika bra inomhus som utomhus!\" \/>\n<meta property=\"og:description\" content=\"Helen fyrkantigt f\u00e4llbord \u00e4r tillverkat av slitstark, v\u00e4derbest\u00e4ndig resin. Det kommer aldrig att fl\u00e4cka, rosta eller f\u00f6rfalla.\" \/>\n<meta property=\"og:url\" content=\"https:\/\/shop.bjerring-sales.dk\/da\/vare\/helen-fallbart-bord-60x60cm\/\" \/>\n<meta property=\"og:site_name\" content=\"Bjerring-Sales\" \/>\n<meta property=\"article:modified_time\" content=\"2026-04-16T13:47:36+00:00\" \/>\n<meta property=\"og:image\" content=\"https:\/\/shop.bjerring-sales.dk\/wp-content\/uploads\/2025\/04\/elj-helen-fallbart-bord-60-square-miljobild-02-800px.jpg\" \/>\n\t<meta property=\"og:image:width\" content=\"800\" \/>\n\t<meta property=\"og:image:height\" content=\"609\" \/>\n\t<meta property=\"og:image:type\" content=\"image\/jpeg\" \/>\n<meta name=\"twitter:card\" content=\"summary_large_image\" \/>\n<meta name=\"twitter:title\" content=\"Ett stilrent matbord som passar lika bra inomhus som utomhus!\" \/>\n<meta name=\"twitter:description\" content=\"Helen fyrkantigt f\u00e4llbord \u00e4r tillverkat av slitstark, v\u00e4derbest\u00e4ndig resin. Det kommer aldrig att fl\u00e4cka, rosta eller f\u00f6rfalla.\" \/>\n<meta name=\"twitter:image\" content=\"https:\/\/shop.bjerring-sales.dk\/wp-content\/uploads\/2025\/04\/elj-helen-fallbart-bord-60-square-miljobild-02-800px.jpg\" \/>\n<meta name=\"twitter:label1\" content=\"Estimeret l\u00e6setid\" \/>\n\t<meta name=\"twitter:data1\" content=\"3 minutter\" \/>\n<script type=\"application\/ld+json\" class=\"yoast-schema-graph\">{\"@context\":\"https:\/\/schema.org\",\"@graph\":[{\"@type\":\"WebPage\",\"@id\":\"https:\/\/shop.bjerring-sales.dk\/sv\/produkt\/helen-fallbart-bord-60x60cm\/\",\"url\":\"https:\/\/shop.bjerring-sales.dk\/sv\/produkt\/helen-fallbart-bord-60x60cm\/\",\"name\":\"Helen f\u00e4llbart bord 60x60cm - Bjerring-Sales\",\"isPartOf\":{\"@id\":\"https:\/\/shop.bjerring-sales.dk\/#website\"},\"primaryImageOfPage\":{\"@id\":\"https:\/\/shop.bjerring-sales.dk\/sv\/produkt\/helen-fallbart-bord-60x60cm\/#primaryimage\"},\"image\":{\"@id\":\"https:\/\/shop.bjerring-sales.dk\/sv\/produkt\/helen-fallbart-bord-60x60cm\/#primaryimage\"},\"thumbnailUrl\":\"https:\/\/shop.bjerring-sales.dk\/wp-content\/uploads\/2025\/03\/helen-folding-table-60-square-taupe-800x800px.jpg\",\"datePublished\":\"2025-04-25T11:07:59+00:00\",\"dateModified\":\"2026-04-16T13:47:36+00:00\",\"description\":\"Helen fyrkantigt f\u00e4llbord \u00e4r tillverkat av slitstark, v\u00e4derbest\u00e4ndig resin. Det kommer aldrig att fl\u00e4cka, rosta eller f\u00f6rfalla.\",\"breadcrumb\":{\"@id\":\"https:\/\/shop.bjerring-sales.dk\/sv\/produkt\/helen-fallbart-bord-60x60cm\/#breadcrumb\"},\"inLanguage\":\"da-DK\",\"potentialAction\":[{\"@type\":\"ReadAction\",\"target\":[\"https:\/\/shop.bjerring-sales.dk\/sv\/produkt\/helen-fallbart-bord-60x60cm\/\"]}]},{\"@type\":\"ImageObject\",\"inLanguage\":\"da-DK\",\"@id\":\"https:\/\/shop.bjerring-sales.dk\/sv\/produkt\/helen-fallbart-bord-60x60cm\/#primaryimage\",\"url\":\"https:\/\/shop.bjerring-sales.dk\/wp-content\/uploads\/2025\/03\/helen-folding-table-60-square-taupe-800x800px.jpg\",\"contentUrl\":\"https:\/\/shop.bjerring-sales.dk\/wp-content\/uploads\/2025\/03\/helen-folding-table-60-square-taupe-800x800px.jpg\",\"width\":800,\"height\":800},{\"@type\":\"BreadcrumbList\",\"@id\":\"https:\/\/shop.bjerring-sales.dk\/sv\/produkt\/helen-fallbart-bord-60x60cm\/#breadcrumb\",\"itemListElement\":[{\"@type\":\"ListItem\",\"position\":1,\"name\":\"Hem\",\"item\":\"https:\/\/shop.bjerring-sales.dk\/\"},{\"@type\":\"ListItem\",\"position\":2,\"name\":\"Webbutik\",\"item\":\"https:\/\/shop.bjerring-sales.dk\/butik\/\"},{\"@type\":\"ListItem\",\"position\":3,\"name\":\"Helen f\u00e4llbart bord 60x60cm\"}]},{\"@type\":\"WebSite\",\"@id\":\"https:\/\/shop.bjerring-sales.dk\/#website\",\"url\":\"https:\/\/shop.bjerring-sales.dk\/\",\"name\":\"Bjerring-Sales\",\"description\":\"M\u00f6bler f\u00f6r teatrar, skolor, kontor och k\u00f6pcentrum\",\"publisher\":{\"@id\":\"https:\/\/shop.bjerring-sales.dk\/#organization\"},\"potentialAction\":[{\"@type\":\"SearchAction\",\"target\":{\"@type\":\"EntryPoint\",\"urlTemplate\":\"https:\/\/shop.bjerring-sales.dk\/?s={search_term_string}\"},\"query-input\":{\"@type\":\"PropertyValueSpecification\",\"valueRequired\":true,\"valueName\":\"search_term_string\"}}],\"inLanguage\":\"da-DK\"},{\"@type\":\"Organization\",\"@id\":\"https:\/\/shop.bjerring-sales.dk\/#organization\",\"name\":\"Bjerring-Sales\",\"url\":\"https:\/\/shop.bjerring-sales.dk\/\",\"logo\":{\"@type\":\"ImageObject\",\"inLanguage\":\"da-DK\",\"@id\":\"https:\/\/shop.bjerring-sales.dk\/#\/schema\/logo\/image\/\",\"url\":\"https:\/\/shop.bjerring-sales.dk\/wp-content\/uploads\/2023\/01\/logo_sv.png\",\"contentUrl\":\"https:\/\/shop.bjerring-sales.dk\/wp-content\/uploads\/2023\/01\/logo_sv.png\",\"width\":195,\"height\":68,\"caption\":\"Bjerring-Sales\"},\"image\":{\"@id\":\"https:\/\/shop.bjerring-sales.dk\/#\/schema\/logo\/image\/\"}}]}<\/script>\n<!-- \/ Yoast SEO plugin. -->","yoast_head_json":{"title":"Helen f\u00e4llbart bord 60x60cm - Bjerring-Sales","description":"Helen fyrkantigt f\u00e4llbord \u00e4r tillverkat av slitstark, v\u00e4derbest\u00e4ndig resin. Det kommer aldrig att fl\u00e4cka, rosta eller f\u00f6rfalla.","robots":{"index":"index","follow":"follow","max-snippet":"max-snippet:-1","max-image-preview":"max-image-preview:large","max-video-preview":"max-video-preview:-1"},"canonical":"https:\/\/shop.bjerring-sales.dk\/da\/vare\/helen-fallbart-bord-60x60cm\/","og_locale":"da_DK","og_type":"article","og_title":"Ett stilrent matbord som passar lika bra inomhus som utomhus!","og_description":"Helen fyrkantigt f\u00e4llbord \u00e4r tillverkat av slitstark, v\u00e4derbest\u00e4ndig resin. Det kommer aldrig att fl\u00e4cka, rosta eller f\u00f6rfalla.","og_url":"https:\/\/shop.bjerring-sales.dk\/da\/vare\/helen-fallbart-bord-60x60cm\/","og_site_name":"Bjerring-Sales","article_modified_time":"2026-04-16T13:47:36+00:00","og_image":[{"width":800,"height":609,"url":"https:\/\/shop.bjerring-sales.dk\/wp-content\/uploads\/2025\/04\/elj-helen-fallbart-bord-60-square-miljobild-02-800px.jpg","type":"image\/jpeg"}],"twitter_card":"summary_large_image","twitter_title":"Ett stilrent matbord som passar lika bra inomhus som utomhus!","twitter_description":"Helen fyrkantigt f\u00e4llbord \u00e4r tillverkat av slitstark, v\u00e4derbest\u00e4ndig resin. Det kommer aldrig att fl\u00e4cka, rosta eller f\u00f6rfalla.","twitter_image":"https:\/\/shop.bjerring-sales.dk\/wp-content\/uploads\/2025\/04\/elj-helen-fallbart-bord-60-square-miljobild-02-800px.jpg","twitter_misc":{"Estimeret l\u00e6setid":"3 minutter"},"schema":{"@context":"https:\/\/schema.org","@graph":[{"@type":"WebPage","@id":"https:\/\/shop.bjerring-sales.dk\/sv\/produkt\/helen-fallbart-bord-60x60cm\/","url":"https:\/\/shop.bjerring-sales.dk\/sv\/produkt\/helen-fallbart-bord-60x60cm\/","name":"Helen f\u00e4llbart bord 60x60cm - Bjerring-Sales","isPartOf":{"@id":"https:\/\/shop.bjerring-sales.dk\/#website"},"primaryImageOfPage":{"@id":"https:\/\/shop.bjerring-sales.dk\/sv\/produkt\/helen-fallbart-bord-60x60cm\/#primaryimage"},"image":{"@id":"https:\/\/shop.bjerring-sales.dk\/sv\/produkt\/helen-fallbart-bord-60x60cm\/#primaryimage"},"thumbnailUrl":"https:\/\/shop.bjerring-sales.dk\/wp-content\/uploads\/2025\/03\/helen-folding-table-60-square-taupe-800x800px.jpg","datePublished":"2025-04-25T11:07:59+00:00","dateModified":"2026-04-16T13:47:36+00:00","description":"Helen fyrkantigt f\u00e4llbord \u00e4r tillverkat av slitstark, v\u00e4derbest\u00e4ndig resin. Det kommer aldrig att fl\u00e4cka, rosta eller f\u00f6rfalla.","breadcrumb":{"@id":"https:\/\/shop.bjerring-sales.dk\/sv\/produkt\/helen-fallbart-bord-60x60cm\/#breadcrumb"},"inLanguage":"da-DK","potentialAction":[{"@type":"ReadAction","target":["https:\/\/shop.bjerring-sales.dk\/sv\/produkt\/helen-fallbart-bord-60x60cm\/"]}]},{"@type":"ImageObject","inLanguage":"da-DK","@id":"https:\/\/shop.bjerring-sales.dk\/sv\/produkt\/helen-fallbart-bord-60x60cm\/#primaryimage","url":"https:\/\/shop.bjerring-sales.dk\/wp-content\/uploads\/2025\/03\/helen-folding-table-60-square-taupe-800x800px.jpg","contentUrl":"https:\/\/shop.bjerring-sales.dk\/wp-content\/uploads\/2025\/03\/helen-folding-table-60-square-taupe-800x800px.jpg","width":800,"height":800},{"@type":"BreadcrumbList","@id":"https:\/\/shop.bjerring-sales.dk\/sv\/produkt\/helen-fallbart-bord-60x60cm\/#breadcrumb","itemListElement":[{"@type":"ListItem","position":1,"name":"Hem","item":"https:\/\/shop.bjerring-sales.dk\/"},{"@type":"ListItem","position":2,"name":"Webbutik","item":"https:\/\/shop.bjerring-sales.dk\/butik\/"},{"@type":"ListItem","position":3,"name":"Helen f\u00e4llbart bord 60x60cm"}]},{"@type":"WebSite","@id":"https:\/\/shop.bjerring-sales.dk\/#website","url":"https:\/\/shop.bjerring-sales.dk\/","name":"Bjerring-Salg","description":"M\u00f8bler til teatre, skoler, kontorer og indk\u00f8bscentre","publisher":{"@id":"https:\/\/shop.bjerring-sales.dk\/#organization"},"potentialAction":[{"@type":"SearchAction","target":{"@type":"EntryPoint","urlTemplate":"https:\/\/shop.bjerring-sales.dk\/?s={search_term_string}"},"query-input":{"@type":"PropertyValueSpecification","valueRequired":true,"valueName":"search_term_string"}}],"inLanguage":"da-DK"},{"@type":"Organization","@id":"https:\/\/shop.bjerring-sales.dk\/#organization","name":"Bjerring-Salg","url":"https:\/\/shop.bjerring-sales.dk\/","logo":{"@type":"ImageObject","inLanguage":"da-DK","@id":"https:\/\/shop.bjerring-sales.dk\/#\/schema\/logo\/image\/","url":"https:\/\/shop.bjerring-sales.dk\/wp-content\/uploads\/2023\/01\/logo_sv.png","contentUrl":"https:\/\/shop.bjerring-sales.dk\/wp-content\/uploads\/2023\/01\/logo_sv.png","width":195,"height":68,"caption":"Bjerring-Sales"},"image":{"@id":"https:\/\/shop.bjerring-sales.dk\/#\/schema\/logo\/image\/"}}]}},"_links":{"self":[{"href":"https:\/\/shop.bjerring-sales.dk\/da\/wp-json\/wp\/v2\/product\/100717","targetHints":{"allow":["GET"]}}],"collection":[{"href":"https:\/\/shop.bjerring-sales.dk\/da\/wp-json\/wp\/v2\/product"}],"about":[{"href":"https:\/\/shop.bjerring-sales.dk\/da\/wp-json\/wp\/v2\/types\/product"}],"wp:featuredmedia":[{"embeddable":true,"href":"https:\/\/shop.bjerring-sales.dk\/da\/wp-json\/wp\/v2\/media\/100714"}],"wp:attachment":[{"href":"https:\/\/shop.bjerring-sales.dk\/da\/wp-json\/wp\/v2\/media?parent=100717"}],"wp:term":[{"taxonomy":"product_brand","embeddable":true,"href":"https:\/\/shop.bjerring-sales.dk\/da\/wp-json\/wp\/v2\/product_brand?post=100717"},{"taxonomy":"product_cat","embeddable":true,"href":"https:\/\/shop.bjerring-sales.dk\/da\/wp-json\/wp\/v2\/product_cat?post=100717"},{"taxonomy":"product_tag","embeddable":true,"href":"https:\/\/shop.bjerring-sales.dk\/da\/wp-json\/wp\/v2\/product_tag?post=100717"}],"curies":[{"name":"wp","href":"https:\/\/api.w.org\/{rel}","templated":true}]}}