{"id":100651,"date":"2025-03-13T21:46:53","date_gmt":"2025-03-13T20:46:53","guid":{"rendered":"https:\/\/shop.bjerring-sales.dk\/sv\/?post_type=product&#038;p=100651"},"modified":"2026-03-16T19:53:53","modified_gmt":"2026-03-16T18:53:53","slug":"stamatta-adapt","status":"publish","type":"product","link":"https:\/\/shop.bjerring-sales.dk\/da\/vare\/stamatta-adapt\/","title":{"rendered":"Adapt st\u00e5m\u00e5tte"},"content":{"rendered":"<div class=\"wpb-content-wrapper\"><div class=\"vc_row wpb_row vc_row-fluid\"><div class=\"wpb_column vc_column_container vc_col-sm-12\"><div class=\"vc_column-inner\"><div class=\"wpb_wrapper\">\n\t<div class=\"wpb_text_column wpb_content_element\" >\n\t\t<div class=\"wpb_wrapper\">\n\t\t\t<p><span style=\"font-size: 24pt;\">Perfekt til brug med justerbare skriveborde!<br \/>\n<\/span>Skab et mere behageligt og sundere arbejdsmilj\u00f8 med en ergonomisk designet fodm\u00e5tte, der reducerer belastningen fra langvarig st\u00e5ende stilling. Den st\u00f8dabsorberende konstruktion stimulerer blodcirkulationen, giver st\u00e6rk st\u00f8tte til fods\u00e5lerne og modvirker tr\u00e6thed og smerter i ben og f\u00f8dder. M\u00e5tten er lavet af slidst\u00e6rkt gummi gelskum, der kan modst\u00e5 intensiv brug uden at revne, g\u00e5 i stykker eller miste sin form over tid. Den skridsikre overflade p\u00e5 b\u00e5de for- og bagside minimerer risikoen for, at m\u00e5tten glider, selv i omr\u00e5der med meget bev\u00e6gelse. De skr\u00e5 kanter er kant fri og reducerer risikoen for at snuble, samtidig med at det er nemt at rulle en kontorstol op p\u00e5 og af t\u00e6ppet. Materialet er ogs\u00e5 vandafvisende og nemt at reng\u00f8re med en st\u00f8vsuger eller en fugtig klud \u2013 perfekt til b\u00e5de hjemmekontorer og professionelle arbejdspladser.<\/p>\n\n\t\t<\/div>\n\t<\/div>\n<\/div><\/div><\/div><\/div><div class=\"vc_row wpb_row vc_row-fluid\"><div class=\"wpb_column vc_column_container vc_col-sm-6\"><div class=\"vc_column-inner\"><div class=\"wpb_wrapper\">\n\t<div  class=\"wpb_single_image wpb_content_element vc_align_center\">\n\t\t\n\t\t<figure class=\"wpb_wrapper vc_figure\">\n\t\t\t<div class=\"vc_single_image-wrapper vc_box_shadow_border  vc_box_border_grey\"><img loading=\"lazy\" decoding=\"async\" width=\"800\" height=\"534\" src=\"https:\/\/shop.bjerring-sales.dk\/wp-content\/uploads\/2025\/03\/stamatta20.webp\" class=\"vc_single_image-img attachment-full\" alt=\"\" title=\"stamatta20\" srcset=\"https:\/\/shop.bjerring-sales.dk\/wp-content\/uploads\/2025\/03\/stamatta20.webp 800w, https:\/\/shop.bjerring-sales.dk\/wp-content\/uploads\/2025\/03\/stamatta20-300x200.webp 300w, https:\/\/shop.bjerring-sales.dk\/wp-content\/uploads\/2025\/03\/stamatta20-768x513.webp 768w, https:\/\/shop.bjerring-sales.dk\/wp-content\/uploads\/2025\/03\/stamatta20-18x12.webp 18w, https:\/\/shop.bjerring-sales.dk\/wp-content\/uploads\/2025\/03\/stamatta20-600x401.webp 600w, https:\/\/shop.bjerring-sales.dk\/wp-content\/uploads\/2025\/03\/stamatta20-150x100.webp 150w\" sizes=\"auto, (max-width: 800px) 100vw, 800px\" \/><\/div>\n\t\t<\/figure>\n\t<\/div>\n<\/div><\/div><\/div><div class=\"wpb_column vc_column_container vc_col-sm-6\"><div class=\"vc_column-inner\"><div class=\"wpb_wrapper\">\n\t<div  class=\"wpb_single_image wpb_content_element vc_align_center\">\n\t\t\n\t\t<figure class=\"wpb_wrapper vc_figure\">\n\t\t\t<div class=\"vc_single_image-wrapper vc_box_shadow_border  vc_box_border_grey\"><img loading=\"lazy\" decoding=\"async\" width=\"800\" height=\"534\" src=\"https:\/\/shop.bjerring-sales.dk\/wp-content\/uploads\/2025\/03\/stamatta21.webp\" class=\"vc_single_image-img attachment-full\" alt=\"\" title=\"stamatta21\" srcset=\"https:\/\/shop.bjerring-sales.dk\/wp-content\/uploads\/2025\/03\/stamatta21.webp 800w, https:\/\/shop.bjerring-sales.dk\/wp-content\/uploads\/2025\/03\/stamatta21-300x200.webp 300w, https:\/\/shop.bjerring-sales.dk\/wp-content\/uploads\/2025\/03\/stamatta21-768x513.webp 768w, https:\/\/shop.bjerring-sales.dk\/wp-content\/uploads\/2025\/03\/stamatta21-18x12.webp 18w, https:\/\/shop.bjerring-sales.dk\/wp-content\/uploads\/2025\/03\/stamatta21-600x401.webp 600w, https:\/\/shop.bjerring-sales.dk\/wp-content\/uploads\/2025\/03\/stamatta21-150x100.webp 150w\" sizes=\"auto, (max-width: 800px) 100vw, 800px\" \/><\/div>\n\t\t<\/figure>\n\t<\/div>\n<\/div><\/div><\/div><\/div><div class=\"vc_row wpb_row vc_row-fluid\"><div class=\"wpb_column vc_column_container vc_col-sm-12\"><div class=\"vc_column-inner\"><div class=\"wpb_wrapper\">\n\t<div class=\"wpb_text_column wpb_content_element\" >\n\t\t<div class=\"wpb_wrapper\">\n\t\t\t<p><span style=\"font-size: 18pt;\">Anvendelsesomr\u00e5de<\/span><br \/>\nAdapt ergonomiske st\u00e5m\u00e5tte er perfekt til brug med h\u00f8jdejusterbare skriveborde samt lignende st\u00e5ende arbejdsstationer. Adapt st\u00e5m\u00e5tten er velegnet til brug p\u00e5 kontorer, hjemmekontorer og er ogs\u00e5 velegnet til butikker. Du kan bruge m\u00e5tten med eller uden sko, belastningen fordeles mellem dine ben og f\u00f8dder.<\/p>\n\n\t\t<\/div>\n\t<\/div>\n<\/div><\/div><\/div><\/div><div class=\"vc_row wpb_row vc_row-fluid\"><div class=\"wpb_column vc_column_container vc_col-sm-6\"><div class=\"vc_column-inner\"><div class=\"wpb_wrapper\">\n\t<div  class=\"wpb_single_image wpb_content_element vc_align_center\">\n\t\t\n\t\t<figure class=\"wpb_wrapper vc_figure\">\n\t\t\t<div class=\"vc_single_image-wrapper vc_box_shadow_border  vc_box_border_grey\"><img loading=\"lazy\" decoding=\"async\" width=\"800\" height=\"533\" src=\"https:\/\/shop.bjerring-sales.dk\/wp-content\/uploads\/2025\/03\/stamatta22.webp\" class=\"vc_single_image-img attachment-full\" alt=\"\" title=\"stamatta22\" srcset=\"https:\/\/shop.bjerring-sales.dk\/wp-content\/uploads\/2025\/03\/stamatta22.webp 800w, https:\/\/shop.bjerring-sales.dk\/wp-content\/uploads\/2025\/03\/stamatta22-300x200.webp 300w, https:\/\/shop.bjerring-sales.dk\/wp-content\/uploads\/2025\/03\/stamatta22-768x512.webp 768w, https:\/\/shop.bjerring-sales.dk\/wp-content\/uploads\/2025\/03\/stamatta22-18x12.webp 18w, https:\/\/shop.bjerring-sales.dk\/wp-content\/uploads\/2025\/03\/stamatta22-600x400.webp 600w, https:\/\/shop.bjerring-sales.dk\/wp-content\/uploads\/2025\/03\/stamatta22-150x100.webp 150w\" sizes=\"auto, (max-width: 800px) 100vw, 800px\" \/><\/div>\n\t\t<\/figure>\n\t<\/div>\n<\/div><\/div><\/div><div class=\"wpb_column vc_column_container vc_col-sm-6\"><div class=\"vc_column-inner\"><div class=\"wpb_wrapper\">\n\t<div  class=\"wpb_single_image wpb_content_element vc_align_center\">\n\t\t\n\t\t<figure class=\"wpb_wrapper vc_figure\">\n\t\t\t<div class=\"vc_single_image-wrapper vc_box_shadow_border  vc_box_border_grey\"><img loading=\"lazy\" decoding=\"async\" width=\"800\" height=\"533\" src=\"https:\/\/shop.bjerring-sales.dk\/wp-content\/uploads\/2025\/03\/stamatta23.jpg\" class=\"vc_single_image-img attachment-full\" alt=\"\" title=\"stamatta23\" srcset=\"https:\/\/shop.bjerring-sales.dk\/wp-content\/uploads\/2025\/03\/stamatta23.jpg 800w, https:\/\/shop.bjerring-sales.dk\/wp-content\/uploads\/2025\/03\/stamatta23-300x200.jpg 300w, https:\/\/shop.bjerring-sales.dk\/wp-content\/uploads\/2025\/03\/stamatta23-768x512.jpg 768w, https:\/\/shop.bjerring-sales.dk\/wp-content\/uploads\/2025\/03\/stamatta23-18x12.jpg 18w, https:\/\/shop.bjerring-sales.dk\/wp-content\/uploads\/2025\/03\/stamatta23-600x400.jpg 600w, https:\/\/shop.bjerring-sales.dk\/wp-content\/uploads\/2025\/03\/stamatta23-150x100.jpg 150w\" sizes=\"auto, (max-width: 800px) 100vw, 800px\" \/><\/div>\n\t\t<\/figure>\n\t<\/div>\n<\/div><\/div><\/div><\/div><div class=\"vc_row wpb_row vc_row-fluid\"><div class=\"wpb_column vc_column_container vc_col-sm-12\"><div class=\"vc_column-inner\"><div class=\"wpb_wrapper\"><div class=\"vc_row wpb_row vc_inner vc_row-fluid\"><div class=\"wpb_column vc_column_container vc_col-sm-12\"><div class=\"vc_column-inner\"><div class=\"wpb_wrapper\"><div class=\"vc_separator wpb_content_element vc_separator_align_center vc_sep_width_100 vc_sep_pos_align_center vc_separator_no_text vc_sep_color_grey vc_custom_1745072233152\" ><span class=\"vc_sep_holder vc_sep_holder_l\"><span class=\"vc_sep_line\"><\/span><\/span><span class=\"vc_sep_holder vc_sep_holder_r\"><span class=\"vc_sep_line\"><\/span><\/span>\n<\/div><\/div><\/div><\/div><\/div><div class=\"vc_row wpb_row vc_inner vc_row-fluid\"><div class=\"wpb_column vc_column_container vc_col-sm-6\"><div class=\"vc_column-inner\"><div class=\"wpb_wrapper\">\n\t<div class=\"wpb_text_column wpb_content_element vc_custom_1745304263004\" >\n\t\t<div class=\"wpb_wrapper\">\n\t\t\t<div class=\"vc_row wpb_row vc_row-fluid\">\n<div class=\"wpb_column vc_column_container vc_col-sm-12\">\n<div class=\"vc_column-inner\">\n<div class=\"wpb_wrapper\">\n<div class=\"wpb_text_column wpb_content_element\">\n<div class=\"wpb_wrapper\">\n<p><span style=\"font-size: 18pt;\">Specifikationer<\/span><\/p>\n<ul>\n<li>Sort farve<\/li>\n<li>Overflade 100 % PVC<\/li>\n<li>Indvendig PU<\/li>\n<li>Vandafvisende<\/li>\n<\/ul>\n<p><span style=\"font-size: 18pt;\">St\u00e5m\u00e5tte 76x51cm<\/span><\/p>\n<ul>\n<li>Dimensioner: 762 x 510 x 20 mm<\/li>\n<li>V\u00e6gt: 1,35 kg<\/li>\n<\/ul>\n<\/div>\n<\/div>\n<\/div>\n<\/div>\n<\/div>\n<\/div>\n<div class=\"vc_row wpb_row vc_row-fluid\">\n<div class=\"wpb_column vc_column_container vc_col-sm-4\">\n<div class=\"vc_column-inner\">\n<div class=\"wpb_wrapper\"><\/div>\n<\/div>\n<\/div>\n<\/div>\n\n\t\t<\/div>\n\t<\/div>\n<\/div><\/div><\/div><div class=\"wpb_column vc_column_container vc_col-sm-6\"><div class=\"vc_column-inner\"><div class=\"wpb_wrapper\">\n\t<div class=\"wpb_text_column wpb_content_element vc_custom_1745304254580\" >\n\t\t<div class=\"wpb_wrapper\">\n\t\t\t<div class=\"vc_row wpb_row vc_row-fluid\">\n<div class=\"wpb_column vc_column_container vc_col-sm-12\">\n<div class=\"vc_column-inner\">\n<div class=\"wpb_wrapper\">\n<div class=\"wpb_text_column wpb_content_element\">\n<div class=\"wpb_wrapper\">\n<p><span style=\"font-size: 18pt;\">St\u00e5m\u00e5tte 99x51cm<\/span><\/p>\n<ul>\n<li>Dimensioner: 990 x 510 x 20 mm<\/li>\n<li>V\u00e6gt: 1,6 kg<\/li>\n<\/ul>\n<\/div>\n<\/div>\n<\/div>\n<\/div>\n<\/div>\n<\/div>\n<div class=\"vc_row wpb_row vc_row-fluid\">\n<div class=\"wpb_column vc_column_container vc_col-sm-4\">\n<div class=\"vc_column-inner\">\n<div class=\"wpb_wrapper\"><\/div>\n<\/div>\n<\/div>\n<\/div>\n\n\t\t<\/div>\n\t<\/div>\n\n\t<div class=\"wpb_text_column wpb_content_element\" >\n\t\t<div class=\"wpb_wrapper\">\n\t\t\t<p><a href=\"https:\/\/shop.bjerring-sales.dk\/wp-content\/uploads\/2025\/03\/stamatta24.webp\"><img loading=\"lazy\" decoding=\"async\" class=\"alignnone size-full wp-image-100800\" src=\"https:\/\/shop.bjerring-sales.dk\/wp-content\/uploads\/2025\/03\/stamatta24.webp\" alt=\"\" width=\"505\" height=\"123\" srcset=\"https:\/\/shop.bjerring-sales.dk\/wp-content\/uploads\/2025\/03\/stamatta24.webp 505w, https:\/\/shop.bjerring-sales.dk\/wp-content\/uploads\/2025\/03\/stamatta24-300x73.webp 300w, https:\/\/shop.bjerring-sales.dk\/wp-content\/uploads\/2025\/03\/stamatta24-18x4.webp 18w, https:\/\/shop.bjerring-sales.dk\/wp-content\/uploads\/2025\/03\/stamatta24-150x37.webp 150w\" sizes=\"auto, (max-width: 505px) 100vw, 505px\" \/><\/a><\/p>\n<p><a href=\"https:\/\/shop.bjerring-sales.dk\/wp-content\/uploads\/2025\/03\/stamatta25.webp\"><img loading=\"lazy\" decoding=\"async\" class=\"alignnone size-full wp-image-100801\" src=\"https:\/\/shop.bjerring-sales.dk\/wp-content\/uploads\/2025\/03\/stamatta25.webp\" alt=\"\" width=\"528\" height=\"112\" srcset=\"https:\/\/shop.bjerring-sales.dk\/wp-content\/uploads\/2025\/03\/stamatta25.webp 528w, https:\/\/shop.bjerring-sales.dk\/wp-content\/uploads\/2025\/03\/stamatta25-300x64.webp 300w, https:\/\/shop.bjerring-sales.dk\/wp-content\/uploads\/2025\/03\/stamatta25-18x4.webp 18w, https:\/\/shop.bjerring-sales.dk\/wp-content\/uploads\/2025\/03\/stamatta25-150x32.webp 150w\" sizes=\"auto, (max-width: 528px) 100vw, 528px\" \/><\/a><\/p>\n\n\t\t<\/div>\n\t<\/div>\n<\/div><\/div><\/div><\/div><\/div><\/div><\/div><\/div>\n<\/div>","protected":false},"excerpt":{"rendered":"<p><span class=\"TextRun SCXO22789653 BCX0\" lang=\"SV-SE\" xml:lang=\"SV-SE\" data-contrast=\"none\"><span class=\"SpellingError SCXO22789653 BCX0\">St\u00e5m\u00e5tte<\/span><span class=\"NormalTextRun SCXO22789653 BCX0\">\u00a0<\/span><span class=\"SpellingError SCXO22789653 BCX0\">Adapt<\/span><span class=\"NormalTextRun SCXO22789653 BCX0\"> er velegnet til brug p\u00e5 kontorer, hjemmekontorer og passer ogs\u00e5 godt i butikker.<\/span><span class=\"NormalTextRun SCXO22789653 BCX0\">\u00a0Du kan bruge m\u00e5tten med eller uden sko, belastningen fordeles mellem dine ben og f\u00f8dder.\u00a0<\/span><\/span><span class=\"TextRun SCXO22789653 BCX0\" lang=\"SV-SE\" xml:lang=\"SV-SE\" data-contrast=\"none\"><span class=\"NormalTextRun SCXO22789653 BCX0\">F\u00e5s i 2 st\u00f8rrelser.<\/span><\/span><span class=\"EOP SCXO22789653 BCX0\">\u00a0<\/span><\/p>","protected":false},"featured_media":100664,"template":"","meta":{"iawp_total_views":2},"product_brand":[],"product_cat":[5785,5798,6025],"product_tag":[5793,6248,6250,6252],"class_list":{"0":"post-100651","1":"product","2":"type-product","3":"status-publish","4":"has-post-thumbnail","6":"product_cat-hemmakontor","7":"product_cat-kontorsprodukter","8":"product_cat-ergonomiskt-sittande","9":"product_tag-ergonomi","10":"product_tag-aktivt-staende","11":"product_tag-aktivt-arbete","12":"product_tag-ergonomisk-matta","14":"first","15":"instock","16":"taxable","17":"shipping-taxable","18":"purchasable","19":"product-type-variable"},"yoast_head":"<!-- This site is optimized with the Yoast SEO plugin v27.0 - https:\/\/yoast.com\/product\/yoast-seo-wordpress\/ -->\n<title>St\u00e5matta Adapt - Bjerring-Sales<\/title>\n<meta name=\"description\" content=\"St\u00e5matta Adapt \u00e4r l\u00e4mplig f\u00f6r anv\u00e4ndning i kontor, hemmakontor och passar \u00e4ven bra i butiker. Det g\u00e5r lika bra att anv\u00e4nda matta med eller utan skor, belastningen f\u00f6rdelas mellan dina ben och f\u00f6tter. Finns i 2 storlekar.\" \/>\n<meta name=\"robots\" content=\"index, follow, max-snippet:-1, max-image-preview:large, max-video-preview:-1\" \/>\n<link rel=\"canonical\" href=\"https:\/\/shop.bjerring-sales.dk\/da\/product\/stamatta-adapt\/\" \/>\n<meta property=\"og:locale\" content=\"da_DK\" \/>\n<meta property=\"og:type\" content=\"article\" \/>\n<meta property=\"og:title\" content=\"Perfekt f\u00f6r anv\u00e4ndning tillsammans med h\u00f6j och s\u00e4nkbara skrivbord!\" \/>\n<meta property=\"og:description\" content=\"St\u00e5matta Adapt \u00e4r l\u00e4mplig f\u00f6r anv\u00e4ndning i kontor, hemmakontor och passar \u00e4ven bra i butiker. Det g\u00e5r lika bra att anv\u00e4nda matta med eller utan skor, belastningen f\u00f6rdelas mellan dina ben och f\u00f6tter. Finns i 2 storlekar.\" \/>\n<meta property=\"og:url\" content=\"https:\/\/shop.bjerring-sales.dk\/da\/product\/stamatta-adapt\/\" \/>\n<meta property=\"og:site_name\" content=\"Bjerring-Sales\" \/>\n<meta property=\"article:modified_time\" content=\"2026-03-16T18:53:53+00:00\" \/>\n<meta property=\"og:image\" content=\"https:\/\/shop.bjerring-sales.dk\/wp-content\/uploads\/2025\/03\/stamatta20.webp\" \/>\n\t<meta property=\"og:image:width\" content=\"800\" \/>\n\t<meta property=\"og:image:height\" content=\"534\" \/>\n\t<meta property=\"og:image:type\" content=\"image\/webp\" \/>\n<meta name=\"twitter:card\" content=\"summary_large_image\" \/>\n<meta name=\"twitter:title\" content=\"Perfekt f\u00f6r anv\u00e4ndning tillsammans med h\u00f6j och s\u00e4nkbara skrivbord!\" \/>\n<meta name=\"twitter:description\" content=\"St\u00e5matta Adapt \u00e4r l\u00e4mplig f\u00f6r anv\u00e4ndning i kontor, hemmakontor och passar \u00e4ven bra i butiker. Det g\u00e5r lika bra att anv\u00e4nda matta med eller utan skor, belastningen f\u00f6rdelas mellan dina ben och f\u00f6tter. Finns i 2 storlekar.\" \/>\n<meta name=\"twitter:image\" content=\"https:\/\/shop.bjerring-sales.dk\/wp-content\/uploads\/2025\/03\/stamatta20.webp\" \/>\n<meta name=\"twitter:label1\" content=\"Estimeret l\u00e6setid\" \/>\n\t<meta name=\"twitter:data1\" content=\"3 minutter\" \/>\n<script type=\"application\/ld+json\" class=\"yoast-schema-graph\">{\"@context\":\"https:\/\/schema.org\",\"@graph\":[{\"@type\":\"WebPage\",\"@id\":\"https:\/\/shop.bjerring-sales.dk\/product\/stamatta-adapt\/\",\"url\":\"https:\/\/shop.bjerring-sales.dk\/product\/stamatta-adapt\/\",\"name\":\"St\u00e5matta Adapt - Bjerring-Sales\",\"isPartOf\":{\"@id\":\"https:\/\/shop.bjerring-sales.dk\/#website\"},\"primaryImageOfPage\":{\"@id\":\"https:\/\/shop.bjerring-sales.dk\/product\/stamatta-adapt\/#primaryimage\"},\"image\":{\"@id\":\"https:\/\/shop.bjerring-sales.dk\/product\/stamatta-adapt\/#primaryimage\"},\"thumbnailUrl\":\"https:\/\/shop.bjerring-sales.dk\/wp-content\/uploads\/2025\/03\/elj-stamatta-adapt-76x51cm-800x800px.jpg\",\"datePublished\":\"2025-03-13T20:46:53+00:00\",\"dateModified\":\"2026-03-16T18:53:53+00:00\",\"description\":\"St\u00e5matta Adapt \u00e4r l\u00e4mplig f\u00f6r anv\u00e4ndning i kontor, hemmakontor och passar \u00e4ven bra i butiker. Det g\u00e5r lika bra att anv\u00e4nda matta med eller utan skor, belastningen f\u00f6rdelas mellan dina ben och f\u00f6tter. Finns i 2 storlekar.\",\"breadcrumb\":{\"@id\":\"https:\/\/shop.bjerring-sales.dk\/product\/stamatta-adapt\/#breadcrumb\"},\"inLanguage\":\"da-DK\",\"potentialAction\":[{\"@type\":\"ReadAction\",\"target\":[\"https:\/\/shop.bjerring-sales.dk\/product\/stamatta-adapt\/\"]}]},{\"@type\":\"ImageObject\",\"inLanguage\":\"da-DK\",\"@id\":\"https:\/\/shop.bjerring-sales.dk\/product\/stamatta-adapt\/#primaryimage\",\"url\":\"https:\/\/shop.bjerring-sales.dk\/wp-content\/uploads\/2025\/03\/elj-stamatta-adapt-76x51cm-800x800px.jpg\",\"contentUrl\":\"https:\/\/shop.bjerring-sales.dk\/wp-content\/uploads\/2025\/03\/elj-stamatta-adapt-76x51cm-800x800px.jpg\",\"width\":800,\"height\":800},{\"@type\":\"BreadcrumbList\",\"@id\":\"https:\/\/shop.bjerring-sales.dk\/product\/stamatta-adapt\/#breadcrumb\",\"itemListElement\":[{\"@type\":\"ListItem\",\"position\":1,\"name\":\"Hem\",\"item\":\"https:\/\/shop.bjerring-sales.dk\/\"},{\"@type\":\"ListItem\",\"position\":2,\"name\":\"Webbutik\",\"item\":\"https:\/\/shop.bjerring-sales.dk\/butik\/\"},{\"@type\":\"ListItem\",\"position\":3,\"name\":\"St\u00e5matta Adapt\"}]},{\"@type\":\"WebSite\",\"@id\":\"https:\/\/shop.bjerring-sales.dk\/#website\",\"url\":\"https:\/\/shop.bjerring-sales.dk\/\",\"name\":\"Bjerring-Sales\",\"description\":\"M\u00f6bler f\u00f6r teatrar, skolor, kontor och k\u00f6pcentrum\",\"publisher\":{\"@id\":\"https:\/\/shop.bjerring-sales.dk\/#organization\"},\"potentialAction\":[{\"@type\":\"SearchAction\",\"target\":{\"@type\":\"EntryPoint\",\"urlTemplate\":\"https:\/\/shop.bjerring-sales.dk\/?s={search_term_string}\"},\"query-input\":{\"@type\":\"PropertyValueSpecification\",\"valueRequired\":true,\"valueName\":\"search_term_string\"}}],\"inLanguage\":\"da-DK\"},{\"@type\":\"Organization\",\"@id\":\"https:\/\/shop.bjerring-sales.dk\/#organization\",\"name\":\"Bjerring-Sales\",\"url\":\"https:\/\/shop.bjerring-sales.dk\/\",\"logo\":{\"@type\":\"ImageObject\",\"inLanguage\":\"da-DK\",\"@id\":\"https:\/\/shop.bjerring-sales.dk\/#\/schema\/logo\/image\/\",\"url\":\"https:\/\/shop.bjerring-sales.dk\/wp-content\/uploads\/2023\/01\/logo_sv.png\",\"contentUrl\":\"https:\/\/shop.bjerring-sales.dk\/wp-content\/uploads\/2023\/01\/logo_sv.png\",\"width\":195,\"height\":68,\"caption\":\"Bjerring-Sales\"},\"image\":{\"@id\":\"https:\/\/shop.bjerring-sales.dk\/#\/schema\/logo\/image\/\"}}]}<\/script>\n<!-- \/ Yoast SEO plugin. -->","yoast_head_json":{"title":"St\u00e5matta Adapt - Bjerring-Sales","description":"St\u00e5matta Adapt \u00e4r l\u00e4mplig f\u00f6r anv\u00e4ndning i kontor, hemmakontor och passar \u00e4ven bra i butiker. Det g\u00e5r lika bra att anv\u00e4nda matta med eller utan skor, belastningen f\u00f6rdelas mellan dina ben och f\u00f6tter. Finns i 2 storlekar.","robots":{"index":"index","follow":"follow","max-snippet":"max-snippet:-1","max-image-preview":"max-image-preview:large","max-video-preview":"max-video-preview:-1"},"canonical":"https:\/\/shop.bjerring-sales.dk\/da\/product\/stamatta-adapt\/","og_locale":"da_DK","og_type":"article","og_title":"Perfekt f\u00f6r anv\u00e4ndning tillsammans med h\u00f6j och s\u00e4nkbara skrivbord!","og_description":"St\u00e5matta Adapt \u00e4r l\u00e4mplig f\u00f6r anv\u00e4ndning i kontor, hemmakontor och passar \u00e4ven bra i butiker. Det g\u00e5r lika bra att anv\u00e4nda matta med eller utan skor, belastningen f\u00f6rdelas mellan dina ben och f\u00f6tter. Finns i 2 storlekar.","og_url":"https:\/\/shop.bjerring-sales.dk\/da\/product\/stamatta-adapt\/","og_site_name":"Bjerring-Sales","article_modified_time":"2026-03-16T18:53:53+00:00","og_image":[{"width":800,"height":534,"url":"https:\/\/shop.bjerring-sales.dk\/wp-content\/uploads\/2025\/03\/stamatta20.webp","type":"image\/webp"}],"twitter_card":"summary_large_image","twitter_title":"Perfekt f\u00f6r anv\u00e4ndning tillsammans med h\u00f6j och s\u00e4nkbara skrivbord!","twitter_description":"St\u00e5matta Adapt \u00e4r l\u00e4mplig f\u00f6r anv\u00e4ndning i kontor, hemmakontor och passar \u00e4ven bra i butiker. Det g\u00e5r lika bra att anv\u00e4nda matta med eller utan skor, belastningen f\u00f6rdelas mellan dina ben och f\u00f6tter. Finns i 2 storlekar.","twitter_image":"https:\/\/shop.bjerring-sales.dk\/wp-content\/uploads\/2025\/03\/stamatta20.webp","twitter_misc":{"Estimeret l\u00e6setid":"3 minutter"},"schema":{"@context":"https:\/\/schema.org","@graph":[{"@type":"WebPage","@id":"https:\/\/shop.bjerring-sales.dk\/product\/stamatta-adapt\/","url":"https:\/\/shop.bjerring-sales.dk\/product\/stamatta-adapt\/","name":"St\u00e5matta Adapt - Bjerring-Sales","isPartOf":{"@id":"https:\/\/shop.bjerring-sales.dk\/#website"},"primaryImageOfPage":{"@id":"https:\/\/shop.bjerring-sales.dk\/product\/stamatta-adapt\/#primaryimage"},"image":{"@id":"https:\/\/shop.bjerring-sales.dk\/product\/stamatta-adapt\/#primaryimage"},"thumbnailUrl":"https:\/\/shop.bjerring-sales.dk\/wp-content\/uploads\/2025\/03\/elj-stamatta-adapt-76x51cm-800x800px.jpg","datePublished":"2025-03-13T20:46:53+00:00","dateModified":"2026-03-16T18:53:53+00:00","description":"St\u00e5matta Adapt \u00e4r l\u00e4mplig f\u00f6r anv\u00e4ndning i kontor, hemmakontor och passar \u00e4ven bra i butiker. Det g\u00e5r lika bra att anv\u00e4nda matta med eller utan skor, belastningen f\u00f6rdelas mellan dina ben och f\u00f6tter. Finns i 2 storlekar.","breadcrumb":{"@id":"https:\/\/shop.bjerring-sales.dk\/product\/stamatta-adapt\/#breadcrumb"},"inLanguage":"da-DK","potentialAction":[{"@type":"ReadAction","target":["https:\/\/shop.bjerring-sales.dk\/product\/stamatta-adapt\/"]}]},{"@type":"ImageObject","inLanguage":"da-DK","@id":"https:\/\/shop.bjerring-sales.dk\/product\/stamatta-adapt\/#primaryimage","url":"https:\/\/shop.bjerring-sales.dk\/wp-content\/uploads\/2025\/03\/elj-stamatta-adapt-76x51cm-800x800px.jpg","contentUrl":"https:\/\/shop.bjerring-sales.dk\/wp-content\/uploads\/2025\/03\/elj-stamatta-adapt-76x51cm-800x800px.jpg","width":800,"height":800},{"@type":"BreadcrumbList","@id":"https:\/\/shop.bjerring-sales.dk\/product\/stamatta-adapt\/#breadcrumb","itemListElement":[{"@type":"ListItem","position":1,"name":"Hem","item":"https:\/\/shop.bjerring-sales.dk\/"},{"@type":"ListItem","position":2,"name":"Webbutik","item":"https:\/\/shop.bjerring-sales.dk\/butik\/"},{"@type":"ListItem","position":3,"name":"St\u00e5matta Adapt"}]},{"@type":"WebSite","@id":"https:\/\/shop.bjerring-sales.dk\/#website","url":"https:\/\/shop.bjerring-sales.dk\/","name":"Bjerring-Salg","description":"M\u00f8bler til teatre, skoler, kontorer og indk\u00f8bscentre","publisher":{"@id":"https:\/\/shop.bjerring-sales.dk\/#organization"},"potentialAction":[{"@type":"SearchAction","target":{"@type":"EntryPoint","urlTemplate":"https:\/\/shop.bjerring-sales.dk\/?s={search_term_string}"},"query-input":{"@type":"PropertyValueSpecification","valueRequired":true,"valueName":"search_term_string"}}],"inLanguage":"da-DK"},{"@type":"Organization","@id":"https:\/\/shop.bjerring-sales.dk\/#organization","name":"Bjerring-Salg","url":"https:\/\/shop.bjerring-sales.dk\/","logo":{"@type":"ImageObject","inLanguage":"da-DK","@id":"https:\/\/shop.bjerring-sales.dk\/#\/schema\/logo\/image\/","url":"https:\/\/shop.bjerring-sales.dk\/wp-content\/uploads\/2023\/01\/logo_sv.png","contentUrl":"https:\/\/shop.bjerring-sales.dk\/wp-content\/uploads\/2023\/01\/logo_sv.png","width":195,"height":68,"caption":"Bjerring-Sales"},"image":{"@id":"https:\/\/shop.bjerring-sales.dk\/#\/schema\/logo\/image\/"}}]}},"_links":{"self":[{"href":"https:\/\/shop.bjerring-sales.dk\/da\/wp-json\/wp\/v2\/product\/100651","targetHints":{"allow":["GET"]}}],"collection":[{"href":"https:\/\/shop.bjerring-sales.dk\/da\/wp-json\/wp\/v2\/product"}],"about":[{"href":"https:\/\/shop.bjerring-sales.dk\/da\/wp-json\/wp\/v2\/types\/product"}],"wp:featuredmedia":[{"embeddable":true,"href":"https:\/\/shop.bjerring-sales.dk\/da\/wp-json\/wp\/v2\/media\/100664"}],"wp:attachment":[{"href":"https:\/\/shop.bjerring-sales.dk\/da\/wp-json\/wp\/v2\/media?parent=100651"}],"wp:term":[{"taxonomy":"product_brand","embeddable":true,"href":"https:\/\/shop.bjerring-sales.dk\/da\/wp-json\/wp\/v2\/product_brand?post=100651"},{"taxonomy":"product_cat","embeddable":true,"href":"https:\/\/shop.bjerring-sales.dk\/da\/wp-json\/wp\/v2\/product_cat?post=100651"},{"taxonomy":"product_tag","embeddable":true,"href":"https:\/\/shop.bjerring-sales.dk\/da\/wp-json\/wp\/v2\/product_tag?post=100651"}],"curies":[{"name":"wp","href":"https:\/\/api.w.org\/{rel}","templated":true}]}}