{"id":100647,"date":"2025-03-18T13:02:32","date_gmt":"2025-03-18T12:02:32","guid":{"rendered":"https:\/\/shop.bjerring-sales.dk\/sv\/?post_type=product&#038;p=100647"},"modified":"2026-03-16T19:08:19","modified_gmt":"2026-03-16T18:08:19","slug":"fotstod-adapt-med-masserande-yta","status":"publish","type":"product","link":"https:\/\/shop.bjerring-sales.dk\/da\/vare\/fotstod-adapt-med-masserande-yta\/","title":{"rendered":"Adapt fodst\u00f8tte med masserende overflade"},"content":{"rendered":"<div class=\"wpb-content-wrapper\"><div class=\"vc_row wpb_row vc_row-fluid\"><div class=\"wpb_column vc_column_container vc_col-sm-12\"><div class=\"vc_column-inner\"><div class=\"wpb_wrapper\">\n\t<div class=\"wpb_text_column wpb_content_element\" >\n\t\t<div class=\"wpb_wrapper\">\n\t\t\t<p><span style=\"font-size: 24pt;\">Maksimal komfort for dine f\u00f8dder \u2013 hver dag p\u00e5 jobbet.<br \/>\n<\/span>Sig farvel til ubehag og goddag til et nyt niveau af fodkomfort p\u00e5 lange arbejdsdage. Denne ergonomisk designede fodst\u00f8tte aflaster tryk og sp\u00e6ndinger med justerbar h\u00f8jde og h\u00e6ldning for en skr\u00e6ddersyet oplevelse. Massageruller og h\u00e6vede m\u00f8nstre stimulerer fods\u00e5lerne for afslapning og \u00f8get blodcirkulation. Skridsikre puder p\u00e5 undersiden sikrer, at fodst\u00f8tten er stabil og giver et sikkert og behageligt sted for dine f\u00f8dder - hele dagen lang.<\/p>\n\n\t\t<\/div>\n\t<\/div>\n<\/div><\/div><\/div><\/div><div class=\"vc_row wpb_row vc_row-fluid\"><div class=\"wpb_column vc_column_container vc_col-sm-6\"><div class=\"vc_column-inner\"><div class=\"wpb_wrapper\">\n\t<div  class=\"wpb_single_image wpb_content_element vc_align_center\">\n\t\t\n\t\t<figure class=\"wpb_wrapper vc_figure\">\n\t\t\t<div class=\"vc_single_image-wrapper vc_box_shadow_border  vc_box_border_grey\"><img loading=\"lazy\" decoding=\"async\" width=\"800\" height=\"533\" src=\"https:\/\/shop.bjerring-sales.dk\/wp-content\/uploads\/2025\/03\/fotstodmasserande10.webp\" class=\"vc_single_image-img attachment-full\" alt=\"\" title=\"fodst\u00f8ttemassage10\" srcset=\"https:\/\/shop.bjerring-sales.dk\/wp-content\/uploads\/2025\/03\/fotstodmasserande10.webp 800w, https:\/\/shop.bjerring-sales.dk\/wp-content\/uploads\/2025\/03\/fotstodmasserande10-300x200.webp 300w, https:\/\/shop.bjerring-sales.dk\/wp-content\/uploads\/2025\/03\/fotstodmasserande10-768x512.webp 768w, https:\/\/shop.bjerring-sales.dk\/wp-content\/uploads\/2025\/03\/fotstodmasserande10-18x12.webp 18w, https:\/\/shop.bjerring-sales.dk\/wp-content\/uploads\/2025\/03\/fotstodmasserande10-600x400.webp 600w, https:\/\/shop.bjerring-sales.dk\/wp-content\/uploads\/2025\/03\/fotstodmasserande10-150x100.webp 150w\" sizes=\"auto, (max-width: 800px) 100vw, 800px\" \/><\/div>\n\t\t<\/figure>\n\t<\/div>\n<\/div><\/div><\/div><div class=\"wpb_column vc_column_container vc_col-sm-6\"><div class=\"vc_column-inner\"><div class=\"wpb_wrapper\">\n\t<div  class=\"wpb_single_image wpb_content_element vc_align_center\">\n\t\t\n\t\t<figure class=\"wpb_wrapper vc_figure\">\n\t\t\t<div class=\"vc_single_image-wrapper vc_box_shadow_border  vc_box_border_grey\"><img loading=\"lazy\" decoding=\"async\" width=\"800\" height=\"534\" src=\"https:\/\/shop.bjerring-sales.dk\/wp-content\/uploads\/2025\/03\/fotstodmasserande11.webp\" class=\"vc_single_image-img attachment-full\" alt=\"\" title=\"fodst\u00f8ttemassage11\" srcset=\"https:\/\/shop.bjerring-sales.dk\/wp-content\/uploads\/2025\/03\/fotstodmasserande11.webp 800w, https:\/\/shop.bjerring-sales.dk\/wp-content\/uploads\/2025\/03\/fotstodmasserande11-300x200.webp 300w, https:\/\/shop.bjerring-sales.dk\/wp-content\/uploads\/2025\/03\/fotstodmasserande11-768x513.webp 768w, https:\/\/shop.bjerring-sales.dk\/wp-content\/uploads\/2025\/03\/fotstodmasserande11-18x12.webp 18w, https:\/\/shop.bjerring-sales.dk\/wp-content\/uploads\/2025\/03\/fotstodmasserande11-600x401.webp 600w, https:\/\/shop.bjerring-sales.dk\/wp-content\/uploads\/2025\/03\/fotstodmasserande11-150x100.webp 150w\" sizes=\"auto, (max-width: 800px) 100vw, 800px\" \/><\/div>\n\t\t<\/figure>\n\t<\/div>\n<\/div><\/div><\/div><\/div><div class=\"vc_row wpb_row vc_row-fluid\"><div class=\"wpb_column vc_column_container vc_col-sm-12\"><div class=\"vc_column-inner\"><div class=\"wpb_wrapper\">\n\t<div class=\"wpb_text_column wpb_content_element\" >\n\t\t<div class=\"wpb_wrapper\">\n\t\t\t<p>Denne robuste fodst\u00f8tte er designet til daglig brug og giver b\u00e5de komfort og st\u00f8tte gennem hele arbejdsdagen. Den ergonomiske form hj\u00e6lper med at str\u00e6kke dine ben og fremmer blodcirkulationen, mens vippeplatformen og h\u00f8jdejusteringen g\u00f8r det nemt at finde en behagelig stilling, der passer dig. Indbyggede massagehjul og h\u00e6vede m\u00f8nstre stimulerer fods\u00e5lerne og aflaster sp\u00e6ndinger. Skridsikker underside forhindrer fodst\u00f8tten i at glide og beskytter samtidig gulvet mod ridser \u2013 et perfekt supplement til et ergonomisk arbejdsmilj\u00f8.<\/p>\n\n\t\t<\/div>\n\t<\/div>\n<\/div><\/div><\/div><\/div><div class=\"vc_row wpb_row vc_row-fluid\"><div class=\"wpb_column vc_column_container vc_col-sm-4\"><div class=\"vc_column-inner\"><div class=\"wpb_wrapper\">\n\t<div  class=\"wpb_single_image wpb_content_element vc_align_center\">\n\t\t\n\t\t<figure class=\"wpb_wrapper vc_figure\">\n\t\t\t<div class=\"vc_single_image-wrapper vc_box_shadow_border  vc_box_border_grey\"><img loading=\"lazy\" decoding=\"async\" width=\"800\" height=\"800\" src=\"https:\/\/shop.bjerring-sales.dk\/wp-content\/uploads\/2025\/03\/fotstodmasserande12.jpg\" class=\"vc_single_image-img attachment-full\" alt=\"\" title=\"fodst\u00f8ttemassage12\" srcset=\"https:\/\/shop.bjerring-sales.dk\/wp-content\/uploads\/2025\/03\/fotstodmasserande12.jpg 800w, https:\/\/shop.bjerring-sales.dk\/wp-content\/uploads\/2025\/03\/fotstodmasserande12-300x300.jpg 300w, https:\/\/shop.bjerring-sales.dk\/wp-content\/uploads\/2025\/03\/fotstodmasserande12-150x150.jpg 150w, https:\/\/shop.bjerring-sales.dk\/wp-content\/uploads\/2025\/03\/fotstodmasserande12-768x768.jpg 768w, https:\/\/shop.bjerring-sales.dk\/wp-content\/uploads\/2025\/03\/fotstodmasserande12-12x12.jpg 12w, https:\/\/shop.bjerring-sales.dk\/wp-content\/uploads\/2025\/03\/fotstodmasserande12-600x600.jpg 600w\" sizes=\"auto, (max-width: 800px) 100vw, 800px\" \/><\/div>\n\t\t<\/figure>\n\t<\/div>\n<\/div><\/div><\/div><div class=\"wpb_column vc_column_container vc_col-sm-4\"><div class=\"vc_column-inner\"><div class=\"wpb_wrapper\">\n\t<div  class=\"wpb_single_image wpb_content_element vc_align_center\">\n\t\t\n\t\t<figure class=\"wpb_wrapper vc_figure\">\n\t\t\t<div class=\"vc_single_image-wrapper vc_box_shadow_border  vc_box_border_grey\"><img loading=\"lazy\" decoding=\"async\" width=\"800\" height=\"800\" src=\"https:\/\/shop.bjerring-sales.dk\/wp-content\/uploads\/2025\/03\/fotstodmasserande13.jpg\" class=\"vc_single_image-img attachment-full\" alt=\"\" title=\"fodst\u00f8ttemassage13\" srcset=\"https:\/\/shop.bjerring-sales.dk\/wp-content\/uploads\/2025\/03\/fotstodmasserande13.jpg 800w, https:\/\/shop.bjerring-sales.dk\/wp-content\/uploads\/2025\/03\/fotstodmasserande13-300x300.jpg 300w, https:\/\/shop.bjerring-sales.dk\/wp-content\/uploads\/2025\/03\/fotstodmasserande13-150x150.jpg 150w, https:\/\/shop.bjerring-sales.dk\/wp-content\/uploads\/2025\/03\/fotstodmasserande13-768x768.jpg 768w, https:\/\/shop.bjerring-sales.dk\/wp-content\/uploads\/2025\/03\/fotstodmasserande13-12x12.jpg 12w, https:\/\/shop.bjerring-sales.dk\/wp-content\/uploads\/2025\/03\/fotstodmasserande13-600x600.jpg 600w\" sizes=\"auto, (max-width: 800px) 100vw, 800px\" \/><\/div>\n\t\t<\/figure>\n\t<\/div>\n<\/div><\/div><\/div><div class=\"wpb_column vc_column_container vc_col-sm-4\"><div class=\"vc_column-inner\"><div class=\"wpb_wrapper\">\n\t<div  class=\"wpb_single_image wpb_content_element vc_align_center\">\n\t\t\n\t\t<figure class=\"wpb_wrapper vc_figure\">\n\t\t\t<div class=\"vc_single_image-wrapper vc_box_shadow_border  vc_box_border_grey\"><img loading=\"lazy\" decoding=\"async\" width=\"800\" height=\"800\" src=\"https:\/\/shop.bjerring-sales.dk\/wp-content\/uploads\/2025\/03\/fotstodmasserande14.jpg\" class=\"vc_single_image-img attachment-full\" alt=\"\" title=\"fodst\u00f8ttemassage14\" srcset=\"https:\/\/shop.bjerring-sales.dk\/wp-content\/uploads\/2025\/03\/fotstodmasserande14.jpg 800w, https:\/\/shop.bjerring-sales.dk\/wp-content\/uploads\/2025\/03\/fotstodmasserande14-300x300.jpg 300w, https:\/\/shop.bjerring-sales.dk\/wp-content\/uploads\/2025\/03\/fotstodmasserande14-150x150.jpg 150w, https:\/\/shop.bjerring-sales.dk\/wp-content\/uploads\/2025\/03\/fotstodmasserande14-768x768.jpg 768w, https:\/\/shop.bjerring-sales.dk\/wp-content\/uploads\/2025\/03\/fotstodmasserande14-12x12.jpg 12w, https:\/\/shop.bjerring-sales.dk\/wp-content\/uploads\/2025\/03\/fotstodmasserande14-600x600.jpg 600w\" sizes=\"auto, (max-width: 800px) 100vw, 800px\" \/><\/div>\n\t\t<\/figure>\n\t<\/div>\n<\/div><\/div><\/div><\/div><div class=\"vc_row wpb_row vc_row-fluid\"><div class=\"wpb_column vc_column_container vc_col-sm-12\"><div class=\"vc_column-inner\"><div class=\"wpb_wrapper\"><div class=\"vc_row wpb_row vc_inner vc_row-fluid\"><div class=\"wpb_column vc_column_container vc_col-sm-12\"><div class=\"vc_column-inner\"><div class=\"wpb_wrapper\">\n\t<div class=\"wpb_text_column wpb_content_element vc_custom_1745072226057\" >\n\t\t<div class=\"wpb_wrapper\">\n\t\t\t<p><span style=\"font-size: 18pt;\">Specifikationer<\/span><\/p>\n\n\t\t<\/div>\n\t<\/div>\n<div class=\"vc_separator wpb_content_element vc_separator_align_center vc_sep_width_100 vc_sep_pos_align_center vc_separator_no_text vc_sep_color_grey vc_custom_1745072233152\" ><span class=\"vc_sep_holder vc_sep_holder_l\"><span class=\"vc_sep_line\"><\/span><\/span><span class=\"vc_sep_holder vc_sep_holder_r\"><span class=\"vc_sep_line\"><\/span><\/span>\n<\/div><\/div><\/div><\/div><\/div><div class=\"vc_row wpb_row vc_inner vc_row-fluid\"><div class=\"wpb_column vc_column_container vc_col-sm-6\"><div class=\"vc_column-inner\"><div class=\"wpb_wrapper\">\n\t<div class=\"wpb_text_column wpb_content_element vc_custom_1745252234748\" >\n\t\t<div class=\"wpb_wrapper\">\n\t\t\t<ul>\n<li>Materiale: Plastik<\/li>\n<li>Dimensioner: 445 \u00d7 341 \u00d7 195 mm<\/li>\n<li>Farve: Sort<\/li>\n<li>Maksimal belastning: 20 kg<\/li>\n<li>H\u00e6ldningsvinkel: +30\u00b0 ~ -30\u00b0<\/li>\n<\/ul>\n\n\t\t<\/div>\n\t<\/div>\n<\/div><\/div><\/div><div class=\"wpb_column vc_column_container vc_col-sm-6\"><div class=\"vc_column-inner\"><div class=\"wpb_wrapper\">\n\t<div class=\"wpb_text_column wpb_content_element\" >\n\t\t<div class=\"wpb_wrapper\">\n\t\t\t<ul>\n<li>Tilbeh\u00f8rspakke: Nej<\/li>\n<li>Silketryk: Kan indstilles<\/li>\n<li>Totalv\u00e6gt: 1,9 kg<\/li>\n<li>Nettov\u00e6gt: 1,6 kg<\/li>\n<\/ul>\n\n\t\t<\/div>\n\t<\/div>\n<\/div><\/div><\/div><\/div><\/div><\/div><\/div><\/div>\n<\/div>","protected":false},"excerpt":{"rendered":"<p>Denne ergonomiske fodst\u00f8tte giver justerbar h\u00f8jde og h\u00e6ldning. Den giver stor komfort under lange arbejdsdage. Massageruller og overfladebobler giver blid stimulering, mens anti-slip puder sikrer stabilitet og er skridsikker hele dagen lang.<\/p>","protected":false},"featured_media":100658,"template":"","meta":{"iawp_total_views":5},"product_brand":[],"product_cat":[5798,6025],"product_tag":[5793,6024],"class_list":{"0":"post-100647","1":"product","2":"type-product","3":"status-publish","4":"has-post-thumbnail","6":"product_cat-kontorsprodukter","7":"product_cat-ergonomiskt-sittande","8":"product_tag-ergonomi","9":"product_tag-aktivt-sittande","11":"first","12":"instock","13":"taxable","14":"shipping-taxable","15":"purchasable","16":"product-type-simple"},"yoast_head":"<!-- This site is optimized with the Yoast SEO plugin v27.0 - https:\/\/yoast.com\/product\/yoast-seo-wordpress\/ -->\n<title>Fotst\u00f6d Adapt med masserande yta - Bjerring-Sales<\/title>\n<meta name=\"description\" content=\"Ergonomiskt fotst\u00f6d som ger justerbar h\u00f6jd och lutning f\u00f6r anpassad komfort under l\u00e5nga arbetsdagar. Massagerullar och ytbubblor ger skonsam stimulans, medan halkskyddande dynor s\u00e4kerst\u00e4ller stabilitet och trygghet hela dagen.\" \/>\n<meta name=\"robots\" content=\"index, follow, max-snippet:-1, max-image-preview:large, max-video-preview:-1\" \/>\n<link rel=\"canonical\" href=\"https:\/\/shop.bjerring-sales.dk\/da\/product\/fotstod-adapt-med-masserande-yta\/\" \/>\n<meta property=\"og:locale\" content=\"da_DK\" \/>\n<meta property=\"og:type\" content=\"article\" \/>\n<meta property=\"og:title\" content=\"Maximal komfort f\u00f6r dina f\u00f6tter \u2013 varje dag p\u00e5 jobbet\" \/>\n<meta property=\"og:description\" content=\"Ergonomiskt fotst\u00f6d som ger justerbar h\u00f6jd och lutning f\u00f6r anpassad komfort under l\u00e5nga arbetsdagar. Massagerullar och ytbubblor ger skonsam stimulans, medan halkskyddande dynor s\u00e4kerst\u00e4ller stabilitet och trygghet hela dagen.\" \/>\n<meta property=\"og:url\" content=\"https:\/\/shop.bjerring-sales.dk\/da\/product\/fotstod-adapt-med-masserande-yta\/\" \/>\n<meta property=\"og:site_name\" content=\"Bjerring-Sales\" \/>\n<meta property=\"article:modified_time\" content=\"2026-03-16T18:08:19+00:00\" \/>\n<meta property=\"og:image\" content=\"https:\/\/shop.bjerring-sales.dk\/wp-content\/uploads\/2025\/03\/elj-fotstod-adapt-masserande-yta-800x800px-miljo-01.jpg\" \/>\n\t<meta property=\"og:image:width\" content=\"800\" \/>\n\t<meta property=\"og:image:height\" content=\"800\" \/>\n\t<meta property=\"og:image:type\" content=\"image\/jpeg\" \/>\n<meta name=\"twitter:card\" content=\"summary_large_image\" \/>\n<meta name=\"twitter:title\" content=\"Maximal komfort f\u00f6r dina f\u00f6tter \u2013 varje dag p\u00e5 jobbet\" \/>\n<meta name=\"twitter:description\" content=\"Ergonomiskt fotst\u00f6d som ger justerbar h\u00f6jd och lutning f\u00f6r anpassad komfort under l\u00e5nga arbetsdagar. Massagerullar och ytbubblor ger skonsam stimulans, medan halkskyddande dynor s\u00e4kerst\u00e4ller stabilitet och trygghet hela dagen.\" \/>\n<meta name=\"twitter:image\" content=\"https:\/\/shop.bjerring-sales.dk\/wp-content\/uploads\/2025\/03\/elj-fotstod-adapt-masserande-yta-800x800px-miljo-01.jpg\" \/>\n<meta name=\"twitter:label1\" content=\"Estimeret l\u00e6setid\" \/>\n\t<meta name=\"twitter:data1\" content=\"3 minutter\" \/>\n<script type=\"application\/ld+json\" class=\"yoast-schema-graph\">{\"@context\":\"https:\/\/schema.org\",\"@graph\":[{\"@type\":\"WebPage\",\"@id\":\"https:\/\/shop.bjerring-sales.dk\/product\/fotstod-adapt-med-masserande-yta\/\",\"url\":\"https:\/\/shop.bjerring-sales.dk\/product\/fotstod-adapt-med-masserande-yta\/\",\"name\":\"Fotst\u00f6d Adapt med masserande yta - Bjerring-Sales\",\"isPartOf\":{\"@id\":\"https:\/\/shop.bjerring-sales.dk\/#website\"},\"primaryImageOfPage\":{\"@id\":\"https:\/\/shop.bjerring-sales.dk\/product\/fotstod-adapt-med-masserande-yta\/#primaryimage\"},\"image\":{\"@id\":\"https:\/\/shop.bjerring-sales.dk\/product\/fotstod-adapt-med-masserande-yta\/#primaryimage\"},\"thumbnailUrl\":\"https:\/\/shop.bjerring-sales.dk\/wp-content\/uploads\/2025\/03\/elj-fotstod-adapt-masserande-yta-800x800px.jpg\",\"datePublished\":\"2025-03-18T12:02:32+00:00\",\"dateModified\":\"2026-03-16T18:08:19+00:00\",\"description\":\"Ergonomiskt fotst\u00f6d som ger justerbar h\u00f6jd och lutning f\u00f6r anpassad komfort under l\u00e5nga arbetsdagar. Massagerullar och ytbubblor ger skonsam stimulans, medan halkskyddande dynor s\u00e4kerst\u00e4ller stabilitet och trygghet hela dagen.\",\"breadcrumb\":{\"@id\":\"https:\/\/shop.bjerring-sales.dk\/product\/fotstod-adapt-med-masserande-yta\/#breadcrumb\"},\"inLanguage\":\"da-DK\",\"potentialAction\":[{\"@type\":\"ReadAction\",\"target\":[\"https:\/\/shop.bjerring-sales.dk\/product\/fotstod-adapt-med-masserande-yta\/\"]}]},{\"@type\":\"ImageObject\",\"inLanguage\":\"da-DK\",\"@id\":\"https:\/\/shop.bjerring-sales.dk\/product\/fotstod-adapt-med-masserande-yta\/#primaryimage\",\"url\":\"https:\/\/shop.bjerring-sales.dk\/wp-content\/uploads\/2025\/03\/elj-fotstod-adapt-masserande-yta-800x800px.jpg\",\"contentUrl\":\"https:\/\/shop.bjerring-sales.dk\/wp-content\/uploads\/2025\/03\/elj-fotstod-adapt-masserande-yta-800x800px.jpg\",\"width\":800,\"height\":800},{\"@type\":\"BreadcrumbList\",\"@id\":\"https:\/\/shop.bjerring-sales.dk\/product\/fotstod-adapt-med-masserande-yta\/#breadcrumb\",\"itemListElement\":[{\"@type\":\"ListItem\",\"position\":1,\"name\":\"Hem\",\"item\":\"https:\/\/shop.bjerring-sales.dk\/\"},{\"@type\":\"ListItem\",\"position\":2,\"name\":\"Webbutik\",\"item\":\"https:\/\/shop.bjerring-sales.dk\/butik\/\"},{\"@type\":\"ListItem\",\"position\":3,\"name\":\"Fotst\u00f6d Adapt med masserande yta\"}]},{\"@type\":\"WebSite\",\"@id\":\"https:\/\/shop.bjerring-sales.dk\/#website\",\"url\":\"https:\/\/shop.bjerring-sales.dk\/\",\"name\":\"Bjerring-Sales\",\"description\":\"M\u00f6bler f\u00f6r teatrar, skolor, kontor och k\u00f6pcentrum\",\"publisher\":{\"@id\":\"https:\/\/shop.bjerring-sales.dk\/#organization\"},\"potentialAction\":[{\"@type\":\"SearchAction\",\"target\":{\"@type\":\"EntryPoint\",\"urlTemplate\":\"https:\/\/shop.bjerring-sales.dk\/?s={search_term_string}\"},\"query-input\":{\"@type\":\"PropertyValueSpecification\",\"valueRequired\":true,\"valueName\":\"search_term_string\"}}],\"inLanguage\":\"da-DK\"},{\"@type\":\"Organization\",\"@id\":\"https:\/\/shop.bjerring-sales.dk\/#organization\",\"name\":\"Bjerring-Sales\",\"url\":\"https:\/\/shop.bjerring-sales.dk\/\",\"logo\":{\"@type\":\"ImageObject\",\"inLanguage\":\"da-DK\",\"@id\":\"https:\/\/shop.bjerring-sales.dk\/#\/schema\/logo\/image\/\",\"url\":\"https:\/\/shop.bjerring-sales.dk\/wp-content\/uploads\/2023\/01\/logo_sv.png\",\"contentUrl\":\"https:\/\/shop.bjerring-sales.dk\/wp-content\/uploads\/2023\/01\/logo_sv.png\",\"width\":195,\"height\":68,\"caption\":\"Bjerring-Sales\"},\"image\":{\"@id\":\"https:\/\/shop.bjerring-sales.dk\/#\/schema\/logo\/image\/\"}}]}<\/script>\n<!-- \/ Yoast SEO plugin. -->","yoast_head_json":{"title":"Fotst\u00f6d Adapt med masserande yta - Bjerring-Sales","description":"Ergonomiskt fotst\u00f6d som ger justerbar h\u00f6jd och lutning f\u00f6r anpassad komfort under l\u00e5nga arbetsdagar. Massagerullar och ytbubblor ger skonsam stimulans, medan halkskyddande dynor s\u00e4kerst\u00e4ller stabilitet och trygghet hela dagen.","robots":{"index":"index","follow":"follow","max-snippet":"max-snippet:-1","max-image-preview":"max-image-preview:large","max-video-preview":"max-video-preview:-1"},"canonical":"https:\/\/shop.bjerring-sales.dk\/da\/product\/fotstod-adapt-med-masserande-yta\/","og_locale":"da_DK","og_type":"article","og_title":"Maximal komfort f\u00f6r dina f\u00f6tter \u2013 varje dag p\u00e5 jobbet","og_description":"Ergonomiskt fotst\u00f6d som ger justerbar h\u00f6jd och lutning f\u00f6r anpassad komfort under l\u00e5nga arbetsdagar. Massagerullar och ytbubblor ger skonsam stimulans, medan halkskyddande dynor s\u00e4kerst\u00e4ller stabilitet och trygghet hela dagen.","og_url":"https:\/\/shop.bjerring-sales.dk\/da\/product\/fotstod-adapt-med-masserande-yta\/","og_site_name":"Bjerring-Sales","article_modified_time":"2026-03-16T18:08:19+00:00","og_image":[{"width":800,"height":800,"url":"https:\/\/shop.bjerring-sales.dk\/wp-content\/uploads\/2025\/03\/elj-fotstod-adapt-masserande-yta-800x800px-miljo-01.jpg","type":"image\/jpeg"}],"twitter_card":"summary_large_image","twitter_title":"Maximal komfort f\u00f6r dina f\u00f6tter \u2013 varje dag p\u00e5 jobbet","twitter_description":"Ergonomiskt fotst\u00f6d som ger justerbar h\u00f6jd och lutning f\u00f6r anpassad komfort under l\u00e5nga arbetsdagar. Massagerullar och ytbubblor ger skonsam stimulans, medan halkskyddande dynor s\u00e4kerst\u00e4ller stabilitet och trygghet hela dagen.","twitter_image":"https:\/\/shop.bjerring-sales.dk\/wp-content\/uploads\/2025\/03\/elj-fotstod-adapt-masserande-yta-800x800px-miljo-01.jpg","twitter_misc":{"Estimeret l\u00e6setid":"3 minutter"},"schema":{"@context":"https:\/\/schema.org","@graph":[{"@type":"WebPage","@id":"https:\/\/shop.bjerring-sales.dk\/product\/fotstod-adapt-med-masserande-yta\/","url":"https:\/\/shop.bjerring-sales.dk\/product\/fotstod-adapt-med-masserande-yta\/","name":"Fotst\u00f6d Adapt med masserande yta - Bjerring-Sales","isPartOf":{"@id":"https:\/\/shop.bjerring-sales.dk\/#website"},"primaryImageOfPage":{"@id":"https:\/\/shop.bjerring-sales.dk\/product\/fotstod-adapt-med-masserande-yta\/#primaryimage"},"image":{"@id":"https:\/\/shop.bjerring-sales.dk\/product\/fotstod-adapt-med-masserande-yta\/#primaryimage"},"thumbnailUrl":"https:\/\/shop.bjerring-sales.dk\/wp-content\/uploads\/2025\/03\/elj-fotstod-adapt-masserande-yta-800x800px.jpg","datePublished":"2025-03-18T12:02:32+00:00","dateModified":"2026-03-16T18:08:19+00:00","description":"Ergonomiskt fotst\u00f6d som ger justerbar h\u00f6jd och lutning f\u00f6r anpassad komfort under l\u00e5nga arbetsdagar. Massagerullar och ytbubblor ger skonsam stimulans, medan halkskyddande dynor s\u00e4kerst\u00e4ller stabilitet och trygghet hela dagen.","breadcrumb":{"@id":"https:\/\/shop.bjerring-sales.dk\/product\/fotstod-adapt-med-masserande-yta\/#breadcrumb"},"inLanguage":"da-DK","potentialAction":[{"@type":"ReadAction","target":["https:\/\/shop.bjerring-sales.dk\/product\/fotstod-adapt-med-masserande-yta\/"]}]},{"@type":"ImageObject","inLanguage":"da-DK","@id":"https:\/\/shop.bjerring-sales.dk\/product\/fotstod-adapt-med-masserande-yta\/#primaryimage","url":"https:\/\/shop.bjerring-sales.dk\/wp-content\/uploads\/2025\/03\/elj-fotstod-adapt-masserande-yta-800x800px.jpg","contentUrl":"https:\/\/shop.bjerring-sales.dk\/wp-content\/uploads\/2025\/03\/elj-fotstod-adapt-masserande-yta-800x800px.jpg","width":800,"height":800},{"@type":"BreadcrumbList","@id":"https:\/\/shop.bjerring-sales.dk\/product\/fotstod-adapt-med-masserande-yta\/#breadcrumb","itemListElement":[{"@type":"ListItem","position":1,"name":"Hem","item":"https:\/\/shop.bjerring-sales.dk\/"},{"@type":"ListItem","position":2,"name":"Webbutik","item":"https:\/\/shop.bjerring-sales.dk\/butik\/"},{"@type":"ListItem","position":3,"name":"Fotst\u00f6d Adapt med masserande yta"}]},{"@type":"WebSite","@id":"https:\/\/shop.bjerring-sales.dk\/#website","url":"https:\/\/shop.bjerring-sales.dk\/","name":"Bjerring-Salg","description":"M\u00f8bler til teatre, skoler, kontorer og indk\u00f8bscentre","publisher":{"@id":"https:\/\/shop.bjerring-sales.dk\/#organization"},"potentialAction":[{"@type":"SearchAction","target":{"@type":"EntryPoint","urlTemplate":"https:\/\/shop.bjerring-sales.dk\/?s={search_term_string}"},"query-input":{"@type":"PropertyValueSpecification","valueRequired":true,"valueName":"search_term_string"}}],"inLanguage":"da-DK"},{"@type":"Organization","@id":"https:\/\/shop.bjerring-sales.dk\/#organization","name":"Bjerring-Salg","url":"https:\/\/shop.bjerring-sales.dk\/","logo":{"@type":"ImageObject","inLanguage":"da-DK","@id":"https:\/\/shop.bjerring-sales.dk\/#\/schema\/logo\/image\/","url":"https:\/\/shop.bjerring-sales.dk\/wp-content\/uploads\/2023\/01\/logo_sv.png","contentUrl":"https:\/\/shop.bjerring-sales.dk\/wp-content\/uploads\/2023\/01\/logo_sv.png","width":195,"height":68,"caption":"Bjerring-Sales"},"image":{"@id":"https:\/\/shop.bjerring-sales.dk\/#\/schema\/logo\/image\/"}}]}},"_links":{"self":[{"href":"https:\/\/shop.bjerring-sales.dk\/da\/wp-json\/wp\/v2\/product\/100647","targetHints":{"allow":["GET"]}}],"collection":[{"href":"https:\/\/shop.bjerring-sales.dk\/da\/wp-json\/wp\/v2\/product"}],"about":[{"href":"https:\/\/shop.bjerring-sales.dk\/da\/wp-json\/wp\/v2\/types\/product"}],"wp:featuredmedia":[{"embeddable":true,"href":"https:\/\/shop.bjerring-sales.dk\/da\/wp-json\/wp\/v2\/media\/100658"}],"wp:attachment":[{"href":"https:\/\/shop.bjerring-sales.dk\/da\/wp-json\/wp\/v2\/media?parent=100647"}],"wp:term":[{"taxonomy":"product_brand","embeddable":true,"href":"https:\/\/shop.bjerring-sales.dk\/da\/wp-json\/wp\/v2\/product_brand?post=100647"},{"taxonomy":"product_cat","embeddable":true,"href":"https:\/\/shop.bjerring-sales.dk\/da\/wp-json\/wp\/v2\/product_cat?post=100647"},{"taxonomy":"product_tag","embeddable":true,"href":"https:\/\/shop.bjerring-sales.dk\/da\/wp-json\/wp\/v2\/product_tag?post=100647"}],"curies":[{"name":"wp","href":"https:\/\/api.w.org\/{rel}","templated":true}]}}