{"id":100645,"date":"2025-03-18T12:50:24","date_gmt":"2025-03-18T11:50:24","guid":{"rendered":"https:\/\/shop.bjerring-sales.dk\/sv\/?post_type=product&#038;p=100645"},"modified":"2026-04-10T15:23:01","modified_gmt":"2026-04-10T13:23:01","slug":"laddstation-adapt","status":"publish","type":"product","link":"https:\/\/shop.bjerring-sales.dk\/da\/vare\/laddstation-adapt\/","title":{"rendered":"Adapt ladestation"},"content":{"rendered":"<div class=\"wpb-content-wrapper\"><div class=\"vc_row wpb_row vc_row-fluid\"><div class=\"wpb_column vc_column_container vc_col-sm-12\"><div class=\"vc_column-inner\"><div class=\"wpb_wrapper\">\n\t<div class=\"wpb_text_column wpb_content_element\" >\n\t\t<div class=\"wpb_wrapper\">\n\t\t\t<p><span style=\"font-size: 24pt;\">Adapt ladestation \u2013 En praktisk l\u00f8sning til dine enheder<br \/>\n<\/span>Oplad din mobiltelefon, smartwatch og tr\u00e5dl\u00f8se hovedtelefoner p\u00e5 samme tid \u2013 uden sammenfiltrede kabler. Denne tr\u00e5dl\u00f8se ladestation underst\u00f8tter hurtigopladning op til 15W til kompatible smartphones og er udstyret med b\u00e5de overophedningsbeskyttelse og detektion af fremmedlegemer for at sikre sikker og effektiv opladning. Den har ogs\u00e5 beskyttelse mod kortslutning og overstr\u00f8m. Med dens dobbelte spole kan du oplade din telefon b\u00e5de lodret og vandret - perfekt til at se film, l\u00e6se eller foretage videoopkald, mens enheden oplades.<\/p>\n\n\t\t<\/div>\n\t<\/div>\n<\/div><\/div><\/div><\/div><div class=\"vc_row wpb_row vc_row-fluid\"><div class=\"wpb_column vc_column_container vc_col-sm-6\"><div class=\"vc_column-inner\"><div class=\"wpb_wrapper\">\n\t<div  class=\"wpb_single_image wpb_content_element vc_align_center\">\n\t\t\n\t\t<figure class=\"wpb_wrapper vc_figure\">\n\t\t\t<div class=\"vc_single_image-wrapper vc_box_shadow_border  vc_box_border_grey\"><img loading=\"lazy\" decoding=\"async\" width=\"800\" height=\"533\" src=\"https:\/\/shop.bjerring-sales.dk\/wp-content\/uploads\/2025\/03\/laddstation10.webp\" class=\"vc_single_image-img attachment-full\" alt=\"\" title=\"ladestation10\" srcset=\"https:\/\/shop.bjerring-sales.dk\/wp-content\/uploads\/2025\/03\/laddstation10.webp 800w, https:\/\/shop.bjerring-sales.dk\/wp-content\/uploads\/2025\/03\/laddstation10-300x200.webp 300w, https:\/\/shop.bjerring-sales.dk\/wp-content\/uploads\/2025\/03\/laddstation10-768x512.webp 768w, https:\/\/shop.bjerring-sales.dk\/wp-content\/uploads\/2025\/03\/laddstation10-18x12.webp 18w, https:\/\/shop.bjerring-sales.dk\/wp-content\/uploads\/2025\/03\/laddstation10-600x400.webp 600w, https:\/\/shop.bjerring-sales.dk\/wp-content\/uploads\/2025\/03\/laddstation10-150x100.webp 150w\" sizes=\"auto, (max-width: 800px) 100vw, 800px\" \/><\/div>\n\t\t<\/figure>\n\t<\/div>\n<\/div><\/div><\/div><div class=\"wpb_column vc_column_container vc_col-sm-6\"><div class=\"vc_column-inner\"><div class=\"wpb_wrapper\">\n\t<div  class=\"wpb_single_image wpb_content_element vc_align_center\">\n\t\t\n\t\t<figure class=\"wpb_wrapper vc_figure\">\n\t\t\t<div class=\"vc_single_image-wrapper vc_box_shadow_border  vc_box_border_grey\"><img loading=\"lazy\" decoding=\"async\" width=\"800\" height=\"533\" src=\"https:\/\/shop.bjerring-sales.dk\/wp-content\/uploads\/2025\/03\/laddstation11.webp\" class=\"vc_single_image-img attachment-full\" alt=\"\" title=\"ladestation11\" srcset=\"https:\/\/shop.bjerring-sales.dk\/wp-content\/uploads\/2025\/03\/laddstation11.webp 800w, https:\/\/shop.bjerring-sales.dk\/wp-content\/uploads\/2025\/03\/laddstation11-300x200.webp 300w, https:\/\/shop.bjerring-sales.dk\/wp-content\/uploads\/2025\/03\/laddstation11-768x512.webp 768w, https:\/\/shop.bjerring-sales.dk\/wp-content\/uploads\/2025\/03\/laddstation11-18x12.webp 18w, https:\/\/shop.bjerring-sales.dk\/wp-content\/uploads\/2025\/03\/laddstation11-600x400.webp 600w, https:\/\/shop.bjerring-sales.dk\/wp-content\/uploads\/2025\/03\/laddstation11-150x100.webp 150w\" sizes=\"auto, (max-width: 800px) 100vw, 800px\" \/><\/div>\n\t\t<\/figure>\n\t<\/div>\n<\/div><\/div><\/div><\/div><div class=\"vc_row wpb_row vc_row-fluid\"><div class=\"wpb_column vc_column_container vc_col-sm-4\"><div class=\"vc_column-inner\"><div class=\"wpb_wrapper\">\n\t<div  class=\"wpb_single_image wpb_content_element vc_align_center\">\n\t\t\n\t\t<figure class=\"wpb_wrapper vc_figure\">\n\t\t\t<div class=\"vc_single_image-wrapper vc_box_shadow_border  vc_box_border_grey\"><img loading=\"lazy\" decoding=\"async\" width=\"800\" height=\"800\" src=\"https:\/\/shop.bjerring-sales.dk\/wp-content\/uploads\/2025\/03\/laddstation12.webp\" class=\"vc_single_image-img attachment-full\" alt=\"\" title=\"ladestation12\" srcset=\"https:\/\/shop.bjerring-sales.dk\/wp-content\/uploads\/2025\/03\/laddstation12.webp 800w, https:\/\/shop.bjerring-sales.dk\/wp-content\/uploads\/2025\/03\/laddstation12-300x300.webp 300w, https:\/\/shop.bjerring-sales.dk\/wp-content\/uploads\/2025\/03\/laddstation12-150x150.webp 150w, https:\/\/shop.bjerring-sales.dk\/wp-content\/uploads\/2025\/03\/laddstation12-768x768.webp 768w, https:\/\/shop.bjerring-sales.dk\/wp-content\/uploads\/2025\/03\/laddstation12-12x12.webp 12w, https:\/\/shop.bjerring-sales.dk\/wp-content\/uploads\/2025\/03\/laddstation12-600x600.webp 600w\" sizes=\"auto, (max-width: 800px) 100vw, 800px\" \/><\/div>\n\t\t<\/figure>\n\t<\/div>\n<\/div><\/div><\/div><div class=\"wpb_column vc_column_container vc_col-sm-4\"><div class=\"vc_column-inner\"><div class=\"wpb_wrapper\">\n\t<div  class=\"wpb_single_image wpb_content_element vc_align_center\">\n\t\t\n\t\t<figure class=\"wpb_wrapper vc_figure\">\n\t\t\t<div class=\"vc_single_image-wrapper vc_box_shadow_border  vc_box_border_grey\"><img loading=\"lazy\" decoding=\"async\" width=\"800\" height=\"800\" src=\"https:\/\/shop.bjerring-sales.dk\/wp-content\/uploads\/2025\/03\/laddstation13.webp\" class=\"vc_single_image-img attachment-full\" alt=\"\" title=\"ladestation13\" srcset=\"https:\/\/shop.bjerring-sales.dk\/wp-content\/uploads\/2025\/03\/laddstation13.webp 800w, https:\/\/shop.bjerring-sales.dk\/wp-content\/uploads\/2025\/03\/laddstation13-300x300.webp 300w, https:\/\/shop.bjerring-sales.dk\/wp-content\/uploads\/2025\/03\/laddstation13-150x150.webp 150w, https:\/\/shop.bjerring-sales.dk\/wp-content\/uploads\/2025\/03\/laddstation13-768x768.webp 768w, https:\/\/shop.bjerring-sales.dk\/wp-content\/uploads\/2025\/03\/laddstation13-12x12.webp 12w, https:\/\/shop.bjerring-sales.dk\/wp-content\/uploads\/2025\/03\/laddstation13-600x600.webp 600w\" sizes=\"auto, (max-width: 800px) 100vw, 800px\" \/><\/div>\n\t\t<\/figure>\n\t<\/div>\n<\/div><\/div><\/div><div class=\"wpb_column vc_column_container vc_col-sm-4\"><div class=\"vc_column-inner\"><div class=\"wpb_wrapper\">\n\t<div  class=\"wpb_single_image wpb_content_element vc_align_center\">\n\t\t\n\t\t<figure class=\"wpb_wrapper vc_figure\">\n\t\t\t<div class=\"vc_single_image-wrapper vc_box_shadow_border  vc_box_border_grey\"><img loading=\"lazy\" decoding=\"async\" width=\"800\" height=\"800\" src=\"https:\/\/shop.bjerring-sales.dk\/wp-content\/uploads\/2025\/03\/laddstation14.webp\" class=\"vc_single_image-img attachment-full\" alt=\"\" title=\"ladestation14\" srcset=\"https:\/\/shop.bjerring-sales.dk\/wp-content\/uploads\/2025\/03\/laddstation14.webp 800w, https:\/\/shop.bjerring-sales.dk\/wp-content\/uploads\/2025\/03\/laddstation14-300x300.webp 300w, https:\/\/shop.bjerring-sales.dk\/wp-content\/uploads\/2025\/03\/laddstation14-150x150.webp 150w, https:\/\/shop.bjerring-sales.dk\/wp-content\/uploads\/2025\/03\/laddstation14-768x768.webp 768w, https:\/\/shop.bjerring-sales.dk\/wp-content\/uploads\/2025\/03\/laddstation14-12x12.webp 12w, https:\/\/shop.bjerring-sales.dk\/wp-content\/uploads\/2025\/03\/laddstation14-600x600.webp 600w\" sizes=\"auto, (max-width: 800px) 100vw, 800px\" \/><\/div>\n\t\t<\/figure>\n\t<\/div>\n<\/div><\/div><\/div><\/div><div class=\"vc_row wpb_row vc_row-fluid\"><div class=\"wpb_column vc_column_container vc_col-sm-12\"><div class=\"vc_column-inner\"><div class=\"wpb_wrapper\"><div class=\"vc_row wpb_row vc_inner vc_row-fluid\"><div class=\"wpb_column vc_column_container vc_col-sm-12\"><div class=\"vc_column-inner\"><div class=\"wpb_wrapper\">\n\t<div class=\"wpb_text_column wpb_content_element vc_custom_1745072226057\" >\n\t\t<div class=\"wpb_wrapper\">\n\t\t\t<p><span style=\"font-size: 18pt;\">Specifikationer<\/span><\/p>\n\n\t\t<\/div>\n\t<\/div>\n<div class=\"vc_separator wpb_content_element vc_separator_align_center vc_sep_width_100 vc_sep_pos_align_center vc_separator_no_text vc_sep_color_grey vc_custom_1745072233152\" ><span class=\"vc_sep_holder vc_sep_holder_l\"><span class=\"vc_sep_line\"><\/span><\/span><span class=\"vc_sep_holder vc_sep_holder_r\"><span class=\"vc_sep_line\"><\/span><\/span>\n<\/div><\/div><\/div><\/div><\/div><div class=\"vc_row wpb_row vc_inner vc_row-fluid\"><div class=\"wpb_column vc_column_container vc_col-sm-6\"><div class=\"vc_column-inner\"><div class=\"wpb_wrapper\">\n\t<div class=\"wpb_text_column wpb_content_element vc_custom_1745250590482\" >\n\t\t<div class=\"wpb_wrapper\">\n\t\t\t<ul>\n<li>Dimensioner: 136,62 \u00d7 101,63 \u00d7 135,92 mm<\/li>\n<li>V\u00e6gt (nettov\u00e6gt): 212,6 g<\/li>\n<li>Materiale: ABS-plast<\/li>\n<li>Indgangssp\u00e6nding: 9V\/2A, 12V\/2A, 5V\/3A<\/li>\n<li>Produktion:\n<ul>\n<li>Mobil: 5W \/ 7,5W \/ 10W \/ 15W (maks.)<\/li>\n<li>Hovedtelefoner: 3W (maks.)<\/li>\n<li>Ur: 2,5 W (maks.)<\/li>\n<\/ul>\n<\/li>\n<li>Frekvens: 110\u2013205 kHz<\/li>\n<li>Effektivitet: \u2265 73 %<\/li>\n<\/ul>\n\n\t\t<\/div>\n\t<\/div>\n<\/div><\/div><\/div><div class=\"wpb_column vc_column_container vc_col-sm-6\"><div class=\"vc_column-inner\"><div class=\"wpb_wrapper\">\n\t<div class=\"wpb_text_column wpb_content_element\" >\n\t\t<div class=\"wpb_wrapper\">\n\t\t\t<ul>\n<li>Huller til bordmontering: Nej<\/li>\n<li>Farve: Sort<\/li>\n<li>Certificeringer: CE, FCC, PSE, Qi<\/li>\n<li>Tilbeh\u00f8r: USB-kabel<\/li>\n<li>Str\u00f8madapter medf\u00f8lger: Nej<\/li>\n<li>Magnetisk: Ja<\/li>\n<li>Lithiumbatteri: Nej<\/li>\n<li>Bruttov\u00e6gt: 0,29 kg<\/li>\n<li>Nettov\u00e6gt: 0,21 kg<\/li>\n<\/ul>\n\n\t\t<\/div>\n\t<\/div>\n<\/div><\/div><\/div><\/div><\/div><\/div><\/div><\/div><div class=\"vc_row wpb_row vc_row-fluid\"><div class=\"wpb_column vc_column_container vc_col-sm-12\"><div class=\"vc_column-inner\"><div class=\"wpb_wrapper\"><div class=\"vc_row wpb_row vc_inner vc_row-fluid\"><div class=\"wpb_column vc_column_container vc_col-sm-12\"><div class=\"vc_column-inner\"><div class=\"wpb_wrapper\">\n\t<div class=\"wpb_text_column wpb_content_element vc_custom_1761319561710\" >\n\t\t<div class=\"wpb_wrapper\">\n\t\t\t<p><span style=\"font-size: 18pt;\">Velegnet til f\u00f8lgende<\/span><\/p>\n\n\t\t<\/div>\n\t<\/div>\n<div class=\"vc_separator wpb_content_element vc_separator_align_center vc_sep_width_100 vc_sep_pos_align_center vc_separator_no_text vc_sep_color_grey vc_custom_1745072233152\" ><span class=\"vc_sep_holder vc_sep_holder_l\"><span class=\"vc_sep_line\"><\/span><\/span><span class=\"vc_sep_holder vc_sep_holder_r\"><span class=\"vc_sep_line\"><\/span><\/span>\n<\/div><\/div><\/div><\/div><\/div><div class=\"vc_row wpb_row vc_inner vc_row-fluid\"><div class=\"wpb_column vc_column_container vc_col-sm-12\"><div class=\"vc_column-inner\"><div class=\"wpb_wrapper\">\n\t<div class=\"wpb_text_column wpb_content_element vc_custom_1761319758625\" >\n\t\t<div class=\"wpb_wrapper\">\n\t\t\t<p><strong>Telefoner<\/strong><\/p>\n<p>\u00c6ble:<\/p>\n<ul>\n<li>iPhone 15 Plus, 15 Pro Max, 15 Pro, 15, 14 Plus, 14 Pro Max, 14 Pro, 14, 13 Pro Max, 13 Pro, 13, 12, 12 Pro, 12 Pro Max, 11, 11 Plus, 11 Pro, 11 Pro Max, SE, X, XR, XS, XSMax, 8, 8 Plus<\/li>\n<\/ul>\n<p>Samsung:<\/p>\n<ul>\n<li>Galaxy W: 24, 24Flip, 23, 23Flip<\/li>\n<li>Galaxy Z: Fold5, Flip5, Fold4, Flip4, Galaxy A53 5gFlip, Flip3.<\/li>\n<li>Galaxy S: 23, 23+, 23 Ultra, 22, 22+, 22 Ultra, 21, 21+, 21 Ultra, 20, 20+, 20 Ultra, 20FE10, 10+, 10e, 9, 9+, 8, 8+, 7, 7 Edge, 6 Edge, 6 Edge+, 6G9209, 6 Active.<\/li>\n<li>Galaxy Note: 20 Ultra, 20, 10, 10e, 10+, 9, 8, 7, 6, 5<\/li>\n<\/ul>\n<p>Huawei:<\/p>\n<ul>\n<li>P30 Pro, P40 Pro, P40 Pro+; Mate: 40E, 40 RS, 40 Pro+, 40 Pro, 40, 30E Pro, 30 5G, 30 Pro 5G, 30, 30 pro, 30 RS, 20 Pro, 20 RS, RS<\/li>\n<\/ul>\n<p>Xiaomi:<\/p>\n<ul>\n<li>10, 10 Pro, 9, 9 Pro, Mix 3, Mix 2.<\/li>\n<li>Inklusive andre enheder med indbygget tr\u00e5dl\u00f8s opladningsmodtager; (Bem\u00e6rk: Alle enheder skal opfylde Q1-standarden)<\/li>\n<\/ul>\n<p><strong>Ure<\/strong><\/p>\n<p>\u00c6ble:<\/p>\n<ul>\n<li>iWatch S2, S3, S4, S5, S6, S7, SE, SE 2, S8, S9, Ultra, Ultra 2, Herm\u00e8s<\/li>\n<\/ul>\n<p><strong>\u00d8repropper<\/strong><\/p>\n<p>\u00c6ble:<\/p>\n<ul>\n<li>Airpods 1, Airpods 2, Airpods 3, AirPods Pro, AirPods Pro 2<\/li>\n<\/ul>\n<p>Samsung:<\/p>\n<ul>\n<li>Galaxy Buds \/ Buds+ \/ Buds Pro \/ Buds Live \/ Buds 2 Pro<\/li>\n<\/ul>\n<p>Og andre Qi-kompatible hovedtelefoner<\/p>\n\n\t\t<\/div>\n\t<\/div>\n<\/div><\/div><\/div><\/div><\/div><\/div><\/div><\/div>\n<\/div>","protected":false},"excerpt":{"rendered":"<p>Oplad din Qi-standard smartphone, smartwatch og hovedtelefoner samtidigt med tre opladningsflader. Udstyret med fremmedlegemedetektion og temperaturkontrol for ekstra sikkerhed. LED-lysstrimlen viser opladningsstatus og kan slukkes med et let tryk, n\u00e5r du sover eller hviler.<\/p>","protected":false},"featured_media":100656,"template":"","meta":{"iawp_total_views":2},"product_brand":[],"product_cat":[5785,5798],"product_tag":[],"class_list":{"0":"post-100645","1":"product","2":"type-product","3":"status-publish","4":"has-post-thumbnail","6":"product_cat-hemmakontor","7":"product_cat-kontorsprodukter","9":"first","10":"instock","11":"taxable","12":"shipping-taxable","13":"purchasable","14":"product-type-simple"},"yoast_head":"<!-- This site is optimized with the Yoast SEO plugin v27.0 - https:\/\/yoast.com\/product\/yoast-seo-wordpress\/ -->\n<title>Laddstation Adapt - Bjerring-Sales<\/title>\n<meta name=\"description\" content=\"Ladda din Qi-standard smartphone, smartklocka och h\u00f6rlurar samtidigt med tre laddningsytor. Utrustad med fr\u00e4mmande f\u00f6rem\u00e5lsdetektion och temperaturkontroll f\u00f6r extra s\u00e4kerhet.\" \/>\n<meta name=\"robots\" content=\"index, follow, max-snippet:-1, max-image-preview:large, max-video-preview:-1\" \/>\n<link rel=\"canonical\" href=\"https:\/\/shop.bjerring-sales.dk\/da\/product\/laddstation-adapt\/\" \/>\n<meta property=\"og:locale\" content=\"da_DK\" \/>\n<meta property=\"og:type\" content=\"article\" \/>\n<meta property=\"og:title\" content=\"Adapt laddstation \u2013 En prasktisk l\u00f6sning till dina enheter\" \/>\n<meta property=\"og:description\" content=\"Ladda din Qi-standard smartphone, smartklocka och h\u00f6rlurar samtidigt med tre laddningsytor. Utrustad med fr\u00e4mmande f\u00f6rem\u00e5lsdetektion och temperaturkontroll f\u00f6r extra s\u00e4kerhet.\" \/>\n<meta property=\"og:url\" content=\"https:\/\/shop.bjerring-sales.dk\/da\/product\/laddstation-adapt\/\" \/>\n<meta property=\"og:site_name\" content=\"Bjerring-Sales\" \/>\n<meta property=\"article:modified_time\" content=\"2026-04-10T13:23:01+00:00\" \/>\n<meta property=\"og:image\" content=\"https:\/\/shop.bjerring-sales.dk\/wp-content\/uploads\/2025\/03\/elj-laddstation-adapt-800x800px-02.jpg\" \/>\n\t<meta property=\"og:image:width\" content=\"800\" \/>\n\t<meta property=\"og:image:height\" content=\"800\" \/>\n\t<meta property=\"og:image:type\" content=\"image\/jpeg\" \/>\n<meta name=\"twitter:card\" content=\"summary_large_image\" \/>\n<meta name=\"twitter:title\" content=\"Adapt laddstation \u2013 En prasktisk l\u00f6sning till dina enheter\" \/>\n<meta name=\"twitter:description\" content=\"Ladda din Qi-standard smartphone, smartklocka och h\u00f6rlurar samtidigt med tre laddningsytor. Utrustad med fr\u00e4mmande f\u00f6rem\u00e5lsdetektion och temperaturkontroll f\u00f6r extra s\u00e4kerhet.\" \/>\n<meta name=\"twitter:image\" content=\"https:\/\/shop.bjerring-sales.dk\/wp-content\/uploads\/2025\/03\/elj-laddstation-adapt-800x800px-02.jpg\" \/>\n<meta name=\"twitter:label1\" content=\"Estimeret l\u00e6setid\" \/>\n\t<meta name=\"twitter:data1\" content=\"4 minutter\" \/>\n<script type=\"application\/ld+json\" class=\"yoast-schema-graph\">{\"@context\":\"https:\/\/schema.org\",\"@graph\":[{\"@type\":\"WebPage\",\"@id\":\"https:\/\/shop.bjerring-sales.dk\/product\/laddstation-adapt\/\",\"url\":\"https:\/\/shop.bjerring-sales.dk\/product\/laddstation-adapt\/\",\"name\":\"Laddstation Adapt - Bjerring-Sales\",\"isPartOf\":{\"@id\":\"https:\/\/shop.bjerring-sales.dk\/#website\"},\"primaryImageOfPage\":{\"@id\":\"https:\/\/shop.bjerring-sales.dk\/product\/laddstation-adapt\/#primaryimage\"},\"image\":{\"@id\":\"https:\/\/shop.bjerring-sales.dk\/product\/laddstation-adapt\/#primaryimage\"},\"thumbnailUrl\":\"https:\/\/shop.bjerring-sales.dk\/wp-content\/uploads\/2025\/03\/elj-laddstation-adapt-800x800px.jpg\",\"datePublished\":\"2025-03-18T11:50:24+00:00\",\"dateModified\":\"2026-04-10T13:23:01+00:00\",\"description\":\"Ladda din Qi-standard smartphone, smartklocka och h\u00f6rlurar samtidigt med tre laddningsytor. Utrustad med fr\u00e4mmande f\u00f6rem\u00e5lsdetektion och temperaturkontroll f\u00f6r extra s\u00e4kerhet.\",\"breadcrumb\":{\"@id\":\"https:\/\/shop.bjerring-sales.dk\/product\/laddstation-adapt\/#breadcrumb\"},\"inLanguage\":\"da-DK\",\"potentialAction\":[{\"@type\":\"ReadAction\",\"target\":[\"https:\/\/shop.bjerring-sales.dk\/product\/laddstation-adapt\/\"]}]},{\"@type\":\"ImageObject\",\"inLanguage\":\"da-DK\",\"@id\":\"https:\/\/shop.bjerring-sales.dk\/product\/laddstation-adapt\/#primaryimage\",\"url\":\"https:\/\/shop.bjerring-sales.dk\/wp-content\/uploads\/2025\/03\/elj-laddstation-adapt-800x800px.jpg\",\"contentUrl\":\"https:\/\/shop.bjerring-sales.dk\/wp-content\/uploads\/2025\/03\/elj-laddstation-adapt-800x800px.jpg\",\"width\":800,\"height\":800},{\"@type\":\"BreadcrumbList\",\"@id\":\"https:\/\/shop.bjerring-sales.dk\/product\/laddstation-adapt\/#breadcrumb\",\"itemListElement\":[{\"@type\":\"ListItem\",\"position\":1,\"name\":\"Hem\",\"item\":\"https:\/\/shop.bjerring-sales.dk\/\"},{\"@type\":\"ListItem\",\"position\":2,\"name\":\"Webbutik\",\"item\":\"https:\/\/shop.bjerring-sales.dk\/butik\/\"},{\"@type\":\"ListItem\",\"position\":3,\"name\":\"Laddstation Adapt\"}]},{\"@type\":\"WebSite\",\"@id\":\"https:\/\/shop.bjerring-sales.dk\/#website\",\"url\":\"https:\/\/shop.bjerring-sales.dk\/\",\"name\":\"Bjerring-Sales\",\"description\":\"M\u00f6bler f\u00f6r teatrar, skolor, kontor och k\u00f6pcentrum\",\"publisher\":{\"@id\":\"https:\/\/shop.bjerring-sales.dk\/#organization\"},\"potentialAction\":[{\"@type\":\"SearchAction\",\"target\":{\"@type\":\"EntryPoint\",\"urlTemplate\":\"https:\/\/shop.bjerring-sales.dk\/?s={search_term_string}\"},\"query-input\":{\"@type\":\"PropertyValueSpecification\",\"valueRequired\":true,\"valueName\":\"search_term_string\"}}],\"inLanguage\":\"da-DK\"},{\"@type\":\"Organization\",\"@id\":\"https:\/\/shop.bjerring-sales.dk\/#organization\",\"name\":\"Bjerring-Sales\",\"url\":\"https:\/\/shop.bjerring-sales.dk\/\",\"logo\":{\"@type\":\"ImageObject\",\"inLanguage\":\"da-DK\",\"@id\":\"https:\/\/shop.bjerring-sales.dk\/#\/schema\/logo\/image\/\",\"url\":\"https:\/\/shop.bjerring-sales.dk\/wp-content\/uploads\/2023\/01\/logo_sv.png\",\"contentUrl\":\"https:\/\/shop.bjerring-sales.dk\/wp-content\/uploads\/2023\/01\/logo_sv.png\",\"width\":195,\"height\":68,\"caption\":\"Bjerring-Sales\"},\"image\":{\"@id\":\"https:\/\/shop.bjerring-sales.dk\/#\/schema\/logo\/image\/\"}}]}<\/script>\n<!-- \/ Yoast SEO plugin. -->","yoast_head_json":{"title":"Ladestation Adapt - Bjerring-Salg","description":"Oplad din Qi-standard smartphone, smartwatch og hovedtelefoner samtidigt med tre opladningsflader. Udstyret med fremmedlegemedetektion og temperaturkontrol for ekstra sikkerhed.","robots":{"index":"index","follow":"follow","max-snippet":"max-snippet:-1","max-image-preview":"max-image-preview:large","max-video-preview":"max-video-preview:-1"},"canonical":"https:\/\/shop.bjerring-sales.dk\/da\/product\/laddstation-adapt\/","og_locale":"da_DK","og_type":"article","og_title":"Adapt laddstation \u2013 En prasktisk l\u00f6sning till dina enheter","og_description":"Ladda din Qi-standard smartphone, smartklocka och h\u00f6rlurar samtidigt med tre laddningsytor. Utrustad med fr\u00e4mmande f\u00f6rem\u00e5lsdetektion och temperaturkontroll f\u00f6r extra s\u00e4kerhet.","og_url":"https:\/\/shop.bjerring-sales.dk\/da\/product\/laddstation-adapt\/","og_site_name":"Bjerring-Sales","article_modified_time":"2026-04-10T13:23:01+00:00","og_image":[{"width":800,"height":800,"url":"https:\/\/shop.bjerring-sales.dk\/wp-content\/uploads\/2025\/03\/elj-laddstation-adapt-800x800px-02.jpg","type":"image\/jpeg"}],"twitter_card":"summary_large_image","twitter_title":"Adapt laddstation \u2013 En prasktisk l\u00f6sning till dina enheter","twitter_description":"Ladda din Qi-standard smartphone, smartklocka och h\u00f6rlurar samtidigt med tre laddningsytor. Utrustad med fr\u00e4mmande f\u00f6rem\u00e5lsdetektion och temperaturkontroll f\u00f6r extra s\u00e4kerhet.","twitter_image":"https:\/\/shop.bjerring-sales.dk\/wp-content\/uploads\/2025\/03\/elj-laddstation-adapt-800x800px-02.jpg","twitter_misc":{"Estimeret l\u00e6setid":"4 minutter"},"schema":{"@context":"https:\/\/schema.org","@graph":[{"@type":"WebPage","@id":"https:\/\/shop.bjerring-sales.dk\/product\/laddstation-adapt\/","url":"https:\/\/shop.bjerring-sales.dk\/product\/laddstation-adapt\/","name":"Ladestation Adapt - Bjerring-Salg","isPartOf":{"@id":"https:\/\/shop.bjerring-sales.dk\/#website"},"primaryImageOfPage":{"@id":"https:\/\/shop.bjerring-sales.dk\/product\/laddstation-adapt\/#primaryimage"},"image":{"@id":"https:\/\/shop.bjerring-sales.dk\/product\/laddstation-adapt\/#primaryimage"},"thumbnailUrl":"https:\/\/shop.bjerring-sales.dk\/wp-content\/uploads\/2025\/03\/elj-laddstation-adapt-800x800px.jpg","datePublished":"2025-03-18T11:50:24+00:00","dateModified":"2026-04-10T13:23:01+00:00","description":"Oplad din Qi-standard smartphone, smartwatch og hovedtelefoner samtidigt med tre opladningsflader. Udstyret med fremmedlegemedetektion og temperaturkontrol for ekstra sikkerhed.","breadcrumb":{"@id":"https:\/\/shop.bjerring-sales.dk\/product\/laddstation-adapt\/#breadcrumb"},"inLanguage":"da-DK","potentialAction":[{"@type":"ReadAction","target":["https:\/\/shop.bjerring-sales.dk\/product\/laddstation-adapt\/"]}]},{"@type":"ImageObject","inLanguage":"da-DK","@id":"https:\/\/shop.bjerring-sales.dk\/product\/laddstation-adapt\/#primaryimage","url":"https:\/\/shop.bjerring-sales.dk\/wp-content\/uploads\/2025\/03\/elj-laddstation-adapt-800x800px.jpg","contentUrl":"https:\/\/shop.bjerring-sales.dk\/wp-content\/uploads\/2025\/03\/elj-laddstation-adapt-800x800px.jpg","width":800,"height":800},{"@type":"BreadcrumbList","@id":"https:\/\/shop.bjerring-sales.dk\/product\/laddstation-adapt\/#breadcrumb","itemListElement":[{"@type":"ListItem","position":1,"name":"Hem","item":"https:\/\/shop.bjerring-sales.dk\/"},{"@type":"ListItem","position":2,"name":"Webbutik","item":"https:\/\/shop.bjerring-sales.dk\/butik\/"},{"@type":"ListItem","position":3,"name":"Laddstation Adapt"}]},{"@type":"WebSite","@id":"https:\/\/shop.bjerring-sales.dk\/#website","url":"https:\/\/shop.bjerring-sales.dk\/","name":"Bjerring-Salg","description":"M\u00f8bler til teatre, skoler, kontorer og indk\u00f8bscentre","publisher":{"@id":"https:\/\/shop.bjerring-sales.dk\/#organization"},"potentialAction":[{"@type":"SearchAction","target":{"@type":"EntryPoint","urlTemplate":"https:\/\/shop.bjerring-sales.dk\/?s={search_term_string}"},"query-input":{"@type":"PropertyValueSpecification","valueRequired":true,"valueName":"search_term_string"}}],"inLanguage":"da-DK"},{"@type":"Organization","@id":"https:\/\/shop.bjerring-sales.dk\/#organization","name":"Bjerring-Salg","url":"https:\/\/shop.bjerring-sales.dk\/","logo":{"@type":"ImageObject","inLanguage":"da-DK","@id":"https:\/\/shop.bjerring-sales.dk\/#\/schema\/logo\/image\/","url":"https:\/\/shop.bjerring-sales.dk\/wp-content\/uploads\/2023\/01\/logo_sv.png","contentUrl":"https:\/\/shop.bjerring-sales.dk\/wp-content\/uploads\/2023\/01\/logo_sv.png","width":195,"height":68,"caption":"Bjerring-Sales"},"image":{"@id":"https:\/\/shop.bjerring-sales.dk\/#\/schema\/logo\/image\/"}}]}},"_links":{"self":[{"href":"https:\/\/shop.bjerring-sales.dk\/da\/wp-json\/wp\/v2\/product\/100645","targetHints":{"allow":["GET"]}}],"collection":[{"href":"https:\/\/shop.bjerring-sales.dk\/da\/wp-json\/wp\/v2\/product"}],"about":[{"href":"https:\/\/shop.bjerring-sales.dk\/da\/wp-json\/wp\/v2\/types\/product"}],"wp:featuredmedia":[{"embeddable":true,"href":"https:\/\/shop.bjerring-sales.dk\/da\/wp-json\/wp\/v2\/media\/100656"}],"wp:attachment":[{"href":"https:\/\/shop.bjerring-sales.dk\/da\/wp-json\/wp\/v2\/media?parent=100645"}],"wp:term":[{"taxonomy":"product_brand","embeddable":true,"href":"https:\/\/shop.bjerring-sales.dk\/da\/wp-json\/wp\/v2\/product_brand?post=100645"},{"taxonomy":"product_cat","embeddable":true,"href":"https:\/\/shop.bjerring-sales.dk\/da\/wp-json\/wp\/v2\/product_cat?post=100645"},{"taxonomy":"product_tag","embeddable":true,"href":"https:\/\/shop.bjerring-sales.dk\/da\/wp-json\/wp\/v2\/product_tag?post=100645"}],"curies":[{"name":"wp","href":"https:\/\/api.w.org\/{rel}","templated":true}]}}