{"id":100642,"date":"2025-03-18T12:44:52","date_gmt":"2025-03-18T11:44:52","guid":{"rendered":"https:\/\/shop.bjerring-sales.dk\/sv\/?post_type=product&#038;p=100642"},"modified":"2026-02-06T16:04:16","modified_gmt":"2026-02-06T15:04:16","slug":"forvaringslada-adapt","status":"publish","type":"product","link":"https:\/\/shop.bjerring-sales.dk\/da\/vare\/forvaringslada-adapt\/","title":{"rendered":"Adapt opbevaringsboks"},"content":{"rendered":"<div class=\"wpb-content-wrapper\"><div class=\"vc_row wpb_row vc_row-fluid\"><div class=\"wpb_column vc_column_container vc_col-sm-12\"><div class=\"vc_column-inner\"><div class=\"wpb_wrapper\">\n\t<div class=\"wpb_text_column wpb_content_element\" >\n\t\t<div class=\"wpb_wrapper\">\n\t\t\t<p><span style=\"font-size: 24pt\">Hold dit skrivebord organiseret med Adapt opbevaringsskuffen<br \/>\n<\/span>Med den praktiske Adapt opbevaringsboks kan du holde styr p\u00e5 de ting, du ofte bruger i l\u00f8bet af arbejdsdagen og gerne vil have lige ved h\u00e5nden, men som ofte skaber rod p\u00e5 dit skrivebord, hvis de st\u00e5r foran dig. Skuffen er monteret p\u00e5 skrivebordet under bordpladen og giver dig mulighed for hurtigt og nemt at dreje det ud, du har brug for, takket v\u00e6re det yderst smarte og pladsbesparende drejelige design.<\/p>\n\n\t\t<\/div>\n\t<\/div>\n<\/div><\/div><\/div><\/div><div class=\"vc_row wpb_row vc_row-fluid\"><div class=\"wpb_column vc_column_container vc_col-sm-6\"><div class=\"vc_column-inner\"><div class=\"wpb_wrapper\">\n\t<div  class=\"wpb_single_image wpb_content_element vc_align_center\">\n\t\t\n\t\t<figure class=\"wpb_wrapper vc_figure\">\n\t\t\t<div class=\"vc_single_image-wrapper vc_box_shadow_border  vc_box_border_grey\"><img loading=\"lazy\" decoding=\"async\" width=\"800\" height=\"533\" src=\"https:\/\/shop.bjerring-sales.dk\/wp-content\/uploads\/2025\/03\/forvaringslada05.webp\" class=\"vc_single_image-img attachment-full\" alt=\"\" title=\"opbevaringsskur05\" srcset=\"https:\/\/shop.bjerring-sales.dk\/wp-content\/uploads\/2025\/03\/forvaringslada05.webp 800w, https:\/\/shop.bjerring-sales.dk\/wp-content\/uploads\/2025\/03\/forvaringslada05-300x200.webp 300w, https:\/\/shop.bjerring-sales.dk\/wp-content\/uploads\/2025\/03\/forvaringslada05-768x512.webp 768w, https:\/\/shop.bjerring-sales.dk\/wp-content\/uploads\/2025\/03\/forvaringslada05-18x12.webp 18w, https:\/\/shop.bjerring-sales.dk\/wp-content\/uploads\/2025\/03\/forvaringslada05-600x400.webp 600w, https:\/\/shop.bjerring-sales.dk\/wp-content\/uploads\/2025\/03\/forvaringslada05-150x100.webp 150w\" sizes=\"auto, (max-width: 800px) 100vw, 800px\" \/><\/div>\n\t\t<\/figure>\n\t<\/div>\n<\/div><\/div><\/div><div class=\"wpb_column vc_column_container vc_col-sm-6\"><div class=\"vc_column-inner\"><div class=\"wpb_wrapper\">\n\t<div  class=\"wpb_single_image wpb_content_element vc_align_center\">\n\t\t\n\t\t<figure class=\"wpb_wrapper vc_figure\">\n\t\t\t<div class=\"vc_single_image-wrapper vc_box_shadow_border  vc_box_border_grey\"><img loading=\"lazy\" decoding=\"async\" width=\"800\" height=\"533\" src=\"https:\/\/shop.bjerring-sales.dk\/wp-content\/uploads\/2025\/03\/forvaringslada06.webp\" class=\"vc_single_image-img attachment-full\" alt=\"\" title=\"opbevaringsskur06\" srcset=\"https:\/\/shop.bjerring-sales.dk\/wp-content\/uploads\/2025\/03\/forvaringslada06.webp 800w, https:\/\/shop.bjerring-sales.dk\/wp-content\/uploads\/2025\/03\/forvaringslada06-300x200.webp 300w, https:\/\/shop.bjerring-sales.dk\/wp-content\/uploads\/2025\/03\/forvaringslada06-768x512.webp 768w, https:\/\/shop.bjerring-sales.dk\/wp-content\/uploads\/2025\/03\/forvaringslada06-18x12.webp 18w, https:\/\/shop.bjerring-sales.dk\/wp-content\/uploads\/2025\/03\/forvaringslada06-600x400.webp 600w, https:\/\/shop.bjerring-sales.dk\/wp-content\/uploads\/2025\/03\/forvaringslada06-150x100.webp 150w\" sizes=\"auto, (max-width: 800px) 100vw, 800px\" \/><\/div>\n\t\t<\/figure>\n\t<\/div>\n<\/div><\/div><\/div><\/div><div class=\"vc_row wpb_row vc_row-fluid\"><div class=\"wpb_column vc_column_container vc_col-sm-12\"><div class=\"vc_column-inner\"><div class=\"wpb_wrapper\">\n\t<div class=\"wpb_text_column wpb_content_element\" >\n\t\t<div class=\"wpb_wrapper\">\n\t\t\t<p><span style=\"font-size: 18pt\">Anvendelsesomr\u00e5de<\/span><br \/>\nAdapt opbevaringskassen har flere sm\u00e5 rum, der skaber orden og g\u00f8r det nemt at finde det, du leder efter. Perfekt til opbevaring af penne, viskel\u00e6der, papirclips og meget mere.<\/p>\n\n\t\t<\/div>\n\t<\/div>\n<\/div><\/div><\/div><\/div><div class=\"vc_row wpb_row vc_row-fluid\"><div class=\"wpb_column vc_column_container vc_col-sm-4\"><div class=\"vc_column-inner\"><div class=\"wpb_wrapper\">\n\t<div  class=\"wpb_single_image wpb_content_element vc_align_center\">\n\t\t\n\t\t<figure class=\"wpb_wrapper vc_figure\">\n\t\t\t<div class=\"vc_single_image-wrapper vc_box_shadow_border  vc_box_border_grey\"><img loading=\"lazy\" decoding=\"async\" width=\"800\" height=\"500\" src=\"https:\/\/shop.bjerring-sales.dk\/wp-content\/uploads\/2025\/03\/forvaringslada07.webp\" class=\"vc_single_image-img attachment-full\" alt=\"\" title=\"opbevaringsskur07\" srcset=\"https:\/\/shop.bjerring-sales.dk\/wp-content\/uploads\/2025\/03\/forvaringslada07.webp 800w, https:\/\/shop.bjerring-sales.dk\/wp-content\/uploads\/2025\/03\/forvaringslada07-300x188.webp 300w, https:\/\/shop.bjerring-sales.dk\/wp-content\/uploads\/2025\/03\/forvaringslada07-768x480.webp 768w, https:\/\/shop.bjerring-sales.dk\/wp-content\/uploads\/2025\/03\/forvaringslada07-18x12.webp 18w, https:\/\/shop.bjerring-sales.dk\/wp-content\/uploads\/2025\/03\/forvaringslada07-600x375.webp 600w, https:\/\/shop.bjerring-sales.dk\/wp-content\/uploads\/2025\/03\/forvaringslada07-150x94.webp 150w\" sizes=\"auto, (max-width: 800px) 100vw, 800px\" \/><\/div>\n\t\t<\/figure>\n\t<\/div>\n<\/div><\/div><\/div><div class=\"wpb_column vc_column_container vc_col-sm-4\"><div class=\"vc_column-inner\"><div class=\"wpb_wrapper\">\n\t<div  class=\"wpb_single_image wpb_content_element vc_align_center\">\n\t\t\n\t\t<figure class=\"wpb_wrapper vc_figure\">\n\t\t\t<div class=\"vc_single_image-wrapper vc_box_shadow_border  vc_box_border_grey\"><img loading=\"lazy\" decoding=\"async\" width=\"800\" height=\"470\" src=\"https:\/\/shop.bjerring-sales.dk\/wp-content\/uploads\/2025\/03\/forvaringslada08.webp\" class=\"vc_single_image-img attachment-full\" alt=\"\" title=\"opbevaringsskur08\" srcset=\"https:\/\/shop.bjerring-sales.dk\/wp-content\/uploads\/2025\/03\/forvaringslada08.webp 800w, https:\/\/shop.bjerring-sales.dk\/wp-content\/uploads\/2025\/03\/forvaringslada08-300x176.webp 300w, https:\/\/shop.bjerring-sales.dk\/wp-content\/uploads\/2025\/03\/forvaringslada08-768x451.webp 768w, https:\/\/shop.bjerring-sales.dk\/wp-content\/uploads\/2025\/03\/forvaringslada08-18x12.webp 18w, https:\/\/shop.bjerring-sales.dk\/wp-content\/uploads\/2025\/03\/forvaringslada08-600x353.webp 600w, https:\/\/shop.bjerring-sales.dk\/wp-content\/uploads\/2025\/03\/forvaringslada08-150x88.webp 150w\" sizes=\"auto, (max-width: 800px) 100vw, 800px\" \/><\/div>\n\t\t<\/figure>\n\t<\/div>\n<\/div><\/div><\/div><div class=\"wpb_column vc_column_container vc_col-sm-4\"><div class=\"vc_column-inner\"><div class=\"wpb_wrapper\">\n\t<div  class=\"wpb_single_image wpb_content_element vc_align_center\">\n\t\t\n\t\t<figure class=\"wpb_wrapper vc_figure\">\n\t\t\t<div class=\"vc_single_image-wrapper vc_box_shadow_border  vc_box_border_grey\"><img loading=\"lazy\" decoding=\"async\" width=\"800\" height=\"435\" src=\"https:\/\/shop.bjerring-sales.dk\/wp-content\/uploads\/2025\/03\/forvaringslada09.webp\" class=\"vc_single_image-img attachment-full\" alt=\"\" title=\"opbevaringsskur09\" srcset=\"https:\/\/shop.bjerring-sales.dk\/wp-content\/uploads\/2025\/03\/forvaringslada09.webp 800w, https:\/\/shop.bjerring-sales.dk\/wp-content\/uploads\/2025\/03\/forvaringslada09-300x163.webp 300w, https:\/\/shop.bjerring-sales.dk\/wp-content\/uploads\/2025\/03\/forvaringslada09-768x418.webp 768w, https:\/\/shop.bjerring-sales.dk\/wp-content\/uploads\/2025\/03\/forvaringslada09-18x10.webp 18w, https:\/\/shop.bjerring-sales.dk\/wp-content\/uploads\/2025\/03\/forvaringslada09-600x326.webp 600w, https:\/\/shop.bjerring-sales.dk\/wp-content\/uploads\/2025\/03\/forvaringslada09-150x82.webp 150w\" sizes=\"auto, (max-width: 800px) 100vw, 800px\" \/><\/div>\n\t\t<\/figure>\n\t<\/div>\n<\/div><\/div><\/div><\/div><div class=\"vc_row wpb_row vc_row-fluid\"><div class=\"wpb_column vc_column_container vc_col-sm-12\"><div class=\"vc_column-inner\"><div class=\"wpb_wrapper\"><div class=\"vc_row wpb_row vc_inner vc_row-fluid\"><div class=\"wpb_column vc_column_container vc_col-sm-12\"><div class=\"vc_column-inner\"><div class=\"wpb_wrapper\"><div class=\"vc_separator wpb_content_element vc_separator_align_center vc_sep_width_100 vc_sep_pos_align_center vc_separator_no_text vc_sep_color_grey vc_custom_1745072233152\" ><span class=\"vc_sep_holder vc_sep_holder_l\"><span class=\"vc_sep_line\"><\/span><\/span><span class=\"vc_sep_holder vc_sep_holder_r\"><span class=\"vc_sep_line\"><\/span><\/span>\n<\/div><\/div><\/div><\/div><\/div><div class=\"vc_row wpb_row vc_inner vc_row-fluid\"><div class=\"wpb_column vc_column_container vc_col-sm-6\"><div class=\"vc_column-inner\"><div class=\"wpb_wrapper\">\n\t<div class=\"wpb_text_column wpb_content_element vc_custom_1745308421961\" >\n\t\t<div class=\"wpb_wrapper\">\n\t\t\t<p><span style=\"font-size: 18pt\">Specifikationer<\/span><\/p>\n<ul>\n<li>Lagerf\u00f8rt i sort<\/li>\n<li>Drejbar 360\u00b0<\/li>\n<li>Stabil gang ved rotation<\/li>\n<li>Monteres nemt med de medf\u00f8lgende skruer<\/li>\n<li>Fremstillet af milj\u00f8venlig polyethylen<\/li>\n<\/ul>\n<p><span style=\"font-size: 18pt\">V\u00e6gt<\/span><\/p>\n<ul>\n<li>0,5 kg<\/li>\n<\/ul>\n\n\t\t<\/div>\n\t<\/div>\n<\/div><\/div><\/div><div class=\"wpb_column vc_column_container vc_col-sm-6\"><div class=\"vc_column-inner\"><div class=\"wpb_wrapper\">\n\t<div class=\"wpb_text_column wpb_content_element vc_custom_1745308438313\" >\n\t\t<div class=\"wpb_wrapper\">\n\t\t\t<p><span style=\"font-size: 18pt\">M\u00e5l<\/span><\/p>\n<ul>\n<li>Bredde: 350 mm<\/li>\n<li>Dybde: 200 mm<\/li>\n<li>H\u00f8jde: 30 mm<\/li>\n<\/ul>\n\n\t\t<\/div>\n\t<\/div>\n<\/div><\/div><\/div><\/div><\/div><\/div><\/div><\/div>\n<\/div>","protected":false},"excerpt":{"rendered":"<p>Skrivebordsopbevaring Adapt er en drejelig opbevaringsboks, der giver praktisk ekstra opbevaring til dit h\u00f8jdejusterbare skrivebord. Monteres nemt med tre skruer og holder kuglepenne, sedler og andre vigtige ting organiseret og inden for r\u00e6kkevidde.<\/p>","protected":false},"featured_media":100654,"template":"","meta":{"iawp_total_views":1},"product_brand":[],"product_cat":[5785,5798,5804],"product_tag":[5807,6341,6342],"class_list":{"0":"post-100642","1":"product","2":"type-product","3":"status-publish","4":"has-post-thumbnail","6":"product_cat-hemmakontor","7":"product_cat-kontorsprodukter","8":"product_cat-tillbehor-bord","9":"product_tag-forvaring","10":"product_tag-forvaring-under-skrivbord","11":"product_tag-bordsforvaring","13":"first","14":"instock","15":"taxable","16":"shipping-taxable","17":"purchasable","18":"product-type-simple"},"yoast_head":"<!-- This site is optimized with the Yoast SEO plugin v27.0 - https:\/\/yoast.com\/product\/yoast-seo-wordpress\/ -->\n<title>F\u00f6rvaringsl\u00e5da Adapt - Bjerring-Sales<\/title>\n<meta name=\"description\" content=\"Skrivbordsf\u00f6rvaring Adapt \u00e4r en sv\u00e4ngbar f\u00f6rvaringsl\u00e5da som ger praktisk extra f\u00f6rvaring till ditt h\u00f6j- och s\u00e4nkbara skrivbord.\" \/>\n<meta name=\"robots\" content=\"index, follow, max-snippet:-1, max-image-preview:large, max-video-preview:-1\" \/>\n<link rel=\"canonical\" href=\"https:\/\/shop.bjerring-sales.dk\/da\/vare\/forvaringslada-adapt\/\" \/>\n<meta property=\"og:locale\" content=\"da_DK\" \/>\n<meta property=\"og:type\" content=\"article\" \/>\n<meta property=\"og:title\" content=\"H\u00e5ll ordning i skrivbordet med f\u00f6rvaringsl\u00e5dan Adapt\" \/>\n<meta property=\"og:description\" content=\"Skrivbordsf\u00f6rvaring Adapt \u00e4r en sv\u00e4ngbar f\u00f6rvaringsl\u00e5da som ger praktisk extra f\u00f6rvaring till ditt h\u00f6j- och s\u00e4nkbara skrivbord.\" \/>\n<meta property=\"og:url\" content=\"https:\/\/shop.bjerring-sales.dk\/da\/vare\/forvaringslada-adapt\/\" \/>\n<meta property=\"og:site_name\" content=\"Bjerring-Sales\" \/>\n<meta property=\"article:modified_time\" content=\"2026-02-06T15:04:16+00:00\" \/>\n<meta property=\"og:image\" content=\"https:\/\/shop.bjerring-sales.dk\/wp-content\/uploads\/2025\/03\/forvaringslada06.webp\" \/>\n\t<meta property=\"og:image:width\" content=\"800\" \/>\n\t<meta property=\"og:image:height\" content=\"533\" \/>\n\t<meta property=\"og:image:type\" content=\"image\/webp\" \/>\n<meta name=\"twitter:card\" content=\"summary_large_image\" \/>\n<meta name=\"twitter:title\" content=\"H\u00e5ll ordning i skrivbordet med f\u00f6rvaringsl\u00e5dan Adapt\" \/>\n<meta name=\"twitter:description\" content=\"Skrivbordsf\u00f6rvaring Adapt \u00e4r en sv\u00e4ngbar f\u00f6rvaringsl\u00e5da som ger praktisk extra f\u00f6rvaring till ditt h\u00f6j- och s\u00e4nkbara skrivbord.\" \/>\n<meta name=\"twitter:image\" content=\"https:\/\/shop.bjerring-sales.dk\/wp-content\/uploads\/2025\/03\/forvaringslada06.webp\" \/>\n<meta name=\"twitter:label1\" content=\"Estimeret l\u00e6setid\" \/>\n\t<meta name=\"twitter:data1\" content=\"3 minutter\" \/>\n<script type=\"application\/ld+json\" class=\"yoast-schema-graph\">{\"@context\":\"https:\/\/schema.org\",\"@graph\":[{\"@type\":\"WebPage\",\"@id\":\"https:\/\/shop.bjerring-sales.dk\/sv\/produkt\/forvaringslada-adapt\/\",\"url\":\"https:\/\/shop.bjerring-sales.dk\/sv\/produkt\/forvaringslada-adapt\/\",\"name\":\"F\u00f6rvaringsl\u00e5da Adapt - Bjerring-Sales\",\"isPartOf\":{\"@id\":\"https:\/\/shop.bjerring-sales.dk\/#website\"},\"primaryImageOfPage\":{\"@id\":\"https:\/\/shop.bjerring-sales.dk\/sv\/produkt\/forvaringslada-adapt\/#primaryimage\"},\"image\":{\"@id\":\"https:\/\/shop.bjerring-sales.dk\/sv\/produkt\/forvaringslada-adapt\/#primaryimage\"},\"thumbnailUrl\":\"https:\/\/shop.bjerring-sales.dk\/wp-content\/uploads\/2025\/03\/elj-skrivbordsforvaring-adapt-800x800px.jpg\",\"datePublished\":\"2025-03-18T11:44:52+00:00\",\"dateModified\":\"2026-02-06T15:04:16+00:00\",\"description\":\"Skrivbordsf\u00f6rvaring Adapt \u00e4r en sv\u00e4ngbar f\u00f6rvaringsl\u00e5da som ger praktisk extra f\u00f6rvaring till ditt h\u00f6j- och s\u00e4nkbara skrivbord.\",\"breadcrumb\":{\"@id\":\"https:\/\/shop.bjerring-sales.dk\/sv\/produkt\/forvaringslada-adapt\/#breadcrumb\"},\"inLanguage\":\"da-DK\",\"potentialAction\":[{\"@type\":\"ReadAction\",\"target\":[\"https:\/\/shop.bjerring-sales.dk\/sv\/produkt\/forvaringslada-adapt\/\"]}]},{\"@type\":\"ImageObject\",\"inLanguage\":\"da-DK\",\"@id\":\"https:\/\/shop.bjerring-sales.dk\/sv\/produkt\/forvaringslada-adapt\/#primaryimage\",\"url\":\"https:\/\/shop.bjerring-sales.dk\/wp-content\/uploads\/2025\/03\/elj-skrivbordsforvaring-adapt-800x800px.jpg\",\"contentUrl\":\"https:\/\/shop.bjerring-sales.dk\/wp-content\/uploads\/2025\/03\/elj-skrivbordsforvaring-adapt-800x800px.jpg\",\"width\":800,\"height\":800},{\"@type\":\"BreadcrumbList\",\"@id\":\"https:\/\/shop.bjerring-sales.dk\/sv\/produkt\/forvaringslada-adapt\/#breadcrumb\",\"itemListElement\":[{\"@type\":\"ListItem\",\"position\":1,\"name\":\"Hem\",\"item\":\"https:\/\/shop.bjerring-sales.dk\/\"},{\"@type\":\"ListItem\",\"position\":2,\"name\":\"Webbutik\",\"item\":\"https:\/\/shop.bjerring-sales.dk\/butik\/\"},{\"@type\":\"ListItem\",\"position\":3,\"name\":\"F\u00f6rvaringsl\u00e5da Adapt\"}]},{\"@type\":\"WebSite\",\"@id\":\"https:\/\/shop.bjerring-sales.dk\/#website\",\"url\":\"https:\/\/shop.bjerring-sales.dk\/\",\"name\":\"Bjerring-Sales\",\"description\":\"M\u00f6bler f\u00f6r teatrar, skolor, kontor och k\u00f6pcentrum\",\"publisher\":{\"@id\":\"https:\/\/shop.bjerring-sales.dk\/#organization\"},\"potentialAction\":[{\"@type\":\"SearchAction\",\"target\":{\"@type\":\"EntryPoint\",\"urlTemplate\":\"https:\/\/shop.bjerring-sales.dk\/?s={search_term_string}\"},\"query-input\":{\"@type\":\"PropertyValueSpecification\",\"valueRequired\":true,\"valueName\":\"search_term_string\"}}],\"inLanguage\":\"da-DK\"},{\"@type\":\"Organization\",\"@id\":\"https:\/\/shop.bjerring-sales.dk\/#organization\",\"name\":\"Bjerring-Sales\",\"url\":\"https:\/\/shop.bjerring-sales.dk\/\",\"logo\":{\"@type\":\"ImageObject\",\"inLanguage\":\"da-DK\",\"@id\":\"https:\/\/shop.bjerring-sales.dk\/#\/schema\/logo\/image\/\",\"url\":\"https:\/\/shop.bjerring-sales.dk\/wp-content\/uploads\/2023\/01\/logo_sv.png\",\"contentUrl\":\"https:\/\/shop.bjerring-sales.dk\/wp-content\/uploads\/2023\/01\/logo_sv.png\",\"width\":195,\"height\":68,\"caption\":\"Bjerring-Sales\"},\"image\":{\"@id\":\"https:\/\/shop.bjerring-sales.dk\/#\/schema\/logo\/image\/\"}}]}<\/script>\n<!-- \/ Yoast SEO plugin. -->","yoast_head_json":{"title":"F\u00f6rvaringsl\u00e5da Adapt - Bjerring-Sales","description":"Skrivbordsf\u00f6rvaring Adapt \u00e4r en sv\u00e4ngbar f\u00f6rvaringsl\u00e5da som ger praktisk extra f\u00f6rvaring till ditt h\u00f6j- och s\u00e4nkbara skrivbord.","robots":{"index":"index","follow":"follow","max-snippet":"max-snippet:-1","max-image-preview":"max-image-preview:large","max-video-preview":"max-video-preview:-1"},"canonical":"https:\/\/shop.bjerring-sales.dk\/da\/vare\/forvaringslada-adapt\/","og_locale":"da_DK","og_type":"article","og_title":"H\u00e5ll ordning i skrivbordet med f\u00f6rvaringsl\u00e5dan Adapt","og_description":"Skrivbordsf\u00f6rvaring Adapt \u00e4r en sv\u00e4ngbar f\u00f6rvaringsl\u00e5da som ger praktisk extra f\u00f6rvaring till ditt h\u00f6j- och s\u00e4nkbara skrivbord.","og_url":"https:\/\/shop.bjerring-sales.dk\/da\/vare\/forvaringslada-adapt\/","og_site_name":"Bjerring-Sales","article_modified_time":"2026-02-06T15:04:16+00:00","og_image":[{"width":800,"height":533,"url":"https:\/\/shop.bjerring-sales.dk\/wp-content\/uploads\/2025\/03\/forvaringslada06.webp","type":"image\/webp"}],"twitter_card":"summary_large_image","twitter_title":"H\u00e5ll ordning i skrivbordet med f\u00f6rvaringsl\u00e5dan Adapt","twitter_description":"Skrivbordsf\u00f6rvaring Adapt \u00e4r en sv\u00e4ngbar f\u00f6rvaringsl\u00e5da som ger praktisk extra f\u00f6rvaring till ditt h\u00f6j- och s\u00e4nkbara skrivbord.","twitter_image":"https:\/\/shop.bjerring-sales.dk\/wp-content\/uploads\/2025\/03\/forvaringslada06.webp","twitter_misc":{"Estimeret l\u00e6setid":"3 minutter"},"schema":{"@context":"https:\/\/schema.org","@graph":[{"@type":"WebPage","@id":"https:\/\/shop.bjerring-sales.dk\/sv\/produkt\/forvaringslada-adapt\/","url":"https:\/\/shop.bjerring-sales.dk\/sv\/produkt\/forvaringslada-adapt\/","name":"F\u00f6rvaringsl\u00e5da Adapt - Bjerring-Sales","isPartOf":{"@id":"https:\/\/shop.bjerring-sales.dk\/#website"},"primaryImageOfPage":{"@id":"https:\/\/shop.bjerring-sales.dk\/sv\/produkt\/forvaringslada-adapt\/#primaryimage"},"image":{"@id":"https:\/\/shop.bjerring-sales.dk\/sv\/produkt\/forvaringslada-adapt\/#primaryimage"},"thumbnailUrl":"https:\/\/shop.bjerring-sales.dk\/wp-content\/uploads\/2025\/03\/elj-skrivbordsforvaring-adapt-800x800px.jpg","datePublished":"2025-03-18T11:44:52+00:00","dateModified":"2026-02-06T15:04:16+00:00","description":"Skrivbordsf\u00f6rvaring Adapt \u00e4r en sv\u00e4ngbar f\u00f6rvaringsl\u00e5da som ger praktisk extra f\u00f6rvaring till ditt h\u00f6j- och s\u00e4nkbara skrivbord.","breadcrumb":{"@id":"https:\/\/shop.bjerring-sales.dk\/sv\/produkt\/forvaringslada-adapt\/#breadcrumb"},"inLanguage":"da-DK","potentialAction":[{"@type":"ReadAction","target":["https:\/\/shop.bjerring-sales.dk\/sv\/produkt\/forvaringslada-adapt\/"]}]},{"@type":"ImageObject","inLanguage":"da-DK","@id":"https:\/\/shop.bjerring-sales.dk\/sv\/produkt\/forvaringslada-adapt\/#primaryimage","url":"https:\/\/shop.bjerring-sales.dk\/wp-content\/uploads\/2025\/03\/elj-skrivbordsforvaring-adapt-800x800px.jpg","contentUrl":"https:\/\/shop.bjerring-sales.dk\/wp-content\/uploads\/2025\/03\/elj-skrivbordsforvaring-adapt-800x800px.jpg","width":800,"height":800},{"@type":"BreadcrumbList","@id":"https:\/\/shop.bjerring-sales.dk\/sv\/produkt\/forvaringslada-adapt\/#breadcrumb","itemListElement":[{"@type":"ListItem","position":1,"name":"Hem","item":"https:\/\/shop.bjerring-sales.dk\/"},{"@type":"ListItem","position":2,"name":"Webbutik","item":"https:\/\/shop.bjerring-sales.dk\/butik\/"},{"@type":"ListItem","position":3,"name":"F\u00f6rvaringsl\u00e5da Adapt"}]},{"@type":"WebSite","@id":"https:\/\/shop.bjerring-sales.dk\/#website","url":"https:\/\/shop.bjerring-sales.dk\/","name":"Bjerring-Salg","description":"M\u00f8bler til teatre, skoler, kontorer og indk\u00f8bscentre","publisher":{"@id":"https:\/\/shop.bjerring-sales.dk\/#organization"},"potentialAction":[{"@type":"SearchAction","target":{"@type":"EntryPoint","urlTemplate":"https:\/\/shop.bjerring-sales.dk\/?s={search_term_string}"},"query-input":{"@type":"PropertyValueSpecification","valueRequired":true,"valueName":"search_term_string"}}],"inLanguage":"da-DK"},{"@type":"Organization","@id":"https:\/\/shop.bjerring-sales.dk\/#organization","name":"Bjerring-Salg","url":"https:\/\/shop.bjerring-sales.dk\/","logo":{"@type":"ImageObject","inLanguage":"da-DK","@id":"https:\/\/shop.bjerring-sales.dk\/#\/schema\/logo\/image\/","url":"https:\/\/shop.bjerring-sales.dk\/wp-content\/uploads\/2023\/01\/logo_sv.png","contentUrl":"https:\/\/shop.bjerring-sales.dk\/wp-content\/uploads\/2023\/01\/logo_sv.png","width":195,"height":68,"caption":"Bjerring-Sales"},"image":{"@id":"https:\/\/shop.bjerring-sales.dk\/#\/schema\/logo\/image\/"}}]}},"_links":{"self":[{"href":"https:\/\/shop.bjerring-sales.dk\/da\/wp-json\/wp\/v2\/product\/100642","targetHints":{"allow":["GET"]}}],"collection":[{"href":"https:\/\/shop.bjerring-sales.dk\/da\/wp-json\/wp\/v2\/product"}],"about":[{"href":"https:\/\/shop.bjerring-sales.dk\/da\/wp-json\/wp\/v2\/types\/product"}],"wp:featuredmedia":[{"embeddable":true,"href":"https:\/\/shop.bjerring-sales.dk\/da\/wp-json\/wp\/v2\/media\/100654"}],"wp:attachment":[{"href":"https:\/\/shop.bjerring-sales.dk\/da\/wp-json\/wp\/v2\/media?parent=100642"}],"wp:term":[{"taxonomy":"product_brand","embeddable":true,"href":"https:\/\/shop.bjerring-sales.dk\/da\/wp-json\/wp\/v2\/product_brand?post=100642"},{"taxonomy":"product_cat","embeddable":true,"href":"https:\/\/shop.bjerring-sales.dk\/da\/wp-json\/wp\/v2\/product_cat?post=100642"},{"taxonomy":"product_tag","embeddable":true,"href":"https:\/\/shop.bjerring-sales.dk\/da\/wp-json\/wp\/v2\/product_tag?post=100642"}],"curies":[{"name":"wp","href":"https:\/\/api.w.org\/{rel}","templated":true}]}}