{"id":100641,"date":"2025-03-18T13:10:59","date_gmt":"2025-03-18T12:10:59","guid":{"rendered":"https:\/\/shop.bjerring-sales.dk\/sv\/?post_type=product&#038;p=100641"},"modified":"2026-01-14T14:14:58","modified_gmt":"2026-01-14T13:14:58","slug":"monitorarm-adapt-2-skarmar","status":"publish","type":"product","link":"https:\/\/shop.bjerring-sales.dk\/da\/vare\/monitorarm-adapt-2-skarmar\/","title":{"rendered":"Monitorarm til 2 sk\u00e6rme"},"content":{"rendered":"<div class=\"wpb-content-wrapper\"><div class=\"vc_row wpb_row vc_row-fluid\"><div class=\"wpb_column vc_column_container vc_col-sm-12\"><div class=\"vc_column-inner\"><div class=\"wpb_wrapper\">\n\t<div class=\"wpb_text_column wpb_content_element\" >\n\t\t<div class=\"wpb_wrapper\">\n\t\t\t<p><span style=\"font-size: 24pt;\">Sk\u00e6rmarm til 2 sk\u00e6rme \u2013 Skab en stilfuld arbejdsplads!<br \/>\n<\/span>Vores Adapt sk\u00e6rmarm har 2 sammenkoblede arme, der kan b\u00e6re 2 sk\u00e6rme med en samlet maksimal belastning p\u00e5 18 kg. Sk\u00e6rmarmene fungerer godt til sk\u00e6rme p\u00e5 17-32 tommer, hvilket normalt er den mest almindelige st\u00f8rrelse til et typisk kontor. En rimelig moderne 32\u2033 sk\u00e6rm vejer lige under 4 kg. Armene kan bev\u00e6ges frem og tilbage med en arml\u00e6ngde p\u00e5 cirka 45,3 cm. Displayholderne kan ogs\u00e5 justeres i h\u00f8jden. Du fastg\u00f8r blot armen til skrivebordet, den fungerer med de fleste skriveborde.<\/p>\n\n\t\t<\/div>\n\t<\/div>\n<\/div><\/div><\/div><\/div><div class=\"vc_row wpb_row vc_row-fluid\"><div class=\"wpb_column vc_column_container vc_col-sm-4\"><div class=\"vc_column-inner\"><div class=\"wpb_wrapper\">\n\t<div  class=\"wpb_single_image wpb_content_element vc_align_center\">\n\t\t\n\t\t<figure class=\"wpb_wrapper vc_figure\">\n\t\t\t<div class=\"vc_single_image-wrapper vc_box_shadow_border  vc_box_border_grey\"><img loading=\"lazy\" decoding=\"async\" width=\"800\" height=\"533\" src=\"https:\/\/shop.bjerring-sales.dk\/wp-content\/uploads\/2025\/03\/adapt01monitor2skarmar.webp\" class=\"vc_single_image-img attachment-full\" alt=\"\" title=\"adapt01monitor2screens\" srcset=\"https:\/\/shop.bjerring-sales.dk\/wp-content\/uploads\/2025\/03\/adapt01monitor2skarmar.webp 800w, https:\/\/shop.bjerring-sales.dk\/wp-content\/uploads\/2025\/03\/adapt01monitor2skarmar-300x200.webp 300w, https:\/\/shop.bjerring-sales.dk\/wp-content\/uploads\/2025\/03\/adapt01monitor2skarmar-768x512.webp 768w, https:\/\/shop.bjerring-sales.dk\/wp-content\/uploads\/2025\/03\/adapt01monitor2skarmar-18x12.webp 18w, https:\/\/shop.bjerring-sales.dk\/wp-content\/uploads\/2025\/03\/adapt01monitor2skarmar-600x400.webp 600w, https:\/\/shop.bjerring-sales.dk\/wp-content\/uploads\/2025\/03\/adapt01monitor2skarmar-150x100.webp 150w\" sizes=\"auto, (max-width: 800px) 100vw, 800px\" \/><\/div>\n\t\t<\/figure>\n\t<\/div>\n<\/div><\/div><\/div><div class=\"wpb_column vc_column_container vc_col-sm-4\"><div class=\"vc_column-inner\"><div class=\"wpb_wrapper\">\n\t<div  class=\"wpb_single_image wpb_content_element vc_align_center\">\n\t\t\n\t\t<figure class=\"wpb_wrapper vc_figure\">\n\t\t\t<div class=\"vc_single_image-wrapper vc_box_shadow_border  vc_box_border_grey\"><img loading=\"lazy\" decoding=\"async\" width=\"800\" height=\"533\" src=\"https:\/\/shop.bjerring-sales.dk\/wp-content\/uploads\/2025\/03\/adapt02monitor2skarmar.webp\" class=\"vc_single_image-img attachment-full\" alt=\"\" title=\"adapt02monitor2screens\" srcset=\"https:\/\/shop.bjerring-sales.dk\/wp-content\/uploads\/2025\/03\/adapt02monitor2skarmar.webp 800w, https:\/\/shop.bjerring-sales.dk\/wp-content\/uploads\/2025\/03\/adapt02monitor2skarmar-300x200.webp 300w, https:\/\/shop.bjerring-sales.dk\/wp-content\/uploads\/2025\/03\/adapt02monitor2skarmar-768x512.webp 768w, https:\/\/shop.bjerring-sales.dk\/wp-content\/uploads\/2025\/03\/adapt02monitor2skarmar-18x12.webp 18w, https:\/\/shop.bjerring-sales.dk\/wp-content\/uploads\/2025\/03\/adapt02monitor2skarmar-600x400.webp 600w, https:\/\/shop.bjerring-sales.dk\/wp-content\/uploads\/2025\/03\/adapt02monitor2skarmar-150x100.webp 150w\" sizes=\"auto, (max-width: 800px) 100vw, 800px\" \/><\/div>\n\t\t<\/figure>\n\t<\/div>\n<\/div><\/div><\/div><div class=\"wpb_column vc_column_container vc_col-sm-4\"><div class=\"vc_column-inner\"><div class=\"wpb_wrapper\">\n\t<div  class=\"wpb_single_image wpb_content_element vc_align_center\">\n\t\t\n\t\t<figure class=\"wpb_wrapper vc_figure\">\n\t\t\t<div class=\"vc_single_image-wrapper vc_box_shadow_border  vc_box_border_grey\"><img loading=\"lazy\" decoding=\"async\" width=\"800\" height=\"533\" src=\"https:\/\/shop.bjerring-sales.dk\/wp-content\/uploads\/2025\/03\/adapt03monitor2skarmar.webp\" class=\"vc_single_image-img attachment-full\" alt=\"\" title=\"adapt03monitor2screens\" srcset=\"https:\/\/shop.bjerring-sales.dk\/wp-content\/uploads\/2025\/03\/adapt03monitor2skarmar.webp 800w, https:\/\/shop.bjerring-sales.dk\/wp-content\/uploads\/2025\/03\/adapt03monitor2skarmar-300x200.webp 300w, https:\/\/shop.bjerring-sales.dk\/wp-content\/uploads\/2025\/03\/adapt03monitor2skarmar-768x512.webp 768w, https:\/\/shop.bjerring-sales.dk\/wp-content\/uploads\/2025\/03\/adapt03monitor2skarmar-18x12.webp 18w, https:\/\/shop.bjerring-sales.dk\/wp-content\/uploads\/2025\/03\/adapt03monitor2skarmar-600x400.webp 600w, https:\/\/shop.bjerring-sales.dk\/wp-content\/uploads\/2025\/03\/adapt03monitor2skarmar-150x100.webp 150w\" sizes=\"auto, (max-width: 800px) 100vw, 800px\" \/><\/div>\n\t\t<\/figure>\n\t<\/div>\n<\/div><\/div><\/div><\/div><div class=\"vc_row wpb_row vc_row-fluid\"><div class=\"wpb_column vc_column_container vc_col-sm-12\"><div class=\"vc_column-inner\"><div class=\"wpb_wrapper\">\n\t<div class=\"wpb_text_column wpb_content_element\" >\n\t\t<div class=\"wpb_wrapper\">\n\t\t\t<p><span style=\"font-size: 18pt;\">Anvendelsesomr\u00e5der<\/span><br \/>\nVores displayholdere er velegnede til \u00e5bne kontormilj\u00f8er for at spare p\u00e5 bordets st\u00f8rrelse. Den er naturligvis ogs\u00e5 velegnet til andre kontorer og derhjemme for gamere, der \u00f8nsker at \u00f8ge overblikket!<\/p>\n<p><span style=\"font-size: 18pt;\">Ergonomi<\/span><br \/>\nAt v\u00e6lge sk\u00e6rmholdere til computersk\u00e6rme i stedet for blot at placere sk\u00e6rmene p\u00e5 bordet g\u00f8r sk\u00e6rmpositionen h\u00f8jere, hvilket igen skaber en mere naturlig position for brugeren. Sk\u00e6rmholderne hj\u00e6lper dig med at skabe en mere ergonomisk arbejdsplads, uanset om du er p\u00e5 kontoret eller hjemme.<\/p>\n\n\t\t<\/div>\n\t<\/div>\n<div class=\"vc_row wpb_row vc_inner vc_row-fluid\"><div class=\"wpb_column vc_column_container vc_col-sm-12\"><div class=\"vc_column-inner\"><div class=\"wpb_wrapper\">\n\t<div class=\"wpb_text_column wpb_content_element vc_custom_1745072226057\" >\n\t\t<div class=\"wpb_wrapper\">\n\t\t\t<p><span style=\"font-size: 18pt;\">Specifikationer<\/span><\/p>\n\n\t\t<\/div>\n\t<\/div>\n<div class=\"vc_separator wpb_content_element vc_separator_align_center vc_sep_width_100 vc_sep_pos_align_center vc_separator_no_text vc_sep_color_grey vc_custom_1745072233152\" ><span class=\"vc_sep_holder vc_sep_holder_l\"><span class=\"vc_sep_line\"><\/span><\/span><span class=\"vc_sep_holder vc_sep_holder_r\"><span class=\"vc_sep_line\"><\/span><\/span>\n<\/div><\/div><\/div><\/div><\/div><\/div><\/div><\/div><\/div><div class=\"vc_row wpb_row vc_row-fluid\"><div class=\"wpb_column vc_column_container vc_col-sm-12\"><div class=\"vc_column-inner\"><div class=\"wpb_wrapper\"><div class=\"vc_row wpb_row vc_inner vc_row-fluid\"><div class=\"wpb_column vc_column_container vc_col-sm-6\"><div class=\"vc_column-inner\"><div class=\"wpb_wrapper\">\n\t<div class=\"wpb_text_column wpb_content_element\" >\n\t\t<div class=\"wpb_wrapper\">\n\t\t\t<ul>\n<li>Materialer: St\u00e5l, aluminium, plastik<\/li>\n<li>Overfladebehandling: Pulverlakering<\/li>\n<li>Farve: Mat sort<\/li>\n<li>Dimensioner: 1005 \u00d7 114 \u00d7 594 mm<\/li>\n<li>Passer til sk\u00e6rmst\u00f8rrelse: 17\u2033\u201332\u2033<\/li>\n<li>Underst\u00f8ttelse af buet sk\u00e6rm: Ja<\/li>\n<li>Antal sk\u00e6rme: 2<\/li>\n<li>Maksimal belastning pr. sk\u00e6rm: 1\u20139 kg<\/li>\n<li>VESA-kompatibel: 75\u00d775, 100\u00d7100<\/li>\n<li>H\u00e6ldningsvinkel: +55\u00b0 ~ -55\u00b0<\/li>\n<li>Drejeradius: +90\u00b0 ~ -90\u00b0<\/li>\n<li>Sk\u00e6rmrotation: +180\u00b0 ~ -180\u00b0<\/li>\n<\/ul>\n\n\t\t<\/div>\n\t<\/div>\n<\/div><\/div><\/div><div class=\"wpb_column vc_column_container vc_col-sm-6\"><div class=\"vc_column-inner\"><div class=\"wpb_wrapper\">\n\t<div class=\"wpb_text_column wpb_content_element\" >\n\t\t<div class=\"wpb_wrapper\">\n\t\t\t<ul>\n<li>Maksimal armudstr\u00e6kning: 453 mm<\/li>\n<li>Montering: Bordklemme eller -ring<\/li>\n<li>Anbefalet bordtykkelse:\n<ul>\n<li>Klemme: 10\u201385 mm (0,39\u2033\u20133,3\u2033)<\/li>\n<li>Gennemf\u00f8ring: 10\u201380 mm (0,39\u2033\u20133,1\u2033)<\/li>\n<\/ul>\n<\/li>\n<li>Hurtig montering til VESA-plade: Ja<\/li>\n<li>USB-port: Nej<\/li>\n<li>Kabelh\u00e5ndtering: Ja<\/li>\n<li>Emballage med tilbeh\u00f8r: Opdelt plastikpose<\/li>\n<\/ul>\n\n\t\t<\/div>\n\t<\/div>\n<\/div><\/div><\/div><\/div><\/div><\/div><\/div><\/div>\n<\/div>","protected":false},"excerpt":{"rendered":"<p>Denne pladsbesparende, sk\u00e6rmarm kan monteres og justerer med to sk\u00e6rme perfekt p\u00e5 en gang for at give optimal ergonomi. De korte arme g\u00f8r det nemt at justere sk\u00e6rme i forskellige h\u00f8jder. Udstyret med et quick-release VESA-montering, justerbar fjeder der fordele v\u00e6gten, kabelstyring og et 180\u00b0 rotation, der forhindrer armen i at ramme sk\u00e6rme eller v\u00e6gge.<\/p>","protected":false},"featured_media":100661,"template":"","meta":{"iawp_total_views":5},"product_brand":[],"product_cat":[5785,5870],"product_tag":[5795,5797,5871,5872],"class_list":{"0":"post-100641","1":"product","2":"type-product","3":"status-publish","4":"has-post-thumbnail","6":"product_cat-hemmakontor","7":"product_cat-monitorarmar","8":"product_tag-skarmhallare","9":"product_tag-monitorarm","10":"product_tag-skarmhallare-dubbel","11":"product_tag-displayhallare-2-skarmar","13":"first","14":"instock","15":"taxable","16":"shipping-taxable","17":"purchasable","18":"product-type-simple"},"yoast_head":"<!-- This site is optimized with the Yoast SEO plugin v27.0 - https:\/\/yoast.com\/product\/yoast-seo-wordpress\/ -->\n<title>Monitorarm Adapt f\u00f6r 2 sk\u00e4rmar - Bjerring-Sales<\/title>\n<meta name=\"description\" content=\"V\u00e5r Adapt monitorarm har 2 sammankopplade armar f\u00f6r att kunna b\u00e4ra 2 displaysk\u00e4rmar med en total maximal belastning p\u00e5 18 kg.\" \/>\n<meta name=\"robots\" content=\"index, follow, max-snippet:-1, max-image-preview:large, max-video-preview:-1\" \/>\n<link rel=\"canonical\" href=\"https:\/\/shop.bjerring-sales.dk\/da\/product\/monitorarm-adapt-2-skarmar\/\" \/>\n<meta property=\"og:locale\" content=\"da_DK\" \/>\n<meta property=\"og:type\" content=\"article\" \/>\n<meta property=\"og:title\" content=\"Monitorarm f\u00f6r 2 sk\u00e4rmar \u2013 Skapa en stilren arbetsplats!\" \/>\n<meta property=\"og:description\" content=\"V\u00e5r Adapt monitorarm har 2 sammankopplade armar f\u00f6r att kunna b\u00e4ra 2 displaysk\u00e4rmar med en total maximal belastning p\u00e5 18 kg.\" \/>\n<meta property=\"og:url\" content=\"https:\/\/shop.bjerring-sales.dk\/da\/product\/monitorarm-adapt-2-skarmar\/\" \/>\n<meta property=\"og:site_name\" content=\"Bjerring-Sales\" \/>\n<meta property=\"article:modified_time\" content=\"2026-01-14T13:14:58+00:00\" \/>\n<meta property=\"og:image\" content=\"https:\/\/shop.bjerring-sales.dk\/wp-content\/uploads\/2025\/03\/adapt01monitor2skarmar.webp\" \/>\n\t<meta property=\"og:image:width\" content=\"800\" \/>\n\t<meta property=\"og:image:height\" content=\"533\" \/>\n\t<meta property=\"og:image:type\" content=\"image\/webp\" \/>\n<meta name=\"twitter:card\" content=\"summary_large_image\" \/>\n<meta name=\"twitter:title\" content=\"Monitorarm f\u00f6r 2 sk\u00e4rmar \u2013 Skapa en stilren arbetsplats!\" \/>\n<meta name=\"twitter:description\" content=\"V\u00e5r Adapt monitorarm har 2 sammankopplade armar f\u00f6r att kunna b\u00e4ra 2 displaysk\u00e4rmar med en total maximal belastning p\u00e5 18 kg.\" \/>\n<meta name=\"twitter:image\" content=\"https:\/\/shop.bjerring-sales.dk\/wp-content\/uploads\/2025\/03\/adapt01monitor2skarmar.webp\" \/>\n<meta name=\"twitter:label1\" content=\"Estimeret l\u00e6setid\" \/>\n\t<meta name=\"twitter:data1\" content=\"3 minutter\" \/>\n<script type=\"application\/ld+json\" class=\"yoast-schema-graph\">{\"@context\":\"https:\/\/schema.org\",\"@graph\":[{\"@type\":\"WebPage\",\"@id\":\"https:\/\/shop.bjerring-sales.dk\/product\/monitorarm-adapt-2-skarmar\/\",\"url\":\"https:\/\/shop.bjerring-sales.dk\/product\/monitorarm-adapt-2-skarmar\/\",\"name\":\"Monitorarm Adapt f\u00f6r 2 sk\u00e4rmar - Bjerring-Sales\",\"isPartOf\":{\"@id\":\"https:\/\/shop.bjerring-sales.dk\/#website\"},\"primaryImageOfPage\":{\"@id\":\"https:\/\/shop.bjerring-sales.dk\/product\/monitorarm-adapt-2-skarmar\/#primaryimage\"},\"image\":{\"@id\":\"https:\/\/shop.bjerring-sales.dk\/product\/monitorarm-adapt-2-skarmar\/#primaryimage\"},\"thumbnailUrl\":\"https:\/\/shop.bjerring-sales.dk\/wp-content\/uploads\/2025\/03\/elj-monitorarm-2-skarmar-800x800px.jpg\",\"datePublished\":\"2025-03-18T12:10:59+00:00\",\"dateModified\":\"2026-01-14T13:14:58+00:00\",\"description\":\"V\u00e5r Adapt monitorarm har 2 sammankopplade armar f\u00f6r att kunna b\u00e4ra 2 displaysk\u00e4rmar med en total maximal belastning p\u00e5 18 kg.\",\"breadcrumb\":{\"@id\":\"https:\/\/shop.bjerring-sales.dk\/product\/monitorarm-adapt-2-skarmar\/#breadcrumb\"},\"inLanguage\":\"da-DK\",\"potentialAction\":[{\"@type\":\"ReadAction\",\"target\":[\"https:\/\/shop.bjerring-sales.dk\/product\/monitorarm-adapt-2-skarmar\/\"]}]},{\"@type\":\"ImageObject\",\"inLanguage\":\"da-DK\",\"@id\":\"https:\/\/shop.bjerring-sales.dk\/product\/monitorarm-adapt-2-skarmar\/#primaryimage\",\"url\":\"https:\/\/shop.bjerring-sales.dk\/wp-content\/uploads\/2025\/03\/elj-monitorarm-2-skarmar-800x800px.jpg\",\"contentUrl\":\"https:\/\/shop.bjerring-sales.dk\/wp-content\/uploads\/2025\/03\/elj-monitorarm-2-skarmar-800x800px.jpg\",\"width\":800,\"height\":800},{\"@type\":\"BreadcrumbList\",\"@id\":\"https:\/\/shop.bjerring-sales.dk\/product\/monitorarm-adapt-2-skarmar\/#breadcrumb\",\"itemListElement\":[{\"@type\":\"ListItem\",\"position\":1,\"name\":\"Hem\",\"item\":\"https:\/\/shop.bjerring-sales.dk\/\"},{\"@type\":\"ListItem\",\"position\":2,\"name\":\"Webbutik\",\"item\":\"https:\/\/shop.bjerring-sales.dk\/butik\/\"},{\"@type\":\"ListItem\",\"position\":3,\"name\":\"Monitorarm Adapt f\u00f6r 2 sk\u00e4rmar\"}]},{\"@type\":\"WebSite\",\"@id\":\"https:\/\/shop.bjerring-sales.dk\/#website\",\"url\":\"https:\/\/shop.bjerring-sales.dk\/\",\"name\":\"Bjerring-Sales\",\"description\":\"M\u00f6bler f\u00f6r teatrar, skolor, kontor och k\u00f6pcentrum\",\"publisher\":{\"@id\":\"https:\/\/shop.bjerring-sales.dk\/#organization\"},\"potentialAction\":[{\"@type\":\"SearchAction\",\"target\":{\"@type\":\"EntryPoint\",\"urlTemplate\":\"https:\/\/shop.bjerring-sales.dk\/?s={search_term_string}\"},\"query-input\":{\"@type\":\"PropertyValueSpecification\",\"valueRequired\":true,\"valueName\":\"search_term_string\"}}],\"inLanguage\":\"da-DK\"},{\"@type\":\"Organization\",\"@id\":\"https:\/\/shop.bjerring-sales.dk\/#organization\",\"name\":\"Bjerring-Sales\",\"url\":\"https:\/\/shop.bjerring-sales.dk\/\",\"logo\":{\"@type\":\"ImageObject\",\"inLanguage\":\"da-DK\",\"@id\":\"https:\/\/shop.bjerring-sales.dk\/#\/schema\/logo\/image\/\",\"url\":\"https:\/\/shop.bjerring-sales.dk\/wp-content\/uploads\/2023\/01\/logo_sv.png\",\"contentUrl\":\"https:\/\/shop.bjerring-sales.dk\/wp-content\/uploads\/2023\/01\/logo_sv.png\",\"width\":195,\"height\":68,\"caption\":\"Bjerring-Sales\"},\"image\":{\"@id\":\"https:\/\/shop.bjerring-sales.dk\/#\/schema\/logo\/image\/\"}}]}<\/script>\n<!-- \/ Yoast SEO plugin. -->","yoast_head_json":{"title":"Monitorarm Adapt f\u00f6r 2 sk\u00e4rmar - Bjerring-Sales","description":"V\u00e5r Adapt monitorarm har 2 sammankopplade armar f\u00f6r att kunna b\u00e4ra 2 displaysk\u00e4rmar med en total maximal belastning p\u00e5 18 kg.","robots":{"index":"index","follow":"follow","max-snippet":"max-snippet:-1","max-image-preview":"max-image-preview:large","max-video-preview":"max-video-preview:-1"},"canonical":"https:\/\/shop.bjerring-sales.dk\/da\/product\/monitorarm-adapt-2-skarmar\/","og_locale":"da_DK","og_type":"article","og_title":"Monitorarm f\u00f6r 2 sk\u00e4rmar \u2013 Skapa en stilren arbetsplats!","og_description":"V\u00e5r Adapt monitorarm har 2 sammankopplade armar f\u00f6r att kunna b\u00e4ra 2 displaysk\u00e4rmar med en total maximal belastning p\u00e5 18 kg.","og_url":"https:\/\/shop.bjerring-sales.dk\/da\/product\/monitorarm-adapt-2-skarmar\/","og_site_name":"Bjerring-Sales","article_modified_time":"2026-01-14T13:14:58+00:00","og_image":[{"width":800,"height":533,"url":"https:\/\/shop.bjerring-sales.dk\/wp-content\/uploads\/2025\/03\/adapt01monitor2skarmar.webp","type":"image\/webp"}],"twitter_card":"summary_large_image","twitter_title":"Monitorarm f\u00f6r 2 sk\u00e4rmar \u2013 Skapa en stilren arbetsplats!","twitter_description":"V\u00e5r Adapt monitorarm har 2 sammankopplade armar f\u00f6r att kunna b\u00e4ra 2 displaysk\u00e4rmar med en total maximal belastning p\u00e5 18 kg.","twitter_image":"https:\/\/shop.bjerring-sales.dk\/wp-content\/uploads\/2025\/03\/adapt01monitor2skarmar.webp","twitter_misc":{"Estimeret l\u00e6setid":"3 minutter"},"schema":{"@context":"https:\/\/schema.org","@graph":[{"@type":"WebPage","@id":"https:\/\/shop.bjerring-sales.dk\/product\/monitorarm-adapt-2-skarmar\/","url":"https:\/\/shop.bjerring-sales.dk\/product\/monitorarm-adapt-2-skarmar\/","name":"Monitorarm Adapt f\u00f6r 2 sk\u00e4rmar - Bjerring-Sales","isPartOf":{"@id":"https:\/\/shop.bjerring-sales.dk\/#website"},"primaryImageOfPage":{"@id":"https:\/\/shop.bjerring-sales.dk\/product\/monitorarm-adapt-2-skarmar\/#primaryimage"},"image":{"@id":"https:\/\/shop.bjerring-sales.dk\/product\/monitorarm-adapt-2-skarmar\/#primaryimage"},"thumbnailUrl":"https:\/\/shop.bjerring-sales.dk\/wp-content\/uploads\/2025\/03\/elj-monitorarm-2-skarmar-800x800px.jpg","datePublished":"2025-03-18T12:10:59+00:00","dateModified":"2026-01-14T13:14:58+00:00","description":"V\u00e5r Adapt monitorarm har 2 sammankopplade armar f\u00f6r att kunna b\u00e4ra 2 displaysk\u00e4rmar med en total maximal belastning p\u00e5 18 kg.","breadcrumb":{"@id":"https:\/\/shop.bjerring-sales.dk\/product\/monitorarm-adapt-2-skarmar\/#breadcrumb"},"inLanguage":"da-DK","potentialAction":[{"@type":"ReadAction","target":["https:\/\/shop.bjerring-sales.dk\/product\/monitorarm-adapt-2-skarmar\/"]}]},{"@type":"ImageObject","inLanguage":"da-DK","@id":"https:\/\/shop.bjerring-sales.dk\/product\/monitorarm-adapt-2-skarmar\/#primaryimage","url":"https:\/\/shop.bjerring-sales.dk\/wp-content\/uploads\/2025\/03\/elj-monitorarm-2-skarmar-800x800px.jpg","contentUrl":"https:\/\/shop.bjerring-sales.dk\/wp-content\/uploads\/2025\/03\/elj-monitorarm-2-skarmar-800x800px.jpg","width":800,"height":800},{"@type":"BreadcrumbList","@id":"https:\/\/shop.bjerring-sales.dk\/product\/monitorarm-adapt-2-skarmar\/#breadcrumb","itemListElement":[{"@type":"ListItem","position":1,"name":"Hem","item":"https:\/\/shop.bjerring-sales.dk\/"},{"@type":"ListItem","position":2,"name":"Webbutik","item":"https:\/\/shop.bjerring-sales.dk\/butik\/"},{"@type":"ListItem","position":3,"name":"Monitorarm Adapt f\u00f6r 2 sk\u00e4rmar"}]},{"@type":"WebSite","@id":"https:\/\/shop.bjerring-sales.dk\/#website","url":"https:\/\/shop.bjerring-sales.dk\/","name":"Bjerring-Salg","description":"M\u00f8bler til teatre, skoler, kontorer og indk\u00f8bscentre","publisher":{"@id":"https:\/\/shop.bjerring-sales.dk\/#organization"},"potentialAction":[{"@type":"SearchAction","target":{"@type":"EntryPoint","urlTemplate":"https:\/\/shop.bjerring-sales.dk\/?s={search_term_string}"},"query-input":{"@type":"PropertyValueSpecification","valueRequired":true,"valueName":"search_term_string"}}],"inLanguage":"da-DK"},{"@type":"Organization","@id":"https:\/\/shop.bjerring-sales.dk\/#organization","name":"Bjerring-Salg","url":"https:\/\/shop.bjerring-sales.dk\/","logo":{"@type":"ImageObject","inLanguage":"da-DK","@id":"https:\/\/shop.bjerring-sales.dk\/#\/schema\/logo\/image\/","url":"https:\/\/shop.bjerring-sales.dk\/wp-content\/uploads\/2023\/01\/logo_sv.png","contentUrl":"https:\/\/shop.bjerring-sales.dk\/wp-content\/uploads\/2023\/01\/logo_sv.png","width":195,"height":68,"caption":"Bjerring-Sales"},"image":{"@id":"https:\/\/shop.bjerring-sales.dk\/#\/schema\/logo\/image\/"}}]}},"_links":{"self":[{"href":"https:\/\/shop.bjerring-sales.dk\/da\/wp-json\/wp\/v2\/product\/100641","targetHints":{"allow":["GET"]}}],"collection":[{"href":"https:\/\/shop.bjerring-sales.dk\/da\/wp-json\/wp\/v2\/product"}],"about":[{"href":"https:\/\/shop.bjerring-sales.dk\/da\/wp-json\/wp\/v2\/types\/product"}],"wp:featuredmedia":[{"embeddable":true,"href":"https:\/\/shop.bjerring-sales.dk\/da\/wp-json\/wp\/v2\/media\/100661"}],"wp:attachment":[{"href":"https:\/\/shop.bjerring-sales.dk\/da\/wp-json\/wp\/v2\/media?parent=100641"}],"wp:term":[{"taxonomy":"product_brand","embeddable":true,"href":"https:\/\/shop.bjerring-sales.dk\/da\/wp-json\/wp\/v2\/product_brand?post=100641"},{"taxonomy":"product_cat","embeddable":true,"href":"https:\/\/shop.bjerring-sales.dk\/da\/wp-json\/wp\/v2\/product_cat?post=100641"},{"taxonomy":"product_tag","embeddable":true,"href":"https:\/\/shop.bjerring-sales.dk\/da\/wp-json\/wp\/v2\/product_tag?post=100641"}],"curies":[{"name":"wp","href":"https:\/\/api.w.org\/{rel}","templated":true}]}}