{"id":100640,"date":"2025-03-18T13:10:00","date_gmt":"2025-03-18T12:10:00","guid":{"rendered":"https:\/\/shop.bjerring-sales.dk\/sv\/?post_type=product&#038;p=100640"},"modified":"2026-03-19T14:15:46","modified_gmt":"2026-03-19T13:15:46","slug":"monitorarm-adapt-1-skarm","status":"publish","type":"product","link":"https:\/\/shop.bjerring-sales.dk\/da\/vare\/monitorarm-adapt-1-skarm\/","title":{"rendered":"Monitorarm til 1 sk\u00e6rm"},"content":{"rendered":"<div class=\"wpb-content-wrapper\"><div class=\"vc_row wpb_row vc_row-fluid\"><div class=\"wpb_column vc_column_container vc_col-sm-12\"><div class=\"vc_column-inner\"><div class=\"wpb_wrapper\">\n\t<div class=\"wpb_text_column wpb_content_element\" >\n\t\t<div class=\"wpb_wrapper\">\n\t\t\t<p><span style=\"font-size: 24pt;\">J\u00e6vn bev\u00e6gelse, ren arbejdsplads \u2013 perfekt position til enhver sk\u00e6rm<br \/>\n<\/span>F\u00e5 et renere og mere ergonomisk skrivebord med en sk\u00e6rmarm, der kombinerer smart funktionalitet og stilfuldt design. Den aftagelige VESA-plade g\u00f8r installationen hurtig og nem, mens den indbyggede kabelstyring holder ledninger p\u00e6nt skjult. Et 180\u00b0 rotationsstop forhindrer armen i at ramme v\u00e6gge eller andre sk\u00e6rme, og den indbyggede fjedermekanisme g\u00f8r det nemt at justere h\u00f8jden i henhold til sk\u00e6rmens v\u00e6gt. Det pladsbesparende design frig\u00f8r ogs\u00e5 v\u00e6rdifuld arbejdsplads p\u00e5 dit skrivebord.<\/p>\n\n\t\t<\/div>\n\t<\/div>\n<\/div><\/div><\/div><\/div><div class=\"vc_row wpb_row vc_row-fluid\"><div class=\"wpb_column vc_column_container vc_col-sm-12\"><div class=\"vc_column-inner\"><div class=\"wpb_wrapper\"><div class=\"vc_row wpb_row vc_inner vc_row-fluid\"><div class=\"wpb_column vc_column_container vc_col-sm-12\"><div class=\"vc_column-inner\"><div class=\"wpb_wrapper\">\n\t<div class=\"wpb_text_column wpb_content_element vc_custom_1745072226057\" >\n\t\t<div class=\"wpb_wrapper\">\n\t\t\t<p><span style=\"font-size: 18pt;\">Specifikationer<\/span><\/p>\n\n\t\t<\/div>\n\t<\/div>\n<div class=\"vc_separator wpb_content_element vc_separator_align_center vc_sep_width_100 vc_sep_pos_align_center vc_separator_no_text vc_sep_color_grey vc_custom_1745072233152\" ><span class=\"vc_sep_holder vc_sep_holder_l\"><span class=\"vc_sep_line\"><\/span><\/span><span class=\"vc_sep_holder vc_sep_holder_r\"><span class=\"vc_sep_line\"><\/span><\/span>\n<\/div><\/div><\/div><\/div><\/div><div class=\"vc_row wpb_row vc_inner vc_row-fluid\"><div class=\"wpb_column vc_column_container vc_col-sm-6\"><div class=\"vc_column-inner\"><div class=\"wpb_wrapper\">\n\t<div class=\"wpb_text_column wpb_content_element\" >\n\t\t<div class=\"wpb_wrapper\">\n\t\t\t<ul>\n<li>St\u00e5l, aluminium, plastik<\/li>\n<li>Overfladebehandling: Pulverlakering<\/li>\n<li>Farve: Mat sort<\/li>\n<li>Dimensioner: 114 \u00d7 520 \u00d7 594 mm<\/li>\n<li>Passer til sk\u00e6rmst\u00f8rrelse: 17\u2033\u201332\u2033<\/li>\n<li>Underst\u00f8ttelse af buet sk\u00e6rm: Ja<\/li>\n<li>Antal sk\u00e6rme: 1<\/li>\n<li>Maksimal belastning pr. sk\u00e6rm: 1\u20139 kg<\/li>\n<li>VESA-kompatibel: 75\u00d775, 100\u00d7100<\/li>\n<li>H\u00e6ldningsvinkel: +55\u00b0 ~ -55\u00b0<\/li>\n<li>Drejeradius: +90\u00b0 ~ -90\u00b0<\/li>\n<li>Sk\u00e6rmrotation: +180\u00b0 ~ -180\u00b0<\/li>\n<\/ul>\n\n\t\t<\/div>\n\t<\/div>\n<\/div><\/div><\/div><div class=\"wpb_column vc_column_container vc_col-sm-6\"><div class=\"vc_column-inner\"><div class=\"wpb_wrapper\">\n\t<div class=\"wpb_text_column wpb_content_element\" >\n\t\t<div class=\"wpb_wrapper\">\n\t\t\t<ul>\n<li>Maksimal armudstr\u00e6kning: 453 mm (17,8&quot;)<\/li>\n<li>Montering: Bordklemme eller -ring<\/li>\n<li>Anbefalet bordtykkelse:\n<ul>\n<li>Klemme: 10\u201385 mm<\/li>\n<li>Genneml\u00f8bskapacitet: 10\u201340 mm<\/li>\n<\/ul>\n<\/li>\n<li>Hurtig montering til VESA-plade: Ja<\/li>\n<li>USB-port: Nej<\/li>\n<li>Kabelh\u00e5ndtering: Ja<\/li>\n<li>Emballage med tilbeh\u00f8r: Opdelt plastikpose<\/li>\n<\/ul>\n\n\t\t<\/div>\n\t<\/div>\n<\/div><\/div><\/div><\/div><\/div><\/div><\/div><\/div>\n<\/div>","protected":false},"excerpt":{"rendered":"<p>Denne pladsbesparende, fjederst\u00f8ttede monitorarm passer perfekt i trange rum og giver optimal ergonomi og dybde. Udstyret med et quick-release VESA-montering, justerbar fjeder for perfekt v\u00e6gt fordeling, kabelstyring og et 180\u00b0 rotationsstop, der forhindrer armen i at ramme sk\u00e6rme eller v\u00e6gge.<\/p>","protected":false},"featured_media":100660,"template":"","meta":{"iawp_total_views":0},"product_brand":[],"product_cat":[5785,5870],"product_tag":[5794,5795,5797],"class_list":{"0":"post-100640","1":"product","2":"type-product","3":"status-publish","4":"has-post-thumbnail","6":"product_cat-hemmakontor","7":"product_cat-monitorarmar","8":"product_tag-displayhallare-1-skarm","9":"product_tag-skarmhallare","10":"product_tag-monitorarm","12":"first","13":"instock","14":"taxable","15":"shipping-taxable","16":"purchasable","17":"product-type-simple"},"yoast_head":"<!-- This site is optimized with the Yoast SEO plugin v27.0 - https:\/\/yoast.com\/product\/yoast-seo-wordpress\/ -->\n<title>Monitorarm Adapt f\u00f6r 1 sk\u00e4rm - Bjerring-Sales<\/title>\n<meta name=\"description\" content=\"Denna platsbesparande monitorarm med fj\u00e4derassistans passar perfekt i tr\u00e5nga utrymmen och ger optimal ergonomi och djup. Utrustad med snabbf\u00e4ste f\u00f6r VESA, justerbar fj\u00e4der f\u00f6r perfekt viktbalans, kabelhantering samt 180\u00b0 rotationsstopp som f\u00f6rhindrar att armen sl\u00e5r i sk\u00e4rmar eller v\u00e4ggar.\" \/>\n<meta name=\"robots\" content=\"index, follow, max-snippet:-1, max-image-preview:large, max-video-preview:-1\" \/>\n<link rel=\"canonical\" href=\"https:\/\/shop.bjerring-sales.dk\/da\/product\/monitorarm-adapt-1-skarm\/\" \/>\n<meta property=\"og:locale\" content=\"da_DK\" \/>\n<meta property=\"og:type\" content=\"article\" \/>\n<meta property=\"og:title\" content=\"Smidig r\u00f6relse, ren arbetsyta \u2013 perfekt position f\u00f6r varje sk\u00e4rm\" \/>\n<meta property=\"og:description\" content=\"Denna platsbesparande monitorarm med fj\u00e4derassistans passar perfekt i tr\u00e5nga utrymmen och ger optimal ergonomi och djup. Utrustad med snabbf\u00e4ste f\u00f6r VESA, justerbar fj\u00e4der f\u00f6r perfekt viktbalans, kabelhantering samt 180\u00b0 rotationsstopp som f\u00f6rhindrar att armen sl\u00e5r i sk\u00e4rmar eller v\u00e4ggar.\" \/>\n<meta property=\"og:url\" content=\"https:\/\/shop.bjerring-sales.dk\/da\/product\/monitorarm-adapt-1-skarm\/\" \/>\n<meta property=\"og:site_name\" content=\"Bjerring-Sales\" \/>\n<meta property=\"article:modified_time\" content=\"2026-03-19T13:15:46+00:00\" \/>\n<meta property=\"og:image\" content=\"https:\/\/shop.bjerring-sales.dk\/wp-content\/uploads\/2025\/03\/elj-monitorarm-1-skarm-800x800px.jpg\" \/>\n\t<meta property=\"og:image:width\" content=\"800\" \/>\n\t<meta property=\"og:image:height\" content=\"800\" \/>\n\t<meta property=\"og:image:type\" content=\"image\/jpeg\" \/>\n<meta name=\"twitter:card\" content=\"summary_large_image\" \/>\n<meta name=\"twitter:title\" content=\"Smidig r\u00f6relse, ren arbetsyta \u2013 perfekt position f\u00f6r varje sk\u00e4rm\" \/>\n<meta name=\"twitter:description\" content=\"Denna platsbesparande monitorarm med fj\u00e4derassistans passar perfekt i tr\u00e5nga utrymmen och ger optimal ergonomi och djup. Utrustad med snabbf\u00e4ste f\u00f6r VESA, justerbar fj\u00e4der f\u00f6r perfekt viktbalans, kabelhantering samt 180\u00b0 rotationsstopp som f\u00f6rhindrar att armen sl\u00e5r i sk\u00e4rmar eller v\u00e4ggar.\" \/>\n<meta name=\"twitter:image\" content=\"https:\/\/shop.bjerring-sales.dk\/wp-content\/uploads\/2025\/03\/elj-monitorarm-1-skarm-800x800px.jpg\" \/>\n<meta name=\"twitter:label1\" content=\"Estimeret l\u00e6setid\" \/>\n\t<meta name=\"twitter:data1\" content=\"2 minutter\" \/>\n<script type=\"application\/ld+json\" class=\"yoast-schema-graph\">{\"@context\":\"https:\/\/schema.org\",\"@graph\":[{\"@type\":\"WebPage\",\"@id\":\"https:\/\/shop.bjerring-sales.dk\/product\/monitorarm-adapt-1-skarm\/\",\"url\":\"https:\/\/shop.bjerring-sales.dk\/product\/monitorarm-adapt-1-skarm\/\",\"name\":\"Monitorarm Adapt f\u00f6r 1 sk\u00e4rm - Bjerring-Sales\",\"isPartOf\":{\"@id\":\"https:\/\/shop.bjerring-sales.dk\/#website\"},\"primaryImageOfPage\":{\"@id\":\"https:\/\/shop.bjerring-sales.dk\/product\/monitorarm-adapt-1-skarm\/#primaryimage\"},\"image\":{\"@id\":\"https:\/\/shop.bjerring-sales.dk\/product\/monitorarm-adapt-1-skarm\/#primaryimage\"},\"thumbnailUrl\":\"https:\/\/shop.bjerring-sales.dk\/wp-content\/uploads\/2025\/03\/elj-monitorarm-1-skarm-800x800px.jpg\",\"datePublished\":\"2025-03-18T12:10:00+00:00\",\"dateModified\":\"2026-03-19T13:15:46+00:00\",\"description\":\"Denna platsbesparande monitorarm med fj\u00e4derassistans passar perfekt i tr\u00e5nga utrymmen och ger optimal ergonomi och djup. Utrustad med snabbf\u00e4ste f\u00f6r VESA, justerbar fj\u00e4der f\u00f6r perfekt viktbalans, kabelhantering samt 180\u00b0 rotationsstopp som f\u00f6rhindrar att armen sl\u00e5r i sk\u00e4rmar eller v\u00e4ggar.\",\"breadcrumb\":{\"@id\":\"https:\/\/shop.bjerring-sales.dk\/product\/monitorarm-adapt-1-skarm\/#breadcrumb\"},\"inLanguage\":\"da-DK\",\"potentialAction\":[{\"@type\":\"ReadAction\",\"target\":[\"https:\/\/shop.bjerring-sales.dk\/product\/monitorarm-adapt-1-skarm\/\"]}]},{\"@type\":\"ImageObject\",\"inLanguage\":\"da-DK\",\"@id\":\"https:\/\/shop.bjerring-sales.dk\/product\/monitorarm-adapt-1-skarm\/#primaryimage\",\"url\":\"https:\/\/shop.bjerring-sales.dk\/wp-content\/uploads\/2025\/03\/elj-monitorarm-1-skarm-800x800px.jpg\",\"contentUrl\":\"https:\/\/shop.bjerring-sales.dk\/wp-content\/uploads\/2025\/03\/elj-monitorarm-1-skarm-800x800px.jpg\",\"width\":800,\"height\":800},{\"@type\":\"BreadcrumbList\",\"@id\":\"https:\/\/shop.bjerring-sales.dk\/product\/monitorarm-adapt-1-skarm\/#breadcrumb\",\"itemListElement\":[{\"@type\":\"ListItem\",\"position\":1,\"name\":\"Hem\",\"item\":\"https:\/\/shop.bjerring-sales.dk\/\"},{\"@type\":\"ListItem\",\"position\":2,\"name\":\"Webbutik\",\"item\":\"https:\/\/shop.bjerring-sales.dk\/butik\/\"},{\"@type\":\"ListItem\",\"position\":3,\"name\":\"Monitorarm Adapt f\u00f6r 1 sk\u00e4rm\"}]},{\"@type\":\"WebSite\",\"@id\":\"https:\/\/shop.bjerring-sales.dk\/#website\",\"url\":\"https:\/\/shop.bjerring-sales.dk\/\",\"name\":\"Bjerring-Sales\",\"description\":\"M\u00f6bler f\u00f6r teatrar, skolor, kontor och k\u00f6pcentrum\",\"publisher\":{\"@id\":\"https:\/\/shop.bjerring-sales.dk\/#organization\"},\"potentialAction\":[{\"@type\":\"SearchAction\",\"target\":{\"@type\":\"EntryPoint\",\"urlTemplate\":\"https:\/\/shop.bjerring-sales.dk\/?s={search_term_string}\"},\"query-input\":{\"@type\":\"PropertyValueSpecification\",\"valueRequired\":true,\"valueName\":\"search_term_string\"}}],\"inLanguage\":\"da-DK\"},{\"@type\":\"Organization\",\"@id\":\"https:\/\/shop.bjerring-sales.dk\/#organization\",\"name\":\"Bjerring-Sales\",\"url\":\"https:\/\/shop.bjerring-sales.dk\/\",\"logo\":{\"@type\":\"ImageObject\",\"inLanguage\":\"da-DK\",\"@id\":\"https:\/\/shop.bjerring-sales.dk\/#\/schema\/logo\/image\/\",\"url\":\"https:\/\/shop.bjerring-sales.dk\/wp-content\/uploads\/2023\/01\/logo_sv.png\",\"contentUrl\":\"https:\/\/shop.bjerring-sales.dk\/wp-content\/uploads\/2023\/01\/logo_sv.png\",\"width\":195,\"height\":68,\"caption\":\"Bjerring-Sales\"},\"image\":{\"@id\":\"https:\/\/shop.bjerring-sales.dk\/#\/schema\/logo\/image\/\"}}]}<\/script>\n<!-- \/ Yoast SEO plugin. -->","yoast_head_json":{"title":"Monitorarm Adapt f\u00f6r 1 sk\u00e4rm - Bjerring-Sales","description":"Denne pladsbesparende, fjederst\u00f8ttede monitorarm passer perfekt i trange rum og giver optimal ergonomi og dybde. Udstyret med et quick-release VESA-montering, justerbar fjeder for perfekt v\u00e6gt fordeling, kabelstyring og et 180\u00b0 rotationsstop, der forhindrer armen i at ramme sk\u00e6rme eller v\u00e6gge.","robots":{"index":"index","follow":"follow","max-snippet":"max-snippet:-1","max-image-preview":"max-image-preview:large","max-video-preview":"max-video-preview:-1"},"canonical":"https:\/\/shop.bjerring-sales.dk\/da\/product\/monitorarm-adapt-1-skarm\/","og_locale":"da_DK","og_type":"article","og_title":"Smidig r\u00f6relse, ren arbetsyta \u2013 perfekt position f\u00f6r varje sk\u00e4rm","og_description":"Denna platsbesparande monitorarm med fj\u00e4derassistans passar perfekt i tr\u00e5nga utrymmen och ger optimal ergonomi och djup. Utrustad med snabbf\u00e4ste f\u00f6r VESA, justerbar fj\u00e4der f\u00f6r perfekt viktbalans, kabelhantering samt 180\u00b0 rotationsstopp som f\u00f6rhindrar att armen sl\u00e5r i sk\u00e4rmar eller v\u00e4ggar.","og_url":"https:\/\/shop.bjerring-sales.dk\/da\/product\/monitorarm-adapt-1-skarm\/","og_site_name":"Bjerring-Sales","article_modified_time":"2026-03-19T13:15:46+00:00","og_image":[{"width":800,"height":800,"url":"https:\/\/shop.bjerring-sales.dk\/wp-content\/uploads\/2025\/03\/elj-monitorarm-1-skarm-800x800px.jpg","type":"image\/jpeg"}],"twitter_card":"summary_large_image","twitter_title":"Smidig r\u00f6relse, ren arbetsyta \u2013 perfekt position f\u00f6r varje sk\u00e4rm","twitter_description":"Denna platsbesparande monitorarm med fj\u00e4derassistans passar perfekt i tr\u00e5nga utrymmen och ger optimal ergonomi och djup. Utrustad med snabbf\u00e4ste f\u00f6r VESA, justerbar fj\u00e4der f\u00f6r perfekt viktbalans, kabelhantering samt 180\u00b0 rotationsstopp som f\u00f6rhindrar att armen sl\u00e5r i sk\u00e4rmar eller v\u00e4ggar.","twitter_image":"https:\/\/shop.bjerring-sales.dk\/wp-content\/uploads\/2025\/03\/elj-monitorarm-1-skarm-800x800px.jpg","twitter_misc":{"Estimeret l\u00e6setid":"2 minutter"},"schema":{"@context":"https:\/\/schema.org","@graph":[{"@type":"WebPage","@id":"https:\/\/shop.bjerring-sales.dk\/product\/monitorarm-adapt-1-skarm\/","url":"https:\/\/shop.bjerring-sales.dk\/product\/monitorarm-adapt-1-skarm\/","name":"Monitorarm Adapt f\u00f6r 1 sk\u00e4rm - Bjerring-Sales","isPartOf":{"@id":"https:\/\/shop.bjerring-sales.dk\/#website"},"primaryImageOfPage":{"@id":"https:\/\/shop.bjerring-sales.dk\/product\/monitorarm-adapt-1-skarm\/#primaryimage"},"image":{"@id":"https:\/\/shop.bjerring-sales.dk\/product\/monitorarm-adapt-1-skarm\/#primaryimage"},"thumbnailUrl":"https:\/\/shop.bjerring-sales.dk\/wp-content\/uploads\/2025\/03\/elj-monitorarm-1-skarm-800x800px.jpg","datePublished":"2025-03-18T12:10:00+00:00","dateModified":"2026-03-19T13:15:46+00:00","description":"Denne pladsbesparende, fjederst\u00f8ttede monitorarm passer perfekt i trange rum og giver optimal ergonomi og dybde. Udstyret med et quick-release VESA-montering, justerbar fjeder for perfekt v\u00e6gt fordeling, kabelstyring og et 180\u00b0 rotationsstop, der forhindrer armen i at ramme sk\u00e6rme eller v\u00e6gge.","breadcrumb":{"@id":"https:\/\/shop.bjerring-sales.dk\/product\/monitorarm-adapt-1-skarm\/#breadcrumb"},"inLanguage":"da-DK","potentialAction":[{"@type":"ReadAction","target":["https:\/\/shop.bjerring-sales.dk\/product\/monitorarm-adapt-1-skarm\/"]}]},{"@type":"ImageObject","inLanguage":"da-DK","@id":"https:\/\/shop.bjerring-sales.dk\/product\/monitorarm-adapt-1-skarm\/#primaryimage","url":"https:\/\/shop.bjerring-sales.dk\/wp-content\/uploads\/2025\/03\/elj-monitorarm-1-skarm-800x800px.jpg","contentUrl":"https:\/\/shop.bjerring-sales.dk\/wp-content\/uploads\/2025\/03\/elj-monitorarm-1-skarm-800x800px.jpg","width":800,"height":800},{"@type":"BreadcrumbList","@id":"https:\/\/shop.bjerring-sales.dk\/product\/monitorarm-adapt-1-skarm\/#breadcrumb","itemListElement":[{"@type":"ListItem","position":1,"name":"Hem","item":"https:\/\/shop.bjerring-sales.dk\/"},{"@type":"ListItem","position":2,"name":"Webbutik","item":"https:\/\/shop.bjerring-sales.dk\/butik\/"},{"@type":"ListItem","position":3,"name":"Monitorarm Adapt f\u00f6r 1 sk\u00e4rm"}]},{"@type":"WebSite","@id":"https:\/\/shop.bjerring-sales.dk\/#website","url":"https:\/\/shop.bjerring-sales.dk\/","name":"Bjerring-Salg","description":"M\u00f8bler til teatre, skoler, kontorer og indk\u00f8bscentre","publisher":{"@id":"https:\/\/shop.bjerring-sales.dk\/#organization"},"potentialAction":[{"@type":"SearchAction","target":{"@type":"EntryPoint","urlTemplate":"https:\/\/shop.bjerring-sales.dk\/?s={search_term_string}"},"query-input":{"@type":"PropertyValueSpecification","valueRequired":true,"valueName":"search_term_string"}}],"inLanguage":"da-DK"},{"@type":"Organization","@id":"https:\/\/shop.bjerring-sales.dk\/#organization","name":"Bjerring-Salg","url":"https:\/\/shop.bjerring-sales.dk\/","logo":{"@type":"ImageObject","inLanguage":"da-DK","@id":"https:\/\/shop.bjerring-sales.dk\/#\/schema\/logo\/image\/","url":"https:\/\/shop.bjerring-sales.dk\/wp-content\/uploads\/2023\/01\/logo_sv.png","contentUrl":"https:\/\/shop.bjerring-sales.dk\/wp-content\/uploads\/2023\/01\/logo_sv.png","width":195,"height":68,"caption":"Bjerring-Sales"},"image":{"@id":"https:\/\/shop.bjerring-sales.dk\/#\/schema\/logo\/image\/"}}]}},"_links":{"self":[{"href":"https:\/\/shop.bjerring-sales.dk\/da\/wp-json\/wp\/v2\/product\/100640","targetHints":{"allow":["GET"]}}],"collection":[{"href":"https:\/\/shop.bjerring-sales.dk\/da\/wp-json\/wp\/v2\/product"}],"about":[{"href":"https:\/\/shop.bjerring-sales.dk\/da\/wp-json\/wp\/v2\/types\/product"}],"wp:featuredmedia":[{"embeddable":true,"href":"https:\/\/shop.bjerring-sales.dk\/da\/wp-json\/wp\/v2\/media\/100660"}],"wp:attachment":[{"href":"https:\/\/shop.bjerring-sales.dk\/da\/wp-json\/wp\/v2\/media?parent=100640"}],"wp:term":[{"taxonomy":"product_brand","embeddable":true,"href":"https:\/\/shop.bjerring-sales.dk\/da\/wp-json\/wp\/v2\/product_brand?post=100640"},{"taxonomy":"product_cat","embeddable":true,"href":"https:\/\/shop.bjerring-sales.dk\/da\/wp-json\/wp\/v2\/product_cat?post=100640"},{"taxonomy":"product_tag","embeddable":true,"href":"https:\/\/shop.bjerring-sales.dk\/da\/wp-json\/wp\/v2\/product_tag?post=100640"}],"curies":[{"name":"wp","href":"https:\/\/api.w.org\/{rel}","templated":true}]}}