{"id":100357,"date":"2025-02-14T12:30:28","date_gmt":"2025-02-14T11:30:28","guid":{"rendered":"https:\/\/shop.bjerring-sales.dk\/sv\/?post_type=product&#038;p=100357"},"modified":"2026-04-16T15:15:55","modified_gmt":"2026-04-16T13:15:55","slug":"ferrea-stativ-dubbel","status":"publish","type":"product","link":"https:\/\/shop.bjerring-sales.dk\/da\/vare\/ferrea-stativ-dubbel\/","title":{"rendered":"Ferrea stel 2 stk"},"content":{"rendered":"<div class=\"wpb-content-wrapper\"><div class=\"vc_row wpb_row vc_row-fluid\"><div class=\"wpb_column vc_column_container vc_col-sm-12\"><div class=\"vc_column-inner\"><div class=\"wpb_wrapper\">\n\t<div class=\"wpb_text_column wpb_content_element\" >\n\t\t<div class=\"wpb_wrapper\">\n\t\t\t<p><span style=\"font-size: 24pt\">Dobbelt s\u00f8jlestel med mulighed for at udvide konferenceborde<br \/>\n<\/span>S\u00f8jle stellet fra Ferrea-serien er et dobbelt bordstel, der kan bruges til de fleste typer bordplader. Dobbelt s\u00f8jle stellet kan b\u00e6re st\u00f8rre bordplader med mulighed for at skabe for eksempel konferenceborde, spiseborde og m\u00f8de borde.<\/p>\n<p>Bordstellet best\u00e5r af to s\u00f8jler med indbyggede bordpladebeslag og robuste rektangul\u00e6re f\u00f8dder. B\u00e5de basen og s\u00f8jlen er af mat pulverlakeret st\u00f8bejern. Stellet har justerbare f\u00f8dder, hvilket g\u00f8r det nemt og bekvemt at stabilisere bordstellet efter behov. Stellet er beregnet til b\u00e5de indend\u00f8rs og udend\u00f8rs brug.<\/p>\n\n\t\t<\/div>\n\t<\/div>\n<\/div><\/div><\/div><\/div><div class=\"vc_row wpb_row vc_row-fluid\"><div class=\"wpb_column vc_column_container vc_col-sm-12\"><div class=\"vc_column-inner\"><div class=\"wpb_wrapper\"><div class=\"vc_separator wpb_content_element vc_separator_align_center vc_sep_width_100 vc_sep_pos_align_center vc_separator_no_text vc_sep_color_grey\" ><span class=\"vc_sep_holder vc_sep_holder_l\"><span class=\"vc_sep_line\"><\/span><\/span><span class=\"vc_sep_holder vc_sep_holder_r\"><span class=\"vc_sep_line\"><\/span><\/span>\n<\/div><\/div><\/div><\/div><\/div><div class=\"vc_row wpb_row vc_row-fluid\"><div class=\"wpb_column vc_column_container vc_col-sm-6\"><div class=\"vc_column-inner\"><div class=\"wpb_wrapper\">\n\t<div class=\"wpb_text_column wpb_content_element\" >\n\t\t<div class=\"wpb_wrapper\">\n\t\t\t<p><span style=\"font-size: 18pt\">Farver<\/span><br \/>\nS\u00f8jlestellet f\u00e5s i sort.<\/p>\n<p><span style=\"font-size: 18pt\">St\u00f8rrelse<\/span><br \/>\n**x70x72 cm<\/p>\n<p><span style=\"font-size: 18pt\">Bordplader<\/span><br \/>\n2 stel passer til st\u00f8rrelser: 120x70cm, 120x80cm, 120x90cm, 140x70cm, 140x80cm, 140x90cm<\/p>\n\n\t\t<\/div>\n\t<\/div>\n<\/div><\/div><\/div><div class=\"wpb_column vc_column_container vc_col-sm-6\"><div class=\"vc_column-inner\"><div class=\"wpb_wrapper\">\n\t<div class=\"wpb_text_column wpb_content_element\" >\n\t\t<div class=\"wpb_wrapper\">\n\t\t\t<p><span style=\"font-size: 18pt\">V\u00e6gt<\/span><br \/>\n13 kg<\/p>\n<p><span style=\"font-size: 18pt\">Garanti<\/span><br \/>\n2 \u00e5r<\/p>\n\n\t\t<\/div>\n\t<\/div>\n<\/div><\/div><\/div><\/div>\n<\/div>","protected":false},"excerpt":{"rendered":"<p>S\u00f8jle stellet fra Ferrea-serien er et dobbelt bordstel, der kan bruges til de fleste typer bordplader. Dobbelt s\u00f8jle stellet kan b\u00e6re st\u00f8rre bordplader med mulighed for at skabe for eksempel konferenceborde, spiseborde og m\u00f8de borde.<\/p>","protected":false},"featured_media":100358,"template":"","meta":{"iawp_total_views":1},"product_brand":[],"product_cat":[6464,6304,5819],"product_tag":[6039,6469],"class_list":{"0":"post-100357","1":"product","2":"type-product","3":"status-publish","4":"has-post-thumbnail","6":"product_cat-bordsstativ-utomhus","7":"product_cat-utemobler","8":"product_cat-bordsstativ","9":"product_tag-pelarstativ","10":"product_tag-ferrea-bord","12":"first","13":"instock","14":"taxable","15":"shipping-taxable","16":"purchasable","17":"product-type-simple"},"yoast_head":"<!-- This site is optimized with the Yoast SEO plugin v27.0 - https:\/\/yoast.com\/product\/yoast-seo-wordpress\/ -->\n<title>Ferrea stativ 2st - Bjerring-Sales<\/title>\n<meta name=\"robots\" content=\"index, follow, max-snippet:-1, max-image-preview:large, max-video-preview:-1\" \/>\n<link rel=\"canonical\" href=\"https:\/\/shop.bjerring-sales.dk\/da\/vare\/ferrea-stativ-dubbel\/\" \/>\n<meta property=\"og:locale\" content=\"da_DK\" \/>\n<meta property=\"og:type\" content=\"article\" \/>\n<meta property=\"og:title\" content=\"Ferrea stativ 2st - Bjerring-Sales\" \/>\n<meta property=\"og:description\" content=\"Pelarstativet fr\u00e5n Ferrea serien \u00e4r ett dubbelt bordsstativ som kan anv\u00e4ndas f\u00f6r dom flesta typer av bordsskivor. Det dubbla pelarstativet kan b\u00e4ra st\u00f6rre skivor med m\u00f6jligheten att skapa exempelvis konferensbord, matbord och m\u00f6tesbord.\" \/>\n<meta property=\"og:url\" content=\"https:\/\/shop.bjerring-sales.dk\/da\/vare\/ferrea-stativ-dubbel\/\" \/>\n<meta property=\"og:site_name\" content=\"Bjerring-Sales\" \/>\n<meta property=\"article:modified_time\" content=\"2026-04-16T13:15:55+00:00\" \/>\n<meta property=\"og:image\" content=\"https:\/\/shop.bjerring-sales.dk\/wp-content\/uploads\/2025\/02\/Ferrea-stativ-2-fotter-T56-72cm-hog-svart.jpg\" \/>\n\t<meta property=\"og:image:width\" content=\"800\" \/>\n\t<meta property=\"og:image:height\" content=\"800\" \/>\n\t<meta property=\"og:image:type\" content=\"image\/jpeg\" \/>\n<meta name=\"twitter:card\" content=\"summary_large_image\" \/>\n<meta name=\"twitter:label1\" content=\"Estimeret l\u00e6setid\" \/>\n\t<meta name=\"twitter:data1\" content=\"1 minut\" \/>\n<script type=\"application\/ld+json\" class=\"yoast-schema-graph\">{\"@context\":\"https:\/\/schema.org\",\"@graph\":[{\"@type\":\"WebPage\",\"@id\":\"https:\/\/shop.bjerring-sales.dk\/sv\/produkt\/ferrea-stativ-dubbel\/\",\"url\":\"https:\/\/shop.bjerring-sales.dk\/sv\/produkt\/ferrea-stativ-dubbel\/\",\"name\":\"Ferrea stativ 2st - Bjerring-Sales\",\"isPartOf\":{\"@id\":\"https:\/\/shop.bjerring-sales.dk\/#website\"},\"primaryImageOfPage\":{\"@id\":\"https:\/\/shop.bjerring-sales.dk\/sv\/produkt\/ferrea-stativ-dubbel\/#primaryimage\"},\"image\":{\"@id\":\"https:\/\/shop.bjerring-sales.dk\/sv\/produkt\/ferrea-stativ-dubbel\/#primaryimage\"},\"thumbnailUrl\":\"https:\/\/shop.bjerring-sales.dk\/wp-content\/uploads\/2025\/02\/Ferrea-stativ-2-fotter-T56-72cm-hog-svart.jpg\",\"datePublished\":\"2025-02-14T11:30:28+00:00\",\"dateModified\":\"2026-04-16T13:15:55+00:00\",\"breadcrumb\":{\"@id\":\"https:\/\/shop.bjerring-sales.dk\/sv\/produkt\/ferrea-stativ-dubbel\/#breadcrumb\"},\"inLanguage\":\"da-DK\",\"potentialAction\":[{\"@type\":\"ReadAction\",\"target\":[\"https:\/\/shop.bjerring-sales.dk\/sv\/produkt\/ferrea-stativ-dubbel\/\"]}]},{\"@type\":\"ImageObject\",\"inLanguage\":\"da-DK\",\"@id\":\"https:\/\/shop.bjerring-sales.dk\/sv\/produkt\/ferrea-stativ-dubbel\/#primaryimage\",\"url\":\"https:\/\/shop.bjerring-sales.dk\/wp-content\/uploads\/2025\/02\/Ferrea-stativ-2-fotter-T56-72cm-hog-svart.jpg\",\"contentUrl\":\"https:\/\/shop.bjerring-sales.dk\/wp-content\/uploads\/2025\/02\/Ferrea-stativ-2-fotter-T56-72cm-hog-svart.jpg\",\"width\":800,\"height\":800},{\"@type\":\"BreadcrumbList\",\"@id\":\"https:\/\/shop.bjerring-sales.dk\/sv\/produkt\/ferrea-stativ-dubbel\/#breadcrumb\",\"itemListElement\":[{\"@type\":\"ListItem\",\"position\":1,\"name\":\"Hem\",\"item\":\"https:\/\/shop.bjerring-sales.dk\/\"},{\"@type\":\"ListItem\",\"position\":2,\"name\":\"Webbutik\",\"item\":\"https:\/\/shop.bjerring-sales.dk\/butik\/\"},{\"@type\":\"ListItem\",\"position\":3,\"name\":\"Ferrea stativ 2st\"}]},{\"@type\":\"WebSite\",\"@id\":\"https:\/\/shop.bjerring-sales.dk\/#website\",\"url\":\"https:\/\/shop.bjerring-sales.dk\/\",\"name\":\"Bjerring-Sales\",\"description\":\"M\u00f6bler f\u00f6r teatrar, skolor, kontor och k\u00f6pcentrum\",\"publisher\":{\"@id\":\"https:\/\/shop.bjerring-sales.dk\/#organization\"},\"potentialAction\":[{\"@type\":\"SearchAction\",\"target\":{\"@type\":\"EntryPoint\",\"urlTemplate\":\"https:\/\/shop.bjerring-sales.dk\/?s={search_term_string}\"},\"query-input\":{\"@type\":\"PropertyValueSpecification\",\"valueRequired\":true,\"valueName\":\"search_term_string\"}}],\"inLanguage\":\"da-DK\"},{\"@type\":\"Organization\",\"@id\":\"https:\/\/shop.bjerring-sales.dk\/#organization\",\"name\":\"Bjerring-Sales\",\"url\":\"https:\/\/shop.bjerring-sales.dk\/\",\"logo\":{\"@type\":\"ImageObject\",\"inLanguage\":\"da-DK\",\"@id\":\"https:\/\/shop.bjerring-sales.dk\/#\/schema\/logo\/image\/\",\"url\":\"https:\/\/shop.bjerring-sales.dk\/wp-content\/uploads\/2023\/01\/logo_sv.png\",\"contentUrl\":\"https:\/\/shop.bjerring-sales.dk\/wp-content\/uploads\/2023\/01\/logo_sv.png\",\"width\":195,\"height\":68,\"caption\":\"Bjerring-Sales\"},\"image\":{\"@id\":\"https:\/\/shop.bjerring-sales.dk\/#\/schema\/logo\/image\/\"}}]}<\/script>\n<!-- \/ Yoast SEO plugin. -->","yoast_head_json":{"title":"Ferrea stativ 2st - Bjerring-Sales","robots":{"index":"index","follow":"follow","max-snippet":"max-snippet:-1","max-image-preview":"max-image-preview:large","max-video-preview":"max-video-preview:-1"},"canonical":"https:\/\/shop.bjerring-sales.dk\/da\/vare\/ferrea-stativ-dubbel\/","og_locale":"da_DK","og_type":"article","og_title":"Ferrea stativ 2st - Bjerring-Sales","og_description":"Pelarstativet fr\u00e5n Ferrea serien \u00e4r ett dubbelt bordsstativ som kan anv\u00e4ndas f\u00f6r dom flesta typer av bordsskivor. Det dubbla pelarstativet kan b\u00e4ra st\u00f6rre skivor med m\u00f6jligheten att skapa exempelvis konferensbord, matbord och m\u00f6tesbord.","og_url":"https:\/\/shop.bjerring-sales.dk\/da\/vare\/ferrea-stativ-dubbel\/","og_site_name":"Bjerring-Sales","article_modified_time":"2026-04-16T13:15:55+00:00","og_image":[{"width":800,"height":800,"url":"https:\/\/shop.bjerring-sales.dk\/wp-content\/uploads\/2025\/02\/Ferrea-stativ-2-fotter-T56-72cm-hog-svart.jpg","type":"image\/jpeg"}],"twitter_card":"summary_large_image","twitter_misc":{"Estimeret l\u00e6setid":"1 minut"},"schema":{"@context":"https:\/\/schema.org","@graph":[{"@type":"WebPage","@id":"https:\/\/shop.bjerring-sales.dk\/sv\/produkt\/ferrea-stativ-dubbel\/","url":"https:\/\/shop.bjerring-sales.dk\/sv\/produkt\/ferrea-stativ-dubbel\/","name":"Ferrea stativ 2st - Bjerring-Sales","isPartOf":{"@id":"https:\/\/shop.bjerring-sales.dk\/#website"},"primaryImageOfPage":{"@id":"https:\/\/shop.bjerring-sales.dk\/sv\/produkt\/ferrea-stativ-dubbel\/#primaryimage"},"image":{"@id":"https:\/\/shop.bjerring-sales.dk\/sv\/produkt\/ferrea-stativ-dubbel\/#primaryimage"},"thumbnailUrl":"https:\/\/shop.bjerring-sales.dk\/wp-content\/uploads\/2025\/02\/Ferrea-stativ-2-fotter-T56-72cm-hog-svart.jpg","datePublished":"2025-02-14T11:30:28+00:00","dateModified":"2026-04-16T13:15:55+00:00","breadcrumb":{"@id":"https:\/\/shop.bjerring-sales.dk\/sv\/produkt\/ferrea-stativ-dubbel\/#breadcrumb"},"inLanguage":"da-DK","potentialAction":[{"@type":"ReadAction","target":["https:\/\/shop.bjerring-sales.dk\/sv\/produkt\/ferrea-stativ-dubbel\/"]}]},{"@type":"ImageObject","inLanguage":"da-DK","@id":"https:\/\/shop.bjerring-sales.dk\/sv\/produkt\/ferrea-stativ-dubbel\/#primaryimage","url":"https:\/\/shop.bjerring-sales.dk\/wp-content\/uploads\/2025\/02\/Ferrea-stativ-2-fotter-T56-72cm-hog-svart.jpg","contentUrl":"https:\/\/shop.bjerring-sales.dk\/wp-content\/uploads\/2025\/02\/Ferrea-stativ-2-fotter-T56-72cm-hog-svart.jpg","width":800,"height":800},{"@type":"BreadcrumbList","@id":"https:\/\/shop.bjerring-sales.dk\/sv\/produkt\/ferrea-stativ-dubbel\/#breadcrumb","itemListElement":[{"@type":"ListItem","position":1,"name":"Hem","item":"https:\/\/shop.bjerring-sales.dk\/"},{"@type":"ListItem","position":2,"name":"Webbutik","item":"https:\/\/shop.bjerring-sales.dk\/butik\/"},{"@type":"ListItem","position":3,"name":"Ferrea stativ 2st"}]},{"@type":"WebSite","@id":"https:\/\/shop.bjerring-sales.dk\/#website","url":"https:\/\/shop.bjerring-sales.dk\/","name":"Bjerring-Salg","description":"M\u00f8bler til teatre, skoler, kontorer og indk\u00f8bscentre","publisher":{"@id":"https:\/\/shop.bjerring-sales.dk\/#organization"},"potentialAction":[{"@type":"SearchAction","target":{"@type":"EntryPoint","urlTemplate":"https:\/\/shop.bjerring-sales.dk\/?s={search_term_string}"},"query-input":{"@type":"PropertyValueSpecification","valueRequired":true,"valueName":"search_term_string"}}],"inLanguage":"da-DK"},{"@type":"Organization","@id":"https:\/\/shop.bjerring-sales.dk\/#organization","name":"Bjerring-Salg","url":"https:\/\/shop.bjerring-sales.dk\/","logo":{"@type":"ImageObject","inLanguage":"da-DK","@id":"https:\/\/shop.bjerring-sales.dk\/#\/schema\/logo\/image\/","url":"https:\/\/shop.bjerring-sales.dk\/wp-content\/uploads\/2023\/01\/logo_sv.png","contentUrl":"https:\/\/shop.bjerring-sales.dk\/wp-content\/uploads\/2023\/01\/logo_sv.png","width":195,"height":68,"caption":"Bjerring-Sales"},"image":{"@id":"https:\/\/shop.bjerring-sales.dk\/#\/schema\/logo\/image\/"}}]}},"_links":{"self":[{"href":"https:\/\/shop.bjerring-sales.dk\/da\/wp-json\/wp\/v2\/product\/100357","targetHints":{"allow":["GET"]}}],"collection":[{"href":"https:\/\/shop.bjerring-sales.dk\/da\/wp-json\/wp\/v2\/product"}],"about":[{"href":"https:\/\/shop.bjerring-sales.dk\/da\/wp-json\/wp\/v2\/types\/product"}],"wp:featuredmedia":[{"embeddable":true,"href":"https:\/\/shop.bjerring-sales.dk\/da\/wp-json\/wp\/v2\/media\/100358"}],"wp:attachment":[{"href":"https:\/\/shop.bjerring-sales.dk\/da\/wp-json\/wp\/v2\/media?parent=100357"}],"wp:term":[{"taxonomy":"product_brand","embeddable":true,"href":"https:\/\/shop.bjerring-sales.dk\/da\/wp-json\/wp\/v2\/product_brand?post=100357"},{"taxonomy":"product_cat","embeddable":true,"href":"https:\/\/shop.bjerring-sales.dk\/da\/wp-json\/wp\/v2\/product_cat?post=100357"},{"taxonomy":"product_tag","embeddable":true,"href":"https:\/\/shop.bjerring-sales.dk\/da\/wp-json\/wp\/v2\/product_tag?post=100357"}],"curies":[{"name":"wp","href":"https:\/\/api.w.org\/{rel}","templated":true}]}}