{"id":52281,"date":"2021-08-02T12:33:19","date_gmt":"2021-08-02T10:33:19","guid":{"rendered":"https:\/\/pule.se\/?page_id=52281"},"modified":"2023-05-30T23:26:40","modified_gmt":"2023-05-30T21:26:40","slug":"kontakt","status":"publish","type":"page","link":"https:\/\/shop.bjerring-sales.dk\/da\/kontakt\/","title":{"rendered":"Kontakt"},"content":{"rendered":"<div class=\"wpb-content-wrapper\"><div data-vc-full-width=\"true\" data-vc-full-width-temp=\"true\" data-vc-full-width-init=\"false\" data-vc-stretch-content=\"true\" class=\"vc_row wpb_row vc_row-fluid vc_custom_1618832398085 vc_row-no-padding\"><div class=\"wpb_column vc_column_container vc_col-sm-12 vc_hidden-sm vc_hidden-xs vc_col-has-fill wd-rs-64766944d36b8\"><div class=\"vc_column-inner vc_custom_1685481820574\"><div class=\"wpb_wrapper\"><\/div><\/div><\/div><\/div><div class=\"vc_row-full-width vc_clearfix\"><\/div><div data-vc-full-width=\"true\" data-vc-full-width-temp=\"true\" data-vc-full-width-init=\"false\" data-vc-stretch-content=\"true\" class=\"vc_row wpb_row vc_row-fluid vc_custom_1618832438509 vc_row-no-padding\"><div class=\"wpb_column vc_column_container vc_col-sm-12 vc_hidden-lg vc_hidden-md vc_col-has-fill\"><div class=\"vc_column-inner vc_custom_1618832433249\"><div class=\"wpb_wrapper\">\n\t<div  class=\"wpb_single_image wpb_content_element vc_align_center\">\n\t\t\n\t\t<figure class=\"wpb_wrapper vc_figure\">\n\t\t\t<div class=\"vc_single_image-wrapper   vc_box_border_grey\"><img loading=\"lazy\" decoding=\"async\" width=\"1000\" height=\"800\" src=\"https:\/\/shop.bjerring-sales.dk\/wp-content\/uploads\/2023\/05\/bjerring-kontakt-mobil.jpg\" class=\"vc_single_image-img attachment-full\" alt=\"\" title=\"bjerring-kontakt-mobil\" srcset=\"https:\/\/shop.bjerring-sales.dk\/wp-content\/uploads\/2023\/05\/bjerring-kontakt-mobil.jpg 1000w, https:\/\/shop.bjerring-sales.dk\/wp-content\/uploads\/2023\/05\/bjerring-kontakt-mobil-150x120.jpg 150w, https:\/\/shop.bjerring-sales.dk\/wp-content\/uploads\/2023\/05\/bjerring-kontakt-mobil-600x480.jpg 600w, https:\/\/shop.bjerring-sales.dk\/wp-content\/uploads\/2023\/05\/bjerring-kontakt-mobil-300x240.jpg 300w, https:\/\/shop.bjerring-sales.dk\/wp-content\/uploads\/2023\/05\/bjerring-kontakt-mobil-768x614.jpg 768w, https:\/\/shop.bjerring-sales.dk\/wp-content\/uploads\/2023\/05\/bjerring-kontakt-mobil-15x12.jpg 15w\" sizes=\"auto, (max-width: 1000px) 100vw, 1000px\" \/><\/div>\n\t\t<\/figure>\n\t<\/div>\n<\/div><\/div><\/div><\/div><div class=\"vc_row-full-width vc_clearfix\"><\/div><div class=\"vc_row wpb_row vc_row-fluid vc_custom_1674513909775 wd-rs-63cf0df24f946\"><div class=\"wpb_column vc_column_container vc_col-sm-2\"><div class=\"vc_column-inner\"><div class=\"wpb_wrapper\"><\/div><\/div><\/div><div class=\"wpb_column vc_column_container vc_col-sm-8\"><div class=\"vc_column-inner vc_custom_1616332050164\"><div class=\"wpb_wrapper\"><div class=\"vc_empty_space hidden-xs\"   style=\"height: 80px\"><span class=\"vc_empty_space_inner\"><\/span><\/div>\n\t\t<div id=\"wd-647669fbd454b\" class=\"title-wrapper wd-wpb wd-set-mb reset-last-child  wd-rs-647669fbd454b wd-title-color-alt wd-title-style-underlined text-center  wd-underline-colored\">\n\t\t\t\n\t\t\t<div class=\"liner-continer\">\n\t\t\t\t<h4 class=\"woodmart-title-container title  wd-font-weight- wd-fontsize-xxl\" >Kontakt os<\/h4>\n\t\t\t\t\t\t\t<\/div>\n\t\t\t\n\t\t\t\t\t\t\t<div class=\"title-after_title reset-last-child  wd-fontsize-s\">T\u00f8v ikke med at kontakte os hos Bjerring Sales med dine sp\u00f8rgsm\u00e5l, forslag eller \u00f8nsker. Vi er her for at give dig den bedst mulige service og hj\u00e6lpe dig med at tr\u00e6ffe informerede beslutninger, n\u00e5r det kommer til m\u00f8bler til dine specifikke behov. Din tilfredshed er vores h\u00f8jeste prioritet.<\/div>\n\t\t\t\n\t\t\t\n\t\t<\/div>\n\t\t\n\t\t<\/div><\/div><\/div><div class=\"wpb_column vc_column_container vc_col-sm-2\"><div class=\"vc_column-inner\"><div class=\"wpb_wrapper\"><\/div><\/div><\/div><\/div><div class=\"vc_row wpb_row vc_row-fluid vc_column-gap-25 vc_row-o-equal-height vc_row-flex wd-rs-61eebeb75883d\"><div class=\"wpb_column vc_column_container vc_col-sm-4\"><div class=\"vc_column-inner\"><div class=\"wpb_wrapper\"><\/div><\/div><\/div><div class=\"wpb_column vc_column_container vc_col-sm-4\"><div class=\"vc_column-inner\"><div class=\"wpb_wrapper\">\n\t<div class=\"wpb_text_column wpb_content_element vc_custom_1685481721457\" >\n\t\t<div class=\"wpb_wrapper\">\n\t\t\t<p style=\"text-align: center;\"><span style=\"font-size: 14pt;\"><strong>Bjerring Salg<\/strong><\/span><br \/>\nTykh\u00f8jetvej 20, Hal 5<br \/>\n7323 Give<br \/>\nTlf. +45 7734 5206<br \/>\nMail: salg@bjerring-sales.dk<\/p>\n<hr \/>\n<p style=\"text-align: center;\">man-tors 08.00-16.00<br \/>\nFredag 08.00-15.00<\/p>\n\n\t\t<\/div>\n\t<\/div>\n<\/div><\/div><\/div><div class=\"wpb_column vc_column_container vc_col-sm-4\"><div class=\"vc_column-inner\"><div class=\"wpb_wrapper\"><\/div><\/div><\/div><\/div>\n<\/div>","protected":false},"excerpt":{"rendered":"Kontakt os T\u00f8v ikke med at kontakte os hos Bjerring Salg med dine sp\u00f8rgsm\u00e5l, forslag eller \u00f8nsker. Vi er her for","protected":false},"author":1,"featured_media":0,"parent":0,"menu_order":0,"comment_status":"closed","ping_status":"closed","template":"","meta":{"iawp_total_views":70,"footnotes":""},"class_list":["post-52281","page","type-page","status-publish","hentry"],"yoast_head":"<!-- This site is optimized with the Yoast SEO plugin v27.0 - https:\/\/yoast.com\/product\/yoast-seo-wordpress\/ -->\n<title>Kontakt - Bjerring-Sales<\/title>\n<meta name=\"description\" content=\"Har du fr\u00e5gor kring v\u00e5ra m\u00f6bler och hur vi kan hj\u00e4lpa dig? V\u00e4lkommen att kontakta oss p\u00e5 Bjerring-Sales.\" \/>\n<meta name=\"robots\" content=\"index, follow, max-snippet:-1, max-image-preview:large, max-video-preview:-1\" \/>\n<link rel=\"canonical\" href=\"https:\/\/shop.bjerring-sales.dk\/da\/kontakt\/\" \/>\n<meta property=\"og:locale\" content=\"da_DK\" \/>\n<meta property=\"og:type\" content=\"article\" \/>\n<meta property=\"og:title\" content=\"Kontakt - Bjerring-Sales\" \/>\n<meta property=\"og:description\" content=\"Har du fr\u00e5gor kring v\u00e5ra m\u00f6bler och hur vi kan hj\u00e4lpa dig? V\u00e4lkommen att kontakta oss p\u00e5 Bjerring-Sales.\" \/>\n<meta property=\"og:url\" content=\"https:\/\/shop.bjerring-sales.dk\/da\/kontakt\/\" \/>\n<meta property=\"og:site_name\" content=\"Bjerring-Sales\" \/>\n<meta property=\"article:modified_time\" content=\"2023-05-30T21:26:40+00:00\" \/>\n<meta name=\"twitter:card\" content=\"summary_large_image\" \/>\n<meta name=\"twitter:label1\" content=\"Estimeret l\u00e6setid\" \/>\n\t<meta name=\"twitter:data1\" content=\"1 minut\" \/>\n<script type=\"application\/ld+json\" class=\"yoast-schema-graph\">{\"@context\":\"https:\/\/schema.org\",\"@graph\":[{\"@type\":\"WebPage\",\"@id\":\"https:\/\/shop.bjerring-sales.dk\/kontakt\/\",\"url\":\"https:\/\/shop.bjerring-sales.dk\/kontakt\/\",\"name\":\"Kontakt - Bjerring-Sales\",\"isPartOf\":{\"@id\":\"https:\/\/shop.bjerring-sales.dk\/#website\"},\"datePublished\":\"2021-08-02T10:33:19+00:00\",\"dateModified\":\"2023-05-30T21:26:40+00:00\",\"description\":\"Har du fr\u00e5gor kring v\u00e5ra m\u00f6bler och hur vi kan hj\u00e4lpa dig? V\u00e4lkommen att kontakta oss p\u00e5 Bjerring-Sales.\",\"breadcrumb\":{\"@id\":\"https:\/\/shop.bjerring-sales.dk\/kontakt\/#breadcrumb\"},\"inLanguage\":\"da-DK\",\"potentialAction\":[{\"@type\":\"ReadAction\",\"target\":[\"https:\/\/shop.bjerring-sales.dk\/kontakt\/\"]}]},{\"@type\":\"BreadcrumbList\",\"@id\":\"https:\/\/shop.bjerring-sales.dk\/kontakt\/#breadcrumb\",\"itemListElement\":[{\"@type\":\"ListItem\",\"position\":1,\"name\":\"Hem\",\"item\":\"https:\/\/shop.bjerring-sales.dk\/\"},{\"@type\":\"ListItem\",\"position\":2,\"name\":\"Kontakt\"}]},{\"@type\":\"WebSite\",\"@id\":\"https:\/\/shop.bjerring-sales.dk\/#website\",\"url\":\"https:\/\/shop.bjerring-sales.dk\/\",\"name\":\"Bjerring-Sales\",\"description\":\"M\u00f6bler f\u00f6r teatrar, skolor, kontor och k\u00f6pcentrum\",\"publisher\":{\"@id\":\"https:\/\/shop.bjerring-sales.dk\/#organization\"},\"potentialAction\":[{\"@type\":\"SearchAction\",\"target\":{\"@type\":\"EntryPoint\",\"urlTemplate\":\"https:\/\/shop.bjerring-sales.dk\/?s={search_term_string}\"},\"query-input\":{\"@type\":\"PropertyValueSpecification\",\"valueRequired\":true,\"valueName\":\"search_term_string\"}}],\"inLanguage\":\"da-DK\"},{\"@type\":\"Organization\",\"@id\":\"https:\/\/shop.bjerring-sales.dk\/#organization\",\"name\":\"Bjerring-Sales\",\"url\":\"https:\/\/shop.bjerring-sales.dk\/\",\"logo\":{\"@type\":\"ImageObject\",\"inLanguage\":\"da-DK\",\"@id\":\"https:\/\/shop.bjerring-sales.dk\/#\/schema\/logo\/image\/\",\"url\":\"https:\/\/shop.bjerring-sales.dk\/wp-content\/uploads\/2023\/01\/logo_sv.png\",\"contentUrl\":\"https:\/\/shop.bjerring-sales.dk\/wp-content\/uploads\/2023\/01\/logo_sv.png\",\"width\":195,\"height\":68,\"caption\":\"Bjerring-Sales\"},\"image\":{\"@id\":\"https:\/\/shop.bjerring-sales.dk\/#\/schema\/logo\/image\/\"}}]}<\/script>\n<!-- \/ Yoast SEO plugin. -->","yoast_head_json":{"title":"Kontakt - Bjerring-Sales","description":"Har du fr\u00e5gor kring v\u00e5ra m\u00f6bler och hur vi kan hj\u00e4lpa dig? V\u00e4lkommen att kontakta oss p\u00e5 Bjerring-Sales.","robots":{"index":"index","follow":"follow","max-snippet":"max-snippet:-1","max-image-preview":"max-image-preview:large","max-video-preview":"max-video-preview:-1"},"canonical":"https:\/\/shop.bjerring-sales.dk\/da\/kontakt\/","og_locale":"da_DK","og_type":"article","og_title":"Kontakt - Bjerring-Sales","og_description":"Har du fr\u00e5gor kring v\u00e5ra m\u00f6bler och hur vi kan hj\u00e4lpa dig? V\u00e4lkommen att kontakta oss p\u00e5 Bjerring-Sales.","og_url":"https:\/\/shop.bjerring-sales.dk\/da\/kontakt\/","og_site_name":"Bjerring-Sales","article_modified_time":"2023-05-30T21:26:40+00:00","twitter_card":"summary_large_image","twitter_misc":{"Estimeret l\u00e6setid":"1 minut"},"schema":{"@context":"https:\/\/schema.org","@graph":[{"@type":"WebPage","@id":"https:\/\/shop.bjerring-sales.dk\/kontakt\/","url":"https:\/\/shop.bjerring-sales.dk\/kontakt\/","name":"Kontakt - Bjerring-Sales","isPartOf":{"@id":"https:\/\/shop.bjerring-sales.dk\/#website"},"datePublished":"2021-08-02T10:33:19+00:00","dateModified":"2023-05-30T21:26:40+00:00","description":"Har du fr\u00e5gor kring v\u00e5ra m\u00f6bler och hur vi kan hj\u00e4lpa dig? V\u00e4lkommen att kontakta oss p\u00e5 Bjerring-Sales.","breadcrumb":{"@id":"https:\/\/shop.bjerring-sales.dk\/kontakt\/#breadcrumb"},"inLanguage":"da-DK","potentialAction":[{"@type":"ReadAction","target":["https:\/\/shop.bjerring-sales.dk\/kontakt\/"]}]},{"@type":"BreadcrumbList","@id":"https:\/\/shop.bjerring-sales.dk\/kontakt\/#breadcrumb","itemListElement":[{"@type":"ListItem","position":1,"name":"Hem","item":"https:\/\/shop.bjerring-sales.dk\/"},{"@type":"ListItem","position":2,"name":"Kontakt"}]},{"@type":"WebSite","@id":"https:\/\/shop.bjerring-sales.dk\/#website","url":"https:\/\/shop.bjerring-sales.dk\/","name":"Bjerring-Salg","description":"M\u00f8bler til teatre, skoler, kontorer og indk\u00f8bscentre","publisher":{"@id":"https:\/\/shop.bjerring-sales.dk\/#organization"},"potentialAction":[{"@type":"SearchAction","target":{"@type":"EntryPoint","urlTemplate":"https:\/\/shop.bjerring-sales.dk\/?s={search_term_string}"},"query-input":{"@type":"PropertyValueSpecification","valueRequired":true,"valueName":"search_term_string"}}],"inLanguage":"da-DK"},{"@type":"Organization","@id":"https:\/\/shop.bjerring-sales.dk\/#organization","name":"Bjerring-Salg","url":"https:\/\/shop.bjerring-sales.dk\/","logo":{"@type":"ImageObject","inLanguage":"da-DK","@id":"https:\/\/shop.bjerring-sales.dk\/#\/schema\/logo\/image\/","url":"https:\/\/shop.bjerring-sales.dk\/wp-content\/uploads\/2023\/01\/logo_sv.png","contentUrl":"https:\/\/shop.bjerring-sales.dk\/wp-content\/uploads\/2023\/01\/logo_sv.png","width":195,"height":68,"caption":"Bjerring-Sales"},"image":{"@id":"https:\/\/shop.bjerring-sales.dk\/#\/schema\/logo\/image\/"}}]}},"_links":{"self":[{"href":"https:\/\/shop.bjerring-sales.dk\/da\/wp-json\/wp\/v2\/pages\/52281","targetHints":{"allow":["GET"]}}],"collection":[{"href":"https:\/\/shop.bjerring-sales.dk\/da\/wp-json\/wp\/v2\/pages"}],"about":[{"href":"https:\/\/shop.bjerring-sales.dk\/da\/wp-json\/wp\/v2\/types\/page"}],"author":[{"embeddable":true,"href":"https:\/\/shop.bjerring-sales.dk\/da\/wp-json\/wp\/v2\/users\/1"}],"replies":[{"embeddable":true,"href":"https:\/\/shop.bjerring-sales.dk\/da\/wp-json\/wp\/v2\/comments?post=52281"}],"version-history":[{"count":0,"href":"https:\/\/shop.bjerring-sales.dk\/da\/wp-json\/wp\/v2\/pages\/52281\/revisions"}],"wp:attachment":[{"href":"https:\/\/shop.bjerring-sales.dk\/da\/wp-json\/wp\/v2\/media?parent=52281"}],"curies":[{"name":"wp","href":"https:\/\/api.w.org\/{rel}","templated":true}]}}