{"id":29257,"date":"2021-03-07T00:23:39","date_gmt":"2021-03-06T23:23:39","guid":{"rendered":"https:\/\/pule.se\/?page_id=29257"},"modified":"2023-05-30T23:11:40","modified_gmt":"2023-05-30T21:11:40","slug":"returer","status":"publish","type":"page","link":"https:\/\/shop.bjerring-sales.dk\/da\/returer\/","title":{"rendered":"Fortrydelsesret &amp; Reklamationer"},"content":{"rendered":"<div class=\"wpb-content-wrapper\"><div data-vc-full-width=\"true\" data-vc-full-width-temp=\"true\" data-vc-full-width-init=\"false\" data-vc-stretch-content=\"true\" class=\"vc_row wpb_row vc_row-fluid vc_custom_1615073903999 vc_column-gap-5 vc_row-no-padding vc_row-o-equal-height vc_row-flex\"><div class=\"wpb_column vc_column_container vc_col-sm-1\/5 vc_hidden-sm vc_hidden-xs\"><div class=\"vc_column-inner\"><div class=\"wpb_wrapper\">\n\t<div  class=\"wpb_single_image wpb_content_element vc_align_center\">\n\t\t\n\t\t<figure class=\"wpb_wrapper vc_figure\">\n\t\t\t<div class=\"vc_single_image-wrapper   vc_box_border_grey\"><img loading=\"lazy\" decoding=\"async\" width=\"800\" height=\"800\" src=\"https:\/\/shop.bjerring-sales.dk\/wp-content\/uploads\/2021\/03\/kvadrat-stolsvagnar.jpg\" class=\"vc_single_image-img attachment-full\" alt=\"\" title=\"firkantede k\u00f8restole\" srcset=\"https:\/\/shop.bjerring-sales.dk\/wp-content\/uploads\/2021\/03\/kvadrat-stolsvagnar.jpg 300w, https:\/\/shop.bjerring-sales.dk\/wp-content\/uploads\/2021\/03\/kvadrat-stolsvagnar.jpg 150w, https:\/\/shop.bjerring-sales.dk\/wp-content\/uploads\/2021\/03\/kvadrat-stolsvagnar.jpg 600w, https:\/\/shop.bjerring-sales.dk\/wp-content\/uploads\/2021\/03\/kvadrat-stolsvagnar.jpg 768w, https:\/\/shop.bjerring-sales.dk\/wp-content\/uploads\/2021\/03\/kvadrat-stolsvagnar.jpg 800w\" sizes=\"auto, (max-width: 800px) 100vw, 800px\" \/><\/div>\n\t\t<\/figure>\n\t<\/div>\n<\/div><\/div><\/div><div class=\"wpb_column vc_column_container vc_col-sm-1\/5 vc_hidden-sm vc_hidden-xs\"><div class=\"vc_column-inner\"><div class=\"wpb_wrapper\">\n\t<div  class=\"wpb_single_image wpb_content_element vc_align_center\">\n\t\t\n\t\t<figure class=\"wpb_wrapper vc_figure\">\n\t\t\t<div class=\"vc_single_image-wrapper   vc_box_border_grey\"><img loading=\"lazy\" decoding=\"async\" width=\"800\" height=\"800\" src=\"https:\/\/shop.bjerring-sales.dk\/wp-content\/uploads\/2021\/02\/kategori-kontorsstolar.jpg\" class=\"vc_single_image-img attachment-full\" alt=\"\" title=\"kategori kontorstole\" srcset=\"https:\/\/shop.bjerring-sales.dk\/wp-content\/uploads\/2021\/02\/kategori-kontorsstolar.jpg 300w, https:\/\/shop.bjerring-sales.dk\/wp-content\/uploads\/2021\/02\/kategori-kontorsstolar.jpg 150w, https:\/\/shop.bjerring-sales.dk\/wp-content\/uploads\/2021\/02\/kategori-kontorsstolar.jpg 600w, https:\/\/shop.bjerring-sales.dk\/wp-content\/uploads\/2021\/02\/kategori-kontorsstolar.jpg 768w, https:\/\/shop.bjerring-sales.dk\/wp-content\/uploads\/2021\/02\/kategori-kontorsstolar.jpg 800w\" sizes=\"auto, (max-width: 800px) 100vw, 800px\" \/><\/div>\n\t\t<\/figure>\n\t<\/div>\n<\/div><\/div><\/div><div class=\"wpb_column vc_column_container vc_col-sm-1\/5 vc_hidden-sm vc_hidden-xs\"><div class=\"vc_column-inner\"><div class=\"wpb_wrapper\">\n\t<div  class=\"wpb_single_image wpb_content_element vc_align_center\">\n\t\t\n\t\t<figure class=\"wpb_wrapper vc_figure\">\n\t\t\t<div class=\"vc_single_image-wrapper   vc_box_border_grey\"><img loading=\"lazy\" decoding=\"async\" width=\"800\" height=\"800\" src=\"https:\/\/shop.bjerring-sales.dk\/wp-content\/uploads\/2021\/03\/kvadrat-tillbehorskap.jpg\" class=\"vc_single_image-img attachment-full\" alt=\"\" title=\"firkantet tilbeh\u00f8r\" srcset=\"https:\/\/shop.bjerring-sales.dk\/wp-content\/uploads\/2021\/03\/kvadrat-tillbehorskap.jpg 300w, https:\/\/shop.bjerring-sales.dk\/wp-content\/uploads\/2021\/03\/kvadrat-tillbehorskap.jpg 150w, https:\/\/shop.bjerring-sales.dk\/wp-content\/uploads\/2021\/03\/kvadrat-tillbehorskap.jpg 600w, https:\/\/shop.bjerring-sales.dk\/wp-content\/uploads\/2021\/03\/kvadrat-tillbehorskap.jpg 768w, https:\/\/shop.bjerring-sales.dk\/wp-content\/uploads\/2021\/03\/kvadrat-tillbehorskap.jpg 800w\" sizes=\"auto, (max-width: 800px) 100vw, 800px\" \/><\/div>\n\t\t<\/figure>\n\t<\/div>\n<\/div><\/div><\/div><div class=\"wpb_column vc_column_container vc_col-sm-1\/5 vc_hidden-sm vc_hidden-xs\"><div class=\"vc_column-inner\"><div class=\"wpb_wrapper\">\n\t<div  class=\"wpb_single_image wpb_content_element vc_align_center\">\n\t\t\n\t\t<figure class=\"wpb_wrapper vc_figure\">\n\t\t\t<div class=\"vc_single_image-wrapper   vc_box_border_grey\"><img loading=\"lazy\" decoding=\"async\" width=\"800\" height=\"800\" src=\"https:\/\/shop.bjerring-sales.dk\/wp-content\/uploads\/2021\/02\/kategori-forvaring.jpg\" class=\"vc_single_image-img attachment-full\" alt=\"\" title=\"kategori opbevaring\" srcset=\"https:\/\/shop.bjerring-sales.dk\/wp-content\/uploads\/2021\/02\/kategori-forvaring.jpg 300w, https:\/\/shop.bjerring-sales.dk\/wp-content\/uploads\/2021\/02\/kategori-forvaring.jpg 150w, https:\/\/shop.bjerring-sales.dk\/wp-content\/uploads\/2021\/02\/kategori-forvaring.jpg 600w, https:\/\/shop.bjerring-sales.dk\/wp-content\/uploads\/2021\/02\/kategori-forvaring.jpg 768w, https:\/\/shop.bjerring-sales.dk\/wp-content\/uploads\/2021\/02\/kategori-forvaring.jpg 800w\" sizes=\"auto, (max-width: 800px) 100vw, 800px\" \/><\/div>\n\t\t<\/figure>\n\t<\/div>\n<\/div><\/div><\/div><div class=\"wpb_column vc_column_container vc_col-sm-1\/5\"><div class=\"vc_column-inner\"><div class=\"wpb_wrapper\">\n\t<div  class=\"wpb_single_image wpb_content_element vc_align_center\">\n\t\t\n\t\t<figure class=\"wpb_wrapper vc_figure\">\n\t\t\t<div class=\"vc_single_image-wrapper   vc_box_border_grey\"><img loading=\"lazy\" decoding=\"async\" width=\"800\" height=\"800\" src=\"https:\/\/shop.bjerring-sales.dk\/wp-content\/uploads\/2021\/03\/kvadrat-kostolparband.jpg\" class=\"vc_single_image-img attachment-full\" alt=\"\" title=\"kvadratisk kystparb\u00e5nd\" srcset=\"https:\/\/shop.bjerring-sales.dk\/wp-content\/uploads\/2021\/03\/kvadrat-kostolparband.jpg 300w, https:\/\/shop.bjerring-sales.dk\/wp-content\/uploads\/2021\/03\/kvadrat-kostolparband.jpg 150w, https:\/\/shop.bjerring-sales.dk\/wp-content\/uploads\/2021\/03\/kvadrat-kostolparband.jpg 600w, https:\/\/shop.bjerring-sales.dk\/wp-content\/uploads\/2021\/03\/kvadrat-kostolparband.jpg 768w, https:\/\/shop.bjerring-sales.dk\/wp-content\/uploads\/2021\/03\/kvadrat-kostolparband.jpg 800w\" sizes=\"auto, (max-width: 800px) 100vw, 800px\" \/><\/div>\n\t\t<\/figure>\n\t<\/div>\n<\/div><\/div><\/div><\/div><div class=\"vc_row-full-width vc_clearfix\"><\/div><div class=\"vc_row wpb_row vc_row-fluid\"><div class=\"wpb_column vc_column_container vc_col-sm-12\"><div class=\"vc_column-inner\"><div class=\"wpb_wrapper\">\n\t\t<div id=\"wd-60441429112b3\" class=\"title-wrapper wd-wpb wd-set-mb reset-last-child  wd-rs-60441429112b3 wd-title-color-primary wd-title-style-underlined text-center  wd-underline-colored\">\n\t\t\t\n\t\t\t<div class=\"liner-continer\">\n\t\t\t\t<h4 class=\"woodmart-title-container title  wd-font-weight- wd-fontsize-l\" >Fortrydelsesret &amp; Reklamationer<\/h4>\n\t\t\t\t\t\t\t<\/div>\n\t\t\t\n\t\t\t\n\t\t\t\n\t\t<\/div>\n\t\t\n\t\t\n\t<div class=\"wpb_text_column wpb_content_element\" >\n\t\t<div class=\"wpb_wrapper\">\n\t\t\t<p><span style=\"font-size: 18pt;\">Fortrydelsesret<br \/>\n<\/span>Ved k\u00f8b af varer p\u00e5 hjemmesiden har du som kunde en lovbestemt 14 dages fortrydelsesret, der g\u00e6lder fra det tidspunkt, du har modtaget en vare, som du har bestilt.<\/p>\n<hr \/>\n<p><span style=\"font-size: 18pt;\">N\u00e5r du udnytter din fortrydelsesret<br \/>\n<\/span>Du skal meddele, at du fortryder det. Beskeden skal sendes til vores e-mailadresse. I din besked skal dit navn, din adresse, e-mailadresse, ordrenummer og hvilke varer returneringen g\u00e6lder for tydeligt fremg\u00e5.<br \/>\nDu skal returnere produkterne til os med det samme og senest inden for de lovpligtige 14 dage efter fortrydelsesmeddelelsen.<br \/>\nDu er ansvarlig for returfragt, levering og stand af produkterne ved returnering, produkterne skal derfor sendes godt emballeret og i deres originale emballage.<br \/>\nFra tilbagebetalingsbel\u00f8bet forbeholder vi os retten til at tr\u00e6kke et bel\u00f8b svarende til v\u00e6rdiforringelsen i forhold til produktets oprindelige v\u00e6rdi, hvis der er tale om et brugt eller beskadiget produkt.<\/p>\n<hr \/>\n<p><span style=\"font-size: 18pt;\">Reklamation<\/span><br \/>\nVi inspicerer alle produkter, inden de sendes til dig. Skulle produktet stadig v\u00e6re beskadiget eller forkert afsendt, n\u00e5r det ankommer, forpligter vi os til, i overensstemmelse med g\u00e6ldende forbrugerbeskyttelseslovgivning, at udbedre fejlen uden beregning.<br \/>\nDu skal altid kontakte os for godkendelse, inden du returnerer en defekt vare.<br \/>\nReklamation skal sendes umiddelbart efter, at manglen er opdaget.<\/p>\n<hr \/>\n<p><span style=\"font-size: 18pt;\">Hvordan g\u00e5r du videre med en klage?<\/span><br \/>\nEventuelle fejl og mangler skal altid meddeles til os via e-mail, hvor du oplyser dit navn, din adresse, e-mailadresse, ordrenummer og en beskrivelse af fejlen.<\/p>\n<p>Hvis vi ikke er i stand til at afhj\u00e6lpe manglen eller levere et lignende produkt, refunderer vi dig for det defekte produkt i overensstemmelse med g\u00e6ldende forbrugerbeskyttelseslovgivning. Vi er ansvarlige for returfragt i tilf\u00e6lde af godkendte reklamationer.<br \/>\nVi forbeholder os retten til at afvise en reklamation, hvis det viser sig, at produktet ikke er defekt i overensstemmelse med g\u00e6ldende forbrugerbeskyttelseslovgivning. Ved klager f\u00f8lger vi retningslinjer fra Det Almindelige Klagen\u00e6vn, se arn.se.<\/p>\n\n\t\t<\/div>\n\t<\/div>\n<\/div><\/div><\/div><\/div>\n<\/div>","protected":false},"excerpt":{"rendered":"Returer \u00c5ngerr\u00e4tt Vid k\u00f6p av varor p\u00e5 webbplatsen har du som kund en lagstiftad 14 dagars \u00e5ngerr\u00e4tt som g\u00e4ller fr\u00e5n","protected":false},"author":1,"featured_media":0,"parent":0,"menu_order":0,"comment_status":"closed","ping_status":"closed","template":"","meta":{"iawp_total_views":6,"footnotes":""},"class_list":["post-29257","page","type-page","status-publish","hentry"],"yoast_head":"<!-- This site is optimized with the Yoast SEO plugin v27.0 - https:\/\/yoast.com\/product\/yoast-seo-wordpress\/ -->\n<title>Returer - Bjerring-Sales<\/title>\n<meta name=\"description\" content=\"Ta del av v\u00e5r returpolicy\" \/>\n<meta name=\"robots\" content=\"noindex, follow\" \/>\n<meta property=\"og:locale\" content=\"da_DK\" \/>\n<meta property=\"og:type\" content=\"article\" \/>\n<meta property=\"og:title\" content=\"Returer - Bjerring-Sales\" \/>\n<meta property=\"og:description\" content=\"Ta del av v\u00e5r returpolicy\" \/>\n<meta property=\"og:url\" content=\"https:\/\/shop.bjerring-sales.dk\/da\/returer\/\" \/>\n<meta property=\"og:site_name\" content=\"Bjerring-Sales\" \/>\n<meta property=\"article:modified_time\" content=\"2023-05-30T21:11:40+00:00\" \/>\n<meta name=\"twitter:card\" content=\"summary_large_image\" \/>\n<meta name=\"twitter:label1\" content=\"Estimeret l\u00e6setid\" \/>\n\t<meta name=\"twitter:data1\" content=\"2 minutter\" \/>\n<script type=\"application\/ld+json\" class=\"yoast-schema-graph\">{\"@context\":\"https:\/\/schema.org\",\"@graph\":[{\"@type\":\"WebPage\",\"@id\":\"https:\/\/shop.bjerring-sales.dk\/returer\/\",\"url\":\"https:\/\/shop.bjerring-sales.dk\/returer\/\",\"name\":\"Returer - Bjerring-Sales\",\"isPartOf\":{\"@id\":\"https:\/\/shop.bjerring-sales.dk\/#website\"},\"datePublished\":\"2021-03-06T23:23:39+00:00\",\"dateModified\":\"2023-05-30T21:11:40+00:00\",\"description\":\"Ta del av v\u00e5r returpolicy\",\"breadcrumb\":{\"@id\":\"https:\/\/shop.bjerring-sales.dk\/returer\/#breadcrumb\"},\"inLanguage\":\"da-DK\",\"potentialAction\":[{\"@type\":\"ReadAction\",\"target\":[\"https:\/\/shop.bjerring-sales.dk\/returer\/\"]}]},{\"@type\":\"BreadcrumbList\",\"@id\":\"https:\/\/shop.bjerring-sales.dk\/returer\/#breadcrumb\",\"itemListElement\":[{\"@type\":\"ListItem\",\"position\":1,\"name\":\"Hem\",\"item\":\"https:\/\/shop.bjerring-sales.dk\/\"},{\"@type\":\"ListItem\",\"position\":2,\"name\":\"Returer\"}]},{\"@type\":\"WebSite\",\"@id\":\"https:\/\/shop.bjerring-sales.dk\/#website\",\"url\":\"https:\/\/shop.bjerring-sales.dk\/\",\"name\":\"Bjerring-Sales\",\"description\":\"M\u00f6bler f\u00f6r teatrar, skolor, kontor och k\u00f6pcentrum\",\"publisher\":{\"@id\":\"https:\/\/shop.bjerring-sales.dk\/#organization\"},\"potentialAction\":[{\"@type\":\"SearchAction\",\"target\":{\"@type\":\"EntryPoint\",\"urlTemplate\":\"https:\/\/shop.bjerring-sales.dk\/?s={search_term_string}\"},\"query-input\":{\"@type\":\"PropertyValueSpecification\",\"valueRequired\":true,\"valueName\":\"search_term_string\"}}],\"inLanguage\":\"da-DK\"},{\"@type\":\"Organization\",\"@id\":\"https:\/\/shop.bjerring-sales.dk\/#organization\",\"name\":\"Bjerring-Sales\",\"url\":\"https:\/\/shop.bjerring-sales.dk\/\",\"logo\":{\"@type\":\"ImageObject\",\"inLanguage\":\"da-DK\",\"@id\":\"https:\/\/shop.bjerring-sales.dk\/#\/schema\/logo\/image\/\",\"url\":\"https:\/\/shop.bjerring-sales.dk\/wp-content\/uploads\/2023\/01\/logo_sv.png\",\"contentUrl\":\"https:\/\/shop.bjerring-sales.dk\/wp-content\/uploads\/2023\/01\/logo_sv.png\",\"width\":195,\"height\":68,\"caption\":\"Bjerring-Sales\"},\"image\":{\"@id\":\"https:\/\/shop.bjerring-sales.dk\/#\/schema\/logo\/image\/\"}}]}<\/script>\n<!-- \/ Yoast SEO plugin. -->","yoast_head_json":{"title":"Returer - Bjerring-Sales","description":"Ta del av v\u00e5r returpolicy","robots":{"index":"noindex","follow":"follow"},"og_locale":"da_DK","og_type":"article","og_title":"Returer - Bjerring-Sales","og_description":"Ta del av v\u00e5r returpolicy","og_url":"https:\/\/shop.bjerring-sales.dk\/da\/returer\/","og_site_name":"Bjerring-Sales","article_modified_time":"2023-05-30T21:11:40+00:00","twitter_card":"summary_large_image","twitter_misc":{"Estimeret l\u00e6setid":"2 minutter"},"schema":{"@context":"https:\/\/schema.org","@graph":[{"@type":"WebPage","@id":"https:\/\/shop.bjerring-sales.dk\/returer\/","url":"https:\/\/shop.bjerring-sales.dk\/returer\/","name":"Returer - Bjerring-Sales","isPartOf":{"@id":"https:\/\/shop.bjerring-sales.dk\/#website"},"datePublished":"2021-03-06T23:23:39+00:00","dateModified":"2023-05-30T21:11:40+00:00","description":"Ta del av v\u00e5r returpolicy","breadcrumb":{"@id":"https:\/\/shop.bjerring-sales.dk\/returer\/#breadcrumb"},"inLanguage":"da-DK","potentialAction":[{"@type":"ReadAction","target":["https:\/\/shop.bjerring-sales.dk\/returer\/"]}]},{"@type":"BreadcrumbList","@id":"https:\/\/shop.bjerring-sales.dk\/returer\/#breadcrumb","itemListElement":[{"@type":"ListItem","position":1,"name":"Hem","item":"https:\/\/shop.bjerring-sales.dk\/"},{"@type":"ListItem","position":2,"name":"Returer"}]},{"@type":"WebSite","@id":"https:\/\/shop.bjerring-sales.dk\/#website","url":"https:\/\/shop.bjerring-sales.dk\/","name":"Bjerring-Salg","description":"M\u00f8bler til teatre, skoler, kontorer og indk\u00f8bscentre","publisher":{"@id":"https:\/\/shop.bjerring-sales.dk\/#organization"},"potentialAction":[{"@type":"SearchAction","target":{"@type":"EntryPoint","urlTemplate":"https:\/\/shop.bjerring-sales.dk\/?s={search_term_string}"},"query-input":{"@type":"PropertyValueSpecification","valueRequired":true,"valueName":"search_term_string"}}],"inLanguage":"da-DK"},{"@type":"Organization","@id":"https:\/\/shop.bjerring-sales.dk\/#organization","name":"Bjerring-Salg","url":"https:\/\/shop.bjerring-sales.dk\/","logo":{"@type":"ImageObject","inLanguage":"da-DK","@id":"https:\/\/shop.bjerring-sales.dk\/#\/schema\/logo\/image\/","url":"https:\/\/shop.bjerring-sales.dk\/wp-content\/uploads\/2023\/01\/logo_sv.png","contentUrl":"https:\/\/shop.bjerring-sales.dk\/wp-content\/uploads\/2023\/01\/logo_sv.png","width":195,"height":68,"caption":"Bjerring-Sales"},"image":{"@id":"https:\/\/shop.bjerring-sales.dk\/#\/schema\/logo\/image\/"}}]}},"_links":{"self":[{"href":"https:\/\/shop.bjerring-sales.dk\/da\/wp-json\/wp\/v2\/pages\/29257","targetHints":{"allow":["GET"]}}],"collection":[{"href":"https:\/\/shop.bjerring-sales.dk\/da\/wp-json\/wp\/v2\/pages"}],"about":[{"href":"https:\/\/shop.bjerring-sales.dk\/da\/wp-json\/wp\/v2\/types\/page"}],"author":[{"embeddable":true,"href":"https:\/\/shop.bjerring-sales.dk\/da\/wp-json\/wp\/v2\/users\/1"}],"replies":[{"embeddable":true,"href":"https:\/\/shop.bjerring-sales.dk\/da\/wp-json\/wp\/v2\/comments?post=29257"}],"version-history":[{"count":0,"href":"https:\/\/shop.bjerring-sales.dk\/da\/wp-json\/wp\/v2\/pages\/29257\/revisions"}],"wp:attachment":[{"href":"https:\/\/shop.bjerring-sales.dk\/da\/wp-json\/wp\/v2\/media?parent=29257"}],"curies":[{"name":"wp","href":"https:\/\/api.w.org\/{rel}","templated":true}]}}