{"id":29246,"date":"2021-03-06T20:12:54","date_gmt":"2021-03-06T19:12:54","guid":{"rendered":"https:\/\/pule.se\/?page_id=29246"},"modified":"2023-05-30T23:10:48","modified_gmt":"2023-05-30T21:10:48","slug":"kopvillkor","status":"publish","type":"page","link":"https:\/\/shop.bjerring-sales.dk\/da\/kopvillkor\/","title":{"rendered":"K\u00f8bsbetingelser"},"content":{"rendered":"<div class=\"wpb-content-wrapper\"><div data-vc-full-width=\"true\" data-vc-full-width-temp=\"true\" data-vc-full-width-init=\"false\" data-vc-stretch-content=\"true\" class=\"vc_row wpb_row vc_row-fluid vc_custom_1615073903999 vc_column-gap-5 vc_row-no-padding vc_row-o-equal-height vc_row-flex\"><div class=\"wpb_column vc_column_container vc_col-sm-1\/5 vc_hidden-sm vc_hidden-xs\"><div class=\"vc_column-inner\"><div class=\"wpb_wrapper\">\n\t<div  class=\"wpb_single_image wpb_content_element vc_align_center\">\n\t\t\n\t\t<figure class=\"wpb_wrapper vc_figure\">\n\t\t\t<div class=\"vc_single_image-wrapper   vc_box_border_grey\"><img loading=\"lazy\" decoding=\"async\" width=\"800\" height=\"800\" src=\"https:\/\/shop.bjerring-sales.dk\/wp-content\/uploads\/2021\/03\/kvadrat-dukartextilier.jpg\" class=\"vc_single_image-img attachment-full\" alt=\"\" title=\"firkantede stoftekstiler\" srcset=\"https:\/\/shop.bjerring-sales.dk\/wp-content\/uploads\/2021\/03\/kvadrat-dukartextilier.jpg 300w, https:\/\/shop.bjerring-sales.dk\/wp-content\/uploads\/2021\/03\/kvadrat-dukartextilier.jpg 150w, https:\/\/shop.bjerring-sales.dk\/wp-content\/uploads\/2021\/03\/kvadrat-dukartextilier.jpg 600w, https:\/\/shop.bjerring-sales.dk\/wp-content\/uploads\/2021\/03\/kvadrat-dukartextilier.jpg 768w, https:\/\/shop.bjerring-sales.dk\/wp-content\/uploads\/2021\/03\/kvadrat-dukartextilier.jpg 800w\" sizes=\"auto, (max-width: 800px) 100vw, 800px\" \/><\/div>\n\t\t<\/figure>\n\t<\/div>\n<\/div><\/div><\/div><div class=\"wpb_column vc_column_container vc_col-sm-1\/5 vc_hidden-sm vc_hidden-xs\"><div class=\"vc_column-inner\"><div class=\"wpb_wrapper\">\n\t<div  class=\"wpb_single_image wpb_content_element vc_align_center\">\n\t\t\n\t\t<figure class=\"wpb_wrapper vc_figure\">\n\t\t\t<div class=\"vc_single_image-wrapper   vc_box_border_grey\"><img loading=\"lazy\" decoding=\"async\" width=\"800\" height=\"800\" src=\"https:\/\/shop.bjerring-sales.dk\/wp-content\/uploads\/2021\/03\/kvadrat-paketprodukter.jpg\" class=\"vc_single_image-img attachment-full\" alt=\"\" title=\"firkantede pakkeprodukter\" srcset=\"https:\/\/shop.bjerring-sales.dk\/wp-content\/uploads\/2021\/03\/kvadrat-paketprodukter.jpg 300w, https:\/\/shop.bjerring-sales.dk\/wp-content\/uploads\/2021\/03\/kvadrat-paketprodukter.jpg 150w, https:\/\/shop.bjerring-sales.dk\/wp-content\/uploads\/2021\/03\/kvadrat-paketprodukter.jpg 600w, https:\/\/shop.bjerring-sales.dk\/wp-content\/uploads\/2021\/03\/kvadrat-paketprodukter.jpg 768w, https:\/\/shop.bjerring-sales.dk\/wp-content\/uploads\/2021\/03\/kvadrat-paketprodukter.jpg 800w\" sizes=\"auto, (max-width: 800px) 100vw, 800px\" \/><\/div>\n\t\t<\/figure>\n\t<\/div>\n<\/div><\/div><\/div><div class=\"wpb_column vc_column_container vc_col-sm-1\/5 vc_hidden-sm vc_hidden-xs\"><div class=\"vc_column-inner\"><div class=\"wpb_wrapper\">\n\t<div  class=\"wpb_single_image wpb_content_element vc_align_center\">\n\t\t\n\t\t<figure class=\"wpb_wrapper vc_figure\">\n\t\t\t<div class=\"vc_single_image-wrapper   vc_box_border_grey\"><img loading=\"lazy\" decoding=\"async\" width=\"800\" height=\"800\" src=\"https:\/\/shop.bjerring-sales.dk\/wp-content\/uploads\/2021\/03\/kvadrat-hurtsar.jpg\" class=\"vc_single_image-img attachment-full\" alt=\"\" title=\"kvadrat-hurtsar\" srcset=\"https:\/\/shop.bjerring-sales.dk\/wp-content\/uploads\/2021\/03\/kvadrat-hurtsar.jpg 300w, https:\/\/shop.bjerring-sales.dk\/wp-content\/uploads\/2021\/03\/kvadrat-hurtsar.jpg 150w, https:\/\/shop.bjerring-sales.dk\/wp-content\/uploads\/2021\/03\/kvadrat-hurtsar.jpg 600w, https:\/\/shop.bjerring-sales.dk\/wp-content\/uploads\/2021\/03\/kvadrat-hurtsar.jpg 768w, https:\/\/shop.bjerring-sales.dk\/wp-content\/uploads\/2021\/03\/kvadrat-hurtsar.jpg 800w\" sizes=\"auto, (max-width: 800px) 100vw, 800px\" \/><\/div>\n\t\t<\/figure>\n\t<\/div>\n<\/div><\/div><\/div><div class=\"wpb_column vc_column_container vc_col-sm-1\/5 vc_hidden-sm vc_hidden-xs\"><div class=\"vc_column-inner\"><div class=\"wpb_wrapper\">\n\t<div  class=\"wpb_single_image wpb_content_element vc_align_center\">\n\t\t\n\t\t<figure class=\"wpb_wrapper vc_figure\">\n\t\t\t<div class=\"vc_single_image-wrapper   vc_box_border_grey\"><img loading=\"lazy\" decoding=\"async\" width=\"800\" height=\"800\" src=\"https:\/\/shop.bjerring-sales.dk\/wp-content\/uploads\/2021\/03\/kvadrat-skrivbordsprodukter.jpg\" class=\"vc_single_image-img attachment-full\" alt=\"\" title=\"firkantede skrivebordsprodukter\" srcset=\"https:\/\/shop.bjerring-sales.dk\/wp-content\/uploads\/2021\/03\/kvadrat-skrivbordsprodukter.jpg 300w, https:\/\/shop.bjerring-sales.dk\/wp-content\/uploads\/2021\/03\/kvadrat-skrivbordsprodukter.jpg 150w, https:\/\/shop.bjerring-sales.dk\/wp-content\/uploads\/2021\/03\/kvadrat-skrivbordsprodukter.jpg 600w, https:\/\/shop.bjerring-sales.dk\/wp-content\/uploads\/2021\/03\/kvadrat-skrivbordsprodukter.jpg 768w, https:\/\/shop.bjerring-sales.dk\/wp-content\/uploads\/2021\/03\/kvadrat-skrivbordsprodukter.jpg 800w\" sizes=\"auto, (max-width: 800px) 100vw, 800px\" \/><\/div>\n\t\t<\/figure>\n\t<\/div>\n<\/div><\/div><\/div><div class=\"wpb_column vc_column_container vc_col-sm-1\/5\"><div class=\"vc_column-inner\"><div class=\"wpb_wrapper\">\n\t<div  class=\"wpb_single_image wpb_content_element vc_align_center\">\n\t\t\n\t\t<figure class=\"wpb_wrapper vc_figure\">\n\t\t\t<div class=\"vc_single_image-wrapper   vc_box_border_grey\"><img loading=\"lazy\" decoding=\"async\" width=\"800\" height=\"800\" src=\"https:\/\/shop.bjerring-sales.dk\/wp-content\/uploads\/2021\/03\/kvadrat-kontorsprodukter.jpg\" class=\"vc_single_image-img attachment-full\" alt=\"\" title=\"firkantede kontorprodukter\" srcset=\"https:\/\/shop.bjerring-sales.dk\/wp-content\/uploads\/2021\/03\/kvadrat-kontorsprodukter.jpg 300w, https:\/\/shop.bjerring-sales.dk\/wp-content\/uploads\/2021\/03\/kvadrat-kontorsprodukter.jpg 150w, https:\/\/shop.bjerring-sales.dk\/wp-content\/uploads\/2021\/03\/kvadrat-kontorsprodukter.jpg 600w, https:\/\/shop.bjerring-sales.dk\/wp-content\/uploads\/2021\/03\/kvadrat-kontorsprodukter.jpg 768w, https:\/\/shop.bjerring-sales.dk\/wp-content\/uploads\/2021\/03\/kvadrat-kontorsprodukter.jpg 800w\" sizes=\"auto, (max-width: 800px) 100vw, 800px\" \/><\/div>\n\t\t<\/figure>\n\t<\/div>\n<\/div><\/div><\/div><\/div><div class=\"vc_row-full-width vc_clearfix\"><\/div><div class=\"vc_row wpb_row vc_row-fluid\"><div class=\"wpb_column vc_column_container vc_col-sm-12\"><div class=\"vc_column-inner\"><div class=\"wpb_wrapper\">\n\t\t<div id=\"wd-604414726d05d\" class=\"title-wrapper wd-wpb wd-set-mb reset-last-child  wd-rs-604414726d05d wd-title-color-primary wd-title-style-underlined text-center  wd-underline-colored\">\n\t\t\t\n\t\t\t<div class=\"liner-continer\">\n\t\t\t\t<h4 class=\"woodmart-title-container title  wd-font-weight- wd-fontsize-l\" >K\u00f8bsbetingelser<\/h4>\n\t\t\t\t\t\t\t<\/div>\n\t\t\t\n\t\t\t\n\t\t\t\n\t\t<\/div>\n\t\t\n\t\t\n\t<div class=\"wpb_text_column wpb_content_element\" >\n\t\t<div class=\"wpb_wrapper\">\n\t\t\t<p><span style=\"font-size: 18pt;\">Bestilling<\/span><br \/>\nN\u00e5r du har gennemf\u00f8rt din ordre, sendes en ordrebekr\u00e6ftelse til din e-mailadresse. I bekr\u00e6ftelsen finder du alle oplysninger om produkter, pris, fakturerings- og leveringsadresse.<br \/>\nHvis der er fejl i ordrebekr\u00e6ftelsen, skal du straks kontakte os via e-mail.<\/p>\n<hr \/>\n<p><span style=\"font-size: 18pt;\">Levering<\/span><br \/>\nVores normale leveringstider er 3-5 dage. OPM\u00c6RKSOMHED! Bestillinger afgivet i weekenden sendes tidligst den efterf\u00f8lgende mandag.<br \/>\nHvis der skulle opst\u00e5 forsinkelser i leveringen (uden at vi har givet dig besked om l\u00e6ngere leveringstid), skal du kontakte os p\u00e5 e-mail.<\/p>\n<hr \/>\n<p><span style=\"font-size: 18pt;\">Priser<br \/>\n<\/span>Alle priser i butikken er angivet i dk.kr og alle priser er excl. moms og levering.<br \/>\nVi forbeholder os ret til pris\u00e6ndringer for\u00e5rsaget af pris\u00e6ndringer fra leverand\u00f8ren, trykfejl i prislisten og un\u00f8jagtigheder i priser p\u00e5 grund af forkerte oplysninger og forbeholder os retten til at justere prisen.<\/p>\n<hr \/>\n<p><span style=\"font-size: 18pt;\">Ansvarsbegr\u00e6nsning<br \/>\n<\/span><strong>Vi p\u00e5tager os intet ansvar for indirekte skader, der m\u00e5tte opst\u00e5 p\u00e5 grund af produktet.<\/strong><br \/>\nVi p\u00e5tager os intet ansvar for forsinkelser\/fejl som f\u00f8lge af omst\u00e6ndigheder uden for virksomhedens kontrol (Force Majeure). Disse forhold kan for eksempel v\u00e6re arbejdskonflikt, brand, krig, myndighedsbeslutning, nedsat eller ikke-eksisterende levering fra leverand\u00f8ren.<br \/>\nYdermere tages der intet ansvar for eventuelle \u00e6ndringer i produkter\/produktegenskaber, som er blevet \u00e6ndret af den respektive leverand\u00f8r og andre faktorer uden for vores kontrol.<\/p>\n<hr \/>\n<p><span style=\"font-size: 18pt;\">Produkt information<\/span><br \/>\nVi tager forbehold for eventuelle typografiske fejl p\u00e5 denne hjemmeside og endeligt salg af produkter. Vi garanterer ikke, at billederne afspejler produkternes n\u00f8jagtige udseende, da der kan forekomme en vis farveforskel afh\u00e6ngig af sk\u00e6rm, fotokvalitet og opl\u00f8sning. Vi g\u00f8r altid vores bedste for at eksponere produkterne s\u00e5 korrekt som muligt.<\/p>\n\n\t\t<\/div>\n\t<\/div>\n<\/div><\/div><\/div><\/div>\n<\/div>","protected":false},"excerpt":{"rendered":"K\u00f6pvillkor Best\u00e4llning N\u00e4r du slutf\u00f6rt din best\u00e4llning skickas en orderbekr\u00e4ftelse till din e-postadress. I bekr\u00e4ftelsen finner du alla uppgifter om","protected":false},"author":1,"featured_media":0,"parent":0,"menu_order":0,"comment_status":"closed","ping_status":"closed","template":"","meta":{"iawp_total_views":24,"footnotes":""},"class_list":["post-29246","page","type-page","status-publish","hentry"],"yoast_head":"<!-- This site is optimized with the Yoast SEO plugin v27.0 - https:\/\/yoast.com\/product\/yoast-seo-wordpress\/ -->\n<title>K\u00f6pvillkor - Bjerring-Sales<\/title>\n<meta name=\"description\" content=\"Ta del av v\u00e5ra k\u00f6pvillkor\" \/>\n<meta name=\"robots\" content=\"noindex, follow\" \/>\n<meta property=\"og:locale\" content=\"da_DK\" \/>\n<meta property=\"og:type\" content=\"article\" \/>\n<meta property=\"og:title\" content=\"K\u00f6pvillkor - Bjerring-Sales\" \/>\n<meta property=\"og:description\" content=\"Ta del av v\u00e5ra k\u00f6pvillkor\" \/>\n<meta property=\"og:url\" content=\"https:\/\/shop.bjerring-sales.dk\/da\/kopvillkor\/\" \/>\n<meta property=\"og:site_name\" content=\"Bjerring-Sales\" \/>\n<meta property=\"article:modified_time\" content=\"2023-05-30T21:10:48+00:00\" \/>\n<meta name=\"twitter:card\" content=\"summary_large_image\" \/>\n<meta name=\"twitter:label1\" content=\"Estimeret l\u00e6setid\" \/>\n\t<meta name=\"twitter:data1\" content=\"2 minutter\" \/>\n<script type=\"application\/ld+json\" class=\"yoast-schema-graph\">{\"@context\":\"https:\/\/schema.org\",\"@graph\":[{\"@type\":\"WebPage\",\"@id\":\"https:\/\/shop.bjerring-sales.dk\/kopvillkor\/\",\"url\":\"https:\/\/shop.bjerring-sales.dk\/kopvillkor\/\",\"name\":\"K\u00f6pvillkor - Bjerring-Sales\",\"isPartOf\":{\"@id\":\"https:\/\/shop.bjerring-sales.dk\/#website\"},\"datePublished\":\"2021-03-06T19:12:54+00:00\",\"dateModified\":\"2023-05-30T21:10:48+00:00\",\"description\":\"Ta del av v\u00e5ra k\u00f6pvillkor\",\"breadcrumb\":{\"@id\":\"https:\/\/shop.bjerring-sales.dk\/kopvillkor\/#breadcrumb\"},\"inLanguage\":\"da-DK\",\"potentialAction\":[{\"@type\":\"ReadAction\",\"target\":[\"https:\/\/shop.bjerring-sales.dk\/kopvillkor\/\"]}]},{\"@type\":\"BreadcrumbList\",\"@id\":\"https:\/\/shop.bjerring-sales.dk\/kopvillkor\/#breadcrumb\",\"itemListElement\":[{\"@type\":\"ListItem\",\"position\":1,\"name\":\"Hem\",\"item\":\"https:\/\/shop.bjerring-sales.dk\/\"},{\"@type\":\"ListItem\",\"position\":2,\"name\":\"K\u00f6pvillkor\"}]},{\"@type\":\"WebSite\",\"@id\":\"https:\/\/shop.bjerring-sales.dk\/#website\",\"url\":\"https:\/\/shop.bjerring-sales.dk\/\",\"name\":\"Bjerring-Sales\",\"description\":\"M\u00f6bler f\u00f6r teatrar, skolor, kontor och k\u00f6pcentrum\",\"publisher\":{\"@id\":\"https:\/\/shop.bjerring-sales.dk\/#organization\"},\"potentialAction\":[{\"@type\":\"SearchAction\",\"target\":{\"@type\":\"EntryPoint\",\"urlTemplate\":\"https:\/\/shop.bjerring-sales.dk\/?s={search_term_string}\"},\"query-input\":{\"@type\":\"PropertyValueSpecification\",\"valueRequired\":true,\"valueName\":\"search_term_string\"}}],\"inLanguage\":\"da-DK\"},{\"@type\":\"Organization\",\"@id\":\"https:\/\/shop.bjerring-sales.dk\/#organization\",\"name\":\"Bjerring-Sales\",\"url\":\"https:\/\/shop.bjerring-sales.dk\/\",\"logo\":{\"@type\":\"ImageObject\",\"inLanguage\":\"da-DK\",\"@id\":\"https:\/\/shop.bjerring-sales.dk\/#\/schema\/logo\/image\/\",\"url\":\"https:\/\/shop.bjerring-sales.dk\/wp-content\/uploads\/2023\/01\/logo_sv.png\",\"contentUrl\":\"https:\/\/shop.bjerring-sales.dk\/wp-content\/uploads\/2023\/01\/logo_sv.png\",\"width\":195,\"height\":68,\"caption\":\"Bjerring-Sales\"},\"image\":{\"@id\":\"https:\/\/shop.bjerring-sales.dk\/#\/schema\/logo\/image\/\"}}]}<\/script>\n<!-- \/ Yoast SEO plugin. -->","yoast_head_json":{"title":"K\u00f6pvillkor - Bjerring-Sales","description":"Ta del av v\u00e5ra k\u00f6pvillkor","robots":{"index":"noindex","follow":"follow"},"og_locale":"da_DK","og_type":"article","og_title":"K\u00f6pvillkor - Bjerring-Sales","og_description":"Ta del av v\u00e5ra k\u00f6pvillkor","og_url":"https:\/\/shop.bjerring-sales.dk\/da\/kopvillkor\/","og_site_name":"Bjerring-Sales","article_modified_time":"2023-05-30T21:10:48+00:00","twitter_card":"summary_large_image","twitter_misc":{"Estimeret l\u00e6setid":"2 minutter"},"schema":{"@context":"https:\/\/schema.org","@graph":[{"@type":"WebPage","@id":"https:\/\/shop.bjerring-sales.dk\/kopvillkor\/","url":"https:\/\/shop.bjerring-sales.dk\/kopvillkor\/","name":"K\u00f6pvillkor - Bjerring-Sales","isPartOf":{"@id":"https:\/\/shop.bjerring-sales.dk\/#website"},"datePublished":"2021-03-06T19:12:54+00:00","dateModified":"2023-05-30T21:10:48+00:00","description":"Ta del av v\u00e5ra k\u00f6pvillkor","breadcrumb":{"@id":"https:\/\/shop.bjerring-sales.dk\/kopvillkor\/#breadcrumb"},"inLanguage":"da-DK","potentialAction":[{"@type":"ReadAction","target":["https:\/\/shop.bjerring-sales.dk\/kopvillkor\/"]}]},{"@type":"BreadcrumbList","@id":"https:\/\/shop.bjerring-sales.dk\/kopvillkor\/#breadcrumb","itemListElement":[{"@type":"ListItem","position":1,"name":"Hem","item":"https:\/\/shop.bjerring-sales.dk\/"},{"@type":"ListItem","position":2,"name":"K\u00f6pvillkor"}]},{"@type":"WebSite","@id":"https:\/\/shop.bjerring-sales.dk\/#website","url":"https:\/\/shop.bjerring-sales.dk\/","name":"Bjerring-Salg","description":"M\u00f8bler til teatre, skoler, kontorer og indk\u00f8bscentre","publisher":{"@id":"https:\/\/shop.bjerring-sales.dk\/#organization"},"potentialAction":[{"@type":"SearchAction","target":{"@type":"EntryPoint","urlTemplate":"https:\/\/shop.bjerring-sales.dk\/?s={search_term_string}"},"query-input":{"@type":"PropertyValueSpecification","valueRequired":true,"valueName":"search_term_string"}}],"inLanguage":"da-DK"},{"@type":"Organization","@id":"https:\/\/shop.bjerring-sales.dk\/#organization","name":"Bjerring-Salg","url":"https:\/\/shop.bjerring-sales.dk\/","logo":{"@type":"ImageObject","inLanguage":"da-DK","@id":"https:\/\/shop.bjerring-sales.dk\/#\/schema\/logo\/image\/","url":"https:\/\/shop.bjerring-sales.dk\/wp-content\/uploads\/2023\/01\/logo_sv.png","contentUrl":"https:\/\/shop.bjerring-sales.dk\/wp-content\/uploads\/2023\/01\/logo_sv.png","width":195,"height":68,"caption":"Bjerring-Sales"},"image":{"@id":"https:\/\/shop.bjerring-sales.dk\/#\/schema\/logo\/image\/"}}]}},"_links":{"self":[{"href":"https:\/\/shop.bjerring-sales.dk\/da\/wp-json\/wp\/v2\/pages\/29246","targetHints":{"allow":["GET"]}}],"collection":[{"href":"https:\/\/shop.bjerring-sales.dk\/da\/wp-json\/wp\/v2\/pages"}],"about":[{"href":"https:\/\/shop.bjerring-sales.dk\/da\/wp-json\/wp\/v2\/types\/page"}],"author":[{"embeddable":true,"href":"https:\/\/shop.bjerring-sales.dk\/da\/wp-json\/wp\/v2\/users\/1"}],"replies":[{"embeddable":true,"href":"https:\/\/shop.bjerring-sales.dk\/da\/wp-json\/wp\/v2\/comments?post=29246"}],"version-history":[{"count":0,"href":"https:\/\/shop.bjerring-sales.dk\/da\/wp-json\/wp\/v2\/pages\/29246\/revisions"}],"wp:attachment":[{"href":"https:\/\/shop.bjerring-sales.dk\/da\/wp-json\/wp\/v2\/media?parent=29246"}],"curies":[{"name":"wp","href":"https:\/\/api.w.org\/{rel}","templated":true}]}}